{"id":29967,"date":"2026-02-17T23:19:23","date_gmt":"2026-02-17T22:19:23","guid":{"rendered":"https:\/\/sayoh.com\/?post_type=product&#038;p=29967"},"modified":"2026-02-17T23:19:25","modified_gmt":"2026-02-17T22:19:25","slug":"verruckter-stierhintern-mit-realistischer-vagina-und-anus-und-vibration","status":"publish","type":"product","link":"https:\/\/sayoh.com\/de\/produkt\/verruckter-stierhintern-mit-realistischer-vagina-und-anus-und-vibration\/","title":{"rendered":"CRAZY BULL - HINTERN MIT REALISTISCHER VAGINA UND ANUS UND VIBRATION"},"content":{"rendered":"<h2 data-start=\"235\" data-end=\"286\">Crazy Bull Vibrierender Masturbator mit doppeltem Zugang<\/h2>\n<p data-start=\"288\" data-end=\"633\">Der CRAZY BULL - BUTT WITH REALISTIC VAGINA AND ANUS AND VIBRATION ist ein Masturbator mit zwei Eing\u00e4ngen, der eine abwechslungsreiche Textur und integrierte Vibration in einem kompakten Format bietet. Entwickelt von <span class=\"hover:entity-accent entity-underline inline cursor-pointer align-baseline\"><span class=\"whitespace-normal\">Verr\u00fcckter Stier<\/span><\/span>, Dieses Modell kombiniert realistische \u00e4u\u00dfere Details mit einer mehrschichtigen inneren Struktur f\u00fcr ein noch intensiveres Erlebnis.<\/p>\n<p data-start=\"635\" data-end=\"854\">Der vibrierende Masturbator Crazy Bull verf\u00fcgt sowohl \u00fcber einen vaginalen als auch einen analen Eingang, die jeweils zu einem einzigartig strukturierten Kanal f\u00fchren. Dieses duale Design erm\u00f6glicht es dem Benutzer, verschiedene Empfindungen in einem einzigen Ger\u00e4t zu erkunden.<\/p>\n<h2 data-start=\"856\" data-end=\"894\">Realistisches Design und interne Textur<\/h2>\n<p data-start=\"896\" data-end=\"1101\">Das skulpturale \u00c4u\u00dfere verst\u00e4rkt die visuelle Authentizit\u00e4t und sorgt gleichzeitig f\u00fcr eine raffinierte Pr\u00e4sentation. Im Inneren sind beide Kan\u00e4le mit Rillen und Konturen versehen, um einen gleichm\u00e4\u00dfigen Kontakt vom Eingang bis zur Basis zu schaffen.<\/p>\n<p data-start=\"1103\" data-end=\"1316\">Da sich jeder Kanal in seiner Struktur leicht unterscheidet, bietet der vibrierende Masturbator von Crazy Bull Variationen in Tiefe und Widerstand, ohne dass mehrere Produkte erforderlich sind. Die beschwerte Basis verbessert die Stabilit\u00e4t w\u00e4hrend des Gebrauchs.<\/p>\n<h2 data-start=\"1318\" data-end=\"1349\">Integrierte Schwingungskontrolle<\/h2>\n<p data-start=\"1351\" data-end=\"1544\">Ausgestattet mit einer abnehmbaren Vibrationskugel, bietet dieses Modell einstellbare Intensit\u00e4tsstufen. Der Motor verst\u00e4rkt das innere Gef\u00fchl und sorgt gleichzeitig f\u00fcr eine gleichm\u00e4\u00dfige Verteilung in der H\u00fclle.<\/p>\n<p data-start=\"1546\" data-end=\"1714\">Der vibrierende Masturbator von Crazy Bull erm\u00f6glicht es dem Benutzer, eine strukturierte Stimulation mit Vibration zu kombinieren, um ein vielschichtiges Erlebnis zu erhalten, das eher kontrolliert als \u00fcbertrieben ist.<\/p>\n<h2 data-start=\"1716\" data-end=\"1750\">K\u00f6rpervertr\u00e4gliche Silikonkonstruktion<\/h2>\n<p data-start=\"1752\" data-end=\"1961\">Die Oberfl\u00e4che aus k\u00f6rpervertr\u00e4glichem Silikon ist glatt, flexibel und nicht por\u00f6s, um die Pflege zu erleichtern. Die Manschette kann mit der richtigen Pflege gr\u00fcndlich gereinigt werden, um die Haltbarkeit \u00fcber die Zeit zu erhalten.<\/p>\n<p data-start=\"1963\" data-end=\"2052\">Das kompakte Format erm\u00f6glicht eine diskrete Aufbewahrung und bietet gleichzeitig eine gro\u00dfe interne Tiefe.<\/p>\n<hr data-start=\"2054\" data-end=\"2057\" \/>\n<h2 data-start=\"2059\" data-end=\"2074\">Wesentliche Merkmale<\/h2>\n<ul data-start=\"2076\" data-end=\"2347\">\n<li data-start=\"2076\" data-end=\"2128\">\n<p data-start=\"2078\" data-end=\"2128\">Doppeleinf\u00fchrung (vaginal und anal)<\/p>\n<\/li>\n<li data-start=\"2129\" data-end=\"2159\">\n<p data-start=\"2131\" data-end=\"2159\">Abnehmbare vibrierende Kugel<\/p>\n<\/li>\n<li data-start=\"2160\" data-end=\"2194\">\n<p data-start=\"2162\" data-end=\"2194\">Mehrere Vibrationsst\u00e4rken<\/p>\n<\/li>\n<li data-start=\"2195\" data-end=\"2247\">\n<p data-start=\"2197\" data-end=\"2247\">Gegebenenfalls aus k\u00f6rpervertr\u00e4glichem Silikon hergestellt<\/p>\n<\/li>\n<li data-start=\"2248\" data-end=\"2280\">\n<p data-start=\"2250\" data-end=\"2280\">Nicht por\u00f6s und leicht zu reinigen<\/p>\n<\/li>\n<li data-start=\"2281\" data-end=\"2321\">\n<p data-start=\"2283\" data-end=\"2321\">Beschwerte Basis f\u00fcr verbesserte Stabilit\u00e4t<\/p>\n<\/li>\n<li data-start=\"2322\" data-end=\"2347\">\n<p data-start=\"2324\" data-end=\"2347\">Konzipiert f\u00fcr den alleinigen Gebrauch<\/p>\n<\/li>\n<\/ul>","protected":false},"excerpt":{"rendered":"<p data-start=\"288\" data-end=\"633\">Der CRAZY BULL - BUTT WITH REALISTIC VAGINA AND ANUS AND VIBRATION ist ein Masturbator mit zwei Eing\u00e4ngen, der eine abwechslungsreiche Textur und integrierte Vibration in einem kompakten Format bietet. Entwickelt von <span class=\"hover:entity-accent entity-underline inline cursor-pointer align-baseline\"><span class=\"whitespace-normal\">Verr\u00fcckter Stier<\/span><\/span>, Dieses Modell kombiniert realistische \u00e4u\u00dfere Details mit einer mehrschichtigen inneren Struktur f\u00fcr ein noch intensiveres Erlebnis.<\/p>","protected":false},"featured_media":29969,"comment_status":"open","ping_status":"closed","template":"","meta":{"_crdt_document":"","_monsterinsights_skip_tracking":false,"_monsterinsights_sitenote_active":false,"_monsterinsights_sitenote_note":"","_monsterinsights_sitenote_category":0,"jetpack_publicize_message":"","jetpack_publicize_feature_enabled":true,"jetpack_social_post_already_shared":true,"jetpack_social_options":{"image_generator_settings":{"template":"highway","default_image_id":0,"font":"","enabled":false},"version":2},"_wpas_customize_per_network":false},"product_brand":[1597],"product_cat":[1483,1463],"product_tag":[1585,1486],"class_list":{"0":"post-29967","1":"product","2":"type-product","3":"status-publish","4":"has-post-thumbnail","6":"product_brand-crazy-bull","7":"product_cat-dolls","8":"product_cat-men","9":"product_tag-penis","10":"product_tag-sex-doll","12":"first","13":"instock","14":"taxable","15":"shipping-taxable","16":"purchasable","17":"product-type-simple"},"yoast_head":"<!-- This site is optimized with the Yoast SEO Premium plugin v27.1 (Yoast SEO v27.4) - https:\/\/yoast.com\/product\/yoast-seo-premium-wordpress\/ -->\n<title>CRAZY BULL - BUTT WITH REALISTIC VAGINA AND ANUS AND VIBRATION - SayOh<\/title>\n<meta name=\"description\" content=\"Explore dual-entry stimulation with the Crazy Bull vibrating masturbator, featuring realistic design, textured canals, and adjustable vibration.\" \/>\n<meta name=\"robots\" content=\"index, follow, max-snippet:-1, max-image-preview:large, max-video-preview:-1\" \/>\n<link rel=\"canonical\" href=\"https:\/\/sayoh.com\/de\/produkt\/verruckter-stierhintern-mit-realistischer-vagina-und-anus-und-vibration\/\" \/>\n<meta property=\"og:locale\" content=\"de_DE\" \/>\n<meta property=\"og:type\" content=\"article\" \/>\n<meta property=\"og:title\" content=\"CRAZY BULL - BUTT WITH REALISTIC VAGINA AND ANUS AND VIBRATION\" \/>\n<meta property=\"og:description\" content=\"Explore dual-entry stimulation with the Crazy Bull vibrating masturbator, featuring realistic design, textured canals, and adjustable vibration.\" \/>\n<meta property=\"og:url\" content=\"https:\/\/sayoh.com\/de\/produkt\/verruckter-stierhintern-mit-realistischer-vagina-und-anus-und-vibration\/\" \/>\n<meta property=\"og:site_name\" content=\"SayOh\" \/>\n<meta property=\"article:modified_time\" content=\"2026-02-17T22:19:25+00:00\" \/>\n<meta property=\"og:image\" content=\"https:\/\/sayoh.com\/wp-content\/uploads\/2026\/02\/crazy-bull-vibrating-masturbator.jpg\" \/>\n\t<meta property=\"og:image:width\" content=\"800\" \/>\n\t<meta property=\"og:image:height\" content=\"800\" \/>\n\t<meta property=\"og:image:type\" content=\"image\/jpeg\" \/>\n<meta name=\"twitter:card\" content=\"summary_large_image\" \/>\n<meta name=\"twitter:label1\" content=\"Gesch\u00e4tzte Lesezeit\" \/>\n\t<meta name=\"twitter:data1\" content=\"2\u00a0Minuten\" \/>\n<script type=\"application\/ld+json\" class=\"yoast-schema-graph\">{\"@context\":\"https:\\\/\\\/schema.org\",\"@graph\":[{\"@type\":\"WebPage\",\"@id\":\"https:\\\/\\\/sayoh.com\\\/product\\\/crazy-bull-butt-with-realistic-vagina-and-anus-and-vibration\\\/\",\"url\":\"https:\\\/\\\/sayoh.com\\\/product\\\/crazy-bull-butt-with-realistic-vagina-and-anus-and-vibration\\\/\",\"name\":\"CRAZY BULL - BUTT WITH REALISTIC VAGINA AND ANUS AND VIBRATION - SayOh\",\"isPartOf\":{\"@id\":\"https:\\\/\\\/sayoh.com\\\/#website\"},\"primaryImageOfPage\":{\"@id\":\"https:\\\/\\\/sayoh.com\\\/product\\\/crazy-bull-butt-with-realistic-vagina-and-anus-and-vibration\\\/#primaryimage\"},\"image\":{\"@id\":\"https:\\\/\\\/sayoh.com\\\/product\\\/crazy-bull-butt-with-realistic-vagina-and-anus-and-vibration\\\/#primaryimage\"},\"thumbnailUrl\":\"https:\\\/\\\/i0.wp.com\\\/sayoh.com\\\/wp-content\\\/uploads\\\/2026\\\/02\\\/crazy-bull-vibrating-masturbator.jpg?fit=800%2C800&ssl=1\",\"datePublished\":\"2026-02-17T22:19:23+00:00\",\"dateModified\":\"2026-02-17T22:19:25+00:00\",\"description\":\"Explore dual-entry stimulation with the Crazy Bull vibrating masturbator, featuring realistic design, textured canals, and adjustable vibration.\",\"breadcrumb\":{\"@id\":\"https:\\\/\\\/sayoh.com\\\/product\\\/crazy-bull-butt-with-realistic-vagina-and-anus-and-vibration\\\/#breadcrumb\"},\"inLanguage\":\"de\",\"potentialAction\":[{\"@type\":\"ReadAction\",\"target\":[\"https:\\\/\\\/sayoh.com\\\/product\\\/crazy-bull-butt-with-realistic-vagina-and-anus-and-vibration\\\/\"]}]},{\"@type\":\"ImageObject\",\"inLanguage\":\"de\",\"@id\":\"https:\\\/\\\/sayoh.com\\\/product\\\/crazy-bull-butt-with-realistic-vagina-and-anus-and-vibration\\\/#primaryimage\",\"url\":\"https:\\\/\\\/i0.wp.com\\\/sayoh.com\\\/wp-content\\\/uploads\\\/2026\\\/02\\\/crazy-bull-vibrating-masturbator.jpg?fit=800%2C800&ssl=1\",\"contentUrl\":\"https:\\\/\\\/i0.wp.com\\\/sayoh.com\\\/wp-content\\\/uploads\\\/2026\\\/02\\\/crazy-bull-vibrating-masturbator.jpg?fit=800%2C800&ssl=1\",\"width\":800,\"height\":800,\"caption\":\"crazy bull vibrating masturbator\"},{\"@type\":\"BreadcrumbList\",\"@id\":\"https:\\\/\\\/sayoh.com\\\/product\\\/crazy-bull-butt-with-realistic-vagina-and-anus-and-vibration\\\/#breadcrumb\",\"itemListElement\":[{\"@type\":\"ListItem\",\"position\":1,\"name\":\"Home\",\"item\":\"https:\\\/\\\/sayoh.com\\\/\"},{\"@type\":\"ListItem\",\"position\":2,\"name\":\"Shop\",\"item\":\"https:\\\/\\\/sayoh.com\\\/shop\\\/\"},{\"@type\":\"ListItem\",\"position\":3,\"name\":\"CRAZY BULL &#8211; BUTT WITH REALISTIC VAGINA AND ANUS AND VIBRATION\"}]},{\"@type\":\"WebSite\",\"@id\":\"https:\\\/\\\/sayoh.com\\\/#website\",\"url\":\"https:\\\/\\\/sayoh.com\\\/\",\"name\":\"Say Oh\",\"description\":\"Playful, fun and safe sex\",\"publisher\":{\"@id\":\"https:\\\/\\\/sayoh.com\\\/#organization\"},\"potentialAction\":[{\"@type\":\"SearchAction\",\"target\":{\"@type\":\"EntryPoint\",\"urlTemplate\":\"https:\\\/\\\/sayoh.com\\\/?s={search_term_string}\"},\"query-input\":{\"@type\":\"PropertyValueSpecification\",\"valueRequired\":true,\"valueName\":\"search_term_string\"}}],\"inLanguage\":\"de\"},{\"@type\":\"Organization\",\"@id\":\"https:\\\/\\\/sayoh.com\\\/#organization\",\"name\":\"Say Oh\",\"url\":\"https:\\\/\\\/sayoh.com\\\/\",\"logo\":{\"@type\":\"ImageObject\",\"inLanguage\":\"de\",\"@id\":\"https:\\\/\\\/sayoh.com\\\/#\\\/schema\\\/logo\\\/image\\\/\",\"url\":\"https:\\\/\\\/i0.wp.com\\\/sayoh.com\\\/wp-content\\\/uploads\\\/2023\\\/11\\\/cropped-image_123650291.jpg?fit=512%2C512&ssl=1\",\"contentUrl\":\"https:\\\/\\\/i0.wp.com\\\/sayoh.com\\\/wp-content\\\/uploads\\\/2023\\\/11\\\/cropped-image_123650291.jpg?fit=512%2C512&ssl=1\",\"width\":512,\"height\":512,\"caption\":\"Say Oh\"},\"image\":{\"@id\":\"https:\\\/\\\/sayoh.com\\\/#\\\/schema\\\/logo\\\/image\\\/\"}}]}<\/script>\n<!-- \/ Yoast SEO Premium plugin. -->","yoast_head_json":{"title":"CRAZY BULL - BUTT MIT REALISTISCHER VAGINA UND ANUS UND VIBRATION - SayOh","description":"Der vibrierende Masturbator von Crazy Bull mit realistischem Design, strukturierten Kan\u00e4len und einstellbarer Vibration stimuliert Sie mit zwei Eing\u00e4ngen.","robots":{"index":"index","follow":"follow","max-snippet":"max-snippet:-1","max-image-preview":"max-image-preview:large","max-video-preview":"max-video-preview:-1"},"canonical":"https:\/\/sayoh.com\/de\/produkt\/verruckter-stierhintern-mit-realistischer-vagina-und-anus-und-vibration\/","og_locale":"de_DE","og_type":"article","og_title":"CRAZY BULL - BUTT WITH REALISTIC VAGINA AND ANUS AND VIBRATION","og_description":"Explore dual-entry stimulation with the Crazy Bull vibrating masturbator, featuring realistic design, textured canals, and adjustable vibration.","og_url":"https:\/\/sayoh.com\/de\/produkt\/verruckter-stierhintern-mit-realistischer-vagina-und-anus-und-vibration\/","og_site_name":"SayOh","article_modified_time":"2026-02-17T22:19:25+00:00","og_image":[{"width":800,"height":800,"url":"https:\/\/sayoh.com\/wp-content\/uploads\/2026\/02\/crazy-bull-vibrating-masturbator.jpg","type":"image\/jpeg"}],"twitter_card":"summary_large_image","twitter_misc":{"Gesch\u00e4tzte Lesezeit":"2\u00a0Minuten"},"schema":{"@context":"https:\/\/schema.org","@graph":[{"@type":"WebPage","@id":"https:\/\/sayoh.com\/product\/crazy-bull-butt-with-realistic-vagina-and-anus-and-vibration\/","url":"https:\/\/sayoh.com\/product\/crazy-bull-butt-with-realistic-vagina-and-anus-and-vibration\/","name":"CRAZY BULL - BUTT MIT REALISTISCHER VAGINA UND ANUS UND VIBRATION - SayOh","isPartOf":{"@id":"https:\/\/sayoh.com\/#website"},"primaryImageOfPage":{"@id":"https:\/\/sayoh.com\/product\/crazy-bull-butt-with-realistic-vagina-and-anus-and-vibration\/#primaryimage"},"image":{"@id":"https:\/\/sayoh.com\/product\/crazy-bull-butt-with-realistic-vagina-and-anus-and-vibration\/#primaryimage"},"thumbnailUrl":"https:\/\/i0.wp.com\/sayoh.com\/wp-content\/uploads\/2026\/02\/crazy-bull-vibrating-masturbator.jpg?fit=800%2C800&ssl=1","datePublished":"2026-02-17T22:19:23+00:00","dateModified":"2026-02-17T22:19:25+00:00","description":"Der vibrierende Masturbator von Crazy Bull mit realistischem Design, strukturierten Kan\u00e4len und einstellbarer Vibration stimuliert Sie mit zwei Eing\u00e4ngen.","breadcrumb":{"@id":"https:\/\/sayoh.com\/product\/crazy-bull-butt-with-realistic-vagina-and-anus-and-vibration\/#breadcrumb"},"inLanguage":"de","potentialAction":[{"@type":"ReadAction","target":["https:\/\/sayoh.com\/product\/crazy-bull-butt-with-realistic-vagina-and-anus-and-vibration\/"]}]},{"@type":"ImageObject","inLanguage":"de","@id":"https:\/\/sayoh.com\/product\/crazy-bull-butt-with-realistic-vagina-and-anus-and-vibration\/#primaryimage","url":"https:\/\/i0.wp.com\/sayoh.com\/wp-content\/uploads\/2026\/02\/crazy-bull-vibrating-masturbator.jpg?fit=800%2C800&ssl=1","contentUrl":"https:\/\/i0.wp.com\/sayoh.com\/wp-content\/uploads\/2026\/02\/crazy-bull-vibrating-masturbator.jpg?fit=800%2C800&ssl=1","width":800,"height":800,"caption":"crazy bull vibrating masturbator"},{"@type":"BreadcrumbList","@id":"https:\/\/sayoh.com\/product\/crazy-bull-butt-with-realistic-vagina-and-anus-and-vibration\/#breadcrumb","itemListElement":[{"@type":"ListItem","position":1,"name":"Home","item":"https:\/\/sayoh.com\/"},{"@type":"ListItem","position":2,"name":"Shop","item":"https:\/\/sayoh.com\/shop\/"},{"@type":"ListItem","position":3,"name":"CRAZY BULL &#8211; BUTT WITH REALISTIC VAGINA AND ANUS AND VIBRATION"}]},{"@type":"WebSite","@id":"https:\/\/sayoh.com\/#website","url":"https:\/\/sayoh.com\/","name":"Sag Oh","description":"Spiel, Spa\u00df und Safer Sex","publisher":{"@id":"https:\/\/sayoh.com\/#organization"},"potentialAction":[{"@type":"SearchAction","target":{"@type":"EntryPoint","urlTemplate":"https:\/\/sayoh.com\/?s={search_term_string}"},"query-input":{"@type":"PropertyValueSpecification","valueRequired":true,"valueName":"search_term_string"}}],"inLanguage":"de"},{"@type":"Organization","@id":"https:\/\/sayoh.com\/#organization","name":"Sag Oh","url":"https:\/\/sayoh.com\/","logo":{"@type":"ImageObject","inLanguage":"de","@id":"https:\/\/sayoh.com\/#\/schema\/logo\/image\/","url":"https:\/\/i0.wp.com\/sayoh.com\/wp-content\/uploads\/2023\/11\/cropped-image_123650291.jpg?fit=512%2C512&ssl=1","contentUrl":"https:\/\/i0.wp.com\/sayoh.com\/wp-content\/uploads\/2023\/11\/cropped-image_123650291.jpg?fit=512%2C512&ssl=1","width":512,"height":512,"caption":"Say Oh"},"image":{"@id":"https:\/\/sayoh.com\/#\/schema\/logo\/image\/"}}]}},"jetpack_publicize_connections":[],"jetpack_likes_enabled":true,"jetpack_sharing_enabled":true,"jetpack-related-posts":[{"id":29991,"url":"https:\/\/sayoh.com\/de\/produkt\/verruckter-stier-realistische-vagina-und-anus-mit-vibration-position\/","url_meta":{"origin":29967,"position":0},"title":"VERR\u00dcCKTER STIER - REALISTISCHE VAGINA UND ANUS MIT VIBRATIONSSTELLUNG","author":"Admin","date":"Februar 17, 2026","format":false,"excerpt":"Der CRAZY BULL - REALISTIC VAGINA AND ANUS WITH VIBRATION POSITION ist ein von Crazy Bull entwickelter Masturbator mit zwei Eing\u00e4ngen, der eine realistische Formgebung mit integrierter Vibration kombiniert. Seine skulpturale Form und die stabile Positionierungsbasis sorgen f\u00fcr ein intensiveres und visuell fesselndes Erlebnis.","rel":"","context":"\u00c4hnlicher Beitrag","block_context":{"text":"\u00c4hnlicher Beitrag","link":""},"img":{"alt_text":"crazy bull vibrating masturbator","src":"https:\/\/i0.wp.com\/sayoh.com\/wp-content\/uploads\/2026\/02\/crazy-bull-vibrating-masturbator-1.jpg?fit=800%2C800&ssl=1&resize=350%2C200","width":350,"height":200,"srcset":"https:\/\/i0.wp.com\/sayoh.com\/wp-content\/uploads\/2026\/02\/crazy-bull-vibrating-masturbator-1.jpg?fit=800%2C800&ssl=1&resize=350%2C200 1x, https:\/\/i0.wp.com\/sayoh.com\/wp-content\/uploads\/2026\/02\/crazy-bull-vibrating-masturbator-1.jpg?fit=800%2C800&ssl=1&resize=525%2C300 1.5x, https:\/\/i0.wp.com\/sayoh.com\/wp-content\/uploads\/2026\/02\/crazy-bull-vibrating-masturbator-1.jpg?fit=800%2C800&ssl=1&resize=700%2C400 2x"},"classes":[]},{"id":30153,"url":"https:\/\/sayoh.com\/de\/produkt\/crazy-bull-water-skin-vagina-masturbator\/","url_meta":{"origin":29967,"position":1},"title":"CRAZY BULL \u2013 WATER SKIN VAGINA MASTURBATOR","author":"Admin","date":"M\u00e4rz 2, 2026","format":false,"excerpt":"The Crazy Bull Water Skin Vagina Masturbator creates its own lubrication with just water \u2014 no lube bottle needed. Ultra-compact with a realistic textured canal, it is the most spontaneous-friendly stroker you will ever own.","rel":"","context":"\u00c4hnlicher Beitrag","block_context":{"text":"\u00c4hnlicher Beitrag","link":""},"img":{"alt_text":"CRAZY BULL \u2013 WATER SKIN VAGINA MASTURBATOR","src":"https:\/\/i0.wp.com\/sayoh.com\/wp-content\/uploads\/2026\/03\/img_58249_c83ecae1fc06d11b795f66018d59939e_1.jpg?fit=800%2C800&ssl=1&resize=350%2C200","width":350,"height":200,"srcset":"https:\/\/i0.wp.com\/sayoh.com\/wp-content\/uploads\/2026\/03\/img_58249_c83ecae1fc06d11b795f66018d59939e_1.jpg?fit=800%2C800&ssl=1&resize=350%2C200 1x, https:\/\/i0.wp.com\/sayoh.com\/wp-content\/uploads\/2026\/03\/img_58249_c83ecae1fc06d11b795f66018d59939e_1.jpg?fit=800%2C800&ssl=1&resize=525%2C300 1.5x, https:\/\/i0.wp.com\/sayoh.com\/wp-content\/uploads\/2026\/03\/img_58249_c83ecae1fc06d11b795f66018d59939e_1.jpg?fit=800%2C800&ssl=1&resize=700%2C400 2x"},"classes":[]},{"id":29955,"url":"https:\/\/sayoh.com\/de\/produkt\/baile-passion-lady-ii-blume-vagina-und-anus\/","url_meta":{"origin":29967,"position":2},"title":"BAILE - PASSION LADY II BLUME VAGINA UND ANUS","author":"Admin","date":"Februar 17, 2026","format":false,"excerpt":"Der BAILE - PASSION LADY II FLOWER VAGINA AND ANUS ist ein Masturbator mit zwei Eing\u00e4ngen, der entwickelt wurde, um verschiedene innere Strukturen in einem kompakten und diskreten Format zu bieten. Entwickelt von Baile, dieses Modell verf\u00fcgt \u00fcber zwei verschiedene Eing\u00e4nge, um verschiedene Empfindungen in einem koh\u00e4renten Design zu bieten.","rel":"","context":"\u00c4hnlicher Beitrag","block_context":{"text":"\u00c4hnlicher Beitrag","link":""},"img":{"alt_text":"baile passion lady ii","src":"https:\/\/i0.wp.com\/sayoh.com\/wp-content\/uploads\/2026\/02\/baile-passion-lady-ii.jpg?fit=730%2C730&ssl=1&resize=350%2C200","width":350,"height":200,"srcset":"https:\/\/i0.wp.com\/sayoh.com\/wp-content\/uploads\/2026\/02\/baile-passion-lady-ii.jpg?fit=730%2C730&ssl=1&resize=350%2C200 1x, https:\/\/i0.wp.com\/sayoh.com\/wp-content\/uploads\/2026\/02\/baile-passion-lady-ii.jpg?fit=730%2C730&ssl=1&resize=525%2C300 1.5x, https:\/\/i0.wp.com\/sayoh.com\/wp-content\/uploads\/2026\/02\/baile-passion-lady-ii.jpg?fit=730%2C730&ssl=1&resize=700%2C400 2x"},"classes":[]},{"id":31677,"url":"https:\/\/sayoh.com\/de\/produkt\/intense-deep-touch-vero-torso-anus-and-vagina-with-suction-heat-vibration-and-voice-effects-with-remote-control-5-5-kg\/","url_meta":{"origin":29967,"position":3},"title":"INTENSE DEEP TOUCH &#8211; VERO TORSO ANUS AND VAGINA WITH SUCTION, HEAT, VIBRATION AND VOICE EFFECTS WITH REMOTE CONTROL 5.5 KG","author":"Admin","date":"M\u00e4rz 3, 2026","format":false,"excerpt":"Discover the INTENSE DEEP TOUCH - VERO TORSO ANUS AND VAGINA WITH SUCTION, HEAT, VIBRATION AND VOICE EFFECTS WITH REMOTE CONTROL 5.5 KG by INTENSE BODIES & MASTURBATORS. This thoughtfully crafted vibrator is designed to hit every right note, whether you are exploring solo or with a partner. Premium quality,\u2026","rel":"","context":"\u00c4hnlicher Beitrag","block_context":{"text":"\u00c4hnlicher Beitrag","link":""},"img":{"alt_text":"","src":"https:\/\/i0.wp.com\/sayoh.com\/wp-content\/uploads\/2026\/03\/img_221076_a874ff64d73da2188c5c4c310ea5c82e_1.png?fit=900%2C900&ssl=1&resize=350%2C200","width":350,"height":200,"srcset":"https:\/\/i0.wp.com\/sayoh.com\/wp-content\/uploads\/2026\/03\/img_221076_a874ff64d73da2188c5c4c310ea5c82e_1.png?fit=900%2C900&ssl=1&resize=350%2C200 1x, https:\/\/i0.wp.com\/sayoh.com\/wp-content\/uploads\/2026\/03\/img_221076_a874ff64d73da2188c5c4c310ea5c82e_1.png?fit=900%2C900&ssl=1&resize=525%2C300 1.5x, https:\/\/i0.wp.com\/sayoh.com\/wp-content\/uploads\/2026\/03\/img_221076_a874ff64d73da2188c5c4c310ea5c82e_1.png?fit=900%2C900&ssl=1&resize=700%2C400 2x"},"classes":[]},{"id":30145,"url":"https:\/\/sayoh.com\/de\/produkt\/baile-passion-lady-3d-vagina-masturbator\/","url_meta":{"origin":29967,"position":4},"title":"BAILE - PASSION LADY 3D VAGINA MASTURBATOR","author":"Admin","date":"M\u00e4rz 2, 2026","format":false,"excerpt":"The Baile Passion Lady 3D Vagina Masturbator features two separate textured tunnels and a built-in multi-speed vibrating motor. Choose your sensation, dial up the intensity, and enjoy a lifelike experience that keeps surprising you.","rel":"","context":"\u00c4hnlicher Beitrag","block_context":{"text":"\u00c4hnlicher Beitrag","link":""},"img":{"alt_text":"BAILE \u2013 PASSION LADY 3D VAGINA MASTURBATOR","src":"https:\/\/i0.wp.com\/sayoh.com\/wp-content\/uploads\/2026\/03\/img_55894_7ee5e3c69ca4e92fae23ad3b875d1f7f_1.jpg?fit=800%2C800&ssl=1&resize=350%2C200","width":350,"height":200,"srcset":"https:\/\/i0.wp.com\/sayoh.com\/wp-content\/uploads\/2026\/03\/img_55894_7ee5e3c69ca4e92fae23ad3b875d1f7f_1.jpg?fit=800%2C800&ssl=1&resize=350%2C200 1x, https:\/\/i0.wp.com\/sayoh.com\/wp-content\/uploads\/2026\/03\/img_55894_7ee5e3c69ca4e92fae23ad3b875d1f7f_1.jpg?fit=800%2C800&ssl=1&resize=525%2C300 1.5x, https:\/\/i0.wp.com\/sayoh.com\/wp-content\/uploads\/2026\/03\/img_55894_7ee5e3c69ca4e92fae23ad3b875d1f7f_1.jpg?fit=800%2C800&ssl=1&resize=700%2C400 2x"},"classes":[]},{"id":29980,"url":"https:\/\/sayoh.com\/de\/produkt\/baile-bigger-man-zuruck-mit-vibration\/","url_meta":{"origin":29967,"position":5},"title":"BAILE - GR\u00d6SSERER MANN ZUR\u00dcCK MIT VIBRATION","author":"Admin","date":"Februar 17, 2026","format":false,"excerpt":"Der BAILE - BIGGER MAN BACK WITH VIBRATION ist ein vollwertiger Masturbator, der Tiefe, realistische Formgebung und integrierte Vibration kombiniert. Entwickelt von Baile, bietet dieses Modell eine Dual-Entry-Funktionalit\u00e4t in einem gewichtigen, substanziellen Format.","rel":"","context":"\u00c4hnlicher Beitrag","block_context":{"text":"\u00c4hnlicher Beitrag","link":""},"img":{"alt_text":"baile bigger man","src":"https:\/\/i0.wp.com\/sayoh.com\/wp-content\/uploads\/2026\/02\/baile-bigger-man.jpg?fit=800%2C800&ssl=1&resize=350%2C200","width":350,"height":200,"srcset":"https:\/\/i0.wp.com\/sayoh.com\/wp-content\/uploads\/2026\/02\/baile-bigger-man.jpg?fit=800%2C800&ssl=1&resize=350%2C200 1x, https:\/\/i0.wp.com\/sayoh.com\/wp-content\/uploads\/2026\/02\/baile-bigger-man.jpg?fit=800%2C800&ssl=1&resize=525%2C300 1.5x, https:\/\/i0.wp.com\/sayoh.com\/wp-content\/uploads\/2026\/02\/baile-bigger-man.jpg?fit=800%2C800&ssl=1&resize=700%2C400 2x"},"classes":[]}],"_links":{"self":[{"href":"https:\/\/sayoh.com\/de\/wp-json\/wp\/v2\/product\/29967","targetHints":{"allow":["GET"]}}],"collection":[{"href":"https:\/\/sayoh.com\/de\/wp-json\/wp\/v2\/product"}],"about":[{"href":"https:\/\/sayoh.com\/de\/wp-json\/wp\/v2\/types\/product"}],"replies":[{"embeddable":true,"href":"https:\/\/sayoh.com\/de\/wp-json\/wp\/v2\/comments?post=29967"}],"version-history":[{"count":0,"href":"https:\/\/sayoh.com\/de\/wp-json\/wp\/v2\/product\/29967\/revisions"}],"wp:featuredmedia":[{"embeddable":true,"href":"https:\/\/sayoh.com\/de\/wp-json\/wp\/v2\/media\/29969"}],"wp:attachment":[{"href":"https:\/\/sayoh.com\/de\/wp-json\/wp\/v2\/media?parent=29967"}],"wp:term":[{"taxonomy":"product_brand","embeddable":true,"href":"https:\/\/sayoh.com\/de\/wp-json\/wp\/v2\/product_brand?post=29967"},{"taxonomy":"product_cat","embeddable":true,"href":"https:\/\/sayoh.com\/de\/wp-json\/wp\/v2\/product_cat?post=29967"},{"taxonomy":"product_tag","embeddable":true,"href":"https:\/\/sayoh.com\/de\/wp-json\/wp\/v2\/product_tag?post=29967"}],"curies":[{"name":"wp","href":"https:\/\/api.w.org\/{rel}","templated":true}]}}