{"id":31110,"date":"2026-03-03T17:38:19","date_gmt":"2026-03-03T16:38:19","guid":{"rendered":"https:\/\/sayoh.com\/?post_type=product&#038;p=31110"},"modified":"2026-03-03T18:09:53","modified_gmt":"2026-03-03T17:09:53","slug":"fetish-fantasy-limited-edition-kit-fetish","status":"publish","type":"product","link":"https:\/\/sayoh.com\/de\/produkt\/fetish-fantasy-limited-edition-kit-fetish\/","title":{"rendered":"FETISH FANTASY LIMITED EDITION &#8211; KIT FETISH"},"content":{"rendered":"<h2>Take Control of the Experience<\/h2>\n<p>There is something deeply satisfying about finding a BDSM accessory that simply gets it right. The <strong>FETISH FANTASY LIMITED EDITION &#8211; KIT FETISH<\/strong> by FETISH FANTASY ED.LIMITADA is one of those rare finds \u2014 thoughtfully crafted, beautifully designed, and built to deliver exactly the kind of pleasure you have been searching for.<\/p>\n<p>What makes this BDSM accessory truly stand out is the way it feels in use. Every contour, every texture, every detail has been considered to maximise your experience. The <strong>FETISH FANTASY LIMITED EDITION &#8211; KIT FETISH<\/strong> erf\u00fcllt nicht nur die Erwartungen - es definiert sie neu.<\/p>\n<h2>Set the Scene for Something Unforgettable<\/h2>\n<p>Schon beim Auspacken wird die Liebe zum Detail deutlich. Die glatte Oberfl\u00e4che, die ergonomischen Kurven, das angenehme Gewicht - alles am <strong>FETISH FANTASY LIMITED EDITION &#8211; KIT FETISH<\/strong> sagt Premium. Dies ist ein Produkt, das Ihren K\u00f6rper und Ihr Vergn\u00fcgen respektiert.<\/p>\n<p>The versatility on offer here is remarkable. Solo or partnered, gentle or intense, this BDSM accessory lets you set the pace and explore at your comfort level. And with FETISH FANTASY ED.LIMITADA&#8217;s commitment to body-safe materials, you can relax and focus entirely on the experience.<\/p>\n<h2>Gebaut f\u00fcr das echte Leben<\/h2>\n<p>\u00dcber das Vergn\u00fcgen hinaus, das <strong>FETISH FANTASY LIMITED EDITION &#8211; KIT FETISH<\/strong> punktet vor allem durch seine Praktikabilit\u00e4t. Er ist leicht zu reinigen, einfach aufzubewahren und so gebaut, dass er viele Sitzungen \u00fcberdauert. Die Materialien sind hypoallergen und k\u00f6rpervertr\u00e4glich, so dass Sie sich um nichts k\u00fcmmern m\u00fcssen, au\u00dfer um Ihren Spa\u00df.<\/p>\n<p>Wir bei Sayoh sind der Meinung, dass jeder Zugang zu qualitativ hochwertigen Intimprodukten verdient, ohne zu urteilen. Ihre Bestellung wird in einer v\u00f6llig unauff\u00e4lligen Verpackung versandt, und unsere schnelle d\u00e4nische Lieferung bedeutet, dass Sie Ihre neuen Produkte schon bald genie\u00dfen k\u00f6nnen. <strong>FETISH FANTASY LIMITED EDITION &#8211; KIT FETISH<\/strong> fr\u00fcher als Sie denken.<\/p>\n<h2>Wesentliche Merkmale<\/h2>\n<ul>\n<li>Gefertigt aus k\u00f6rpervertr\u00e4glichen Materialien f\u00fcr Ihren Seelenfrieden<\/li>\n<li>Diskrete Verpackung und schnelle Lieferung in ganz D\u00e4nemark<\/li>\n<li>Premium quality by FETISH FANTASY ED.LIMITADA<\/li>\n<li>Leicht zu reinigen und zu pflegen f\u00fcr dauerhafte Freude<\/li>\n<li>Ergonomisches Design f\u00fcr eine nat\u00fcrliche Anpassung an Ihren K\u00f6rper<\/li>\n<li>Perfekt f\u00fcr Soloabenteuer oder gemeinsame intime Momente<\/li>\n<\/ul>","protected":false},"excerpt":{"rendered":"<p>Meet the <strong>FETISH FANTASY LIMITED EDITION &#8211; KIT FETISH<\/strong> from FETISH FANTASY ED.LIMITADA \u2014 an accessory that combines stunning design with unforgettable performance. Treat yourself to something that truly elevates the experience.<\/p>","protected":false},"featured_media":31062,"comment_status":"open","ping_status":"closed","template":"","meta":{"_crdt_document":"","_monsterinsights_skip_tracking":false,"_monsterinsights_sitenote_active":false,"_monsterinsights_sitenote_note":"","_monsterinsights_sitenote_category":0,"jetpack_publicize_message":"","jetpack_publicize_feature_enabled":true,"jetpack_social_post_already_shared":true,"jetpack_social_options":{"image_generator_settings":{"template":"highway","default_image_id":0,"font":"","enabled":false},"version":2},"_wpas_customize_per_network":false},"product_brand":[],"product_cat":[1605,1606,1598,1603,1600],"product_tag":[1587,1557,1599],"class_list":{"0":"post-31110","1":"product","2":"type-product","3":"status-publish","4":"has-post-thumbnail","6":"product_cat-bdsm","7":"product_cat-bondage","8":"product_cat-couples","9":"product_cat-couples-toys","10":"product_cat-sex-games","11":"product_tag-bundles","12":"product_tag-couples","13":"product_tag-gift-set","15":"first","16":"outofstock","17":"taxable","18":"shipping-taxable","19":"purchasable","20":"product-type-simple"},"yoast_head":"<!-- This site is optimized with the Yoast SEO Premium plugin v27.1 (Yoast SEO v27.4) - https:\/\/yoast.com\/product\/yoast-seo-premium-wordpress\/ -->\n<title>FETISH FANTASY LIMITED EDITION - KIT FETISH - SayOh<\/title>\n<meta name=\"description\" content=\"Shop the fetish limited edition kit \u2014 designed for unforgettable pleasure. Premium quality by FETISH FANTASY ED.LIMITADA. Discreet delivery across Denmark.\" \/>\n<meta name=\"robots\" content=\"index, follow, max-snippet:-1, max-image-preview:large, max-video-preview:-1\" \/>\n<link rel=\"canonical\" href=\"https:\/\/sayoh.com\/de\/produkt\/fetish-fantasy-limited-edition-kit-fetish\/\" \/>\n<meta property=\"og:locale\" content=\"de_DE\" \/>\n<meta property=\"og:type\" content=\"article\" \/>\n<meta property=\"og:title\" content=\"FETISH FANTASY LIMITED EDITION - KIT FETISH\" \/>\n<meta property=\"og:description\" content=\"Shop the fetish limited edition kit \u2014 designed for unforgettable pleasure. Premium quality by FETISH FANTASY ED.LIMITADA. Discreet delivery across Denmark.\" \/>\n<meta property=\"og:url\" content=\"https:\/\/sayoh.com\/de\/produkt\/fetish-fantasy-limited-edition-kit-fetish\/\" \/>\n<meta property=\"og:site_name\" content=\"SayOh\" \/>\n<meta property=\"article:modified_time\" content=\"2026-03-03T17:09:53+00:00\" \/>\n<meta property=\"og:image\" content=\"https:\/\/i0.wp.com\/sayoh.com\/wp-content\/uploads\/2026\/03\/img_94269_9b765df8bbbbed0f52c2dc0f04e34743_1.jpg?fit=550%2C550&ssl=1\" \/>\n\t<meta property=\"og:image:width\" content=\"550\" \/>\n\t<meta property=\"og:image:height\" content=\"550\" \/>\n\t<meta property=\"og:image:type\" content=\"image\/jpeg\" \/>\n<meta name=\"twitter:card\" content=\"summary_large_image\" \/>\n<meta name=\"twitter:label1\" content=\"Gesch\u00e4tzte Lesezeit\" \/>\n\t<meta name=\"twitter:data1\" content=\"2\u00a0Minuten\" \/>\n<script type=\"application\/ld+json\" class=\"yoast-schema-graph\">{\"@context\":\"https:\\\/\\\/schema.org\",\"@graph\":[{\"@type\":\"WebPage\",\"@id\":\"https:\\\/\\\/sayoh.com\\\/product\\\/fetish-fantasy-limited-edition-kit-fetish\\\/\",\"url\":\"https:\\\/\\\/sayoh.com\\\/product\\\/fetish-fantasy-limited-edition-kit-fetish\\\/\",\"name\":\"FETISH FANTASY LIMITED EDITION - KIT FETISH - SayOh\",\"isPartOf\":{\"@id\":\"https:\\\/\\\/sayoh.com\\\/#website\"},\"primaryImageOfPage\":{\"@id\":\"https:\\\/\\\/sayoh.com\\\/product\\\/fetish-fantasy-limited-edition-kit-fetish\\\/#primaryimage\"},\"image\":{\"@id\":\"https:\\\/\\\/sayoh.com\\\/product\\\/fetish-fantasy-limited-edition-kit-fetish\\\/#primaryimage\"},\"thumbnailUrl\":\"https:\\\/\\\/i0.wp.com\\\/sayoh.com\\\/wp-content\\\/uploads\\\/2026\\\/03\\\/img_94269_9b765df8bbbbed0f52c2dc0f04e34743_1.jpg?fit=550%2C550&ssl=1\",\"datePublished\":\"2026-03-03T16:38:19+00:00\",\"dateModified\":\"2026-03-03T17:09:53+00:00\",\"description\":\"Shop the fetish limited edition kit \u2014 designed for unforgettable pleasure. Premium quality by FETISH FANTASY ED.LIMITADA. Discreet delivery across Denmark.\",\"breadcrumb\":{\"@id\":\"https:\\\/\\\/sayoh.com\\\/product\\\/fetish-fantasy-limited-edition-kit-fetish\\\/#breadcrumb\"},\"inLanguage\":\"de\",\"potentialAction\":[{\"@type\":\"ReadAction\",\"target\":[\"https:\\\/\\\/sayoh.com\\\/product\\\/fetish-fantasy-limited-edition-kit-fetish\\\/\"]}]},{\"@type\":\"ImageObject\",\"inLanguage\":\"de\",\"@id\":\"https:\\\/\\\/sayoh.com\\\/product\\\/fetish-fantasy-limited-edition-kit-fetish\\\/#primaryimage\",\"url\":\"https:\\\/\\\/i0.wp.com\\\/sayoh.com\\\/wp-content\\\/uploads\\\/2026\\\/03\\\/img_94269_9b765df8bbbbed0f52c2dc0f04e34743_1.jpg?fit=550%2C550&ssl=1\",\"contentUrl\":\"https:\\\/\\\/i0.wp.com\\\/sayoh.com\\\/wp-content\\\/uploads\\\/2026\\\/03\\\/img_94269_9b765df8bbbbed0f52c2dc0f04e34743_1.jpg?fit=550%2C550&ssl=1\",\"width\":550,\"height\":550},{\"@type\":\"BreadcrumbList\",\"@id\":\"https:\\\/\\\/sayoh.com\\\/product\\\/fetish-fantasy-limited-edition-kit-fetish\\\/#breadcrumb\",\"itemListElement\":[{\"@type\":\"ListItem\",\"position\":1,\"name\":\"Home\",\"item\":\"https:\\\/\\\/sayoh.com\\\/\"},{\"@type\":\"ListItem\",\"position\":2,\"name\":\"Shop\",\"item\":\"https:\\\/\\\/sayoh.com\\\/shop\\\/\"},{\"@type\":\"ListItem\",\"position\":3,\"name\":\"FETISH FANTASY LIMITED EDITION &#8211; KIT FETISH\"}]},{\"@type\":\"WebSite\",\"@id\":\"https:\\\/\\\/sayoh.com\\\/#website\",\"url\":\"https:\\\/\\\/sayoh.com\\\/\",\"name\":\"Say Oh\",\"description\":\"Playful, fun and safe sex\",\"publisher\":{\"@id\":\"https:\\\/\\\/sayoh.com\\\/#organization\"},\"potentialAction\":[{\"@type\":\"SearchAction\",\"target\":{\"@type\":\"EntryPoint\",\"urlTemplate\":\"https:\\\/\\\/sayoh.com\\\/?s={search_term_string}\"},\"query-input\":{\"@type\":\"PropertyValueSpecification\",\"valueRequired\":true,\"valueName\":\"search_term_string\"}}],\"inLanguage\":\"de\"},{\"@type\":\"Organization\",\"@id\":\"https:\\\/\\\/sayoh.com\\\/#organization\",\"name\":\"Say Oh\",\"url\":\"https:\\\/\\\/sayoh.com\\\/\",\"logo\":{\"@type\":\"ImageObject\",\"inLanguage\":\"de\",\"@id\":\"https:\\\/\\\/sayoh.com\\\/#\\\/schema\\\/logo\\\/image\\\/\",\"url\":\"https:\\\/\\\/i0.wp.com\\\/sayoh.com\\\/wp-content\\\/uploads\\\/2023\\\/11\\\/cropped-image_123650291.jpg?fit=512%2C512&ssl=1\",\"contentUrl\":\"https:\\\/\\\/i0.wp.com\\\/sayoh.com\\\/wp-content\\\/uploads\\\/2023\\\/11\\\/cropped-image_123650291.jpg?fit=512%2C512&ssl=1\",\"width\":512,\"height\":512,\"caption\":\"Say Oh\"},\"image\":{\"@id\":\"https:\\\/\\\/sayoh.com\\\/#\\\/schema\\\/logo\\\/image\\\/\"}}]}<\/script>\n<!-- \/ Yoast SEO Premium plugin. -->","yoast_head_json":{"title":"FETISH FANTASY LIMITED EDITION - KIT FETISH - SayOh","description":"Shop the fetish limited edition kit \u2014 designed for unforgettable pleasure. Premium quality by FETISH FANTASY ED.LIMITADA. Discreet delivery across Denmark.","robots":{"index":"index","follow":"follow","max-snippet":"max-snippet:-1","max-image-preview":"max-image-preview:large","max-video-preview":"max-video-preview:-1"},"canonical":"https:\/\/sayoh.com\/de\/produkt\/fetish-fantasy-limited-edition-kit-fetish\/","og_locale":"de_DE","og_type":"article","og_title":"FETISH FANTASY LIMITED EDITION - KIT FETISH","og_description":"Shop the fetish limited edition kit \u2014 designed for unforgettable pleasure. Premium quality by FETISH FANTASY ED.LIMITADA. Discreet delivery across Denmark.","og_url":"https:\/\/sayoh.com\/de\/produkt\/fetish-fantasy-limited-edition-kit-fetish\/","og_site_name":"SayOh","article_modified_time":"2026-03-03T17:09:53+00:00","og_image":[{"width":550,"height":550,"url":"https:\/\/i0.wp.com\/sayoh.com\/wp-content\/uploads\/2026\/03\/img_94269_9b765df8bbbbed0f52c2dc0f04e34743_1.jpg?fit=550%2C550&ssl=1","type":"image\/jpeg"}],"twitter_card":"summary_large_image","twitter_misc":{"Gesch\u00e4tzte Lesezeit":"2\u00a0Minuten"},"schema":{"@context":"https:\/\/schema.org","@graph":[{"@type":"WebPage","@id":"https:\/\/sayoh.com\/product\/fetish-fantasy-limited-edition-kit-fetish\/","url":"https:\/\/sayoh.com\/product\/fetish-fantasy-limited-edition-kit-fetish\/","name":"FETISH FANTASY LIMITED EDITION - KIT FETISH - SayOh","isPartOf":{"@id":"https:\/\/sayoh.com\/#website"},"primaryImageOfPage":{"@id":"https:\/\/sayoh.com\/product\/fetish-fantasy-limited-edition-kit-fetish\/#primaryimage"},"image":{"@id":"https:\/\/sayoh.com\/product\/fetish-fantasy-limited-edition-kit-fetish\/#primaryimage"},"thumbnailUrl":"https:\/\/i0.wp.com\/sayoh.com\/wp-content\/uploads\/2026\/03\/img_94269_9b765df8bbbbed0f52c2dc0f04e34743_1.jpg?fit=550%2C550&ssl=1","datePublished":"2026-03-03T16:38:19+00:00","dateModified":"2026-03-03T17:09:53+00:00","description":"Shop the fetish limited edition kit \u2014 designed for unforgettable pleasure. Premium quality by FETISH FANTASY ED.LIMITADA. Discreet delivery across Denmark.","breadcrumb":{"@id":"https:\/\/sayoh.com\/product\/fetish-fantasy-limited-edition-kit-fetish\/#breadcrumb"},"inLanguage":"de","potentialAction":[{"@type":"ReadAction","target":["https:\/\/sayoh.com\/product\/fetish-fantasy-limited-edition-kit-fetish\/"]}]},{"@type":"ImageObject","inLanguage":"de","@id":"https:\/\/sayoh.com\/product\/fetish-fantasy-limited-edition-kit-fetish\/#primaryimage","url":"https:\/\/i0.wp.com\/sayoh.com\/wp-content\/uploads\/2026\/03\/img_94269_9b765df8bbbbed0f52c2dc0f04e34743_1.jpg?fit=550%2C550&ssl=1","contentUrl":"https:\/\/i0.wp.com\/sayoh.com\/wp-content\/uploads\/2026\/03\/img_94269_9b765df8bbbbed0f52c2dc0f04e34743_1.jpg?fit=550%2C550&ssl=1","width":550,"height":550},{"@type":"BreadcrumbList","@id":"https:\/\/sayoh.com\/product\/fetish-fantasy-limited-edition-kit-fetish\/#breadcrumb","itemListElement":[{"@type":"ListItem","position":1,"name":"Home","item":"https:\/\/sayoh.com\/"},{"@type":"ListItem","position":2,"name":"Shop","item":"https:\/\/sayoh.com\/shop\/"},{"@type":"ListItem","position":3,"name":"FETISH FANTASY LIMITED EDITION &#8211; KIT FETISH"}]},{"@type":"WebSite","@id":"https:\/\/sayoh.com\/#website","url":"https:\/\/sayoh.com\/","name":"Sag Oh","description":"Spiel, Spa\u00df und Safer Sex","publisher":{"@id":"https:\/\/sayoh.com\/#organization"},"potentialAction":[{"@type":"SearchAction","target":{"@type":"EntryPoint","urlTemplate":"https:\/\/sayoh.com\/?s={search_term_string}"},"query-input":{"@type":"PropertyValueSpecification","valueRequired":true,"valueName":"search_term_string"}}],"inLanguage":"de"},{"@type":"Organization","@id":"https:\/\/sayoh.com\/#organization","name":"Sag Oh","url":"https:\/\/sayoh.com\/","logo":{"@type":"ImageObject","inLanguage":"de","@id":"https:\/\/sayoh.com\/#\/schema\/logo\/image\/","url":"https:\/\/i0.wp.com\/sayoh.com\/wp-content\/uploads\/2023\/11\/cropped-image_123650291.jpg?fit=512%2C512&ssl=1","contentUrl":"https:\/\/i0.wp.com\/sayoh.com\/wp-content\/uploads\/2023\/11\/cropped-image_123650291.jpg?fit=512%2C512&ssl=1","width":512,"height":512,"caption":"Say Oh"},"image":{"@id":"https:\/\/sayoh.com\/#\/schema\/logo\/image\/"}}]}},"jetpack_publicize_connections":[],"jetpack_likes_enabled":true,"jetpack_sharing_enabled":true,"jetpack-related-posts":[{"id":30644,"url":"https:\/\/sayoh.com\/de\/produkt\/fetish-fantasy-series-bed-bindings-restraint-kit\/","url_meta":{"origin":31110,"position":0},"title":"FETISH FANTASY SERIES &#8211; BED BINDINGS RESTRAINT KIT","author":"Admin","date":"M\u00e4rz 3, 2026","format":false,"excerpt":"Discover the FETISH FANTASY SERIES - BED BINDINGS RESTRAINT KIT by FETISH FANTASY SERIES. This thoughtfully crafted accessory is designed to hit every right note, whether you are exploring solo or with a partner. Premium quality, discreet delivery.","rel":"","context":"\u00c4hnlicher Beitrag","block_context":{"text":"\u00c4hnlicher Beitrag","link":""},"img":{"alt_text":"","src":"https:\/\/i0.wp.com\/sayoh.com\/wp-content\/uploads\/2026\/03\/img_94305_8fda08caf644dfe6c10799b5a0430a5b_1.jpg?fit=800%2C800&ssl=1&resize=350%2C200","width":350,"height":200,"srcset":"https:\/\/i0.wp.com\/sayoh.com\/wp-content\/uploads\/2026\/03\/img_94305_8fda08caf644dfe6c10799b5a0430a5b_1.jpg?fit=800%2C800&ssl=1&resize=350%2C200 1x, https:\/\/i0.wp.com\/sayoh.com\/wp-content\/uploads\/2026\/03\/img_94305_8fda08caf644dfe6c10799b5a0430a5b_1.jpg?fit=800%2C800&ssl=1&resize=525%2C300 1.5x, https:\/\/i0.wp.com\/sayoh.com\/wp-content\/uploads\/2026\/03\/img_94305_8fda08caf644dfe6c10799b5a0430a5b_1.jpg?fit=800%2C800&ssl=1&resize=700%2C400 2x"},"classes":[]},{"id":30666,"url":"https:\/\/sayoh.com\/de\/produkt\/fetish-fantasy-series-inflatable-hot-seat\/","url_meta":{"origin":31110,"position":1},"title":"FETISH FANTASY SERIES &#8211; INFLATABLE HOT SEAT","author":"Admin","date":"M\u00e4rz 3, 2026","format":false,"excerpt":"Meet the FETISH FANTASY SERIES - INFLATABLE HOT SEAT from FETISH FANTASY SERIES \u2014 an accessory that combines stunning design with unforgettable performance. Treat yourself to something that truly elevates the experience.","rel":"","context":"\u00c4hnlicher Beitrag","block_context":{"text":"\u00c4hnlicher Beitrag","link":""},"img":{"alt_text":"","src":"https:\/\/i0.wp.com\/sayoh.com\/wp-content\/uploads\/2026\/03\/img_89470_4e05791ffacf9da30f929e87674f8854_1.jpg?fit=754%2C754&ssl=1&resize=350%2C200","width":350,"height":200,"srcset":"https:\/\/i0.wp.com\/sayoh.com\/wp-content\/uploads\/2026\/03\/img_89470_4e05791ffacf9da30f929e87674f8854_1.jpg?fit=754%2C754&ssl=1&resize=350%2C200 1x, https:\/\/i0.wp.com\/sayoh.com\/wp-content\/uploads\/2026\/03\/img_89470_4e05791ffacf9da30f929e87674f8854_1.jpg?fit=754%2C754&ssl=1&resize=525%2C300 1.5x, https:\/\/i0.wp.com\/sayoh.com\/wp-content\/uploads\/2026\/03\/img_89470_4e05791ffacf9da30f929e87674f8854_1.jpg?fit=754%2C754&ssl=1&resize=700%2C400 2x"},"classes":[]},{"id":31813,"url":"https:\/\/sayoh.com\/de\/produkt\/fetish-fantasy-extreme-pipedream-ultimate-fantasy-dolls-mandy\/","url_meta":{"origin":31110,"position":2},"title":"FETISH FANTASY EXTREME &#8211; PIPEDREAM ULTIMATE FANTASY DOLLS MANDY","author":"Admin","date":"M\u00e4rz 3, 2026","format":false,"excerpt":"The FETISH FANTASY EXTREME - PIPEDREAM ULTIMATE FANTASY DOLLS MANDY by FETISH FANTASY EXTREME delivers exactly what you need \u2014 intense, reliable pleasure in a beautifully designed package. This premium accessory is perfect for anyone who refuses to settle for less.","rel":"","context":"\u00c4hnlicher Beitrag","block_context":{"text":"\u00c4hnlicher Beitrag","link":""},"img":{"alt_text":"","src":"https:\/\/i0.wp.com\/sayoh.com\/wp-content\/uploads\/2026\/03\/img_84861_f556b58fb21365bae1a8f2f25cebddab_1.jpg?fit=900%2C900&ssl=1&resize=350%2C200","width":350,"height":200,"srcset":"https:\/\/i0.wp.com\/sayoh.com\/wp-content\/uploads\/2026\/03\/img_84861_f556b58fb21365bae1a8f2f25cebddab_1.jpg?fit=900%2C900&ssl=1&resize=350%2C200 1x, https:\/\/i0.wp.com\/sayoh.com\/wp-content\/uploads\/2026\/03\/img_84861_f556b58fb21365bae1a8f2f25cebddab_1.jpg?fit=900%2C900&ssl=1&resize=525%2C300 1.5x, https:\/\/i0.wp.com\/sayoh.com\/wp-content\/uploads\/2026\/03\/img_84861_f556b58fb21365bae1a8f2f25cebddab_1.jpg?fit=900%2C900&ssl=1&resize=700%2C400 2x"},"classes":[]},{"id":30403,"url":"https:\/\/sayoh.com\/de\/produkt\/fetish-fantasy-series-harness-for-beginners\/","url_meta":{"origin":31110,"position":3},"title":"FETISH FANTASY SERIES &#8211; HARNESS FOR BEGINNERS","author":"Admin","date":"M\u00e4rz 3, 2026","format":false,"excerpt":"Meet the FETISH FANTASY SERIES - HARNESS FOR BEGINNERS from FETISH FANTASY SERIES \u2014 an accessory that combines stunning design with unforgettable performance. Treat yourself to something that truly elevates the experience.","rel":"","context":"\u00c4hnlicher Beitrag","block_context":{"text":"\u00c4hnlicher Beitrag","link":""},"img":{"alt_text":"","src":"https:\/\/i0.wp.com\/sayoh.com\/wp-content\/uploads\/2026\/03\/img_21809_4435af4b3c9ec6e8caa43be6bc0c4fd9_1.jpg?fit=869%2C869&ssl=1&resize=350%2C200","width":350,"height":200,"srcset":"https:\/\/i0.wp.com\/sayoh.com\/wp-content\/uploads\/2026\/03\/img_21809_4435af4b3c9ec6e8caa43be6bc0c4fd9_1.jpg?fit=869%2C869&ssl=1&resize=350%2C200 1x, https:\/\/i0.wp.com\/sayoh.com\/wp-content\/uploads\/2026\/03\/img_21809_4435af4b3c9ec6e8caa43be6bc0c4fd9_1.jpg?fit=869%2C869&ssl=1&resize=525%2C300 1.5x, https:\/\/i0.wp.com\/sayoh.com\/wp-content\/uploads\/2026\/03\/img_21809_4435af4b3c9ec6e8caa43be6bc0c4fd9_1.jpg?fit=869%2C869&ssl=1&resize=700%2C400 2x"},"classes":[]},{"id":30420,"url":"https:\/\/sayoh.com\/de\/produkt\/fetish-fantasy-series-perfect-fit-harness\/","url_meta":{"origin":31110,"position":4},"title":"FETISH FANTASY SERIES &#8211; PERFECT FIT HARNESS","author":"Admin","date":"M\u00e4rz 3, 2026","format":false,"excerpt":"The FETISH FANTASY SERIES - PERFECT FIT HARNESS from FETISH FANTASY SERIES is the accessory you have been looking for. Designed for comfort, built for pleasure, and delivered discreetly to your door across Denmark.","rel":"","context":"\u00c4hnlicher Beitrag","block_context":{"text":"\u00c4hnlicher Beitrag","link":""},"img":{"alt_text":"","src":"https:\/\/i0.wp.com\/sayoh.com\/wp-content\/uploads\/2026\/03\/img_21845_ca8f8d3391e232050ae43b629613b56a_1.jpg?fit=900%2C900&ssl=1&resize=350%2C200","width":350,"height":200,"srcset":"https:\/\/i0.wp.com\/sayoh.com\/wp-content\/uploads\/2026\/03\/img_21845_ca8f8d3391e232050ae43b629613b56a_1.jpg?fit=900%2C900&ssl=1&resize=350%2C200 1x, https:\/\/i0.wp.com\/sayoh.com\/wp-content\/uploads\/2026\/03\/img_21845_ca8f8d3391e232050ae43b629613b56a_1.jpg?fit=900%2C900&ssl=1&resize=525%2C300 1.5x, https:\/\/i0.wp.com\/sayoh.com\/wp-content\/uploads\/2026\/03\/img_21845_ca8f8d3391e232050ae43b629613b56a_1.jpg?fit=900%2C900&ssl=1&resize=700%2C400 2x"},"classes":[]},{"id":30820,"url":"https:\/\/sayoh.com\/de\/produkt\/fetish-fantasy-series-harness-with-dong-9-cum\/","url_meta":{"origin":31110,"position":5},"title":"FETISH FANTASY SERIES &#8211; HARNESS WITH DONG 9 CUM","author":"Admin","date":"M\u00e4rz 3, 2026","format":false,"excerpt":"The FETISH FANTASY SERIES - HARNESS WITH DONG 9 CUM from FETISH FANTASY SERIES is the accessory you have been looking for. Designed for comfort, built for pleasure, and delivered discreetly to your door across Denmark.","rel":"","context":"\u00c4hnlicher Beitrag","block_context":{"text":"\u00c4hnlicher Beitrag","link":""},"img":{"alt_text":"","src":"https:\/\/i0.wp.com\/sayoh.com\/wp-content\/uploads\/2026\/03\/img_90784_6c3e745cf9067e30fa453eb15625bf99_1.jpg?fit=894%2C894&ssl=1&resize=350%2C200","width":350,"height":200,"srcset":"https:\/\/i0.wp.com\/sayoh.com\/wp-content\/uploads\/2026\/03\/img_90784_6c3e745cf9067e30fa453eb15625bf99_1.jpg?fit=894%2C894&ssl=1&resize=350%2C200 1x, https:\/\/i0.wp.com\/sayoh.com\/wp-content\/uploads\/2026\/03\/img_90784_6c3e745cf9067e30fa453eb15625bf99_1.jpg?fit=894%2C894&ssl=1&resize=525%2C300 1.5x, https:\/\/i0.wp.com\/sayoh.com\/wp-content\/uploads\/2026\/03\/img_90784_6c3e745cf9067e30fa453eb15625bf99_1.jpg?fit=894%2C894&ssl=1&resize=700%2C400 2x"},"classes":[]}],"_links":{"self":[{"href":"https:\/\/sayoh.com\/de\/wp-json\/wp\/v2\/product\/31110","targetHints":{"allow":["GET"]}}],"collection":[{"href":"https:\/\/sayoh.com\/de\/wp-json\/wp\/v2\/product"}],"about":[{"href":"https:\/\/sayoh.com\/de\/wp-json\/wp\/v2\/types\/product"}],"replies":[{"embeddable":true,"href":"https:\/\/sayoh.com\/de\/wp-json\/wp\/v2\/comments?post=31110"}],"version-history":[{"count":0,"href":"https:\/\/sayoh.com\/de\/wp-json\/wp\/v2\/product\/31110\/revisions"}],"wp:featuredmedia":[{"embeddable":true,"href":"https:\/\/sayoh.com\/de\/wp-json\/wp\/v2\/media\/31062"}],"wp:attachment":[{"href":"https:\/\/sayoh.com\/de\/wp-json\/wp\/v2\/media?parent=31110"}],"wp:term":[{"taxonomy":"product_brand","embeddable":true,"href":"https:\/\/sayoh.com\/de\/wp-json\/wp\/v2\/product_brand?post=31110"},{"taxonomy":"product_cat","embeddable":true,"href":"https:\/\/sayoh.com\/de\/wp-json\/wp\/v2\/product_cat?post=31110"},{"taxonomy":"product_tag","embeddable":true,"href":"https:\/\/sayoh.com\/de\/wp-json\/wp\/v2\/product_tag?post=31110"}],"curies":[{"name":"wp","href":"https:\/\/api.w.org\/{rel}","templated":true}]}}