{"id":31281,"date":"2026-03-03T17:38:47","date_gmt":"2026-03-03T16:38:47","guid":{"rendered":"https:\/\/sayoh.com\/?post_type=product&#038;p=31281"},"modified":"2026-04-23T10:08:59","modified_gmt":"2026-04-23T08:08:59","slug":"intense-dolls-scarlett-inflatable-doll-with-three-orifices","status":"publish","type":"product","link":"https:\/\/sayoh.com\/de\/produkt\/intense-dolls-scarlett-inflatable-doll-with-three-orifices\/","title":{"rendered":"INTENSE DOLLS &#8211; SCARLETT INFLATABLE DOLL WITH THREE ORIFICES"},"content":{"rendered":"<h2>Discover Something Special<\/h2>\n<p>In dem Moment, in dem Sie die <strong>INTENSE DOLLS &#8211; SCARLETT INFLATABLE DOLL WITH THREE ORIFICES<\/strong> in your hands, you will feel the difference. This is not another generic pleasure product \u2014 it is a carefully engineered pleasure product from INTENSE BODIES &amp; MASTURBATORS that prioritises your satisfaction above all else.<\/p>\n<p>What makes this pleasure product truly stand out is the way it feels in use. Every contour, every texture, every detail has been considered to maximise your experience. The <strong>INTENSE DOLLS &#8211; SCARLETT INFLATABLE DOLL WITH THREE ORIFICES<\/strong> erf\u00fcllt nicht nur die Erwartungen - es definiert sie neu.<\/p>\n<h2>Quality You Can Feel<\/h2>\n<p>Schon beim Auspacken wird die Liebe zum Detail deutlich. Die glatte Oberfl\u00e4che, die ergonomischen Kurven, das angenehme Gewicht - alles am <strong>INTENSE DOLLS &#8211; SCARLETT INFLATABLE DOLL WITH THREE ORIFICES<\/strong> sagt Premium. Dies ist ein Produkt, das Ihren K\u00f6rper und Ihr Vergn\u00fcgen respektiert.<\/p>\n<p>The versatility on offer here is remarkable. Solo or partnered, gentle or intense, this pleasure product lets you set the pace and explore at your comfort level. And with INTENSE BODIES &amp; MASTURBATORS&#8217;s commitment to body-safe materials, you can relax and focus entirely on the experience.<\/p>\n<h2>Mehr als nur ein h\u00fcbsches Design<\/h2>\n<p>Durability and hygiene matter just as much as pleasure, and INTENSE BODIES &amp; MASTURBATORS delivers on both. The <strong>INTENSE DOLLS &#8211; SCARLETT INFLATABLE DOLL WITH THREE ORIFICES<\/strong> wird aus hochwertigen, leicht zu reinigenden Materialien hergestellt, die ihre Qualit\u00e4t \u00fcber lange Zeit beibehalten. Es ist eine kluge Investition in Ihr dauerhaftes Wohlbefinden.<\/p>\n<p>Wir bei Sayoh sind der Meinung, dass jeder Zugang zu qualitativ hochwertigen Intimprodukten verdient, ohne zu urteilen. Ihre Bestellung wird in einer v\u00f6llig unauff\u00e4lligen Verpackung versandt, und unsere schnelle d\u00e4nische Lieferung bedeutet, dass Sie Ihre neuen Produkte schon bald genie\u00dfen k\u00f6nnen. <strong>INTENSE DOLLS &#8211; SCARLETT INFLATABLE DOLL WITH THREE ORIFICES<\/strong> fr\u00fcher als Sie denken.<\/p>\n<h2>Wesentliche Merkmale<\/h2>\n<ul>\n<li>Gefertigt aus k\u00f6rpervertr\u00e4glichen Materialien f\u00fcr Ihren Seelenfrieden<\/li>\n<li>Vollst\u00e4ndig wasserdicht - nehmen Sie Ihr Vergn\u00fcgen mit in die Badewanne oder Dusche<\/li>\n<li>\u00dcber USB wiederaufladbar - immer bereit, wenn Sie es sind, keine Batterien erforderlich<\/li>\n<li>Diskrete Verpackung und schnelle Lieferung in ganz D\u00e4nemark<\/li>\n<li>Premium quality by INTENSE BODIES &amp; MASTURBATORS<\/li>\n<li>Leicht zu reinigen und zu pflegen f\u00fcr dauerhafte Freude<\/li>\n<\/ul>","protected":false},"excerpt":{"rendered":"<p>Die <strong>INTENSE DOLLS &#8211; SCARLETT INFLATABLE DOLL WITH THREE ORIFICES<\/strong> from INTENSE BODIES &amp; MASTURBATORS is the pleasure product you have been looking for. Designed for comfort, built for pleasure, and delivered discreetly to your door across Denmark.<\/p>","protected":false},"featured_media":31253,"comment_status":"open","ping_status":"closed","template":"","meta":{"_crdt_document":"","_monsterinsights_skip_tracking":false,"_monsterinsights_sitenote_active":false,"_monsterinsights_sitenote_note":"","_monsterinsights_sitenote_category":0,"jetpack_publicize_message":"","jetpack_publicize_feature_enabled":true,"jetpack_social_post_already_shared":true,"jetpack_social_options":{"image_generator_settings":{"template":"highway","default_image_id":0,"font":"","enabled":false},"version":2},"_wpas_customize_per_network":false},"product_brand":[],"product_cat":[1483,1464,1463],"product_tag":[1484,1467,1569,1486],"class_list":{"0":"post-31281","1":"product","2":"type-product","3":"status-publish","4":"has-post-thumbnail","6":"product_cat-dolls","7":"product_cat-masturbator","8":"product_cat-men","9":"product_tag-doll","10":"product_tag-masturbator","11":"product_tag-penetration","12":"product_tag-sex-doll","14":"first","15":"instock","16":"taxable","17":"shipping-taxable","18":"purchasable","19":"product-type-simple"},"yoast_head":"<!-- This site is optimized with the Yoast SEO Premium plugin v27.1 (Yoast SEO v27.4) - https:\/\/yoast.com\/product\/yoast-seo-premium-wordpress\/ -->\n<title>INTENSE DOLLS - SCARLETT INFLATABLE DOLL WITH THREE ORIFICES - SayOh<\/title>\n<meta name=\"description\" content=\"Shop the intense dolls scarlett inflatable \u2014 designed for unforgettable pleasure. Premium quality by INTENSE BODIES &amp; MASTURBATORS. Discreet delivery ac...\" \/>\n<meta name=\"robots\" content=\"index, follow, max-snippet:-1, max-image-preview:large, max-video-preview:-1\" \/>\n<link rel=\"canonical\" href=\"https:\/\/sayoh.com\/de\/produkt\/intense-dolls-scarlett-inflatable-doll-with-three-orifices\/\" \/>\n<meta property=\"og:locale\" content=\"de_DE\" \/>\n<meta property=\"og:type\" content=\"article\" \/>\n<meta property=\"og:title\" content=\"INTENSE DOLLS - SCARLETT INFLATABLE DOLL WITH THREE ORIFICES\" \/>\n<meta property=\"og:description\" content=\"Shop the intense dolls scarlett inflatable \u2014 designed for unforgettable pleasure. Premium quality by INTENSE BODIES &amp; MASTURBATORS. Discreet delivery ac...\" \/>\n<meta property=\"og:url\" content=\"https:\/\/sayoh.com\/de\/produkt\/intense-dolls-scarlett-inflatable-doll-with-three-orifices\/\" \/>\n<meta property=\"og:site_name\" content=\"SayOh\" \/>\n<meta property=\"article:modified_time\" content=\"2026-04-23T08:08:59+00:00\" \/>\n<meta property=\"og:image\" content=\"https:\/\/i0.wp.com\/sayoh.com\/wp-content\/uploads\/2026\/03\/img_218133_0cd0cc48cf15c0945444b121122994d8_1.png?fit=900%2C900&ssl=1\" \/>\n\t<meta property=\"og:image:width\" content=\"900\" \/>\n\t<meta property=\"og:image:height\" content=\"900\" \/>\n\t<meta property=\"og:image:type\" content=\"image\/png\" \/>\n<meta name=\"twitter:card\" content=\"summary_large_image\" \/>\n<meta name=\"twitter:label1\" content=\"Gesch\u00e4tzte Lesezeit\" \/>\n\t<meta name=\"twitter:data1\" content=\"2\u00a0Minuten\" \/>\n<script type=\"application\/ld+json\" class=\"yoast-schema-graph\">{\"@context\":\"https:\\\/\\\/schema.org\",\"@graph\":[{\"@type\":\"WebPage\",\"@id\":\"https:\\\/\\\/sayoh.com\\\/product\\\/intense-dolls-scarlett-inflatable-doll-with-three-orifices\\\/\",\"url\":\"https:\\\/\\\/sayoh.com\\\/product\\\/intense-dolls-scarlett-inflatable-doll-with-three-orifices\\\/\",\"name\":\"INTENSE DOLLS - SCARLETT INFLATABLE DOLL WITH THREE ORIFICES - SayOh\",\"isPartOf\":{\"@id\":\"https:\\\/\\\/sayoh.com\\\/#website\"},\"primaryImageOfPage\":{\"@id\":\"https:\\\/\\\/sayoh.com\\\/product\\\/intense-dolls-scarlett-inflatable-doll-with-three-orifices\\\/#primaryimage\"},\"image\":{\"@id\":\"https:\\\/\\\/sayoh.com\\\/product\\\/intense-dolls-scarlett-inflatable-doll-with-three-orifices\\\/#primaryimage\"},\"thumbnailUrl\":\"https:\\\/\\\/i0.wp.com\\\/sayoh.com\\\/wp-content\\\/uploads\\\/2026\\\/03\\\/img_218133_0cd0cc48cf15c0945444b121122994d8_1.png?fit=900%2C900&ssl=1\",\"datePublished\":\"2026-03-03T16:38:47+00:00\",\"dateModified\":\"2026-04-23T08:08:59+00:00\",\"description\":\"Shop the intense dolls scarlett inflatable \u2014 designed for unforgettable pleasure. Premium quality by INTENSE BODIES & MASTURBATORS. Discreet delivery ac...\",\"breadcrumb\":{\"@id\":\"https:\\\/\\\/sayoh.com\\\/product\\\/intense-dolls-scarlett-inflatable-doll-with-three-orifices\\\/#breadcrumb\"},\"inLanguage\":\"de\",\"potentialAction\":[{\"@type\":\"ReadAction\",\"target\":[\"https:\\\/\\\/sayoh.com\\\/product\\\/intense-dolls-scarlett-inflatable-doll-with-three-orifices\\\/\"]}]},{\"@type\":\"ImageObject\",\"inLanguage\":\"de\",\"@id\":\"https:\\\/\\\/sayoh.com\\\/product\\\/intense-dolls-scarlett-inflatable-doll-with-three-orifices\\\/#primaryimage\",\"url\":\"https:\\\/\\\/i0.wp.com\\\/sayoh.com\\\/wp-content\\\/uploads\\\/2026\\\/03\\\/img_218133_0cd0cc48cf15c0945444b121122994d8_1.png?fit=900%2C900&ssl=1\",\"contentUrl\":\"https:\\\/\\\/i0.wp.com\\\/sayoh.com\\\/wp-content\\\/uploads\\\/2026\\\/03\\\/img_218133_0cd0cc48cf15c0945444b121122994d8_1.png?fit=900%2C900&ssl=1\",\"width\":900,\"height\":900},{\"@type\":\"BreadcrumbList\",\"@id\":\"https:\\\/\\\/sayoh.com\\\/product\\\/intense-dolls-scarlett-inflatable-doll-with-three-orifices\\\/#breadcrumb\",\"itemListElement\":[{\"@type\":\"ListItem\",\"position\":1,\"name\":\"Home\",\"item\":\"https:\\\/\\\/sayoh.com\\\/\"},{\"@type\":\"ListItem\",\"position\":2,\"name\":\"Shop\",\"item\":\"https:\\\/\\\/sayoh.com\\\/shop\\\/\"},{\"@type\":\"ListItem\",\"position\":3,\"name\":\"INTENSE DOLLS &#8211; SCARLETT INFLATABLE DOLL WITH THREE ORIFICES\"}]},{\"@type\":\"WebSite\",\"@id\":\"https:\\\/\\\/sayoh.com\\\/#website\",\"url\":\"https:\\\/\\\/sayoh.com\\\/\",\"name\":\"Say Oh\",\"description\":\"Playful, fun and safe sex\",\"publisher\":{\"@id\":\"https:\\\/\\\/sayoh.com\\\/#organization\"},\"potentialAction\":[{\"@type\":\"SearchAction\",\"target\":{\"@type\":\"EntryPoint\",\"urlTemplate\":\"https:\\\/\\\/sayoh.com\\\/?s={search_term_string}\"},\"query-input\":{\"@type\":\"PropertyValueSpecification\",\"valueRequired\":true,\"valueName\":\"search_term_string\"}}],\"inLanguage\":\"de\"},{\"@type\":\"Organization\",\"@id\":\"https:\\\/\\\/sayoh.com\\\/#organization\",\"name\":\"Say Oh\",\"url\":\"https:\\\/\\\/sayoh.com\\\/\",\"logo\":{\"@type\":\"ImageObject\",\"inLanguage\":\"de\",\"@id\":\"https:\\\/\\\/sayoh.com\\\/#\\\/schema\\\/logo\\\/image\\\/\",\"url\":\"https:\\\/\\\/i0.wp.com\\\/sayoh.com\\\/wp-content\\\/uploads\\\/2023\\\/11\\\/cropped-image_123650291.jpg?fit=512%2C512&ssl=1\",\"contentUrl\":\"https:\\\/\\\/i0.wp.com\\\/sayoh.com\\\/wp-content\\\/uploads\\\/2023\\\/11\\\/cropped-image_123650291.jpg?fit=512%2C512&ssl=1\",\"width\":512,\"height\":512,\"caption\":\"Say Oh\"},\"image\":{\"@id\":\"https:\\\/\\\/sayoh.com\\\/#\\\/schema\\\/logo\\\/image\\\/\"}}]}<\/script>\n<!-- \/ Yoast SEO Premium plugin. -->","yoast_head_json":{"title":"INTENSE DOLLS - SCARLETT INFLATABLE DOLL WITH THREE ORIFICES - SayOh","description":"Shop the intense dolls scarlett inflatable \u2014 designed for unforgettable pleasure. Premium quality by INTENSE BODIES & MASTURBATORS. Discreet delivery ac...","robots":{"index":"index","follow":"follow","max-snippet":"max-snippet:-1","max-image-preview":"max-image-preview:large","max-video-preview":"max-video-preview:-1"},"canonical":"https:\/\/sayoh.com\/de\/produkt\/intense-dolls-scarlett-inflatable-doll-with-three-orifices\/","og_locale":"de_DE","og_type":"article","og_title":"INTENSE DOLLS - SCARLETT INFLATABLE DOLL WITH THREE ORIFICES","og_description":"Shop the intense dolls scarlett inflatable \u2014 designed for unforgettable pleasure. Premium quality by INTENSE BODIES & MASTURBATORS. Discreet delivery ac...","og_url":"https:\/\/sayoh.com\/de\/produkt\/intense-dolls-scarlett-inflatable-doll-with-three-orifices\/","og_site_name":"SayOh","article_modified_time":"2026-04-23T08:08:59+00:00","og_image":[{"width":900,"height":900,"url":"https:\/\/i0.wp.com\/sayoh.com\/wp-content\/uploads\/2026\/03\/img_218133_0cd0cc48cf15c0945444b121122994d8_1.png?fit=900%2C900&ssl=1","type":"image\/png"}],"twitter_card":"summary_large_image","twitter_misc":{"Gesch\u00e4tzte Lesezeit":"2\u00a0Minuten"},"schema":{"@context":"https:\/\/schema.org","@graph":[{"@type":"WebPage","@id":"https:\/\/sayoh.com\/product\/intense-dolls-scarlett-inflatable-doll-with-three-orifices\/","url":"https:\/\/sayoh.com\/product\/intense-dolls-scarlett-inflatable-doll-with-three-orifices\/","name":"INTENSE DOLLS - SCARLETT INFLATABLE DOLL WITH THREE ORIFICES - SayOh","isPartOf":{"@id":"https:\/\/sayoh.com\/#website"},"primaryImageOfPage":{"@id":"https:\/\/sayoh.com\/product\/intense-dolls-scarlett-inflatable-doll-with-three-orifices\/#primaryimage"},"image":{"@id":"https:\/\/sayoh.com\/product\/intense-dolls-scarlett-inflatable-doll-with-three-orifices\/#primaryimage"},"thumbnailUrl":"https:\/\/i0.wp.com\/sayoh.com\/wp-content\/uploads\/2026\/03\/img_218133_0cd0cc48cf15c0945444b121122994d8_1.png?fit=900%2C900&ssl=1","datePublished":"2026-03-03T16:38:47+00:00","dateModified":"2026-04-23T08:08:59+00:00","description":"Shop the intense dolls scarlett inflatable \u2014 designed for unforgettable pleasure. Premium quality by INTENSE BODIES & MASTURBATORS. Discreet delivery ac...","breadcrumb":{"@id":"https:\/\/sayoh.com\/product\/intense-dolls-scarlett-inflatable-doll-with-three-orifices\/#breadcrumb"},"inLanguage":"de","potentialAction":[{"@type":"ReadAction","target":["https:\/\/sayoh.com\/product\/intense-dolls-scarlett-inflatable-doll-with-three-orifices\/"]}]},{"@type":"ImageObject","inLanguage":"de","@id":"https:\/\/sayoh.com\/product\/intense-dolls-scarlett-inflatable-doll-with-three-orifices\/#primaryimage","url":"https:\/\/i0.wp.com\/sayoh.com\/wp-content\/uploads\/2026\/03\/img_218133_0cd0cc48cf15c0945444b121122994d8_1.png?fit=900%2C900&ssl=1","contentUrl":"https:\/\/i0.wp.com\/sayoh.com\/wp-content\/uploads\/2026\/03\/img_218133_0cd0cc48cf15c0945444b121122994d8_1.png?fit=900%2C900&ssl=1","width":900,"height":900},{"@type":"BreadcrumbList","@id":"https:\/\/sayoh.com\/product\/intense-dolls-scarlett-inflatable-doll-with-three-orifices\/#breadcrumb","itemListElement":[{"@type":"ListItem","position":1,"name":"Home","item":"https:\/\/sayoh.com\/"},{"@type":"ListItem","position":2,"name":"Shop","item":"https:\/\/sayoh.com\/shop\/"},{"@type":"ListItem","position":3,"name":"INTENSE DOLLS &#8211; SCARLETT INFLATABLE DOLL WITH THREE ORIFICES"}]},{"@type":"WebSite","@id":"https:\/\/sayoh.com\/#website","url":"https:\/\/sayoh.com\/","name":"Sag Oh","description":"Spiel, Spa\u00df und Safer Sex","publisher":{"@id":"https:\/\/sayoh.com\/#organization"},"potentialAction":[{"@type":"SearchAction","target":{"@type":"EntryPoint","urlTemplate":"https:\/\/sayoh.com\/?s={search_term_string}"},"query-input":{"@type":"PropertyValueSpecification","valueRequired":true,"valueName":"search_term_string"}}],"inLanguage":"de"},{"@type":"Organization","@id":"https:\/\/sayoh.com\/#organization","name":"Sag Oh","url":"https:\/\/sayoh.com\/","logo":{"@type":"ImageObject","inLanguage":"de","@id":"https:\/\/sayoh.com\/#\/schema\/logo\/image\/","url":"https:\/\/i0.wp.com\/sayoh.com\/wp-content\/uploads\/2023\/11\/cropped-image_123650291.jpg?fit=512%2C512&ssl=1","contentUrl":"https:\/\/i0.wp.com\/sayoh.com\/wp-content\/uploads\/2023\/11\/cropped-image_123650291.jpg?fit=512%2C512&ssl=1","width":512,"height":512,"caption":"Say Oh"},"image":{"@id":"https:\/\/sayoh.com\/#\/schema\/logo\/image\/"}}]}},"jetpack_publicize_connections":[],"jetpack_likes_enabled":true,"jetpack_sharing_enabled":true,"jetpack-related-posts":[{"id":31268,"url":"https:\/\/sayoh.com\/de\/produkt\/intense-dolls-irina-inflatable-doll-with-three-orifices\/","url_meta":{"origin":31281,"position":0},"title":"INTENSE DOLLS &#8211; IRINA INFLATABLE DOLL WITH THREE ORIFICES","author":"Admin","date":"M\u00e4rz 3, 2026","format":false,"excerpt":"The INTENSE DOLLS - IRINA INFLATABLE DOLL WITH THREE ORIFICES from INTENSE BODIES & MASTURBATORS is the pleasure product you have been looking for. Designed for comfort, built for pleasure, and delivered discreetly to your door across Denmark.","rel":"","context":"\u00c4hnlicher Beitrag","block_context":{"text":"\u00c4hnlicher Beitrag","link":""},"img":{"alt_text":"","src":"https:\/\/i0.wp.com\/sayoh.com\/wp-content\/uploads\/2026\/03\/img_218120_4de3f983fd602badc54a2e5291195f72_1.png?fit=900%2C900&ssl=1&resize=350%2C200","width":350,"height":200,"srcset":"https:\/\/i0.wp.com\/sayoh.com\/wp-content\/uploads\/2026\/03\/img_218120_4de3f983fd602badc54a2e5291195f72_1.png?fit=900%2C900&ssl=1&resize=350%2C200 1x, https:\/\/i0.wp.com\/sayoh.com\/wp-content\/uploads\/2026\/03\/img_218120_4de3f983fd602badc54a2e5291195f72_1.png?fit=900%2C900&ssl=1&resize=525%2C300 1.5x, https:\/\/i0.wp.com\/sayoh.com\/wp-content\/uploads\/2026\/03\/img_218120_4de3f983fd602badc54a2e5291195f72_1.png?fit=900%2C900&ssl=1&resize=700%2C400 2x"},"classes":[]},{"id":31319,"url":"https:\/\/sayoh.com\/de\/produkt\/intense-dolls-nicole-inflatable-doll-with-three-orifices\/","url_meta":{"origin":31281,"position":1},"title":"INTENSE DOLLS &#8211; NICOLE INFLATABLE DOLL WITH THREE ORIFICES","author":"Admin","date":"M\u00e4rz 3, 2026","format":false,"excerpt":"The INTENSE DOLLS - NICOLE INFLATABLE DOLL WITH THREE ORIFICES from INTENSE BODIES & MASTURBATORS is the pleasure product you have been looking for. Designed for comfort, built for pleasure, and delivered discreetly to your door across Denmark.","rel":"","context":"\u00c4hnlicher Beitrag","block_context":{"text":"\u00c4hnlicher Beitrag","link":""},"img":{"alt_text":"","src":"https:\/\/i0.wp.com\/sayoh.com\/wp-content\/uploads\/2026\/03\/img_218138_72c269002851b2bc80d7cda4b11ff6a9_1.png?fit=900%2C900&ssl=1&resize=350%2C200","width":350,"height":200,"srcset":"https:\/\/i0.wp.com\/sayoh.com\/wp-content\/uploads\/2026\/03\/img_218138_72c269002851b2bc80d7cda4b11ff6a9_1.png?fit=900%2C900&ssl=1&resize=350%2C200 1x, https:\/\/i0.wp.com\/sayoh.com\/wp-content\/uploads\/2026\/03\/img_218138_72c269002851b2bc80d7cda4b11ff6a9_1.png?fit=900%2C900&ssl=1&resize=525%2C300 1.5x, https:\/\/i0.wp.com\/sayoh.com\/wp-content\/uploads\/2026\/03\/img_218138_72c269002851b2bc80d7cda4b11ff6a9_1.png?fit=900%2C900&ssl=1&resize=700%2C400 2x"},"classes":[]},{"id":31277,"url":"https:\/\/sayoh.com\/de\/produkt\/intense-dolls-ingrid-inflatable-doll-with-three-orifices\/","url_meta":{"origin":31281,"position":2},"title":"INTENSE DOLLS &#8211; INGRID INFLATABLE DOLL WITH THREE ORIFICES","author":"Admin","date":"M\u00e4rz 3, 2026","format":false,"excerpt":"Discover the INTENSE DOLLS - INGRID INFLATABLE DOLL WITH THREE ORIFICES by INTENSE BODIES & MASTURBATORS. This thoughtfully crafted pleasure product is designed to hit every right note, whether you are exploring solo or with a partner. Premium quality, discreet delivery.","rel":"","context":"\u00c4hnlicher Beitrag","block_context":{"text":"\u00c4hnlicher Beitrag","link":""},"img":{"alt_text":"","src":"https:\/\/i0.wp.com\/sayoh.com\/wp-content\/uploads\/2026\/03\/img_218130_64dccacb87187055d3abd0bd9e48b393_1.png?fit=900%2C900&ssl=1&resize=350%2C200","width":350,"height":200,"srcset":"https:\/\/i0.wp.com\/sayoh.com\/wp-content\/uploads\/2026\/03\/img_218130_64dccacb87187055d3abd0bd9e48b393_1.png?fit=900%2C900&ssl=1&resize=350%2C200 1x, https:\/\/i0.wp.com\/sayoh.com\/wp-content\/uploads\/2026\/03\/img_218130_64dccacb87187055d3abd0bd9e48b393_1.png?fit=900%2C900&ssl=1&resize=525%2C300 1.5x, https:\/\/i0.wp.com\/sayoh.com\/wp-content\/uploads\/2026\/03\/img_218130_64dccacb87187055d3abd0bd9e48b393_1.png?fit=900%2C900&ssl=1&resize=700%2C400 2x"},"classes":[]},{"id":31269,"url":"https:\/\/sayoh.com\/de\/produkt\/intense-dolls-monique-inflatable-doll-with-three-orifices\/","url_meta":{"origin":31281,"position":3},"title":"INTENSE DOLLS &#8211; MONIQUE INFLATABLE DOLL WITH THREE ORIFICES","author":"Admin","date":"M\u00e4rz 3, 2026","format":false,"excerpt":"Discover the INTENSE DOLLS - MONIQUE INFLATABLE DOLL WITH THREE ORIFICES by INTENSE BODIES & MASTURBATORS. This thoughtfully crafted pleasure product is designed to hit every right note, whether you are exploring solo or with a partner. Premium quality, discreet delivery.","rel":"","context":"\u00c4hnlicher Beitrag","block_context":{"text":"\u00c4hnlicher Beitrag","link":""},"img":{"alt_text":"","src":"https:\/\/i0.wp.com\/sayoh.com\/wp-content\/uploads\/2026\/03\/img_218124_7187646f997a770f3f6d6d6c8792a3ba_1.png?fit=900%2C900&ssl=1&resize=350%2C200","width":350,"height":200,"srcset":"https:\/\/i0.wp.com\/sayoh.com\/wp-content\/uploads\/2026\/03\/img_218124_7187646f997a770f3f6d6d6c8792a3ba_1.png?fit=900%2C900&ssl=1&resize=350%2C200 1x, https:\/\/i0.wp.com\/sayoh.com\/wp-content\/uploads\/2026\/03\/img_218124_7187646f997a770f3f6d6d6c8792a3ba_1.png?fit=900%2C900&ssl=1&resize=525%2C300 1.5x, https:\/\/i0.wp.com\/sayoh.com\/wp-content\/uploads\/2026\/03\/img_218124_7187646f997a770f3f6d6d6c8792a3ba_1.png?fit=900%2C900&ssl=1&resize=700%2C400 2x"},"classes":[]},{"id":31321,"url":"https:\/\/sayoh.com\/de\/produkt\/intense-dolls-anthony-inflatable-doll-with-3d-penis\/","url_meta":{"origin":31281,"position":4},"title":"INTENSE DOLLS &#8211; ANTHONY INFLATABLE DOLL WITH 3D PENIS","author":"Admin","date":"M\u00e4rz 3, 2026","format":false,"excerpt":"The INTENSE DOLLS - ANTHONY INFLATABLE DOLL WITH 3D PENIS by INTENSE BODIES & MASTURBATORS delivers exactly what you need \u2014 intense, reliable pleasure in a beautifully designed package. This premium pleasure product is perfect for anyone who refuses to settle for less.","rel":"","context":"\u00c4hnlicher Beitrag","block_context":{"text":"\u00c4hnlicher Beitrag","link":""},"img":{"alt_text":"","src":"https:\/\/i0.wp.com\/sayoh.com\/wp-content\/uploads\/2026\/03\/img_218142_36cb7cc623f81e93705188d50cecfe61_1.png?fit=900%2C900&ssl=1&resize=350%2C200","width":350,"height":200,"srcset":"https:\/\/i0.wp.com\/sayoh.com\/wp-content\/uploads\/2026\/03\/img_218142_36cb7cc623f81e93705188d50cecfe61_1.png?fit=900%2C900&ssl=1&resize=350%2C200 1x, https:\/\/i0.wp.com\/sayoh.com\/wp-content\/uploads\/2026\/03\/img_218142_36cb7cc623f81e93705188d50cecfe61_1.png?fit=900%2C900&ssl=1&resize=525%2C300 1.5x, https:\/\/i0.wp.com\/sayoh.com\/wp-content\/uploads\/2026\/03\/img_218142_36cb7cc623f81e93705188d50cecfe61_1.png?fit=900%2C900&ssl=1&resize=700%2C400 2x"},"classes":[]},{"id":36977,"url":"https:\/\/sayoh.com\/de\/produkt\/hidden-desire-dirty-destiny-inflatable-doll-145-cm\/","url_meta":{"origin":31281,"position":5},"title":"HIDDEN DESIRE &#8211; DIRTY DESTINY INFLATABLE DOLL 145 CM","author":"Admin","date":"M\u00e4rz 19, 2026","format":false,"excerpt":"The HIDDEN DESIRE - DIRTY DESTINY INFLATABLE DOLL 145 CM by HIDDEN DESIRE delivers exactly what you need \u2014 intense, reliable pleasure in a beautifully designed package. This premium pleasure product is perfect for anyone who refuses to settle for less.","rel":"","context":"\u00c4hnlicher Beitrag","block_context":{"text":"\u00c4hnlicher Beitrag","link":""},"img":{"alt_text":"","src":"https:\/\/i0.wp.com\/sayoh.com\/wp-content\/uploads\/2026\/03\/img_222268_4c9f407912c86acc61dc9375be4c04a4_1.jpg?fit=900%2C900&ssl=1&resize=350%2C200","width":350,"height":200,"srcset":"https:\/\/i0.wp.com\/sayoh.com\/wp-content\/uploads\/2026\/03\/img_222268_4c9f407912c86acc61dc9375be4c04a4_1.jpg?fit=900%2C900&ssl=1&resize=350%2C200 1x, https:\/\/i0.wp.com\/sayoh.com\/wp-content\/uploads\/2026\/03\/img_222268_4c9f407912c86acc61dc9375be4c04a4_1.jpg?fit=900%2C900&ssl=1&resize=525%2C300 1.5x, https:\/\/i0.wp.com\/sayoh.com\/wp-content\/uploads\/2026\/03\/img_222268_4c9f407912c86acc61dc9375be4c04a4_1.jpg?fit=900%2C900&ssl=1&resize=700%2C400 2x"},"classes":[]}],"_links":{"self":[{"href":"https:\/\/sayoh.com\/de\/wp-json\/wp\/v2\/product\/31281","targetHints":{"allow":["GET"]}}],"collection":[{"href":"https:\/\/sayoh.com\/de\/wp-json\/wp\/v2\/product"}],"about":[{"href":"https:\/\/sayoh.com\/de\/wp-json\/wp\/v2\/types\/product"}],"replies":[{"embeddable":true,"href":"https:\/\/sayoh.com\/de\/wp-json\/wp\/v2\/comments?post=31281"}],"version-history":[{"count":0,"href":"https:\/\/sayoh.com\/de\/wp-json\/wp\/v2\/product\/31281\/revisions"}],"wp:featuredmedia":[{"embeddable":true,"href":"https:\/\/sayoh.com\/de\/wp-json\/wp\/v2\/media\/31253"}],"wp:attachment":[{"href":"https:\/\/sayoh.com\/de\/wp-json\/wp\/v2\/media?parent=31281"}],"wp:term":[{"taxonomy":"product_brand","embeddable":true,"href":"https:\/\/sayoh.com\/de\/wp-json\/wp\/v2\/product_brand?post=31281"},{"taxonomy":"product_cat","embeddable":true,"href":"https:\/\/sayoh.com\/de\/wp-json\/wp\/v2\/product_cat?post=31281"},{"taxonomy":"product_tag","embeddable":true,"href":"https:\/\/sayoh.com\/de\/wp-json\/wp\/v2\/product_tag?post=31281"}],"curies":[{"name":"wp","href":"https:\/\/api.w.org\/{rel}","templated":true}]}}