{"id":31353,"date":"2026-03-03T17:38:59","date_gmt":"2026-03-03T16:38:59","guid":{"rendered":"https:\/\/sayoh.com\/?post_type=product&#038;p=31353"},"modified":"2026-03-26T09:07:02","modified_gmt":"2026-03-26T08:07:02","slug":"climaximum-dare-kit-twisted-vibrator-anal-plug-beginner","status":"publish","type":"product","link":"https:\/\/sayoh.com\/de\/produkt\/climaximum-dare-kit-twisted-vibrator-anal-plug-beginner\/","title":{"rendered":"CLIMAXIMUM &#8211; DARE KIT TWISTED VIBRATOR + ANAL PLUG BEGINNER"},"content":{"rendered":"<h2>Why the Dare Kit Twisted Vibrator + Anal Plug Beginner Stands Out<\/h2>\n<p>Es hat etwas zutiefst Befriedigendes, einen Vibrator zu finden, der es einfach richtig macht. Der <strong>CLIMAXIMUM &#8211; DARE KIT TWISTED VIBRATOR + ANAL PLUG BEGINNER<\/strong> by CLIMAXIMUM is one of those rare finds \u2014 thoughtfully crafted, beautifully designed, and built to deliver exactly the kind of pleasure you have been searching for.<\/p>\n<p>Ob Sie nun auf eigene Faust auf Entdeckungstour gehen oder einen intimen Abend mit Ihrem Partner verbringen, das <strong>CLIMAXIMUM &#8211; DARE KIT TWISTED VIBRATOR + ANAL PLUG BEGINNER<\/strong> passt sich an Ihre Stimmung und Ihre W\u00fcnsche an. Sein Design l\u00e4dt dazu ein, sich Zeit zu nehmen, herauszufinden, was sich am besten anf\u00fchlt, und sich im Moment zu verlieren. Dies ist die Art von Produkt, die einen festen Platz in Ihrer Nachttischschublade verdient.<\/p>\n<h2>Ihr neuer Favorit zum Entspannen<\/h2>\n<p>Schon beim Auspacken wird die Liebe zum Detail deutlich. Die glatte Oberfl\u00e4che, die ergonomischen Kurven, das angenehme Gewicht - alles am <strong>CLIMAXIMUM &#8211; DARE KIT TWISTED VIBRATOR + ANAL PLUG BEGINNER<\/strong> sagt Premium. Dies ist ein Produkt, das Ihren K\u00f6rper und Ihr Vergn\u00fcgen respektiert.<\/p>\n<p>The versatility on offer here is remarkable. Solo or partnered, gentle or intense, this vibrator lets you set the pace and explore at your comfort level. And with CLIMAXIMUM&#8217;s commitment to body-safe materials, you can relax and focus entirely on the experience.<\/p>\n<h2>Gebaut f\u00fcr das echte Leben<\/h2>\n<p>\u00dcber das Vergn\u00fcgen hinaus, das <strong>CLIMAXIMUM &#8211; DARE KIT TWISTED VIBRATOR + ANAL PLUG BEGINNER<\/strong> punktet vor allem durch seine Praktikabilit\u00e4t. Er ist leicht zu reinigen, einfach aufzubewahren und so gebaut, dass er viele Sitzungen \u00fcberdauert. Die Materialien sind hypoallergen und k\u00f6rpervertr\u00e4glich, so dass Sie sich um nichts k\u00fcmmern m\u00fcssen, au\u00dfer um Ihren Spa\u00df.<\/p>\n<p>Die Bestellung ist v\u00f6llig diskret - Ihr Paket kommt in einer schlichten, unmarkierten Verpackung ohne Hinweise auf den Inhalt an. Die Lieferung in D\u00e4nemark erfolgt schnell und zuverl\u00e4ssig, so dass Sie nicht lange warten m\u00fcssen, um Ihren neuen Lieblingsvibrator auszuprobieren.<\/p>\n<h2>Wesentliche Merkmale<\/h2>\n<ul>\n<li>Gefertigt aus k\u00f6rpervertr\u00e4glichen Materialien f\u00fcr Ihren Seelenfrieden<\/li>\n<li>Vollst\u00e4ndig wasserdicht - nehmen Sie Ihr Vergn\u00fcgen mit in die Badewanne oder Dusche<\/li>\n<li>10 Vibrationsmodi zur Erkundung aller Schattierungen des Vergn\u00fcgens<\/li>\n<li>Diskrete Verpackung und schnelle Lieferung in ganz D\u00e4nemark<\/li>\n<li>Premium quality by CLIMAXIMUM<\/li>\n<li>Leicht zu reinigen und zu pflegen f\u00fcr dauerhafte Freude<\/li>\n<\/ul>","protected":false},"excerpt":{"rendered":"<p>Meet the <strong>CLIMAXIMUM &#8211; DARE KIT TWISTED VIBRATOR + ANAL PLUG BEGINNER<\/strong> from CLIMAXIMUM \u2014 a vibrator that combines stunning design with unforgettable performance. Treat yourself to something that truly elevates the experience.<\/p>","protected":false},"featured_media":31332,"comment_status":"open","ping_status":"closed","template":"","meta":{"_crdt_document":"","_monsterinsights_skip_tracking":false,"_monsterinsights_sitenote_active":false,"_monsterinsights_sitenote_note":"","_monsterinsights_sitenote_category":0,"jetpack_publicize_message":"","jetpack_publicize_feature_enabled":true,"jetpack_social_post_already_shared":true,"jetpack_social_options":{"image_generator_settings":{"template":"highway","default_image_id":0,"font":"","enabled":false},"version":2},"_wpas_customize_per_network":false},"product_brand":[],"product_cat":[1552,1558,1598,1603,1562,1580,1463,1600,1455,1454],"product_tag":[1556,1587,1557,1582,1599,1581,1569,1458],"class_list":{"0":"post-31353","1":"product","2":"type-product","3":"status-publish","4":"has-post-thumbnail","6":"product_cat-anal","7":"product_cat-buttplug","8":"product_cat-couples","9":"product_cat-couples-toys","10":"product_cat-anal-dildo","11":"product_cat-lgbt","12":"product_cat-men","13":"product_cat-sex-games","14":"product_cat-vibrator","15":"product_cat-women","16":"product_tag-anal","17":"product_tag-bundles","18":"product_tag-couples","19":"product_tag-gay","20":"product_tag-gift-set","21":"product_tag-lgbt","22":"product_tag-penetration","23":"product_tag-vibrator","25":"first","26":"instock","27":"taxable","28":"shipping-taxable","29":"purchasable","30":"product-type-simple"},"yoast_head":"<!-- This site is optimized with the Yoast SEO Premium plugin v27.1 (Yoast SEO v27.4) - https:\/\/yoast.com\/product\/yoast-seo-premium-wordpress\/ -->\n<title>CLIMAXIMUM - DARE KIT TWISTED VIBRATOR + ANAL PLUG BEGINNER - SayOh<\/title>\n<meta name=\"description\" content=\"Shop the climaximum dare kit twisted \u2014 designed for unforgettable pleasure. Premium quality by CLIMAXIMUM. Discreet delivery across Denmark.\" \/>\n<meta name=\"robots\" content=\"index, follow, max-snippet:-1, max-image-preview:large, max-video-preview:-1\" \/>\n<link rel=\"canonical\" href=\"https:\/\/sayoh.com\/de\/produkt\/climaximum-dare-kit-twisted-vibrator-anal-plug-beginner\/\" \/>\n<meta property=\"og:locale\" content=\"de_DE\" \/>\n<meta property=\"og:type\" content=\"article\" \/>\n<meta property=\"og:title\" content=\"CLIMAXIMUM - DARE KIT TWISTED VIBRATOR + ANAL PLUG BEGINNER\" \/>\n<meta property=\"og:description\" content=\"Shop the climaximum dare kit twisted \u2014 designed for unforgettable pleasure. Premium quality by CLIMAXIMUM. Discreet delivery across Denmark.\" \/>\n<meta property=\"og:url\" content=\"https:\/\/sayoh.com\/de\/produkt\/climaximum-dare-kit-twisted-vibrator-anal-plug-beginner\/\" \/>\n<meta property=\"og:site_name\" content=\"SayOh\" \/>\n<meta property=\"article:modified_time\" content=\"2026-03-26T08:07:02+00:00\" \/>\n<meta property=\"og:image\" content=\"https:\/\/i0.wp.com\/sayoh.com\/wp-content\/uploads\/2026\/03\/img_214219_4d74ebdb51994e029efe609259b2fbcf_1.jpg?fit=900%2C900&ssl=1\" \/>\n\t<meta property=\"og:image:width\" content=\"900\" \/>\n\t<meta property=\"og:image:height\" content=\"900\" \/>\n\t<meta property=\"og:image:type\" content=\"image\/jpeg\" \/>\n<meta name=\"twitter:card\" content=\"summary_large_image\" \/>\n<meta name=\"twitter:label1\" content=\"Gesch\u00e4tzte Lesezeit\" \/>\n\t<meta name=\"twitter:data1\" content=\"2\u00a0Minuten\" \/>\n<script type=\"application\/ld+json\" class=\"yoast-schema-graph\">{\"@context\":\"https:\\\/\\\/schema.org\",\"@graph\":[{\"@type\":\"WebPage\",\"@id\":\"https:\\\/\\\/sayoh.com\\\/product\\\/climaximum-dare-kit-twisted-vibrator-anal-plug-beginner\\\/\",\"url\":\"https:\\\/\\\/sayoh.com\\\/product\\\/climaximum-dare-kit-twisted-vibrator-anal-plug-beginner\\\/\",\"name\":\"CLIMAXIMUM - DARE KIT TWISTED VIBRATOR + ANAL PLUG BEGINNER - SayOh\",\"isPartOf\":{\"@id\":\"https:\\\/\\\/sayoh.com\\\/#website\"},\"primaryImageOfPage\":{\"@id\":\"https:\\\/\\\/sayoh.com\\\/product\\\/climaximum-dare-kit-twisted-vibrator-anal-plug-beginner\\\/#primaryimage\"},\"image\":{\"@id\":\"https:\\\/\\\/sayoh.com\\\/product\\\/climaximum-dare-kit-twisted-vibrator-anal-plug-beginner\\\/#primaryimage\"},\"thumbnailUrl\":\"https:\\\/\\\/i0.wp.com\\\/sayoh.com\\\/wp-content\\\/uploads\\\/2026\\\/03\\\/img_214219_4d74ebdb51994e029efe609259b2fbcf_1.jpg?fit=900%2C900&ssl=1\",\"datePublished\":\"2026-03-03T16:38:59+00:00\",\"dateModified\":\"2026-03-26T08:07:02+00:00\",\"description\":\"Shop the climaximum dare kit twisted \u2014 designed for unforgettable pleasure. Premium quality by CLIMAXIMUM. Discreet delivery across Denmark.\",\"breadcrumb\":{\"@id\":\"https:\\\/\\\/sayoh.com\\\/product\\\/climaximum-dare-kit-twisted-vibrator-anal-plug-beginner\\\/#breadcrumb\"},\"inLanguage\":\"de\",\"potentialAction\":[{\"@type\":\"ReadAction\",\"target\":[\"https:\\\/\\\/sayoh.com\\\/product\\\/climaximum-dare-kit-twisted-vibrator-anal-plug-beginner\\\/\"]}]},{\"@type\":\"ImageObject\",\"inLanguage\":\"de\",\"@id\":\"https:\\\/\\\/sayoh.com\\\/product\\\/climaximum-dare-kit-twisted-vibrator-anal-plug-beginner\\\/#primaryimage\",\"url\":\"https:\\\/\\\/i0.wp.com\\\/sayoh.com\\\/wp-content\\\/uploads\\\/2026\\\/03\\\/img_214219_4d74ebdb51994e029efe609259b2fbcf_1.jpg?fit=900%2C900&ssl=1\",\"contentUrl\":\"https:\\\/\\\/i0.wp.com\\\/sayoh.com\\\/wp-content\\\/uploads\\\/2026\\\/03\\\/img_214219_4d74ebdb51994e029efe609259b2fbcf_1.jpg?fit=900%2C900&ssl=1\",\"width\":900,\"height\":900},{\"@type\":\"BreadcrumbList\",\"@id\":\"https:\\\/\\\/sayoh.com\\\/product\\\/climaximum-dare-kit-twisted-vibrator-anal-plug-beginner\\\/#breadcrumb\",\"itemListElement\":[{\"@type\":\"ListItem\",\"position\":1,\"name\":\"Home\",\"item\":\"https:\\\/\\\/sayoh.com\\\/\"},{\"@type\":\"ListItem\",\"position\":2,\"name\":\"Shop\",\"item\":\"https:\\\/\\\/sayoh.com\\\/shop\\\/\"},{\"@type\":\"ListItem\",\"position\":3,\"name\":\"CLIMAXIMUM &#8211; DARE KIT TWISTED VIBRATOR + ANAL PLUG BEGINNER\"}]},{\"@type\":\"WebSite\",\"@id\":\"https:\\\/\\\/sayoh.com\\\/#website\",\"url\":\"https:\\\/\\\/sayoh.com\\\/\",\"name\":\"Say Oh\",\"description\":\"Playful, fun and safe sex\",\"publisher\":{\"@id\":\"https:\\\/\\\/sayoh.com\\\/#organization\"},\"potentialAction\":[{\"@type\":\"SearchAction\",\"target\":{\"@type\":\"EntryPoint\",\"urlTemplate\":\"https:\\\/\\\/sayoh.com\\\/?s={search_term_string}\"},\"query-input\":{\"@type\":\"PropertyValueSpecification\",\"valueRequired\":true,\"valueName\":\"search_term_string\"}}],\"inLanguage\":\"de\"},{\"@type\":\"Organization\",\"@id\":\"https:\\\/\\\/sayoh.com\\\/#organization\",\"name\":\"Say Oh\",\"url\":\"https:\\\/\\\/sayoh.com\\\/\",\"logo\":{\"@type\":\"ImageObject\",\"inLanguage\":\"de\",\"@id\":\"https:\\\/\\\/sayoh.com\\\/#\\\/schema\\\/logo\\\/image\\\/\",\"url\":\"https:\\\/\\\/i0.wp.com\\\/sayoh.com\\\/wp-content\\\/uploads\\\/2023\\\/11\\\/cropped-image_123650291.jpg?fit=512%2C512&ssl=1\",\"contentUrl\":\"https:\\\/\\\/i0.wp.com\\\/sayoh.com\\\/wp-content\\\/uploads\\\/2023\\\/11\\\/cropped-image_123650291.jpg?fit=512%2C512&ssl=1\",\"width\":512,\"height\":512,\"caption\":\"Say Oh\"},\"image\":{\"@id\":\"https:\\\/\\\/sayoh.com\\\/#\\\/schema\\\/logo\\\/image\\\/\"}}]}<\/script>\n<!-- \/ Yoast SEO Premium plugin. -->","yoast_head_json":{"title":"CLIMAXIMUM - DARE KIT TWISTED VIBRATOR + ANAL PLUG BEGINNER - SayOh","description":"Shop the climaximum dare kit twisted \u2014 designed for unforgettable pleasure. Premium quality by CLIMAXIMUM. Discreet delivery across Denmark.","robots":{"index":"index","follow":"follow","max-snippet":"max-snippet:-1","max-image-preview":"max-image-preview:large","max-video-preview":"max-video-preview:-1"},"canonical":"https:\/\/sayoh.com\/de\/produkt\/climaximum-dare-kit-twisted-vibrator-anal-plug-beginner\/","og_locale":"de_DE","og_type":"article","og_title":"CLIMAXIMUM - DARE KIT TWISTED VIBRATOR + ANAL PLUG BEGINNER","og_description":"Shop the climaximum dare kit twisted \u2014 designed for unforgettable pleasure. Premium quality by CLIMAXIMUM. Discreet delivery across Denmark.","og_url":"https:\/\/sayoh.com\/de\/produkt\/climaximum-dare-kit-twisted-vibrator-anal-plug-beginner\/","og_site_name":"SayOh","article_modified_time":"2026-03-26T08:07:02+00:00","og_image":[{"width":900,"height":900,"url":"https:\/\/i0.wp.com\/sayoh.com\/wp-content\/uploads\/2026\/03\/img_214219_4d74ebdb51994e029efe609259b2fbcf_1.jpg?fit=900%2C900&ssl=1","type":"image\/jpeg"}],"twitter_card":"summary_large_image","twitter_misc":{"Gesch\u00e4tzte Lesezeit":"2\u00a0Minuten"},"schema":{"@context":"https:\/\/schema.org","@graph":[{"@type":"WebPage","@id":"https:\/\/sayoh.com\/product\/climaximum-dare-kit-twisted-vibrator-anal-plug-beginner\/","url":"https:\/\/sayoh.com\/product\/climaximum-dare-kit-twisted-vibrator-anal-plug-beginner\/","name":"CLIMAXIMUM - DARE KIT TWISTED VIBRATOR + ANAL PLUG BEGINNER - SayOh","isPartOf":{"@id":"https:\/\/sayoh.com\/#website"},"primaryImageOfPage":{"@id":"https:\/\/sayoh.com\/product\/climaximum-dare-kit-twisted-vibrator-anal-plug-beginner\/#primaryimage"},"image":{"@id":"https:\/\/sayoh.com\/product\/climaximum-dare-kit-twisted-vibrator-anal-plug-beginner\/#primaryimage"},"thumbnailUrl":"https:\/\/i0.wp.com\/sayoh.com\/wp-content\/uploads\/2026\/03\/img_214219_4d74ebdb51994e029efe609259b2fbcf_1.jpg?fit=900%2C900&ssl=1","datePublished":"2026-03-03T16:38:59+00:00","dateModified":"2026-03-26T08:07:02+00:00","description":"Shop the climaximum dare kit twisted \u2014 designed for unforgettable pleasure. Premium quality by CLIMAXIMUM. Discreet delivery across Denmark.","breadcrumb":{"@id":"https:\/\/sayoh.com\/product\/climaximum-dare-kit-twisted-vibrator-anal-plug-beginner\/#breadcrumb"},"inLanguage":"de","potentialAction":[{"@type":"ReadAction","target":["https:\/\/sayoh.com\/product\/climaximum-dare-kit-twisted-vibrator-anal-plug-beginner\/"]}]},{"@type":"ImageObject","inLanguage":"de","@id":"https:\/\/sayoh.com\/product\/climaximum-dare-kit-twisted-vibrator-anal-plug-beginner\/#primaryimage","url":"https:\/\/i0.wp.com\/sayoh.com\/wp-content\/uploads\/2026\/03\/img_214219_4d74ebdb51994e029efe609259b2fbcf_1.jpg?fit=900%2C900&ssl=1","contentUrl":"https:\/\/i0.wp.com\/sayoh.com\/wp-content\/uploads\/2026\/03\/img_214219_4d74ebdb51994e029efe609259b2fbcf_1.jpg?fit=900%2C900&ssl=1","width":900,"height":900},{"@type":"BreadcrumbList","@id":"https:\/\/sayoh.com\/product\/climaximum-dare-kit-twisted-vibrator-anal-plug-beginner\/#breadcrumb","itemListElement":[{"@type":"ListItem","position":1,"name":"Home","item":"https:\/\/sayoh.com\/"},{"@type":"ListItem","position":2,"name":"Shop","item":"https:\/\/sayoh.com\/shop\/"},{"@type":"ListItem","position":3,"name":"CLIMAXIMUM &#8211; DARE KIT TWISTED VIBRATOR + ANAL PLUG BEGINNER"}]},{"@type":"WebSite","@id":"https:\/\/sayoh.com\/#website","url":"https:\/\/sayoh.com\/","name":"Sag Oh","description":"Spiel, Spa\u00df und Safer Sex","publisher":{"@id":"https:\/\/sayoh.com\/#organization"},"potentialAction":[{"@type":"SearchAction","target":{"@type":"EntryPoint","urlTemplate":"https:\/\/sayoh.com\/?s={search_term_string}"},"query-input":{"@type":"PropertyValueSpecification","valueRequired":true,"valueName":"search_term_string"}}],"inLanguage":"de"},{"@type":"Organization","@id":"https:\/\/sayoh.com\/#organization","name":"Sag Oh","url":"https:\/\/sayoh.com\/","logo":{"@type":"ImageObject","inLanguage":"de","@id":"https:\/\/sayoh.com\/#\/schema\/logo\/image\/","url":"https:\/\/i0.wp.com\/sayoh.com\/wp-content\/uploads\/2023\/11\/cropped-image_123650291.jpg?fit=512%2C512&ssl=1","contentUrl":"https:\/\/i0.wp.com\/sayoh.com\/wp-content\/uploads\/2023\/11\/cropped-image_123650291.jpg?fit=512%2C512&ssl=1","width":512,"height":512,"caption":"Say Oh"},"image":{"@id":"https:\/\/sayoh.com\/#\/schema\/logo\/image\/"}}]}},"jetpack_publicize_connections":[],"jetpack_likes_enabled":true,"jetpack_sharing_enabled":true,"jetpack-related-posts":[{"id":31388,"url":"https:\/\/sayoh.com\/de\/produkt\/climaximum-desire-kit-twisted-vibrator-anal-plug\/","url_meta":{"origin":31353,"position":0},"title":"CLIMAXIMUM &#8211; DESIRE KIT TWISTED VIBRATOR + ANAL PLUG","author":"Admin","date":"M\u00e4rz 3, 2026","format":false,"excerpt":"Meet the CLIMAXIMUM - DESIRE KIT TWISTED VIBRATOR + ANAL PLUG from CLIMAXIMUM \u2014 a vibrator that combines stunning design with unforgettable performance. Treat yourself to something that truly elevates the experience.","rel":"","context":"\u00c4hnlicher Beitrag","block_context":{"text":"\u00c4hnlicher Beitrag","link":""},"img":{"alt_text":"","src":"https:\/\/i0.wp.com\/sayoh.com\/wp-content\/uploads\/2026\/03\/img_214226_b1508a1957bae3eac553757dc1d423b8_1.jpg?fit=900%2C900&ssl=1&resize=350%2C200","width":350,"height":200,"srcset":"https:\/\/i0.wp.com\/sayoh.com\/wp-content\/uploads\/2026\/03\/img_214226_b1508a1957bae3eac553757dc1d423b8_1.jpg?fit=900%2C900&ssl=1&resize=350%2C200 1x, https:\/\/i0.wp.com\/sayoh.com\/wp-content\/uploads\/2026\/03\/img_214226_b1508a1957bae3eac553757dc1d423b8_1.jpg?fit=900%2C900&ssl=1&resize=525%2C300 1.5x, https:\/\/i0.wp.com\/sayoh.com\/wp-content\/uploads\/2026\/03\/img_214226_b1508a1957bae3eac553757dc1d423b8_1.jpg?fit=900%2C900&ssl=1&resize=700%2C400 2x"},"classes":[]},{"id":31380,"url":"https:\/\/sayoh.com\/de\/produkt\/climaximum-rapture-kit-vibrator-classic-beginner-anal-plug\/","url_meta":{"origin":31353,"position":1},"title":"CLIMAXIMUM &#8211; RAPTURE KIT VIBRATOR CLASSIC + BEGINNER ANAL PLUG","author":"Admin","date":"M\u00e4rz 3, 2026","format":false,"excerpt":"The CLIMAXIMUM - RAPTURE KIT VIBRATOR CLASSIC + BEGINNER ANAL PLUG from CLIMAXIMUM is the vibrator you have been looking for. Designed for comfort, built for pleasure, and delivered discreetly to your door across Denmark.","rel":"","context":"\u00c4hnlicher Beitrag","block_context":{"text":"\u00c4hnlicher Beitrag","link":""},"img":{"alt_text":"","src":"https:\/\/i0.wp.com\/sayoh.com\/wp-content\/uploads\/2026\/03\/img_214273_b38ea17aeb67fcfc6c7f7a29e2d37423_1.jpg?fit=900%2C900&ssl=1&resize=350%2C200","width":350,"height":200,"srcset":"https:\/\/i0.wp.com\/sayoh.com\/wp-content\/uploads\/2026\/03\/img_214273_b38ea17aeb67fcfc6c7f7a29e2d37423_1.jpg?fit=900%2C900&ssl=1&resize=350%2C200 1x, https:\/\/i0.wp.com\/sayoh.com\/wp-content\/uploads\/2026\/03\/img_214273_b38ea17aeb67fcfc6c7f7a29e2d37423_1.jpg?fit=900%2C900&ssl=1&resize=525%2C300 1.5x, https:\/\/i0.wp.com\/sayoh.com\/wp-content\/uploads\/2026\/03\/img_214273_b38ea17aeb67fcfc6c7f7a29e2d37423_1.jpg?fit=900%2C900&ssl=1&resize=700%2C400 2x"},"classes":[]},{"id":34182,"url":"https:\/\/sayoh.com\/de\/produkt\/intense-anal-plug-10-vibrations-metal-with-remote-control-m\/","url_meta":{"origin":31353,"position":2},"title":"INTENSE &#8211; ANAL PLUG 10 VIBRATIONS METAL WITH REMOTE CONTROL M","author":"Admin","date":"M\u00e4rz 6, 2026","format":false,"excerpt":"Meet the INTENSE - ANAL PLUG 10 VIBRATIONS METAL WITH REMOTE CONTROL M from INTENSE ANAL TOYS \u2014 a vibrator that combines stunning design with unforgettable performance. Treat yourself to something that truly elevates the experience.","rel":"","context":"\u00c4hnlicher Beitrag","block_context":{"text":"\u00c4hnlicher Beitrag","link":""},"img":{"alt_text":"","src":"https:\/\/i0.wp.com\/sayoh.com\/wp-content\/uploads\/2026\/03\/img_206404_58ce4fdd6f8eeec19430ef575f3612a7_1.png?fit=900%2C900&ssl=1&resize=350%2C200","width":350,"height":200,"srcset":"https:\/\/i0.wp.com\/sayoh.com\/wp-content\/uploads\/2026\/03\/img_206404_58ce4fdd6f8eeec19430ef575f3612a7_1.png?fit=900%2C900&ssl=1&resize=350%2C200 1x, https:\/\/i0.wp.com\/sayoh.com\/wp-content\/uploads\/2026\/03\/img_206404_58ce4fdd6f8eeec19430ef575f3612a7_1.png?fit=900%2C900&ssl=1&resize=525%2C300 1.5x, https:\/\/i0.wp.com\/sayoh.com\/wp-content\/uploads\/2026\/03\/img_206404_58ce4fdd6f8eeec19430ef575f3612a7_1.png?fit=900%2C900&ssl=1&resize=700%2C400 2x"},"classes":[]},{"id":33867,"url":"https:\/\/sayoh.com\/de\/produkt\/pretty-love-vibra-butt-plug-2-anal-plug-10-vibrations-black\/","url_meta":{"origin":31353,"position":3},"title":"PRETTY LOVE &#8211; VIBRA BUTT PLUG 2 ANAL PLUG 10 VIBRATIONS BLACK","author":"Admin","date":"M\u00e4rz 5, 2026","format":false,"excerpt":"Discover the PRETTY LOVE - VIBRA BUTT PLUG 2 ANAL PLUG 10 VIBRATIONS BLACK by PRETTY LOVE. This thoughtfully crafted vibrator is designed to hit every right note, whether you are exploring solo or with a partner. Premium quality, discreet delivery.","rel":"","context":"\u00c4hnlicher Beitrag","block_context":{"text":"\u00c4hnlicher Beitrag","link":""},"img":{"alt_text":"","src":"https:\/\/i0.wp.com\/sayoh.com\/wp-content\/uploads\/2026\/03\/img_197355_261c7b5aedfad9fed0e07e21396a925b_1.jpg?fit=800%2C800&ssl=1&resize=350%2C200","width":350,"height":200,"srcset":"https:\/\/i0.wp.com\/sayoh.com\/wp-content\/uploads\/2026\/03\/img_197355_261c7b5aedfad9fed0e07e21396a925b_1.jpg?fit=800%2C800&ssl=1&resize=350%2C200 1x, https:\/\/i0.wp.com\/sayoh.com\/wp-content\/uploads\/2026\/03\/img_197355_261c7b5aedfad9fed0e07e21396a925b_1.jpg?fit=800%2C800&ssl=1&resize=525%2C300 1.5x, https:\/\/i0.wp.com\/sayoh.com\/wp-content\/uploads\/2026\/03\/img_197355_261c7b5aedfad9fed0e07e21396a925b_1.jpg?fit=800%2C800&ssl=1&resize=700%2C400 2x"},"classes":[]},{"id":33813,"url":"https:\/\/sayoh.com\/de\/produkt\/intense-michael-vibrating-anal-plug-model-2-remote-control\/","url_meta":{"origin":31353,"position":4},"title":"INTENSE &#8211; MICHAEL VIBRATING ANAL PLUG MODEL 2 REMOTE CONTROL","author":"Admin","date":"M\u00e4rz 5, 2026","format":false,"excerpt":"Discover the INTENSE - MICHAEL VIBRATING ANAL PLUG MODEL 2 REMOTE CONTROL by INTENSE ANAL TOYS. This thoughtfully crafted vibrator is designed to hit every right note, whether you are exploring solo or with a partner. Premium quality, discreet delivery.","rel":"","context":"\u00c4hnlicher Beitrag","block_context":{"text":"\u00c4hnlicher Beitrag","link":""},"img":{"alt_text":"","src":"https:\/\/i0.wp.com\/sayoh.com\/wp-content\/uploads\/2026\/03\/img_196180_5f22140776d462a23be20ac4539e7771_1.png?fit=800%2C800&ssl=1&resize=350%2C200","width":350,"height":200,"srcset":"https:\/\/i0.wp.com\/sayoh.com\/wp-content\/uploads\/2026\/03\/img_196180_5f22140776d462a23be20ac4539e7771_1.png?fit=800%2C800&ssl=1&resize=350%2C200 1x, https:\/\/i0.wp.com\/sayoh.com\/wp-content\/uploads\/2026\/03\/img_196180_5f22140776d462a23be20ac4539e7771_1.png?fit=800%2C800&ssl=1&resize=525%2C300 1.5x, https:\/\/i0.wp.com\/sayoh.com\/wp-content\/uploads\/2026\/03\/img_196180_5f22140776d462a23be20ac4539e7771_1.png?fit=800%2C800&ssl=1&resize=700%2C400 2x"},"classes":[]},{"id":37310,"url":"https:\/\/sayoh.com\/de\/produkt\/fun-factory-bootie-vibe-anal-plug-vibrator-black\/","url_meta":{"origin":31353,"position":5},"title":"FUN FACTORY &#8211; BOOTIE VIBE ANAL PLUG VIBRATOR BLACK","author":"Admin","date":"M\u00e4rz 27, 2026","format":false,"excerpt":"Discover the FUN FACTORY - BOOTIE VIBE ANAL PLUG VIBRATOR BLACK by FUN FACTORY. This thoughtfully crafted vibrator is designed to hit every right note, whether you are exploring solo or with a partner. Premium quality, discreet delivery.","rel":"","context":"\u00c4hnlicher Beitrag","block_context":{"text":"\u00c4hnlicher Beitrag","link":""},"img":{"alt_text":"","src":"https:\/\/i0.wp.com\/sayoh.com\/wp-content\/uploads\/2026\/03\/img_214706_ca58d0f6221291ac11fb303c4b3e3b1b_1.jpg?fit=900%2C900&ssl=1&resize=350%2C200","width":350,"height":200,"srcset":"https:\/\/i0.wp.com\/sayoh.com\/wp-content\/uploads\/2026\/03\/img_214706_ca58d0f6221291ac11fb303c4b3e3b1b_1.jpg?fit=900%2C900&ssl=1&resize=350%2C200 1x, https:\/\/i0.wp.com\/sayoh.com\/wp-content\/uploads\/2026\/03\/img_214706_ca58d0f6221291ac11fb303c4b3e3b1b_1.jpg?fit=900%2C900&ssl=1&resize=525%2C300 1.5x, https:\/\/i0.wp.com\/sayoh.com\/wp-content\/uploads\/2026\/03\/img_214706_ca58d0f6221291ac11fb303c4b3e3b1b_1.jpg?fit=900%2C900&ssl=1&resize=700%2C400 2x"},"classes":[]}],"_links":{"self":[{"href":"https:\/\/sayoh.com\/de\/wp-json\/wp\/v2\/product\/31353","targetHints":{"allow":["GET"]}}],"collection":[{"href":"https:\/\/sayoh.com\/de\/wp-json\/wp\/v2\/product"}],"about":[{"href":"https:\/\/sayoh.com\/de\/wp-json\/wp\/v2\/types\/product"}],"replies":[{"embeddable":true,"href":"https:\/\/sayoh.com\/de\/wp-json\/wp\/v2\/comments?post=31353"}],"version-history":[{"count":0,"href":"https:\/\/sayoh.com\/de\/wp-json\/wp\/v2\/product\/31353\/revisions"}],"wp:featuredmedia":[{"embeddable":true,"href":"https:\/\/sayoh.com\/de\/wp-json\/wp\/v2\/media\/31332"}],"wp:attachment":[{"href":"https:\/\/sayoh.com\/de\/wp-json\/wp\/v2\/media?parent=31353"}],"wp:term":[{"taxonomy":"product_brand","embeddable":true,"href":"https:\/\/sayoh.com\/de\/wp-json\/wp\/v2\/product_brand?post=31353"},{"taxonomy":"product_cat","embeddable":true,"href":"https:\/\/sayoh.com\/de\/wp-json\/wp\/v2\/product_cat?post=31353"},{"taxonomy":"product_tag","embeddable":true,"href":"https:\/\/sayoh.com\/de\/wp-json\/wp\/v2\/product_tag?post=31353"}],"curies":[{"name":"wp","href":"https:\/\/api.w.org\/{rel}","templated":true}]}}