{"id":31428,"date":"2026-03-03T17:39:15","date_gmt":"2026-03-03T16:39:15","guid":{"rendered":"https:\/\/sayoh.com\/?post_type=product&#038;p=31428"},"modified":"2026-03-03T18:09:26","modified_gmt":"2026-03-03T17:09:26","slug":"xise-erica-thrusting-realistischen-torso-mit-weiblichen-vibrationen-84-cm","status":"publish","type":"product","link":"https:\/\/sayoh.com\/de\/produkt\/xise-erica-thrusting-realistischen-torso-mit-weiblichen-vibrationen-84-cm\/","title":{"rendered":"XISE - ERICA THRUSTING REALISTISCHEN TORSO MIT WEIBLICHEN VIBRATIONEN 84 CM"},"content":{"rendered":"<h2>Ihr neuer Favorit zum Entspannen<\/h2>\n<p>Es hat etwas zutiefst Befriedigendes, einen Vibrator zu finden, der es einfach richtig macht. Der <strong>XISE - ERICA THRUSTING REALISTISCHEN TORSO MIT WEIBLICHEN VIBRATIONEN 84 CM<\/strong> von XISE ist eine dieser seltenen Entdeckungen - durchdacht, wundersch\u00f6n gestaltet und gebaut, um genau die Art von Vergn\u00fcgen zu bieten, nach der Sie gesucht haben.<\/p>\n<p>Was diesen Vibrator wirklich auszeichnet, ist die Art und Weise, wie er sich beim Gebrauch anf\u00fchlt. Jede Kontur, jede Textur, jedes Detail wurde ber\u00fccksichtigt, um Ihr Erlebnis zu maximieren. Der <strong>XISE - ERICA THRUSTING REALISTISCHEN TORSO MIT WEIBLICHEN VIBRATIONEN 84 CM<\/strong> erf\u00fcllt nicht nur die Erwartungen - es definiert sie neu.<\/p>\n<h2>Warum der Erica Thrusting Realistic Torso With Female Vibration 84 Cm herausragt<\/h2>\n<p>Schon beim Auspacken wird die Liebe zum Detail deutlich. Die glatte Oberfl\u00e4che, die ergonomischen Kurven, das angenehme Gewicht - alles am <strong>XISE - ERICA THRUSTING REALISTISCHEN TORSO MIT WEIBLICHEN VIBRATIONEN 84 CM<\/strong> sagt Premium. Dies ist ein Produkt, das Ihren K\u00f6rper und Ihr Vergn\u00fcgen respektiert.<\/p>\n<p>Die Vielseitigkeit, die hier geboten wird, ist bemerkenswert. Ob allein oder zu zweit, sanft oder intensiv - mit diesem Vibrator k\u00f6nnen Sie das Tempo bestimmen und sich ganz nach Belieben austoben. Und da XISE auf k\u00f6rpervertr\u00e4gliche Materialien setzt, k\u00f6nnen Sie sich entspannen und ganz auf das Erlebnis konzentrieren.<\/p>\n<h2>Praktische Vorteile, auf die es ankommt<\/h2>\n<p>\u00dcber das Vergn\u00fcgen hinaus, das <strong>XISE - ERICA THRUSTING REALISTISCHEN TORSO MIT WEIBLICHEN VIBRATIONEN 84 CM<\/strong> punktet vor allem durch seine Praktikabilit\u00e4t. Er ist leicht zu reinigen, einfach aufzubewahren und so gebaut, dass er viele Sitzungen \u00fcberdauert. Die Materialien sind hypoallergen und k\u00f6rpervertr\u00e4glich, so dass Sie sich um nichts k\u00fcmmern m\u00fcssen, au\u00dfer um Ihren Spa\u00df.<\/p>\n<p>Wir bei Sayoh sind der Meinung, dass jeder Zugang zu qualitativ hochwertigen Intimprodukten verdient, ohne zu urteilen. Ihre Bestellung wird in einer v\u00f6llig unauff\u00e4lligen Verpackung versandt, und unsere schnelle d\u00e4nische Lieferung bedeutet, dass Sie Ihre neuen Produkte schon bald genie\u00dfen k\u00f6nnen. <strong>XISE - ERICA THRUSTING REALISTISCHEN TORSO MIT WEIBLICHEN VIBRATIONEN 84 CM<\/strong> fr\u00fcher als Sie denken.<\/p>\n<h2>Wesentliche Merkmale<\/h2>\n<ul>\n<li>Hergestellt aus k\u00f6rpervertr\u00e4glichem Material, das sich dem K\u00f6rper anpasst und sich seidig auf der Haut anf\u00fchlt<\/li>\n<li>Vollst\u00e4ndig wasserdicht - nehmen Sie Ihr Vergn\u00fcgen mit in die Badewanne oder Dusche<\/li>\n<li>\u00dcber USB wiederaufladbar - immer bereit, wenn Sie es sind, keine Batterien erforderlich<\/li>\n<li>Diskrete Verpackung und schnelle Lieferung in ganz D\u00e4nemark<\/li>\n<li>Premium-Qualit\u00e4t von XISE<\/li>\n<li>Leicht zu reinigen und zu pflegen f\u00fcr dauerhafte Freude<\/li>\n<\/ul>","protected":false},"excerpt":{"rendered":"<p>Die <strong>XISE - ERICA THRUSTING REALISTISCHEN TORSO MIT WEIBLICHEN VIBRATIONEN 84 CM<\/strong> von XISE ist der Vibrator, nach dem Sie schon lange gesucht haben. Entworfen f\u00fcr Komfort, gebaut f\u00fcr Vergn\u00fcgen, und diskret an Ihre T\u00fcr in D\u00e4nemark geliefert.<\/p>","protected":false},"featured_media":31398,"comment_status":"open","ping_status":"closed","template":"","meta":{"_crdt_document":"","_monsterinsights_skip_tracking":false,"_monsterinsights_sitenote_active":false,"_monsterinsights_sitenote_note":"","_monsterinsights_sitenote_category":0,"jetpack_publicize_message":"","jetpack_publicize_feature_enabled":true,"jetpack_social_post_already_shared":true,"jetpack_social_options":{"image_generator_settings":{"template":"highway","default_image_id":0,"font":"","enabled":false},"version":2},"_wpas_customize_per_network":false},"product_brand":[],"product_cat":[1552,1598,1562,1483,1580,1464,1463,1455,1454],"product_tag":[1556,1557,1484,1582,1581,1467,1569,1486,1458],"class_list":{"0":"post-31428","1":"product","2":"type-product","3":"status-publish","4":"has-post-thumbnail","6":"product_cat-anal","7":"product_cat-couples","8":"product_cat-anal-dildo","9":"product_cat-dolls","10":"product_cat-lgbt","11":"product_cat-masturbator","12":"product_cat-men","13":"product_cat-vibrator","14":"product_cat-women","15":"product_tag-anal","16":"product_tag-couples","17":"product_tag-doll","18":"product_tag-gay","19":"product_tag-lgbt","20":"product_tag-masturbator","21":"product_tag-penetration","22":"product_tag-sex-doll","23":"product_tag-vibrator","25":"first","26":"outofstock","27":"taxable","28":"shipping-taxable","29":"purchasable","30":"product-type-simple"},"yoast_head":"<!-- This site is optimized with the Yoast SEO Premium plugin v27.1 (Yoast SEO v27.4) - https:\/\/yoast.com\/product\/yoast-seo-premium-wordpress\/ -->\n<title>XISE - ERICA THRUSTING REALISTIC TORSO WITH FEMALE VIBRATION 84 CM - SayOh<\/title>\n<meta name=\"description\" content=\"Buy the xise erica thrusting realistic from XISE. A premium addition to your collection, crafted for maximum satisfaction. Discreet delivery in DK.\" \/>\n<meta name=\"robots\" content=\"index, follow, max-snippet:-1, max-image-preview:large, max-video-preview:-1\" \/>\n<link rel=\"canonical\" href=\"https:\/\/sayoh.com\/de\/produkt\/xise-erica-thrusting-realistischen-torso-mit-weiblichen-vibrationen-84-cm\/\" \/>\n<meta property=\"og:locale\" content=\"de_DE\" \/>\n<meta property=\"og:type\" content=\"article\" \/>\n<meta property=\"og:title\" content=\"XISE - ERICA THRUSTING REALISTIC TORSO WITH FEMALE VIBRATION 84 CM\" \/>\n<meta property=\"og:description\" content=\"Buy the xise erica thrusting realistic from XISE. A premium addition to your collection, crafted for maximum satisfaction. Discreet delivery in DK.\" \/>\n<meta property=\"og:url\" content=\"https:\/\/sayoh.com\/de\/produkt\/xise-erica-thrusting-realistischen-torso-mit-weiblichen-vibrationen-84-cm\/\" \/>\n<meta property=\"og:site_name\" content=\"SayOh\" \/>\n<meta property=\"article:modified_time\" content=\"2026-03-03T17:09:26+00:00\" \/>\n<meta property=\"og:image\" content=\"https:\/\/i0.wp.com\/sayoh.com\/wp-content\/uploads\/2026\/03\/img_204620_bb9c9c8176865852e2ebc12c19965d26_1.jpg?fit=900%2C900&ssl=1\" \/>\n\t<meta property=\"og:image:width\" content=\"900\" \/>\n\t<meta property=\"og:image:height\" content=\"900\" \/>\n\t<meta property=\"og:image:type\" content=\"image\/jpeg\" \/>\n<meta name=\"twitter:card\" content=\"summary_large_image\" \/>\n<meta name=\"twitter:label1\" content=\"Gesch\u00e4tzte Lesezeit\" \/>\n\t<meta name=\"twitter:data1\" content=\"2\u00a0Minuten\" \/>\n<script type=\"application\/ld+json\" class=\"yoast-schema-graph\">{\"@context\":\"https:\\\/\\\/schema.org\",\"@graph\":[{\"@type\":\"WebPage\",\"@id\":\"https:\\\/\\\/sayoh.com\\\/product\\\/xise-erica-thrusting-realistic-torso-with-female-vibration-84-cm\\\/\",\"url\":\"https:\\\/\\\/sayoh.com\\\/product\\\/xise-erica-thrusting-realistic-torso-with-female-vibration-84-cm\\\/\",\"name\":\"XISE - ERICA THRUSTING REALISTIC TORSO WITH FEMALE VIBRATION 84 CM - SayOh\",\"isPartOf\":{\"@id\":\"https:\\\/\\\/sayoh.com\\\/#website\"},\"primaryImageOfPage\":{\"@id\":\"https:\\\/\\\/sayoh.com\\\/product\\\/xise-erica-thrusting-realistic-torso-with-female-vibration-84-cm\\\/#primaryimage\"},\"image\":{\"@id\":\"https:\\\/\\\/sayoh.com\\\/product\\\/xise-erica-thrusting-realistic-torso-with-female-vibration-84-cm\\\/#primaryimage\"},\"thumbnailUrl\":\"https:\\\/\\\/i0.wp.com\\\/sayoh.com\\\/wp-content\\\/uploads\\\/2026\\\/03\\\/img_204620_bb9c9c8176865852e2ebc12c19965d26_1.jpg?fit=900%2C900&ssl=1\",\"datePublished\":\"2026-03-03T16:39:15+00:00\",\"dateModified\":\"2026-03-03T17:09:26+00:00\",\"description\":\"Buy the xise erica thrusting realistic from XISE. A premium addition to your collection, crafted for maximum satisfaction. Discreet delivery in DK.\",\"breadcrumb\":{\"@id\":\"https:\\\/\\\/sayoh.com\\\/product\\\/xise-erica-thrusting-realistic-torso-with-female-vibration-84-cm\\\/#breadcrumb\"},\"inLanguage\":\"de\",\"potentialAction\":[{\"@type\":\"ReadAction\",\"target\":[\"https:\\\/\\\/sayoh.com\\\/product\\\/xise-erica-thrusting-realistic-torso-with-female-vibration-84-cm\\\/\"]}]},{\"@type\":\"ImageObject\",\"inLanguage\":\"de\",\"@id\":\"https:\\\/\\\/sayoh.com\\\/product\\\/xise-erica-thrusting-realistic-torso-with-female-vibration-84-cm\\\/#primaryimage\",\"url\":\"https:\\\/\\\/i0.wp.com\\\/sayoh.com\\\/wp-content\\\/uploads\\\/2026\\\/03\\\/img_204620_bb9c9c8176865852e2ebc12c19965d26_1.jpg?fit=900%2C900&ssl=1\",\"contentUrl\":\"https:\\\/\\\/i0.wp.com\\\/sayoh.com\\\/wp-content\\\/uploads\\\/2026\\\/03\\\/img_204620_bb9c9c8176865852e2ebc12c19965d26_1.jpg?fit=900%2C900&ssl=1\",\"width\":900,\"height\":900},{\"@type\":\"BreadcrumbList\",\"@id\":\"https:\\\/\\\/sayoh.com\\\/product\\\/xise-erica-thrusting-realistic-torso-with-female-vibration-84-cm\\\/#breadcrumb\",\"itemListElement\":[{\"@type\":\"ListItem\",\"position\":1,\"name\":\"Home\",\"item\":\"https:\\\/\\\/sayoh.com\\\/\"},{\"@type\":\"ListItem\",\"position\":2,\"name\":\"Shop\",\"item\":\"https:\\\/\\\/sayoh.com\\\/shop\\\/\"},{\"@type\":\"ListItem\",\"position\":3,\"name\":\"XISE &#8211; ERICA THRUSTING REALISTIC TORSO WITH FEMALE VIBRATION 84 CM\"}]},{\"@type\":\"WebSite\",\"@id\":\"https:\\\/\\\/sayoh.com\\\/#website\",\"url\":\"https:\\\/\\\/sayoh.com\\\/\",\"name\":\"Say Oh\",\"description\":\"Playful, fun and safe sex\",\"publisher\":{\"@id\":\"https:\\\/\\\/sayoh.com\\\/#organization\"},\"potentialAction\":[{\"@type\":\"SearchAction\",\"target\":{\"@type\":\"EntryPoint\",\"urlTemplate\":\"https:\\\/\\\/sayoh.com\\\/?s={search_term_string}\"},\"query-input\":{\"@type\":\"PropertyValueSpecification\",\"valueRequired\":true,\"valueName\":\"search_term_string\"}}],\"inLanguage\":\"de\"},{\"@type\":\"Organization\",\"@id\":\"https:\\\/\\\/sayoh.com\\\/#organization\",\"name\":\"Say Oh\",\"url\":\"https:\\\/\\\/sayoh.com\\\/\",\"logo\":{\"@type\":\"ImageObject\",\"inLanguage\":\"de\",\"@id\":\"https:\\\/\\\/sayoh.com\\\/#\\\/schema\\\/logo\\\/image\\\/\",\"url\":\"https:\\\/\\\/i0.wp.com\\\/sayoh.com\\\/wp-content\\\/uploads\\\/2023\\\/11\\\/cropped-image_123650291.jpg?fit=512%2C512&ssl=1\",\"contentUrl\":\"https:\\\/\\\/i0.wp.com\\\/sayoh.com\\\/wp-content\\\/uploads\\\/2023\\\/11\\\/cropped-image_123650291.jpg?fit=512%2C512&ssl=1\",\"width\":512,\"height\":512,\"caption\":\"Say Oh\"},\"image\":{\"@id\":\"https:\\\/\\\/sayoh.com\\\/#\\\/schema\\\/logo\\\/image\\\/\"}}]}<\/script>\n<!-- \/ Yoast SEO Premium plugin. -->","yoast_head_json":{"title":"XISE - ERICA THRUSTING REALISTIC TORSO WITH FEMALE VIBRATION 84 CM - SayOh","description":"Kaufen Sie den xise erica thrusting realistisch von XISE. Eine Premium-Erg\u00e4nzung zu Ihrer Sammlung, gefertigt f\u00fcr maximale Zufriedenheit. Diskrete Lieferung in DK.","robots":{"index":"index","follow":"follow","max-snippet":"max-snippet:-1","max-image-preview":"max-image-preview:large","max-video-preview":"max-video-preview:-1"},"canonical":"https:\/\/sayoh.com\/de\/produkt\/xise-erica-thrusting-realistischen-torso-mit-weiblichen-vibrationen-84-cm\/","og_locale":"de_DE","og_type":"article","og_title":"XISE - ERICA THRUSTING REALISTIC TORSO WITH FEMALE VIBRATION 84 CM","og_description":"Buy the xise erica thrusting realistic from XISE. A premium addition to your collection, crafted for maximum satisfaction. Discreet delivery in DK.","og_url":"https:\/\/sayoh.com\/de\/produkt\/xise-erica-thrusting-realistischen-torso-mit-weiblichen-vibrationen-84-cm\/","og_site_name":"SayOh","article_modified_time":"2026-03-03T17:09:26+00:00","og_image":[{"width":900,"height":900,"url":"https:\/\/i0.wp.com\/sayoh.com\/wp-content\/uploads\/2026\/03\/img_204620_bb9c9c8176865852e2ebc12c19965d26_1.jpg?fit=900%2C900&ssl=1","type":"image\/jpeg"}],"twitter_card":"summary_large_image","twitter_misc":{"Gesch\u00e4tzte Lesezeit":"2\u00a0Minuten"},"schema":{"@context":"https:\/\/schema.org","@graph":[{"@type":"WebPage","@id":"https:\/\/sayoh.com\/product\/xise-erica-thrusting-realistic-torso-with-female-vibration-84-cm\/","url":"https:\/\/sayoh.com\/product\/xise-erica-thrusting-realistic-torso-with-female-vibration-84-cm\/","name":"XISE - ERICA THRUSTING REALISTIC TORSO WITH FEMALE VIBRATION 84 CM - SayOh","isPartOf":{"@id":"https:\/\/sayoh.com\/#website"},"primaryImageOfPage":{"@id":"https:\/\/sayoh.com\/product\/xise-erica-thrusting-realistic-torso-with-female-vibration-84-cm\/#primaryimage"},"image":{"@id":"https:\/\/sayoh.com\/product\/xise-erica-thrusting-realistic-torso-with-female-vibration-84-cm\/#primaryimage"},"thumbnailUrl":"https:\/\/i0.wp.com\/sayoh.com\/wp-content\/uploads\/2026\/03\/img_204620_bb9c9c8176865852e2ebc12c19965d26_1.jpg?fit=900%2C900&ssl=1","datePublished":"2026-03-03T16:39:15+00:00","dateModified":"2026-03-03T17:09:26+00:00","description":"Kaufen Sie den xise erica thrusting realistisch von XISE. Eine Premium-Erg\u00e4nzung zu Ihrer Sammlung, gefertigt f\u00fcr maximale Zufriedenheit. Diskrete Lieferung in DK.","breadcrumb":{"@id":"https:\/\/sayoh.com\/product\/xise-erica-thrusting-realistic-torso-with-female-vibration-84-cm\/#breadcrumb"},"inLanguage":"de","potentialAction":[{"@type":"ReadAction","target":["https:\/\/sayoh.com\/product\/xise-erica-thrusting-realistic-torso-with-female-vibration-84-cm\/"]}]},{"@type":"ImageObject","inLanguage":"de","@id":"https:\/\/sayoh.com\/product\/xise-erica-thrusting-realistic-torso-with-female-vibration-84-cm\/#primaryimage","url":"https:\/\/i0.wp.com\/sayoh.com\/wp-content\/uploads\/2026\/03\/img_204620_bb9c9c8176865852e2ebc12c19965d26_1.jpg?fit=900%2C900&ssl=1","contentUrl":"https:\/\/i0.wp.com\/sayoh.com\/wp-content\/uploads\/2026\/03\/img_204620_bb9c9c8176865852e2ebc12c19965d26_1.jpg?fit=900%2C900&ssl=1","width":900,"height":900},{"@type":"BreadcrumbList","@id":"https:\/\/sayoh.com\/product\/xise-erica-thrusting-realistic-torso-with-female-vibration-84-cm\/#breadcrumb","itemListElement":[{"@type":"ListItem","position":1,"name":"Home","item":"https:\/\/sayoh.com\/"},{"@type":"ListItem","position":2,"name":"Shop","item":"https:\/\/sayoh.com\/shop\/"},{"@type":"ListItem","position":3,"name":"XISE &#8211; ERICA THRUSTING REALISTIC TORSO WITH FEMALE VIBRATION 84 CM"}]},{"@type":"WebSite","@id":"https:\/\/sayoh.com\/#website","url":"https:\/\/sayoh.com\/","name":"Sag Oh","description":"Spiel, Spa\u00df und Safer Sex","publisher":{"@id":"https:\/\/sayoh.com\/#organization"},"potentialAction":[{"@type":"SearchAction","target":{"@type":"EntryPoint","urlTemplate":"https:\/\/sayoh.com\/?s={search_term_string}"},"query-input":{"@type":"PropertyValueSpecification","valueRequired":true,"valueName":"search_term_string"}}],"inLanguage":"de"},{"@type":"Organization","@id":"https:\/\/sayoh.com\/#organization","name":"Sag Oh","url":"https:\/\/sayoh.com\/","logo":{"@type":"ImageObject","inLanguage":"de","@id":"https:\/\/sayoh.com\/#\/schema\/logo\/image\/","url":"https:\/\/i0.wp.com\/sayoh.com\/wp-content\/uploads\/2023\/11\/cropped-image_123650291.jpg?fit=512%2C512&ssl=1","contentUrl":"https:\/\/i0.wp.com\/sayoh.com\/wp-content\/uploads\/2023\/11\/cropped-image_123650291.jpg?fit=512%2C512&ssl=1","width":512,"height":512,"caption":"Say Oh"},"image":{"@id":"https:\/\/sayoh.com\/#\/schema\/logo\/image\/"}}]}},"jetpack_publicize_connections":[],"jetpack_likes_enabled":true,"jetpack_sharing_enabled":true,"jetpack-related-posts":[{"id":31454,"url":"https:\/\/sayoh.com\/de\/produkt\/xise-dania-thrusting-realistic-vibrating-female-torso-52-cm\/","url_meta":{"origin":31428,"position":0},"title":"XISE &#8211; DANIA THRUSTING REALISTIC VIBRATING FEMALE TORSO 52 CM","author":"Admin","date":"M\u00e4rz 3, 2026","format":false,"excerpt":"The XISE - DANIA THRUSTING REALISTIC VIBRATING FEMALE TORSO 52 CM from XISE is the vibrator you have been looking for. Designed for comfort, built for pleasure, and delivered discreetly to your door across Denmark.","rel":"","context":"\u00c4hnlicher Beitrag","block_context":{"text":"\u00c4hnlicher Beitrag","link":""},"img":{"alt_text":"","src":"https:\/\/i0.wp.com\/sayoh.com\/wp-content\/uploads\/2026\/03\/img_204642_c8a6893f7abb865b4af23c887f45b4fd_1.jpg?fit=900%2C900&ssl=1&resize=350%2C200","width":350,"height":200,"srcset":"https:\/\/i0.wp.com\/sayoh.com\/wp-content\/uploads\/2026\/03\/img_204642_c8a6893f7abb865b4af23c887f45b4fd_1.jpg?fit=900%2C900&ssl=1&resize=350%2C200 1x, https:\/\/i0.wp.com\/sayoh.com\/wp-content\/uploads\/2026\/03\/img_204642_c8a6893f7abb865b4af23c887f45b4fd_1.jpg?fit=900%2C900&ssl=1&resize=525%2C300 1.5x, https:\/\/i0.wp.com\/sayoh.com\/wp-content\/uploads\/2026\/03\/img_204642_c8a6893f7abb865b4af23c887f45b4fd_1.jpg?fit=900%2C900&ssl=1&resize=700%2C400 2x"},"classes":[]},{"id":31547,"url":"https:\/\/sayoh.com\/de\/produkt\/xise-tiny-thrusting-realistic-torso-with-female-vibration-40-cm\/","url_meta":{"origin":31428,"position":1},"title":"XISE &#8211; TINY THRUSTING REALISTIC TORSO WITH FEMALE VIBRATION 40 CM","author":"Admin","date":"M\u00e4rz 3, 2026","format":false,"excerpt":"The XISE - TINY THRUSTING REALISTIC TORSO WITH FEMALE VIBRATION 40 CM from XISE is the vibrator you have been looking for. Designed for comfort, built for pleasure, and delivered discreetly to your door across Denmark.","rel":"","context":"\u00c4hnlicher Beitrag","block_context":{"text":"\u00c4hnlicher Beitrag","link":""},"img":{"alt_text":"","src":"https:\/\/i0.wp.com\/sayoh.com\/wp-content\/uploads\/2026\/03\/img_204594_01b6466c728384de99ab8fbf52cb520f_1.jpg?fit=900%2C900&ssl=1&resize=350%2C200","width":350,"height":200,"srcset":"https:\/\/i0.wp.com\/sayoh.com\/wp-content\/uploads\/2026\/03\/img_204594_01b6466c728384de99ab8fbf52cb520f_1.jpg?fit=900%2C900&ssl=1&resize=350%2C200 1x, https:\/\/i0.wp.com\/sayoh.com\/wp-content\/uploads\/2026\/03\/img_204594_01b6466c728384de99ab8fbf52cb520f_1.jpg?fit=900%2C900&ssl=1&resize=525%2C300 1.5x, https:\/\/i0.wp.com\/sayoh.com\/wp-content\/uploads\/2026\/03\/img_204594_01b6466c728384de99ab8fbf52cb520f_1.jpg?fit=900%2C900&ssl=1&resize=700%2C400 2x"},"classes":[]},{"id":31600,"url":"https:\/\/sayoh.com\/de\/produkt\/xise-jason-half-body-realistic-male-torso-with-thrusting-and-vibration-55-cm\/","url_meta":{"origin":31428,"position":2},"title":"XISE &#8211; JASON HALF BODY REALISTIC MALE TORSO WITH THRUSTING AND VIBRATION 55 CM","author":"Admin","date":"M\u00e4rz 3, 2026","format":false,"excerpt":"Meet the XISE - JASON HALF BODY REALISTIC MALE TORSO WITH THRUSTING AND VIBRATION 55 CM from XISE \u2014 a vibrator that combines stunning design with unforgettable performance. Treat yourself to something that truly elevates the experience.","rel":"","context":"\u00c4hnlicher Beitrag","block_context":{"text":"\u00c4hnlicher Beitrag","link":""},"img":{"alt_text":"","src":"https:\/\/i0.wp.com\/sayoh.com\/wp-content\/uploads\/2026\/03\/img_204530_989571fe756409bfa18a5c77fb41c000_1.jpg?fit=900%2C900&ssl=1&resize=350%2C200","width":350,"height":200,"srcset":"https:\/\/i0.wp.com\/sayoh.com\/wp-content\/uploads\/2026\/03\/img_204530_989571fe756409bfa18a5c77fb41c000_1.jpg?fit=900%2C900&ssl=1&resize=350%2C200 1x, https:\/\/i0.wp.com\/sayoh.com\/wp-content\/uploads\/2026\/03\/img_204530_989571fe756409bfa18a5c77fb41c000_1.jpg?fit=900%2C900&ssl=1&resize=525%2C300 1.5x, https:\/\/i0.wp.com\/sayoh.com\/wp-content\/uploads\/2026\/03\/img_204530_989571fe756409bfa18a5c77fb41c000_1.jpg?fit=900%2C900&ssl=1&resize=700%2C400 2x"},"classes":[]},{"id":31566,"url":"https:\/\/sayoh.com\/de\/produkt\/xise-beautiful-lady-boy-female-torso-with-dildo-with-vibration-and-thrusting-49-cm\/","url_meta":{"origin":31428,"position":3},"title":"XISE &#8211; BEAUTIFUL LADY BOY FEMALE TORSO WITH DILDO WITH VIBRATION AND THRUSTING 49 CM","author":"Admin","date":"M\u00e4rz 3, 2026","format":false,"excerpt":"The XISE - BEAUTIFUL LADY BOY FEMALE TORSO WITH DILDO WITH VIBRATION AND THRUSTING 49 CM from XISE is the vibrator you have been looking for. Designed for comfort, built for pleasure, and delivered discreetly to your door across Denmark.","rel":"","context":"\u00c4hnlicher Beitrag","block_context":{"text":"\u00c4hnlicher Beitrag","link":""},"img":{"alt_text":"","src":"https:\/\/i0.wp.com\/sayoh.com\/wp-content\/uploads\/2026\/03\/img_204477_acc30201e3e558d922b54d75b5194e64_1.jpg?fit=900%2C900&ssl=1&resize=350%2C200","width":350,"height":200,"srcset":"https:\/\/i0.wp.com\/sayoh.com\/wp-content\/uploads\/2026\/03\/img_204477_acc30201e3e558d922b54d75b5194e64_1.jpg?fit=900%2C900&ssl=1&resize=350%2C200 1x, https:\/\/i0.wp.com\/sayoh.com\/wp-content\/uploads\/2026\/03\/img_204477_acc30201e3e558d922b54d75b5194e64_1.jpg?fit=900%2C900&ssl=1&resize=525%2C300 1.5x, https:\/\/i0.wp.com\/sayoh.com\/wp-content\/uploads\/2026\/03\/img_204477_acc30201e3e558d922b54d75b5194e64_1.jpg?fit=900%2C900&ssl=1&resize=700%2C400 2x"},"classes":[]},{"id":31607,"url":"https:\/\/sayoh.com\/de\/produkt\/xise-miah-lady-boy-female-torso-with-dildo-with-vibration-and-thrusting-55-cm\/","url_meta":{"origin":31428,"position":4},"title":"XISE &#8211; MIAH LADY BOY FEMALE TORSO WITH DILDO WITH VIBRATION AND THRUSTING 55 CM","author":"Admin","date":"M\u00e4rz 3, 2026","format":false,"excerpt":"Discover the XISE - MIAH LADY BOY FEMALE TORSO WITH DILDO WITH VIBRATION AND THRUSTING 55 CM by XISE. This thoughtfully crafted vibrator is designed to hit every right note, whether you are exploring solo or with a partner. Premium quality, discreet delivery.","rel":"","context":"\u00c4hnlicher Beitrag","block_context":{"text":"\u00c4hnlicher Beitrag","link":""},"img":{"alt_text":"","src":"https:\/\/i0.wp.com\/sayoh.com\/wp-content\/uploads\/2026\/03\/img_204466_c83bb5271669351da0d21d123ff39e99_1.jpg?fit=900%2C900&ssl=1&resize=350%2C200","width":350,"height":200,"srcset":"https:\/\/i0.wp.com\/sayoh.com\/wp-content\/uploads\/2026\/03\/img_204466_c83bb5271669351da0d21d123ff39e99_1.jpg?fit=900%2C900&ssl=1&resize=350%2C200 1x, https:\/\/i0.wp.com\/sayoh.com\/wp-content\/uploads\/2026\/03\/img_204466_c83bb5271669351da0d21d123ff39e99_1.jpg?fit=900%2C900&ssl=1&resize=525%2C300 1.5x, https:\/\/i0.wp.com\/sayoh.com\/wp-content\/uploads\/2026\/03\/img_204466_c83bb5271669351da0d21d123ff39e99_1.jpg?fit=900%2C900&ssl=1&resize=700%2C400 2x"},"classes":[]},{"id":31438,"url":"https:\/\/sayoh.com\/de\/produkt\/xise-frieda-realistic-female-torso-with-vibration-36-cm\/","url_meta":{"origin":31428,"position":5},"title":"XISE &#8211; FRIEDA REALISTIC FEMALE TORSO WITH VIBRATION 36 CM","author":"Admin","date":"M\u00e4rz 3, 2026","format":false,"excerpt":"Discover the XISE - FRIEDA REALISTIC FEMALE TORSO WITH VIBRATION 36 CM by XISE. This thoughtfully crafted vibrator is designed to hit every right note, whether you are exploring solo or with a partner. Premium quality, discreet delivery.","rel":"","context":"\u00c4hnlicher Beitrag","block_context":{"text":"\u00c4hnlicher Beitrag","link":""},"img":{"alt_text":"","src":"https:\/\/i0.wp.com\/sayoh.com\/wp-content\/uploads\/2026\/03\/img_204762_68a67fa3e7521f23945a4d0844ebc975_1.jpg?fit=900%2C900&ssl=1&resize=350%2C200","width":350,"height":200,"srcset":"https:\/\/i0.wp.com\/sayoh.com\/wp-content\/uploads\/2026\/03\/img_204762_68a67fa3e7521f23945a4d0844ebc975_1.jpg?fit=900%2C900&ssl=1&resize=350%2C200 1x, https:\/\/i0.wp.com\/sayoh.com\/wp-content\/uploads\/2026\/03\/img_204762_68a67fa3e7521f23945a4d0844ebc975_1.jpg?fit=900%2C900&ssl=1&resize=525%2C300 1.5x, https:\/\/i0.wp.com\/sayoh.com\/wp-content\/uploads\/2026\/03\/img_204762_68a67fa3e7521f23945a4d0844ebc975_1.jpg?fit=900%2C900&ssl=1&resize=700%2C400 2x"},"classes":[]}],"_links":{"self":[{"href":"https:\/\/sayoh.com\/de\/wp-json\/wp\/v2\/product\/31428","targetHints":{"allow":["GET"]}}],"collection":[{"href":"https:\/\/sayoh.com\/de\/wp-json\/wp\/v2\/product"}],"about":[{"href":"https:\/\/sayoh.com\/de\/wp-json\/wp\/v2\/types\/product"}],"replies":[{"embeddable":true,"href":"https:\/\/sayoh.com\/de\/wp-json\/wp\/v2\/comments?post=31428"}],"version-history":[{"count":0,"href":"https:\/\/sayoh.com\/de\/wp-json\/wp\/v2\/product\/31428\/revisions"}],"wp:featuredmedia":[{"embeddable":true,"href":"https:\/\/sayoh.com\/de\/wp-json\/wp\/v2\/media\/31398"}],"wp:attachment":[{"href":"https:\/\/sayoh.com\/de\/wp-json\/wp\/v2\/media?parent=31428"}],"wp:term":[{"taxonomy":"product_brand","embeddable":true,"href":"https:\/\/sayoh.com\/de\/wp-json\/wp\/v2\/product_brand?post=31428"},{"taxonomy":"product_cat","embeddable":true,"href":"https:\/\/sayoh.com\/de\/wp-json\/wp\/v2\/product_cat?post=31428"},{"taxonomy":"product_tag","embeddable":true,"href":"https:\/\/sayoh.com\/de\/wp-json\/wp\/v2\/product_tag?post=31428"}],"curies":[{"name":"wp","href":"https:\/\/api.w.org\/{rel}","templated":true}]}}