{"id":32112,"date":"2026-03-03T17:41:06","date_gmt":"2026-03-03T16:41:06","guid":{"rendered":"https:\/\/sayoh.com\/?post_type=product&#038;p=32112"},"modified":"2026-04-16T10:08:15","modified_gmt":"2026-04-16T08:08:15","slug":"pink-room-amadeo-dildo-realistico-natural-15-5-cm","status":"publish","type":"product","link":"https:\/\/sayoh.com\/de\/produkt\/pink-room-amadeo-dildo-realistico-natural-15-5-cm\/","title":{"rendered":"PINK ROOM &#8211; AMADEO DILDO REALISTICO NATURAL 15.5 CM"},"content":{"rendered":"<h2>Pures Vergn\u00fcgen, keine Kompromisse<\/h2>\n<p>Es hat etwas zutiefst Befriedigendes, einen Dildo zu finden, der einfach alles richtig macht. Die <strong>PINK ROOM &#8211; AMADEO DILDO REALISTICO NATURAL 15.5 CM<\/strong> by PINK ROOM is one of those rare finds \u2014 thoughtfully crafted, beautifully designed, and built to deliver exactly the kind of pleasure you have been searching for.<\/p>\n<p>Ob Sie nun auf eigene Faust auf Entdeckungstour gehen oder einen intimen Abend mit Ihrem Partner verbringen, das <strong>PINK ROOM &#8211; AMADEO DILDO REALISTICO NATURAL 15.5 CM<\/strong> passt sich an Ihre Stimmung und Ihre W\u00fcnsche an. Sein Design l\u00e4dt dazu ein, sich Zeit zu nehmen, herauszufinden, was sich am besten anf\u00fchlt, und sich im Moment zu verlieren. Dies ist die Art von Produkt, die einen festen Platz in Ihrer Nachttischschublade verdient.<\/p>\n<h2>Eine Form, die begeistern soll<\/h2>\n<p>Schon beim Auspacken wird die Liebe zum Detail deutlich. Die glatte Oberfl\u00e4che, die ergonomischen Kurven, das angenehme Gewicht - alles am <strong>PINK ROOM &#8211; AMADEO DILDO REALISTICO NATURAL 15.5 CM<\/strong> sagt Premium. Dies ist ein Produkt, das Ihren K\u00f6rper und Ihr Vergn\u00fcgen respektiert.<\/p>\n<p>The versatility on offer here is remarkable. Solo or partnered, gentle or intense, this dildo lets you set the pace and explore at your comfort level. And with PINK ROOM&#8217;s commitment to body-safe materials, you can relax and focus entirely on the experience.<\/p>\n<h2>Mehr als nur ein h\u00fcbsches Design<\/h2>\n<p>\u00dcber das Vergn\u00fcgen hinaus, das <strong>PINK ROOM &#8211; AMADEO DILDO REALISTICO NATURAL 15.5 CM<\/strong> punktet vor allem durch seine Praktikabilit\u00e4t. Er ist leicht zu reinigen, einfach aufzubewahren und so gebaut, dass er viele Sitzungen \u00fcberdauert. Die Materialien sind hypoallergen und k\u00f6rpervertr\u00e4glich, so dass Sie sich um nichts k\u00fcmmern m\u00fcssen, au\u00dfer um Ihren Spa\u00df.<\/p>\n<p>Wir bei Sayoh sind der Meinung, dass jeder Zugang zu qualitativ hochwertigen Intimprodukten verdient, ohne zu urteilen. Ihre Bestellung wird in einer v\u00f6llig unauff\u00e4lligen Verpackung versandt, und unsere schnelle d\u00e4nische Lieferung bedeutet, dass Sie Ihre neuen Produkte schon bald genie\u00dfen k\u00f6nnen. <strong>PINK ROOM &#8211; AMADEO DILDO REALISTICO NATURAL 15.5 CM<\/strong> fr\u00fcher als Sie denken.<\/p>\n<h2>Wesentliche Merkmale<\/h2>\n<ul>\n<li>Total length of 15.5 cm for deep, satisfying reach<\/li>\n<li>4 cm diameter for a perfectly fulfilling feel<\/li>\n<li>Gefertigt aus k\u00f6rpervertr\u00e4glichen Materialien f\u00fcr Ihren Seelenfrieden<\/li>\n<li>Diskrete Verpackung und schnelle Lieferung in ganz D\u00e4nemark<\/li>\n<li>Premium quality by PINK ROOM<\/li>\n<li>Leicht zu reinigen und zu pflegen f\u00fcr dauerhafte Freude<\/li>\n<\/ul>","protected":false},"excerpt":{"rendered":"<p>Die <strong>PINK ROOM &#8211; AMADEO DILDO REALISTICO NATURAL 15.5 CM<\/strong> from PINK ROOM is the dildo you have been looking for. Designed for comfort, built for pleasure, and delivered discreetly to your door across Denmark.<\/p>","protected":false},"featured_media":32103,"comment_status":"open","ping_status":"closed","template":"","meta":{"_crdt_document":"","_monsterinsights_skip_tracking":false,"_monsterinsights_sitenote_active":false,"_monsterinsights_sitenote_note":"","_monsterinsights_sitenote_category":0,"jetpack_publicize_message":"","jetpack_publicize_feature_enabled":true,"jetpack_social_post_already_shared":true,"jetpack_social_options":{"image_generator_settings":{"template":"highway","default_image_id":0,"font":"","enabled":false},"version":2},"_wpas_customize_per_network":false},"product_brand":[],"product_cat":[1552,1598,1562,1571,1580,1454],"product_tag":[1556,1557,1582,1581,1569,1458],"class_list":{"0":"post-32112","1":"product","2":"type-product","3":"status-publish","4":"has-post-thumbnail","6":"product_cat-anal","7":"product_cat-couples","8":"product_cat-anal-dildo","9":"product_cat-g-spot-dildo","10":"product_cat-lgbt","11":"product_cat-women","12":"product_tag-anal","13":"product_tag-couples","14":"product_tag-gay","15":"product_tag-lgbt","16":"product_tag-penetration","17":"product_tag-vibrator","19":"first","20":"instock","21":"taxable","22":"shipping-taxable","23":"purchasable","24":"product-type-simple"},"yoast_head":"<!-- This site is optimized with the Yoast SEO Premium plugin v27.1 (Yoast SEO v27.4) - https:\/\/yoast.com\/product\/yoast-seo-premium-wordpress\/ -->\n<title>PINK ROOM - AMADEO DILDO REALISTICO NATURAL 15.5 CM - SayOh<\/title>\n<meta name=\"description\" content=\"Shop the pink amadeo dildo realistico \u2014 designed for unforgettable pleasure. Premium quality by PINK ROOM. Discreet delivery across Denmark.\" \/>\n<meta name=\"robots\" content=\"index, follow, max-snippet:-1, max-image-preview:large, max-video-preview:-1\" \/>\n<link rel=\"canonical\" href=\"https:\/\/sayoh.com\/de\/produkt\/pink-room-amadeo-dildo-realistico-natural-15-5-cm\/\" \/>\n<meta property=\"og:locale\" content=\"de_DE\" \/>\n<meta property=\"og:type\" content=\"article\" \/>\n<meta property=\"og:title\" content=\"PINK ROOM - AMADEO DILDO REALISTICO NATURAL 15.5 CM\" \/>\n<meta property=\"og:description\" content=\"Shop the pink amadeo dildo realistico \u2014 designed for unforgettable pleasure. Premium quality by PINK ROOM. Discreet delivery across Denmark.\" \/>\n<meta property=\"og:url\" content=\"https:\/\/sayoh.com\/de\/produkt\/pink-room-amadeo-dildo-realistico-natural-15-5-cm\/\" \/>\n<meta property=\"og:site_name\" content=\"SayOh\" \/>\n<meta property=\"article:modified_time\" content=\"2026-04-16T08:08:15+00:00\" \/>\n<meta property=\"og:image\" content=\"https:\/\/i0.wp.com\/sayoh.com\/wp-content\/uploads\/2026\/03\/img_85704_cb291c7237603fdf8faf4630236dc447_1.jpg?fit=900%2C900&ssl=1\" \/>\n\t<meta property=\"og:image:width\" content=\"900\" \/>\n\t<meta property=\"og:image:height\" content=\"900\" \/>\n\t<meta property=\"og:image:type\" content=\"image\/jpeg\" \/>\n<meta name=\"twitter:card\" content=\"summary_large_image\" \/>\n<meta name=\"twitter:label1\" content=\"Gesch\u00e4tzte Lesezeit\" \/>\n\t<meta name=\"twitter:data1\" content=\"2\u00a0Minuten\" \/>\n<script type=\"application\/ld+json\" class=\"yoast-schema-graph\">{\"@context\":\"https:\\\/\\\/schema.org\",\"@graph\":[{\"@type\":\"WebPage\",\"@id\":\"https:\\\/\\\/sayoh.com\\\/product\\\/pink-room-amadeo-dildo-realistico-natural-15-5-cm\\\/\",\"url\":\"https:\\\/\\\/sayoh.com\\\/product\\\/pink-room-amadeo-dildo-realistico-natural-15-5-cm\\\/\",\"name\":\"PINK ROOM - AMADEO DILDO REALISTICO NATURAL 15.5 CM - SayOh\",\"isPartOf\":{\"@id\":\"https:\\\/\\\/sayoh.com\\\/#website\"},\"primaryImageOfPage\":{\"@id\":\"https:\\\/\\\/sayoh.com\\\/product\\\/pink-room-amadeo-dildo-realistico-natural-15-5-cm\\\/#primaryimage\"},\"image\":{\"@id\":\"https:\\\/\\\/sayoh.com\\\/product\\\/pink-room-amadeo-dildo-realistico-natural-15-5-cm\\\/#primaryimage\"},\"thumbnailUrl\":\"https:\\\/\\\/i0.wp.com\\\/sayoh.com\\\/wp-content\\\/uploads\\\/2026\\\/03\\\/img_85704_cb291c7237603fdf8faf4630236dc447_1.jpg?fit=900%2C900&ssl=1\",\"datePublished\":\"2026-03-03T16:41:06+00:00\",\"dateModified\":\"2026-04-16T08:08:15+00:00\",\"description\":\"Shop the pink amadeo dildo realistico \u2014 designed for unforgettable pleasure. Premium quality by PINK ROOM. Discreet delivery across Denmark.\",\"breadcrumb\":{\"@id\":\"https:\\\/\\\/sayoh.com\\\/product\\\/pink-room-amadeo-dildo-realistico-natural-15-5-cm\\\/#breadcrumb\"},\"inLanguage\":\"de\",\"potentialAction\":[{\"@type\":\"ReadAction\",\"target\":[\"https:\\\/\\\/sayoh.com\\\/product\\\/pink-room-amadeo-dildo-realistico-natural-15-5-cm\\\/\"]}]},{\"@type\":\"ImageObject\",\"inLanguage\":\"de\",\"@id\":\"https:\\\/\\\/sayoh.com\\\/product\\\/pink-room-amadeo-dildo-realistico-natural-15-5-cm\\\/#primaryimage\",\"url\":\"https:\\\/\\\/i0.wp.com\\\/sayoh.com\\\/wp-content\\\/uploads\\\/2026\\\/03\\\/img_85704_cb291c7237603fdf8faf4630236dc447_1.jpg?fit=900%2C900&ssl=1\",\"contentUrl\":\"https:\\\/\\\/i0.wp.com\\\/sayoh.com\\\/wp-content\\\/uploads\\\/2026\\\/03\\\/img_85704_cb291c7237603fdf8faf4630236dc447_1.jpg?fit=900%2C900&ssl=1\",\"width\":900,\"height\":900},{\"@type\":\"BreadcrumbList\",\"@id\":\"https:\\\/\\\/sayoh.com\\\/product\\\/pink-room-amadeo-dildo-realistico-natural-15-5-cm\\\/#breadcrumb\",\"itemListElement\":[{\"@type\":\"ListItem\",\"position\":1,\"name\":\"Home\",\"item\":\"https:\\\/\\\/sayoh.com\\\/\"},{\"@type\":\"ListItem\",\"position\":2,\"name\":\"Shop\",\"item\":\"https:\\\/\\\/sayoh.com\\\/shop\\\/\"},{\"@type\":\"ListItem\",\"position\":3,\"name\":\"PINK ROOM &#8211; AMADEO DILDO REALISTICO NATURAL 15.5 CM\"}]},{\"@type\":\"WebSite\",\"@id\":\"https:\\\/\\\/sayoh.com\\\/#website\",\"url\":\"https:\\\/\\\/sayoh.com\\\/\",\"name\":\"Say Oh\",\"description\":\"Playful, fun and safe sex\",\"publisher\":{\"@id\":\"https:\\\/\\\/sayoh.com\\\/#organization\"},\"potentialAction\":[{\"@type\":\"SearchAction\",\"target\":{\"@type\":\"EntryPoint\",\"urlTemplate\":\"https:\\\/\\\/sayoh.com\\\/?s={search_term_string}\"},\"query-input\":{\"@type\":\"PropertyValueSpecification\",\"valueRequired\":true,\"valueName\":\"search_term_string\"}}],\"inLanguage\":\"de\"},{\"@type\":\"Organization\",\"@id\":\"https:\\\/\\\/sayoh.com\\\/#organization\",\"name\":\"Say Oh\",\"url\":\"https:\\\/\\\/sayoh.com\\\/\",\"logo\":{\"@type\":\"ImageObject\",\"inLanguage\":\"de\",\"@id\":\"https:\\\/\\\/sayoh.com\\\/#\\\/schema\\\/logo\\\/image\\\/\",\"url\":\"https:\\\/\\\/i0.wp.com\\\/sayoh.com\\\/wp-content\\\/uploads\\\/2023\\\/11\\\/cropped-image_123650291.jpg?fit=512%2C512&ssl=1\",\"contentUrl\":\"https:\\\/\\\/i0.wp.com\\\/sayoh.com\\\/wp-content\\\/uploads\\\/2023\\\/11\\\/cropped-image_123650291.jpg?fit=512%2C512&ssl=1\",\"width\":512,\"height\":512,\"caption\":\"Say Oh\"},\"image\":{\"@id\":\"https:\\\/\\\/sayoh.com\\\/#\\\/schema\\\/logo\\\/image\\\/\"}}]}<\/script>\n<!-- \/ Yoast SEO Premium plugin. -->","yoast_head_json":{"title":"PINK ROOM - AMADEO DILDO REALISTICO NATURAL 15.5 CM - SayOh","description":"Shop the pink amadeo dildo realistico \u2014 designed for unforgettable pleasure. Premium quality by PINK ROOM. Discreet delivery across Denmark.","robots":{"index":"index","follow":"follow","max-snippet":"max-snippet:-1","max-image-preview":"max-image-preview:large","max-video-preview":"max-video-preview:-1"},"canonical":"https:\/\/sayoh.com\/de\/produkt\/pink-room-amadeo-dildo-realistico-natural-15-5-cm\/","og_locale":"de_DE","og_type":"article","og_title":"PINK ROOM - AMADEO DILDO REALISTICO NATURAL 15.5 CM","og_description":"Shop the pink amadeo dildo realistico \u2014 designed for unforgettable pleasure. Premium quality by PINK ROOM. Discreet delivery across Denmark.","og_url":"https:\/\/sayoh.com\/de\/produkt\/pink-room-amadeo-dildo-realistico-natural-15-5-cm\/","og_site_name":"SayOh","article_modified_time":"2026-04-16T08:08:15+00:00","og_image":[{"width":900,"height":900,"url":"https:\/\/i0.wp.com\/sayoh.com\/wp-content\/uploads\/2026\/03\/img_85704_cb291c7237603fdf8faf4630236dc447_1.jpg?fit=900%2C900&ssl=1","type":"image\/jpeg"}],"twitter_card":"summary_large_image","twitter_misc":{"Gesch\u00e4tzte Lesezeit":"2\u00a0Minuten"},"schema":{"@context":"https:\/\/schema.org","@graph":[{"@type":"WebPage","@id":"https:\/\/sayoh.com\/product\/pink-room-amadeo-dildo-realistico-natural-15-5-cm\/","url":"https:\/\/sayoh.com\/product\/pink-room-amadeo-dildo-realistico-natural-15-5-cm\/","name":"PINK ROOM - AMADEO DILDO REALISTICO NATURAL 15.5 CM - SayOh","isPartOf":{"@id":"https:\/\/sayoh.com\/#website"},"primaryImageOfPage":{"@id":"https:\/\/sayoh.com\/product\/pink-room-amadeo-dildo-realistico-natural-15-5-cm\/#primaryimage"},"image":{"@id":"https:\/\/sayoh.com\/product\/pink-room-amadeo-dildo-realistico-natural-15-5-cm\/#primaryimage"},"thumbnailUrl":"https:\/\/i0.wp.com\/sayoh.com\/wp-content\/uploads\/2026\/03\/img_85704_cb291c7237603fdf8faf4630236dc447_1.jpg?fit=900%2C900&ssl=1","datePublished":"2026-03-03T16:41:06+00:00","dateModified":"2026-04-16T08:08:15+00:00","description":"Shop the pink amadeo dildo realistico \u2014 designed for unforgettable pleasure. Premium quality by PINK ROOM. Discreet delivery across Denmark.","breadcrumb":{"@id":"https:\/\/sayoh.com\/product\/pink-room-amadeo-dildo-realistico-natural-15-5-cm\/#breadcrumb"},"inLanguage":"de","potentialAction":[{"@type":"ReadAction","target":["https:\/\/sayoh.com\/product\/pink-room-amadeo-dildo-realistico-natural-15-5-cm\/"]}]},{"@type":"ImageObject","inLanguage":"de","@id":"https:\/\/sayoh.com\/product\/pink-room-amadeo-dildo-realistico-natural-15-5-cm\/#primaryimage","url":"https:\/\/i0.wp.com\/sayoh.com\/wp-content\/uploads\/2026\/03\/img_85704_cb291c7237603fdf8faf4630236dc447_1.jpg?fit=900%2C900&ssl=1","contentUrl":"https:\/\/i0.wp.com\/sayoh.com\/wp-content\/uploads\/2026\/03\/img_85704_cb291c7237603fdf8faf4630236dc447_1.jpg?fit=900%2C900&ssl=1","width":900,"height":900},{"@type":"BreadcrumbList","@id":"https:\/\/sayoh.com\/product\/pink-room-amadeo-dildo-realistico-natural-15-5-cm\/#breadcrumb","itemListElement":[{"@type":"ListItem","position":1,"name":"Home","item":"https:\/\/sayoh.com\/"},{"@type":"ListItem","position":2,"name":"Shop","item":"https:\/\/sayoh.com\/shop\/"},{"@type":"ListItem","position":3,"name":"PINK ROOM &#8211; AMADEO DILDO REALISTICO NATURAL 15.5 CM"}]},{"@type":"WebSite","@id":"https:\/\/sayoh.com\/#website","url":"https:\/\/sayoh.com\/","name":"Sag Oh","description":"Spiel, Spa\u00df und Safer Sex","publisher":{"@id":"https:\/\/sayoh.com\/#organization"},"potentialAction":[{"@type":"SearchAction","target":{"@type":"EntryPoint","urlTemplate":"https:\/\/sayoh.com\/?s={search_term_string}"},"query-input":{"@type":"PropertyValueSpecification","valueRequired":true,"valueName":"search_term_string"}}],"inLanguage":"de"},{"@type":"Organization","@id":"https:\/\/sayoh.com\/#organization","name":"Sag Oh","url":"https:\/\/sayoh.com\/","logo":{"@type":"ImageObject","inLanguage":"de","@id":"https:\/\/sayoh.com\/#\/schema\/logo\/image\/","url":"https:\/\/i0.wp.com\/sayoh.com\/wp-content\/uploads\/2023\/11\/cropped-image_123650291.jpg?fit=512%2C512&ssl=1","contentUrl":"https:\/\/i0.wp.com\/sayoh.com\/wp-content\/uploads\/2023\/11\/cropped-image_123650291.jpg?fit=512%2C512&ssl=1","width":512,"height":512,"caption":"Say Oh"},"image":{"@id":"https:\/\/sayoh.com\/#\/schema\/logo\/image\/"}}]}},"jetpack_publicize_connections":[],"jetpack_likes_enabled":true,"jetpack_sharing_enabled":true,"jetpack-related-posts":[{"id":32123,"url":"https:\/\/sayoh.com\/de\/produkt\/pink-room-amadeo-realistic-dildo-purple-15-5-cm\/","url_meta":{"origin":32112,"position":0},"title":"PINK ROOM &#8211; AMADEO REALISTIC DILDO PURPLE 15.5 CM","author":"Admin","date":"M\u00e4rz 3, 2026","format":false,"excerpt":"Discover the PINK ROOM - AMADEO REALISTIC DILDO PURPLE 15.5 CM by PINK ROOM. This thoughtfully crafted dildo is designed to hit every right note, whether you are exploring solo or with a partner. Premium quality, discreet delivery.","rel":"","context":"\u00c4hnlicher Beitrag","block_context":{"text":"\u00c4hnlicher Beitrag","link":""},"img":{"alt_text":"","src":"https:\/\/i0.wp.com\/sayoh.com\/wp-content\/uploads\/2026\/03\/img_85706_ad108e094c1568b94ce92aebff79cf1a_1.jpg?fit=900%2C900&ssl=1&resize=350%2C200","width":350,"height":200,"srcset":"https:\/\/i0.wp.com\/sayoh.com\/wp-content\/uploads\/2026\/03\/img_85706_ad108e094c1568b94ce92aebff79cf1a_1.jpg?fit=900%2C900&ssl=1&resize=350%2C200 1x, https:\/\/i0.wp.com\/sayoh.com\/wp-content\/uploads\/2026\/03\/img_85706_ad108e094c1568b94ce92aebff79cf1a_1.jpg?fit=900%2C900&ssl=1&resize=525%2C300 1.5x, https:\/\/i0.wp.com\/sayoh.com\/wp-content\/uploads\/2026\/03\/img_85706_ad108e094c1568b94ce92aebff79cf1a_1.jpg?fit=900%2C900&ssl=1&resize=700%2C400 2x"},"classes":[]},{"id":32135,"url":"https:\/\/sayoh.com\/de\/produkt\/pink-room-nao-realistic-dildo-flesh-16-cm\/","url_meta":{"origin":32112,"position":1},"title":"PINK ROOM &#8211; NAO REALISTIC DILDO FLESH 16 CM","author":"Admin","date":"M\u00e4rz 3, 2026","format":false,"excerpt":"The PINK ROOM - NAO REALISTIC DILDO FLESH 16 CM from PINK ROOM is the dildo you have been looking for. Designed for comfort, built for pleasure, and delivered discreetly to your door across Denmark.","rel":"","context":"\u00c4hnlicher Beitrag","block_context":{"text":"\u00c4hnlicher Beitrag","link":""},"img":{"alt_text":"","src":"https:\/\/i0.wp.com\/sayoh.com\/wp-content\/uploads\/2026\/03\/img_85711_d1fc0dc104efd11a230a2ddd7b754099_1.jpg?fit=900%2C900&ssl=1&resize=350%2C200","width":350,"height":200,"srcset":"https:\/\/i0.wp.com\/sayoh.com\/wp-content\/uploads\/2026\/03\/img_85711_d1fc0dc104efd11a230a2ddd7b754099_1.jpg?fit=900%2C900&ssl=1&resize=350%2C200 1x, https:\/\/i0.wp.com\/sayoh.com\/wp-content\/uploads\/2026\/03\/img_85711_d1fc0dc104efd11a230a2ddd7b754099_1.jpg?fit=900%2C900&ssl=1&resize=525%2C300 1.5x, https:\/\/i0.wp.com\/sayoh.com\/wp-content\/uploads\/2026\/03\/img_85711_d1fc0dc104efd11a230a2ddd7b754099_1.jpg?fit=900%2C900&ssl=1&resize=700%2C400 2x"},"classes":[]},{"id":32161,"url":"https:\/\/sayoh.com\/de\/produkt\/pink-room-eban-realistic-dildo-purple-19-cm\/","url_meta":{"origin":32112,"position":2},"title":"PINK ROOM &#8211; EBAN REALISTIC DILDO PURPLE 19 CM","author":"Admin","date":"M\u00e4rz 3, 2026","format":false,"excerpt":"Meet the PINK ROOM - EBAN REALISTIC DILDO PURPLE 19 CM from PINK ROOM \u2014 a dildo that combines stunning design with unforgettable performance. Treat yourself to something that truly elevates the experience.","rel":"","context":"\u00c4hnlicher Beitrag","block_context":{"text":"\u00c4hnlicher Beitrag","link":""},"img":{"alt_text":"","src":"https:\/\/i0.wp.com\/sayoh.com\/wp-content\/uploads\/2026\/03\/img_85726_4333f2c8c44afa4d0019c20f009f8f6c_1.jpg?fit=900%2C900&ssl=1&resize=350%2C200","width":350,"height":200,"srcset":"https:\/\/i0.wp.com\/sayoh.com\/wp-content\/uploads\/2026\/03\/img_85726_4333f2c8c44afa4d0019c20f009f8f6c_1.jpg?fit=900%2C900&ssl=1&resize=350%2C200 1x, https:\/\/i0.wp.com\/sayoh.com\/wp-content\/uploads\/2026\/03\/img_85726_4333f2c8c44afa4d0019c20f009f8f6c_1.jpg?fit=900%2C900&ssl=1&resize=525%2C300 1.5x, https:\/\/i0.wp.com\/sayoh.com\/wp-content\/uploads\/2026\/03\/img_85726_4333f2c8c44afa4d0019c20f009f8f6c_1.jpg?fit=900%2C900&ssl=1&resize=700%2C400 2x"},"classes":[]},{"id":32158,"url":"https:\/\/sayoh.com\/de\/produkt\/pink-room-eban-realistic-dildo-flesh-19-cm\/","url_meta":{"origin":32112,"position":3},"title":"PINK ROOM &#8211; EBAN REALISTIC DILDO FLESH 19 CM","author":"Admin","date":"M\u00e4rz 3, 2026","format":false,"excerpt":"The PINK ROOM - EBAN REALISTIC DILDO FLESH 19 CM by PINK ROOM delivers exactly what you need \u2014 intense, reliable pleasure in a beautifully designed package. This premium dildo is perfect for anyone who refuses to settle for less.","rel":"","context":"\u00c4hnlicher Beitrag","block_context":{"text":"\u00c4hnlicher Beitrag","link":""},"img":{"alt_text":"","src":"https:\/\/i0.wp.com\/sayoh.com\/wp-content\/uploads\/2026\/03\/img_85724_58935d2cd358a6c864a56a731c985300_1.jpg?fit=900%2C900&ssl=1&resize=350%2C200","width":350,"height":200,"srcset":"https:\/\/i0.wp.com\/sayoh.com\/wp-content\/uploads\/2026\/03\/img_85724_58935d2cd358a6c864a56a731c985300_1.jpg?fit=900%2C900&ssl=1&resize=350%2C200 1x, https:\/\/i0.wp.com\/sayoh.com\/wp-content\/uploads\/2026\/03\/img_85724_58935d2cd358a6c864a56a731c985300_1.jpg?fit=900%2C900&ssl=1&resize=525%2C300 1.5x, https:\/\/i0.wp.com\/sayoh.com\/wp-content\/uploads\/2026\/03\/img_85724_58935d2cd358a6c864a56a731c985300_1.jpg?fit=900%2C900&ssl=1&resize=700%2C400 2x"},"classes":[]},{"id":32166,"url":"https:\/\/sayoh.com\/de\/produkt\/pink-room-nestor-realistic-dildo-flesh-16-5-cm\/","url_meta":{"origin":32112,"position":4},"title":"PINK ROOM &#8211; NESTOR REALISTIC DILDO FLESH 16.5 CM","author":"Admin","date":"M\u00e4rz 3, 2026","format":false,"excerpt":"The PINK ROOM - NESTOR REALISTIC DILDO FLESH 16.5 CM from PINK ROOM is the dildo you have been looking for. Designed for comfort, built for pleasure, and delivered discreetly to your door across Denmark.","rel":"","context":"\u00c4hnlicher Beitrag","block_context":{"text":"\u00c4hnlicher Beitrag","link":""},"img":{"alt_text":"","src":"https:\/\/i0.wp.com\/sayoh.com\/wp-content\/uploads\/2026\/03\/img_85728_876376a1d8a18f106f26c6bc6660bb64_1.jpg?fit=900%2C900&ssl=1&resize=350%2C200","width":350,"height":200,"srcset":"https:\/\/i0.wp.com\/sayoh.com\/wp-content\/uploads\/2026\/03\/img_85728_876376a1d8a18f106f26c6bc6660bb64_1.jpg?fit=900%2C900&ssl=1&resize=350%2C200 1x, https:\/\/i0.wp.com\/sayoh.com\/wp-content\/uploads\/2026\/03\/img_85728_876376a1d8a18f106f26c6bc6660bb64_1.jpg?fit=900%2C900&ssl=1&resize=525%2C300 1.5x, https:\/\/i0.wp.com\/sayoh.com\/wp-content\/uploads\/2026\/03\/img_85728_876376a1d8a18f106f26c6bc6660bb64_1.jpg?fit=900%2C900&ssl=1&resize=700%2C400 2x"},"classes":[]},{"id":32172,"url":"https:\/\/sayoh.com\/de\/produkt\/pink-room-nestor-realistic-dildo-purple-16-5-cm\/","url_meta":{"origin":32112,"position":5},"title":"PINK ROOM &#8211; NESTOR REALISTIC DILDO PURPLE 16.5 CM","author":"Admin","date":"M\u00e4rz 3, 2026","format":false,"excerpt":"The PINK ROOM - NESTOR REALISTIC DILDO PURPLE 16.5 CM from PINK ROOM is the dildo you have been looking for. Designed for comfort, built for pleasure, and delivered discreetly to your door across Denmark.","rel":"","context":"\u00c4hnlicher Beitrag","block_context":{"text":"\u00c4hnlicher Beitrag","link":""},"img":{"alt_text":"","src":"https:\/\/i0.wp.com\/sayoh.com\/wp-content\/uploads\/2026\/03\/img_85730_a378ccf39c5a27a24ec3b0b31012e9ae_1.jpg?fit=900%2C900&ssl=1&resize=350%2C200","width":350,"height":200,"srcset":"https:\/\/i0.wp.com\/sayoh.com\/wp-content\/uploads\/2026\/03\/img_85730_a378ccf39c5a27a24ec3b0b31012e9ae_1.jpg?fit=900%2C900&ssl=1&resize=350%2C200 1x, https:\/\/i0.wp.com\/sayoh.com\/wp-content\/uploads\/2026\/03\/img_85730_a378ccf39c5a27a24ec3b0b31012e9ae_1.jpg?fit=900%2C900&ssl=1&resize=525%2C300 1.5x, https:\/\/i0.wp.com\/sayoh.com\/wp-content\/uploads\/2026\/03\/img_85730_a378ccf39c5a27a24ec3b0b31012e9ae_1.jpg?fit=900%2C900&ssl=1&resize=700%2C400 2x"},"classes":[]}],"_links":{"self":[{"href":"https:\/\/sayoh.com\/de\/wp-json\/wp\/v2\/product\/32112","targetHints":{"allow":["GET"]}}],"collection":[{"href":"https:\/\/sayoh.com\/de\/wp-json\/wp\/v2\/product"}],"about":[{"href":"https:\/\/sayoh.com\/de\/wp-json\/wp\/v2\/types\/product"}],"replies":[{"embeddable":true,"href":"https:\/\/sayoh.com\/de\/wp-json\/wp\/v2\/comments?post=32112"}],"version-history":[{"count":0,"href":"https:\/\/sayoh.com\/de\/wp-json\/wp\/v2\/product\/32112\/revisions"}],"wp:featuredmedia":[{"embeddable":true,"href":"https:\/\/sayoh.com\/de\/wp-json\/wp\/v2\/media\/32103"}],"wp:attachment":[{"href":"https:\/\/sayoh.com\/de\/wp-json\/wp\/v2\/media?parent=32112"}],"wp:term":[{"taxonomy":"product_brand","embeddable":true,"href":"https:\/\/sayoh.com\/de\/wp-json\/wp\/v2\/product_brand?post=32112"},{"taxonomy":"product_cat","embeddable":true,"href":"https:\/\/sayoh.com\/de\/wp-json\/wp\/v2\/product_cat?post=32112"},{"taxonomy":"product_tag","embeddable":true,"href":"https:\/\/sayoh.com\/de\/wp-json\/wp\/v2\/product_tag?post=32112"}],"curies":[{"name":"wp","href":"https:\/\/api.w.org\/{rel}","templated":true}]}}