{"id":33844,"date":"2026-03-05T09:09:21","date_gmt":"2026-03-05T08:09:21","guid":{"rendered":"https:\/\/sayoh.com\/product\/pretty-love-vibra-butt-10-vibrations-anal-plug-black\/"},"modified":"2026-04-17T10:07:05","modified_gmt":"2026-04-17T08:07:05","slug":"pretty-love-vibra-butt-10-vibrations-anal-plug-black","status":"publish","type":"product","link":"https:\/\/sayoh.com\/de\/produkt\/pretty-love-vibra-butt-10-vibrations-anal-plug-black\/","title":{"rendered":"PRETTY LOVE &#8211; VIBRA BUTT 10 VIBRATIONS ANAL PLUG BLACK"},"content":{"rendered":"<h2>Sensations That Build and Build<\/h2>\n<p>Es hat etwas zutiefst Befriedigendes, einen Vibrator zu finden, der es einfach richtig macht. Der <strong>PRETTY LOVE &#8211; VIBRA BUTT 10 VIBRATIONS ANAL PLUG BLACK<\/strong> by PRETTY LOVE PARTY UP is one of those rare finds \u2014 thoughtfully crafted, beautifully designed, and built to deliver exactly the kind of pleasure you have been searching for.<\/p>\n<p>Ob Sie nun auf eigene Faust auf Entdeckungstour gehen oder einen intimen Abend mit Ihrem Partner verbringen, das <strong>PRETTY LOVE &#8211; VIBRA BUTT 10 VIBRATIONS ANAL PLUG BLACK<\/strong> passt sich an Ihre Stimmung und Ihre W\u00fcnsche an. Sein Design l\u00e4dt dazu ein, sich Zeit zu nehmen, herauszufinden, was sich am besten anf\u00fchlt, und sich im Moment zu verlieren. Dies ist die Art von Produkt, die einen festen Platz in Ihrer Nachttischschublade verdient.<\/p>\n<h2>Why the Vibra Butt 10 Vibrations Anal Plug Black Stands Out<\/h2>\n<p>Schon beim Auspacken wird die Liebe zum Detail deutlich. Die glatte Oberfl\u00e4che, die ergonomischen Kurven, das angenehme Gewicht - alles am <strong>PRETTY LOVE &#8211; VIBRA BUTT 10 VIBRATIONS ANAL PLUG BLACK<\/strong> sagt Premium. Dies ist ein Produkt, das Ihren K\u00f6rper und Ihr Vergn\u00fcgen respektiert.<\/p>\n<p>Whether you are a first-time buyer or adding to an established collection, you will appreciate the thought that has gone into every aspect of this vibrator. It is the kind of product you recommend to friends \u2014 discreetly, of course.<\/p>\n<h2>Mehr als nur ein h\u00fcbsches Design<\/h2>\n<p>Durability and hygiene matter just as much as pleasure, and PRETTY LOVE PARTY UP delivers on both. The <strong>PRETTY LOVE &#8211; VIBRA BUTT 10 VIBRATIONS ANAL PLUG BLACK<\/strong> wird aus hochwertigen, leicht zu reinigenden Materialien hergestellt, die ihre Qualit\u00e4t \u00fcber lange Zeit beibehalten. Es ist eine kluge Investition in Ihr dauerhaftes Wohlbefinden.<\/p>\n<p>Wir bei Sayoh sind der Meinung, dass jeder Zugang zu qualitativ hochwertigen Intimprodukten verdient, ohne zu urteilen. Ihre Bestellung wird in einer v\u00f6llig unauff\u00e4lligen Verpackung versandt, und unsere schnelle d\u00e4nische Lieferung bedeutet, dass Sie Ihre neuen Produkte schon bald genie\u00dfen k\u00f6nnen. <strong>PRETTY LOVE &#8211; VIBRA BUTT 10 VIBRATIONS ANAL PLUG BLACK<\/strong> fr\u00fcher als Sie denken.<\/p>\n<h2>Wesentliche Merkmale<\/h2>\n<ul>\n<li>Gefertigt aus k\u00f6rpervertr\u00e4glichen Materialien f\u00fcr Ihren Seelenfrieden<\/li>\n<li>10 Vibrationsmodi zur Erkundung aller Schattierungen des Vergn\u00fcgens<\/li>\n<li>Diskrete Verpackung und schnelle Lieferung in ganz D\u00e4nemark<\/li>\n<li>Premium quality by PRETTY LOVE PARTY UP<\/li>\n<li>Leicht zu reinigen und zu pflegen f\u00fcr dauerhafte Freude<\/li>\n<li>Ergonomisches Design f\u00fcr eine nat\u00fcrliche Anpassung an Ihren K\u00f6rper<\/li>\n<\/ul>","protected":false},"excerpt":{"rendered":"<p>Die <strong>PRETTY LOVE &#8211; VIBRA BUTT 10 VIBRATIONS ANAL PLUG BLACK<\/strong> from PRETTY LOVE PARTY UP is the vibrator you have been looking for. Designed for comfort, built for pleasure, and delivered discreetly to your door across Denmark.<\/p>","protected":false},"featured_media":33817,"comment_status":"open","ping_status":"closed","template":"","meta":{"_crdt_document":"","_monsterinsights_skip_tracking":false,"_monsterinsights_sitenote_active":false,"_monsterinsights_sitenote_note":"","_monsterinsights_sitenote_category":0,"jetpack_publicize_message":"","jetpack_publicize_feature_enabled":true,"jetpack_social_post_already_shared":true,"jetpack_social_options":{"image_generator_settings":{"template":"highway","default_image_id":0,"font":"","enabled":false},"version":2},"_wpas_customize_per_network":false},"product_brand":[1595],"product_cat":[1552,1558,1598,1562,1580,1463,1455,1454],"product_tag":[1556,1594,1557,1582,1581,1569,1458],"class_list":{"0":"post-33844","1":"product","2":"type-product","3":"status-publish","4":"has-post-thumbnail","6":"product_brand-pretty-love","7":"product_cat-anal","8":"product_cat-buttplug","9":"product_cat-couples","10":"product_cat-anal-dildo","11":"product_cat-lgbt","12":"product_cat-men","13":"product_cat-vibrator","14":"product_cat-women","15":"product_tag-anal","16":"product_tag-black","17":"product_tag-couples","18":"product_tag-gay","19":"product_tag-lgbt","20":"product_tag-penetration","21":"product_tag-vibrator","23":"first","24":"outofstock","25":"taxable","26":"shipping-taxable","27":"purchasable","28":"product-type-simple"},"yoast_head":"<!-- This site is optimized with the Yoast SEO Premium plugin v27.1 (Yoast SEO v27.6) - https:\/\/yoast.com\/product\/yoast-seo-premium-wordpress\/ -->\n<title>PRETTY LOVE - VIBRA BUTT 10 VIBRATIONS ANAL PLUG BLACK - SayOh<\/title>\n<meta name=\"description\" content=\"Shop the pretty vibra butt vibrations \u2014 designed for unforgettable pleasure. Premium quality by PRETTY LOVE PARTY UP. Discreet delivery across Denmark.\" \/>\n<meta name=\"robots\" content=\"index, follow, max-snippet:-1, max-image-preview:large, max-video-preview:-1\" \/>\n<link rel=\"canonical\" href=\"https:\/\/sayoh.com\/de\/produkt\/pretty-love-vibra-butt-10-vibrations-anal-plug-black\/\" \/>\n<meta property=\"og:locale\" content=\"de_DE\" \/>\n<meta property=\"og:type\" content=\"article\" \/>\n<meta property=\"og:title\" content=\"PRETTY LOVE - VIBRA BUTT 10 VIBRATIONS ANAL PLUG BLACK\" \/>\n<meta property=\"og:description\" content=\"Shop the pretty vibra butt vibrations \u2014 designed for unforgettable pleasure. Premium quality by PRETTY LOVE PARTY UP. Discreet delivery across Denmark.\" \/>\n<meta property=\"og:url\" content=\"https:\/\/sayoh.com\/de\/produkt\/pretty-love-vibra-butt-10-vibrations-anal-plug-black\/\" \/>\n<meta property=\"og:site_name\" content=\"SayOh\" \/>\n<meta property=\"article:modified_time\" content=\"2026-04-17T08:07:05+00:00\" \/>\n<meta property=\"og:image\" content=\"https:\/\/i0.wp.com\/sayoh.com\/wp-content\/uploads\/2026\/03\/img_196901_ccccb492276fbbfd57b33ad2e2debead_1.jpg?fit=800%2C800&ssl=1\" \/>\n\t<meta property=\"og:image:width\" content=\"800\" \/>\n\t<meta property=\"og:image:height\" content=\"800\" \/>\n\t<meta property=\"og:image:type\" content=\"image\/jpeg\" \/>\n<meta name=\"twitter:card\" content=\"summary_large_image\" \/>\n<meta name=\"twitter:label1\" content=\"Gesch\u00e4tzte Lesezeit\" \/>\n\t<meta name=\"twitter:data1\" content=\"2\u00a0Minuten\" \/>\n<script type=\"application\/ld+json\" class=\"yoast-schema-graph\">{\"@context\":\"https:\\\/\\\/schema.org\",\"@graph\":[{\"@type\":\"WebPage\",\"@id\":\"https:\\\/\\\/sayoh.com\\\/product\\\/pretty-love-vibra-butt-10-vibrations-anal-plug-black\\\/\",\"url\":\"https:\\\/\\\/sayoh.com\\\/product\\\/pretty-love-vibra-butt-10-vibrations-anal-plug-black\\\/\",\"name\":\"PRETTY LOVE - VIBRA BUTT 10 VIBRATIONS ANAL PLUG BLACK - SayOh\",\"isPartOf\":{\"@id\":\"https:\\\/\\\/sayoh.com\\\/#website\"},\"primaryImageOfPage\":{\"@id\":\"https:\\\/\\\/sayoh.com\\\/product\\\/pretty-love-vibra-butt-10-vibrations-anal-plug-black\\\/#primaryimage\"},\"image\":{\"@id\":\"https:\\\/\\\/sayoh.com\\\/product\\\/pretty-love-vibra-butt-10-vibrations-anal-plug-black\\\/#primaryimage\"},\"thumbnailUrl\":\"https:\\\/\\\/i0.wp.com\\\/sayoh.com\\\/wp-content\\\/uploads\\\/2026\\\/03\\\/img_196901_ccccb492276fbbfd57b33ad2e2debead_1.jpg?fit=800%2C800&ssl=1\",\"datePublished\":\"2026-03-05T08:09:21+00:00\",\"dateModified\":\"2026-04-17T08:07:05+00:00\",\"description\":\"Shop the pretty vibra butt vibrations \u2014 designed for unforgettable pleasure. Premium quality by PRETTY LOVE PARTY UP. Discreet delivery across Denmark.\",\"breadcrumb\":{\"@id\":\"https:\\\/\\\/sayoh.com\\\/product\\\/pretty-love-vibra-butt-10-vibrations-anal-plug-black\\\/#breadcrumb\"},\"inLanguage\":\"de\",\"potentialAction\":[{\"@type\":\"ReadAction\",\"target\":[\"https:\\\/\\\/sayoh.com\\\/product\\\/pretty-love-vibra-butt-10-vibrations-anal-plug-black\\\/\"]}]},{\"@type\":\"ImageObject\",\"inLanguage\":\"de\",\"@id\":\"https:\\\/\\\/sayoh.com\\\/product\\\/pretty-love-vibra-butt-10-vibrations-anal-plug-black\\\/#primaryimage\",\"url\":\"https:\\\/\\\/i0.wp.com\\\/sayoh.com\\\/wp-content\\\/uploads\\\/2026\\\/03\\\/img_196901_ccccb492276fbbfd57b33ad2e2debead_1.jpg?fit=800%2C800&ssl=1\",\"contentUrl\":\"https:\\\/\\\/i0.wp.com\\\/sayoh.com\\\/wp-content\\\/uploads\\\/2026\\\/03\\\/img_196901_ccccb492276fbbfd57b33ad2e2debead_1.jpg?fit=800%2C800&ssl=1\",\"width\":800,\"height\":800},{\"@type\":\"BreadcrumbList\",\"@id\":\"https:\\\/\\\/sayoh.com\\\/product\\\/pretty-love-vibra-butt-10-vibrations-anal-plug-black\\\/#breadcrumb\",\"itemListElement\":[{\"@type\":\"ListItem\",\"position\":1,\"name\":\"Home\",\"item\":\"https:\\\/\\\/sayoh.com\\\/\"},{\"@type\":\"ListItem\",\"position\":2,\"name\":\"Shop\",\"item\":\"https:\\\/\\\/sayoh.com\\\/shop\\\/\"},{\"@type\":\"ListItem\",\"position\":3,\"name\":\"PRETTY LOVE &#8211; VIBRA BUTT 10 VIBRATIONS ANAL PLUG BLACK\"}]},{\"@type\":\"WebSite\",\"@id\":\"https:\\\/\\\/sayoh.com\\\/#website\",\"url\":\"https:\\\/\\\/sayoh.com\\\/\",\"name\":\"Say Oh\",\"description\":\"Playful, fun and safe sex\",\"publisher\":{\"@id\":\"https:\\\/\\\/sayoh.com\\\/#organization\"},\"potentialAction\":[{\"@type\":\"SearchAction\",\"target\":{\"@type\":\"EntryPoint\",\"urlTemplate\":\"https:\\\/\\\/sayoh.com\\\/?s={search_term_string}\"},\"query-input\":{\"@type\":\"PropertyValueSpecification\",\"valueRequired\":true,\"valueName\":\"search_term_string\"}}],\"inLanguage\":\"de\"},{\"@type\":\"Organization\",\"@id\":\"https:\\\/\\\/sayoh.com\\\/#organization\",\"name\":\"Say Oh\",\"url\":\"https:\\\/\\\/sayoh.com\\\/\",\"logo\":{\"@type\":\"ImageObject\",\"inLanguage\":\"de\",\"@id\":\"https:\\\/\\\/sayoh.com\\\/#\\\/schema\\\/logo\\\/image\\\/\",\"url\":\"https:\\\/\\\/i0.wp.com\\\/sayoh.com\\\/wp-content\\\/uploads\\\/2023\\\/11\\\/cropped-image_123650291.jpg?fit=512%2C512&ssl=1\",\"contentUrl\":\"https:\\\/\\\/i0.wp.com\\\/sayoh.com\\\/wp-content\\\/uploads\\\/2023\\\/11\\\/cropped-image_123650291.jpg?fit=512%2C512&ssl=1\",\"width\":512,\"height\":512,\"caption\":\"Say Oh\"},\"image\":{\"@id\":\"https:\\\/\\\/sayoh.com\\\/#\\\/schema\\\/logo\\\/image\\\/\"}}]}<\/script>\n<!-- \/ Yoast SEO Premium plugin. -->","yoast_head_json":{"title":"PRETTY LOVE - VIBRA BUTT 10 VIBRATIONS ANAL PLUG BLACK - SayOh","description":"Shop the pretty vibra butt vibrations \u2014 designed for unforgettable pleasure. Premium quality by PRETTY LOVE PARTY UP. Discreet delivery across Denmark.","robots":{"index":"index","follow":"follow","max-snippet":"max-snippet:-1","max-image-preview":"max-image-preview:large","max-video-preview":"max-video-preview:-1"},"canonical":"https:\/\/sayoh.com\/de\/produkt\/pretty-love-vibra-butt-10-vibrations-anal-plug-black\/","og_locale":"de_DE","og_type":"article","og_title":"PRETTY LOVE - VIBRA BUTT 10 VIBRATIONS ANAL PLUG BLACK","og_description":"Shop the pretty vibra butt vibrations \u2014 designed for unforgettable pleasure. Premium quality by PRETTY LOVE PARTY UP. Discreet delivery across Denmark.","og_url":"https:\/\/sayoh.com\/de\/produkt\/pretty-love-vibra-butt-10-vibrations-anal-plug-black\/","og_site_name":"SayOh","article_modified_time":"2026-04-17T08:07:05+00:00","og_image":[{"width":800,"height":800,"url":"https:\/\/i0.wp.com\/sayoh.com\/wp-content\/uploads\/2026\/03\/img_196901_ccccb492276fbbfd57b33ad2e2debead_1.jpg?fit=800%2C800&ssl=1","type":"image\/jpeg"}],"twitter_card":"summary_large_image","twitter_misc":{"Gesch\u00e4tzte Lesezeit":"2\u00a0Minuten"},"schema":{"@context":"https:\/\/schema.org","@graph":[{"@type":"WebPage","@id":"https:\/\/sayoh.com\/product\/pretty-love-vibra-butt-10-vibrations-anal-plug-black\/","url":"https:\/\/sayoh.com\/product\/pretty-love-vibra-butt-10-vibrations-anal-plug-black\/","name":"PRETTY LOVE - VIBRA BUTT 10 VIBRATIONS ANAL PLUG BLACK - SayOh","isPartOf":{"@id":"https:\/\/sayoh.com\/#website"},"primaryImageOfPage":{"@id":"https:\/\/sayoh.com\/product\/pretty-love-vibra-butt-10-vibrations-anal-plug-black\/#primaryimage"},"image":{"@id":"https:\/\/sayoh.com\/product\/pretty-love-vibra-butt-10-vibrations-anal-plug-black\/#primaryimage"},"thumbnailUrl":"https:\/\/i0.wp.com\/sayoh.com\/wp-content\/uploads\/2026\/03\/img_196901_ccccb492276fbbfd57b33ad2e2debead_1.jpg?fit=800%2C800&ssl=1","datePublished":"2026-03-05T08:09:21+00:00","dateModified":"2026-04-17T08:07:05+00:00","description":"Shop the pretty vibra butt vibrations \u2014 designed for unforgettable pleasure. Premium quality by PRETTY LOVE PARTY UP. Discreet delivery across Denmark.","breadcrumb":{"@id":"https:\/\/sayoh.com\/product\/pretty-love-vibra-butt-10-vibrations-anal-plug-black\/#breadcrumb"},"inLanguage":"de","potentialAction":[{"@type":"ReadAction","target":["https:\/\/sayoh.com\/product\/pretty-love-vibra-butt-10-vibrations-anal-plug-black\/"]}]},{"@type":"ImageObject","inLanguage":"de","@id":"https:\/\/sayoh.com\/product\/pretty-love-vibra-butt-10-vibrations-anal-plug-black\/#primaryimage","url":"https:\/\/i0.wp.com\/sayoh.com\/wp-content\/uploads\/2026\/03\/img_196901_ccccb492276fbbfd57b33ad2e2debead_1.jpg?fit=800%2C800&ssl=1","contentUrl":"https:\/\/i0.wp.com\/sayoh.com\/wp-content\/uploads\/2026\/03\/img_196901_ccccb492276fbbfd57b33ad2e2debead_1.jpg?fit=800%2C800&ssl=1","width":800,"height":800},{"@type":"BreadcrumbList","@id":"https:\/\/sayoh.com\/product\/pretty-love-vibra-butt-10-vibrations-anal-plug-black\/#breadcrumb","itemListElement":[{"@type":"ListItem","position":1,"name":"Home","item":"https:\/\/sayoh.com\/"},{"@type":"ListItem","position":2,"name":"Shop","item":"https:\/\/sayoh.com\/shop\/"},{"@type":"ListItem","position":3,"name":"PRETTY LOVE &#8211; VIBRA BUTT 10 VIBRATIONS ANAL PLUG BLACK"}]},{"@type":"WebSite","@id":"https:\/\/sayoh.com\/#website","url":"https:\/\/sayoh.com\/","name":"Sag Oh","description":"Spiel, Spa\u00df und Safer Sex","publisher":{"@id":"https:\/\/sayoh.com\/#organization"},"potentialAction":[{"@type":"SearchAction","target":{"@type":"EntryPoint","urlTemplate":"https:\/\/sayoh.com\/?s={search_term_string}"},"query-input":{"@type":"PropertyValueSpecification","valueRequired":true,"valueName":"search_term_string"}}],"inLanguage":"de"},{"@type":"Organization","@id":"https:\/\/sayoh.com\/#organization","name":"Sag Oh","url":"https:\/\/sayoh.com\/","logo":{"@type":"ImageObject","inLanguage":"de","@id":"https:\/\/sayoh.com\/#\/schema\/logo\/image\/","url":"https:\/\/i0.wp.com\/sayoh.com\/wp-content\/uploads\/2023\/11\/cropped-image_123650291.jpg?fit=512%2C512&ssl=1","contentUrl":"https:\/\/i0.wp.com\/sayoh.com\/wp-content\/uploads\/2023\/11\/cropped-image_123650291.jpg?fit=512%2C512&ssl=1","width":512,"height":512,"caption":"Say Oh"},"image":{"@id":"https:\/\/sayoh.com\/#\/schema\/logo\/image\/"}}]}},"jetpack_publicize_connections":[],"jetpack_likes_enabled":true,"jetpack_sharing_enabled":true,"jetpack-related-posts":[{"id":33867,"url":"https:\/\/sayoh.com\/de\/produkt\/pretty-love-vibra-butt-plug-2-anal-plug-10-vibrations-black\/","url_meta":{"origin":33844,"position":0},"title":"PRETTY LOVE &#8211; VIBRA BUTT PLUG 2 ANAL PLUG 10 VIBRATIONS BLACK","author":"Admin","date":"M\u00e4rz 5, 2026","format":false,"excerpt":"Discover the PRETTY LOVE - VIBRA BUTT PLUG 2 ANAL PLUG 10 VIBRATIONS BLACK by PRETTY LOVE. This thoughtfully crafted vibrator is designed to hit every right note, whether you are exploring solo or with a partner. Premium quality, discreet delivery.","rel":"","context":"\u00c4hnlicher Beitrag","block_context":{"text":"\u00c4hnlicher Beitrag","link":""},"img":{"alt_text":"","src":"https:\/\/i0.wp.com\/sayoh.com\/wp-content\/uploads\/2026\/03\/img_197355_261c7b5aedfad9fed0e07e21396a925b_1.jpg?fit=800%2C800&ssl=1&resize=350%2C200","width":350,"height":200,"srcset":"https:\/\/i0.wp.com\/sayoh.com\/wp-content\/uploads\/2026\/03\/img_197355_261c7b5aedfad9fed0e07e21396a925b_1.jpg?fit=800%2C800&ssl=1&resize=350%2C200 1x, https:\/\/i0.wp.com\/sayoh.com\/wp-content\/uploads\/2026\/03\/img_197355_261c7b5aedfad9fed0e07e21396a925b_1.jpg?fit=800%2C800&ssl=1&resize=525%2C300 1.5x, https:\/\/i0.wp.com\/sayoh.com\/wp-content\/uploads\/2026\/03\/img_197355_261c7b5aedfad9fed0e07e21396a925b_1.jpg?fit=800%2C800&ssl=1&resize=700%2C400 2x"},"classes":[]},{"id":33843,"url":"https:\/\/sayoh.com\/de\/produkt\/oninder-cute-love-butt-vibrating-anal-plug-dilator-free-worldwide-app\/","url_meta":{"origin":33844,"position":1},"title":"ONINDER CUTE &#8211; LOVE BUTT VIBRATING ANAL PLUG DILATOR &#8211; FREE WORLDWIDE APP","author":"Admin","date":"M\u00e4rz 5, 2026","format":false,"excerpt":"Meet the ONINDER CUTE - LOVE BUTT VIBRATING ANAL PLUG DILATOR - FREE WORLDWIDE APP from ONINDER CUTE \u2014 a vibrator that combines stunning design with unforgettable performance. Treat yourself to something that truly elevates the experience.","rel":"","context":"\u00c4hnlicher Beitrag","block_context":{"text":"\u00c4hnlicher Beitrag","link":""},"img":{"alt_text":"","src":"https:\/\/i0.wp.com\/sayoh.com\/wp-content\/uploads\/2026\/03\/img_210099_91b349c12729509e3a7fce39e7c251b5_1.jpg?fit=900%2C900&ssl=1&resize=350%2C200","width":350,"height":200,"srcset":"https:\/\/i0.wp.com\/sayoh.com\/wp-content\/uploads\/2026\/03\/img_210099_91b349c12729509e3a7fce39e7c251b5_1.jpg?fit=900%2C900&ssl=1&resize=350%2C200 1x, https:\/\/i0.wp.com\/sayoh.com\/wp-content\/uploads\/2026\/03\/img_210099_91b349c12729509e3a7fce39e7c251b5_1.jpg?fit=900%2C900&ssl=1&resize=525%2C300 1.5x, https:\/\/i0.wp.com\/sayoh.com\/wp-content\/uploads\/2026\/03\/img_210099_91b349c12729509e3a7fce39e7c251b5_1.jpg?fit=900%2C900&ssl=1&resize=700%2C400 2x"},"classes":[]},{"id":33845,"url":"https:\/\/sayoh.com\/de\/produkt\/pretty-love-lynn-silicone-anal-plug-10-vibrations-black\/","url_meta":{"origin":33844,"position":2},"title":"PRETTY LOVE &#8211; LYNN SILICONE ANAL PLUG 10 VIBRATIONS BLACK","author":"Admin","date":"M\u00e4rz 5, 2026","format":false,"excerpt":"Meet the PRETTY LOVE - LYNN SILICONE ANAL PLUG 10 VIBRATIONS BLACK from PRETTY LOVE \u2014 a vibrator that combines stunning design with unforgettable performance. Treat yourself to something that truly elevates the experience.","rel":"","context":"\u00c4hnlicher Beitrag","block_context":{"text":"\u00c4hnlicher Beitrag","link":""},"img":{"alt_text":"","src":"https:\/\/i0.wp.com\/sayoh.com\/wp-content\/uploads\/2026\/03\/img_197341_f77c949405dd7ad63ffbb26144605b62_1.jpg?fit=800%2C800&ssl=1&resize=350%2C200","width":350,"height":200,"srcset":"https:\/\/i0.wp.com\/sayoh.com\/wp-content\/uploads\/2026\/03\/img_197341_f77c949405dd7ad63ffbb26144605b62_1.jpg?fit=800%2C800&ssl=1&resize=350%2C200 1x, https:\/\/i0.wp.com\/sayoh.com\/wp-content\/uploads\/2026\/03\/img_197341_f77c949405dd7ad63ffbb26144605b62_1.jpg?fit=800%2C800&ssl=1&resize=525%2C300 1.5x, https:\/\/i0.wp.com\/sayoh.com\/wp-content\/uploads\/2026\/03\/img_197341_f77c949405dd7ad63ffbb26144605b62_1.jpg?fit=800%2C800&ssl=1&resize=700%2C400 2x"},"classes":[]},{"id":34182,"url":"https:\/\/sayoh.com\/de\/produkt\/intense-anal-plug-10-vibrations-metal-with-remote-control-m\/","url_meta":{"origin":33844,"position":3},"title":"INTENSE &#8211; ANAL PLUG 10 VIBRATIONS METAL WITH REMOTE CONTROL M","author":"Admin","date":"M\u00e4rz 6, 2026","format":false,"excerpt":"Meet the INTENSE - ANAL PLUG 10 VIBRATIONS METAL WITH REMOTE CONTROL M from INTENSE ANAL TOYS \u2014 a vibrator that combines stunning design with unforgettable performance. Treat yourself to something that truly elevates the experience.","rel":"","context":"\u00c4hnlicher Beitrag","block_context":{"text":"\u00c4hnlicher Beitrag","link":""},"img":{"alt_text":"","src":"https:\/\/i0.wp.com\/sayoh.com\/wp-content\/uploads\/2026\/03\/img_206404_58ce4fdd6f8eeec19430ef575f3612a7_1.png?fit=900%2C900&ssl=1&resize=350%2C200","width":350,"height":200,"srcset":"https:\/\/i0.wp.com\/sayoh.com\/wp-content\/uploads\/2026\/03\/img_206404_58ce4fdd6f8eeec19430ef575f3612a7_1.png?fit=900%2C900&ssl=1&resize=350%2C200 1x, https:\/\/i0.wp.com\/sayoh.com\/wp-content\/uploads\/2026\/03\/img_206404_58ce4fdd6f8eeec19430ef575f3612a7_1.png?fit=900%2C900&ssl=1&resize=525%2C300 1.5x, https:\/\/i0.wp.com\/sayoh.com\/wp-content\/uploads\/2026\/03\/img_206404_58ce4fdd6f8eeec19430ef575f3612a7_1.png?fit=900%2C900&ssl=1&resize=700%2C400 2x"},"classes":[]},{"id":33816,"url":"https:\/\/sayoh.com\/de\/produkt\/intense-marlon-vibrating-anal-plug-model-4-remote-control\/","url_meta":{"origin":33844,"position":4},"title":"INTENSE &#8211; MARLON VIBRATING ANAL PLUG MODEL 4 REMOTE CONTROL","author":"Admin","date":"M\u00e4rz 5, 2026","format":false,"excerpt":"The INTENSE - MARLON VIBRATING ANAL PLUG MODEL 4 REMOTE CONTROL by INTENSE ANAL TOYS delivers exactly what you need \u2014 intense, reliable pleasure in a beautifully designed package. This premium vibrator is perfect for anyone who refuses to settle for less.","rel":"","context":"\u00c4hnlicher Beitrag","block_context":{"text":"\u00c4hnlicher Beitrag","link":""},"img":{"alt_text":"","src":"https:\/\/i0.wp.com\/sayoh.com\/wp-content\/uploads\/2026\/03\/img_196195_71ee502aeb3aaf2200fb024aa7b14d79_1.png?fit=800%2C800&ssl=1&resize=350%2C200","width":350,"height":200,"srcset":"https:\/\/i0.wp.com\/sayoh.com\/wp-content\/uploads\/2026\/03\/img_196195_71ee502aeb3aaf2200fb024aa7b14d79_1.png?fit=800%2C800&ssl=1&resize=350%2C200 1x, https:\/\/i0.wp.com\/sayoh.com\/wp-content\/uploads\/2026\/03\/img_196195_71ee502aeb3aaf2200fb024aa7b14d79_1.png?fit=800%2C800&ssl=1&resize=525%2C300 1.5x, https:\/\/i0.wp.com\/sayoh.com\/wp-content\/uploads\/2026\/03\/img_196195_71ee502aeb3aaf2200fb024aa7b14d79_1.png?fit=800%2C800&ssl=1&resize=700%2C400 2x"},"classes":[]},{"id":33747,"url":"https:\/\/sayoh.com\/de\/produkt\/calexotics-rock-bottom-perfect-anal-plug-10-vibrations-silicone-black\/","url_meta":{"origin":33844,"position":5},"title":"CALEXOTICS &#8211; ROCK BOTTOM PERFECT ANAL PLUG 10 VIBRATIONS SILICONE BLACK","author":"Admin","date":"M\u00e4rz 5, 2026","format":false,"excerpt":"The CALEXOTICS - ROCK BOTTOM PERFECT ANAL PLUG 10 VIBRATIONS SILICONE BLACK by CALEXOTICS delivers exactly what you need \u2014 intense, reliable pleasure in a beautifully designed package. This premium vibrator is perfect for anyone who refuses to settle for less.","rel":"","context":"\u00c4hnlicher Beitrag","block_context":{"text":"\u00c4hnlicher Beitrag","link":""},"img":{"alt_text":"","src":"https:\/\/i0.wp.com\/sayoh.com\/wp-content\/uploads\/2026\/03\/img_185841_db4762962170e9309745ca8d85f0e2e3_1.jpg?fit=800%2C800&ssl=1&resize=350%2C200","width":350,"height":200,"srcset":"https:\/\/i0.wp.com\/sayoh.com\/wp-content\/uploads\/2026\/03\/img_185841_db4762962170e9309745ca8d85f0e2e3_1.jpg?fit=800%2C800&ssl=1&resize=350%2C200 1x, https:\/\/i0.wp.com\/sayoh.com\/wp-content\/uploads\/2026\/03\/img_185841_db4762962170e9309745ca8d85f0e2e3_1.jpg?fit=800%2C800&ssl=1&resize=525%2C300 1.5x, https:\/\/i0.wp.com\/sayoh.com\/wp-content\/uploads\/2026\/03\/img_185841_db4762962170e9309745ca8d85f0e2e3_1.jpg?fit=800%2C800&ssl=1&resize=700%2C400 2x"},"classes":[]}],"_links":{"self":[{"href":"https:\/\/sayoh.com\/de\/wp-json\/wp\/v2\/product\/33844","targetHints":{"allow":["GET"]}}],"collection":[{"href":"https:\/\/sayoh.com\/de\/wp-json\/wp\/v2\/product"}],"about":[{"href":"https:\/\/sayoh.com\/de\/wp-json\/wp\/v2\/types\/product"}],"replies":[{"embeddable":true,"href":"https:\/\/sayoh.com\/de\/wp-json\/wp\/v2\/comments?post=33844"}],"version-history":[{"count":0,"href":"https:\/\/sayoh.com\/de\/wp-json\/wp\/v2\/product\/33844\/revisions"}],"wp:featuredmedia":[{"embeddable":true,"href":"https:\/\/sayoh.com\/de\/wp-json\/wp\/v2\/media\/33817"}],"wp:attachment":[{"href":"https:\/\/sayoh.com\/de\/wp-json\/wp\/v2\/media?parent=33844"}],"wp:term":[{"taxonomy":"product_brand","embeddable":true,"href":"https:\/\/sayoh.com\/de\/wp-json\/wp\/v2\/product_brand?post=33844"},{"taxonomy":"product_cat","embeddable":true,"href":"https:\/\/sayoh.com\/de\/wp-json\/wp\/v2\/product_cat?post=33844"},{"taxonomy":"product_tag","embeddable":true,"href":"https:\/\/sayoh.com\/de\/wp-json\/wp\/v2\/product_tag?post=33844"}],"curies":[{"name":"wp","href":"https:\/\/api.w.org\/{rel}","templated":true}]}}