{"id":34319,"date":"2026-03-06T09:06:54","date_gmt":"2026-03-06T08:06:54","guid":{"rendered":"https:\/\/sayoh.com\/product\/intense-joey-anal-plug-10-vibrations-black-remote-control\/"},"modified":"2026-03-06T09:06:54","modified_gmt":"2026-03-06T08:06:54","slug":"intense-joey-anal-plug-10-vibrations-black-remote-control","status":"publish","type":"product","link":"https:\/\/sayoh.com\/de\/produkt\/intense-joey-anal-plug-10-vibrations-black-remote-control\/","title":{"rendered":"INTENSE &#8211; JOEY ANAL PLUG 10 VIBRATIONS BLACK REMOTE CONTROL"},"content":{"rendered":"<h2>Ihr neuer Favorit zum Entspannen<\/h2>\n<p>Es hat etwas zutiefst Befriedigendes, einen Vibrator zu finden, der es einfach richtig macht. Der <strong>INTENSE &#8211; JOEY ANAL PLUG 10 VIBRATIONS BLACK REMOTE CONTROL<\/strong> by INTENSE ANAL TOYS is one of those rare finds \u2014 thoughtfully crafted, beautifully designed, and built to deliver exactly the kind of pleasure you have been searching for.<\/p>\n<p>Was diesen Vibrator wirklich auszeichnet, ist die Art und Weise, wie er sich beim Gebrauch anf\u00fchlt. Jede Kontur, jede Textur, jedes Detail wurde ber\u00fccksichtigt, um Ihr Erlebnis zu maximieren. Der <strong>INTENSE &#8211; JOEY ANAL PLUG 10 VIBRATIONS BLACK REMOTE CONTROL<\/strong> erf\u00fcllt nicht nur die Erwartungen - es definiert sie neu.<\/p>\n<h2>Why the Joey Anal Plug 10 Vibrations Black Remote Control Stands Out<\/h2>\n<p>Die Gestaltung der <strong>INTENSE &#8211; JOEY ANAL PLUG 10 VIBRATIONS BLACK REMOTE CONTROL<\/strong> strikes the perfect balance between form and function. It looks stunning, feels incredible, and performs exactly as promised. INTENSE ANAL TOYS has a reputation for delivering quality, and this product is no exception.<\/p>\n<p>Whether you are a first-time buyer or adding to an established collection, you will appreciate the thought that has gone into every aspect of this vibrator. It is the kind of product you recommend to friends \u2014 discreetly, of course.<\/p>\n<h2>Mehr als nur ein h\u00fcbsches Design<\/h2>\n<p>Durability and hygiene matter just as much as pleasure, and INTENSE ANAL TOYS delivers on both. The <strong>INTENSE &#8211; JOEY ANAL PLUG 10 VIBRATIONS BLACK REMOTE CONTROL<\/strong> wird aus hochwertigen, leicht zu reinigenden Materialien hergestellt, die ihre Qualit\u00e4t \u00fcber lange Zeit beibehalten. Es ist eine kluge Investition in Ihr dauerhaftes Wohlbefinden.<\/p>\n<p>Wir bei Sayoh sind der Meinung, dass jeder Zugang zu qualitativ hochwertigen Intimprodukten verdient, ohne zu urteilen. Ihre Bestellung wird in einer v\u00f6llig unauff\u00e4lligen Verpackung versandt, und unsere schnelle d\u00e4nische Lieferung bedeutet, dass Sie Ihre neuen Produkte schon bald genie\u00dfen k\u00f6nnen. <strong>INTENSE &#8211; JOEY ANAL PLUG 10 VIBRATIONS BLACK REMOTE CONTROL<\/strong> fr\u00fcher als Sie denken.<\/p>\n<h2>Wesentliche Merkmale<\/h2>\n<ul>\n<li>Gefertigt aus k\u00f6rpervertr\u00e4glichen Materialien f\u00fcr Ihren Seelenfrieden<\/li>\n<li>Vollst\u00e4ndig wasserdicht - nehmen Sie Ihr Vergn\u00fcgen mit in die Badewanne oder Dusche<\/li>\n<li>\u00dcber USB wiederaufladbar - immer bereit, wenn Sie es sind, keine Batterien erforderlich<\/li>\n<li>10 Vibrationsmodi zur Erkundung aller Schattierungen des Vergn\u00fcgens<\/li>\n<li>Diskrete Verpackung und schnelle Lieferung in ganz D\u00e4nemark<\/li>\n<li>Premium quality by INTENSE ANAL TOYS<\/li>\n<\/ul>","protected":false},"excerpt":{"rendered":"<p>Entdecken Sie die <strong>INTENSE &#8211; JOEY ANAL PLUG 10 VIBRATIONS BLACK REMOTE CONTROL<\/strong> by INTENSE ANAL TOYS. This thoughtfully crafted vibrator is designed to hit every right note, whether you are exploring solo or with a partner. Premium quality, discreet delivery.<\/p>","protected":false},"featured_media":34293,"comment_status":"open","ping_status":"closed","template":"","meta":{"_crdt_document":"","_monsterinsights_skip_tracking":false,"_monsterinsights_sitenote_active":false,"_monsterinsights_sitenote_note":"","_monsterinsights_sitenote_category":0,"jetpack_publicize_message":"","jetpack_publicize_feature_enabled":true,"jetpack_social_post_already_shared":true,"jetpack_social_options":{"image_generator_settings":{"template":"highway","default_image_id":0,"font":"","enabled":false},"version":2},"_wpas_customize_per_network":false},"product_brand":[],"product_cat":[1552,1558,1598,1562,1580,1463,1455,1454],"product_tag":[1556,1481,1594,1557,1582,1581,1569,1480,1458],"class_list":{"0":"post-34319","1":"product","2":"type-product","3":"status-publish","4":"has-post-thumbnail","6":"product_cat-anal","7":"product_cat-buttplug","8":"product_cat-couples","9":"product_cat-anal-dildo","10":"product_cat-lgbt","11":"product_cat-men","12":"product_cat-vibrator","13":"product_cat-women","14":"product_tag-anal","15":"product_tag-app-controlled","16":"product_tag-black","17":"product_tag-couples","18":"product_tag-gay","19":"product_tag-lgbt","20":"product_tag-penetration","21":"product_tag-remote-controlled","22":"product_tag-vibrator","24":"first","25":"outofstock","26":"taxable","27":"shipping-taxable","28":"purchasable","29":"product-type-simple"},"yoast_head":"<!-- This site is optimized with the Yoast SEO Premium plugin v27.1 (Yoast SEO v27.6) - https:\/\/yoast.com\/product\/yoast-seo-premium-wordpress\/ -->\n<title>INTENSE - JOEY ANAL PLUG 10 VIBRATIONS BLACK REMOTE CONTROL - SayOh<\/title>\n<meta name=\"description\" content=\"Shop the intense joey plug vibrations \u2014 designed for unforgettable pleasure. Premium quality by INTENSE ANAL TOYS. Discreet delivery across Denmark.\" \/>\n<meta name=\"robots\" content=\"index, follow, max-snippet:-1, max-image-preview:large, max-video-preview:-1\" \/>\n<link rel=\"canonical\" href=\"https:\/\/sayoh.com\/de\/produkt\/intense-joey-anal-plug-10-vibrations-black-remote-control\/\" \/>\n<meta property=\"og:locale\" content=\"de_DE\" \/>\n<meta property=\"og:type\" content=\"article\" \/>\n<meta property=\"og:title\" content=\"INTENSE - JOEY ANAL PLUG 10 VIBRATIONS BLACK REMOTE CONTROL\" \/>\n<meta property=\"og:description\" content=\"Shop the intense joey plug vibrations \u2014 designed for unforgettable pleasure. Premium quality by INTENSE ANAL TOYS. Discreet delivery across Denmark.\" \/>\n<meta property=\"og:url\" content=\"https:\/\/sayoh.com\/de\/produkt\/intense-joey-anal-plug-10-vibrations-black-remote-control\/\" \/>\n<meta property=\"og:site_name\" content=\"SayOh\" \/>\n<meta property=\"og:image\" content=\"https:\/\/i0.wp.com\/sayoh.com\/wp-content\/uploads\/2026\/03\/img_214154_c7db562a7e21e8d32759e44076f89178_1.png?fit=900%2C900&ssl=1\" \/>\n\t<meta property=\"og:image:width\" content=\"900\" \/>\n\t<meta property=\"og:image:height\" content=\"900\" \/>\n\t<meta property=\"og:image:type\" content=\"image\/png\" \/>\n<meta name=\"twitter:card\" content=\"summary_large_image\" \/>\n<meta name=\"twitter:label1\" content=\"Gesch\u00e4tzte Lesezeit\" \/>\n\t<meta name=\"twitter:data1\" content=\"2\u00a0Minuten\" \/>\n<script type=\"application\/ld+json\" class=\"yoast-schema-graph\">{\"@context\":\"https:\\\/\\\/schema.org\",\"@graph\":[{\"@type\":\"WebPage\",\"@id\":\"https:\\\/\\\/sayoh.com\\\/product\\\/intense-joey-anal-plug-10-vibrations-black-remote-control\\\/\",\"url\":\"https:\\\/\\\/sayoh.com\\\/product\\\/intense-joey-anal-plug-10-vibrations-black-remote-control\\\/\",\"name\":\"INTENSE - JOEY ANAL PLUG 10 VIBRATIONS BLACK REMOTE CONTROL - SayOh\",\"isPartOf\":{\"@id\":\"https:\\\/\\\/sayoh.com\\\/#website\"},\"primaryImageOfPage\":{\"@id\":\"https:\\\/\\\/sayoh.com\\\/product\\\/intense-joey-anal-plug-10-vibrations-black-remote-control\\\/#primaryimage\"},\"image\":{\"@id\":\"https:\\\/\\\/sayoh.com\\\/product\\\/intense-joey-anal-plug-10-vibrations-black-remote-control\\\/#primaryimage\"},\"thumbnailUrl\":\"https:\\\/\\\/i0.wp.com\\\/sayoh.com\\\/wp-content\\\/uploads\\\/2026\\\/03\\\/img_214154_c7db562a7e21e8d32759e44076f89178_1.png?fit=900%2C900&ssl=1\",\"datePublished\":\"2026-03-06T08:06:54+00:00\",\"description\":\"Shop the intense joey plug vibrations \u2014 designed for unforgettable pleasure. Premium quality by INTENSE ANAL TOYS. Discreet delivery across Denmark.\",\"breadcrumb\":{\"@id\":\"https:\\\/\\\/sayoh.com\\\/product\\\/intense-joey-anal-plug-10-vibrations-black-remote-control\\\/#breadcrumb\"},\"inLanguage\":\"de\",\"potentialAction\":[{\"@type\":\"ReadAction\",\"target\":[\"https:\\\/\\\/sayoh.com\\\/product\\\/intense-joey-anal-plug-10-vibrations-black-remote-control\\\/\"]}]},{\"@type\":\"ImageObject\",\"inLanguage\":\"de\",\"@id\":\"https:\\\/\\\/sayoh.com\\\/product\\\/intense-joey-anal-plug-10-vibrations-black-remote-control\\\/#primaryimage\",\"url\":\"https:\\\/\\\/i0.wp.com\\\/sayoh.com\\\/wp-content\\\/uploads\\\/2026\\\/03\\\/img_214154_c7db562a7e21e8d32759e44076f89178_1.png?fit=900%2C900&ssl=1\",\"contentUrl\":\"https:\\\/\\\/i0.wp.com\\\/sayoh.com\\\/wp-content\\\/uploads\\\/2026\\\/03\\\/img_214154_c7db562a7e21e8d32759e44076f89178_1.png?fit=900%2C900&ssl=1\",\"width\":900,\"height\":900},{\"@type\":\"BreadcrumbList\",\"@id\":\"https:\\\/\\\/sayoh.com\\\/product\\\/intense-joey-anal-plug-10-vibrations-black-remote-control\\\/#breadcrumb\",\"itemListElement\":[{\"@type\":\"ListItem\",\"position\":1,\"name\":\"Home\",\"item\":\"https:\\\/\\\/sayoh.com\\\/\"},{\"@type\":\"ListItem\",\"position\":2,\"name\":\"Shop\",\"item\":\"https:\\\/\\\/sayoh.com\\\/shop\\\/\"},{\"@type\":\"ListItem\",\"position\":3,\"name\":\"INTENSE &#8211; JOEY ANAL PLUG 10 VIBRATIONS BLACK REMOTE CONTROL\"}]},{\"@type\":\"WebSite\",\"@id\":\"https:\\\/\\\/sayoh.com\\\/#website\",\"url\":\"https:\\\/\\\/sayoh.com\\\/\",\"name\":\"Say Oh\",\"description\":\"Playful, fun and safe sex\",\"publisher\":{\"@id\":\"https:\\\/\\\/sayoh.com\\\/#organization\"},\"potentialAction\":[{\"@type\":\"SearchAction\",\"target\":{\"@type\":\"EntryPoint\",\"urlTemplate\":\"https:\\\/\\\/sayoh.com\\\/?s={search_term_string}\"},\"query-input\":{\"@type\":\"PropertyValueSpecification\",\"valueRequired\":true,\"valueName\":\"search_term_string\"}}],\"inLanguage\":\"de\"},{\"@type\":\"Organization\",\"@id\":\"https:\\\/\\\/sayoh.com\\\/#organization\",\"name\":\"Say Oh\",\"url\":\"https:\\\/\\\/sayoh.com\\\/\",\"logo\":{\"@type\":\"ImageObject\",\"inLanguage\":\"de\",\"@id\":\"https:\\\/\\\/sayoh.com\\\/#\\\/schema\\\/logo\\\/image\\\/\",\"url\":\"https:\\\/\\\/i0.wp.com\\\/sayoh.com\\\/wp-content\\\/uploads\\\/2023\\\/11\\\/cropped-image_123650291.jpg?fit=512%2C512&ssl=1\",\"contentUrl\":\"https:\\\/\\\/i0.wp.com\\\/sayoh.com\\\/wp-content\\\/uploads\\\/2023\\\/11\\\/cropped-image_123650291.jpg?fit=512%2C512&ssl=1\",\"width\":512,\"height\":512,\"caption\":\"Say Oh\"},\"image\":{\"@id\":\"https:\\\/\\\/sayoh.com\\\/#\\\/schema\\\/logo\\\/image\\\/\"}}]}<\/script>\n<!-- \/ Yoast SEO Premium plugin. -->","yoast_head_json":{"title":"INTENSE - JOEY ANAL PLUG 10 VIBRATIONS BLACK REMOTE CONTROL - SayOh","description":"Shop the intense joey plug vibrations \u2014 designed for unforgettable pleasure. Premium quality by INTENSE ANAL TOYS. Discreet delivery across Denmark.","robots":{"index":"index","follow":"follow","max-snippet":"max-snippet:-1","max-image-preview":"max-image-preview:large","max-video-preview":"max-video-preview:-1"},"canonical":"https:\/\/sayoh.com\/de\/produkt\/intense-joey-anal-plug-10-vibrations-black-remote-control\/","og_locale":"de_DE","og_type":"article","og_title":"INTENSE - JOEY ANAL PLUG 10 VIBRATIONS BLACK REMOTE CONTROL","og_description":"Shop the intense joey plug vibrations \u2014 designed for unforgettable pleasure. Premium quality by INTENSE ANAL TOYS. Discreet delivery across Denmark.","og_url":"https:\/\/sayoh.com\/de\/produkt\/intense-joey-anal-plug-10-vibrations-black-remote-control\/","og_site_name":"SayOh","og_image":[{"width":900,"height":900,"url":"https:\/\/i0.wp.com\/sayoh.com\/wp-content\/uploads\/2026\/03\/img_214154_c7db562a7e21e8d32759e44076f89178_1.png?fit=900%2C900&ssl=1","type":"image\/png"}],"twitter_card":"summary_large_image","twitter_misc":{"Gesch\u00e4tzte Lesezeit":"2\u00a0Minuten"},"schema":{"@context":"https:\/\/schema.org","@graph":[{"@type":"WebPage","@id":"https:\/\/sayoh.com\/product\/intense-joey-anal-plug-10-vibrations-black-remote-control\/","url":"https:\/\/sayoh.com\/product\/intense-joey-anal-plug-10-vibrations-black-remote-control\/","name":"INTENSE - JOEY ANAL PLUG 10 VIBRATIONS BLACK REMOTE CONTROL - SayOh","isPartOf":{"@id":"https:\/\/sayoh.com\/#website"},"primaryImageOfPage":{"@id":"https:\/\/sayoh.com\/product\/intense-joey-anal-plug-10-vibrations-black-remote-control\/#primaryimage"},"image":{"@id":"https:\/\/sayoh.com\/product\/intense-joey-anal-plug-10-vibrations-black-remote-control\/#primaryimage"},"thumbnailUrl":"https:\/\/i0.wp.com\/sayoh.com\/wp-content\/uploads\/2026\/03\/img_214154_c7db562a7e21e8d32759e44076f89178_1.png?fit=900%2C900&ssl=1","datePublished":"2026-03-06T08:06:54+00:00","description":"Shop the intense joey plug vibrations \u2014 designed for unforgettable pleasure. Premium quality by INTENSE ANAL TOYS. Discreet delivery across Denmark.","breadcrumb":{"@id":"https:\/\/sayoh.com\/product\/intense-joey-anal-plug-10-vibrations-black-remote-control\/#breadcrumb"},"inLanguage":"de","potentialAction":[{"@type":"ReadAction","target":["https:\/\/sayoh.com\/product\/intense-joey-anal-plug-10-vibrations-black-remote-control\/"]}]},{"@type":"ImageObject","inLanguage":"de","@id":"https:\/\/sayoh.com\/product\/intense-joey-anal-plug-10-vibrations-black-remote-control\/#primaryimage","url":"https:\/\/i0.wp.com\/sayoh.com\/wp-content\/uploads\/2026\/03\/img_214154_c7db562a7e21e8d32759e44076f89178_1.png?fit=900%2C900&ssl=1","contentUrl":"https:\/\/i0.wp.com\/sayoh.com\/wp-content\/uploads\/2026\/03\/img_214154_c7db562a7e21e8d32759e44076f89178_1.png?fit=900%2C900&ssl=1","width":900,"height":900},{"@type":"BreadcrumbList","@id":"https:\/\/sayoh.com\/product\/intense-joey-anal-plug-10-vibrations-black-remote-control\/#breadcrumb","itemListElement":[{"@type":"ListItem","position":1,"name":"Home","item":"https:\/\/sayoh.com\/"},{"@type":"ListItem","position":2,"name":"Shop","item":"https:\/\/sayoh.com\/shop\/"},{"@type":"ListItem","position":3,"name":"INTENSE &#8211; JOEY ANAL PLUG 10 VIBRATIONS BLACK REMOTE CONTROL"}]},{"@type":"WebSite","@id":"https:\/\/sayoh.com\/#website","url":"https:\/\/sayoh.com\/","name":"Sag Oh","description":"Spiel, Spa\u00df und Safer Sex","publisher":{"@id":"https:\/\/sayoh.com\/#organization"},"potentialAction":[{"@type":"SearchAction","target":{"@type":"EntryPoint","urlTemplate":"https:\/\/sayoh.com\/?s={search_term_string}"},"query-input":{"@type":"PropertyValueSpecification","valueRequired":true,"valueName":"search_term_string"}}],"inLanguage":"de"},{"@type":"Organization","@id":"https:\/\/sayoh.com\/#organization","name":"Sag Oh","url":"https:\/\/sayoh.com\/","logo":{"@type":"ImageObject","inLanguage":"de","@id":"https:\/\/sayoh.com\/#\/schema\/logo\/image\/","url":"https:\/\/i0.wp.com\/sayoh.com\/wp-content\/uploads\/2023\/11\/cropped-image_123650291.jpg?fit=512%2C512&ssl=1","contentUrl":"https:\/\/i0.wp.com\/sayoh.com\/wp-content\/uploads\/2023\/11\/cropped-image_123650291.jpg?fit=512%2C512&ssl=1","width":512,"height":512,"caption":"Say Oh"},"image":{"@id":"https:\/\/sayoh.com\/#\/schema\/logo\/image\/"}}]}},"jetpack_publicize_connections":[],"jetpack_likes_enabled":true,"jetpack_sharing_enabled":true,"jetpack-related-posts":[{"id":33813,"url":"https:\/\/sayoh.com\/de\/produkt\/intense-michael-vibrating-anal-plug-model-2-remote-control\/","url_meta":{"origin":34319,"position":0},"title":"INTENSE &#8211; MICHAEL VIBRATING ANAL PLUG MODEL 2 REMOTE CONTROL","author":"Admin","date":"M\u00e4rz 5, 2026","format":false,"excerpt":"Discover the INTENSE - MICHAEL VIBRATING ANAL PLUG MODEL 2 REMOTE CONTROL by INTENSE ANAL TOYS. This thoughtfully crafted vibrator is designed to hit every right note, whether you are exploring solo or with a partner. Premium quality, discreet delivery.","rel":"","context":"\u00c4hnlicher Beitrag","block_context":{"text":"\u00c4hnlicher Beitrag","link":""},"img":{"alt_text":"","src":"https:\/\/i0.wp.com\/sayoh.com\/wp-content\/uploads\/2026\/03\/img_196180_5f22140776d462a23be20ac4539e7771_1.png?fit=800%2C800&ssl=1&resize=350%2C200","width":350,"height":200,"srcset":"https:\/\/i0.wp.com\/sayoh.com\/wp-content\/uploads\/2026\/03\/img_196180_5f22140776d462a23be20ac4539e7771_1.png?fit=800%2C800&ssl=1&resize=350%2C200 1x, https:\/\/i0.wp.com\/sayoh.com\/wp-content\/uploads\/2026\/03\/img_196180_5f22140776d462a23be20ac4539e7771_1.png?fit=800%2C800&ssl=1&resize=525%2C300 1.5x, https:\/\/i0.wp.com\/sayoh.com\/wp-content\/uploads\/2026\/03\/img_196180_5f22140776d462a23be20ac4539e7771_1.png?fit=800%2C800&ssl=1&resize=700%2C400 2x"},"classes":[]},{"id":29288,"url":"https:\/\/sayoh.com\/de\/produkt\/intensiv-vibrierender-metall-analplug-mit-led-licht-und-fernbedienung\/","url_meta":{"origin":34319,"position":1},"title":"INTENSE Vibrating Metal Anal Plug mit LED Lichtern und Fernbedienung","author":"Admin","date":"Februar 7, 2026","format":false,"excerpt":"Der INTENSE Vibrating Metal Anal Plug with LED Lights and Remote Control wurde f\u00fcr Benutzer entwickelt, die Pr\u00e4zision, Gewicht und moderne Technologie sch\u00e4tzen. Dieser von INTENSE entwickelte Premium-Plug kombiniert eine glatte Metalloberfl\u00e4che mit Vibration, visuellen LED-Effekten und Fernbedienungsfunktionen f\u00fcr ein raffiniertes und kontrolliertes Erlebnis.","rel":"","context":"\u00c4hnlicher Beitrag","block_context":{"text":"\u00c4hnlicher Beitrag","link":""},"img":{"alt_text":"Buttplug LED","src":"https:\/\/i0.wp.com\/sayoh.com\/wp-content\/uploads\/2026\/02\/Buttplug-LED.png?fit=900%2C900&ssl=1&resize=350%2C200","width":350,"height":200,"srcset":"https:\/\/i0.wp.com\/sayoh.com\/wp-content\/uploads\/2026\/02\/Buttplug-LED.png?fit=900%2C900&ssl=1&resize=350%2C200 1x, https:\/\/i0.wp.com\/sayoh.com\/wp-content\/uploads\/2026\/02\/Buttplug-LED.png?fit=900%2C900&ssl=1&resize=525%2C300 1.5x, https:\/\/i0.wp.com\/sayoh.com\/wp-content\/uploads\/2026\/02\/Buttplug-LED.png?fit=900%2C900&ssl=1&resize=700%2C400 2x"},"classes":[]},{"id":34161,"url":"https:\/\/sayoh.com\/de\/produkt\/intense-anal-plug-10-vibrations-metal-with-remote-control-s\/","url_meta":{"origin":34319,"position":2},"title":"INTENSE &#8211; ANAL PLUG 10 VIBRATIONS METAL WITH REMOTE CONTROL S","author":"Admin","date":"M\u00e4rz 6, 2026","format":false,"excerpt":"Meet the INTENSE - ANAL PLUG 10 VIBRATIONS METAL WITH REMOTE CONTROL S from INTENSE ANAL TOYS \u2014 a vibrator that combines stunning design with unforgettable performance. Treat yourself to something that truly elevates the experience.","rel":"","context":"\u00c4hnlicher Beitrag","block_context":{"text":"\u00c4hnlicher Beitrag","link":""},"img":{"alt_text":"","src":"https:\/\/i0.wp.com\/sayoh.com\/wp-content\/uploads\/2026\/03\/img_206386_d97ff4778b83ecbccadcbaebca6c7d9d_1.png?fit=900%2C900&ssl=1&resize=350%2C200","width":350,"height":200,"srcset":"https:\/\/i0.wp.com\/sayoh.com\/wp-content\/uploads\/2026\/03\/img_206386_d97ff4778b83ecbccadcbaebca6c7d9d_1.png?fit=900%2C900&ssl=1&resize=350%2C200 1x, https:\/\/i0.wp.com\/sayoh.com\/wp-content\/uploads\/2026\/03\/img_206386_d97ff4778b83ecbccadcbaebca6c7d9d_1.png?fit=900%2C900&ssl=1&resize=525%2C300 1.5x, https:\/\/i0.wp.com\/sayoh.com\/wp-content\/uploads\/2026\/03\/img_206386_d97ff4778b83ecbccadcbaebca6c7d9d_1.png?fit=900%2C900&ssl=1&resize=700%2C400 2x"},"classes":[]},{"id":34187,"url":"https:\/\/sayoh.com\/de\/produkt\/intense-anal-plug-10-vibrations-metal-dildo-with-remote-control-s\/","url_meta":{"origin":34319,"position":3},"title":"INTENSE &#8211; ANAL PLUG 10 VIBRATIONS METAL DILDO WITH REMOTE CONTROL S","author":"Admin","date":"M\u00e4rz 6, 2026","format":false,"excerpt":"The INTENSE - ANAL PLUG 10 VIBRATIONS METAL DILDO WITH REMOTE CONTROL S by INTENSE ANAL TOYS delivers exactly what you need \u2014 intense, reliable pleasure in a beautifully designed package. This premium vibrator is perfect for anyone who refuses to settle for less.","rel":"","context":"\u00c4hnlicher Beitrag","block_context":{"text":"\u00c4hnlicher Beitrag","link":""},"img":{"alt_text":"","src":"https:\/\/i0.wp.com\/sayoh.com\/wp-content\/uploads\/2026\/03\/img_206429_b9236f70d4d83e024e152097d0cd4e03_1.png?fit=900%2C900&ssl=1&resize=350%2C200","width":350,"height":200,"srcset":"https:\/\/i0.wp.com\/sayoh.com\/wp-content\/uploads\/2026\/03\/img_206429_b9236f70d4d83e024e152097d0cd4e03_1.png?fit=900%2C900&ssl=1&resize=350%2C200 1x, https:\/\/i0.wp.com\/sayoh.com\/wp-content\/uploads\/2026\/03\/img_206429_b9236f70d4d83e024e152097d0cd4e03_1.png?fit=900%2C900&ssl=1&resize=525%2C300 1.5x, https:\/\/i0.wp.com\/sayoh.com\/wp-content\/uploads\/2026\/03\/img_206429_b9236f70d4d83e024e152097d0cd4e03_1.png?fit=900%2C900&ssl=1&resize=700%2C400 2x"},"classes":[]},{"id":33816,"url":"https:\/\/sayoh.com\/de\/produkt\/intense-marlon-vibrating-anal-plug-model-4-remote-control\/","url_meta":{"origin":34319,"position":4},"title":"INTENSE &#8211; MARLON VIBRATING ANAL PLUG MODEL 4 REMOTE CONTROL","author":"Admin","date":"M\u00e4rz 5, 2026","format":false,"excerpt":"The INTENSE - MARLON VIBRATING ANAL PLUG MODEL 4 REMOTE CONTROL by INTENSE ANAL TOYS delivers exactly what you need \u2014 intense, reliable pleasure in a beautifully designed package. This premium vibrator is perfect for anyone who refuses to settle for less.","rel":"","context":"\u00c4hnlicher Beitrag","block_context":{"text":"\u00c4hnlicher Beitrag","link":""},"img":{"alt_text":"","src":"https:\/\/i0.wp.com\/sayoh.com\/wp-content\/uploads\/2026\/03\/img_196195_71ee502aeb3aaf2200fb024aa7b14d79_1.png?fit=800%2C800&ssl=1&resize=350%2C200","width":350,"height":200,"srcset":"https:\/\/i0.wp.com\/sayoh.com\/wp-content\/uploads\/2026\/03\/img_196195_71ee502aeb3aaf2200fb024aa7b14d79_1.png?fit=800%2C800&ssl=1&resize=350%2C200 1x, https:\/\/i0.wp.com\/sayoh.com\/wp-content\/uploads\/2026\/03\/img_196195_71ee502aeb3aaf2200fb024aa7b14d79_1.png?fit=800%2C800&ssl=1&resize=525%2C300 1.5x, https:\/\/i0.wp.com\/sayoh.com\/wp-content\/uploads\/2026\/03\/img_196195_71ee502aeb3aaf2200fb024aa7b14d79_1.png?fit=800%2C800&ssl=1&resize=700%2C400 2x"},"classes":[]},{"id":33810,"url":"https:\/\/sayoh.com\/de\/produkt\/intense-jackie-vibrating-anal-plug-model-1-remote-control\/","url_meta":{"origin":34319,"position":5},"title":"INTENSE &#8211; JACKIE VIBRATING ANAL PLUG MODEL 1 REMOTE CONTROL","author":"Admin","date":"M\u00e4rz 5, 2026","format":false,"excerpt":"Meet the INTENSE - JACKIE VIBRATING ANAL PLUG MODEL 1 REMOTE CONTROL from INTENSE ANAL TOYS \u2014 a vibrator that combines stunning design with unforgettable performance. Treat yourself to something that truly elevates the experience.","rel":"","context":"\u00c4hnlicher Beitrag","block_context":{"text":"\u00c4hnlicher Beitrag","link":""},"img":{"alt_text":"","src":"https:\/\/i0.wp.com\/sayoh.com\/wp-content\/uploads\/2026\/03\/img_196178_f274f791df91e03011110b88fc11a3f3_1.png?fit=800%2C800&ssl=1&resize=350%2C200","width":350,"height":200,"srcset":"https:\/\/i0.wp.com\/sayoh.com\/wp-content\/uploads\/2026\/03\/img_196178_f274f791df91e03011110b88fc11a3f3_1.png?fit=800%2C800&ssl=1&resize=350%2C200 1x, https:\/\/i0.wp.com\/sayoh.com\/wp-content\/uploads\/2026\/03\/img_196178_f274f791df91e03011110b88fc11a3f3_1.png?fit=800%2C800&ssl=1&resize=525%2C300 1.5x, https:\/\/i0.wp.com\/sayoh.com\/wp-content\/uploads\/2026\/03\/img_196178_f274f791df91e03011110b88fc11a3f3_1.png?fit=800%2C800&ssl=1&resize=700%2C400 2x"},"classes":[]}],"_links":{"self":[{"href":"https:\/\/sayoh.com\/de\/wp-json\/wp\/v2\/product\/34319","targetHints":{"allow":["GET"]}}],"collection":[{"href":"https:\/\/sayoh.com\/de\/wp-json\/wp\/v2\/product"}],"about":[{"href":"https:\/\/sayoh.com\/de\/wp-json\/wp\/v2\/types\/product"}],"replies":[{"embeddable":true,"href":"https:\/\/sayoh.com\/de\/wp-json\/wp\/v2\/comments?post=34319"}],"version-history":[{"count":0,"href":"https:\/\/sayoh.com\/de\/wp-json\/wp\/v2\/product\/34319\/revisions"}],"wp:featuredmedia":[{"embeddable":true,"href":"https:\/\/sayoh.com\/de\/wp-json\/wp\/v2\/media\/34293"}],"wp:attachment":[{"href":"https:\/\/sayoh.com\/de\/wp-json\/wp\/v2\/media?parent=34319"}],"wp:term":[{"taxonomy":"product_brand","embeddable":true,"href":"https:\/\/sayoh.com\/de\/wp-json\/wp\/v2\/product_brand?post=34319"},{"taxonomy":"product_cat","embeddable":true,"href":"https:\/\/sayoh.com\/de\/wp-json\/wp\/v2\/product_cat?post=34319"},{"taxonomy":"product_tag","embeddable":true,"href":"https:\/\/sayoh.com\/de\/wp-json\/wp\/v2\/product_tag?post=34319"}],"curies":[{"name":"wp","href":"https:\/\/api.w.org\/{rel}","templated":true}]}}