{"id":34975,"date":"2026-03-07T09:01:54","date_gmt":"2026-03-07T08:01:54","guid":{"rendered":"https:\/\/sayoh.com\/product\/cobeco-male-water-based-lubricant-250-ml\/"},"modified":"2026-04-28T10:07:40","modified_gmt":"2026-04-28T08:07:40","slug":"cobeco-male-water-based-lubricant-250-ml","status":"publish","type":"product","link":"https:\/\/sayoh.com\/de\/produkt\/cobeco-male-water-based-lubricant-250-ml\/","title":{"rendered":"COBECO &#8211; MALE WATER BASED LUBRICANT 250 ML"},"content":{"rendered":"<h2>Thoughtfully Designed for Maximum Enjoyment<\/h2>\n<p>There is something deeply satisfying about finding a pleasure product that simply gets it right. The <strong>COBECO &#8211; MALE WATER BASED LUBRICANT 250 ML<\/strong> by COBECO &#8211; MALE is one of those rare finds \u2014 thoughtfully crafted, beautifully designed, and built to deliver exactly the kind of pleasure you have been searching for.<\/p>\n<p>What makes this pleasure product truly stand out is the way it feels in use. Every contour, every texture, every detail has been considered to maximise your experience. The <strong>COBECO &#8211; MALE WATER BASED LUBRICANT 250 ML<\/strong> erf\u00fcllt nicht nur die Erwartungen - es definiert sie neu.<\/p>\n<h2>Quality You Can Feel<\/h2>\n<p>Die Gestaltung der <strong>COBECO &#8211; MALE WATER BASED LUBRICANT 250 ML<\/strong> strikes the perfect balance between form and function. It looks stunning, feels incredible, and performs exactly as promised. COBECO &#8211; MALE has a reputation for delivering quality, and this product is no exception.<\/p>\n<p>The versatility on offer here is remarkable. Solo or partnered, gentle or intense, this pleasure product lets you set the pace and explore at your comfort level. And with COBECO &#8211; MALE&#8217;s commitment to body-safe materials, you can relax and focus entirely on the experience.<\/p>\n<h2>Praktische Vorteile, auf die es ankommt<\/h2>\n<p>\u00dcber das Vergn\u00fcgen hinaus, das <strong>COBECO &#8211; MALE WATER BASED LUBRICANT 250 ML<\/strong> punktet vor allem durch seine Praktikabilit\u00e4t. Er ist leicht zu reinigen, einfach aufzubewahren und so gebaut, dass er viele Sitzungen \u00fcberdauert. Die Materialien sind hypoallergen und k\u00f6rpervertr\u00e4glich, so dass Sie sich um nichts k\u00fcmmern m\u00fcssen, au\u00dfer um Ihren Spa\u00df.<\/p>\n<p>Ordering is completely discreet \u2014 your package arrives in plain, unmarked packaging with no indication of the contents. Delivery across Denmark is fast and reliable, so you will not be waiting long to try your new favourite pleasure product.<\/p>\n<h2>Wesentliche Merkmale<\/h2>\n<ul>\n<li>Gefertigt aus k\u00f6rpervertr\u00e4glichen Materialien f\u00fcr Ihren Seelenfrieden<\/li>\n<li>Diskrete Verpackung und schnelle Lieferung in ganz D\u00e4nemark<\/li>\n<li>Premium quality by COBECO &#8211; MALE<\/li>\n<li>Leicht zu reinigen und zu pflegen f\u00fcr dauerhafte Freude<\/li>\n<li>Ergonomisches Design f\u00fcr eine nat\u00fcrliche Anpassung an Ihren K\u00f6rper<\/li>\n<li>Perfekt f\u00fcr Soloabenteuer oder gemeinsame intime Momente<\/li>\n<\/ul>","protected":false},"excerpt":{"rendered":"<p>Die <strong>COBECO &#8211; MALE WATER BASED LUBRICANT 250 ML<\/strong> from COBECO &#8211; MALE is the pleasure product you have been looking for. Designed for comfort, built for pleasure, and delivered discreetly to your door across Denmark.<\/p>","protected":false},"featured_media":34974,"comment_status":"open","ping_status":"closed","template":"","meta":{"_crdt_document":"","_monsterinsights_skip_tracking":false,"_monsterinsights_sitenote_active":false,"_monsterinsights_sitenote_note":"","_monsterinsights_sitenote_category":0,"jetpack_publicize_message":"","jetpack_publicize_feature_enabled":true,"jetpack_social_post_already_shared":true,"jetpack_social_options":{"image_generator_settings":{"template":"highway","default_image_id":0,"font":"","enabled":false},"version":2},"_wpas_customize_per_network":false},"product_brand":[],"product_cat":[1472,1473],"product_tag":[1557],"class_list":{"0":"post-34975","1":"product","2":"type-product","3":"status-publish","4":"has-post-thumbnail","6":"product_cat-accessories","7":"product_cat-lubricant","8":"product_tag-couples","10":"first","11":"instock","12":"taxable","13":"shipping-taxable","14":"purchasable","15":"product-type-simple"},"yoast_head":"<!-- This site is optimized with the Yoast SEO Premium plugin v27.1 (Yoast SEO v27.6) - https:\/\/yoast.com\/product\/yoast-seo-premium-wordpress\/ -->\n<title>COBECO - MALE WATER BASED LUBRICANT 250 ML - SayOh<\/title>\n<meta name=\"description\" content=\"Shop the cobeco water based lubricant \u2014 designed for unforgettable pleasure. Premium quality by COBECO - MALE. Discreet delivery across Denmark.\" \/>\n<meta name=\"robots\" content=\"index, follow, max-snippet:-1, max-image-preview:large, max-video-preview:-1\" \/>\n<link rel=\"canonical\" href=\"https:\/\/sayoh.com\/de\/produkt\/cobeco-male-water-based-lubricant-250-ml\/\" \/>\n<meta property=\"og:locale\" content=\"de_DE\" \/>\n<meta property=\"og:type\" content=\"article\" \/>\n<meta property=\"og:title\" content=\"COBECO - MALE WATER BASED LUBRICANT 250 ML\" \/>\n<meta property=\"og:description\" content=\"Shop the cobeco water based lubricant \u2014 designed for unforgettable pleasure. Premium quality by COBECO - MALE. Discreet delivery across Denmark.\" \/>\n<meta property=\"og:url\" content=\"https:\/\/sayoh.com\/de\/produkt\/cobeco-male-water-based-lubricant-250-ml\/\" \/>\n<meta property=\"og:site_name\" content=\"SayOh\" \/>\n<meta property=\"article:modified_time\" content=\"2026-04-28T08:07:40+00:00\" \/>\n<meta property=\"og:image\" content=\"https:\/\/i0.wp.com\/sayoh.com\/wp-content\/uploads\/2026\/03\/img_110531_13568bdf8c2ae2acae1098ff09edb208_1.jpg?fit=800%2C800&ssl=1\" \/>\n\t<meta property=\"og:image:width\" content=\"800\" \/>\n\t<meta property=\"og:image:height\" content=\"800\" \/>\n\t<meta property=\"og:image:type\" content=\"image\/jpeg\" \/>\n<meta name=\"twitter:card\" content=\"summary_large_image\" \/>\n<meta name=\"twitter:label1\" content=\"Gesch\u00e4tzte Lesezeit\" \/>\n\t<meta name=\"twitter:data1\" content=\"2\u00a0Minuten\" \/>\n<script type=\"application\/ld+json\" class=\"yoast-schema-graph\">{\"@context\":\"https:\\\/\\\/schema.org\",\"@graph\":[{\"@type\":\"WebPage\",\"@id\":\"https:\\\/\\\/sayoh.com\\\/product\\\/cobeco-male-water-based-lubricant-250-ml\\\/\",\"url\":\"https:\\\/\\\/sayoh.com\\\/product\\\/cobeco-male-water-based-lubricant-250-ml\\\/\",\"name\":\"COBECO - MALE WATER BASED LUBRICANT 250 ML - SayOh\",\"isPartOf\":{\"@id\":\"https:\\\/\\\/sayoh.com\\\/#website\"},\"primaryImageOfPage\":{\"@id\":\"https:\\\/\\\/sayoh.com\\\/product\\\/cobeco-male-water-based-lubricant-250-ml\\\/#primaryimage\"},\"image\":{\"@id\":\"https:\\\/\\\/sayoh.com\\\/product\\\/cobeco-male-water-based-lubricant-250-ml\\\/#primaryimage\"},\"thumbnailUrl\":\"https:\\\/\\\/i0.wp.com\\\/sayoh.com\\\/wp-content\\\/uploads\\\/2026\\\/03\\\/img_110531_13568bdf8c2ae2acae1098ff09edb208_1.jpg?fit=800%2C800&ssl=1\",\"datePublished\":\"2026-03-07T08:01:54+00:00\",\"dateModified\":\"2026-04-28T08:07:40+00:00\",\"description\":\"Shop the cobeco water based lubricant \u2014 designed for unforgettable pleasure. Premium quality by COBECO - MALE. Discreet delivery across Denmark.\",\"breadcrumb\":{\"@id\":\"https:\\\/\\\/sayoh.com\\\/product\\\/cobeco-male-water-based-lubricant-250-ml\\\/#breadcrumb\"},\"inLanguage\":\"de\",\"potentialAction\":[{\"@type\":\"ReadAction\",\"target\":[\"https:\\\/\\\/sayoh.com\\\/product\\\/cobeco-male-water-based-lubricant-250-ml\\\/\"]}]},{\"@type\":\"ImageObject\",\"inLanguage\":\"de\",\"@id\":\"https:\\\/\\\/sayoh.com\\\/product\\\/cobeco-male-water-based-lubricant-250-ml\\\/#primaryimage\",\"url\":\"https:\\\/\\\/i0.wp.com\\\/sayoh.com\\\/wp-content\\\/uploads\\\/2026\\\/03\\\/img_110531_13568bdf8c2ae2acae1098ff09edb208_1.jpg?fit=800%2C800&ssl=1\",\"contentUrl\":\"https:\\\/\\\/i0.wp.com\\\/sayoh.com\\\/wp-content\\\/uploads\\\/2026\\\/03\\\/img_110531_13568bdf8c2ae2acae1098ff09edb208_1.jpg?fit=800%2C800&ssl=1\",\"width\":800,\"height\":800},{\"@type\":\"BreadcrumbList\",\"@id\":\"https:\\\/\\\/sayoh.com\\\/product\\\/cobeco-male-water-based-lubricant-250-ml\\\/#breadcrumb\",\"itemListElement\":[{\"@type\":\"ListItem\",\"position\":1,\"name\":\"Home\",\"item\":\"https:\\\/\\\/sayoh.com\\\/\"},{\"@type\":\"ListItem\",\"position\":2,\"name\":\"Shop\",\"item\":\"https:\\\/\\\/sayoh.com\\\/shop\\\/\"},{\"@type\":\"ListItem\",\"position\":3,\"name\":\"COBECO &#8211; MALE WATER BASED LUBRICANT 250 ML\"}]},{\"@type\":\"WebSite\",\"@id\":\"https:\\\/\\\/sayoh.com\\\/#website\",\"url\":\"https:\\\/\\\/sayoh.com\\\/\",\"name\":\"Say Oh\",\"description\":\"Playful, fun and safe sex\",\"publisher\":{\"@id\":\"https:\\\/\\\/sayoh.com\\\/#organization\"},\"potentialAction\":[{\"@type\":\"SearchAction\",\"target\":{\"@type\":\"EntryPoint\",\"urlTemplate\":\"https:\\\/\\\/sayoh.com\\\/?s={search_term_string}\"},\"query-input\":{\"@type\":\"PropertyValueSpecification\",\"valueRequired\":true,\"valueName\":\"search_term_string\"}}],\"inLanguage\":\"de\"},{\"@type\":\"Organization\",\"@id\":\"https:\\\/\\\/sayoh.com\\\/#organization\",\"name\":\"Say Oh\",\"url\":\"https:\\\/\\\/sayoh.com\\\/\",\"logo\":{\"@type\":\"ImageObject\",\"inLanguage\":\"de\",\"@id\":\"https:\\\/\\\/sayoh.com\\\/#\\\/schema\\\/logo\\\/image\\\/\",\"url\":\"https:\\\/\\\/i0.wp.com\\\/sayoh.com\\\/wp-content\\\/uploads\\\/2023\\\/11\\\/cropped-image_123650291.jpg?fit=512%2C512&ssl=1\",\"contentUrl\":\"https:\\\/\\\/i0.wp.com\\\/sayoh.com\\\/wp-content\\\/uploads\\\/2023\\\/11\\\/cropped-image_123650291.jpg?fit=512%2C512&ssl=1\",\"width\":512,\"height\":512,\"caption\":\"Say Oh\"},\"image\":{\"@id\":\"https:\\\/\\\/sayoh.com\\\/#\\\/schema\\\/logo\\\/image\\\/\"}}]}<\/script>\n<!-- \/ Yoast SEO Premium plugin. -->","yoast_head_json":{"title":"COBECO - MALE WATER BASED LUBRICANT 250 ML - SayOh","description":"Shop the cobeco water based lubricant \u2014 designed for unforgettable pleasure. Premium quality by COBECO - MALE. Discreet delivery across Denmark.","robots":{"index":"index","follow":"follow","max-snippet":"max-snippet:-1","max-image-preview":"max-image-preview:large","max-video-preview":"max-video-preview:-1"},"canonical":"https:\/\/sayoh.com\/de\/produkt\/cobeco-male-water-based-lubricant-250-ml\/","og_locale":"de_DE","og_type":"article","og_title":"COBECO - MALE WATER BASED LUBRICANT 250 ML","og_description":"Shop the cobeco water based lubricant \u2014 designed for unforgettable pleasure. Premium quality by COBECO - MALE. Discreet delivery across Denmark.","og_url":"https:\/\/sayoh.com\/de\/produkt\/cobeco-male-water-based-lubricant-250-ml\/","og_site_name":"SayOh","article_modified_time":"2026-04-28T08:07:40+00:00","og_image":[{"width":800,"height":800,"url":"https:\/\/i0.wp.com\/sayoh.com\/wp-content\/uploads\/2026\/03\/img_110531_13568bdf8c2ae2acae1098ff09edb208_1.jpg?fit=800%2C800&ssl=1","type":"image\/jpeg"}],"twitter_card":"summary_large_image","twitter_misc":{"Gesch\u00e4tzte Lesezeit":"2\u00a0Minuten"},"schema":{"@context":"https:\/\/schema.org","@graph":[{"@type":"WebPage","@id":"https:\/\/sayoh.com\/product\/cobeco-male-water-based-lubricant-250-ml\/","url":"https:\/\/sayoh.com\/product\/cobeco-male-water-based-lubricant-250-ml\/","name":"COBECO - MALE WATER BASED LUBRICANT 250 ML - SayOh","isPartOf":{"@id":"https:\/\/sayoh.com\/#website"},"primaryImageOfPage":{"@id":"https:\/\/sayoh.com\/product\/cobeco-male-water-based-lubricant-250-ml\/#primaryimage"},"image":{"@id":"https:\/\/sayoh.com\/product\/cobeco-male-water-based-lubricant-250-ml\/#primaryimage"},"thumbnailUrl":"https:\/\/i0.wp.com\/sayoh.com\/wp-content\/uploads\/2026\/03\/img_110531_13568bdf8c2ae2acae1098ff09edb208_1.jpg?fit=800%2C800&ssl=1","datePublished":"2026-03-07T08:01:54+00:00","dateModified":"2026-04-28T08:07:40+00:00","description":"Shop the cobeco water based lubricant \u2014 designed for unforgettable pleasure. Premium quality by COBECO - MALE. Discreet delivery across Denmark.","breadcrumb":{"@id":"https:\/\/sayoh.com\/product\/cobeco-male-water-based-lubricant-250-ml\/#breadcrumb"},"inLanguage":"de","potentialAction":[{"@type":"ReadAction","target":["https:\/\/sayoh.com\/product\/cobeco-male-water-based-lubricant-250-ml\/"]}]},{"@type":"ImageObject","inLanguage":"de","@id":"https:\/\/sayoh.com\/product\/cobeco-male-water-based-lubricant-250-ml\/#primaryimage","url":"https:\/\/i0.wp.com\/sayoh.com\/wp-content\/uploads\/2026\/03\/img_110531_13568bdf8c2ae2acae1098ff09edb208_1.jpg?fit=800%2C800&ssl=1","contentUrl":"https:\/\/i0.wp.com\/sayoh.com\/wp-content\/uploads\/2026\/03\/img_110531_13568bdf8c2ae2acae1098ff09edb208_1.jpg?fit=800%2C800&ssl=1","width":800,"height":800},{"@type":"BreadcrumbList","@id":"https:\/\/sayoh.com\/product\/cobeco-male-water-based-lubricant-250-ml\/#breadcrumb","itemListElement":[{"@type":"ListItem","position":1,"name":"Home","item":"https:\/\/sayoh.com\/"},{"@type":"ListItem","position":2,"name":"Shop","item":"https:\/\/sayoh.com\/shop\/"},{"@type":"ListItem","position":3,"name":"COBECO &#8211; MALE WATER BASED LUBRICANT 250 ML"}]},{"@type":"WebSite","@id":"https:\/\/sayoh.com\/#website","url":"https:\/\/sayoh.com\/","name":"Sag Oh","description":"Spiel, Spa\u00df und Safer Sex","publisher":{"@id":"https:\/\/sayoh.com\/#organization"},"potentialAction":[{"@type":"SearchAction","target":{"@type":"EntryPoint","urlTemplate":"https:\/\/sayoh.com\/?s={search_term_string}"},"query-input":{"@type":"PropertyValueSpecification","valueRequired":true,"valueName":"search_term_string"}}],"inLanguage":"de"},{"@type":"Organization","@id":"https:\/\/sayoh.com\/#organization","name":"Sag Oh","url":"https:\/\/sayoh.com\/","logo":{"@type":"ImageObject","inLanguage":"de","@id":"https:\/\/sayoh.com\/#\/schema\/logo\/image\/","url":"https:\/\/i0.wp.com\/sayoh.com\/wp-content\/uploads\/2023\/11\/cropped-image_123650291.jpg?fit=512%2C512&ssl=1","contentUrl":"https:\/\/i0.wp.com\/sayoh.com\/wp-content\/uploads\/2023\/11\/cropped-image_123650291.jpg?fit=512%2C512&ssl=1","width":512,"height":512,"caption":"Say Oh"},"image":{"@id":"https:\/\/sayoh.com\/#\/schema\/logo\/image\/"}}]}},"jetpack_publicize_connections":[],"jetpack_likes_enabled":true,"jetpack_sharing_enabled":true,"jetpack-related-posts":[{"id":34850,"url":"https:\/\/sayoh.com\/de\/produkt\/cobeco-male-white-lubricant-250-ml\/","url_meta":{"origin":34975,"position":0},"title":"COBECO &#8211; MALE WHITE LUBRICANT 250 ML","author":"Admin","date":"M\u00e4rz 6, 2026","format":false,"excerpt":"Meet the COBECO - MALE WHITE LUBRICANT 250 ML from COBECO - MALE \u2014 a pleasure product that combines stunning design with unforgettable performance. Treat yourself to something that truly elevates the experience.","rel":"","context":"\u00c4hnlicher Beitrag","block_context":{"text":"\u00c4hnlicher Beitrag","link":""},"img":{"alt_text":"","src":"https:\/\/i0.wp.com\/sayoh.com\/wp-content\/uploads\/2026\/03\/img_50389_0a372d6c9c08195f49124aa25c0593e2_1.jpg?fit=600%2C600&ssl=1&resize=350%2C200","width":350,"height":200,"srcset":"https:\/\/i0.wp.com\/sayoh.com\/wp-content\/uploads\/2026\/03\/img_50389_0a372d6c9c08195f49124aa25c0593e2_1.jpg?fit=600%2C600&ssl=1&resize=350%2C200 1x, https:\/\/i0.wp.com\/sayoh.com\/wp-content\/uploads\/2026\/03\/img_50389_0a372d6c9c08195f49124aa25c0593e2_1.jpg?fit=600%2C600&ssl=1&resize=525%2C300 1.5x"},"classes":[]},{"id":35869,"url":"https:\/\/sayoh.com\/de\/produkt\/cobeco-male-anal-lubricant-250-ml\/","url_meta":{"origin":34975,"position":1},"title":"COBECO &#8211; MALE ANAL LUBRICANT 250 ML","author":"Admin","date":"M\u00e4rz 14, 2026","format":false,"excerpt":"The COBECO - MALE ANAL LUBRICANT 250 ML by COBECO - MALE delivers exactly what you need \u2014 intense, reliable pleasure in a beautifully designed package. This premium anal toy is perfect for anyone who refuses to settle for less.","rel":"","context":"\u00c4hnlicher Beitrag","block_context":{"text":"\u00c4hnlicher Beitrag","link":""},"img":{"alt_text":"","src":"https:\/\/i0.wp.com\/sayoh.com\/wp-content\/uploads\/2026\/03\/img_110527_e22bfdfcea855afd794b2ef66899d1f3_1.jpg?fit=800%2C800&ssl=1&resize=350%2C200","width":350,"height":200,"srcset":"https:\/\/i0.wp.com\/sayoh.com\/wp-content\/uploads\/2026\/03\/img_110527_e22bfdfcea855afd794b2ef66899d1f3_1.jpg?fit=800%2C800&ssl=1&resize=350%2C200 1x, https:\/\/i0.wp.com\/sayoh.com\/wp-content\/uploads\/2026\/03\/img_110527_e22bfdfcea855afd794b2ef66899d1f3_1.jpg?fit=800%2C800&ssl=1&resize=525%2C300 1.5x, https:\/\/i0.wp.com\/sayoh.com\/wp-content\/uploads\/2026\/03\/img_110527_e22bfdfcea855afd794b2ef66899d1f3_1.jpg?fit=800%2C800&ssl=1&resize=700%2C400 2x"},"classes":[]},{"id":36019,"url":"https:\/\/sayoh.com\/de\/produkt\/cobeco-male-anal-relax-lubricant-250-ml\/","url_meta":{"origin":34975,"position":2},"title":"COBECO &#8211; MALE ANAL RELAX LUBRICANT 250 ML","author":"Admin","date":"M\u00e4rz 14, 2026","format":false,"excerpt":"Meet the COBECO - MALE ANAL RELAX LUBRICANT 250 ML from COBECO PHARMA \u2014 an anal toy that combines stunning design with unforgettable performance. Treat yourself to something that truly elevates the experience.","rel":"","context":"\u00c4hnlicher Beitrag","block_context":{"text":"\u00c4hnlicher Beitrag","link":""},"img":{"alt_text":"","src":"https:\/\/i0.wp.com\/sayoh.com\/wp-content\/uploads\/2026\/03\/img_161596_928f464d23da06067ba65502f783ce7b_1.jpg?fit=800%2C800&ssl=1&resize=350%2C200","width":350,"height":200,"srcset":"https:\/\/i0.wp.com\/sayoh.com\/wp-content\/uploads\/2026\/03\/img_161596_928f464d23da06067ba65502f783ce7b_1.jpg?fit=800%2C800&ssl=1&resize=350%2C200 1x, https:\/\/i0.wp.com\/sayoh.com\/wp-content\/uploads\/2026\/03\/img_161596_928f464d23da06067ba65502f783ce7b_1.jpg?fit=800%2C800&ssl=1&resize=525%2C300 1.5x, https:\/\/i0.wp.com\/sayoh.com\/wp-content\/uploads\/2026\/03\/img_161596_928f464d23da06067ba65502f783ce7b_1.jpg?fit=800%2C800&ssl=1&resize=700%2C400 2x"},"classes":[]},{"id":35729,"url":"https:\/\/sayoh.com\/de\/produkt\/cobeco-male-anal-lubricant-150-ml\/","url_meta":{"origin":34975,"position":3},"title":"COBECO &#8211; MALE ANAL LUBRICANT 150 ML.","author":"Admin","date":"M\u00e4rz 13, 2026","format":false,"excerpt":"The COBECO - MALE ANAL LUBRICANT 150 ML. by COBECO - MALE delivers exactly what you need \u2014 intense, reliable pleasure in a beautifully designed package. This premium anal toy is perfect for anyone who refuses to settle for less.","rel":"","context":"\u00c4hnlicher Beitrag","block_context":{"text":"\u00c4hnlicher Beitrag","link":""},"img":{"alt_text":"","src":"https:\/\/i0.wp.com\/sayoh.com\/wp-content\/uploads\/2026\/03\/img_71397_9e2ca99711e31e449dbc9ffccd093e50_1.jpg?fit=600%2C600&ssl=1&resize=350%2C200","width":350,"height":200,"srcset":"https:\/\/i0.wp.com\/sayoh.com\/wp-content\/uploads\/2026\/03\/img_71397_9e2ca99711e31e449dbc9ffccd093e50_1.jpg?fit=600%2C600&ssl=1&resize=350%2C200 1x, https:\/\/i0.wp.com\/sayoh.com\/wp-content\/uploads\/2026\/03\/img_71397_9e2ca99711e31e449dbc9ffccd093e50_1.jpg?fit=600%2C600&ssl=1&resize=525%2C300 1.5x"},"classes":[]},{"id":35985,"url":"https:\/\/sayoh.com\/de\/produkt\/cobeco-male-anal-relax-150-ml\/","url_meta":{"origin":34975,"position":4},"title":"COBECO &#8211; MALE ANAL RELAX 150 ML.","author":"Admin","date":"M\u00e4rz 14, 2026","format":false,"excerpt":"Discover the COBECO - MALE ANAL RELAX 150 ML. by COBECO - MALE. This thoughtfully crafted anal toy is designed to hit every right note, whether you are exploring solo or with a partner. Premium quality, discreet delivery.","rel":"","context":"\u00c4hnlicher Beitrag","block_context":{"text":"\u00c4hnlicher Beitrag","link":""},"img":{"alt_text":"","src":"https:\/\/i0.wp.com\/sayoh.com\/wp-content\/uploads\/2026\/03\/img_71398_b9d700c2fafa625cf7b86108946515ce_1.jpg?fit=600%2C600&ssl=1&resize=350%2C200","width":350,"height":200,"srcset":"https:\/\/i0.wp.com\/sayoh.com\/wp-content\/uploads\/2026\/03\/img_71398_b9d700c2fafa625cf7b86108946515ce_1.jpg?fit=600%2C600&ssl=1&resize=350%2C200 1x, https:\/\/i0.wp.com\/sayoh.com\/wp-content\/uploads\/2026\/03\/img_71398_b9d700c2fafa625cf7b86108946515ce_1.jpg?fit=600%2C600&ssl=1&resize=525%2C300 1.5x"},"classes":[]},{"id":34966,"url":"https:\/\/sayoh.com\/de\/produkt\/cobeco-bodylube-water-based-lubricant-latex-safe-500-ml\/","url_meta":{"origin":34975,"position":5},"title":"COBECO &#8211; BODYLUBE WATER BASED LUBRICANT LATEX SAFE 500 ML","author":"Admin","date":"M\u00e4rz 7, 2026","format":false,"excerpt":"Discover the COBECO - BODYLUBE WATER BASED LUBRICANT LATEX SAFE 500 ML by COBECO - CBL. This thoughtfully crafted pleasure product is designed to hit every right note, whether you are exploring solo or with a partner. Premium quality, discreet delivery.","rel":"","context":"\u00c4hnlicher Beitrag","block_context":{"text":"\u00c4hnlicher Beitrag","link":""},"img":{"alt_text":"","src":"https:\/\/i0.wp.com\/sayoh.com\/wp-content\/uploads\/2026\/03\/img_110521_f471c3a1e1a9ddd9c76fb01a71767e34_1.jpg?fit=800%2C800&ssl=1&resize=350%2C200","width":350,"height":200,"srcset":"https:\/\/i0.wp.com\/sayoh.com\/wp-content\/uploads\/2026\/03\/img_110521_f471c3a1e1a9ddd9c76fb01a71767e34_1.jpg?fit=800%2C800&ssl=1&resize=350%2C200 1x, https:\/\/i0.wp.com\/sayoh.com\/wp-content\/uploads\/2026\/03\/img_110521_f471c3a1e1a9ddd9c76fb01a71767e34_1.jpg?fit=800%2C800&ssl=1&resize=525%2C300 1.5x, https:\/\/i0.wp.com\/sayoh.com\/wp-content\/uploads\/2026\/03\/img_110521_f471c3a1e1a9ddd9c76fb01a71767e34_1.jpg?fit=800%2C800&ssl=1&resize=700%2C400 2x"},"classes":[]}],"_links":{"self":[{"href":"https:\/\/sayoh.com\/de\/wp-json\/wp\/v2\/product\/34975","targetHints":{"allow":["GET"]}}],"collection":[{"href":"https:\/\/sayoh.com\/de\/wp-json\/wp\/v2\/product"}],"about":[{"href":"https:\/\/sayoh.com\/de\/wp-json\/wp\/v2\/types\/product"}],"replies":[{"embeddable":true,"href":"https:\/\/sayoh.com\/de\/wp-json\/wp\/v2\/comments?post=34975"}],"version-history":[{"count":0,"href":"https:\/\/sayoh.com\/de\/wp-json\/wp\/v2\/product\/34975\/revisions"}],"wp:featuredmedia":[{"embeddable":true,"href":"https:\/\/sayoh.com\/de\/wp-json\/wp\/v2\/media\/34974"}],"wp:attachment":[{"href":"https:\/\/sayoh.com\/de\/wp-json\/wp\/v2\/media?parent=34975"}],"wp:term":[{"taxonomy":"product_brand","embeddable":true,"href":"https:\/\/sayoh.com\/de\/wp-json\/wp\/v2\/product_brand?post=34975"},{"taxonomy":"product_cat","embeddable":true,"href":"https:\/\/sayoh.com\/de\/wp-json\/wp\/v2\/product_cat?post=34975"},{"taxonomy":"product_tag","embeddable":true,"href":"https:\/\/sayoh.com\/de\/wp-json\/wp\/v2\/product_tag?post=34975"}],"curies":[{"name":"wp","href":"https:\/\/api.w.org\/{rel}","templated":true}]}}