{"id":35808,"date":"2026-03-13T09:06:12","date_gmt":"2026-03-13T08:06:12","guid":{"rendered":"https:\/\/sayoh.com\/product\/eros-bodyglide-superconcentrated-woman-lubricant-50-ml\/"},"modified":"2026-04-25T10:06:11","modified_gmt":"2026-04-25T08:06:11","slug":"eros-bodyglide-superconcentrated-woman-lubricant-50-ml","status":"publish","type":"product","link":"https:\/\/sayoh.com\/de\/produkt\/eros-bodyglide-superconcentrated-woman-lubricant-50-ml\/","title":{"rendered":"EROS &#8211; BODYGLIDE SUPERCONCENTRATED WOMAN LUBRICANT 50 ML"},"content":{"rendered":"<h2>Die perfekte Einf\u00fchrung in tiefere Empfindungen<\/h2>\n<p>In dem Moment, in dem Sie die <strong>EROS &#8211; BODYGLIDE SUPERCONCENTRATED WOMAN LUBRICANT 50 ML<\/strong> in your hands, you will feel the difference. This is not another generic anal toy \u2014 it is a carefully engineered pleasure product from EROS CLASSIC LINE that prioritises your satisfaction above all else.<\/p>\n<p>Ob Sie nun auf eigene Faust auf Entdeckungstour gehen oder einen intimen Abend mit Ihrem Partner verbringen, das <strong>EROS &#8211; BODYGLIDE SUPERCONCENTRATED WOMAN LUBRICANT 50 ML<\/strong> passt sich an Ihre Stimmung und Ihre W\u00fcnsche an. Sein Design l\u00e4dt dazu ein, sich Zeit zu nehmen, herauszufinden, was sich am besten anf\u00fchlt, und sich im Moment zu verlieren. Dies ist die Art von Produkt, die einen festen Platz in Ihrer Nachttischschublade verdient.<\/p>\n<h2>Entdecken Sie neue Dimensionen des Vergn\u00fcgens<\/h2>\n<p>Schon beim Auspacken wird die Liebe zum Detail deutlich. Die glatte Oberfl\u00e4che, die ergonomischen Kurven, das angenehme Gewicht - alles am <strong>EROS &#8211; BODYGLIDE SUPERCONCENTRATED WOMAN LUBRICANT 50 ML<\/strong> sagt Premium. Dies ist ein Produkt, das Ihren K\u00f6rper und Ihr Vergn\u00fcgen respektiert.<\/p>\n<p>The versatility on offer here is remarkable. Solo or partnered, gentle or intense, this anal toy lets you set the pace and explore at your comfort level. And with EROS CLASSIC LINE&#8217;s commitment to body-safe materials, you can relax and focus entirely on the experience.<\/p>\n<h2>Mehr als nur ein h\u00fcbsches Design<\/h2>\n<p>\u00dcber das Vergn\u00fcgen hinaus, das <strong>EROS &#8211; BODYGLIDE SUPERCONCENTRATED WOMAN LUBRICANT 50 ML<\/strong> punktet vor allem durch seine Praktikabilit\u00e4t. Er ist leicht zu reinigen, einfach aufzubewahren und so gebaut, dass er viele Sitzungen \u00fcberdauert. Die Materialien sind hypoallergen und k\u00f6rpervertr\u00e4glich, so dass Sie sich um nichts k\u00fcmmern m\u00fcssen, au\u00dfer um Ihren Spa\u00df.<\/p>\n<p>Ordering is completely discreet \u2014 your package arrives in plain, unmarked packaging with no indication of the contents. Delivery across Denmark is fast and reliable, so you will not be waiting long to try your new favourite anal toy.<\/p>\n<h2>Wesentliche Merkmale<\/h2>\n<ul>\n<li>Gefertigt aus k\u00f6rpervertr\u00e4glichen Materialien f\u00fcr Ihren Seelenfrieden<\/li>\n<li>Diskrete Verpackung und schnelle Lieferung in ganz D\u00e4nemark<\/li>\n<li>Premium quality by EROS CLASSIC LINE<\/li>\n<li>Leicht zu reinigen und zu pflegen f\u00fcr dauerhafte Freude<\/li>\n<li>Ergonomisches Design f\u00fcr eine nat\u00fcrliche Anpassung an Ihren K\u00f6rper<\/li>\n<li>Perfekt f\u00fcr Soloabenteuer oder gemeinsame intime Momente<\/li>\n<\/ul>","protected":false},"excerpt":{"rendered":"<p>Entdecken Sie die <strong>EROS &#8211; BODYGLIDE SUPERCONCENTRATED WOMAN LUBRICANT 50 ML<\/strong> by EROS CLASSIC LINE. This thoughtfully crafted anal toy is designed to hit every right note, whether you are exploring solo or with a partner. Premium quality, discreet delivery.<\/p>","protected":false},"featured_media":35807,"comment_status":"open","ping_status":"closed","template":"","meta":{"_crdt_document":"","_monsterinsights_skip_tracking":false,"_monsterinsights_sitenote_active":false,"_monsterinsights_sitenote_note":"","_monsterinsights_sitenote_category":0,"jetpack_publicize_message":"","jetpack_publicize_feature_enabled":true,"jetpack_social_post_already_shared":true,"jetpack_social_options":{"image_generator_settings":{"template":"highway","default_image_id":0,"font":"","enabled":false},"version":2},"_wpas_customize_per_network":false},"product_brand":[],"product_cat":[1472,1552,1598,1580,1473,1463,1454],"product_tag":[1556,1557,1582,1581,1569],"class_list":{"0":"post-35808","1":"product","2":"type-product","3":"status-publish","4":"has-post-thumbnail","6":"product_cat-accessories","7":"product_cat-anal","8":"product_cat-couples","9":"product_cat-lgbt","10":"product_cat-lubricant","11":"product_cat-men","12":"product_cat-women","13":"product_tag-anal","14":"product_tag-couples","15":"product_tag-gay","16":"product_tag-lgbt","17":"product_tag-penetration","19":"first","20":"instock","21":"taxable","22":"shipping-taxable","23":"purchasable","24":"product-type-simple"},"yoast_head":"<!-- This site is optimized with the Yoast SEO Premium plugin v27.1 (Yoast SEO v27.6) - https:\/\/yoast.com\/product\/yoast-seo-premium-wordpress\/ -->\n<title>EROS - BODYGLIDE SUPERCONCENTRATED WOMAN LUBRICANT 50 ML - SayOh<\/title>\n<meta name=\"description\" content=\"Shop the eros bodyglide superconcentrated woman \u2014 designed for unforgettable pleasure. Premium quality by EROS CLASSIC LINE. Discreet delivery across De...\" \/>\n<meta name=\"robots\" content=\"index, follow, max-snippet:-1, max-image-preview:large, max-video-preview:-1\" \/>\n<link rel=\"canonical\" href=\"https:\/\/sayoh.com\/de\/produkt\/eros-bodyglide-superconcentrated-woman-lubricant-50-ml\/\" \/>\n<meta property=\"og:locale\" content=\"de_DE\" \/>\n<meta property=\"og:type\" content=\"article\" \/>\n<meta property=\"og:title\" content=\"EROS - BODYGLIDE SUPERCONCENTRATED WOMAN LUBRICANT 50 ML\" \/>\n<meta property=\"og:description\" content=\"Shop the eros bodyglide superconcentrated woman \u2014 designed for unforgettable pleasure. Premium quality by EROS CLASSIC LINE. Discreet delivery across De...\" \/>\n<meta property=\"og:url\" content=\"https:\/\/sayoh.com\/de\/produkt\/eros-bodyglide-superconcentrated-woman-lubricant-50-ml\/\" \/>\n<meta property=\"og:site_name\" content=\"SayOh\" \/>\n<meta property=\"article:modified_time\" content=\"2026-04-25T08:06:11+00:00\" \/>\n<meta property=\"og:image\" content=\"https:\/\/i0.wp.com\/sayoh.com\/wp-content\/uploads\/2026\/03\/img_59035_b2cb96a53af27af0963dfc66002da9cc_1.jpg?fit=900%2C900&ssl=1\" \/>\n\t<meta property=\"og:image:width\" content=\"900\" \/>\n\t<meta property=\"og:image:height\" content=\"900\" \/>\n\t<meta property=\"og:image:type\" content=\"image\/jpeg\" \/>\n<meta name=\"twitter:card\" content=\"summary_large_image\" \/>\n<meta name=\"twitter:label1\" content=\"Gesch\u00e4tzte Lesezeit\" \/>\n\t<meta name=\"twitter:data1\" content=\"2\u00a0Minuten\" \/>\n<script type=\"application\/ld+json\" class=\"yoast-schema-graph\">{\"@context\":\"https:\\\/\\\/schema.org\",\"@graph\":[{\"@type\":\"WebPage\",\"@id\":\"https:\\\/\\\/sayoh.com\\\/product\\\/eros-bodyglide-superconcentrated-woman-lubricant-50-ml\\\/\",\"url\":\"https:\\\/\\\/sayoh.com\\\/product\\\/eros-bodyglide-superconcentrated-woman-lubricant-50-ml\\\/\",\"name\":\"EROS - BODYGLIDE SUPERCONCENTRATED WOMAN LUBRICANT 50 ML - SayOh\",\"isPartOf\":{\"@id\":\"https:\\\/\\\/sayoh.com\\\/#website\"},\"primaryImageOfPage\":{\"@id\":\"https:\\\/\\\/sayoh.com\\\/product\\\/eros-bodyglide-superconcentrated-woman-lubricant-50-ml\\\/#primaryimage\"},\"image\":{\"@id\":\"https:\\\/\\\/sayoh.com\\\/product\\\/eros-bodyglide-superconcentrated-woman-lubricant-50-ml\\\/#primaryimage\"},\"thumbnailUrl\":\"https:\\\/\\\/i0.wp.com\\\/sayoh.com\\\/wp-content\\\/uploads\\\/2026\\\/03\\\/img_59035_b2cb96a53af27af0963dfc66002da9cc_1.jpg?fit=900%2C900&ssl=1\",\"datePublished\":\"2026-03-13T08:06:12+00:00\",\"dateModified\":\"2026-04-25T08:06:11+00:00\",\"description\":\"Shop the eros bodyglide superconcentrated woman \u2014 designed for unforgettable pleasure. Premium quality by EROS CLASSIC LINE. Discreet delivery across De...\",\"breadcrumb\":{\"@id\":\"https:\\\/\\\/sayoh.com\\\/product\\\/eros-bodyglide-superconcentrated-woman-lubricant-50-ml\\\/#breadcrumb\"},\"inLanguage\":\"de\",\"potentialAction\":[{\"@type\":\"ReadAction\",\"target\":[\"https:\\\/\\\/sayoh.com\\\/product\\\/eros-bodyglide-superconcentrated-woman-lubricant-50-ml\\\/\"]}]},{\"@type\":\"ImageObject\",\"inLanguage\":\"de\",\"@id\":\"https:\\\/\\\/sayoh.com\\\/product\\\/eros-bodyglide-superconcentrated-woman-lubricant-50-ml\\\/#primaryimage\",\"url\":\"https:\\\/\\\/i0.wp.com\\\/sayoh.com\\\/wp-content\\\/uploads\\\/2026\\\/03\\\/img_59035_b2cb96a53af27af0963dfc66002da9cc_1.jpg?fit=900%2C900&ssl=1\",\"contentUrl\":\"https:\\\/\\\/i0.wp.com\\\/sayoh.com\\\/wp-content\\\/uploads\\\/2026\\\/03\\\/img_59035_b2cb96a53af27af0963dfc66002da9cc_1.jpg?fit=900%2C900&ssl=1\",\"width\":900,\"height\":900},{\"@type\":\"BreadcrumbList\",\"@id\":\"https:\\\/\\\/sayoh.com\\\/product\\\/eros-bodyglide-superconcentrated-woman-lubricant-50-ml\\\/#breadcrumb\",\"itemListElement\":[{\"@type\":\"ListItem\",\"position\":1,\"name\":\"Home\",\"item\":\"https:\\\/\\\/sayoh.com\\\/\"},{\"@type\":\"ListItem\",\"position\":2,\"name\":\"Shop\",\"item\":\"https:\\\/\\\/sayoh.com\\\/shop\\\/\"},{\"@type\":\"ListItem\",\"position\":3,\"name\":\"EROS &#8211; BODYGLIDE SUPERCONCENTRATED WOMAN LUBRICANT 50 ML\"}]},{\"@type\":\"WebSite\",\"@id\":\"https:\\\/\\\/sayoh.com\\\/#website\",\"url\":\"https:\\\/\\\/sayoh.com\\\/\",\"name\":\"Say Oh\",\"description\":\"Playful, fun and safe sex\",\"publisher\":{\"@id\":\"https:\\\/\\\/sayoh.com\\\/#organization\"},\"potentialAction\":[{\"@type\":\"SearchAction\",\"target\":{\"@type\":\"EntryPoint\",\"urlTemplate\":\"https:\\\/\\\/sayoh.com\\\/?s={search_term_string}\"},\"query-input\":{\"@type\":\"PropertyValueSpecification\",\"valueRequired\":true,\"valueName\":\"search_term_string\"}}],\"inLanguage\":\"de\"},{\"@type\":\"Organization\",\"@id\":\"https:\\\/\\\/sayoh.com\\\/#organization\",\"name\":\"Say Oh\",\"url\":\"https:\\\/\\\/sayoh.com\\\/\",\"logo\":{\"@type\":\"ImageObject\",\"inLanguage\":\"de\",\"@id\":\"https:\\\/\\\/sayoh.com\\\/#\\\/schema\\\/logo\\\/image\\\/\",\"url\":\"https:\\\/\\\/i0.wp.com\\\/sayoh.com\\\/wp-content\\\/uploads\\\/2023\\\/11\\\/cropped-image_123650291.jpg?fit=512%2C512&ssl=1\",\"contentUrl\":\"https:\\\/\\\/i0.wp.com\\\/sayoh.com\\\/wp-content\\\/uploads\\\/2023\\\/11\\\/cropped-image_123650291.jpg?fit=512%2C512&ssl=1\",\"width\":512,\"height\":512,\"caption\":\"Say Oh\"},\"image\":{\"@id\":\"https:\\\/\\\/sayoh.com\\\/#\\\/schema\\\/logo\\\/image\\\/\"}}]}<\/script>\n<!-- \/ Yoast SEO Premium plugin. -->","yoast_head_json":{"title":"EROS - BODYGLIDE SUPERCONCENTRATED WOMAN LUBRICANT 50 ML - SayOh","description":"Shop the eros bodyglide superconcentrated woman \u2014 designed for unforgettable pleasure. Premium quality by EROS CLASSIC LINE. Discreet delivery across De...","robots":{"index":"index","follow":"follow","max-snippet":"max-snippet:-1","max-image-preview":"max-image-preview:large","max-video-preview":"max-video-preview:-1"},"canonical":"https:\/\/sayoh.com\/de\/produkt\/eros-bodyglide-superconcentrated-woman-lubricant-50-ml\/","og_locale":"de_DE","og_type":"article","og_title":"EROS - BODYGLIDE SUPERCONCENTRATED WOMAN LUBRICANT 50 ML","og_description":"Shop the eros bodyglide superconcentrated woman \u2014 designed for unforgettable pleasure. Premium quality by EROS CLASSIC LINE. Discreet delivery across De...","og_url":"https:\/\/sayoh.com\/de\/produkt\/eros-bodyglide-superconcentrated-woman-lubricant-50-ml\/","og_site_name":"SayOh","article_modified_time":"2026-04-25T08:06:11+00:00","og_image":[{"width":900,"height":900,"url":"https:\/\/i0.wp.com\/sayoh.com\/wp-content\/uploads\/2026\/03\/img_59035_b2cb96a53af27af0963dfc66002da9cc_1.jpg?fit=900%2C900&ssl=1","type":"image\/jpeg"}],"twitter_card":"summary_large_image","twitter_misc":{"Gesch\u00e4tzte Lesezeit":"2\u00a0Minuten"},"schema":{"@context":"https:\/\/schema.org","@graph":[{"@type":"WebPage","@id":"https:\/\/sayoh.com\/product\/eros-bodyglide-superconcentrated-woman-lubricant-50-ml\/","url":"https:\/\/sayoh.com\/product\/eros-bodyglide-superconcentrated-woman-lubricant-50-ml\/","name":"EROS - BODYGLIDE SUPERCONCENTRATED WOMAN LUBRICANT 50 ML - SayOh","isPartOf":{"@id":"https:\/\/sayoh.com\/#website"},"primaryImageOfPage":{"@id":"https:\/\/sayoh.com\/product\/eros-bodyglide-superconcentrated-woman-lubricant-50-ml\/#primaryimage"},"image":{"@id":"https:\/\/sayoh.com\/product\/eros-bodyglide-superconcentrated-woman-lubricant-50-ml\/#primaryimage"},"thumbnailUrl":"https:\/\/i0.wp.com\/sayoh.com\/wp-content\/uploads\/2026\/03\/img_59035_b2cb96a53af27af0963dfc66002da9cc_1.jpg?fit=900%2C900&ssl=1","datePublished":"2026-03-13T08:06:12+00:00","dateModified":"2026-04-25T08:06:11+00:00","description":"Shop the eros bodyglide superconcentrated woman \u2014 designed for unforgettable pleasure. Premium quality by EROS CLASSIC LINE. Discreet delivery across De...","breadcrumb":{"@id":"https:\/\/sayoh.com\/product\/eros-bodyglide-superconcentrated-woman-lubricant-50-ml\/#breadcrumb"},"inLanguage":"de","potentialAction":[{"@type":"ReadAction","target":["https:\/\/sayoh.com\/product\/eros-bodyglide-superconcentrated-woman-lubricant-50-ml\/"]}]},{"@type":"ImageObject","inLanguage":"de","@id":"https:\/\/sayoh.com\/product\/eros-bodyglide-superconcentrated-woman-lubricant-50-ml\/#primaryimage","url":"https:\/\/i0.wp.com\/sayoh.com\/wp-content\/uploads\/2026\/03\/img_59035_b2cb96a53af27af0963dfc66002da9cc_1.jpg?fit=900%2C900&ssl=1","contentUrl":"https:\/\/i0.wp.com\/sayoh.com\/wp-content\/uploads\/2026\/03\/img_59035_b2cb96a53af27af0963dfc66002da9cc_1.jpg?fit=900%2C900&ssl=1","width":900,"height":900},{"@type":"BreadcrumbList","@id":"https:\/\/sayoh.com\/product\/eros-bodyglide-superconcentrated-woman-lubricant-50-ml\/#breadcrumb","itemListElement":[{"@type":"ListItem","position":1,"name":"Home","item":"https:\/\/sayoh.com\/"},{"@type":"ListItem","position":2,"name":"Shop","item":"https:\/\/sayoh.com\/shop\/"},{"@type":"ListItem","position":3,"name":"EROS &#8211; BODYGLIDE SUPERCONCENTRATED WOMAN LUBRICANT 50 ML"}]},{"@type":"WebSite","@id":"https:\/\/sayoh.com\/#website","url":"https:\/\/sayoh.com\/","name":"Sag Oh","description":"Spiel, Spa\u00df und Safer Sex","publisher":{"@id":"https:\/\/sayoh.com\/#organization"},"potentialAction":[{"@type":"SearchAction","target":{"@type":"EntryPoint","urlTemplate":"https:\/\/sayoh.com\/?s={search_term_string}"},"query-input":{"@type":"PropertyValueSpecification","valueRequired":true,"valueName":"search_term_string"}}],"inLanguage":"de"},{"@type":"Organization","@id":"https:\/\/sayoh.com\/#organization","name":"Sag Oh","url":"https:\/\/sayoh.com\/","logo":{"@type":"ImageObject","inLanguage":"de","@id":"https:\/\/sayoh.com\/#\/schema\/logo\/image\/","url":"https:\/\/i0.wp.com\/sayoh.com\/wp-content\/uploads\/2023\/11\/cropped-image_123650291.jpg?fit=512%2C512&ssl=1","contentUrl":"https:\/\/i0.wp.com\/sayoh.com\/wp-content\/uploads\/2023\/11\/cropped-image_123650291.jpg?fit=512%2C512&ssl=1","width":512,"height":512,"caption":"Say Oh"},"image":{"@id":"https:\/\/sayoh.com\/#\/schema\/logo\/image\/"}}]}},"jetpack_publicize_connections":[],"jetpack_likes_enabled":true,"jetpack_sharing_enabled":true,"jetpack-related-posts":[{"id":35806,"url":"https:\/\/sayoh.com\/de\/produkt\/eros-bodyglide-superconcentrated-woman-lubricant-30-ml\/","url_meta":{"origin":35808,"position":0},"title":"EROS &#8211; BODYGLIDE SUPERCONCENTRATED WOMAN LUBRICANT 30 ML","author":"Admin","date":"M\u00e4rz 13, 2026","format":false,"excerpt":"The EROS - BODYGLIDE SUPERCONCENTRATED WOMAN LUBRICANT 30 ML from EROS CLASSIC LINE is the anal toy you have been looking for. Designed for comfort, built for pleasure, and delivered discreetly to your door across Denmark.","rel":"","context":"\u00c4hnlicher Beitrag","block_context":{"text":"\u00c4hnlicher Beitrag","link":""},"img":{"alt_text":"","src":"https:\/\/i0.wp.com\/sayoh.com\/wp-content\/uploads\/2026\/03\/img_59034_83cee7b1519ec4c0d38029049284319d_1.jpg?fit=900%2C900&ssl=1&resize=350%2C200","width":350,"height":200,"srcset":"https:\/\/i0.wp.com\/sayoh.com\/wp-content\/uploads\/2026\/03\/img_59034_83cee7b1519ec4c0d38029049284319d_1.jpg?fit=900%2C900&ssl=1&resize=350%2C200 1x, https:\/\/i0.wp.com\/sayoh.com\/wp-content\/uploads\/2026\/03\/img_59034_83cee7b1519ec4c0d38029049284319d_1.jpg?fit=900%2C900&ssl=1&resize=525%2C300 1.5x, https:\/\/i0.wp.com\/sayoh.com\/wp-content\/uploads\/2026\/03\/img_59034_83cee7b1519ec4c0d38029049284319d_1.jpg?fit=900%2C900&ssl=1&resize=700%2C400 2x"},"classes":[]},{"id":35811,"url":"https:\/\/sayoh.com\/de\/produkt\/eros-bodyglide-superconcentrated-woman-lubricant-100-ml\/","url_meta":{"origin":35808,"position":1},"title":"EROS &#8211; BODYGLIDE SUPERCONCENTRATED WOMAN LUBRICANT 100 ML","author":"Admin","date":"M\u00e4rz 13, 2026","format":false,"excerpt":"Meet the EROS - BODYGLIDE SUPERCONCENTRATED WOMAN LUBRICANT 100 ML from EROS CLASSIC LINE \u2014 an anal toy that combines stunning design with unforgettable performance. Treat yourself to something that truly elevates the experience.","rel":"","context":"\u00c4hnlicher Beitrag","block_context":{"text":"\u00c4hnlicher Beitrag","link":""},"img":{"alt_text":"","src":"https:\/\/i0.wp.com\/sayoh.com\/wp-content\/uploads\/2026\/03\/img_59036_e2fa676709942698b17ef2662e7a19a0_1.jpg?fit=550%2C550&ssl=1&resize=350%2C200","width":350,"height":200,"srcset":"https:\/\/i0.wp.com\/sayoh.com\/wp-content\/uploads\/2026\/03\/img_59036_e2fa676709942698b17ef2662e7a19a0_1.jpg?fit=550%2C550&ssl=1&resize=350%2C200 1x, https:\/\/i0.wp.com\/sayoh.com\/wp-content\/uploads\/2026\/03\/img_59036_e2fa676709942698b17ef2662e7a19a0_1.jpg?fit=550%2C550&ssl=1&resize=525%2C300 1.5x"},"classes":[]},{"id":35835,"url":"https:\/\/sayoh.com\/de\/produkt\/eros-bodyglide-superconcentrated-woman-lubricant-250-ml\/","url_meta":{"origin":35808,"position":2},"title":"EROS &#8211; BODYGLIDE SUPERCONCENTRATED WOMAN LUBRICANT 250 ML","author":"Admin","date":"M\u00e4rz 14, 2026","format":false,"excerpt":"Discover the EROS - BODYGLIDE SUPERCONCENTRATED WOMAN LUBRICANT 250 ML by EROS CLASSIC LINE. This thoughtfully crafted anal toy is designed to hit every right note, whether you are exploring solo or with a partner. Premium quality, discreet delivery.","rel":"","context":"\u00c4hnlicher Beitrag","block_context":{"text":"\u00c4hnlicher Beitrag","link":""},"img":{"alt_text":"","src":"https:\/\/i0.wp.com\/sayoh.com\/wp-content\/uploads\/2026\/03\/img_75186_bd0d566123a4ce478288d0936fd5cba8_1.jpg?fit=800%2C800&ssl=1&resize=350%2C200","width":350,"height":200,"srcset":"https:\/\/i0.wp.com\/sayoh.com\/wp-content\/uploads\/2026\/03\/img_75186_bd0d566123a4ce478288d0936fd5cba8_1.jpg?fit=800%2C800&ssl=1&resize=350%2C200 1x, https:\/\/i0.wp.com\/sayoh.com\/wp-content\/uploads\/2026\/03\/img_75186_bd0d566123a4ce478288d0936fd5cba8_1.jpg?fit=800%2C800&ssl=1&resize=525%2C300 1.5x, https:\/\/i0.wp.com\/sayoh.com\/wp-content\/uploads\/2026\/03\/img_75186_bd0d566123a4ce478288d0936fd5cba8_1.jpg?fit=800%2C800&ssl=1&resize=700%2C400 2x"},"classes":[]},{"id":36087,"url":"https:\/\/sayoh.com\/de\/produkt\/eros-bodyglide-superconcentrated-lubricant-30-ml\/","url_meta":{"origin":35808,"position":3},"title":"EROS &#8211; BODYGLIDE SUPERCONCENTRATED LUBRICANT 30 ML","author":"Admin","date":"M\u00e4rz 14, 2026","format":false,"excerpt":"Meet the EROS - BODYGLIDE SUPERCONCENTRATED LUBRICANT 30 ML from EROS CLASSIC LINE \u2014 an anal toy that combines stunning design with unforgettable performance. Treat yourself to something that truly elevates the experience.","rel":"","context":"\u00c4hnlicher Beitrag","block_context":{"text":"\u00c4hnlicher Beitrag","link":""},"img":{"alt_text":"","src":"https:\/\/i0.wp.com\/sayoh.com\/wp-content\/uploads\/2026\/03\/img_1385_e3d321f6e28b710bb606cffdd85b0d04_1.jpg?fit=550%2C550&ssl=1&resize=350%2C200","width":350,"height":200,"srcset":"https:\/\/i0.wp.com\/sayoh.com\/wp-content\/uploads\/2026\/03\/img_1385_e3d321f6e28b710bb606cffdd85b0d04_1.jpg?fit=550%2C550&ssl=1&resize=350%2C200 1x, https:\/\/i0.wp.com\/sayoh.com\/wp-content\/uploads\/2026\/03\/img_1385_e3d321f6e28b710bb606cffdd85b0d04_1.jpg?fit=550%2C550&ssl=1&resize=525%2C300 1.5x"},"classes":[]},{"id":35802,"url":"https:\/\/sayoh.com\/de\/produkt\/eros-bodyglide-superconcentrated-lubricant-250-ml\/","url_meta":{"origin":35808,"position":4},"title":"EROS &#8211; BODYGLIDE SUPERCONCENTRATED LUBRICANT 250 ML","author":"Admin","date":"M\u00e4rz 13, 2026","format":false,"excerpt":"The EROS - BODYGLIDE SUPERCONCENTRATED LUBRICANT 250 ML by EROS CLASSIC LINE delivers exactly what you need \u2014 intense, reliable pleasure in a beautifully designed package. This premium anal toy is perfect for anyone who refuses to settle for less.","rel":"","context":"\u00c4hnlicher Beitrag","block_context":{"text":"\u00c4hnlicher Beitrag","link":""},"img":{"alt_text":"","src":"https:\/\/i0.wp.com\/sayoh.com\/wp-content\/uploads\/2026\/03\/img_59031_3d3d39d58cff08bb980abf478efd7750_1.jpg?fit=900%2C900&ssl=1&resize=350%2C200","width":350,"height":200,"srcset":"https:\/\/i0.wp.com\/sayoh.com\/wp-content\/uploads\/2026\/03\/img_59031_3d3d39d58cff08bb980abf478efd7750_1.jpg?fit=900%2C900&ssl=1&resize=350%2C200 1x, https:\/\/i0.wp.com\/sayoh.com\/wp-content\/uploads\/2026\/03\/img_59031_3d3d39d58cff08bb980abf478efd7750_1.jpg?fit=900%2C900&ssl=1&resize=525%2C300 1.5x, https:\/\/i0.wp.com\/sayoh.com\/wp-content\/uploads\/2026\/03\/img_59031_3d3d39d58cff08bb980abf478efd7750_1.jpg?fit=900%2C900&ssl=1&resize=700%2C400 2x"},"classes":[]},{"id":35800,"url":"https:\/\/sayoh.com\/de\/produkt\/eros-bodyglide-superconcentrated-lubricant-50-ml\/","url_meta":{"origin":35808,"position":5},"title":"EROS &#8211; BODYGLIDE SUPERCONCENTRATED LUBRICANT 50 ML","author":"Admin","date":"M\u00e4rz 13, 2026","format":false,"excerpt":"The EROS - BODYGLIDE SUPERCONCENTRATED LUBRICANT 50 ML by EROS CLASSIC LINE delivers exactly what you need \u2014 intense, reliable pleasure in a beautifully designed package. This premium anal toy is perfect for anyone who refuses to settle for less.","rel":"","context":"\u00c4hnlicher Beitrag","block_context":{"text":"\u00c4hnlicher Beitrag","link":""},"img":{"alt_text":"","src":"https:\/\/i0.wp.com\/sayoh.com\/wp-content\/uploads\/2026\/03\/img_59030_5705a1c7e32960a65718a39ff3e3ed75_1.jpg?fit=900%2C900&ssl=1&resize=350%2C200","width":350,"height":200,"srcset":"https:\/\/i0.wp.com\/sayoh.com\/wp-content\/uploads\/2026\/03\/img_59030_5705a1c7e32960a65718a39ff3e3ed75_1.jpg?fit=900%2C900&ssl=1&resize=350%2C200 1x, https:\/\/i0.wp.com\/sayoh.com\/wp-content\/uploads\/2026\/03\/img_59030_5705a1c7e32960a65718a39ff3e3ed75_1.jpg?fit=900%2C900&ssl=1&resize=525%2C300 1.5x, https:\/\/i0.wp.com\/sayoh.com\/wp-content\/uploads\/2026\/03\/img_59030_5705a1c7e32960a65718a39ff3e3ed75_1.jpg?fit=900%2C900&ssl=1&resize=700%2C400 2x"},"classes":[]}],"_links":{"self":[{"href":"https:\/\/sayoh.com\/de\/wp-json\/wp\/v2\/product\/35808","targetHints":{"allow":["GET"]}}],"collection":[{"href":"https:\/\/sayoh.com\/de\/wp-json\/wp\/v2\/product"}],"about":[{"href":"https:\/\/sayoh.com\/de\/wp-json\/wp\/v2\/types\/product"}],"replies":[{"embeddable":true,"href":"https:\/\/sayoh.com\/de\/wp-json\/wp\/v2\/comments?post=35808"}],"version-history":[{"count":0,"href":"https:\/\/sayoh.com\/de\/wp-json\/wp\/v2\/product\/35808\/revisions"}],"wp:featuredmedia":[{"embeddable":true,"href":"https:\/\/sayoh.com\/de\/wp-json\/wp\/v2\/media\/35807"}],"wp:attachment":[{"href":"https:\/\/sayoh.com\/de\/wp-json\/wp\/v2\/media?parent=35808"}],"wp:term":[{"taxonomy":"product_brand","embeddable":true,"href":"https:\/\/sayoh.com\/de\/wp-json\/wp\/v2\/product_brand?post=35808"},{"taxonomy":"product_cat","embeddable":true,"href":"https:\/\/sayoh.com\/de\/wp-json\/wp\/v2\/product_cat?post=35808"},{"taxonomy":"product_tag","embeddable":true,"href":"https:\/\/sayoh.com\/de\/wp-json\/wp\/v2\/product_tag?post=35808"}],"curies":[{"name":"wp","href":"https:\/\/api.w.org\/{rel}","templated":true}]}}