{"id":37078,"date":"2026-03-19T09:08:43","date_gmt":"2026-03-19T08:08:43","guid":{"rendered":"https:\/\/sayoh.com\/product\/pretty-love-orton-realistic-dildo-with-suction-cup-23-5-cm-o-4-9-cm\/"},"modified":"2026-04-15T10:13:37","modified_gmt":"2026-04-15T08:13:37","slug":"pretty-love-orton-realistic-dildo-with-suction-cup-23-5-cm-o-4-9-cm","status":"publish","type":"product","link":"https:\/\/sayoh.com\/de\/produkt\/pretty-love-orton-realistic-dildo-with-suction-cup-23-5-cm-o-4-9-cm\/","title":{"rendered":"PRETTY LOVE &#8211; ORTON REALISTIC DILDO WITH SUCTION CUP 23.5 CM -\u00d8- 4.9 CM"},"content":{"rendered":"<h2>Eine Form, die begeistern soll<\/h2>\n<p>Es hat etwas zutiefst Befriedigendes, einen Dildo zu finden, der einfach alles richtig macht. Die <strong>PRETTY LOVE &#8211; ORTON REALISTIC DILDO WITH SUCTION CUP 23.5 CM -\u00d8- 4.9 CM<\/strong> by PRETTY LOVE HIGH GRADE ist eine dieser seltenen Entdeckungen - durchdacht konstruiert, wundersch\u00f6n gestaltet und so gebaut, dass sie genau die Art von Vergn\u00fcgen bietet, nach der Sie gesucht haben.<\/p>\n<p>What makes this dildo truly stand out is the way it feels in use. Every contour, every texture, every detail has been considered to maximise your experience. The <strong>PRETTY LOVE &#8211; ORTON REALISTIC DILDO WITH SUCTION CUP 23.5 CM -\u00d8- 4.9 CM<\/strong> erf\u00fcllt nicht nur die Erwartungen - es definiert sie neu.<\/p>\n<h2>Jede Kurve hat einen Zweck<\/h2>\n<p>Die Gestaltung der <strong>PRETTY LOVE &#8211; ORTON REALISTIC DILDO WITH SUCTION CUP 23.5 CM -\u00d8- 4.9 CM<\/strong> stellt die perfekte Balance zwischen Form und Funktion her. Es sieht umwerfend aus, f\u00fchlt sich unglaublich an und h\u00e4lt genau das, was es verspricht. PRETTY LOVE HIGH GRADE ist daf\u00fcr bekannt, Qualit\u00e4t zu liefern, und dieses Produkt ist keine Ausnahme.<\/p>\n<p>Die Vielseitigkeit, die hier geboten wird, ist bemerkenswert. Ob allein oder zu zweit, sanft oder intensiv - mit diesem Dildo k\u00f6nnen Sie das Tempo bestimmen und sich ganz nach Ihrem Geschmack entfalten. Und da sich PRETTY LOVE HIGH GRADE f\u00fcr k\u00f6rpervertr\u00e4gliche Materialien entschieden hat, k\u00f6nnen Sie sich entspannen und ganz auf das Erlebnis konzentrieren.<\/p>\n<h2>Gebaut f\u00fcr das echte Leben<\/h2>\n<p>Langlebigkeit und Hygiene sind ebenso wichtig wie das Vergn\u00fcgen, und PRETTY LOVE HIGH GRADE bietet beides. Die <strong>PRETTY LOVE &#8211; ORTON REALISTIC DILDO WITH SUCTION CUP 23.5 CM -\u00d8- 4.9 CM<\/strong> wird aus hochwertigen, leicht zu reinigenden Materialien hergestellt, die ihre Qualit\u00e4t \u00fcber lange Zeit beibehalten. Es ist eine kluge Investition in Ihr dauerhaftes Wohlbefinden.<\/p>\n<p>Wir bei Sayoh sind der Meinung, dass jeder Zugang zu qualitativ hochwertigen Intimprodukten verdient, ohne zu urteilen. Ihre Bestellung wird in einer v\u00f6llig unauff\u00e4lligen Verpackung versandt, und unsere schnelle d\u00e4nische Lieferung bedeutet, dass Sie Ihre neuen Produkte schon bald genie\u00dfen k\u00f6nnen. <strong>PRETTY LOVE &#8211; ORTON REALISTIC DILDO WITH SUCTION CUP 23.5 CM -\u00d8- 4.9 CM<\/strong> fr\u00fcher als Sie denken.<\/p>\n<h2>Wesentliche Merkmale<\/h2>\n<ul>\n<li>Gefertigt aus k\u00f6rpervertr\u00e4glichen Materialien f\u00fcr Ihren Seelenfrieden<\/li>\n<li>Diskrete Verpackung und schnelle Lieferung in ganz D\u00e4nemark<\/li>\n<li>Hochwertige Qualit\u00e4t von PRETTY LOVE HIGH GRADE<\/li>\n<li>Leicht zu reinigen und zu pflegen f\u00fcr dauerhafte Freude<\/li>\n<li>Ergonomisches Design f\u00fcr eine nat\u00fcrliche Anpassung an Ihren K\u00f6rper<\/li>\n<li>Perfekt f\u00fcr Soloabenteuer oder gemeinsame intime Momente<\/li>\n<\/ul>","protected":false},"excerpt":{"rendered":"<p>Entdecken Sie die <strong>PRETTY LOVE &#8211; ORTON REALISTIC DILDO WITH SUCTION CUP 23.5 CM -\u00d8- 4.9 CM<\/strong> by PRETTY LOVE HIGH GRADE. This thoughtfully crafted dildo is designed to hit every right note, whether you are exploring solo or with a partner. Premium quality, discreet delivery.<\/p>","protected":false},"featured_media":37057,"comment_status":"open","ping_status":"closed","template":"","meta":{"_crdt_document":"","_monsterinsights_skip_tracking":false,"_monsterinsights_sitenote_active":false,"_monsterinsights_sitenote_note":"","_monsterinsights_sitenote_category":0,"jetpack_publicize_message":"","jetpack_publicize_feature_enabled":true,"jetpack_social_post_already_shared":true,"jetpack_social_options":{"image_generator_settings":{"template":"highway","default_image_id":0,"font":"","enabled":false},"version":2},"_wpas_customize_per_network":false},"product_brand":[1595],"product_cat":[1552,1598,1562,1571,1580,1454],"product_tag":[1556,1557,1582,1581,1569,1458],"class_list":{"0":"post-37078","1":"product","2":"type-product","3":"status-publish","4":"has-post-thumbnail","6":"product_brand-pretty-love","7":"product_cat-anal","8":"product_cat-couples","9":"product_cat-anal-dildo","10":"product_cat-g-spot-dildo","11":"product_cat-lgbt","12":"product_cat-women","13":"product_tag-anal","14":"product_tag-couples","15":"product_tag-gay","16":"product_tag-lgbt","17":"product_tag-penetration","18":"product_tag-vibrator","20":"first","21":"outofstock","22":"taxable","23":"shipping-taxable","24":"purchasable","25":"product-type-simple"},"yoast_head":"<!-- This site is optimized with the Yoast SEO Premium plugin v27.1 (Yoast SEO v27.6) - https:\/\/yoast.com\/product\/yoast-seo-premium-wordpress\/ -->\n<title>PRETTY LOVE - ORTON REALISTIC DILDO WITH SUCTION CUP 23.5 CM -\u00d8- 4.9 CM - SayOh<\/title>\n<meta name=\"description\" content=\"Shop the pretty orton realistic dildo \u2014 designed for unforgettable pleasure. Premium quality by PRETTY LOVE HIGH GRADE. Discreet delivery across Denmark.\" \/>\n<meta name=\"robots\" content=\"index, follow, max-snippet:-1, max-image-preview:large, max-video-preview:-1\" \/>\n<link rel=\"canonical\" href=\"https:\/\/sayoh.com\/de\/produkt\/pretty-love-orton-realistic-dildo-with-suction-cup-23-5-cm-o-4-9-cm\/\" \/>\n<meta property=\"og:locale\" content=\"de_DE\" \/>\n<meta property=\"og:type\" content=\"article\" \/>\n<meta property=\"og:title\" content=\"PRETTY LOVE - ORTON REALISTIC DILDO WITH SUCTION CUP 23.5 CM -\u00d8- 4.9 CM\" \/>\n<meta property=\"og:description\" content=\"Shop the pretty orton realistic dildo \u2014 designed for unforgettable pleasure. Premium quality by PRETTY LOVE HIGH GRADE. Discreet delivery across Denmark.\" \/>\n<meta property=\"og:url\" content=\"https:\/\/sayoh.com\/de\/produkt\/pretty-love-orton-realistic-dildo-with-suction-cup-23-5-cm-o-4-9-cm\/\" \/>\n<meta property=\"og:site_name\" content=\"SayOh\" \/>\n<meta property=\"article:modified_time\" content=\"2026-04-15T08:13:37+00:00\" \/>\n<meta property=\"og:image\" content=\"https:\/\/i0.wp.com\/sayoh.com\/wp-content\/uploads\/2026\/03\/img_220126_5adf080e96d426db5f97d5235e467ed9_1.jpg?fit=900%2C900&ssl=1\" \/>\n\t<meta property=\"og:image:width\" content=\"900\" \/>\n\t<meta property=\"og:image:height\" content=\"900\" \/>\n\t<meta property=\"og:image:type\" content=\"image\/jpeg\" \/>\n<meta name=\"twitter:card\" content=\"summary_large_image\" \/>\n<meta name=\"twitter:label1\" content=\"Gesch\u00e4tzte Lesezeit\" \/>\n\t<meta name=\"twitter:data1\" content=\"2\u00a0Minuten\" \/>\n<script type=\"application\/ld+json\" class=\"yoast-schema-graph\">{\"@context\":\"https:\\\/\\\/schema.org\",\"@graph\":[{\"@type\":\"WebPage\",\"@id\":\"https:\\\/\\\/sayoh.com\\\/product\\\/pretty-love-orton-realistic-dildo-with-suction-cup-23-5-cm-o-4-9-cm\\\/\",\"url\":\"https:\\\/\\\/sayoh.com\\\/product\\\/pretty-love-orton-realistic-dildo-with-suction-cup-23-5-cm-o-4-9-cm\\\/\",\"name\":\"PRETTY LOVE - ORTON REALISTIC DILDO WITH SUCTION CUP 23.5 CM -\u00d8- 4.9 CM - SayOh\",\"isPartOf\":{\"@id\":\"https:\\\/\\\/sayoh.com\\\/#website\"},\"primaryImageOfPage\":{\"@id\":\"https:\\\/\\\/sayoh.com\\\/product\\\/pretty-love-orton-realistic-dildo-with-suction-cup-23-5-cm-o-4-9-cm\\\/#primaryimage\"},\"image\":{\"@id\":\"https:\\\/\\\/sayoh.com\\\/product\\\/pretty-love-orton-realistic-dildo-with-suction-cup-23-5-cm-o-4-9-cm\\\/#primaryimage\"},\"thumbnailUrl\":\"https:\\\/\\\/i0.wp.com\\\/sayoh.com\\\/wp-content\\\/uploads\\\/2026\\\/03\\\/img_220126_5adf080e96d426db5f97d5235e467ed9_1.jpg?fit=900%2C900&ssl=1\",\"datePublished\":\"2026-03-19T08:08:43+00:00\",\"dateModified\":\"2026-04-15T08:13:37+00:00\",\"description\":\"Shop the pretty orton realistic dildo \u2014 designed for unforgettable pleasure. Premium quality by PRETTY LOVE HIGH GRADE. Discreet delivery across Denmark.\",\"breadcrumb\":{\"@id\":\"https:\\\/\\\/sayoh.com\\\/product\\\/pretty-love-orton-realistic-dildo-with-suction-cup-23-5-cm-o-4-9-cm\\\/#breadcrumb\"},\"inLanguage\":\"de\",\"potentialAction\":[{\"@type\":\"ReadAction\",\"target\":[\"https:\\\/\\\/sayoh.com\\\/product\\\/pretty-love-orton-realistic-dildo-with-suction-cup-23-5-cm-o-4-9-cm\\\/\"]}]},{\"@type\":\"ImageObject\",\"inLanguage\":\"de\",\"@id\":\"https:\\\/\\\/sayoh.com\\\/product\\\/pretty-love-orton-realistic-dildo-with-suction-cup-23-5-cm-o-4-9-cm\\\/#primaryimage\",\"url\":\"https:\\\/\\\/i0.wp.com\\\/sayoh.com\\\/wp-content\\\/uploads\\\/2026\\\/03\\\/img_220126_5adf080e96d426db5f97d5235e467ed9_1.jpg?fit=900%2C900&ssl=1\",\"contentUrl\":\"https:\\\/\\\/i0.wp.com\\\/sayoh.com\\\/wp-content\\\/uploads\\\/2026\\\/03\\\/img_220126_5adf080e96d426db5f97d5235e467ed9_1.jpg?fit=900%2C900&ssl=1\",\"width\":900,\"height\":900},{\"@type\":\"BreadcrumbList\",\"@id\":\"https:\\\/\\\/sayoh.com\\\/product\\\/pretty-love-orton-realistic-dildo-with-suction-cup-23-5-cm-o-4-9-cm\\\/#breadcrumb\",\"itemListElement\":[{\"@type\":\"ListItem\",\"position\":1,\"name\":\"Home\",\"item\":\"https:\\\/\\\/sayoh.com\\\/\"},{\"@type\":\"ListItem\",\"position\":2,\"name\":\"Shop\",\"item\":\"https:\\\/\\\/sayoh.com\\\/shop\\\/\"},{\"@type\":\"ListItem\",\"position\":3,\"name\":\"PRETTY LOVE &#8211; ORTON REALISTIC DILDO WITH SUCTION CUP 23.5 CM -\u00d8- 4.9 CM\"}]},{\"@type\":\"WebSite\",\"@id\":\"https:\\\/\\\/sayoh.com\\\/#website\",\"url\":\"https:\\\/\\\/sayoh.com\\\/\",\"name\":\"Say Oh\",\"description\":\"Playful, fun and safe sex\",\"publisher\":{\"@id\":\"https:\\\/\\\/sayoh.com\\\/#organization\"},\"potentialAction\":[{\"@type\":\"SearchAction\",\"target\":{\"@type\":\"EntryPoint\",\"urlTemplate\":\"https:\\\/\\\/sayoh.com\\\/?s={search_term_string}\"},\"query-input\":{\"@type\":\"PropertyValueSpecification\",\"valueRequired\":true,\"valueName\":\"search_term_string\"}}],\"inLanguage\":\"de\"},{\"@type\":\"Organization\",\"@id\":\"https:\\\/\\\/sayoh.com\\\/#organization\",\"name\":\"Say Oh\",\"url\":\"https:\\\/\\\/sayoh.com\\\/\",\"logo\":{\"@type\":\"ImageObject\",\"inLanguage\":\"de\",\"@id\":\"https:\\\/\\\/sayoh.com\\\/#\\\/schema\\\/logo\\\/image\\\/\",\"url\":\"https:\\\/\\\/i0.wp.com\\\/sayoh.com\\\/wp-content\\\/uploads\\\/2023\\\/11\\\/cropped-image_123650291.jpg?fit=512%2C512&ssl=1\",\"contentUrl\":\"https:\\\/\\\/i0.wp.com\\\/sayoh.com\\\/wp-content\\\/uploads\\\/2023\\\/11\\\/cropped-image_123650291.jpg?fit=512%2C512&ssl=1\",\"width\":512,\"height\":512,\"caption\":\"Say Oh\"},\"image\":{\"@id\":\"https:\\\/\\\/sayoh.com\\\/#\\\/schema\\\/logo\\\/image\\\/\"}}]}<\/script>\n<!-- \/ Yoast SEO Premium plugin. -->","yoast_head_json":{"title":"PRETTY LOVE - ORTON REALISTIC DILDO WITH SUCTION CUP 23.5 CM -\u00d8- 4.9 CM - SayOh","description":"Shop the pretty orton realistic dildo \u2014 designed for unforgettable pleasure. Premium quality by PRETTY LOVE HIGH GRADE. Discreet delivery across Denmark.","robots":{"index":"index","follow":"follow","max-snippet":"max-snippet:-1","max-image-preview":"max-image-preview:large","max-video-preview":"max-video-preview:-1"},"canonical":"https:\/\/sayoh.com\/de\/produkt\/pretty-love-orton-realistic-dildo-with-suction-cup-23-5-cm-o-4-9-cm\/","og_locale":"de_DE","og_type":"article","og_title":"PRETTY LOVE - ORTON REALISTIC DILDO WITH SUCTION CUP 23.5 CM -\u00d8- 4.9 CM","og_description":"Shop the pretty orton realistic dildo \u2014 designed for unforgettable pleasure. Premium quality by PRETTY LOVE HIGH GRADE. Discreet delivery across Denmark.","og_url":"https:\/\/sayoh.com\/de\/produkt\/pretty-love-orton-realistic-dildo-with-suction-cup-23-5-cm-o-4-9-cm\/","og_site_name":"SayOh","article_modified_time":"2026-04-15T08:13:37+00:00","og_image":[{"width":900,"height":900,"url":"https:\/\/i0.wp.com\/sayoh.com\/wp-content\/uploads\/2026\/03\/img_220126_5adf080e96d426db5f97d5235e467ed9_1.jpg?fit=900%2C900&ssl=1","type":"image\/jpeg"}],"twitter_card":"summary_large_image","twitter_misc":{"Gesch\u00e4tzte Lesezeit":"2\u00a0Minuten"},"schema":{"@context":"https:\/\/schema.org","@graph":[{"@type":"WebPage","@id":"https:\/\/sayoh.com\/product\/pretty-love-orton-realistic-dildo-with-suction-cup-23-5-cm-o-4-9-cm\/","url":"https:\/\/sayoh.com\/product\/pretty-love-orton-realistic-dildo-with-suction-cup-23-5-cm-o-4-9-cm\/","name":"PRETTY LOVE - ORTON REALISTIC DILDO WITH SUCTION CUP 23.5 CM -\u00d8- 4.9 CM - SayOh","isPartOf":{"@id":"https:\/\/sayoh.com\/#website"},"primaryImageOfPage":{"@id":"https:\/\/sayoh.com\/product\/pretty-love-orton-realistic-dildo-with-suction-cup-23-5-cm-o-4-9-cm\/#primaryimage"},"image":{"@id":"https:\/\/sayoh.com\/product\/pretty-love-orton-realistic-dildo-with-suction-cup-23-5-cm-o-4-9-cm\/#primaryimage"},"thumbnailUrl":"https:\/\/i0.wp.com\/sayoh.com\/wp-content\/uploads\/2026\/03\/img_220126_5adf080e96d426db5f97d5235e467ed9_1.jpg?fit=900%2C900&ssl=1","datePublished":"2026-03-19T08:08:43+00:00","dateModified":"2026-04-15T08:13:37+00:00","description":"Shop the pretty orton realistic dildo \u2014 designed for unforgettable pleasure. Premium quality by PRETTY LOVE HIGH GRADE. Discreet delivery across Denmark.","breadcrumb":{"@id":"https:\/\/sayoh.com\/product\/pretty-love-orton-realistic-dildo-with-suction-cup-23-5-cm-o-4-9-cm\/#breadcrumb"},"inLanguage":"de","potentialAction":[{"@type":"ReadAction","target":["https:\/\/sayoh.com\/product\/pretty-love-orton-realistic-dildo-with-suction-cup-23-5-cm-o-4-9-cm\/"]}]},{"@type":"ImageObject","inLanguage":"de","@id":"https:\/\/sayoh.com\/product\/pretty-love-orton-realistic-dildo-with-suction-cup-23-5-cm-o-4-9-cm\/#primaryimage","url":"https:\/\/i0.wp.com\/sayoh.com\/wp-content\/uploads\/2026\/03\/img_220126_5adf080e96d426db5f97d5235e467ed9_1.jpg?fit=900%2C900&ssl=1","contentUrl":"https:\/\/i0.wp.com\/sayoh.com\/wp-content\/uploads\/2026\/03\/img_220126_5adf080e96d426db5f97d5235e467ed9_1.jpg?fit=900%2C900&ssl=1","width":900,"height":900},{"@type":"BreadcrumbList","@id":"https:\/\/sayoh.com\/product\/pretty-love-orton-realistic-dildo-with-suction-cup-23-5-cm-o-4-9-cm\/#breadcrumb","itemListElement":[{"@type":"ListItem","position":1,"name":"Home","item":"https:\/\/sayoh.com\/"},{"@type":"ListItem","position":2,"name":"Shop","item":"https:\/\/sayoh.com\/shop\/"},{"@type":"ListItem","position":3,"name":"PRETTY LOVE &#8211; ORTON REALISTIC DILDO WITH SUCTION CUP 23.5 CM -\u00d8- 4.9 CM"}]},{"@type":"WebSite","@id":"https:\/\/sayoh.com\/#website","url":"https:\/\/sayoh.com\/","name":"Sag Oh","description":"Spiel, Spa\u00df und Safer Sex","publisher":{"@id":"https:\/\/sayoh.com\/#organization"},"potentialAction":[{"@type":"SearchAction","target":{"@type":"EntryPoint","urlTemplate":"https:\/\/sayoh.com\/?s={search_term_string}"},"query-input":{"@type":"PropertyValueSpecification","valueRequired":true,"valueName":"search_term_string"}}],"inLanguage":"de"},{"@type":"Organization","@id":"https:\/\/sayoh.com\/#organization","name":"Sag Oh","url":"https:\/\/sayoh.com\/","logo":{"@type":"ImageObject","inLanguage":"de","@id":"https:\/\/sayoh.com\/#\/schema\/logo\/image\/","url":"https:\/\/i0.wp.com\/sayoh.com\/wp-content\/uploads\/2023\/11\/cropped-image_123650291.jpg?fit=512%2C512&ssl=1","contentUrl":"https:\/\/i0.wp.com\/sayoh.com\/wp-content\/uploads\/2023\/11\/cropped-image_123650291.jpg?fit=512%2C512&ssl=1","width":512,"height":512,"caption":"Say Oh"},"image":{"@id":"https:\/\/sayoh.com\/#\/schema\/logo\/image\/"}}]}},"jetpack_publicize_connections":[],"jetpack_likes_enabled":true,"jetpack_sharing_enabled":true,"jetpack-related-posts":[{"id":37054,"url":"https:\/\/sayoh.com\/de\/produkt\/pretty-love-duvall-realistic-dildo-with-suction-cup-19-3-cm-o-4-5-cm\/","url_meta":{"origin":37078,"position":0},"title":"PRETTY LOVE &#8211; DUVALL REALISTIC DILDO WITH SUCTION CUP 19.3 CM -\u00d8- 4.5 CM","author":"Admin","date":"M\u00e4rz 19, 2026","format":false,"excerpt":"The PRETTY LOVE - DUVALL REALISTIC DILDO WITH SUCTION CUP 19.3 CM -\u00d8- 4.5 CM by PRETTY LOVE HIGH GRADE delivers exactly what you need \u2014 intense, reliable pleasure in a beautifully designed package. This premium dildo is perfect for anyone who refuses to settle for less.","rel":"","context":"\u00c4hnlicher Beitrag","block_context":{"text":"\u00c4hnlicher Beitrag","link":""},"img":{"alt_text":"","src":"https:\/\/i0.wp.com\/sayoh.com\/wp-content\/uploads\/2026\/03\/img_220113_2f7a7aef9f53b16cb59dbf772abedca8_1.jpg?fit=900%2C900&ssl=1&resize=350%2C200","width":350,"height":200,"srcset":"https:\/\/i0.wp.com\/sayoh.com\/wp-content\/uploads\/2026\/03\/img_220113_2f7a7aef9f53b16cb59dbf772abedca8_1.jpg?fit=900%2C900&ssl=1&resize=350%2C200 1x, https:\/\/i0.wp.com\/sayoh.com\/wp-content\/uploads\/2026\/03\/img_220113_2f7a7aef9f53b16cb59dbf772abedca8_1.jpg?fit=900%2C900&ssl=1&resize=525%2C300 1.5x, https:\/\/i0.wp.com\/sayoh.com\/wp-content\/uploads\/2026\/03\/img_220113_2f7a7aef9f53b16cb59dbf772abedca8_1.jpg?fit=900%2C900&ssl=1&resize=700%2C400 2x"},"classes":[]},{"id":37044,"url":"https:\/\/sayoh.com\/de\/produkt\/pretty-love-lisle-realistic-dildo-with-suction-cup-20-6-cm-o-4-2-cm\/","url_meta":{"origin":37078,"position":1},"title":"PRETTY LOVE &#8211; LISLE REALISTIC DILDO WITH SUCTION CUP 20.6 CM -\u00d8- 4.2 CM","author":"Admin","date":"M\u00e4rz 19, 2026","format":false,"excerpt":"The PRETTY LOVE - LISLE REALISTIC DILDO WITH SUCTION CUP 20.6 CM -\u00d8- 4.2 CM by PRETTY LOVE HIGH GRADE delivers exactly what you need \u2014 intense, reliable pleasure in a beautifully designed package. This premium dildo is perfect for anyone who refuses to settle for less.","rel":"","context":"\u00c4hnlicher Beitrag","block_context":{"text":"\u00c4hnlicher Beitrag","link":""},"img":{"alt_text":"","src":"https:\/\/i0.wp.com\/sayoh.com\/wp-content\/uploads\/2026\/03\/img_220096_6ad6e17eea790096dec51c167bfb84da_1.jpg?fit=900%2C900&ssl=1&resize=350%2C200","width":350,"height":200,"srcset":"https:\/\/i0.wp.com\/sayoh.com\/wp-content\/uploads\/2026\/03\/img_220096_6ad6e17eea790096dec51c167bfb84da_1.jpg?fit=900%2C900&ssl=1&resize=350%2C200 1x, https:\/\/i0.wp.com\/sayoh.com\/wp-content\/uploads\/2026\/03\/img_220096_6ad6e17eea790096dec51c167bfb84da_1.jpg?fit=900%2C900&ssl=1&resize=525%2C300 1.5x, https:\/\/i0.wp.com\/sayoh.com\/wp-content\/uploads\/2026\/03\/img_220096_6ad6e17eea790096dec51c167bfb84da_1.jpg?fit=900%2C900&ssl=1&resize=700%2C400 2x"},"classes":[]},{"id":37056,"url":"https:\/\/sayoh.com\/de\/produkt\/pretty-love-najm-realistic-dildo-with-suction-cup-23-2-cm-o-5-5-cm\/","url_meta":{"origin":37078,"position":2},"title":"PRETTY LOVE &#8211; NAJM REALISTIC DILDO WITH SUCTION CUP 23.2 CM -\u00d8- 5.5 CM","author":"Admin","date":"M\u00e4rz 19, 2026","format":false,"excerpt":"The PRETTY LOVE - NAJM REALISTIC DILDO WITH SUCTION CUP 23.2 CM -\u00d8- 5.5 CM by PRETTY LOVE HIGH GRADE delivers exactly what you need \u2014 intense, reliable pleasure in a beautifully designed package. This premium dildo is perfect for anyone who refuses to settle for less.","rel":"","context":"\u00c4hnlicher Beitrag","block_context":{"text":"\u00c4hnlicher Beitrag","link":""},"img":{"alt_text":"","src":"https:\/\/i0.wp.com\/sayoh.com\/wp-content\/uploads\/2026\/03\/img_220120_5d53d877479aa4e78d5c3a46f56b6440_1.jpg?fit=900%2C900&ssl=1&resize=350%2C200","width":350,"height":200,"srcset":"https:\/\/i0.wp.com\/sayoh.com\/wp-content\/uploads\/2026\/03\/img_220120_5d53d877479aa4e78d5c3a46f56b6440_1.jpg?fit=900%2C900&ssl=1&resize=350%2C200 1x, https:\/\/i0.wp.com\/sayoh.com\/wp-content\/uploads\/2026\/03\/img_220120_5d53d877479aa4e78d5c3a46f56b6440_1.jpg?fit=900%2C900&ssl=1&resize=525%2C300 1.5x, https:\/\/i0.wp.com\/sayoh.com\/wp-content\/uploads\/2026\/03\/img_220120_5d53d877479aa4e78d5c3a46f56b6440_1.jpg?fit=900%2C900&ssl=1&resize=700%2C400 2x"},"classes":[]},{"id":37085,"url":"https:\/\/sayoh.com\/de\/produkt\/pretty-love-mendel-realistic-dildo-with-suction-cup-25-5-cm-o-5-6-cm\/","url_meta":{"origin":37078,"position":3},"title":"PRETTY LOVE &#8211; MENDEL REALISTIC DILDO WITH SUCTION CUP 25.5 CM -\u00d8- 5.6 CM","author":"Admin","date":"M\u00e4rz 19, 2026","format":false,"excerpt":"The PRETTY LOVE - MENDEL REALISTIC DILDO WITH SUCTION CUP 25.5 CM -\u00d8- 5.6 CM by PRETTY LOVE HIGH GRADE delivers exactly what you need \u2014 intense, reliable pleasure in a beautifully designed package. This premium dildo is perfect for anyone who refuses to settle for less.","rel":"","context":"\u00c4hnlicher Beitrag","block_context":{"text":"\u00c4hnlicher Beitrag","link":""},"img":{"alt_text":"","src":"https:\/\/i0.wp.com\/sayoh.com\/wp-content\/uploads\/2026\/03\/img_220138_57c8d7ad64ca916fc99b278b846597d7_1.jpg?fit=900%2C900&ssl=1&resize=350%2C200","width":350,"height":200,"srcset":"https:\/\/i0.wp.com\/sayoh.com\/wp-content\/uploads\/2026\/03\/img_220138_57c8d7ad64ca916fc99b278b846597d7_1.jpg?fit=900%2C900&ssl=1&resize=350%2C200 1x, https:\/\/i0.wp.com\/sayoh.com\/wp-content\/uploads\/2026\/03\/img_220138_57c8d7ad64ca916fc99b278b846597d7_1.jpg?fit=900%2C900&ssl=1&resize=525%2C300 1.5x, https:\/\/i0.wp.com\/sayoh.com\/wp-content\/uploads\/2026\/03\/img_220138_57c8d7ad64ca916fc99b278b846597d7_1.jpg?fit=900%2C900&ssl=1&resize=700%2C400 2x"},"classes":[]},{"id":37051,"url":"https:\/\/sayoh.com\/de\/produkt\/pretty-love-curtis-realistic-dildo-with-suction-cup-17-3-cm-o-4-2-cm\/","url_meta":{"origin":37078,"position":4},"title":"PRETTY LOVE &#8211; CURTIS REALISTIC DILDO WITH SUCTION CUP 17.3 CM -\u00d8- 4.2 CM","author":"Admin","date":"M\u00e4rz 19, 2026","format":false,"excerpt":"The PRETTY LOVE - CURTIS REALISTIC DILDO WITH SUCTION CUP 17.3 CM -\u00d8- 4.2 CM from PRETTY LOVE HIGH GRADE is the dildo you have been looking for. Designed for comfort, built for pleasure, and delivered discreetly to your door across Denmark.","rel":"","context":"\u00c4hnlicher Beitrag","block_context":{"text":"\u00c4hnlicher Beitrag","link":""},"img":{"alt_text":"","src":"https:\/\/i0.wp.com\/sayoh.com\/wp-content\/uploads\/2026\/03\/img_220105_656b1dae1ca16d80a3cb08c6f24bdfa3_1.jpg?fit=900%2C900&ssl=1&resize=350%2C200","width":350,"height":200,"srcset":"https:\/\/i0.wp.com\/sayoh.com\/wp-content\/uploads\/2026\/03\/img_220105_656b1dae1ca16d80a3cb08c6f24bdfa3_1.jpg?fit=900%2C900&ssl=1&resize=350%2C200 1x, https:\/\/i0.wp.com\/sayoh.com\/wp-content\/uploads\/2026\/03\/img_220105_656b1dae1ca16d80a3cb08c6f24bdfa3_1.jpg?fit=900%2C900&ssl=1&resize=525%2C300 1.5x, https:\/\/i0.wp.com\/sayoh.com\/wp-content\/uploads\/2026\/03\/img_220105_656b1dae1ca16d80a3cb08c6f24bdfa3_1.jpg?fit=900%2C900&ssl=1&resize=700%2C400 2x"},"classes":[]},{"id":32995,"url":"https:\/\/sayoh.com\/de\/produkt\/pretty-love-sliding-skin-series-realistic-dildo-with-sliding-skin-suction-cup-brown-26-cm\/","url_meta":{"origin":37078,"position":5},"title":"PRETTY LOVE &#8211; SLIDING SKIN SERIES REALISTIC DILDO WITH SLIDING SKIN SUCTION CUP BROWN 26 CM","author":"Admin","date":"M\u00e4rz 5, 2026","format":false,"excerpt":"The PRETTY LOVE - SLIDING SKIN SERIES REALISTIC DILDO WITH SLIDING SKIN SUCTION CUP BROWN 26 CM from PRETTY LOVE HIGH GRADE is the dildo you have been looking for. Designed for comfort, built for pleasure, and delivered discreetly to your door across Denmark.","rel":"","context":"\u00c4hnlicher Beitrag","block_context":{"text":"\u00c4hnlicher Beitrag","link":""},"img":{"alt_text":"","src":"https:\/\/i0.wp.com\/sayoh.com\/wp-content\/uploads\/2026\/03\/img_173316_97457039d3eb9c3297d8233817c1948a_1.jpg?fit=800%2C800&ssl=1&resize=350%2C200","width":350,"height":200,"srcset":"https:\/\/i0.wp.com\/sayoh.com\/wp-content\/uploads\/2026\/03\/img_173316_97457039d3eb9c3297d8233817c1948a_1.jpg?fit=800%2C800&ssl=1&resize=350%2C200 1x, https:\/\/i0.wp.com\/sayoh.com\/wp-content\/uploads\/2026\/03\/img_173316_97457039d3eb9c3297d8233817c1948a_1.jpg?fit=800%2C800&ssl=1&resize=525%2C300 1.5x, https:\/\/i0.wp.com\/sayoh.com\/wp-content\/uploads\/2026\/03\/img_173316_97457039d3eb9c3297d8233817c1948a_1.jpg?fit=800%2C800&ssl=1&resize=700%2C400 2x"},"classes":[]}],"_links":{"self":[{"href":"https:\/\/sayoh.com\/de\/wp-json\/wp\/v2\/product\/37078","targetHints":{"allow":["GET"]}}],"collection":[{"href":"https:\/\/sayoh.com\/de\/wp-json\/wp\/v2\/product"}],"about":[{"href":"https:\/\/sayoh.com\/de\/wp-json\/wp\/v2\/types\/product"}],"replies":[{"embeddable":true,"href":"https:\/\/sayoh.com\/de\/wp-json\/wp\/v2\/comments?post=37078"}],"version-history":[{"count":0,"href":"https:\/\/sayoh.com\/de\/wp-json\/wp\/v2\/product\/37078\/revisions"}],"wp:featuredmedia":[{"embeddable":true,"href":"https:\/\/sayoh.com\/de\/wp-json\/wp\/v2\/media\/37057"}],"wp:attachment":[{"href":"https:\/\/sayoh.com\/de\/wp-json\/wp\/v2\/media?parent=37078"}],"wp:term":[{"taxonomy":"product_brand","embeddable":true,"href":"https:\/\/sayoh.com\/de\/wp-json\/wp\/v2\/product_brand?post=37078"},{"taxonomy":"product_cat","embeddable":true,"href":"https:\/\/sayoh.com\/de\/wp-json\/wp\/v2\/product_cat?post=37078"},{"taxonomy":"product_tag","embeddable":true,"href":"https:\/\/sayoh.com\/de\/wp-json\/wp\/v2\/product_tag?post=37078"}],"curies":[{"name":"wp","href":"https:\/\/api.w.org\/{rel}","templated":true}]}}