{"id":37312,"date":"2026-03-27T09:09:04","date_gmt":"2026-03-27T08:09:04","guid":{"rendered":"https:\/\/sayoh.com\/product\/fun-factory-bootie-vibe-anal-plug-vibrator-bottle-green\/"},"modified":"2026-03-31T10:06:52","modified_gmt":"2026-03-31T08:06:52","slug":"fun-factory-bootie-vibe-anal-plug-vibrator-bottle-green","status":"publish","type":"product","link":"https:\/\/sayoh.com\/de\/produkt\/fun-factory-bootie-vibe-anal-plug-vibrator-bottle-green\/","title":{"rendered":"FUN FACTORY &#8211; BOOTIE VIBE ANAL PLUG VIBRATOR BOTTLE GREEN"},"content":{"rendered":"<h2>Ihr neuer Favorit zum Entspannen<\/h2>\n<p>Es hat etwas zutiefst Befriedigendes, einen Vibrator zu finden, der es einfach richtig macht. Der <strong>FUN FACTORY &#8211; BOOTIE VIBE ANAL PLUG VIBRATOR BOTTLE GREEN<\/strong> by FUN FACTORY is one of those rare finds \u2014 thoughtfully crafted, beautifully designed, and built to deliver exactly the kind of pleasure you have been searching for.<\/p>\n<p>Was diesen Vibrator wirklich auszeichnet, ist die Art und Weise, wie er sich beim Gebrauch anf\u00fchlt. Jede Kontur, jede Textur, jedes Detail wurde ber\u00fccksichtigt, um Ihr Erlebnis zu maximieren. Der <strong>FUN FACTORY &#8211; BOOTIE VIBE ANAL PLUG VIBRATOR BOTTLE GREEN<\/strong> erf\u00fcllt nicht nur die Erwartungen - es definiert sie neu.<\/p>\n<h2>Sensations That Build and Build<\/h2>\n<p>Die Gestaltung der <strong>FUN FACTORY &#8211; BOOTIE VIBE ANAL PLUG VIBRATOR BOTTLE GREEN<\/strong> strikes the perfect balance between form and function. It looks stunning, feels incredible, and performs exactly as promised. FUN FACTORY has a reputation for delivering quality, and this product is no exception.<\/p>\n<p>Whether you are a first-time buyer or adding to an established collection, you will appreciate the thought that has gone into every aspect of this vibrator. It is the kind of product you recommend to friends \u2014 discreetly, of course.<\/p>\n<h2>Mehr als nur ein h\u00fcbsches Design<\/h2>\n<p>\u00dcber das Vergn\u00fcgen hinaus, das <strong>FUN FACTORY &#8211; BOOTIE VIBE ANAL PLUG VIBRATOR BOTTLE GREEN<\/strong> punktet vor allem durch seine Praktikabilit\u00e4t. Er ist leicht zu reinigen, einfach aufzubewahren und so gebaut, dass er viele Sitzungen \u00fcberdauert. Die Materialien sind hypoallergen und k\u00f6rpervertr\u00e4glich, so dass Sie sich um nichts k\u00fcmmern m\u00fcssen, au\u00dfer um Ihren Spa\u00df.<\/p>\n<p>Wir bei Sayoh sind der Meinung, dass jeder Zugang zu qualitativ hochwertigen Intimprodukten verdient, ohne zu urteilen. Ihre Bestellung wird in einer v\u00f6llig unauff\u00e4lligen Verpackung versandt, und unsere schnelle d\u00e4nische Lieferung bedeutet, dass Sie Ihre neuen Produkte schon bald genie\u00dfen k\u00f6nnen. <strong>FUN FACTORY &#8211; BOOTIE VIBE ANAL PLUG VIBRATOR BOTTLE GREEN<\/strong> fr\u00fcher als Sie denken.<\/p>\n<h2>Wesentliche Merkmale<\/h2>\n<ul>\n<li>Gefertigt aus k\u00f6rpervertr\u00e4glichen Materialien f\u00fcr Ihren Seelenfrieden<\/li>\n<li>Vollst\u00e4ndig wasserdicht - nehmen Sie Ihr Vergn\u00fcgen mit in die Badewanne oder Dusche<\/li>\n<li>\u00dcber USB wiederaufladbar - immer bereit, wenn Sie es sind, keine Batterien erforderlich<\/li>\n<li>12 vibration modes to explore every shade of pleasure<\/li>\n<li>Diskrete Verpackung und schnelle Lieferung in ganz D\u00e4nemark<\/li>\n<li>Premium quality by FUN FACTORY<\/li>\n<\/ul>","protected":false},"excerpt":{"rendered":"<p>Entdecken Sie die <strong>FUN FACTORY &#8211; BOOTIE VIBE ANAL PLUG VIBRATOR BOTTLE GREEN<\/strong> by FUN FACTORY. This thoughtfully crafted vibrator is designed to hit every right note, whether you are exploring solo or with a partner. Premium quality, discreet delivery.<\/p>","protected":false},"featured_media":37304,"comment_status":"open","ping_status":"closed","template":"","meta":{"_crdt_document":"","_monsterinsights_skip_tracking":false,"_monsterinsights_sitenote_active":false,"_monsterinsights_sitenote_note":"","_monsterinsights_sitenote_category":0,"jetpack_post_was_ever_published":false,"jetpack_publicize_message":"","jetpack_publicize_feature_enabled":true,"jetpack_social_post_already_shared":true,"jetpack_social_options":{"image_generator_settings":{"template":"highway","default_image_id":0,"font":"","enabled":false},"version":2},"_wpas_customize_per_network":false},"product_brand":[],"product_cat":[1552,1558,1598,1562,1580,1463,1554,1455,1454],"product_tag":[1556,1557,1582,1581,1569,1476,1458],"class_list":{"0":"post-37312","1":"product","2":"type-product","3":"status-publish","4":"has-post-thumbnail","6":"product_cat-anal","7":"product_cat-buttplug","8":"product_cat-couples","9":"product_cat-anal-dildo","10":"product_cat-lgbt","11":"product_cat-men","12":"product_cat-anal-stimulator","13":"product_cat-vibrator","14":"product_cat-women","15":"product_tag-anal","16":"product_tag-couples","17":"product_tag-gay","18":"product_tag-lgbt","19":"product_tag-penetration","20":"product_tag-stimulater","21":"product_tag-vibrator","23":"first","24":"instock","25":"taxable","26":"shipping-taxable","27":"purchasable","28":"product-type-simple"},"yoast_head":"<!-- This site is optimized with the Yoast SEO Premium plugin v27.1 (Yoast SEO v27.3) - https:\/\/yoast.com\/product\/yoast-seo-premium-wordpress\/ -->\n<title>FUN FACTORY - BOOTIE VIBE ANAL PLUG VIBRATOR BOTTLE GREEN - SayOh<\/title>\n<meta name=\"description\" content=\"Discover the fun bootie vibe anal by FUN FACTORY. Elevate your intimate moments with this thoughtfully designed pleasure product. Free discreet shipping.\" \/>\n<meta name=\"robots\" content=\"index, follow, max-snippet:-1, max-image-preview:large, max-video-preview:-1\" \/>\n<link rel=\"canonical\" href=\"https:\/\/sayoh.com\/de\/produkt\/fun-factory-bootie-vibe-anal-plug-vibrator-bottle-green\/\" \/>\n<meta property=\"og:locale\" content=\"de_DE\" \/>\n<meta property=\"og:type\" content=\"article\" \/>\n<meta property=\"og:title\" content=\"FUN FACTORY - BOOTIE VIBE ANAL PLUG VIBRATOR BOTTLE GREEN\" \/>\n<meta property=\"og:description\" content=\"Discover the fun bootie vibe anal by FUN FACTORY. Elevate your intimate moments with this thoughtfully designed pleasure product. Free discreet shipping.\" \/>\n<meta property=\"og:url\" content=\"https:\/\/sayoh.com\/de\/produkt\/fun-factory-bootie-vibe-anal-plug-vibrator-bottle-green\/\" \/>\n<meta property=\"og:site_name\" content=\"SayOh\" \/>\n<meta property=\"article:modified_time\" content=\"2026-03-31T08:06:52+00:00\" \/>\n<meta property=\"og:image\" content=\"https:\/\/i0.wp.com\/sayoh.com\/wp-content\/uploads\/2026\/03\/img_214710_826a879f4b5ceab8e6b30815b0b7e554_1.jpg?fit=900%2C900&ssl=1\" \/>\n\t<meta property=\"og:image:width\" content=\"900\" \/>\n\t<meta property=\"og:image:height\" content=\"900\" \/>\n\t<meta property=\"og:image:type\" content=\"image\/jpeg\" \/>\n<meta name=\"twitter:card\" content=\"summary_large_image\" \/>\n<meta name=\"twitter:label1\" content=\"Gesch\u00e4tzte Lesezeit\" \/>\n\t<meta name=\"twitter:data1\" content=\"2\u00a0Minuten\" \/>\n<script type=\"application\/ld+json\" class=\"yoast-schema-graph\">{\"@context\":\"https:\\\/\\\/schema.org\",\"@graph\":[{\"@type\":\"WebPage\",\"@id\":\"https:\\\/\\\/sayoh.com\\\/product\\\/fun-factory-bootie-vibe-anal-plug-vibrator-bottle-green\\\/\",\"url\":\"https:\\\/\\\/sayoh.com\\\/product\\\/fun-factory-bootie-vibe-anal-plug-vibrator-bottle-green\\\/\",\"name\":\"FUN FACTORY - BOOTIE VIBE ANAL PLUG VIBRATOR BOTTLE GREEN - SayOh\",\"isPartOf\":{\"@id\":\"https:\\\/\\\/sayoh.com\\\/#website\"},\"primaryImageOfPage\":{\"@id\":\"https:\\\/\\\/sayoh.com\\\/product\\\/fun-factory-bootie-vibe-anal-plug-vibrator-bottle-green\\\/#primaryimage\"},\"image\":{\"@id\":\"https:\\\/\\\/sayoh.com\\\/product\\\/fun-factory-bootie-vibe-anal-plug-vibrator-bottle-green\\\/#primaryimage\"},\"thumbnailUrl\":\"https:\\\/\\\/i0.wp.com\\\/sayoh.com\\\/wp-content\\\/uploads\\\/2026\\\/03\\\/img_214710_826a879f4b5ceab8e6b30815b0b7e554_1.jpg?fit=900%2C900&ssl=1\",\"datePublished\":\"2026-03-27T08:09:04+00:00\",\"dateModified\":\"2026-03-31T08:06:52+00:00\",\"description\":\"Discover the fun bootie vibe anal by FUN FACTORY. Elevate your intimate moments with this thoughtfully designed pleasure product. Free discreet shipping.\",\"breadcrumb\":{\"@id\":\"https:\\\/\\\/sayoh.com\\\/product\\\/fun-factory-bootie-vibe-anal-plug-vibrator-bottle-green\\\/#breadcrumb\"},\"inLanguage\":\"de\",\"potentialAction\":[{\"@type\":\"ReadAction\",\"target\":[\"https:\\\/\\\/sayoh.com\\\/product\\\/fun-factory-bootie-vibe-anal-plug-vibrator-bottle-green\\\/\"]}]},{\"@type\":\"ImageObject\",\"inLanguage\":\"de\",\"@id\":\"https:\\\/\\\/sayoh.com\\\/product\\\/fun-factory-bootie-vibe-anal-plug-vibrator-bottle-green\\\/#primaryimage\",\"url\":\"https:\\\/\\\/i0.wp.com\\\/sayoh.com\\\/wp-content\\\/uploads\\\/2026\\\/03\\\/img_214710_826a879f4b5ceab8e6b30815b0b7e554_1.jpg?fit=900%2C900&ssl=1\",\"contentUrl\":\"https:\\\/\\\/i0.wp.com\\\/sayoh.com\\\/wp-content\\\/uploads\\\/2026\\\/03\\\/img_214710_826a879f4b5ceab8e6b30815b0b7e554_1.jpg?fit=900%2C900&ssl=1\",\"width\":900,\"height\":900},{\"@type\":\"BreadcrumbList\",\"@id\":\"https:\\\/\\\/sayoh.com\\\/product\\\/fun-factory-bootie-vibe-anal-plug-vibrator-bottle-green\\\/#breadcrumb\",\"itemListElement\":[{\"@type\":\"ListItem\",\"position\":1,\"name\":\"Home\",\"item\":\"https:\\\/\\\/sayoh.com\\\/\"},{\"@type\":\"ListItem\",\"position\":2,\"name\":\"Shop\",\"item\":\"https:\\\/\\\/sayoh.com\\\/shop\\\/\"},{\"@type\":\"ListItem\",\"position\":3,\"name\":\"FUN FACTORY &#8211; BOOTIE VIBE ANAL PLUG VIBRATOR BOTTLE GREEN\"}]},{\"@type\":\"WebSite\",\"@id\":\"https:\\\/\\\/sayoh.com\\\/#website\",\"url\":\"https:\\\/\\\/sayoh.com\\\/\",\"name\":\"Say Oh\",\"description\":\"Playful, fun and safe sex\",\"publisher\":{\"@id\":\"https:\\\/\\\/sayoh.com\\\/#organization\"},\"potentialAction\":[{\"@type\":\"SearchAction\",\"target\":{\"@type\":\"EntryPoint\",\"urlTemplate\":\"https:\\\/\\\/sayoh.com\\\/?s={search_term_string}\"},\"query-input\":{\"@type\":\"PropertyValueSpecification\",\"valueRequired\":true,\"valueName\":\"search_term_string\"}}],\"inLanguage\":\"de\"},{\"@type\":\"Organization\",\"@id\":\"https:\\\/\\\/sayoh.com\\\/#organization\",\"name\":\"Say Oh\",\"url\":\"https:\\\/\\\/sayoh.com\\\/\",\"logo\":{\"@type\":\"ImageObject\",\"inLanguage\":\"de\",\"@id\":\"https:\\\/\\\/sayoh.com\\\/#\\\/schema\\\/logo\\\/image\\\/\",\"url\":\"https:\\\/\\\/i0.wp.com\\\/sayoh.com\\\/wp-content\\\/uploads\\\/2023\\\/11\\\/cropped-image_123650291.jpg?fit=512%2C512&ssl=1\",\"contentUrl\":\"https:\\\/\\\/i0.wp.com\\\/sayoh.com\\\/wp-content\\\/uploads\\\/2023\\\/11\\\/cropped-image_123650291.jpg?fit=512%2C512&ssl=1\",\"width\":512,\"height\":512,\"caption\":\"Say Oh\"},\"image\":{\"@id\":\"https:\\\/\\\/sayoh.com\\\/#\\\/schema\\\/logo\\\/image\\\/\"}}]}<\/script>\n<!-- \/ Yoast SEO Premium plugin. -->","yoast_head_json":{"title":"FUN FACTORY - BOOTIE VIBE ANAL PLUG VIBRATOR BOTTLE GREEN - SayOh","description":"Discover the fun bootie vibe anal by FUN FACTORY. Elevate your intimate moments with this thoughtfully designed pleasure product. Free discreet shipping.","robots":{"index":"index","follow":"follow","max-snippet":"max-snippet:-1","max-image-preview":"max-image-preview:large","max-video-preview":"max-video-preview:-1"},"canonical":"https:\/\/sayoh.com\/de\/produkt\/fun-factory-bootie-vibe-anal-plug-vibrator-bottle-green\/","og_locale":"de_DE","og_type":"article","og_title":"FUN FACTORY - BOOTIE VIBE ANAL PLUG VIBRATOR BOTTLE GREEN","og_description":"Discover the fun bootie vibe anal by FUN FACTORY. Elevate your intimate moments with this thoughtfully designed pleasure product. Free discreet shipping.","og_url":"https:\/\/sayoh.com\/de\/produkt\/fun-factory-bootie-vibe-anal-plug-vibrator-bottle-green\/","og_site_name":"SayOh","article_modified_time":"2026-03-31T08:06:52+00:00","og_image":[{"width":900,"height":900,"url":"https:\/\/i0.wp.com\/sayoh.com\/wp-content\/uploads\/2026\/03\/img_214710_826a879f4b5ceab8e6b30815b0b7e554_1.jpg?fit=900%2C900&ssl=1","type":"image\/jpeg"}],"twitter_card":"summary_large_image","twitter_misc":{"Gesch\u00e4tzte Lesezeit":"2\u00a0Minuten"},"schema":{"@context":"https:\/\/schema.org","@graph":[{"@type":"WebPage","@id":"https:\/\/sayoh.com\/product\/fun-factory-bootie-vibe-anal-plug-vibrator-bottle-green\/","url":"https:\/\/sayoh.com\/product\/fun-factory-bootie-vibe-anal-plug-vibrator-bottle-green\/","name":"FUN FACTORY - BOOTIE VIBE ANAL PLUG VIBRATOR BOTTLE GREEN - SayOh","isPartOf":{"@id":"https:\/\/sayoh.com\/#website"},"primaryImageOfPage":{"@id":"https:\/\/sayoh.com\/product\/fun-factory-bootie-vibe-anal-plug-vibrator-bottle-green\/#primaryimage"},"image":{"@id":"https:\/\/sayoh.com\/product\/fun-factory-bootie-vibe-anal-plug-vibrator-bottle-green\/#primaryimage"},"thumbnailUrl":"https:\/\/i0.wp.com\/sayoh.com\/wp-content\/uploads\/2026\/03\/img_214710_826a879f4b5ceab8e6b30815b0b7e554_1.jpg?fit=900%2C900&ssl=1","datePublished":"2026-03-27T08:09:04+00:00","dateModified":"2026-03-31T08:06:52+00:00","description":"Discover the fun bootie vibe anal by FUN FACTORY. Elevate your intimate moments with this thoughtfully designed pleasure product. Free discreet shipping.","breadcrumb":{"@id":"https:\/\/sayoh.com\/product\/fun-factory-bootie-vibe-anal-plug-vibrator-bottle-green\/#breadcrumb"},"inLanguage":"de","potentialAction":[{"@type":"ReadAction","target":["https:\/\/sayoh.com\/product\/fun-factory-bootie-vibe-anal-plug-vibrator-bottle-green\/"]}]},{"@type":"ImageObject","inLanguage":"de","@id":"https:\/\/sayoh.com\/product\/fun-factory-bootie-vibe-anal-plug-vibrator-bottle-green\/#primaryimage","url":"https:\/\/i0.wp.com\/sayoh.com\/wp-content\/uploads\/2026\/03\/img_214710_826a879f4b5ceab8e6b30815b0b7e554_1.jpg?fit=900%2C900&ssl=1","contentUrl":"https:\/\/i0.wp.com\/sayoh.com\/wp-content\/uploads\/2026\/03\/img_214710_826a879f4b5ceab8e6b30815b0b7e554_1.jpg?fit=900%2C900&ssl=1","width":900,"height":900},{"@type":"BreadcrumbList","@id":"https:\/\/sayoh.com\/product\/fun-factory-bootie-vibe-anal-plug-vibrator-bottle-green\/#breadcrumb","itemListElement":[{"@type":"ListItem","position":1,"name":"Home","item":"https:\/\/sayoh.com\/"},{"@type":"ListItem","position":2,"name":"Shop","item":"https:\/\/sayoh.com\/shop\/"},{"@type":"ListItem","position":3,"name":"FUN FACTORY &#8211; BOOTIE VIBE ANAL PLUG VIBRATOR BOTTLE GREEN"}]},{"@type":"WebSite","@id":"https:\/\/sayoh.com\/#website","url":"https:\/\/sayoh.com\/","name":"Sag Oh","description":"Spiel, Spa\u00df und Safer Sex","publisher":{"@id":"https:\/\/sayoh.com\/#organization"},"potentialAction":[{"@type":"SearchAction","target":{"@type":"EntryPoint","urlTemplate":"https:\/\/sayoh.com\/?s={search_term_string}"},"query-input":{"@type":"PropertyValueSpecification","valueRequired":true,"valueName":"search_term_string"}}],"inLanguage":"de"},{"@type":"Organization","@id":"https:\/\/sayoh.com\/#organization","name":"Sag Oh","url":"https:\/\/sayoh.com\/","logo":{"@type":"ImageObject","inLanguage":"de","@id":"https:\/\/sayoh.com\/#\/schema\/logo\/image\/","url":"https:\/\/i0.wp.com\/sayoh.com\/wp-content\/uploads\/2023\/11\/cropped-image_123650291.jpg?fit=512%2C512&ssl=1","contentUrl":"https:\/\/i0.wp.com\/sayoh.com\/wp-content\/uploads\/2023\/11\/cropped-image_123650291.jpg?fit=512%2C512&ssl=1","width":512,"height":512,"caption":"Say Oh"},"image":{"@id":"https:\/\/sayoh.com\/#\/schema\/logo\/image\/"}}]}},"jetpack_publicize_connections":[],"jetpack_likes_enabled":true,"jetpack_sharing_enabled":true,"jetpack-related-posts":[{"id":37310,"url":"https:\/\/sayoh.com\/de\/produkt\/fun-factory-bootie-vibe-anal-plug-vibrator-black\/","url_meta":{"origin":37312,"position":0},"title":"FUN FACTORY &#8211; BOOTIE VIBE ANAL PLUG VIBRATOR BLACK","author":"Admin","date":"M\u00e4rz 27, 2026","format":false,"excerpt":"Discover the FUN FACTORY - BOOTIE VIBE ANAL PLUG VIBRATOR BLACK by FUN FACTORY. This thoughtfully crafted vibrator is designed to hit every right note, whether you are exploring solo or with a partner. Premium quality, discreet delivery.","rel":"","context":"\u00c4hnlicher Beitrag","block_context":{"text":"\u00c4hnlicher Beitrag","link":""},"img":{"alt_text":"","src":"https:\/\/i0.wp.com\/sayoh.com\/wp-content\/uploads\/2026\/03\/img_214706_ca58d0f6221291ac11fb303c4b3e3b1b_1.jpg?fit=900%2C900&ssl=1&resize=350%2C200","width":350,"height":200,"srcset":"https:\/\/i0.wp.com\/sayoh.com\/wp-content\/uploads\/2026\/03\/img_214706_ca58d0f6221291ac11fb303c4b3e3b1b_1.jpg?fit=900%2C900&ssl=1&resize=350%2C200 1x, https:\/\/i0.wp.com\/sayoh.com\/wp-content\/uploads\/2026\/03\/img_214706_ca58d0f6221291ac11fb303c4b3e3b1b_1.jpg?fit=900%2C900&ssl=1&resize=525%2C300 1.5x, https:\/\/i0.wp.com\/sayoh.com\/wp-content\/uploads\/2026\/03\/img_214706_ca58d0f6221291ac11fb303c4b3e3b1b_1.jpg?fit=900%2C900&ssl=1&resize=700%2C400 2x"},"classes":[]},{"id":34247,"url":"https:\/\/sayoh.com\/de\/produkt\/fun-factory-bootie-fem-anal-plug-bottle-green\/","url_meta":{"origin":37312,"position":1},"title":"FUN FACTORY &#8211; BOOTIE FEM ANAL PLUG BOTTLE GREEN","author":"Admin","date":"M\u00e4rz 6, 2026","format":false,"excerpt":"The FUN FACTORY - BOOTIE FEM ANAL PLUG BOTTLE GREEN by FUN FACTORY delivers exactly what you need \u2014 intense, reliable pleasure in a beautifully designed package. This premium anal toy is perfect for anyone who refuses to settle for less.","rel":"","context":"\u00c4hnlicher Beitrag","block_context":{"text":"\u00c4hnlicher Beitrag","link":""},"img":{"alt_text":"","src":"https:\/\/i0.wp.com\/sayoh.com\/wp-content\/uploads\/2026\/03\/img_214575_943a2aa21ecf0b7e6036adf9a7bb203c_1.jpg?fit=900%2C900&ssl=1&resize=350%2C200","width":350,"height":200,"srcset":"https:\/\/i0.wp.com\/sayoh.com\/wp-content\/uploads\/2026\/03\/img_214575_943a2aa21ecf0b7e6036adf9a7bb203c_1.jpg?fit=900%2C900&ssl=1&resize=350%2C200 1x, https:\/\/i0.wp.com\/sayoh.com\/wp-content\/uploads\/2026\/03\/img_214575_943a2aa21ecf0b7e6036adf9a7bb203c_1.jpg?fit=900%2C900&ssl=1&resize=525%2C300 1.5x, https:\/\/i0.wp.com\/sayoh.com\/wp-content\/uploads\/2026\/03\/img_214575_943a2aa21ecf0b7e6036adf9a7bb203c_1.jpg?fit=900%2C900&ssl=1&resize=700%2C400 2x"},"classes":[]},{"id":34288,"url":"https:\/\/sayoh.com\/de\/produkt\/fun-factory-bootie-ring-plug-bottle-green\/","url_meta":{"origin":37312,"position":2},"title":"FUN FACTORY &#8211; BOOTIE RING PLUG BOTTLE GREEN","author":"Admin","date":"M\u00e4rz 6, 2026","format":false,"excerpt":"Meet the FUN FACTORY - BOOTIE RING PLUG BOTTLE GREEN from FUN FACTORY \u2014 an anal toy that combines stunning design with unforgettable performance. Treat yourself to something that truly elevates the experience.","rel":"","context":"\u00c4hnlicher Beitrag","block_context":{"text":"\u00c4hnlicher Beitrag","link":""},"img":{"alt_text":"","src":"https:\/\/i0.wp.com\/sayoh.com\/wp-content\/uploads\/2026\/03\/img_214705_7da0d691c734238cb247ca8b8126befa_1.jpg?fit=900%2C900&ssl=1&resize=350%2C200","width":350,"height":200,"srcset":"https:\/\/i0.wp.com\/sayoh.com\/wp-content\/uploads\/2026\/03\/img_214705_7da0d691c734238cb247ca8b8126befa_1.jpg?fit=900%2C900&ssl=1&resize=350%2C200 1x, https:\/\/i0.wp.com\/sayoh.com\/wp-content\/uploads\/2026\/03\/img_214705_7da0d691c734238cb247ca8b8126befa_1.jpg?fit=900%2C900&ssl=1&resize=525%2C300 1.5x, https:\/\/i0.wp.com\/sayoh.com\/wp-content\/uploads\/2026\/03\/img_214705_7da0d691c734238cb247ca8b8126befa_1.jpg?fit=900%2C900&ssl=1&resize=700%2C400 2x"},"classes":[]},{"id":34265,"url":"https:\/\/sayoh.com\/de\/produkt\/fun-factory-bootie-anal-plug-size-m-aquamarine\/","url_meta":{"origin":37312,"position":3},"title":"FUN FACTORY &#8211; BOOTIE ANAL PLUG SIZE M AQUAMARINE","author":"Admin","date":"M\u00e4rz 6, 2026","format":false,"excerpt":"The FUN FACTORY - BOOTIE ANAL PLUG SIZE M AQUAMARINE by FUN FACTORY delivers exactly what you need \u2014 intense, reliable pleasure in a beautifully designed package. This premium anal toy is perfect for anyone who refuses to settle for less.","rel":"","context":"\u00c4hnlicher Beitrag","block_context":{"text":"\u00c4hnlicher Beitrag","link":""},"img":{"alt_text":"","src":"https:\/\/i0.wp.com\/sayoh.com\/wp-content\/uploads\/2026\/03\/img_214691_00a727ee3284f276787915f01a54f24e_1.jpg?fit=900%2C900&ssl=1&resize=350%2C200","width":350,"height":200,"srcset":"https:\/\/i0.wp.com\/sayoh.com\/wp-content\/uploads\/2026\/03\/img_214691_00a727ee3284f276787915f01a54f24e_1.jpg?fit=900%2C900&ssl=1&resize=350%2C200 1x, https:\/\/i0.wp.com\/sayoh.com\/wp-content\/uploads\/2026\/03\/img_214691_00a727ee3284f276787915f01a54f24e_1.jpg?fit=900%2C900&ssl=1&resize=525%2C300 1.5x, https:\/\/i0.wp.com\/sayoh.com\/wp-content\/uploads\/2026\/03\/img_214691_00a727ee3284f276787915f01a54f24e_1.jpg?fit=900%2C900&ssl=1&resize=700%2C400 2x"},"classes":[]},{"id":34285,"url":"https:\/\/sayoh.com\/de\/produkt\/fun-factory-bootie-ring-anal-plug-black\/","url_meta":{"origin":37312,"position":4},"title":"FUN FACTORY &#8211; BOOTIE RING ANAL PLUG BLACK","author":"Admin","date":"M\u00e4rz 6, 2026","format":false,"excerpt":"Discover the FUN FACTORY - BOOTIE RING ANAL PLUG BLACK by FUN FACTORY. This thoughtfully crafted anal toy is designed to hit every right note, whether you are exploring solo or with a partner. Premium quality, discreet delivery.","rel":"","context":"\u00c4hnlicher Beitrag","block_context":{"text":"\u00c4hnlicher Beitrag","link":""},"img":{"alt_text":"","src":"https:\/\/i0.wp.com\/sayoh.com\/wp-content\/uploads\/2026\/03\/img_214701_c631fe3d4a4d02d624d0697f8e7f724a_1.jpg?fit=900%2C900&ssl=1&resize=350%2C200","width":350,"height":200,"srcset":"https:\/\/i0.wp.com\/sayoh.com\/wp-content\/uploads\/2026\/03\/img_214701_c631fe3d4a4d02d624d0697f8e7f724a_1.jpg?fit=900%2C900&ssl=1&resize=350%2C200 1x, https:\/\/i0.wp.com\/sayoh.com\/wp-content\/uploads\/2026\/03\/img_214701_c631fe3d4a4d02d624d0697f8e7f724a_1.jpg?fit=900%2C900&ssl=1&resize=525%2C300 1.5x, https:\/\/i0.wp.com\/sayoh.com\/wp-content\/uploads\/2026\/03\/img_214701_c631fe3d4a4d02d624d0697f8e7f724a_1.jpg?fit=900%2C900&ssl=1&resize=700%2C400 2x"},"classes":[]},{"id":34240,"url":"https:\/\/sayoh.com\/de\/produkt\/fun-factory-bootie-fem-anal-plug-black\/","url_meta":{"origin":37312,"position":5},"title":"FUN FACTORY &#8211; BOOTIE FEM ANAL PLUG BLACK","author":"Admin","date":"M\u00e4rz 6, 2026","format":false,"excerpt":"Discover the FUN FACTORY - BOOTIE FEM ANAL PLUG BLACK by FUN FACTORY. This thoughtfully crafted anal toy is designed to hit every right note, whether you are exploring solo or with a partner. Premium quality, discreet delivery.","rel":"","context":"\u00c4hnlicher Beitrag","block_context":{"text":"\u00c4hnlicher Beitrag","link":""},"img":{"alt_text":"","src":"https:\/\/i0.wp.com\/sayoh.com\/wp-content\/uploads\/2026\/03\/img_214580_16351367ac8faad895db24fd03f2373a_1.jpg?fit=900%2C900&ssl=1&resize=350%2C200","width":350,"height":200,"srcset":"https:\/\/i0.wp.com\/sayoh.com\/wp-content\/uploads\/2026\/03\/img_214580_16351367ac8faad895db24fd03f2373a_1.jpg?fit=900%2C900&ssl=1&resize=350%2C200 1x, https:\/\/i0.wp.com\/sayoh.com\/wp-content\/uploads\/2026\/03\/img_214580_16351367ac8faad895db24fd03f2373a_1.jpg?fit=900%2C900&ssl=1&resize=525%2C300 1.5x, https:\/\/i0.wp.com\/sayoh.com\/wp-content\/uploads\/2026\/03\/img_214580_16351367ac8faad895db24fd03f2373a_1.jpg?fit=900%2C900&ssl=1&resize=700%2C400 2x"},"classes":[]}],"_links":{"self":[{"href":"https:\/\/sayoh.com\/de\/wp-json\/wp\/v2\/product\/37312","targetHints":{"allow":["GET"]}}],"collection":[{"href":"https:\/\/sayoh.com\/de\/wp-json\/wp\/v2\/product"}],"about":[{"href":"https:\/\/sayoh.com\/de\/wp-json\/wp\/v2\/types\/product"}],"replies":[{"embeddable":true,"href":"https:\/\/sayoh.com\/de\/wp-json\/wp\/v2\/comments?post=37312"}],"version-history":[{"count":0,"href":"https:\/\/sayoh.com\/de\/wp-json\/wp\/v2\/product\/37312\/revisions"}],"wp:featuredmedia":[{"embeddable":true,"href":"https:\/\/sayoh.com\/de\/wp-json\/wp\/v2\/media\/37304"}],"wp:attachment":[{"href":"https:\/\/sayoh.com\/de\/wp-json\/wp\/v2\/media?parent=37312"}],"wp:term":[{"taxonomy":"product_brand","embeddable":true,"href":"https:\/\/sayoh.com\/de\/wp-json\/wp\/v2\/product_brand?post=37312"},{"taxonomy":"product_cat","embeddable":true,"href":"https:\/\/sayoh.com\/de\/wp-json\/wp\/v2\/product_cat?post=37312"},{"taxonomy":"product_tag","embeddable":true,"href":"https:\/\/sayoh.com\/de\/wp-json\/wp\/v2\/product_tag?post=37312"}],"curies":[{"name":"wp","href":"https:\/\/api.w.org\/{rel}","templated":true}]}}