{"id":38094,"date":"2026-04-03T10:14:24","date_gmt":"2026-04-03T08:14:24","guid":{"rendered":"https:\/\/sayoh.com\/product\/intense-duchess-stimulator-with-rotating-tongue-360o-blue\/"},"modified":"2026-04-04T10:07:10","modified_gmt":"2026-04-04T08:07:10","slug":"intense-duchess-stimulator-with-rotating-tongue-360o-blue","status":"publish","type":"product","link":"https:\/\/sayoh.com\/de\/produkt\/intense-duchess-stimulator-with-rotating-tongue-360o-blue\/","title":{"rendered":"INTENSE &#8211; DUCHESS STIMULATOR WITH ROTATING TONGUE 360\u00ba BLUE"},"content":{"rendered":"<h2>Discover Something Special<\/h2>\n<p>There is something deeply satisfying about finding a pleasure product that simply gets it right. The <strong>INTENSE &#8211; DUCHESS STIMULATOR WITH ROTATING TONGUE 360\u00ba BLUE<\/strong> by INTENSE FUN TOYS is one of those rare finds \u2014 thoughtfully crafted, beautifully designed, and built to deliver exactly the kind of pleasure you have been searching for.<\/p>\n<p>What makes this pleasure product truly stand out is the way it feels in use. Every contour, every texture, every detail has been considered to maximise your experience. The <strong>INTENSE &#8211; DUCHESS STIMULATOR WITH ROTATING TONGUE 360\u00ba BLUE<\/strong> erf\u00fcllt nicht nur die Erwartungen - es definiert sie neu.<\/p>\n<h2>Thoughtfully Designed for Maximum Enjoyment<\/h2>\n<p>Schon beim Auspacken wird die Liebe zum Detail deutlich. Die glatte Oberfl\u00e4che, die ergonomischen Kurven, das angenehme Gewicht - alles am <strong>INTENSE &#8211; DUCHESS STIMULATOR WITH ROTATING TONGUE 360\u00ba BLUE<\/strong> sagt Premium. Dies ist ein Produkt, das Ihren K\u00f6rper und Ihr Vergn\u00fcgen respektiert.<\/p>\n<p>Whether you are a first-time buyer or adding to an established collection, you will appreciate the thought that has gone into every aspect of this pleasure product. It is the kind of product you recommend to friends \u2014 discreetly, of course.<\/p>\n<h2>Praktische Vorteile, auf die es ankommt<\/h2>\n<p>\u00dcber das Vergn\u00fcgen hinaus, das <strong>INTENSE &#8211; DUCHESS STIMULATOR WITH ROTATING TONGUE 360\u00ba BLUE<\/strong> punktet vor allem durch seine Praktikabilit\u00e4t. Er ist leicht zu reinigen, einfach aufzubewahren und so gebaut, dass er viele Sitzungen \u00fcberdauert. Die Materialien sind hypoallergen und k\u00f6rpervertr\u00e4glich, so dass Sie sich um nichts k\u00fcmmern m\u00fcssen, au\u00dfer um Ihren Spa\u00df.<\/p>\n<p>Ordering is completely discreet \u2014 your package arrives in plain, unmarked packaging with no indication of the contents. Delivery across Denmark is fast and reliable, so you will not be waiting long to try your new favourite pleasure product.<\/p>\n<h2>Wesentliche Merkmale<\/h2>\n<ul>\n<li>Gefertigt aus k\u00f6rpervertr\u00e4glichen Materialien f\u00fcr Ihren Seelenfrieden<\/li>\n<li>\u00dcber USB wiederaufladbar - immer bereit, wenn Sie es sind, keine Batterien erforderlich<\/li>\n<li>Diskrete Verpackung und schnelle Lieferung in ganz D\u00e4nemark<\/li>\n<li>Premium quality by INTENSE FUN TOYS<\/li>\n<li>Leicht zu reinigen und zu pflegen f\u00fcr dauerhafte Freude<\/li>\n<li>Ergonomisches Design f\u00fcr eine nat\u00fcrliche Anpassung an Ihren K\u00f6rper<\/li>\n<\/ul>","protected":false},"excerpt":{"rendered":"<p>Die <strong>INTENSE &#8211; DUCHESS STIMULATOR WITH ROTATING TONGUE 360\u00ba BLUE<\/strong> by INTENSE FUN TOYS delivers exactly what you need \u2014 intense, reliable pleasure in a beautifully designed package. This premium pleasure product is perfect for anyone who refuses to settle for less.<\/p>","protected":false},"featured_media":38070,"comment_status":"open","ping_status":"closed","template":"","meta":{"_crdt_document":"","_monsterinsights_skip_tracking":false,"_monsterinsights_sitenote_active":false,"_monsterinsights_sitenote_note":"","_monsterinsights_sitenote_category":0,"jetpack_post_was_ever_published":false,"jetpack_publicize_message":"","jetpack_publicize_feature_enabled":true,"jetpack_social_post_already_shared":true,"jetpack_social_options":{"image_generator_settings":{"template":"highway","default_image_id":0,"font":"","enabled":false},"version":2},"_wpas_customize_per_network":false},"product_brand":[1490],"product_cat":[1552,1474,1598,1580,1455,1454],"product_tag":[1556,1477,1457,1557,1582,1581,1569,1476,1458],"class_list":{"0":"post-38094","1":"product","2":"type-product","3":"status-publish","4":"has-post-thumbnail","6":"product_brand-intense-fun","7":"product_cat-anal","8":"product_cat-clitoris","9":"product_cat-couples","10":"product_cat-lgbt","11":"product_cat-vibrator","12":"product_cat-women","13":"product_tag-anal","14":"product_tag-clit","15":"product_tag-clitoris","16":"product_tag-couples","17":"product_tag-gay","18":"product_tag-lgbt","19":"product_tag-penetration","20":"product_tag-stimulater","21":"product_tag-vibrator","23":"first","24":"instock","25":"taxable","26":"shipping-taxable","27":"purchasable","28":"product-type-simple"},"yoast_head":"<!-- This site is optimized with the Yoast SEO Premium plugin v27.1 (Yoast SEO v27.3) - https:\/\/yoast.com\/product\/yoast-seo-premium-wordpress\/ -->\n<title>INTENSE - DUCHESS STIMULATOR WITH ROTATING TONGUE 360\u00ba BLUE - SayOh<\/title>\n<meta name=\"description\" content=\"Shop the intense duchess stimulator rotating \u2014 designed for unforgettable pleasure. Premium quality by INTENSE FUN TOYS. Discreet delivery across Denmark.\" \/>\n<meta name=\"robots\" content=\"index, follow, max-snippet:-1, max-image-preview:large, max-video-preview:-1\" \/>\n<link rel=\"canonical\" href=\"https:\/\/sayoh.com\/de\/produkt\/intense-duchess-stimulator-with-rotating-tongue-360o-blue\/\" \/>\n<meta property=\"og:locale\" content=\"de_DE\" \/>\n<meta property=\"og:type\" content=\"article\" \/>\n<meta property=\"og:title\" content=\"INTENSE - DUCHESS STIMULATOR WITH ROTATING TONGUE 360\u00ba BLUE\" \/>\n<meta property=\"og:description\" content=\"Shop the intense duchess stimulator rotating \u2014 designed for unforgettable pleasure. Premium quality by INTENSE FUN TOYS. Discreet delivery across Denmark.\" \/>\n<meta property=\"og:url\" content=\"https:\/\/sayoh.com\/de\/produkt\/intense-duchess-stimulator-with-rotating-tongue-360o-blue\/\" \/>\n<meta property=\"og:site_name\" content=\"SayOh\" \/>\n<meta property=\"article:modified_time\" content=\"2026-04-04T08:07:10+00:00\" \/>\n<meta property=\"og:image\" content=\"https:\/\/i0.wp.com\/sayoh.com\/wp-content\/uploads\/2026\/04\/img_213794_bac424fbeb72dd06e279d93f62a851f0_1.png?fit=900%2C900&ssl=1\" \/>\n\t<meta property=\"og:image:width\" content=\"900\" \/>\n\t<meta property=\"og:image:height\" content=\"900\" \/>\n\t<meta property=\"og:image:type\" content=\"image\/png\" \/>\n<meta name=\"twitter:card\" content=\"summary_large_image\" \/>\n<meta name=\"twitter:label1\" content=\"Gesch\u00e4tzte Lesezeit\" \/>\n\t<meta name=\"twitter:data1\" content=\"2\u00a0Minuten\" \/>\n<script type=\"application\/ld+json\" class=\"yoast-schema-graph\">{\"@context\":\"https:\\\/\\\/schema.org\",\"@graph\":[{\"@type\":\"WebPage\",\"@id\":\"https:\\\/\\\/sayoh.com\\\/product\\\/intense-duchess-stimulator-with-rotating-tongue-360o-blue\\\/\",\"url\":\"https:\\\/\\\/sayoh.com\\\/product\\\/intense-duchess-stimulator-with-rotating-tongue-360o-blue\\\/\",\"name\":\"INTENSE - DUCHESS STIMULATOR WITH ROTATING TONGUE 360\u00ba BLUE - SayOh\",\"isPartOf\":{\"@id\":\"https:\\\/\\\/sayoh.com\\\/#website\"},\"primaryImageOfPage\":{\"@id\":\"https:\\\/\\\/sayoh.com\\\/product\\\/intense-duchess-stimulator-with-rotating-tongue-360o-blue\\\/#primaryimage\"},\"image\":{\"@id\":\"https:\\\/\\\/sayoh.com\\\/product\\\/intense-duchess-stimulator-with-rotating-tongue-360o-blue\\\/#primaryimage\"},\"thumbnailUrl\":\"https:\\\/\\\/i0.wp.com\\\/sayoh.com\\\/wp-content\\\/uploads\\\/2026\\\/04\\\/img_213794_bac424fbeb72dd06e279d93f62a851f0_1.png?fit=900%2C900&ssl=1\",\"datePublished\":\"2026-04-03T08:14:24+00:00\",\"dateModified\":\"2026-04-04T08:07:10+00:00\",\"description\":\"Shop the intense duchess stimulator rotating \u2014 designed for unforgettable pleasure. Premium quality by INTENSE FUN TOYS. Discreet delivery across Denmark.\",\"breadcrumb\":{\"@id\":\"https:\\\/\\\/sayoh.com\\\/product\\\/intense-duchess-stimulator-with-rotating-tongue-360o-blue\\\/#breadcrumb\"},\"inLanguage\":\"de\",\"potentialAction\":[{\"@type\":\"ReadAction\",\"target\":[\"https:\\\/\\\/sayoh.com\\\/product\\\/intense-duchess-stimulator-with-rotating-tongue-360o-blue\\\/\"]}]},{\"@type\":\"ImageObject\",\"inLanguage\":\"de\",\"@id\":\"https:\\\/\\\/sayoh.com\\\/product\\\/intense-duchess-stimulator-with-rotating-tongue-360o-blue\\\/#primaryimage\",\"url\":\"https:\\\/\\\/i0.wp.com\\\/sayoh.com\\\/wp-content\\\/uploads\\\/2026\\\/04\\\/img_213794_bac424fbeb72dd06e279d93f62a851f0_1.png?fit=900%2C900&ssl=1\",\"contentUrl\":\"https:\\\/\\\/i0.wp.com\\\/sayoh.com\\\/wp-content\\\/uploads\\\/2026\\\/04\\\/img_213794_bac424fbeb72dd06e279d93f62a851f0_1.png?fit=900%2C900&ssl=1\",\"width\":900,\"height\":900},{\"@type\":\"BreadcrumbList\",\"@id\":\"https:\\\/\\\/sayoh.com\\\/product\\\/intense-duchess-stimulator-with-rotating-tongue-360o-blue\\\/#breadcrumb\",\"itemListElement\":[{\"@type\":\"ListItem\",\"position\":1,\"name\":\"Home\",\"item\":\"https:\\\/\\\/sayoh.com\\\/\"},{\"@type\":\"ListItem\",\"position\":2,\"name\":\"Shop\",\"item\":\"https:\\\/\\\/sayoh.com\\\/shop\\\/\"},{\"@type\":\"ListItem\",\"position\":3,\"name\":\"INTENSE &#8211; DUCHESS STIMULATOR WITH ROTATING TONGUE 360\u00ba BLUE\"}]},{\"@type\":\"WebSite\",\"@id\":\"https:\\\/\\\/sayoh.com\\\/#website\",\"url\":\"https:\\\/\\\/sayoh.com\\\/\",\"name\":\"Say Oh\",\"description\":\"Playful, fun and safe sex\",\"publisher\":{\"@id\":\"https:\\\/\\\/sayoh.com\\\/#organization\"},\"potentialAction\":[{\"@type\":\"SearchAction\",\"target\":{\"@type\":\"EntryPoint\",\"urlTemplate\":\"https:\\\/\\\/sayoh.com\\\/?s={search_term_string}\"},\"query-input\":{\"@type\":\"PropertyValueSpecification\",\"valueRequired\":true,\"valueName\":\"search_term_string\"}}],\"inLanguage\":\"de\"},{\"@type\":\"Organization\",\"@id\":\"https:\\\/\\\/sayoh.com\\\/#organization\",\"name\":\"Say Oh\",\"url\":\"https:\\\/\\\/sayoh.com\\\/\",\"logo\":{\"@type\":\"ImageObject\",\"inLanguage\":\"de\",\"@id\":\"https:\\\/\\\/sayoh.com\\\/#\\\/schema\\\/logo\\\/image\\\/\",\"url\":\"https:\\\/\\\/i0.wp.com\\\/sayoh.com\\\/wp-content\\\/uploads\\\/2023\\\/11\\\/cropped-image_123650291.jpg?fit=512%2C512&ssl=1\",\"contentUrl\":\"https:\\\/\\\/i0.wp.com\\\/sayoh.com\\\/wp-content\\\/uploads\\\/2023\\\/11\\\/cropped-image_123650291.jpg?fit=512%2C512&ssl=1\",\"width\":512,\"height\":512,\"caption\":\"Say Oh\"},\"image\":{\"@id\":\"https:\\\/\\\/sayoh.com\\\/#\\\/schema\\\/logo\\\/image\\\/\"}}]}<\/script>\n<!-- \/ Yoast SEO Premium plugin. -->","yoast_head_json":{"title":"INTENSE - DUCHESS STIMULATOR WITH ROTATING TONGUE 360\u00ba BLUE - SayOh","description":"Shop the intense duchess stimulator rotating \u2014 designed for unforgettable pleasure. Premium quality by INTENSE FUN TOYS. Discreet delivery across Denmark.","robots":{"index":"index","follow":"follow","max-snippet":"max-snippet:-1","max-image-preview":"max-image-preview:large","max-video-preview":"max-video-preview:-1"},"canonical":"https:\/\/sayoh.com\/de\/produkt\/intense-duchess-stimulator-with-rotating-tongue-360o-blue\/","og_locale":"de_DE","og_type":"article","og_title":"INTENSE - DUCHESS STIMULATOR WITH ROTATING TONGUE 360\u00ba BLUE","og_description":"Shop the intense duchess stimulator rotating \u2014 designed for unforgettable pleasure. Premium quality by INTENSE FUN TOYS. Discreet delivery across Denmark.","og_url":"https:\/\/sayoh.com\/de\/produkt\/intense-duchess-stimulator-with-rotating-tongue-360o-blue\/","og_site_name":"SayOh","article_modified_time":"2026-04-04T08:07:10+00:00","og_image":[{"width":900,"height":900,"url":"https:\/\/i0.wp.com\/sayoh.com\/wp-content\/uploads\/2026\/04\/img_213794_bac424fbeb72dd06e279d93f62a851f0_1.png?fit=900%2C900&ssl=1","type":"image\/png"}],"twitter_card":"summary_large_image","twitter_misc":{"Gesch\u00e4tzte Lesezeit":"2\u00a0Minuten"},"schema":{"@context":"https:\/\/schema.org","@graph":[{"@type":"WebPage","@id":"https:\/\/sayoh.com\/product\/intense-duchess-stimulator-with-rotating-tongue-360o-blue\/","url":"https:\/\/sayoh.com\/product\/intense-duchess-stimulator-with-rotating-tongue-360o-blue\/","name":"INTENSE - DUCHESS STIMULATOR WITH ROTATING TONGUE 360\u00ba BLUE - SayOh","isPartOf":{"@id":"https:\/\/sayoh.com\/#website"},"primaryImageOfPage":{"@id":"https:\/\/sayoh.com\/product\/intense-duchess-stimulator-with-rotating-tongue-360o-blue\/#primaryimage"},"image":{"@id":"https:\/\/sayoh.com\/product\/intense-duchess-stimulator-with-rotating-tongue-360o-blue\/#primaryimage"},"thumbnailUrl":"https:\/\/i0.wp.com\/sayoh.com\/wp-content\/uploads\/2026\/04\/img_213794_bac424fbeb72dd06e279d93f62a851f0_1.png?fit=900%2C900&ssl=1","datePublished":"2026-04-03T08:14:24+00:00","dateModified":"2026-04-04T08:07:10+00:00","description":"Shop the intense duchess stimulator rotating \u2014 designed for unforgettable pleasure. Premium quality by INTENSE FUN TOYS. Discreet delivery across Denmark.","breadcrumb":{"@id":"https:\/\/sayoh.com\/product\/intense-duchess-stimulator-with-rotating-tongue-360o-blue\/#breadcrumb"},"inLanguage":"de","potentialAction":[{"@type":"ReadAction","target":["https:\/\/sayoh.com\/product\/intense-duchess-stimulator-with-rotating-tongue-360o-blue\/"]}]},{"@type":"ImageObject","inLanguage":"de","@id":"https:\/\/sayoh.com\/product\/intense-duchess-stimulator-with-rotating-tongue-360o-blue\/#primaryimage","url":"https:\/\/i0.wp.com\/sayoh.com\/wp-content\/uploads\/2026\/04\/img_213794_bac424fbeb72dd06e279d93f62a851f0_1.png?fit=900%2C900&ssl=1","contentUrl":"https:\/\/i0.wp.com\/sayoh.com\/wp-content\/uploads\/2026\/04\/img_213794_bac424fbeb72dd06e279d93f62a851f0_1.png?fit=900%2C900&ssl=1","width":900,"height":900},{"@type":"BreadcrumbList","@id":"https:\/\/sayoh.com\/product\/intense-duchess-stimulator-with-rotating-tongue-360o-blue\/#breadcrumb","itemListElement":[{"@type":"ListItem","position":1,"name":"Home","item":"https:\/\/sayoh.com\/"},{"@type":"ListItem","position":2,"name":"Shop","item":"https:\/\/sayoh.com\/shop\/"},{"@type":"ListItem","position":3,"name":"INTENSE &#8211; DUCHESS STIMULATOR WITH ROTATING TONGUE 360\u00ba BLUE"}]},{"@type":"WebSite","@id":"https:\/\/sayoh.com\/#website","url":"https:\/\/sayoh.com\/","name":"Sag Oh","description":"Spiel, Spa\u00df und Safer Sex","publisher":{"@id":"https:\/\/sayoh.com\/#organization"},"potentialAction":[{"@type":"SearchAction","target":{"@type":"EntryPoint","urlTemplate":"https:\/\/sayoh.com\/?s={search_term_string}"},"query-input":{"@type":"PropertyValueSpecification","valueRequired":true,"valueName":"search_term_string"}}],"inLanguage":"de"},{"@type":"Organization","@id":"https:\/\/sayoh.com\/#organization","name":"Sag Oh","url":"https:\/\/sayoh.com\/","logo":{"@type":"ImageObject","inLanguage":"de","@id":"https:\/\/sayoh.com\/#\/schema\/logo\/image\/","url":"https:\/\/i0.wp.com\/sayoh.com\/wp-content\/uploads\/2023\/11\/cropped-image_123650291.jpg?fit=512%2C512&ssl=1","contentUrl":"https:\/\/i0.wp.com\/sayoh.com\/wp-content\/uploads\/2023\/11\/cropped-image_123650291.jpg?fit=512%2C512&ssl=1","width":512,"height":512,"caption":"Say Oh"},"image":{"@id":"https:\/\/sayoh.com\/#\/schema\/logo\/image\/"}}]}},"jetpack_publicize_connections":[],"jetpack_likes_enabled":true,"jetpack_sharing_enabled":true,"jetpack-related-posts":[{"id":38029,"url":"https:\/\/sayoh.com\/de\/produkt\/intense-pinkie-360o-rotating-tongue-stimulator\/","url_meta":{"origin":38094,"position":0},"title":"INTENSE &#8211; PINKIE 360\u00ba ROTATING TONGUE STIMULATOR","author":"Admin","date":"April 3, 2026","format":false,"excerpt":"The INTENSE - PINKIE 360\u00ba ROTATING TONGUE STIMULATOR by INTENSE FUN TOYS delivers exactly what you need \u2014 intense, reliable pleasure in a beautifully designed package. This premium pleasure product is perfect for anyone who refuses to settle for less.","rel":"","context":"\u00c4hnlicher Beitrag","block_context":{"text":"\u00c4hnlicher Beitrag","link":""},"img":{"alt_text":"","src":"https:\/\/i0.wp.com\/sayoh.com\/wp-content\/uploads\/2026\/04\/img_195543_e6c95811afbf7f9a390e46bff177b149_1.png?fit=800%2C800&ssl=1&resize=350%2C200","width":350,"height":200,"srcset":"https:\/\/i0.wp.com\/sayoh.com\/wp-content\/uploads\/2026\/04\/img_195543_e6c95811afbf7f9a390e46bff177b149_1.png?fit=800%2C800&ssl=1&resize=350%2C200 1x, https:\/\/i0.wp.com\/sayoh.com\/wp-content\/uploads\/2026\/04\/img_195543_e6c95811afbf7f9a390e46bff177b149_1.png?fit=800%2C800&ssl=1&resize=525%2C300 1.5x, https:\/\/i0.wp.com\/sayoh.com\/wp-content\/uploads\/2026\/04\/img_195543_e6c95811afbf7f9a390e46bff177b149_1.png?fit=800%2C800&ssl=1&resize=700%2C400 2x"},"classes":[]},{"id":38096,"url":"https:\/\/sayoh.com\/de\/produkt\/intense-toulouse-stimulator-with-360o-rotating-tongue-yellow\/","url_meta":{"origin":38094,"position":1},"title":"INTENSE &#8211; TOULOUSE STIMULATOR WITH 360\u00ba ROTATING TONGUE YELLOW","author":"Admin","date":"April 3, 2026","format":false,"excerpt":"Meet the INTENSE - TOULOUSE STIMULATOR WITH 360\u00ba ROTATING TONGUE YELLOW from INTENSE FUN TOYS \u2014 a pleasure product that combines stunning design with unforgettable performance. Treat yourself to something that truly elevates the experience.","rel":"","context":"\u00c4hnlicher Beitrag","block_context":{"text":"\u00c4hnlicher Beitrag","link":""},"img":{"alt_text":"","src":"https:\/\/i0.wp.com\/sayoh.com\/wp-content\/uploads\/2026\/04\/img_213784_6618c4b58bd41062db23e46da9672159_1.png?fit=900%2C900&ssl=1&resize=350%2C200","width":350,"height":200,"srcset":"https:\/\/i0.wp.com\/sayoh.com\/wp-content\/uploads\/2026\/04\/img_213784_6618c4b58bd41062db23e46da9672159_1.png?fit=900%2C900&ssl=1&resize=350%2C200 1x, https:\/\/i0.wp.com\/sayoh.com\/wp-content\/uploads\/2026\/04\/img_213784_6618c4b58bd41062db23e46da9672159_1.png?fit=900%2C900&ssl=1&resize=525%2C300 1.5x, https:\/\/i0.wp.com\/sayoh.com\/wp-content\/uploads\/2026\/04\/img_213784_6618c4b58bd41062db23e46da9672159_1.png?fit=900%2C900&ssl=1&resize=700%2C400 2x"},"classes":[]},{"id":38031,"url":"https:\/\/sayoh.com\/de\/produkt\/intense-maya-stimulator-with-360o-rotating-tongue\/","url_meta":{"origin":38094,"position":2},"title":"INTENSE &#8211; MAYA STIMULATOR WITH 360\u00ba ROTATING TONGUE","author":"Admin","date":"April 3, 2026","format":false,"excerpt":"The INTENSE - MAYA STIMULATOR WITH 360\u00ba ROTATING TONGUE from INTENSE FUN TOYS is the pleasure product you have been looking for. Designed for comfort, built for pleasure, and delivered discreetly to your door across Denmark.","rel":"","context":"\u00c4hnlicher Beitrag","block_context":{"text":"\u00c4hnlicher Beitrag","link":""},"img":{"alt_text":"","src":"https:\/\/i0.wp.com\/sayoh.com\/wp-content\/uploads\/2026\/04\/img_195561_008240d6b1db4bf109b5369ae00ee5c0_1.png?fit=800%2C800&ssl=1&resize=350%2C200","width":350,"height":200,"srcset":"https:\/\/i0.wp.com\/sayoh.com\/wp-content\/uploads\/2026\/04\/img_195561_008240d6b1db4bf109b5369ae00ee5c0_1.png?fit=800%2C800&ssl=1&resize=350%2C200 1x, https:\/\/i0.wp.com\/sayoh.com\/wp-content\/uploads\/2026\/04\/img_195561_008240d6b1db4bf109b5369ae00ee5c0_1.png?fit=800%2C800&ssl=1&resize=525%2C300 1.5x, https:\/\/i0.wp.com\/sayoh.com\/wp-content\/uploads\/2026\/04\/img_195561_008240d6b1db4bf109b5369ae00ee5c0_1.png?fit=800%2C800&ssl=1&resize=700%2C400 2x"},"classes":[]},{"id":38082,"url":"https:\/\/sayoh.com\/de\/produkt\/intense-marie-pink-pulsation-effect-tongue-stimulator\/","url_meta":{"origin":38094,"position":3},"title":"INTENSE &#8211; MARIE PINK PULSATION EFFECT TONGUE STIMULATOR","author":"Admin","date":"April 3, 2026","format":false,"excerpt":"The INTENSE - MARIE PINK PULSATION EFFECT TONGUE STIMULATOR by INTENSE FUN TOYS delivers exactly what you need \u2014 intense, reliable pleasure in a beautifully designed package. This premium pleasure product is perfect for anyone who refuses to settle for less.","rel":"","context":"\u00c4hnlicher Beitrag","block_context":{"text":"\u00c4hnlicher Beitrag","link":""},"img":{"alt_text":"","src":"https:\/\/i0.wp.com\/sayoh.com\/wp-content\/uploads\/2026\/04\/img_213789_b548103d4ceb8012a77c7dd4d7654064_1.png?fit=900%2C900&ssl=1&resize=350%2C200","width":350,"height":200,"srcset":"https:\/\/i0.wp.com\/sayoh.com\/wp-content\/uploads\/2026\/04\/img_213789_b548103d4ceb8012a77c7dd4d7654064_1.png?fit=900%2C900&ssl=1&resize=350%2C200 1x, https:\/\/i0.wp.com\/sayoh.com\/wp-content\/uploads\/2026\/04\/img_213789_b548103d4ceb8012a77c7dd4d7654064_1.png?fit=900%2C900&ssl=1&resize=525%2C300 1.5x, https:\/\/i0.wp.com\/sayoh.com\/wp-content\/uploads\/2026\/04\/img_213789_b548103d4ceb8012a77c7dd4d7654064_1.png?fit=900%2C900&ssl=1&resize=700%2C400 2x"},"classes":[]},{"id":38049,"url":"https:\/\/sayoh.com\/de\/produkt\/intense-willie-pulsation-tongue-stimulator\/","url_meta":{"origin":38094,"position":4},"title":"INTENSE &#8211; WILLIE PULSATION TONGUE STIMULATOR","author":"Admin","date":"April 3, 2026","format":false,"excerpt":"Meet the INTENSE - WILLIE PULSATION TONGUE STIMULATOR from INTENSE FUN TOYS \u2014 a pleasure product that combines stunning design with unforgettable performance. Treat yourself to something that truly elevates the experience.","rel":"","context":"\u00c4hnlicher Beitrag","block_context":{"text":"\u00c4hnlicher Beitrag","link":""},"img":{"alt_text":"","src":"https:\/\/i0.wp.com\/sayoh.com\/wp-content\/uploads\/2026\/04\/img_195567_29754178a94dff34cf08449f0d3ac1bf_1.png?fit=800%2C800&ssl=1&resize=350%2C200","width":350,"height":200,"srcset":"https:\/\/i0.wp.com\/sayoh.com\/wp-content\/uploads\/2026\/04\/img_195567_29754178a94dff34cf08449f0d3ac1bf_1.png?fit=800%2C800&ssl=1&resize=350%2C200 1x, https:\/\/i0.wp.com\/sayoh.com\/wp-content\/uploads\/2026\/04\/img_195567_29754178a94dff34cf08449f0d3ac1bf_1.png?fit=800%2C800&ssl=1&resize=525%2C300 1.5x, https:\/\/i0.wp.com\/sayoh.com\/wp-content\/uploads\/2026\/04\/img_195567_29754178a94dff34cf08449f0d3ac1bf_1.png?fit=800%2C800&ssl=1&resize=700%2C400 2x"},"classes":[]},{"id":30451,"url":"https:\/\/sayoh.com\/de\/produkt\/suchtig-toys-anal-plug-mit-vibration-und-360o-wellen-und-hoden-stimulator\/","url_meta":{"origin":38094,"position":5},"title":"S\u00dcCHTIG MACHENDES SPIELZEUG - ANALPLUG MIT VIBRATION UND 360\u00ba-WELLEN UND HODENSTIMULATOR","author":"Admin","date":"M\u00e4rz 3, 2026","format":false,"excerpt":"Entdecken Sie den ADDICTED TOYS - ANAL PLUG WITH VIBRATION AND 360\u00ba WAVING AND TESTICLE STIMULATOR von ADDICTED TOYS. Dieser durchdachte Vibrator ist so konzipiert, dass er jeden Ton trifft, egal ob Sie ihn alleine oder mit einem Partner erkunden. Premium-Qualit\u00e4t, diskrete Lieferung.","rel":"","context":"\u00c4hnlicher Beitrag","block_context":{"text":"\u00c4hnlicher Beitrag","link":""},"img":{"alt_text":"","src":"https:\/\/i0.wp.com\/sayoh.com\/wp-content\/uploads\/2026\/03\/img_220970_0d914dc357df3539ddb4c55fddf1a384_1.png?fit=900%2C900&ssl=1&resize=350%2C200","width":350,"height":200,"srcset":"https:\/\/i0.wp.com\/sayoh.com\/wp-content\/uploads\/2026\/03\/img_220970_0d914dc357df3539ddb4c55fddf1a384_1.png?fit=900%2C900&ssl=1&resize=350%2C200 1x, https:\/\/i0.wp.com\/sayoh.com\/wp-content\/uploads\/2026\/03\/img_220970_0d914dc357df3539ddb4c55fddf1a384_1.png?fit=900%2C900&ssl=1&resize=525%2C300 1.5x, https:\/\/i0.wp.com\/sayoh.com\/wp-content\/uploads\/2026\/03\/img_220970_0d914dc357df3539ddb4c55fddf1a384_1.png?fit=900%2C900&ssl=1&resize=700%2C400 2x"},"classes":[]}],"_links":{"self":[{"href":"https:\/\/sayoh.com\/de\/wp-json\/wp\/v2\/product\/38094","targetHints":{"allow":["GET"]}}],"collection":[{"href":"https:\/\/sayoh.com\/de\/wp-json\/wp\/v2\/product"}],"about":[{"href":"https:\/\/sayoh.com\/de\/wp-json\/wp\/v2\/types\/product"}],"replies":[{"embeddable":true,"href":"https:\/\/sayoh.com\/de\/wp-json\/wp\/v2\/comments?post=38094"}],"version-history":[{"count":0,"href":"https:\/\/sayoh.com\/de\/wp-json\/wp\/v2\/product\/38094\/revisions"}],"wp:featuredmedia":[{"embeddable":true,"href":"https:\/\/sayoh.com\/de\/wp-json\/wp\/v2\/media\/38070"}],"wp:attachment":[{"href":"https:\/\/sayoh.com\/de\/wp-json\/wp\/v2\/media?parent=38094"}],"wp:term":[{"taxonomy":"product_brand","embeddable":true,"href":"https:\/\/sayoh.com\/de\/wp-json\/wp\/v2\/product_brand?post=38094"},{"taxonomy":"product_cat","embeddable":true,"href":"https:\/\/sayoh.com\/de\/wp-json\/wp\/v2\/product_cat?post=38094"},{"taxonomy":"product_tag","embeddable":true,"href":"https:\/\/sayoh.com\/de\/wp-json\/wp\/v2\/product_tag?post=38094"}],"curies":[{"name":"wp","href":"https:\/\/api.w.org\/{rel}","templated":true}]}}