{"id":1683,"date":"2026-02-04T16:13:27","date_gmt":"2026-02-04T15:13:27","guid":{"rendered":"https:\/\/sayoh.com\/?post_type=product&#038;p=1683"},"modified":"2026-02-13T00:36:24","modified_gmt":"2026-02-12T23:36:24","slug":"riley-reid-fleshlight-quickshot-compact-utopia","status":"publish","type":"product","link":"https:\/\/sayoh.com\/dk\/vare\/riley-reid-fleshlight-quickshot-compact-utopia\/","title":{"rendered":"Riley Reid FLESHLIGHT\u00ae - QUICKSHOT Compact Utopia"},"content":{"rendered":"<p data-start=\"325\" data-end=\"681\">Nyd f\u00f8rsteklasses ydeevne i et diskret, rejsevenligt design med <strong data-start=\"398\" data-end=\"449\">FLESHLIGHT\u00ae Quickshot Riley Reid Compact Utopia<\/strong>. Denne kompakte nydelsesenhed til m\u00e6nd er udviklet med henblik p\u00e5 bekvemmelighed uden at g\u00e5 p\u00e5 kompromis med kvaliteten og kombinerer den p\u00e5lidelige Fleshlight-oplevelse med et str\u00f8mlinet format, der er perfekt til hurtige sessioner, nem opbevaring og brug p\u00e5 farten.<\/p>\n<h3 data-start=\"683\" data-end=\"728\">Kompakt design med autentisk fornemmelse<\/h3>\n<p data-start=\"729\" data-end=\"1030\">Quickshot Compact Utopia har en indre tekstur, der er inspireret af Utopia-designet, og tilbyder j\u00e6vn, realistisk stimulering i et kortere, mere tilg\u00e6ngeligt format. Dens \u00e5bne konstruktion giver mulighed for ubesv\u00e6ret brug, samtidig med at den bevarer en naturlig, responsiv f\u00f8lelse, der tilpasser sig komfortabelt til bev\u00e6gelse.<\/p>\n<h3 data-start=\"1032\" data-end=\"1065\">F\u00f8rsteklasses SuperSkin\u2122-materiale<\/h3>\n<p data-start=\"1066\" data-end=\"1375\">Fremstillet af <strong data-start=\"1079\" data-end=\"1124\">Fleshlights patenterede SuperSkin\u2122-materiale<\/strong>, Sleeve giver den bl\u00f8dhed, fleksibilitet og livagtige fornemmelse, som Fleshlight er kendt for. P\u00e5 trods af sin kompakte st\u00f8rrelse giver materialet fremragende str\u00e6k og holdbarhed, hvilket sikrer ensartet ydeevne og langvarig komfort ved hver brug.<\/p>\n<h3 data-start=\"1377\" data-end=\"1412\">\u00c5ben ende for lethed og kontrol<\/h3>\n<p data-start=\"1413\" data-end=\"1704\">I mods\u00e6tning til modeller i fuld l\u00e6ngde giver Quickshot-designet mulighed for hurtig ops\u00e6tning og minimal forberedelse. Den \u00e5bne struktur fremmer luftgennemstr\u00f8mning og nem h\u00e5ndtering, hvilket g\u00f8r den ideel til brugere, der v\u00e6rds\u00e6tter enkelhed og bekvemmelighed. Den kompakte form g\u00f8r ogs\u00e5 reng\u00f8ringen hurtigere og opbevaringen mere diskret.<\/p>\n<h3 data-start=\"1706\" data-end=\"1746\">Rejsevenlig og nem at vedligeholde<\/h3>\n<p data-start=\"1747\" data-end=\"2026\">Quickshot Riley Reid Compact Utopia er let og b\u00e6rbar og perfekt til rejser eller diskret opbevaring. Sleevet kan nemt tages af til skylning og t\u00f8rring, hvilket hj\u00e6lper med at bevare hygiejnen og bl\u00f8dheden over tid. Med den rette pleje forbliver det en p\u00e5lidelig l\u00f8sning til hyppig brug.<\/p>\n<h3 data-start=\"2028\" data-end=\"2044\">Vigtige funktioner<\/h3>\n<ul data-start=\"2045\" data-end=\"2370\">\n<li data-start=\"2045\" data-end=\"2083\">\n<p data-start=\"2047\" data-end=\"2083\">Officielt Fleshlight\u00ae-samarbejde<\/p>\n<\/li>\n<li data-start=\"2084\" data-end=\"2144\">\n<p data-start=\"2086\" data-end=\"2144\">Kompakt Quickshot-design for bekvemmelighed og b\u00e6rbarhed<\/p>\n<\/li>\n<li data-start=\"2145\" data-end=\"2213\">\n<p data-start=\"2147\" data-end=\"2213\">Utopia-inspireret indre tekstur for glat, realistisk fornemmelse<\/p>\n<\/li>\n<li data-start=\"2214\" data-end=\"2275\">\n<p data-start=\"2216\" data-end=\"2275\">SuperSkin\u2122-materiale giver naturtro bl\u00f8dhed og fleksibilitet<\/p>\n<\/li>\n<li data-start=\"2276\" data-end=\"2328\">\n<p data-start=\"2278\" data-end=\"2328\">\u00c5ben konstruktion for nem brug og luftgennemstr\u00f8mning<\/p>\n<\/li>\n<li data-start=\"2329\" data-end=\"2370\">\n<p data-start=\"2331\" data-end=\"2370\">Nem at reng\u00f8re og diskret at opbevare<\/p>\n<\/li>\n<\/ul>\n<h3 data-start=\"2372\" data-end=\"2429\">Hvorfor v\u00e6lge Quickshot Riley Reid Compact Utopia?<\/h3>\n<p data-start=\"2430\" data-end=\"2761\">Hvis du er p\u00e5 udkig efter en <strong data-start=\"2454\" data-end=\"2495\">Kompakt forn\u00f8jelsesapparat af h\u00f8j kvalitet<\/strong> Quickshot Riley Reid Compact Utopia er et fremragende valg, der leverer den velkendte Fleshlight-realisme i et str\u00f8mlinet format. Den er ideel til hurtige sessioner, rejser eller til alle, der foretr\u00e6kker et minimalistisk design uden at g\u00e5 p\u00e5 kompromis med f\u00f8rsteklasses materialer og ydeevne.<\/p>","protected":false},"excerpt":{"rendered":"<p data-start=\"325\" data-end=\"681\">Nyd f\u00f8rsteklasses ydeevne i et diskret, rejsevenligt design med <strong data-start=\"398\" data-end=\"449\">FLESHLIGHT\u00ae Quickshot Riley Reid Compact Utopia<\/strong>. Denne kompakte nydelsesenhed til m\u00e6nd er udviklet med henblik p\u00e5 bekvemmelighed uden at g\u00e5 p\u00e5 kompromis med kvaliteten og kombinerer den p\u00e5lidelige Fleshlight-oplevelse med et str\u00f8mlinet format, der er perfekt til hurtige sessioner, nem opbevaring og brug p\u00e5 farten.<\/p>","protected":false},"featured_media":1685,"comment_status":"open","ping_status":"closed","template":"","meta":{"_crdt_document":"","_monsterinsights_skip_tracking":false,"_monsterinsights_sitenote_active":false,"_monsterinsights_sitenote_note":"","_monsterinsights_sitenote_category":0,"jetpack_publicize_message":"","jetpack_publicize_feature_enabled":true,"jetpack_social_post_already_shared":true,"jetpack_social_options":{"image_generator_settings":{"template":"highway","default_image_id":0,"font":"","enabled":false},"version":2},"_wpas_customize_per_network":false},"product_brand":[1465,1466],"product_cat":[1464,1463,1575,1471,1577],"product_tag":[1468,1467],"class_list":{"0":"post-1683","1":"product","2":"type-product","3":"status-publish","4":"has-post-thumbnail","6":"product_brand-fleshlight","7":"product_brand-fleshlight-girls","8":"product_cat-masturbator","9":"product_cat-men","10":"product_cat-stroker","11":"product_cat-vagina","12":"product_cat-vaginas-porn-stars","13":"product_tag-fleshlight","14":"product_tag-masturbator","16":"first","17":"instock","18":"taxable","19":"shipping-taxable","20":"purchasable","21":"product-type-simple"},"yoast_head":"<!-- This site is optimized with the Yoast SEO Premium plugin v27.1 (Yoast SEO v27.6) - https:\/\/yoast.com\/product\/yoast-seo-premium-wordpress\/ -->\n<title>Riley Reid FLESHLIGHT\u00ae \u2013 QUICKSHOT Compact Utopia - SayOh<\/title>\n<meta name=\"description\" content=\"Shop the Fleshlight\u00ae Quickshot Riley Reid Compact Utopia \u2013 a portable SuperSkin\u2122 pleasure sleeve with Utopia texture and open-ended design.\" \/>\n<meta name=\"robots\" content=\"index, follow, max-snippet:-1, max-image-preview:large, max-video-preview:-1\" \/>\n<link rel=\"canonical\" href=\"https:\/\/sayoh.com\/dk\/vare\/riley-reid-fleshlight-quickshot-compact-utopia\/\" \/>\n<meta property=\"og:locale\" content=\"da_DK\" \/>\n<meta property=\"og:type\" content=\"article\" \/>\n<meta property=\"og:title\" content=\"Riley Reid FLESHLIGHT\u00ae \u2013 QUICKSHOT Compact Utopia\" \/>\n<meta property=\"og:description\" content=\"Shop the Fleshlight\u00ae Quickshot Riley Reid Compact Utopia \u2013 a portable SuperSkin\u2122 pleasure sleeve with Utopia texture and open-ended design.\" \/>\n<meta property=\"og:url\" content=\"https:\/\/sayoh.com\/dk\/vare\/riley-reid-fleshlight-quickshot-compact-utopia\/\" \/>\n<meta property=\"og:site_name\" content=\"SayOh\" \/>\n<meta property=\"article:modified_time\" content=\"2026-02-12T23:36:24+00:00\" \/>\n<meta property=\"og:image\" content=\"https:\/\/sayoh.com\/wp-content\/uploads\/2026\/02\/Riley-Reid-Fleshlight-Quickshot.jpg\" \/>\n\t<meta property=\"og:image:width\" content=\"900\" \/>\n\t<meta property=\"og:image:height\" content=\"900\" \/>\n\t<meta property=\"og:image:type\" content=\"image\/jpeg\" \/>\n<meta name=\"twitter:card\" content=\"summary_large_image\" \/>\n<meta name=\"twitter:label1\" content=\"Estimeret l\u00e6setid\" \/>\n\t<meta name=\"twitter:data1\" content=\"2 minutter\" \/>\n<script type=\"application\/ld+json\" class=\"yoast-schema-graph\">{\"@context\":\"https:\\\/\\\/schema.org\",\"@graph\":[{\"@type\":\"WebPage\",\"@id\":\"https:\\\/\\\/sayoh.com\\\/product\\\/riley-reid-fleshlight-quickshot-compact-utopia\\\/\",\"url\":\"https:\\\/\\\/sayoh.com\\\/product\\\/riley-reid-fleshlight-quickshot-compact-utopia\\\/\",\"name\":\"Riley Reid FLESHLIGHT\u00ae \u2013 QUICKSHOT Compact Utopia - SayOh\",\"isPartOf\":{\"@id\":\"https:\\\/\\\/sayoh.com\\\/#website\"},\"primaryImageOfPage\":{\"@id\":\"https:\\\/\\\/sayoh.com\\\/product\\\/riley-reid-fleshlight-quickshot-compact-utopia\\\/#primaryimage\"},\"image\":{\"@id\":\"https:\\\/\\\/sayoh.com\\\/product\\\/riley-reid-fleshlight-quickshot-compact-utopia\\\/#primaryimage\"},\"thumbnailUrl\":\"https:\\\/\\\/i0.wp.com\\\/sayoh.com\\\/wp-content\\\/uploads\\\/2026\\\/02\\\/Riley-Reid-Fleshlight-Quickshot.jpg?fit=900%2C900&ssl=1\",\"datePublished\":\"2026-02-04T15:13:27+00:00\",\"dateModified\":\"2026-02-12T23:36:24+00:00\",\"description\":\"Shop the Fleshlight\u00ae Quickshot Riley Reid Compact Utopia \u2013 a portable SuperSkin\u2122 pleasure sleeve with Utopia texture and open-ended design.\",\"breadcrumb\":{\"@id\":\"https:\\\/\\\/sayoh.com\\\/product\\\/riley-reid-fleshlight-quickshot-compact-utopia\\\/#breadcrumb\"},\"inLanguage\":\"da-DK\",\"potentialAction\":[{\"@type\":\"ReadAction\",\"target\":[\"https:\\\/\\\/sayoh.com\\\/product\\\/riley-reid-fleshlight-quickshot-compact-utopia\\\/\"]}]},{\"@type\":\"ImageObject\",\"inLanguage\":\"da-DK\",\"@id\":\"https:\\\/\\\/sayoh.com\\\/product\\\/riley-reid-fleshlight-quickshot-compact-utopia\\\/#primaryimage\",\"url\":\"https:\\\/\\\/i0.wp.com\\\/sayoh.com\\\/wp-content\\\/uploads\\\/2026\\\/02\\\/Riley-Reid-Fleshlight-Quickshot.jpg?fit=900%2C900&ssl=1\",\"contentUrl\":\"https:\\\/\\\/i0.wp.com\\\/sayoh.com\\\/wp-content\\\/uploads\\\/2026\\\/02\\\/Riley-Reid-Fleshlight-Quickshot.jpg?fit=900%2C900&ssl=1\",\"width\":900,\"height\":900,\"caption\":\"Riley Reid Quickshot\"},{\"@type\":\"BreadcrumbList\",\"@id\":\"https:\\\/\\\/sayoh.com\\\/product\\\/riley-reid-fleshlight-quickshot-compact-utopia\\\/#breadcrumb\",\"itemListElement\":[{\"@type\":\"ListItem\",\"position\":1,\"name\":\"Home\",\"item\":\"https:\\\/\\\/sayoh.com\\\/\"},{\"@type\":\"ListItem\",\"position\":2,\"name\":\"Shop\",\"item\":\"https:\\\/\\\/sayoh.com\\\/shop\\\/\"},{\"@type\":\"ListItem\",\"position\":3,\"name\":\"Riley Reid FLESHLIGHT\u00ae \u2013 QUICKSHOT Compact Utopia\"}]},{\"@type\":\"WebSite\",\"@id\":\"https:\\\/\\\/sayoh.com\\\/#website\",\"url\":\"https:\\\/\\\/sayoh.com\\\/\",\"name\":\"Say Oh\",\"description\":\"Playful, fun and safe sex\",\"publisher\":{\"@id\":\"https:\\\/\\\/sayoh.com\\\/#organization\"},\"potentialAction\":[{\"@type\":\"SearchAction\",\"target\":{\"@type\":\"EntryPoint\",\"urlTemplate\":\"https:\\\/\\\/sayoh.com\\\/?s={search_term_string}\"},\"query-input\":{\"@type\":\"PropertyValueSpecification\",\"valueRequired\":true,\"valueName\":\"search_term_string\"}}],\"inLanguage\":\"da-DK\"},{\"@type\":\"Organization\",\"@id\":\"https:\\\/\\\/sayoh.com\\\/#organization\",\"name\":\"Say Oh\",\"url\":\"https:\\\/\\\/sayoh.com\\\/\",\"logo\":{\"@type\":\"ImageObject\",\"inLanguage\":\"da-DK\",\"@id\":\"https:\\\/\\\/sayoh.com\\\/#\\\/schema\\\/logo\\\/image\\\/\",\"url\":\"https:\\\/\\\/i0.wp.com\\\/sayoh.com\\\/wp-content\\\/uploads\\\/2023\\\/11\\\/cropped-image_123650291.jpg?fit=512%2C512&ssl=1\",\"contentUrl\":\"https:\\\/\\\/i0.wp.com\\\/sayoh.com\\\/wp-content\\\/uploads\\\/2023\\\/11\\\/cropped-image_123650291.jpg?fit=512%2C512&ssl=1\",\"width\":512,\"height\":512,\"caption\":\"Say Oh\"},\"image\":{\"@id\":\"https:\\\/\\\/sayoh.com\\\/#\\\/schema\\\/logo\\\/image\\\/\"}}]}<\/script>\n<!-- \/ Yoast SEO Premium plugin. -->","yoast_head_json":{"title":"Riley Reid FLESHLIGHT\u00ae - QUICKSHOT Compact Utopia - SayOh","description":"K\u00f8b Fleshlight\u00ae Quickshot Riley Reid Compact Utopia - et b\u00e6rbart SuperSkin\u2122 nydelseshylster med Utopia-tekstur og \u00e5bent design.","robots":{"index":"index","follow":"follow","max-snippet":"max-snippet:-1","max-image-preview":"max-image-preview:large","max-video-preview":"max-video-preview:-1"},"canonical":"https:\/\/sayoh.com\/dk\/vare\/riley-reid-fleshlight-quickshot-compact-utopia\/","og_locale":"da_DK","og_type":"article","og_title":"Riley Reid FLESHLIGHT\u00ae \u2013 QUICKSHOT Compact Utopia","og_description":"Shop the Fleshlight\u00ae Quickshot Riley Reid Compact Utopia \u2013 a portable SuperSkin\u2122 pleasure sleeve with Utopia texture and open-ended design.","og_url":"https:\/\/sayoh.com\/dk\/vare\/riley-reid-fleshlight-quickshot-compact-utopia\/","og_site_name":"SayOh","article_modified_time":"2026-02-12T23:36:24+00:00","og_image":[{"width":900,"height":900,"url":"https:\/\/sayoh.com\/wp-content\/uploads\/2026\/02\/Riley-Reid-Fleshlight-Quickshot.jpg","type":"image\/jpeg"}],"twitter_card":"summary_large_image","twitter_misc":{"Estimeret l\u00e6setid":"2 minutter"},"schema":{"@context":"https:\/\/schema.org","@graph":[{"@type":"WebPage","@id":"https:\/\/sayoh.com\/product\/riley-reid-fleshlight-quickshot-compact-utopia\/","url":"https:\/\/sayoh.com\/product\/riley-reid-fleshlight-quickshot-compact-utopia\/","name":"Riley Reid FLESHLIGHT\u00ae - QUICKSHOT Compact Utopia - SayOh","isPartOf":{"@id":"https:\/\/sayoh.com\/#website"},"primaryImageOfPage":{"@id":"https:\/\/sayoh.com\/product\/riley-reid-fleshlight-quickshot-compact-utopia\/#primaryimage"},"image":{"@id":"https:\/\/sayoh.com\/product\/riley-reid-fleshlight-quickshot-compact-utopia\/#primaryimage"},"thumbnailUrl":"https:\/\/i0.wp.com\/sayoh.com\/wp-content\/uploads\/2026\/02\/Riley-Reid-Fleshlight-Quickshot.jpg?fit=900%2C900&ssl=1","datePublished":"2026-02-04T15:13:27+00:00","dateModified":"2026-02-12T23:36:24+00:00","description":"K\u00f8b Fleshlight\u00ae Quickshot Riley Reid Compact Utopia - et b\u00e6rbart SuperSkin\u2122 nydelseshylster med Utopia-tekstur og \u00e5bent design.","breadcrumb":{"@id":"https:\/\/sayoh.com\/product\/riley-reid-fleshlight-quickshot-compact-utopia\/#breadcrumb"},"inLanguage":"da-DK","potentialAction":[{"@type":"ReadAction","target":["https:\/\/sayoh.com\/product\/riley-reid-fleshlight-quickshot-compact-utopia\/"]}]},{"@type":"ImageObject","inLanguage":"da-DK","@id":"https:\/\/sayoh.com\/product\/riley-reid-fleshlight-quickshot-compact-utopia\/#primaryimage","url":"https:\/\/i0.wp.com\/sayoh.com\/wp-content\/uploads\/2026\/02\/Riley-Reid-Fleshlight-Quickshot.jpg?fit=900%2C900&ssl=1","contentUrl":"https:\/\/i0.wp.com\/sayoh.com\/wp-content\/uploads\/2026\/02\/Riley-Reid-Fleshlight-Quickshot.jpg?fit=900%2C900&ssl=1","width":900,"height":900,"caption":"Riley Reid Quickshot"},{"@type":"BreadcrumbList","@id":"https:\/\/sayoh.com\/product\/riley-reid-fleshlight-quickshot-compact-utopia\/#breadcrumb","itemListElement":[{"@type":"ListItem","position":1,"name":"Home","item":"https:\/\/sayoh.com\/"},{"@type":"ListItem","position":2,"name":"Shop","item":"https:\/\/sayoh.com\/shop\/"},{"@type":"ListItem","position":3,"name":"Riley Reid FLESHLIGHT\u00ae \u2013 QUICKSHOT Compact Utopia"}]},{"@type":"WebSite","@id":"https:\/\/sayoh.com\/#website","url":"https:\/\/sayoh.com\/","name":"Sig \u00e5h","description":"Legende, sjov og sikker sex","publisher":{"@id":"https:\/\/sayoh.com\/#organization"},"potentialAction":[{"@type":"SearchAction","target":{"@type":"EntryPoint","urlTemplate":"https:\/\/sayoh.com\/?s={search_term_string}"},"query-input":{"@type":"PropertyValueSpecification","valueRequired":true,"valueName":"search_term_string"}}],"inLanguage":"da-DK"},{"@type":"Organization","@id":"https:\/\/sayoh.com\/#organization","name":"Sig \u00e5h","url":"https:\/\/sayoh.com\/","logo":{"@type":"ImageObject","inLanguage":"da-DK","@id":"https:\/\/sayoh.com\/#\/schema\/logo\/image\/","url":"https:\/\/i0.wp.com\/sayoh.com\/wp-content\/uploads\/2023\/11\/cropped-image_123650291.jpg?fit=512%2C512&ssl=1","contentUrl":"https:\/\/i0.wp.com\/sayoh.com\/wp-content\/uploads\/2023\/11\/cropped-image_123650291.jpg?fit=512%2C512&ssl=1","width":512,"height":512,"caption":"Say Oh"},"image":{"@id":"https:\/\/sayoh.com\/#\/schema\/logo\/image\/"}}]}},"jetpack_publicize_connections":[],"jetpack_likes_enabled":true,"jetpack_sharing_enabled":true,"jetpack-related-posts":[{"id":1740,"url":"https:\/\/sayoh.com\/dk\/vare\/fleshlight-quickshot-mia-malkova\/","url_meta":{"origin":1683,"position":0},"title":"FLESHLIGHT\u00ae - QUICKSHOT Mia Malkova","author":"Admin","date":"februar 4, 2026","format":false,"excerpt":"Nyd f\u00f8rsteklasses Fleshlight-ydelse i et kompakt, diskret format med FLESHLIGHT\u00ae Quickshot Mia Malkova. Dette str\u00f8mlinede nydelseshylster til m\u00e6nd er designet til bekvemmelighed, b\u00e6rbarhed og brugervenlighed og leverer autentisk f\u00f8lelse i et minimalistisk design, der er ideelt til hurtige sessioner, rejser eller diskret opbevaring.","rel":"","context":"Similar post","block_context":{"text":"Similar post","link":""},"img":{"alt_text":"Mia Malkova Quickshot","src":"https:\/\/i0.wp.com\/sayoh.com\/wp-content\/uploads\/2026\/02\/Mia-Malkova-Quickshot.jpg?fit=800%2C800&ssl=1&resize=350%2C200","width":350,"height":200,"srcset":"https:\/\/i0.wp.com\/sayoh.com\/wp-content\/uploads\/2026\/02\/Mia-Malkova-Quickshot.jpg?fit=800%2C800&ssl=1&resize=350%2C200 1x, https:\/\/i0.wp.com\/sayoh.com\/wp-content\/uploads\/2026\/02\/Mia-Malkova-Quickshot.jpg?fit=800%2C800&ssl=1&resize=525%2C300 1.5x, https:\/\/i0.wp.com\/sayoh.com\/wp-content\/uploads\/2026\/02\/Mia-Malkova-Quickshot.jpg?fit=800%2C800&ssl=1&resize=700%2C400 2x"},"classes":[]},{"id":1638,"url":"https:\/\/sayoh.com\/dk\/vare\/riley-reid-fleshlight-piger-vagina-utopia\/","url_meta":{"origin":1683,"position":1},"title":"Riley Reid FLESHLIGHT GIRLS\u00ae - VAGINA Utopia","author":"Admin","date":"februar 4, 2026","format":false,"excerpt":"Oplev realisme p\u00e5 n\u00e6ste niveau med FLESHLIGHT GIRLS\u00ae - Vagina Riley Reid Utopia, et f\u00f8rsteklasses forn\u00f8jelsessleeve til m\u00e6nd skabt i samarbejde med et af de mest genkendelige navne inden for voksenunderholdning. Denne Fleshlight er designet til at levere autentisk f\u00f8lelse og langvarig kvalitet og giver en fordybende og meget tilfredsstillende oplevelse.","rel":"","context":"Similar post","block_context":{"text":"Similar post","link":""},"img":{"alt_text":"Riley Reid fleshlight","src":"https:\/\/i0.wp.com\/sayoh.com\/wp-content\/uploads\/2026\/02\/img_51100_eb97a1b095942375370abde107e0bd6d_1.jpg?fit=790%2C789&ssl=1&resize=350%2C200","width":350,"height":200,"srcset":"https:\/\/i0.wp.com\/sayoh.com\/wp-content\/uploads\/2026\/02\/img_51100_eb97a1b095942375370abde107e0bd6d_1.jpg?fit=790%2C789&ssl=1&resize=350%2C200 1x, https:\/\/i0.wp.com\/sayoh.com\/wp-content\/uploads\/2026\/02\/img_51100_eb97a1b095942375370abde107e0bd6d_1.jpg?fit=790%2C789&ssl=1&resize=525%2C300 1.5x, https:\/\/i0.wp.com\/sayoh.com\/wp-content\/uploads\/2026\/02\/img_51100_eb97a1b095942375370abde107e0bd6d_1.jpg?fit=790%2C789&ssl=1&resize=700%2C400 2x"},"classes":[]},{"id":29658,"url":"https:\/\/sayoh.com\/dk\/vare\/fleshlight-girls-maitland-ward-anal-texture-tight-chicks\/","url_meta":{"origin":1683,"position":2},"title":"FLESHLIGHT GIRLS - MAITLAND WARD ANAL TEXTURE TIGHT CHICKS","author":"Admin","date":"februar 12, 2026","format":false,"excerpt":"The FLESHLIGHT GIRLS - MAITLAND WARD ANAL TEXTURE TIGHT CHICKS is an officially licensed release from Fleshlight, created in collaboration with Maitland Ward. Designed as a detailed anal replica, this edition focuses on authenticity, structured internal design, and premium material quality.","rel":"","context":"Similar post","block_context":{"text":"Similar post","link":""},"img":{"alt_text":"","src":"https:\/\/i0.wp.com\/sayoh.com\/wp-content\/uploads\/2026\/02\/Maitlan-Ward-Anal-Fleshlight.jpeg?fit=800%2C800&ssl=1&resize=350%2C200","width":350,"height":200,"srcset":"https:\/\/i0.wp.com\/sayoh.com\/wp-content\/uploads\/2026\/02\/Maitlan-Ward-Anal-Fleshlight.jpeg?fit=800%2C800&ssl=1&resize=350%2C200 1x, https:\/\/i0.wp.com\/sayoh.com\/wp-content\/uploads\/2026\/02\/Maitlan-Ward-Anal-Fleshlight.jpeg?fit=800%2C800&ssl=1&resize=525%2C300 1.5x, https:\/\/i0.wp.com\/sayoh.com\/wp-content\/uploads\/2026\/02\/Maitlan-Ward-Anal-Fleshlight.jpeg?fit=800%2C800&ssl=1&resize=700%2C400 2x"},"classes":[]},{"id":29665,"url":"https:\/\/sayoh.com\/dk\/vare\/fleshlight-girls-adriana-chechik-anal\/","url_meta":{"origin":1683,"position":3},"title":"FLESHLIGHT GIRLS - ADRIANA CHECHIK ANAL","author":"Admin","date":"februar 12, 2026","format":false,"excerpt":"The FLESHLIGHT GIRLS - ADRIANA CHECHIK ANAL is an officially licensed release from Fleshlight, developed in collaboration with Adriana Chechik. This edition is crafted as a detailed anal replica, designed to combine authenticity, structure, and premium material quality.","rel":"","context":"Similar post","block_context":{"text":"Similar post","link":""},"img":{"alt_text":"ADRIANA CHECHIK ANAL FLESHLIGHT","src":"https:\/\/i0.wp.com\/sayoh.com\/wp-content\/uploads\/2026\/02\/ADRIANA-CHECHIK-ANAL-FLESHLIGHT.jpeg?fit=800%2C800&ssl=1&resize=350%2C200","width":350,"height":200,"srcset":"https:\/\/i0.wp.com\/sayoh.com\/wp-content\/uploads\/2026\/02\/ADRIANA-CHECHIK-ANAL-FLESHLIGHT.jpeg?fit=800%2C800&ssl=1&resize=350%2C200 1x, https:\/\/i0.wp.com\/sayoh.com\/wp-content\/uploads\/2026\/02\/ADRIANA-CHECHIK-ANAL-FLESHLIGHT.jpeg?fit=800%2C800&ssl=1&resize=525%2C300 1.5x, https:\/\/i0.wp.com\/sayoh.com\/wp-content\/uploads\/2026\/02\/ADRIANA-CHECHIK-ANAL-FLESHLIGHT.jpeg?fit=800%2C800&ssl=1&resize=700%2C400 2x"},"classes":[]},{"id":29614,"url":"https:\/\/sayoh.com\/dk\/vare\/fleshlight-girls-lana-rhoades-anal-karma\/","url_meta":{"origin":1683,"position":4},"title":"FLESHLIGHT GIRLS - LANA RHOADES ANAL ANO KARMA","author":"Admin","date":"februar 11, 2026","format":false,"excerpt":"The FLESHLIGHT GIRLS - LANA RHOADES ANO KARMA is an officially licensed sleeve developed by Fleshlight in collaboration with Lana Rhoades. Designed for collectors and enthusiasts alike, this model combines authentic moulding with the distinctive Ano Karma internal structure.","rel":"","context":"Similar post","block_context":{"text":"Similar post","link":""},"img":{"alt_text":"Lana Rhoades Anal Fleshlight","src":"https:\/\/i0.wp.com\/sayoh.com\/wp-content\/uploads\/2026\/02\/Lana-Rhoades-Anal-Fleshlight.jpg?fit=800%2C800&ssl=1&resize=350%2C200","width":350,"height":200,"srcset":"https:\/\/i0.wp.com\/sayoh.com\/wp-content\/uploads\/2026\/02\/Lana-Rhoades-Anal-Fleshlight.jpg?fit=800%2C800&ssl=1&resize=350%2C200 1x, https:\/\/i0.wp.com\/sayoh.com\/wp-content\/uploads\/2026\/02\/Lana-Rhoades-Anal-Fleshlight.jpg?fit=800%2C800&ssl=1&resize=525%2C300 1.5x, https:\/\/i0.wp.com\/sayoh.com\/wp-content\/uploads\/2026\/02\/Lana-Rhoades-Anal-Fleshlight.jpg?fit=800%2C800&ssl=1&resize=700%2C400 2x"},"classes":[]},{"id":1642,"url":"https:\/\/sayoh.com\/dk\/vare\/autumn-falls-fleshlight-piger-creme-tekstur-vagina\/","url_meta":{"origin":1683,"position":5},"title":"Autumn Falls FLESHLIGHT GIRLS\u00ae Vagina med cremestruktur","author":"Admin","date":"februar 4, 2026","format":false,"excerpt":"Nyd en ultrabl\u00f8d, naturtro oplevelse med FLESHLIGHT GIRLS\u00ae - Autumn Falls Cream Texture Vagina, et f\u00f8rsteklasses sleeve til mandlig nydelse designet til realistisk f\u00f8lelse og langvarig ydeevne. Inspireret af Autumn Falls fokuserer denne Fleshlight p\u00e5 bl\u00f8dhed, komfort og naturlig bev\u00e6gelse for en us\u00e6dvanlig fordybende oplevelse.","rel":"","context":"Similar post","block_context":{"text":"Similar post","link":""},"img":{"alt_text":"Autumn Falls Fleshlight","src":"https:\/\/i0.wp.com\/sayoh.com\/wp-content\/uploads\/2026\/02\/Autumn-Falls-Fleshlight.jpeg?fit=800%2C800&ssl=1&resize=350%2C200","width":350,"height":200,"srcset":"https:\/\/i0.wp.com\/sayoh.com\/wp-content\/uploads\/2026\/02\/Autumn-Falls-Fleshlight.jpeg?fit=800%2C800&ssl=1&resize=350%2C200 1x, https:\/\/i0.wp.com\/sayoh.com\/wp-content\/uploads\/2026\/02\/Autumn-Falls-Fleshlight.jpeg?fit=800%2C800&ssl=1&resize=525%2C300 1.5x, https:\/\/i0.wp.com\/sayoh.com\/wp-content\/uploads\/2026\/02\/Autumn-Falls-Fleshlight.jpeg?fit=800%2C800&ssl=1&resize=700%2C400 2x"},"classes":[]}],"_links":{"self":[{"href":"https:\/\/sayoh.com\/dk\/wp-json\/wp\/v2\/product\/1683","targetHints":{"allow":["GET"]}}],"collection":[{"href":"https:\/\/sayoh.com\/dk\/wp-json\/wp\/v2\/product"}],"about":[{"href":"https:\/\/sayoh.com\/dk\/wp-json\/wp\/v2\/types\/product"}],"replies":[{"embeddable":true,"href":"https:\/\/sayoh.com\/dk\/wp-json\/wp\/v2\/comments?post=1683"}],"version-history":[{"count":0,"href":"https:\/\/sayoh.com\/dk\/wp-json\/wp\/v2\/product\/1683\/revisions"}],"wp:featuredmedia":[{"embeddable":true,"href":"https:\/\/sayoh.com\/dk\/wp-json\/wp\/v2\/media\/1685"}],"wp:attachment":[{"href":"https:\/\/sayoh.com\/dk\/wp-json\/wp\/v2\/media?parent=1683"}],"wp:term":[{"taxonomy":"product_brand","embeddable":true,"href":"https:\/\/sayoh.com\/dk\/wp-json\/wp\/v2\/product_brand?post=1683"},{"taxonomy":"product_cat","embeddable":true,"href":"https:\/\/sayoh.com\/dk\/wp-json\/wp\/v2\/product_cat?post=1683"},{"taxonomy":"product_tag","embeddable":true,"href":"https:\/\/sayoh.com\/dk\/wp-json\/wp\/v2\/product_tag?post=1683"}],"curies":[{"name":"wp","href":"https:\/\/api.w.org\/{rel}","templated":true}]}}