{"id":1692,"date":"2026-02-04T16:17:14","date_gmt":"2026-02-04T15:17:14","guid":{"rendered":"https:\/\/sayoh.com\/?post_type=product&#038;p=1692"},"modified":"2026-02-13T00:35:58","modified_gmt":"2026-02-12T23:35:58","slug":"mia-malkova-fleshlight-piger-lvl-up-vagina","status":"publish","type":"product","link":"https:\/\/sayoh.com\/dk\/vare\/mia-malkova-fleshlight-piger-lvl-up-vagina\/","title":{"rendered":"Mia Malkova FLESHLIGHT GIRLS\u00ae LVL Up Vagina"},"content":{"rendered":"<p data-start=\"329\" data-end=\"723\">L\u00f8ft din nydelsesoplevelse med <strong data-start=\"371\" data-end=\"420\">FLESHLIGHT GIRLS\u00ae - Mia Malkova LVL Up Vagina<\/strong>, LVL Up er et f\u00f8rsteklasses nydelseshylster til m\u00e6nd, der er designet til at levere fordybende realisme, komfort og fagligt afbalanceret stimulering. Inspireret af Mia Malkova og udformet med Fleshlights ber\u00f8mte pr\u00e6cision er LVL Up-teksturen designet til at opbygge fornemmelse gradvist og tilbyde en raffineret og dybt tilfredsstillende oplevelse.<\/p>\n<h3 data-start=\"725\" data-end=\"773\">LVL Up-struktur til progressiv stimulering<\/h3>\n<p data-start=\"774\" data-end=\"1128\">LVL Up's indre kanal er konstrueret til at udvikle sig under brug, hvilket skaber en f\u00f8lelse af progression og variation. Dens omhyggeligt designede struktur giver skiftende fornemmelser, der \u00f8ger engagementet, samtidig med at der opretholdes et j\u00e6vnt, naturligt flow. Det g\u00f8r den ideel til brugere, der nyder en dynamisk oplevelse, som f\u00f8les realistisk uden at v\u00e6re alt for aggressiv.<\/p>\n<h3 data-start=\"1130\" data-end=\"1171\">Ultra-realistisk SuperSkin\u2122-materiale<\/h3>\n<p data-start=\"1172\" data-end=\"1554\">Fremstillet af <strong data-start=\"1182\" data-end=\"1227\">Fleshlights patenterede SuperSkin\u2122-materiale<\/strong>, \u00c6rmet efterligner n\u00f8je den \u00e6gte huds bl\u00f8dhed, elasticitet og varme. Materialet str\u00e6kker sig og tilpasser sig naturligt til bev\u00e6gelse, hvilket forbedrer realismen, mens det forbliver holdbart til langvarig brug. LVL Up Vagina er indkapslet i Fleshlights karakteristiske stive skal og giver stabilitet, diskretion og ensartet ydeevne.<\/p>\n<h3 data-start=\"1556\" data-end=\"1599\">Justerbar sugeevne og personlig kontrol<\/h3>\n<p data-start=\"1600\" data-end=\"1941\">Det \u00e5bne design har en justerbar endeh\u00e6tte, der giver dig mulighed for at kontrollere luftstr\u00f8mmen og sugeintensiteten. Hvis du strammer h\u00e6tten, \u00f8ges fastheden og f\u00f8lelsen, mens du l\u00f8sner den for at f\u00e5 en bl\u00f8dere og mere afslappet f\u00f8lelse. Sleevet er ogs\u00e5 kompatibelt med standard Fleshlight-tilbeh\u00f8r, hvilket giver yderligere muligheder for tilpasning.<\/p>\n<h3 data-start=\"1943\" data-end=\"1973\">Let at reng\u00f8re og vedligeholde<\/h3>\n<p data-start=\"1974\" data-end=\"2284\">Sleevet er designet med tanke p\u00e5 det praktiske og kan nemt tages ud af etuiet for at blive rengjort. Du skal blot skylle det grundigt, lade det t\u00f8rre helt og opbevare det korrekt for at bevare bl\u00f8dhed og ydeevne. Med den rette pleje forbliver Mia Malkova LVL Up Vagina p\u00e5lidelig og behagelig session efter session.<\/p>\n<h3 data-start=\"2286\" data-end=\"2302\">Vigtige funktioner<\/h3>\n<ul data-start=\"2303\" data-end=\"2586\">\n<li data-start=\"2303\" data-end=\"2347\">\n<p data-start=\"2305\" data-end=\"2347\">Officielt Fleshlight Girls\u00ae-samarbejde<\/p>\n<\/li>\n<li data-start=\"2348\" data-end=\"2414\">\n<p data-start=\"2350\" data-end=\"2414\">LVL Up intern tekstur for progressiv, realistisk stimulering<\/p>\n<\/li>\n<li data-start=\"2415\" data-end=\"2476\">\n<p data-start=\"2417\" data-end=\"2476\">SuperSkin\u2122-materiale giver naturtro bl\u00f8dhed og fleksibilitet<\/p>\n<\/li>\n<li data-start=\"2477\" data-end=\"2511\">\n<p data-start=\"2479\" data-end=\"2511\">Justerbar sugeevne via endeh\u00e6tte<\/p>\n<\/li>\n<li data-start=\"2512\" data-end=\"2543\">\n<p data-start=\"2514\" data-end=\"2543\">Holdbar, diskret hardcase<\/p>\n<\/li>\n<li data-start=\"2544\" data-end=\"2586\">\n<p data-start=\"2546\" data-end=\"2586\">Kompatibel med Fleshlight-tilbeh\u00f8r<\/p>\n<\/li>\n<\/ul>\n<h3 data-start=\"2588\" data-end=\"2635\">Hvorfor v\u00e6lge Mia Malkova LVL Up Vagina?<\/h3>\n<p data-start=\"2636\" data-end=\"2931\">Hvis du er p\u00e5 udkig efter en <strong data-start=\"2660\" data-end=\"2750\">Premium pleasure sleeve, der leverer udviklende fornemmelse, realisme og p\u00e5lidelig kvalitet<\/strong>, Mia Malkova LVL Up Vagina er et fremragende valg. Tankev\u00e6kkende designet og fagligt udformet, det giver en raffineret oplevelse bakket op af Fleshlight's branchef\u00f8rende standarder.<\/p>","protected":false},"excerpt":{"rendered":"<p data-start=\"329\" data-end=\"723\">L\u00f8ft din nydelsesoplevelse med <strong data-start=\"371\" data-end=\"420\">FLESHLIGHT GIRLS\u00ae - Mia Malkova LVL Up Vagina<\/strong>, LVL Up er et f\u00f8rsteklasses nydelseshylster til m\u00e6nd, der er designet til at levere fordybende realisme, komfort og fagligt afbalanceret stimulering. Inspireret af Mia Malkova og udformet med Fleshlights ber\u00f8mte pr\u00e6cision er LVL Up-teksturen designet til at opbygge fornemmelse gradvist og tilbyde en raffineret og dybt tilfredsstillende oplevelse.<\/p>","protected":false},"featured_media":1694,"comment_status":"open","ping_status":"closed","template":"","meta":{"_crdt_document":"","_monsterinsights_skip_tracking":false,"_monsterinsights_sitenote_active":false,"_monsterinsights_sitenote_note":"","_monsterinsights_sitenote_category":0,"jetpack_publicize_message":"","jetpack_publicize_feature_enabled":true,"jetpack_social_post_already_shared":true,"jetpack_social_options":{"image_generator_settings":{"template":"highway","default_image_id":0,"font":"","enabled":false},"version":2},"_wpas_customize_per_network":false},"product_brand":[1465,1466],"product_cat":[1464,1463,1471,1577],"product_tag":[1468,1467],"class_list":{"0":"post-1692","1":"product","2":"type-product","3":"status-publish","4":"has-post-thumbnail","6":"product_brand-fleshlight","7":"product_brand-fleshlight-girls","8":"product_cat-masturbator","9":"product_cat-men","10":"product_cat-vagina","11":"product_cat-vaginas-porn-stars","12":"product_tag-fleshlight","13":"product_tag-masturbator","15":"first","16":"instock","17":"taxable","18":"shipping-taxable","19":"purchasable","20":"product-type-simple"},"yoast_head":"<!-- This site is optimized with the Yoast SEO Premium plugin v27.1 (Yoast SEO v27.4) - https:\/\/yoast.com\/product\/yoast-seo-premium-wordpress\/ -->\n<title>Mia Malkova FLESHLIGHT GIRLS\u00ae LVL Up Vagina - SayOh<\/title>\n<meta name=\"description\" content=\"Shop the Fleshlight Girls\u00ae Mia Malkova LVL Up Vagina \u2013 a premium SuperSkin\u2122 pleasure sleeve with progressive LVL Up texture and adjustable suction.\" \/>\n<meta name=\"robots\" content=\"index, follow, max-snippet:-1, max-image-preview:large, max-video-preview:-1\" \/>\n<link rel=\"canonical\" href=\"https:\/\/sayoh.com\/dk\/vare\/mia-malkova-fleshlight-piger-lvl-up-vagina\/\" \/>\n<meta property=\"og:locale\" content=\"da_DK\" \/>\n<meta property=\"og:type\" content=\"article\" \/>\n<meta property=\"og:title\" content=\"Mia Malkova FLESHLIGHT GIRLS\u00ae LVL Up Vagina\" \/>\n<meta property=\"og:description\" content=\"Shop the Fleshlight Girls\u00ae Mia Malkova LVL Up Vagina \u2013 a premium SuperSkin\u2122 pleasure sleeve with progressive LVL Up texture and adjustable suction.\" \/>\n<meta property=\"og:url\" content=\"https:\/\/sayoh.com\/dk\/vare\/mia-malkova-fleshlight-piger-lvl-up-vagina\/\" \/>\n<meta property=\"og:site_name\" content=\"SayOh\" \/>\n<meta property=\"article:modified_time\" content=\"2026-02-12T23:35:58+00:00\" \/>\n<meta property=\"og:image\" content=\"https:\/\/sayoh.com\/wp-content\/uploads\/2026\/02\/Mia-Malkova-Fleshlight.jpg\" \/>\n\t<meta property=\"og:image:width\" content=\"800\" \/>\n\t<meta property=\"og:image:height\" content=\"800\" \/>\n\t<meta property=\"og:image:type\" content=\"image\/jpeg\" \/>\n<meta name=\"twitter:card\" content=\"summary_large_image\" \/>\n<meta name=\"twitter:label1\" content=\"Estimeret l\u00e6setid\" \/>\n\t<meta name=\"twitter:data1\" content=\"2 minutter\" \/>\n<script type=\"application\/ld+json\" class=\"yoast-schema-graph\">{\"@context\":\"https:\\\/\\\/schema.org\",\"@graph\":[{\"@type\":\"WebPage\",\"@id\":\"https:\\\/\\\/sayoh.com\\\/product\\\/mia-malkova-fleshlight-girls-lvl-up-vagina\\\/\",\"url\":\"https:\\\/\\\/sayoh.com\\\/product\\\/mia-malkova-fleshlight-girls-lvl-up-vagina\\\/\",\"name\":\"Mia Malkova FLESHLIGHT GIRLS\u00ae LVL Up Vagina - SayOh\",\"isPartOf\":{\"@id\":\"https:\\\/\\\/sayoh.com\\\/#website\"},\"primaryImageOfPage\":{\"@id\":\"https:\\\/\\\/sayoh.com\\\/product\\\/mia-malkova-fleshlight-girls-lvl-up-vagina\\\/#primaryimage\"},\"image\":{\"@id\":\"https:\\\/\\\/sayoh.com\\\/product\\\/mia-malkova-fleshlight-girls-lvl-up-vagina\\\/#primaryimage\"},\"thumbnailUrl\":\"https:\\\/\\\/i0.wp.com\\\/sayoh.com\\\/wp-content\\\/uploads\\\/2026\\\/02\\\/Mia-Malkova-Fleshlight.jpg?fit=800%2C800&ssl=1\",\"datePublished\":\"2026-02-04T15:17:14+00:00\",\"dateModified\":\"2026-02-12T23:35:58+00:00\",\"description\":\"Shop the Fleshlight Girls\u00ae Mia Malkova LVL Up Vagina \u2013 a premium SuperSkin\u2122 pleasure sleeve with progressive LVL Up texture and adjustable suction.\",\"breadcrumb\":{\"@id\":\"https:\\\/\\\/sayoh.com\\\/product\\\/mia-malkova-fleshlight-girls-lvl-up-vagina\\\/#breadcrumb\"},\"inLanguage\":\"da-DK\",\"potentialAction\":[{\"@type\":\"ReadAction\",\"target\":[\"https:\\\/\\\/sayoh.com\\\/product\\\/mia-malkova-fleshlight-girls-lvl-up-vagina\\\/\"]}]},{\"@type\":\"ImageObject\",\"inLanguage\":\"da-DK\",\"@id\":\"https:\\\/\\\/sayoh.com\\\/product\\\/mia-malkova-fleshlight-girls-lvl-up-vagina\\\/#primaryimage\",\"url\":\"https:\\\/\\\/i0.wp.com\\\/sayoh.com\\\/wp-content\\\/uploads\\\/2026\\\/02\\\/Mia-Malkova-Fleshlight.jpg?fit=800%2C800&ssl=1\",\"contentUrl\":\"https:\\\/\\\/i0.wp.com\\\/sayoh.com\\\/wp-content\\\/uploads\\\/2026\\\/02\\\/Mia-Malkova-Fleshlight.jpg?fit=800%2C800&ssl=1\",\"width\":800,\"height\":800,\"caption\":\"Mia Malkova Fleshlight\"},{\"@type\":\"BreadcrumbList\",\"@id\":\"https:\\\/\\\/sayoh.com\\\/product\\\/mia-malkova-fleshlight-girls-lvl-up-vagina\\\/#breadcrumb\",\"itemListElement\":[{\"@type\":\"ListItem\",\"position\":1,\"name\":\"Home\",\"item\":\"https:\\\/\\\/sayoh.com\\\/\"},{\"@type\":\"ListItem\",\"position\":2,\"name\":\"Shop\",\"item\":\"https:\\\/\\\/sayoh.com\\\/shop\\\/\"},{\"@type\":\"ListItem\",\"position\":3,\"name\":\"Mia Malkova FLESHLIGHT GIRLS\u00ae LVL Up Vagina\"}]},{\"@type\":\"WebSite\",\"@id\":\"https:\\\/\\\/sayoh.com\\\/#website\",\"url\":\"https:\\\/\\\/sayoh.com\\\/\",\"name\":\"Say Oh\",\"description\":\"Playful, fun and safe sex\",\"publisher\":{\"@id\":\"https:\\\/\\\/sayoh.com\\\/#organization\"},\"potentialAction\":[{\"@type\":\"SearchAction\",\"target\":{\"@type\":\"EntryPoint\",\"urlTemplate\":\"https:\\\/\\\/sayoh.com\\\/?s={search_term_string}\"},\"query-input\":{\"@type\":\"PropertyValueSpecification\",\"valueRequired\":true,\"valueName\":\"search_term_string\"}}],\"inLanguage\":\"da-DK\"},{\"@type\":\"Organization\",\"@id\":\"https:\\\/\\\/sayoh.com\\\/#organization\",\"name\":\"Say Oh\",\"url\":\"https:\\\/\\\/sayoh.com\\\/\",\"logo\":{\"@type\":\"ImageObject\",\"inLanguage\":\"da-DK\",\"@id\":\"https:\\\/\\\/sayoh.com\\\/#\\\/schema\\\/logo\\\/image\\\/\",\"url\":\"https:\\\/\\\/i0.wp.com\\\/sayoh.com\\\/wp-content\\\/uploads\\\/2023\\\/11\\\/cropped-image_123650291.jpg?fit=512%2C512&ssl=1\",\"contentUrl\":\"https:\\\/\\\/i0.wp.com\\\/sayoh.com\\\/wp-content\\\/uploads\\\/2023\\\/11\\\/cropped-image_123650291.jpg?fit=512%2C512&ssl=1\",\"width\":512,\"height\":512,\"caption\":\"Say Oh\"},\"image\":{\"@id\":\"https:\\\/\\\/sayoh.com\\\/#\\\/schema\\\/logo\\\/image\\\/\"}}]}<\/script>\n<!-- \/ Yoast SEO Premium plugin. -->","yoast_head_json":{"title":"Mia Malkova FLESHLIGHT GIRLS\u00ae LVL Up Vagina - SayOh","description":"K\u00f8b Fleshlight Girls\u00ae Mia Malkova LVL Up Vagina - et f\u00f8rsteklasses SuperSkin\u2122 nydelseshylster med progressiv LVL Up-struktur og justerbart sug.","robots":{"index":"index","follow":"follow","max-snippet":"max-snippet:-1","max-image-preview":"max-image-preview:large","max-video-preview":"max-video-preview:-1"},"canonical":"https:\/\/sayoh.com\/dk\/vare\/mia-malkova-fleshlight-piger-lvl-up-vagina\/","og_locale":"da_DK","og_type":"article","og_title":"Mia Malkova FLESHLIGHT GIRLS\u00ae LVL Up Vagina","og_description":"Shop the Fleshlight Girls\u00ae Mia Malkova LVL Up Vagina \u2013 a premium SuperSkin\u2122 pleasure sleeve with progressive LVL Up texture and adjustable suction.","og_url":"https:\/\/sayoh.com\/dk\/vare\/mia-malkova-fleshlight-piger-lvl-up-vagina\/","og_site_name":"SayOh","article_modified_time":"2026-02-12T23:35:58+00:00","og_image":[{"width":800,"height":800,"url":"https:\/\/sayoh.com\/wp-content\/uploads\/2026\/02\/Mia-Malkova-Fleshlight.jpg","type":"image\/jpeg"}],"twitter_card":"summary_large_image","twitter_misc":{"Estimeret l\u00e6setid":"2 minutter"},"schema":{"@context":"https:\/\/schema.org","@graph":[{"@type":"WebPage","@id":"https:\/\/sayoh.com\/product\/mia-malkova-fleshlight-girls-lvl-up-vagina\/","url":"https:\/\/sayoh.com\/product\/mia-malkova-fleshlight-girls-lvl-up-vagina\/","name":"Mia Malkova FLESHLIGHT GIRLS\u00ae LVL Up Vagina - SayOh","isPartOf":{"@id":"https:\/\/sayoh.com\/#website"},"primaryImageOfPage":{"@id":"https:\/\/sayoh.com\/product\/mia-malkova-fleshlight-girls-lvl-up-vagina\/#primaryimage"},"image":{"@id":"https:\/\/sayoh.com\/product\/mia-malkova-fleshlight-girls-lvl-up-vagina\/#primaryimage"},"thumbnailUrl":"https:\/\/i0.wp.com\/sayoh.com\/wp-content\/uploads\/2026\/02\/Mia-Malkova-Fleshlight.jpg?fit=800%2C800&ssl=1","datePublished":"2026-02-04T15:17:14+00:00","dateModified":"2026-02-12T23:35:58+00:00","description":"K\u00f8b Fleshlight Girls\u00ae Mia Malkova LVL Up Vagina - et f\u00f8rsteklasses SuperSkin\u2122 nydelseshylster med progressiv LVL Up-struktur og justerbart sug.","breadcrumb":{"@id":"https:\/\/sayoh.com\/product\/mia-malkova-fleshlight-girls-lvl-up-vagina\/#breadcrumb"},"inLanguage":"da-DK","potentialAction":[{"@type":"ReadAction","target":["https:\/\/sayoh.com\/product\/mia-malkova-fleshlight-girls-lvl-up-vagina\/"]}]},{"@type":"ImageObject","inLanguage":"da-DK","@id":"https:\/\/sayoh.com\/product\/mia-malkova-fleshlight-girls-lvl-up-vagina\/#primaryimage","url":"https:\/\/i0.wp.com\/sayoh.com\/wp-content\/uploads\/2026\/02\/Mia-Malkova-Fleshlight.jpg?fit=800%2C800&ssl=1","contentUrl":"https:\/\/i0.wp.com\/sayoh.com\/wp-content\/uploads\/2026\/02\/Mia-Malkova-Fleshlight.jpg?fit=800%2C800&ssl=1","width":800,"height":800,"caption":"Mia Malkova Fleshlight"},{"@type":"BreadcrumbList","@id":"https:\/\/sayoh.com\/product\/mia-malkova-fleshlight-girls-lvl-up-vagina\/#breadcrumb","itemListElement":[{"@type":"ListItem","position":1,"name":"Home","item":"https:\/\/sayoh.com\/"},{"@type":"ListItem","position":2,"name":"Shop","item":"https:\/\/sayoh.com\/shop\/"},{"@type":"ListItem","position":3,"name":"Mia Malkova FLESHLIGHT GIRLS\u00ae LVL Up Vagina"}]},{"@type":"WebSite","@id":"https:\/\/sayoh.com\/#website","url":"https:\/\/sayoh.com\/","name":"Sig \u00e5h","description":"Legende, sjov og sikker sex","publisher":{"@id":"https:\/\/sayoh.com\/#organization"},"potentialAction":[{"@type":"SearchAction","target":{"@type":"EntryPoint","urlTemplate":"https:\/\/sayoh.com\/?s={search_term_string}"},"query-input":{"@type":"PropertyValueSpecification","valueRequired":true,"valueName":"search_term_string"}}],"inLanguage":"da-DK"},{"@type":"Organization","@id":"https:\/\/sayoh.com\/#organization","name":"Sig \u00e5h","url":"https:\/\/sayoh.com\/","logo":{"@type":"ImageObject","inLanguage":"da-DK","@id":"https:\/\/sayoh.com\/#\/schema\/logo\/image\/","url":"https:\/\/i0.wp.com\/sayoh.com\/wp-content\/uploads\/2023\/11\/cropped-image_123650291.jpg?fit=512%2C512&ssl=1","contentUrl":"https:\/\/i0.wp.com\/sayoh.com\/wp-content\/uploads\/2023\/11\/cropped-image_123650291.jpg?fit=512%2C512&ssl=1","width":512,"height":512,"caption":"Say Oh"},"image":{"@id":"https:\/\/sayoh.com\/#\/schema\/logo\/image\/"}}]}},"jetpack_publicize_connections":[],"jetpack_likes_enabled":true,"jetpack_sharing_enabled":true,"jetpack-related-posts":[{"id":1740,"url":"https:\/\/sayoh.com\/dk\/vare\/fleshlight-quickshot-mia-malkova\/","url_meta":{"origin":1692,"position":0},"title":"FLESHLIGHT\u00ae - QUICKSHOT Mia Malkova","author":"Admin","date":"februar 4, 2026","format":false,"excerpt":"Nyd f\u00f8rsteklasses Fleshlight-ydelse i et kompakt, diskret format med FLESHLIGHT\u00ae Quickshot Mia Malkova. Dette str\u00f8mlinede nydelseshylster til m\u00e6nd er designet til bekvemmelighed, b\u00e6rbarhed og brugervenlighed og leverer autentisk f\u00f8lelse i et minimalistisk design, der er ideelt til hurtige sessioner, rejser eller diskret opbevaring.","rel":"","context":"Similar post","block_context":{"text":"Similar post","link":""},"img":{"alt_text":"Mia Malkova Quickshot","src":"https:\/\/i0.wp.com\/sayoh.com\/wp-content\/uploads\/2026\/02\/Mia-Malkova-Quickshot.jpg?fit=800%2C800&ssl=1&resize=350%2C200","width":350,"height":200,"srcset":"https:\/\/i0.wp.com\/sayoh.com\/wp-content\/uploads\/2026\/02\/Mia-Malkova-Quickshot.jpg?fit=800%2C800&ssl=1&resize=350%2C200 1x, https:\/\/i0.wp.com\/sayoh.com\/wp-content\/uploads\/2026\/02\/Mia-Malkova-Quickshot.jpg?fit=800%2C800&ssl=1&resize=525%2C300 1.5x, https:\/\/i0.wp.com\/sayoh.com\/wp-content\/uploads\/2026\/02\/Mia-Malkova-Quickshot.jpg?fit=800%2C800&ssl=1&resize=700%2C400 2x"},"classes":[]},{"id":29622,"url":"https:\/\/sayoh.com\/dk\/vare\/fleshlight-girls-mia-malkova-anal-boss-level\/","url_meta":{"origin":1692,"position":1},"title":"FLESHLIGHT GIRLS - MIA MALKOVA ANAL BOSS LEVEL","author":"Admin","date":"februar 11, 2026","format":false,"excerpt":"The FLESHLIGHT GIRLS - MIA MALKOVA BOSS LEVEL is an officially licensed release from Fleshlight, created in collaboration with Mia Malkova. This edition is a detailed anal replica, developed for those seeking authenticity, structure, and signature internal texture.","rel":"","context":"Similar post","block_context":{"text":"Similar post","link":""},"img":{"alt_text":"Mia Malkova Anal Fleshlight","src":"https:\/\/i0.wp.com\/sayoh.com\/wp-content\/uploads\/2026\/02\/Mia-Malkova-Anal-Fleshlight.jpg?fit=800%2C800&ssl=1&resize=350%2C200","width":350,"height":200,"srcset":"https:\/\/i0.wp.com\/sayoh.com\/wp-content\/uploads\/2026\/02\/Mia-Malkova-Anal-Fleshlight.jpg?fit=800%2C800&ssl=1&resize=350%2C200 1x, https:\/\/i0.wp.com\/sayoh.com\/wp-content\/uploads\/2026\/02\/Mia-Malkova-Anal-Fleshlight.jpg?fit=800%2C800&ssl=1&resize=525%2C300 1.5x, https:\/\/i0.wp.com\/sayoh.com\/wp-content\/uploads\/2026\/02\/Mia-Malkova-Anal-Fleshlight.jpg?fit=800%2C800&ssl=1&resize=700%2C400 2x"},"classes":[]},{"id":1662,"url":"https:\/\/sayoh.com\/dk\/vare\/lana-rhoades-fleshlight-piger-skaebne-vagina\/","url_meta":{"origin":1692,"position":2},"title":"LANA RHOADES FLESHLIGHT GIRLS\u00ae - Destiny Vagina","author":"Admin","date":"februar 4, 2026","format":false,"excerpt":"Experience premium realism and refined pleasure with the FLESHLIGHT GIRLS\u00ae \u2013 Lana Rhoades Destiny Vagina, a high-quality male pleasure sleeve designed to deliver an authentic, immersive sensation. Inspired by Lana Rhoades and crafted with Fleshlight\u2019s signature attention to detail, the Destiny texture offers a balanced experience that blends stimulation, comfort,\u2026","rel":"","context":"Similar post","block_context":{"text":"Similar post","link":""},"img":{"alt_text":"Fleshlight Lana Rhoades","src":"https:\/\/i0.wp.com\/sayoh.com\/wp-content\/uploads\/2026\/02\/Fleshlight-Lana-Rhoades.jpg?fit=800%2C800&ssl=1&resize=350%2C200","width":350,"height":200,"srcset":"https:\/\/i0.wp.com\/sayoh.com\/wp-content\/uploads\/2026\/02\/Fleshlight-Lana-Rhoades.jpg?fit=800%2C800&ssl=1&resize=350%2C200 1x, https:\/\/i0.wp.com\/sayoh.com\/wp-content\/uploads\/2026\/02\/Fleshlight-Lana-Rhoades.jpg?fit=800%2C800&ssl=1&resize=525%2C300 1.5x, https:\/\/i0.wp.com\/sayoh.com\/wp-content\/uploads\/2026\/02\/Fleshlight-Lana-Rhoades.jpg?fit=800%2C800&ssl=1&resize=700%2C400 2x"},"classes":[]},{"id":1642,"url":"https:\/\/sayoh.com\/dk\/vare\/autumn-falls-fleshlight-piger-creme-tekstur-vagina\/","url_meta":{"origin":1692,"position":3},"title":"Autumn Falls FLESHLIGHT GIRLS\u00ae Vagina med cremestruktur","author":"Admin","date":"februar 4, 2026","format":false,"excerpt":"Nyd en ultrabl\u00f8d, naturtro oplevelse med FLESHLIGHT GIRLS\u00ae - Autumn Falls Cream Texture Vagina, et f\u00f8rsteklasses sleeve til mandlig nydelse designet til realistisk f\u00f8lelse og langvarig ydeevne. Inspireret af Autumn Falls fokuserer denne Fleshlight p\u00e5 bl\u00f8dhed, komfort og naturlig bev\u00e6gelse for en us\u00e6dvanlig fordybende oplevelse.","rel":"","context":"Similar post","block_context":{"text":"Similar post","link":""},"img":{"alt_text":"Autumn Falls Fleshlight","src":"https:\/\/i0.wp.com\/sayoh.com\/wp-content\/uploads\/2026\/02\/Autumn-Falls-Fleshlight.jpeg?fit=800%2C800&ssl=1&resize=350%2C200","width":350,"height":200,"srcset":"https:\/\/i0.wp.com\/sayoh.com\/wp-content\/uploads\/2026\/02\/Autumn-Falls-Fleshlight.jpeg?fit=800%2C800&ssl=1&resize=350%2C200 1x, https:\/\/i0.wp.com\/sayoh.com\/wp-content\/uploads\/2026\/02\/Autumn-Falls-Fleshlight.jpeg?fit=800%2C800&ssl=1&resize=525%2C300 1.5x, https:\/\/i0.wp.com\/sayoh.com\/wp-content\/uploads\/2026\/02\/Autumn-Falls-Fleshlight.jpeg?fit=800%2C800&ssl=1&resize=700%2C400 2x"},"classes":[]},{"id":1651,"url":"https:\/\/sayoh.com\/dk\/vare\/sky-bri-fleshlight\/","url_meta":{"origin":1692,"position":4},"title":"Sky Bri FLESHLIGHT\u00ae Girls Celestial Vagina","author":"Admin","date":"februar 4, 2026","format":false,"excerpt":"Discover a refined and lifelike pleasure experience with the FLESHLIGHT\u00ae \u2013 Sky Bri Celestial Vagina, a premium male pleasure sleeve crafted for realism, comfort, and smooth stimulation. Designed in collaboration with Sky Bri, this Fleshlight combines an elegant internal texture with Fleshlight\u2019s renowned build quality, making it an excellent choice\u2026","rel":"","context":"Similar post","block_context":{"text":"Similar post","link":""},"img":{"alt_text":"Sky Bri Fleshlight","src":"https:\/\/i0.wp.com\/sayoh.com\/wp-content\/uploads\/2026\/02\/Sky-Bri-Fleshlight.jpg?fit=800%2C800&ssl=1&resize=350%2C200","width":350,"height":200,"srcset":"https:\/\/i0.wp.com\/sayoh.com\/wp-content\/uploads\/2026\/02\/Sky-Bri-Fleshlight.jpg?fit=800%2C800&ssl=1&resize=350%2C200 1x, https:\/\/i0.wp.com\/sayoh.com\/wp-content\/uploads\/2026\/02\/Sky-Bri-Fleshlight.jpg?fit=800%2C800&ssl=1&resize=525%2C300 1.5x, https:\/\/i0.wp.com\/sayoh.com\/wp-content\/uploads\/2026\/02\/Sky-Bri-Fleshlight.jpg?fit=800%2C800&ssl=1&resize=700%2C400 2x"},"classes":[]},{"id":1666,"url":"https:\/\/sayoh.com\/dk\/vare\/madison-ivy-fleshlight-piger-ud-over-vagina\/","url_meta":{"origin":1692,"position":5},"title":"Madison Ivy - FLESHLIGHT GIRLS\u00ae Beyond Vagina","author":"Admin","date":"februar 4, 2026","format":false,"excerpt":"Experience refined realism and expertly balanced sensation with the FLESHLIGHT GIRLS\u00ae \u2013 Madison Ivy Beyond Vagina, a premium male pleasure sleeve designed to deliver comfort, authenticity, and immersive performance. Inspired by Madison Ivy and crafted with Fleshlight\u2019s renowned attention to detail, the Beyond texture is ideal for users seeking a\u2026","rel":"","context":"Similar post","block_context":{"text":"Similar post","link":""},"img":{"alt_text":"Madison Ivy Fleshlight","src":"https:\/\/i0.wp.com\/sayoh.com\/wp-content\/uploads\/2026\/02\/Madison-Ivy-Fleshlight.jpg?fit=800%2C800&ssl=1&resize=350%2C200","width":350,"height":200,"srcset":"https:\/\/i0.wp.com\/sayoh.com\/wp-content\/uploads\/2026\/02\/Madison-Ivy-Fleshlight.jpg?fit=800%2C800&ssl=1&resize=350%2C200 1x, https:\/\/i0.wp.com\/sayoh.com\/wp-content\/uploads\/2026\/02\/Madison-Ivy-Fleshlight.jpg?fit=800%2C800&ssl=1&resize=525%2C300 1.5x, https:\/\/i0.wp.com\/sayoh.com\/wp-content\/uploads\/2026\/02\/Madison-Ivy-Fleshlight.jpg?fit=800%2C800&ssl=1&resize=700%2C400 2x"},"classes":[]}],"_links":{"self":[{"href":"https:\/\/sayoh.com\/dk\/wp-json\/wp\/v2\/product\/1692","targetHints":{"allow":["GET"]}}],"collection":[{"href":"https:\/\/sayoh.com\/dk\/wp-json\/wp\/v2\/product"}],"about":[{"href":"https:\/\/sayoh.com\/dk\/wp-json\/wp\/v2\/types\/product"}],"replies":[{"embeddable":true,"href":"https:\/\/sayoh.com\/dk\/wp-json\/wp\/v2\/comments?post=1692"}],"version-history":[{"count":0,"href":"https:\/\/sayoh.com\/dk\/wp-json\/wp\/v2\/product\/1692\/revisions"}],"wp:featuredmedia":[{"embeddable":true,"href":"https:\/\/sayoh.com\/dk\/wp-json\/wp\/v2\/media\/1694"}],"wp:attachment":[{"href":"https:\/\/sayoh.com\/dk\/wp-json\/wp\/v2\/media?parent=1692"}],"wp:term":[{"taxonomy":"product_brand","embeddable":true,"href":"https:\/\/sayoh.com\/dk\/wp-json\/wp\/v2\/product_brand?post=1692"},{"taxonomy":"product_cat","embeddable":true,"href":"https:\/\/sayoh.com\/dk\/wp-json\/wp\/v2\/product_cat?post=1692"},{"taxonomy":"product_tag","embeddable":true,"href":"https:\/\/sayoh.com\/dk\/wp-json\/wp\/v2\/product_tag?post=1692"}],"curies":[{"name":"wp","href":"https:\/\/api.w.org\/{rel}","templated":true}]}}