{"id":1705,"date":"2026-02-04T16:24:40","date_gmt":"2026-02-04T15:24:40","guid":{"rendered":"https:\/\/sayoh.com\/?post_type=product&#038;p=1705"},"modified":"2026-02-13T00:35:27","modified_gmt":"2026-02-12T23:35:27","slug":"nicole-aniston-fleshlight","status":"publish","type":"product","link":"https:\/\/sayoh.com\/dk\/vare\/nicole-aniston-fleshlight\/","title":{"rendered":"FLESHLIGHT GIRLS\u00ae - VAGINA Nicole Aniston"},"content":{"rendered":"<h2 data-start=\"290\" data-end=\"316\"><strong data-start=\"293\" data-end=\"316\">Beskrivelse af produktet<\/strong><\/h2>\n<p data-start=\"318\" data-end=\"722\">Oplev f\u00f8rsteklasses h\u00e5ndv\u00e6rk og virkelighedstro realisme med <strong data-start=\"381\" data-end=\"426\">FLESHLIGHT GIRLS\u00ae - Nicole Aniston Vagina<\/strong>, Fleshlight er et mandligt nydelseshylster af h\u00f8j kvalitet, der er designet til autentisk f\u00f8lelse, komfort og langvarig ydeevne. Inspireret af Nicole Aniston og skabt med Fleshlights branchef\u00f8rende materialer giver denne model en glat, men engagerende oplevelse, der f\u00f8les naturlig, responsiv og fordybende.<\/p>\n<h3 data-start=\"724\" data-end=\"771\">Designet til naturlig, realistisk fornemmelse<\/h3>\n<p data-start=\"772\" data-end=\"1193\">Det indvendige design af Nicole Aniston Vagina fokuserer p\u00e5 at levere afbalanceret, naturtro stimulering, der flyder naturligt under hele brugen. Den omhyggeligt formede kanal giver en ensartet fornemmelse uden overdreven intensitet, hvilket g\u00f8r den ideel til brugere, der v\u00e6rds\u00e6tter realisme og komfort frem for aggressive teksturer. Sleevet tilpasser sig j\u00e6vnt til bev\u00e6gelse, hvilket forbedrer fordybelsen og opretholder en naturlig f\u00f8lelse fra start til slut.<\/p>\n<h3 data-start=\"1195\" data-end=\"1236\">Ultra-realistisk SuperSkin\u2122-materiale<\/h3>\n<p data-start=\"1237\" data-end=\"1647\">Fremstillet af <strong data-start=\"1250\" data-end=\"1295\">Fleshlights patenterede SuperSkin\u2122-materiale<\/strong>, I dette materiale efterligner \u00e6rmet bl\u00f8dheden, elasticiteten og varmen fra \u00e6gte hud. Dette f\u00f8rsteklasses materiale str\u00e6kker og b\u00f8jer sig naturligt og giver en autentisk fornemmelse, samtidig med at det er holdbart nok til gentagen brug. Nicole Aniston Vagina er indkapslet i Fleshlights diskrete h\u00e5rde skal og tilbyder stabilitet, diskretion og p\u00e5lidelig ydeevne.<\/p>\n<h3 data-start=\"1649\" data-end=\"1694\">Justerbar sugeevne til personlig kontrol<\/h3>\n<p data-start=\"1695\" data-end=\"2037\">Det \u00e5bne design har en justerbar endeh\u00e6tte, s\u00e5 du kan finjustere luftstr\u00f8mmen og sugeintensiteten. Stram h\u00e6tten for en fastere, mere intens oplevelse, eller l\u00f8sn den for en lettere, mere afslappet f\u00f8lelse. Sleevet er ogs\u00e5 kompatibelt med standard Fleshlight-tilbeh\u00f8r, hvilket giver dig flere muligheder for at personligg\u00f8re din oplevelse.<\/p>\n<h3 data-start=\"2039\" data-end=\"2069\">Let at reng\u00f8re og vedligeholde<\/h3>\n<p data-start=\"2070\" data-end=\"2362\">Sleevet er designet til at v\u00e6re praktisk i hverdagen og kan nemt tages ud af etuiet for at blive rengjort. Du skal blot skylle det grundigt, lade det t\u00f8rre helt og opbevare det korrekt for at bevare bl\u00f8dheden og ydeevnen over tid. Med den rette pleje forbliver det p\u00e5lideligt og behageligt session efter session.<\/p>\n<h3 data-start=\"2364\" data-end=\"2380\">Vigtige funktioner<\/h3>\n<ul data-start=\"2381\" data-end=\"2652\">\n<li data-start=\"2381\" data-end=\"2425\">\n<p data-start=\"2383\" data-end=\"2425\">Officielt Fleshlight Girls\u00ae-samarbejde<\/p>\n<\/li>\n<li data-start=\"2426\" data-end=\"2480\">\n<p data-start=\"2428\" data-end=\"2480\">Realistisk indre tekstur for naturlig stimulering<\/p>\n<\/li>\n<li data-start=\"2481\" data-end=\"2542\">\n<p data-start=\"2483\" data-end=\"2542\">SuperSkin\u2122-materiale giver naturtro bl\u00f8dhed og fleksibilitet<\/p>\n<\/li>\n<li data-start=\"2543\" data-end=\"2577\">\n<p data-start=\"2545\" data-end=\"2577\">Justerbar sugeevne via endeh\u00e6tte<\/p>\n<\/li>\n<li data-start=\"2578\" data-end=\"2609\">\n<p data-start=\"2580\" data-end=\"2609\">Holdbar, diskret hardcase<\/p>\n<\/li>\n<li data-start=\"2610\" data-end=\"2652\">\n<p data-start=\"2612\" data-end=\"2652\">Kompatibel med Fleshlight-tilbeh\u00f8r<\/p>\n<\/li>\n<\/ul>\n<h3 data-start=\"2654\" data-end=\"2697\">Hvorfor v\u00e6lge Nicole Aniston Vagina?<\/h3>\n<p data-start=\"2698\" data-end=\"2972\">Hvis du er p\u00e5 udkig efter en <strong data-start=\"2722\" data-end=\"2801\">Premium pleasure sleeve, der balancerer realisme, komfort og p\u00e5lidelig kvalitet<\/strong>, er Nicole Aniston Vagina et fremragende valg. Den er omhyggeligt designet og fagligt udformet og leverer en raffineret oplevelse, der underst\u00f8ttes af Fleshlights anerkendte standarder.<\/p>","protected":false},"excerpt":{"rendered":"<p data-start=\"318\" data-end=\"722\">Oplev f\u00f8rsteklasses h\u00e5ndv\u00e6rk og virkelighedstro realisme med <strong data-start=\"381\" data-end=\"426\">FLESHLIGHT GIRLS\u00ae - Nicole Aniston Vagina<\/strong>, Fleshlight er et mandligt nydelseshylster af h\u00f8j kvalitet, der er designet til autentisk f\u00f8lelse, komfort og langvarig ydeevne. Inspireret af Nicole Aniston og skabt med Fleshlights branchef\u00f8rende materialer giver denne model en glat, men engagerende oplevelse, der f\u00f8les naturlig, responsiv og fordybende.<\/p>","protected":false},"featured_media":1706,"comment_status":"open","ping_status":"closed","template":"","meta":{"_crdt_document":"","_monsterinsights_skip_tracking":false,"_monsterinsights_sitenote_active":false,"_monsterinsights_sitenote_note":"","_monsterinsights_sitenote_category":0,"jetpack_publicize_message":"","jetpack_publicize_feature_enabled":true,"jetpack_social_post_already_shared":true,"jetpack_social_options":{"image_generator_settings":{"template":"highway","default_image_id":0,"font":"","enabled":false},"version":2},"_wpas_customize_per_network":false},"product_brand":[1465,1466],"product_cat":[1464,1463,1471,1577],"product_tag":[1468,1467],"class_list":{"0":"post-1705","1":"product","2":"type-product","3":"status-publish","4":"has-post-thumbnail","6":"product_brand-fleshlight","7":"product_brand-fleshlight-girls","8":"product_cat-masturbator","9":"product_cat-men","10":"product_cat-vagina","11":"product_cat-vaginas-porn-stars","12":"product_tag-fleshlight","13":"product_tag-masturbator","15":"first","16":"instock","17":"taxable","18":"shipping-taxable","19":"purchasable","20":"product-type-simple"},"yoast_head":"<!-- This site is optimized with the Yoast SEO Premium plugin v27.1 (Yoast SEO v27.6) - https:\/\/yoast.com\/product\/yoast-seo-premium-wordpress\/ -->\n<title>FLESHLIGHT GIRLS\u00ae \u2013 VAGINA Nicole Aniston - SayOh<\/title>\n<meta name=\"description\" content=\"Shop the Fleshlight Girls\u00ae Nicole Aniston Vagina \u2013 a premium SuperSkin\u2122 pleasure sleeve with realistic internal texture and adjustable suction.\" \/>\n<meta name=\"robots\" content=\"index, follow, max-snippet:-1, max-image-preview:large, max-video-preview:-1\" \/>\n<link rel=\"canonical\" href=\"https:\/\/sayoh.com\/dk\/vare\/nicole-aniston-fleshlight\/\" \/>\n<meta property=\"og:locale\" content=\"da_DK\" \/>\n<meta property=\"og:type\" content=\"article\" \/>\n<meta property=\"og:title\" content=\"FLESHLIGHT GIRLS\u00ae \u2013 VAGINA Nicole Aniston\" \/>\n<meta property=\"og:description\" content=\"Shop the Fleshlight Girls\u00ae Nicole Aniston Vagina \u2013 a premium SuperSkin\u2122 pleasure sleeve with realistic internal texture and adjustable suction.\" \/>\n<meta property=\"og:url\" content=\"https:\/\/sayoh.com\/dk\/vare\/nicole-aniston-fleshlight\/\" \/>\n<meta property=\"og:site_name\" content=\"SayOh\" \/>\n<meta property=\"article:modified_time\" content=\"2026-02-12T23:35:27+00:00\" \/>\n<meta property=\"og:image\" content=\"https:\/\/sayoh.com\/wp-content\/uploads\/2026\/02\/Nicole-Aniston-Fleshlight.jpg\" \/>\n\t<meta property=\"og:image:width\" content=\"702\" \/>\n\t<meta property=\"og:image:height\" content=\"702\" \/>\n\t<meta property=\"og:image:type\" content=\"image\/jpeg\" \/>\n<meta name=\"twitter:card\" content=\"summary_large_image\" \/>\n<meta name=\"twitter:label1\" content=\"Estimeret l\u00e6setid\" \/>\n\t<meta name=\"twitter:data1\" content=\"2 minutter\" \/>\n<script type=\"application\/ld+json\" class=\"yoast-schema-graph\">{\"@context\":\"https:\\\/\\\/schema.org\",\"@graph\":[{\"@type\":\"WebPage\",\"@id\":\"https:\\\/\\\/sayoh.com\\\/product\\\/nicole-aniston-fleshlight\\\/\",\"url\":\"https:\\\/\\\/sayoh.com\\\/product\\\/nicole-aniston-fleshlight\\\/\",\"name\":\"FLESHLIGHT GIRLS\u00ae \u2013 VAGINA Nicole Aniston - SayOh\",\"isPartOf\":{\"@id\":\"https:\\\/\\\/sayoh.com\\\/#website\"},\"primaryImageOfPage\":{\"@id\":\"https:\\\/\\\/sayoh.com\\\/product\\\/nicole-aniston-fleshlight\\\/#primaryimage\"},\"image\":{\"@id\":\"https:\\\/\\\/sayoh.com\\\/product\\\/nicole-aniston-fleshlight\\\/#primaryimage\"},\"thumbnailUrl\":\"https:\\\/\\\/i0.wp.com\\\/sayoh.com\\\/wp-content\\\/uploads\\\/2026\\\/02\\\/Nicole-Aniston-Fleshlight.jpg?fit=702%2C702&ssl=1\",\"datePublished\":\"2026-02-04T15:24:40+00:00\",\"dateModified\":\"2026-02-12T23:35:27+00:00\",\"description\":\"Shop the Fleshlight Girls\u00ae Nicole Aniston Vagina \u2013 a premium SuperSkin\u2122 pleasure sleeve with realistic internal texture and adjustable suction.\",\"breadcrumb\":{\"@id\":\"https:\\\/\\\/sayoh.com\\\/product\\\/nicole-aniston-fleshlight\\\/#breadcrumb\"},\"inLanguage\":\"da-DK\",\"potentialAction\":[{\"@type\":\"ReadAction\",\"target\":[\"https:\\\/\\\/sayoh.com\\\/product\\\/nicole-aniston-fleshlight\\\/\"]}]},{\"@type\":\"ImageObject\",\"inLanguage\":\"da-DK\",\"@id\":\"https:\\\/\\\/sayoh.com\\\/product\\\/nicole-aniston-fleshlight\\\/#primaryimage\",\"url\":\"https:\\\/\\\/i0.wp.com\\\/sayoh.com\\\/wp-content\\\/uploads\\\/2026\\\/02\\\/Nicole-Aniston-Fleshlight.jpg?fit=702%2C702&ssl=1\",\"contentUrl\":\"https:\\\/\\\/i0.wp.com\\\/sayoh.com\\\/wp-content\\\/uploads\\\/2026\\\/02\\\/Nicole-Aniston-Fleshlight.jpg?fit=702%2C702&ssl=1\",\"width\":702,\"height\":702,\"caption\":\"Nicole Aniston Fleshlight\"},{\"@type\":\"BreadcrumbList\",\"@id\":\"https:\\\/\\\/sayoh.com\\\/product\\\/nicole-aniston-fleshlight\\\/#breadcrumb\",\"itemListElement\":[{\"@type\":\"ListItem\",\"position\":1,\"name\":\"Home\",\"item\":\"https:\\\/\\\/sayoh.com\\\/\"},{\"@type\":\"ListItem\",\"position\":2,\"name\":\"Shop\",\"item\":\"https:\\\/\\\/sayoh.com\\\/shop\\\/\"},{\"@type\":\"ListItem\",\"position\":3,\"name\":\"FLESHLIGHT GIRLS\u00ae \u2013 VAGINA Nicole Aniston\"}]},{\"@type\":\"WebSite\",\"@id\":\"https:\\\/\\\/sayoh.com\\\/#website\",\"url\":\"https:\\\/\\\/sayoh.com\\\/\",\"name\":\"Say Oh\",\"description\":\"Playful, fun and safe sex\",\"publisher\":{\"@id\":\"https:\\\/\\\/sayoh.com\\\/#organization\"},\"potentialAction\":[{\"@type\":\"SearchAction\",\"target\":{\"@type\":\"EntryPoint\",\"urlTemplate\":\"https:\\\/\\\/sayoh.com\\\/?s={search_term_string}\"},\"query-input\":{\"@type\":\"PropertyValueSpecification\",\"valueRequired\":true,\"valueName\":\"search_term_string\"}}],\"inLanguage\":\"da-DK\"},{\"@type\":\"Organization\",\"@id\":\"https:\\\/\\\/sayoh.com\\\/#organization\",\"name\":\"Say Oh\",\"url\":\"https:\\\/\\\/sayoh.com\\\/\",\"logo\":{\"@type\":\"ImageObject\",\"inLanguage\":\"da-DK\",\"@id\":\"https:\\\/\\\/sayoh.com\\\/#\\\/schema\\\/logo\\\/image\\\/\",\"url\":\"https:\\\/\\\/i0.wp.com\\\/sayoh.com\\\/wp-content\\\/uploads\\\/2023\\\/11\\\/cropped-image_123650291.jpg?fit=512%2C512&ssl=1\",\"contentUrl\":\"https:\\\/\\\/i0.wp.com\\\/sayoh.com\\\/wp-content\\\/uploads\\\/2023\\\/11\\\/cropped-image_123650291.jpg?fit=512%2C512&ssl=1\",\"width\":512,\"height\":512,\"caption\":\"Say Oh\"},\"image\":{\"@id\":\"https:\\\/\\\/sayoh.com\\\/#\\\/schema\\\/logo\\\/image\\\/\"}}]}<\/script>\n<!-- \/ Yoast SEO Premium plugin. -->","yoast_head_json":{"title":"FLESHLIGHT GIRLS\u00ae - VAGINA Nicole Aniston - SayOh","description":"K\u00f8b Fleshlight Girls\u00ae Nicole Aniston Vagina - et f\u00f8rsteklasses SuperSkin\u2122 nydelseshylster med realistisk indre tekstur og justerbar sugeevne.","robots":{"index":"index","follow":"follow","max-snippet":"max-snippet:-1","max-image-preview":"max-image-preview:large","max-video-preview":"max-video-preview:-1"},"canonical":"https:\/\/sayoh.com\/dk\/vare\/nicole-aniston-fleshlight\/","og_locale":"da_DK","og_type":"article","og_title":"FLESHLIGHT GIRLS\u00ae \u2013 VAGINA Nicole Aniston","og_description":"Shop the Fleshlight Girls\u00ae Nicole Aniston Vagina \u2013 a premium SuperSkin\u2122 pleasure sleeve with realistic internal texture and adjustable suction.","og_url":"https:\/\/sayoh.com\/dk\/vare\/nicole-aniston-fleshlight\/","og_site_name":"SayOh","article_modified_time":"2026-02-12T23:35:27+00:00","og_image":[{"width":702,"height":702,"url":"https:\/\/sayoh.com\/wp-content\/uploads\/2026\/02\/Nicole-Aniston-Fleshlight.jpg","type":"image\/jpeg"}],"twitter_card":"summary_large_image","twitter_misc":{"Estimeret l\u00e6setid":"2 minutter"},"schema":{"@context":"https:\/\/schema.org","@graph":[{"@type":"WebPage","@id":"https:\/\/sayoh.com\/product\/nicole-aniston-fleshlight\/","url":"https:\/\/sayoh.com\/product\/nicole-aniston-fleshlight\/","name":"FLESHLIGHT GIRLS\u00ae - VAGINA Nicole Aniston - SayOh","isPartOf":{"@id":"https:\/\/sayoh.com\/#website"},"primaryImageOfPage":{"@id":"https:\/\/sayoh.com\/product\/nicole-aniston-fleshlight\/#primaryimage"},"image":{"@id":"https:\/\/sayoh.com\/product\/nicole-aniston-fleshlight\/#primaryimage"},"thumbnailUrl":"https:\/\/i0.wp.com\/sayoh.com\/wp-content\/uploads\/2026\/02\/Nicole-Aniston-Fleshlight.jpg?fit=702%2C702&ssl=1","datePublished":"2026-02-04T15:24:40+00:00","dateModified":"2026-02-12T23:35:27+00:00","description":"K\u00f8b Fleshlight Girls\u00ae Nicole Aniston Vagina - et f\u00f8rsteklasses SuperSkin\u2122 nydelseshylster med realistisk indre tekstur og justerbar sugeevne.","breadcrumb":{"@id":"https:\/\/sayoh.com\/product\/nicole-aniston-fleshlight\/#breadcrumb"},"inLanguage":"da-DK","potentialAction":[{"@type":"ReadAction","target":["https:\/\/sayoh.com\/product\/nicole-aniston-fleshlight\/"]}]},{"@type":"ImageObject","inLanguage":"da-DK","@id":"https:\/\/sayoh.com\/product\/nicole-aniston-fleshlight\/#primaryimage","url":"https:\/\/i0.wp.com\/sayoh.com\/wp-content\/uploads\/2026\/02\/Nicole-Aniston-Fleshlight.jpg?fit=702%2C702&ssl=1","contentUrl":"https:\/\/i0.wp.com\/sayoh.com\/wp-content\/uploads\/2026\/02\/Nicole-Aniston-Fleshlight.jpg?fit=702%2C702&ssl=1","width":702,"height":702,"caption":"Nicole Aniston Fleshlight"},{"@type":"BreadcrumbList","@id":"https:\/\/sayoh.com\/product\/nicole-aniston-fleshlight\/#breadcrumb","itemListElement":[{"@type":"ListItem","position":1,"name":"Home","item":"https:\/\/sayoh.com\/"},{"@type":"ListItem","position":2,"name":"Shop","item":"https:\/\/sayoh.com\/shop\/"},{"@type":"ListItem","position":3,"name":"FLESHLIGHT GIRLS\u00ae \u2013 VAGINA Nicole Aniston"}]},{"@type":"WebSite","@id":"https:\/\/sayoh.com\/#website","url":"https:\/\/sayoh.com\/","name":"Sig \u00e5h","description":"Legende, sjov og sikker sex","publisher":{"@id":"https:\/\/sayoh.com\/#organization"},"potentialAction":[{"@type":"SearchAction","target":{"@type":"EntryPoint","urlTemplate":"https:\/\/sayoh.com\/?s={search_term_string}"},"query-input":{"@type":"PropertyValueSpecification","valueRequired":true,"valueName":"search_term_string"}}],"inLanguage":"da-DK"},{"@type":"Organization","@id":"https:\/\/sayoh.com\/#organization","name":"Sig \u00e5h","url":"https:\/\/sayoh.com\/","logo":{"@type":"ImageObject","inLanguage":"da-DK","@id":"https:\/\/sayoh.com\/#\/schema\/logo\/image\/","url":"https:\/\/i0.wp.com\/sayoh.com\/wp-content\/uploads\/2023\/11\/cropped-image_123650291.jpg?fit=512%2C512&ssl=1","contentUrl":"https:\/\/i0.wp.com\/sayoh.com\/wp-content\/uploads\/2023\/11\/cropped-image_123650291.jpg?fit=512%2C512&ssl=1","width":512,"height":512,"caption":"Say Oh"},"image":{"@id":"https:\/\/sayoh.com\/#\/schema\/logo\/image\/"}}]}},"jetpack_publicize_connections":[],"jetpack_likes_enabled":true,"jetpack_sharing_enabled":true,"jetpack-related-posts":[{"id":1662,"url":"https:\/\/sayoh.com\/dk\/vare\/lana-rhoades-fleshlight-piger-skaebne-vagina\/","url_meta":{"origin":1705,"position":0},"title":"LANA RHOADES FLESHLIGHT GIRLS\u00ae - Destiny Vagina","author":"Admin","date":"februar 4, 2026","format":false,"excerpt":"Experience premium realism and refined pleasure with the FLESHLIGHT GIRLS\u00ae \u2013 Lana Rhoades Destiny Vagina, a high-quality male pleasure sleeve designed to deliver an authentic, immersive sensation. Inspired by Lana Rhoades and crafted with Fleshlight\u2019s signature attention to detail, the Destiny texture offers a balanced experience that blends stimulation, comfort,\u2026","rel":"","context":"Similar post","block_context":{"text":"Similar post","link":""},"img":{"alt_text":"Fleshlight Lana Rhoades","src":"https:\/\/i0.wp.com\/sayoh.com\/wp-content\/uploads\/2026\/02\/Fleshlight-Lana-Rhoades.jpg?fit=800%2C800&ssl=1&resize=350%2C200","width":350,"height":200,"srcset":"https:\/\/i0.wp.com\/sayoh.com\/wp-content\/uploads\/2026\/02\/Fleshlight-Lana-Rhoades.jpg?fit=800%2C800&ssl=1&resize=350%2C200 1x, https:\/\/i0.wp.com\/sayoh.com\/wp-content\/uploads\/2026\/02\/Fleshlight-Lana-Rhoades.jpg?fit=800%2C800&ssl=1&resize=525%2C300 1.5x, https:\/\/i0.wp.com\/sayoh.com\/wp-content\/uploads\/2026\/02\/Fleshlight-Lana-Rhoades.jpg?fit=800%2C800&ssl=1&resize=700%2C400 2x"},"classes":[]},{"id":1672,"url":"https:\/\/sayoh.com\/dk\/vare\/vanna-bardot-fleshlight\/","url_meta":{"origin":1705,"position":1},"title":"Vanna Bardot FLESHLIGHT\u00ae Vagina","author":"Admin","date":"februar 4, 2026","format":false,"excerpt":"Oplev raffineret realisme og f\u00f8rsteklasses h\u00e5ndv\u00e6rk med FLESHLIGHT\u00ae - Vanna Bardot Vagina, et mandligt nydelseshylster af h\u00f8j kvalitet designet til autentisk f\u00f8lelse, komfort og langvarig ydeevne. Inspireret af Vanna Bardot og udviklet med Fleshlights karakteristiske pr\u00e6cision leverer denne model en glat, men engagerende oplevelse, der f\u00f8les naturlig, responsiv og fordybende.","rel":"","context":"Similar post","block_context":{"text":"Similar post","link":""},"img":{"alt_text":"Vanna Bardot Fleshlight","src":"https:\/\/i0.wp.com\/sayoh.com\/wp-content\/uploads\/2026\/02\/Vanna-Bardot-Fleshlight.jpg?fit=800%2C800&ssl=1&resize=350%2C200","width":350,"height":200,"srcset":"https:\/\/i0.wp.com\/sayoh.com\/wp-content\/uploads\/2026\/02\/Vanna-Bardot-Fleshlight.jpg?fit=800%2C800&ssl=1&resize=350%2C200 1x, https:\/\/i0.wp.com\/sayoh.com\/wp-content\/uploads\/2026\/02\/Vanna-Bardot-Fleshlight.jpg?fit=800%2C800&ssl=1&resize=525%2C300 1.5x, https:\/\/i0.wp.com\/sayoh.com\/wp-content\/uploads\/2026\/02\/Vanna-Bardot-Fleshlight.jpg?fit=800%2C800&ssl=1&resize=700%2C400 2x"},"classes":[]},{"id":1761,"url":"https:\/\/sayoh.com\/dk\/vare\/fleshlight-piger-jenna-haze-besaettelse-vagina\/","url_meta":{"origin":1705,"position":2},"title":"FLESHLIGHT GIRLS\u00ae - Jenna Haze OBSESSION VAGINA","author":"Admin","date":"februar 4, 2026","format":false,"excerpt":"Oplev fordybende realisme og fagligt afbalanceret f\u00f8lelse med FLESHLIGHT GIRLS\u00ae - Obsession Vagina, et f\u00f8rsteklasses mandligt nydelseshylster designet til komfort, autenticitet og langvarig ydeevne. Inspireret af Jenna Haze kombinerer denne Fleshlight-model et raffineret indvendigt design med p\u00e5lideligt Fleshlight-h\u00e5ndv\u00e6rk for at levere en dybt tilfredsstillende og naturlig oplevelse.","rel":"","context":"Similar post","block_context":{"text":"Similar post","link":""},"img":{"alt_text":"Jenna Haze Fleshlight","src":"https:\/\/i0.wp.com\/sayoh.com\/wp-content\/uploads\/2026\/02\/Jenna-Haze-Fleshlight.jpg?fit=800%2C800&ssl=1&resize=350%2C200","width":350,"height":200,"srcset":"https:\/\/i0.wp.com\/sayoh.com\/wp-content\/uploads\/2026\/02\/Jenna-Haze-Fleshlight.jpg?fit=800%2C800&ssl=1&resize=350%2C200 1x, https:\/\/i0.wp.com\/sayoh.com\/wp-content\/uploads\/2026\/02\/Jenna-Haze-Fleshlight.jpg?fit=800%2C800&ssl=1&resize=525%2C300 1.5x, https:\/\/i0.wp.com\/sayoh.com\/wp-content\/uploads\/2026\/02\/Jenna-Haze-Fleshlight.jpg?fit=800%2C800&ssl=1&resize=700%2C400 2x"},"classes":[]},{"id":1729,"url":"https:\/\/sayoh.com\/dk\/vare\/fleshlight-emma-hix-emma-hix-vagina\/","url_meta":{"origin":1705,"position":3},"title":"FLESHLIGHT\u00ae - EMMA HIX Emma Hix Vagina","author":"Admin","date":"februar 4, 2026","format":false,"excerpt":"Experience premium realism and expertly crafted sensation with the FLESHLIGHT GIRLS\u00ae \u2013 Abella Danger Vagina, a high-quality male pleasure sleeve designed for authentic feel, comfort, and long-lasting performance. Inspired by Abella Danger and engineered using Fleshlight\u2019s industry-leading materials, this model delivers a balanced and immersive experience that feels natural, responsive,\u2026","rel":"","context":"Similar post","block_context":{"text":"Similar post","link":""},"img":{"alt_text":"Emma Hix Fleshlight","src":"https:\/\/i0.wp.com\/sayoh.com\/wp-content\/uploads\/2026\/02\/Emma-Hix-Fleshlight.jpg?fit=900%2C900&ssl=1&resize=350%2C200","width":350,"height":200,"srcset":"https:\/\/i0.wp.com\/sayoh.com\/wp-content\/uploads\/2026\/02\/Emma-Hix-Fleshlight.jpg?fit=900%2C900&ssl=1&resize=350%2C200 1x, https:\/\/i0.wp.com\/sayoh.com\/wp-content\/uploads\/2026\/02\/Emma-Hix-Fleshlight.jpg?fit=900%2C900&ssl=1&resize=525%2C300 1.5x, https:\/\/i0.wp.com\/sayoh.com\/wp-content\/uploads\/2026\/02\/Emma-Hix-Fleshlight.jpg?fit=900%2C900&ssl=1&resize=700%2C400 2x"},"classes":[]},{"id":1666,"url":"https:\/\/sayoh.com\/dk\/vare\/madison-ivy-fleshlight-piger-ud-over-vagina\/","url_meta":{"origin":1705,"position":4},"title":"Madison Ivy - FLESHLIGHT GIRLS\u00ae Beyond Vagina","author":"Admin","date":"februar 4, 2026","format":false,"excerpt":"Experience refined realism and expertly balanced sensation with the FLESHLIGHT GIRLS\u00ae \u2013 Madison Ivy Beyond Vagina, a premium male pleasure sleeve designed to deliver comfort, authenticity, and immersive performance. Inspired by Madison Ivy and crafted with Fleshlight\u2019s renowned attention to detail, the Beyond texture is ideal for users seeking a\u2026","rel":"","context":"Similar post","block_context":{"text":"Similar post","link":""},"img":{"alt_text":"Madison Ivy Fleshlight","src":"https:\/\/i0.wp.com\/sayoh.com\/wp-content\/uploads\/2026\/02\/Madison-Ivy-Fleshlight.jpg?fit=800%2C800&ssl=1&resize=350%2C200","width":350,"height":200,"srcset":"https:\/\/i0.wp.com\/sayoh.com\/wp-content\/uploads\/2026\/02\/Madison-Ivy-Fleshlight.jpg?fit=800%2C800&ssl=1&resize=350%2C200 1x, https:\/\/i0.wp.com\/sayoh.com\/wp-content\/uploads\/2026\/02\/Madison-Ivy-Fleshlight.jpg?fit=800%2C800&ssl=1&resize=525%2C300 1.5x, https:\/\/i0.wp.com\/sayoh.com\/wp-content\/uploads\/2026\/02\/Madison-Ivy-Fleshlight.jpg?fit=800%2C800&ssl=1&resize=700%2C400 2x"},"classes":[]},{"id":1747,"url":"https:\/\/sayoh.com\/dk\/vare\/fleshlight-piger-engel-unge-sodme-vagina\/","url_meta":{"origin":1705,"position":5},"title":"FLESHLIGHT GIRLS\u00ae - ANGEL YOUNGS Sweetness Vagina","author":"Admin","date":"februar 4, 2026","format":false,"excerpt":"Oplev glat, overb\u00e6rende realisme med FLESHLIGHT GIRLS\u00ae - Angel Youngs Sweetness Vagina, et premium mandligt forn\u00f8jelseshylster designet til at levere bl\u00f8d, naturlig fornemmelse med en raffineret, virkelighedstro f\u00f8lelse. Inspireret af Angel Youngs og udformet med Fleshlights branchef\u00f8rende ekspertise fokuserer Sweetness-teksturen p\u00e5 komfort, flydende bev\u00e6gelse og fordybende realisme.","rel":"","context":"Similar post","block_context":{"text":"Similar post","link":""},"img":{"alt_text":"Angel Youngs Fleshlight","src":"https:\/\/i0.wp.com\/sayoh.com\/wp-content\/uploads\/2026\/02\/Angel-Youngs.jpg?fit=900%2C900&ssl=1&resize=350%2C200","width":350,"height":200,"srcset":"https:\/\/i0.wp.com\/sayoh.com\/wp-content\/uploads\/2026\/02\/Angel-Youngs.jpg?fit=900%2C900&ssl=1&resize=350%2C200 1x, https:\/\/i0.wp.com\/sayoh.com\/wp-content\/uploads\/2026\/02\/Angel-Youngs.jpg?fit=900%2C900&ssl=1&resize=525%2C300 1.5x, https:\/\/i0.wp.com\/sayoh.com\/wp-content\/uploads\/2026\/02\/Angel-Youngs.jpg?fit=900%2C900&ssl=1&resize=700%2C400 2x"},"classes":[]}],"_links":{"self":[{"href":"https:\/\/sayoh.com\/dk\/wp-json\/wp\/v2\/product\/1705","targetHints":{"allow":["GET"]}}],"collection":[{"href":"https:\/\/sayoh.com\/dk\/wp-json\/wp\/v2\/product"}],"about":[{"href":"https:\/\/sayoh.com\/dk\/wp-json\/wp\/v2\/types\/product"}],"replies":[{"embeddable":true,"href":"https:\/\/sayoh.com\/dk\/wp-json\/wp\/v2\/comments?post=1705"}],"version-history":[{"count":0,"href":"https:\/\/sayoh.com\/dk\/wp-json\/wp\/v2\/product\/1705\/revisions"}],"wp:featuredmedia":[{"embeddable":true,"href":"https:\/\/sayoh.com\/dk\/wp-json\/wp\/v2\/media\/1706"}],"wp:attachment":[{"href":"https:\/\/sayoh.com\/dk\/wp-json\/wp\/v2\/media?parent=1705"}],"wp:term":[{"taxonomy":"product_brand","embeddable":true,"href":"https:\/\/sayoh.com\/dk\/wp-json\/wp\/v2\/product_brand?post=1705"},{"taxonomy":"product_cat","embeddable":true,"href":"https:\/\/sayoh.com\/dk\/wp-json\/wp\/v2\/product_cat?post=1705"},{"taxonomy":"product_tag","embeddable":true,"href":"https:\/\/sayoh.com\/dk\/wp-json\/wp\/v2\/product_tag?post=1705"}],"curies":[{"name":"wp","href":"https:\/\/api.w.org\/{rel}","templated":true}]}}