{"id":1719,"date":"2026-02-04T16:27:44","date_gmt":"2026-02-04T15:27:44","guid":{"rendered":"https:\/\/sayoh.com\/?post_type=product&#038;p=1719"},"modified":"2026-02-13T00:35:18","modified_gmt":"2026-02-12T23:35:18","slug":"fleshlight-piger-eva-lovia-eva-lovia-sukker-vagina","status":"publish","type":"product","link":"https:\/\/sayoh.com\/dk\/vare\/fleshlight-piger-eva-lovia-eva-lovia-sukker-vagina\/","title":{"rendered":"FLESHLIGHT GIRLS\u00ae - EVA LOVIA Eva Lovia Sugar Vagina"},"content":{"rendered":"<p data-start=\"346\" data-end=\"760\">Fork\u00e6l dig selv med glat, overb\u00e6rende realisme med <strong data-start=\"392\" data-end=\"438\">FLESHLIGHT GIRLS\u00ae - Eva Lovia Sugar Vagina<\/strong>, Sugar er et f\u00f8rsteklasses sleeve til mandlig nydelse, der er designet til komfort, bl\u00f8dhed og en us\u00e6dvanlig naturlig f\u00f8lelse. Inspireret af Eva Lovia og fremstillet af Fleshlights branchef\u00f8rende materialer fokuserer Sugar-teksturen p\u00e5 blid stimulering og flydende bev\u00e6gelse, hvilket g\u00f8r den ideel til brugere, der s\u00e6tter pris p\u00e5 en raffineret, luksuri\u00f8s oplevelse.<\/p>\n<h3 data-start=\"762\" data-end=\"809\">Sukkertekstur giver en bl\u00f8d, flydende fornemmelse<\/h3>\n<p data-start=\"810\" data-end=\"1204\">Sugar's indre tekstur er designet til at give en glat, ensartet fornemmelse, der f\u00f8les naturlig og indbydende. I stedet for aggressiv eller meget struktureret stimulering prioriterer denne tekstur bl\u00f8dhed og j\u00e6vnt tryk, s\u00e5 oplevelsen kan udfolde sig behageligt fra start til slut. Den er s\u00e6rligt velegnet til l\u00e6ngere sessioner eller til brugere, der foretr\u00e6kker en lettere og mere realistisk ber\u00f8ring.<\/p>\n<h3 data-start=\"1206\" data-end=\"1247\">Ultra-realistisk SuperSkin\u2122-materiale<\/h3>\n<p data-start=\"1248\" data-end=\"1669\">Fremstillet af <strong data-start=\"1258\" data-end=\"1303\">Fleshlights patenterede SuperSkin\u2122-materiale<\/strong>, I dette materiale efterligner \u00e6rmet den \u00e6gte huds bl\u00f8dhed, elasticitet og varme. Dette f\u00f8rsteklasses materiale str\u00e6kker sig og tilpasser sig naturligt til bev\u00e6gelse, hvilket forbedrer fordybelsen og samtidig bevarer holdbarheden til gentagen brug. Eva Lovia Sugar Vagina er indkapslet i Fleshlights diskrete og robuste h\u00e5rde skal og tilbyder stabilitet, diskretion og p\u00e5lidelig ydelse p\u00e5 lang sigt.<\/p>\n<h3 data-start=\"1671\" data-end=\"1716\">Justerbar sugeevne til personlig kontrol<\/h3>\n<p data-start=\"1717\" data-end=\"2062\">Det \u00e5bne design omfatter en justerbar endeh\u00e6tte, s\u00e5 du nemt kan kontrollere luftstr\u00f8mmen og sugeintensiteten. Hvis du strammer h\u00e6tten, \u00f8ges fastheden og f\u00f8lelsen, mens du l\u00f8sner den og f\u00e5r en lettere og mere afslappet f\u00f8lelse. Sleevet er ogs\u00e5 kompatibelt med standard Fleshlight-tilbeh\u00f8r, hvilket giver yderligere muligheder for personlig tilpasning.<\/p>\n<h3 data-start=\"2064\" data-end=\"2094\">Let at reng\u00f8re og vedligeholde<\/h3>\n<p data-start=\"2095\" data-end=\"2387\">Sleevet er designet til at v\u00e6re praktisk i hverdagen og kan nemt tages ud af etuiet for at blive rengjort. Du skal blot skylle det grundigt, lade det t\u00f8rre helt og opbevare det korrekt for at bevare bl\u00f8dheden og ydeevnen over tid. Med den rette pleje forbliver det behageligt og p\u00e5lideligt session efter session.<\/p>\n<h3 data-start=\"2389\" data-end=\"2405\">Vigtige funktioner<\/h3>\n<ul data-start=\"2406\" data-end=\"2683\">\n<li data-start=\"2406\" data-end=\"2450\">\n<p data-start=\"2408\" data-end=\"2450\">Officielt Fleshlight Girls\u00ae-samarbejde<\/p>\n<\/li>\n<li data-start=\"2451\" data-end=\"2511\">\n<p data-start=\"2453\" data-end=\"2511\">Indvendig sukkerstruktur for glat, realistisk stimulation<\/p>\n<\/li>\n<li data-start=\"2512\" data-end=\"2573\">\n<p data-start=\"2514\" data-end=\"2573\">SuperSkin\u2122-materiale giver naturtro bl\u00f8dhed og fleksibilitet<\/p>\n<\/li>\n<li data-start=\"2574\" data-end=\"2608\">\n<p data-start=\"2576\" data-end=\"2608\">Justerbar sugeevne via endeh\u00e6tte<\/p>\n<\/li>\n<li data-start=\"2609\" data-end=\"2640\">\n<p data-start=\"2611\" data-end=\"2640\">Holdbar, diskret hardcase<\/p>\n<\/li>\n<li data-start=\"2641\" data-end=\"2683\">\n<p data-start=\"2643\" data-end=\"2683\">Kompatibel med Fleshlight-tilbeh\u00f8r<\/p>\n<\/li>\n<\/ul>\n<h3 data-start=\"2685\" data-end=\"2729\">Hvorfor v\u00e6lge Eva Lovia Sugar Vagina?<\/h3>\n<p data-start=\"2730\" data-end=\"2995\">Hvis du er p\u00e5 udkig efter en <strong data-start=\"2754\" data-end=\"2828\">Premium pleasure sleeve, der l\u00e6gger v\u00e6gt p\u00e5 bl\u00f8dhed, realisme og komfort<\/strong>, er Eva Lovia Sugar Vagina et fremragende valg. Den er professionelt udformet og gennemt\u00e6nkt designet og giver en raffineret oplevelse, der underst\u00f8ttes af den velkendte Fleshlight-kvalitet.<\/p>","protected":false},"excerpt":{"rendered":"<p data-start=\"2730\" data-end=\"2995\">Hvis du er p\u00e5 udkig efter en <strong data-start=\"2754\" data-end=\"2828\">Premium pleasure sleeve, der l\u00e6gger v\u00e6gt p\u00e5 bl\u00f8dhed, realisme og komfort<\/strong>, er Eva Lovia Sugar Vagina et fremragende valg. Den er professionelt udformet og gennemt\u00e6nkt designet og giver en raffineret oplevelse, der underst\u00f8ttes af den velkendte Fleshlight-kvalitet.<\/p>","protected":false},"featured_media":1720,"comment_status":"open","ping_status":"closed","template":"","meta":{"_crdt_document":"","_monsterinsights_skip_tracking":false,"_monsterinsights_sitenote_active":false,"_monsterinsights_sitenote_note":"","_monsterinsights_sitenote_category":0,"jetpack_publicize_message":"","jetpack_publicize_feature_enabled":true,"jetpack_social_post_already_shared":true,"jetpack_social_options":{"image_generator_settings":{"template":"highway","default_image_id":0,"font":"","enabled":false},"version":2},"_wpas_customize_per_network":false},"product_brand":[1465,1466],"product_cat":[1464,1463,1471,1577],"product_tag":[1468,1467],"class_list":{"0":"post-1719","1":"product","2":"type-product","3":"status-publish","4":"has-post-thumbnail","6":"product_brand-fleshlight","7":"product_brand-fleshlight-girls","8":"product_cat-masturbator","9":"product_cat-men","10":"product_cat-vagina","11":"product_cat-vaginas-porn-stars","12":"product_tag-fleshlight","13":"product_tag-masturbator","15":"first","16":"instock","17":"taxable","18":"shipping-taxable","19":"purchasable","20":"product-type-simple"},"yoast_head":"<!-- This site is optimized with the Yoast SEO Premium plugin v27.1 (Yoast SEO v27.4) - https:\/\/yoast.com\/product\/yoast-seo-premium-wordpress\/ -->\n<title>FLESHLIGHT GIRLS\u00ae \u2013 EVA LOVIA Eva Lovia Sugar Vagina - SayOh<\/title>\n<meta name=\"description\" content=\"Shop the Fleshlight Girls\u00ae Eva Lovia Sugar Vagina \u2013 a premium SuperSkin\u2122 pleasure sleeve with smooth Sugar texture and adjustable suction.\" \/>\n<meta name=\"robots\" content=\"index, follow, max-snippet:-1, max-image-preview:large, max-video-preview:-1\" \/>\n<link rel=\"canonical\" href=\"https:\/\/sayoh.com\/dk\/vare\/fleshlight-piger-eva-lovia-eva-lovia-sukker-vagina\/\" \/>\n<meta property=\"og:locale\" content=\"da_DK\" \/>\n<meta property=\"og:type\" content=\"article\" \/>\n<meta property=\"og:title\" content=\"FLESHLIGHT GIRLS\u00ae \u2013 EVA LOVIA Eva Lovia Sugar Vagina\" \/>\n<meta property=\"og:description\" content=\"Shop the Fleshlight Girls\u00ae Eva Lovia Sugar Vagina \u2013 a premium SuperSkin\u2122 pleasure sleeve with smooth Sugar texture and adjustable suction.\" \/>\n<meta property=\"og:url\" content=\"https:\/\/sayoh.com\/dk\/vare\/fleshlight-piger-eva-lovia-eva-lovia-sukker-vagina\/\" \/>\n<meta property=\"og:site_name\" content=\"SayOh\" \/>\n<meta property=\"article:modified_time\" content=\"2026-02-12T23:35:18+00:00\" \/>\n<meta property=\"og:image\" content=\"https:\/\/sayoh.com\/wp-content\/uploads\/2026\/02\/Eva-Lovia-Fleshlight.jpg\" \/>\n\t<meta property=\"og:image:width\" content=\"800\" \/>\n\t<meta property=\"og:image:height\" content=\"800\" \/>\n\t<meta property=\"og:image:type\" content=\"image\/jpeg\" \/>\n<meta name=\"twitter:card\" content=\"summary_large_image\" \/>\n<meta name=\"twitter:label1\" content=\"Estimeret l\u00e6setid\" \/>\n\t<meta name=\"twitter:data1\" content=\"2 minutter\" \/>\n<script type=\"application\/ld+json\" class=\"yoast-schema-graph\">{\"@context\":\"https:\\\/\\\/schema.org\",\"@graph\":[{\"@type\":\"WebPage\",\"@id\":\"https:\\\/\\\/sayoh.com\\\/product\\\/fleshlight-girls-eva-lovia-eva-lovia-sugar-vagina\\\/\",\"url\":\"https:\\\/\\\/sayoh.com\\\/product\\\/fleshlight-girls-eva-lovia-eva-lovia-sugar-vagina\\\/\",\"name\":\"FLESHLIGHT GIRLS\u00ae \u2013 EVA LOVIA Eva Lovia Sugar Vagina - SayOh\",\"isPartOf\":{\"@id\":\"https:\\\/\\\/sayoh.com\\\/#website\"},\"primaryImageOfPage\":{\"@id\":\"https:\\\/\\\/sayoh.com\\\/product\\\/fleshlight-girls-eva-lovia-eva-lovia-sugar-vagina\\\/#primaryimage\"},\"image\":{\"@id\":\"https:\\\/\\\/sayoh.com\\\/product\\\/fleshlight-girls-eva-lovia-eva-lovia-sugar-vagina\\\/#primaryimage\"},\"thumbnailUrl\":\"https:\\\/\\\/i0.wp.com\\\/sayoh.com\\\/wp-content\\\/uploads\\\/2026\\\/02\\\/Eva-Lovia-Fleshlight.jpg?fit=800%2C800&ssl=1\",\"datePublished\":\"2026-02-04T15:27:44+00:00\",\"dateModified\":\"2026-02-12T23:35:18+00:00\",\"description\":\"Shop the Fleshlight Girls\u00ae Eva Lovia Sugar Vagina \u2013 a premium SuperSkin\u2122 pleasure sleeve with smooth Sugar texture and adjustable suction.\",\"breadcrumb\":{\"@id\":\"https:\\\/\\\/sayoh.com\\\/product\\\/fleshlight-girls-eva-lovia-eva-lovia-sugar-vagina\\\/#breadcrumb\"},\"inLanguage\":\"da-DK\",\"potentialAction\":[{\"@type\":\"ReadAction\",\"target\":[\"https:\\\/\\\/sayoh.com\\\/product\\\/fleshlight-girls-eva-lovia-eva-lovia-sugar-vagina\\\/\"]}]},{\"@type\":\"ImageObject\",\"inLanguage\":\"da-DK\",\"@id\":\"https:\\\/\\\/sayoh.com\\\/product\\\/fleshlight-girls-eva-lovia-eva-lovia-sugar-vagina\\\/#primaryimage\",\"url\":\"https:\\\/\\\/i0.wp.com\\\/sayoh.com\\\/wp-content\\\/uploads\\\/2026\\\/02\\\/Eva-Lovia-Fleshlight.jpg?fit=800%2C800&ssl=1\",\"contentUrl\":\"https:\\\/\\\/i0.wp.com\\\/sayoh.com\\\/wp-content\\\/uploads\\\/2026\\\/02\\\/Eva-Lovia-Fleshlight.jpg?fit=800%2C800&ssl=1\",\"width\":800,\"height\":800,\"caption\":\"Eva Lovia Fleshlight\"},{\"@type\":\"BreadcrumbList\",\"@id\":\"https:\\\/\\\/sayoh.com\\\/product\\\/fleshlight-girls-eva-lovia-eva-lovia-sugar-vagina\\\/#breadcrumb\",\"itemListElement\":[{\"@type\":\"ListItem\",\"position\":1,\"name\":\"Home\",\"item\":\"https:\\\/\\\/sayoh.com\\\/\"},{\"@type\":\"ListItem\",\"position\":2,\"name\":\"Shop\",\"item\":\"https:\\\/\\\/sayoh.com\\\/shop\\\/\"},{\"@type\":\"ListItem\",\"position\":3,\"name\":\"FLESHLIGHT GIRLS\u00ae \u2013 EVA LOVIA Eva Lovia Sugar Vagina\"}]},{\"@type\":\"WebSite\",\"@id\":\"https:\\\/\\\/sayoh.com\\\/#website\",\"url\":\"https:\\\/\\\/sayoh.com\\\/\",\"name\":\"Say Oh\",\"description\":\"Playful, fun and safe sex\",\"publisher\":{\"@id\":\"https:\\\/\\\/sayoh.com\\\/#organization\"},\"potentialAction\":[{\"@type\":\"SearchAction\",\"target\":{\"@type\":\"EntryPoint\",\"urlTemplate\":\"https:\\\/\\\/sayoh.com\\\/?s={search_term_string}\"},\"query-input\":{\"@type\":\"PropertyValueSpecification\",\"valueRequired\":true,\"valueName\":\"search_term_string\"}}],\"inLanguage\":\"da-DK\"},{\"@type\":\"Organization\",\"@id\":\"https:\\\/\\\/sayoh.com\\\/#organization\",\"name\":\"Say Oh\",\"url\":\"https:\\\/\\\/sayoh.com\\\/\",\"logo\":{\"@type\":\"ImageObject\",\"inLanguage\":\"da-DK\",\"@id\":\"https:\\\/\\\/sayoh.com\\\/#\\\/schema\\\/logo\\\/image\\\/\",\"url\":\"https:\\\/\\\/i0.wp.com\\\/sayoh.com\\\/wp-content\\\/uploads\\\/2023\\\/11\\\/cropped-image_123650291.jpg?fit=512%2C512&ssl=1\",\"contentUrl\":\"https:\\\/\\\/i0.wp.com\\\/sayoh.com\\\/wp-content\\\/uploads\\\/2023\\\/11\\\/cropped-image_123650291.jpg?fit=512%2C512&ssl=1\",\"width\":512,\"height\":512,\"caption\":\"Say Oh\"},\"image\":{\"@id\":\"https:\\\/\\\/sayoh.com\\\/#\\\/schema\\\/logo\\\/image\\\/\"}}]}<\/script>\n<!-- \/ Yoast SEO Premium plugin. -->","yoast_head_json":{"title":"FLESHLIGHT GIRLS\u00ae - EVA LOVIA Eva Lovia Sugar Vagina - SayOh","description":"K\u00f8b Fleshlight Girls\u00ae Eva Lovia Sugar Vagina - et f\u00f8rsteklasses SuperSkin\u2122 nydelseshylster med glat sukkertekstur og justerbart sug.","robots":{"index":"index","follow":"follow","max-snippet":"max-snippet:-1","max-image-preview":"max-image-preview:large","max-video-preview":"max-video-preview:-1"},"canonical":"https:\/\/sayoh.com\/dk\/vare\/fleshlight-piger-eva-lovia-eva-lovia-sukker-vagina\/","og_locale":"da_DK","og_type":"article","og_title":"FLESHLIGHT GIRLS\u00ae \u2013 EVA LOVIA Eva Lovia Sugar Vagina","og_description":"Shop the Fleshlight Girls\u00ae Eva Lovia Sugar Vagina \u2013 a premium SuperSkin\u2122 pleasure sleeve with smooth Sugar texture and adjustable suction.","og_url":"https:\/\/sayoh.com\/dk\/vare\/fleshlight-piger-eva-lovia-eva-lovia-sukker-vagina\/","og_site_name":"SayOh","article_modified_time":"2026-02-12T23:35:18+00:00","og_image":[{"width":800,"height":800,"url":"https:\/\/sayoh.com\/wp-content\/uploads\/2026\/02\/Eva-Lovia-Fleshlight.jpg","type":"image\/jpeg"}],"twitter_card":"summary_large_image","twitter_misc":{"Estimeret l\u00e6setid":"2 minutter"},"schema":{"@context":"https:\/\/schema.org","@graph":[{"@type":"WebPage","@id":"https:\/\/sayoh.com\/product\/fleshlight-girls-eva-lovia-eva-lovia-sugar-vagina\/","url":"https:\/\/sayoh.com\/product\/fleshlight-girls-eva-lovia-eva-lovia-sugar-vagina\/","name":"FLESHLIGHT GIRLS\u00ae - EVA LOVIA Eva Lovia Sugar Vagina - SayOh","isPartOf":{"@id":"https:\/\/sayoh.com\/#website"},"primaryImageOfPage":{"@id":"https:\/\/sayoh.com\/product\/fleshlight-girls-eva-lovia-eva-lovia-sugar-vagina\/#primaryimage"},"image":{"@id":"https:\/\/sayoh.com\/product\/fleshlight-girls-eva-lovia-eva-lovia-sugar-vagina\/#primaryimage"},"thumbnailUrl":"https:\/\/i0.wp.com\/sayoh.com\/wp-content\/uploads\/2026\/02\/Eva-Lovia-Fleshlight.jpg?fit=800%2C800&ssl=1","datePublished":"2026-02-04T15:27:44+00:00","dateModified":"2026-02-12T23:35:18+00:00","description":"K\u00f8b Fleshlight Girls\u00ae Eva Lovia Sugar Vagina - et f\u00f8rsteklasses SuperSkin\u2122 nydelseshylster med glat sukkertekstur og justerbart sug.","breadcrumb":{"@id":"https:\/\/sayoh.com\/product\/fleshlight-girls-eva-lovia-eva-lovia-sugar-vagina\/#breadcrumb"},"inLanguage":"da-DK","potentialAction":[{"@type":"ReadAction","target":["https:\/\/sayoh.com\/product\/fleshlight-girls-eva-lovia-eva-lovia-sugar-vagina\/"]}]},{"@type":"ImageObject","inLanguage":"da-DK","@id":"https:\/\/sayoh.com\/product\/fleshlight-girls-eva-lovia-eva-lovia-sugar-vagina\/#primaryimage","url":"https:\/\/i0.wp.com\/sayoh.com\/wp-content\/uploads\/2026\/02\/Eva-Lovia-Fleshlight.jpg?fit=800%2C800&ssl=1","contentUrl":"https:\/\/i0.wp.com\/sayoh.com\/wp-content\/uploads\/2026\/02\/Eva-Lovia-Fleshlight.jpg?fit=800%2C800&ssl=1","width":800,"height":800,"caption":"Eva Lovia Fleshlight"},{"@type":"BreadcrumbList","@id":"https:\/\/sayoh.com\/product\/fleshlight-girls-eva-lovia-eva-lovia-sugar-vagina\/#breadcrumb","itemListElement":[{"@type":"ListItem","position":1,"name":"Home","item":"https:\/\/sayoh.com\/"},{"@type":"ListItem","position":2,"name":"Shop","item":"https:\/\/sayoh.com\/shop\/"},{"@type":"ListItem","position":3,"name":"FLESHLIGHT GIRLS\u00ae \u2013 EVA LOVIA Eva Lovia Sugar Vagina"}]},{"@type":"WebSite","@id":"https:\/\/sayoh.com\/#website","url":"https:\/\/sayoh.com\/","name":"Sig \u00e5h","description":"Legende, sjov og sikker sex","publisher":{"@id":"https:\/\/sayoh.com\/#organization"},"potentialAction":[{"@type":"SearchAction","target":{"@type":"EntryPoint","urlTemplate":"https:\/\/sayoh.com\/?s={search_term_string}"},"query-input":{"@type":"PropertyValueSpecification","valueRequired":true,"valueName":"search_term_string"}}],"inLanguage":"da-DK"},{"@type":"Organization","@id":"https:\/\/sayoh.com\/#organization","name":"Sig \u00e5h","url":"https:\/\/sayoh.com\/","logo":{"@type":"ImageObject","inLanguage":"da-DK","@id":"https:\/\/sayoh.com\/#\/schema\/logo\/image\/","url":"https:\/\/i0.wp.com\/sayoh.com\/wp-content\/uploads\/2023\/11\/cropped-image_123650291.jpg?fit=512%2C512&ssl=1","contentUrl":"https:\/\/i0.wp.com\/sayoh.com\/wp-content\/uploads\/2023\/11\/cropped-image_123650291.jpg?fit=512%2C512&ssl=1","width":512,"height":512,"caption":"Say Oh"},"image":{"@id":"https:\/\/sayoh.com\/#\/schema\/logo\/image\/"}}]}},"jetpack_publicize_connections":[],"jetpack_likes_enabled":true,"jetpack_sharing_enabled":true,"jetpack-related-posts":[{"id":1747,"url":"https:\/\/sayoh.com\/dk\/vare\/fleshlight-piger-engel-unge-sodme-vagina\/","url_meta":{"origin":1719,"position":0},"title":"FLESHLIGHT GIRLS\u00ae - ANGEL YOUNGS Sweetness Vagina","author":"Admin","date":"februar 4, 2026","format":false,"excerpt":"Oplev glat, overb\u00e6rende realisme med FLESHLIGHT GIRLS\u00ae - Angel Youngs Sweetness Vagina, et premium mandligt forn\u00f8jelseshylster designet til at levere bl\u00f8d, naturlig fornemmelse med en raffineret, virkelighedstro f\u00f8lelse. Inspireret af Angel Youngs og udformet med Fleshlights branchef\u00f8rende ekspertise fokuserer Sweetness-teksturen p\u00e5 komfort, flydende bev\u00e6gelse og fordybende realisme.","rel":"","context":"Similar post","block_context":{"text":"Similar post","link":""},"img":{"alt_text":"Angel Youngs Fleshlight","src":"https:\/\/i0.wp.com\/sayoh.com\/wp-content\/uploads\/2026\/02\/Angel-Youngs.jpg?fit=900%2C900&ssl=1&resize=350%2C200","width":350,"height":200,"srcset":"https:\/\/i0.wp.com\/sayoh.com\/wp-content\/uploads\/2026\/02\/Angel-Youngs.jpg?fit=900%2C900&ssl=1&resize=350%2C200 1x, https:\/\/i0.wp.com\/sayoh.com\/wp-content\/uploads\/2026\/02\/Angel-Youngs.jpg?fit=900%2C900&ssl=1&resize=525%2C300 1.5x, https:\/\/i0.wp.com\/sayoh.com\/wp-content\/uploads\/2026\/02\/Angel-Youngs.jpg?fit=900%2C900&ssl=1&resize=700%2C400 2x"},"classes":[]},{"id":1642,"url":"https:\/\/sayoh.com\/dk\/vare\/autumn-falls-fleshlight-piger-creme-tekstur-vagina\/","url_meta":{"origin":1719,"position":1},"title":"Autumn Falls FLESHLIGHT GIRLS\u00ae Vagina med cremestruktur","author":"Admin","date":"februar 4, 2026","format":false,"excerpt":"Nyd en ultrabl\u00f8d, naturtro oplevelse med FLESHLIGHT GIRLS\u00ae - Autumn Falls Cream Texture Vagina, et f\u00f8rsteklasses sleeve til mandlig nydelse designet til realistisk f\u00f8lelse og langvarig ydeevne. Inspireret af Autumn Falls fokuserer denne Fleshlight p\u00e5 bl\u00f8dhed, komfort og naturlig bev\u00e6gelse for en us\u00e6dvanlig fordybende oplevelse.","rel":"","context":"Similar post","block_context":{"text":"Similar post","link":""},"img":{"alt_text":"Autumn Falls Fleshlight","src":"https:\/\/i0.wp.com\/sayoh.com\/wp-content\/uploads\/2026\/02\/Autumn-Falls-Fleshlight.jpeg?fit=800%2C800&ssl=1&resize=350%2C200","width":350,"height":200,"srcset":"https:\/\/i0.wp.com\/sayoh.com\/wp-content\/uploads\/2026\/02\/Autumn-Falls-Fleshlight.jpeg?fit=800%2C800&ssl=1&resize=350%2C200 1x, https:\/\/i0.wp.com\/sayoh.com\/wp-content\/uploads\/2026\/02\/Autumn-Falls-Fleshlight.jpeg?fit=800%2C800&ssl=1&resize=525%2C300 1.5x, https:\/\/i0.wp.com\/sayoh.com\/wp-content\/uploads\/2026\/02\/Autumn-Falls-Fleshlight.jpeg?fit=800%2C800&ssl=1&resize=700%2C400 2x"},"classes":[]},{"id":1698,"url":"https:\/\/sayoh.com\/dk\/vare\/fleshlight-girls-ana-foxxx-ana-foxxx-silk-vagina\/","url_meta":{"origin":1719,"position":2},"title":"FLESHLIGHT GIRLS\u00ae - ANA FOXXX Ana Foxxx Silk Vagina","author":"Admin","date":"februar 4, 2026","format":false,"excerpt":"Experience refined softness and premium realism with the FLESHLIGHT GIRLS\u00ae \u2013 Ana Foxxx Silk Vagina, a high-quality male pleasure sleeve designed for smooth, natural sensation and long-lasting comfort. Inspired by Ana Foxxx and crafted with Fleshlight\u2019s renowned attention to detail, the Silk texture is ideal for users who value a\u2026","rel":"","context":"Similar post","block_context":{"text":"Similar post","link":""},"img":{"alt_text":"Ana Foxxx Fleshlight","src":"https:\/\/i0.wp.com\/sayoh.com\/wp-content\/uploads\/2026\/02\/Ana-Foxxx-Fleshlight.jpeg?fit=800%2C800&ssl=1&resize=350%2C200","width":350,"height":200,"srcset":"https:\/\/i0.wp.com\/sayoh.com\/wp-content\/uploads\/2026\/02\/Ana-Foxxx-Fleshlight.jpeg?fit=800%2C800&ssl=1&resize=350%2C200 1x, https:\/\/i0.wp.com\/sayoh.com\/wp-content\/uploads\/2026\/02\/Ana-Foxxx-Fleshlight.jpeg?fit=800%2C800&ssl=1&resize=525%2C300 1.5x, https:\/\/i0.wp.com\/sayoh.com\/wp-content\/uploads\/2026\/02\/Ana-Foxxx-Fleshlight.jpeg?fit=800%2C800&ssl=1&resize=700%2C400 2x"},"classes":[]},{"id":1651,"url":"https:\/\/sayoh.com\/dk\/vare\/sky-bri-fleshlight\/","url_meta":{"origin":1719,"position":3},"title":"Sky Bri FLESHLIGHT\u00ae Girls Celestial Vagina","author":"Admin","date":"februar 4, 2026","format":false,"excerpt":"Discover a refined and lifelike pleasure experience with the FLESHLIGHT\u00ae \u2013 Sky Bri Celestial Vagina, a premium male pleasure sleeve crafted for realism, comfort, and smooth stimulation. Designed in collaboration with Sky Bri, this Fleshlight combines an elegant internal texture with Fleshlight\u2019s renowned build quality, making it an excellent choice\u2026","rel":"","context":"Similar post","block_context":{"text":"Similar post","link":""},"img":{"alt_text":"Sky Bri Fleshlight","src":"https:\/\/i0.wp.com\/sayoh.com\/wp-content\/uploads\/2026\/02\/Sky-Bri-Fleshlight.jpg?fit=800%2C800&ssl=1&resize=350%2C200","width":350,"height":200,"srcset":"https:\/\/i0.wp.com\/sayoh.com\/wp-content\/uploads\/2026\/02\/Sky-Bri-Fleshlight.jpg?fit=800%2C800&ssl=1&resize=350%2C200 1x, https:\/\/i0.wp.com\/sayoh.com\/wp-content\/uploads\/2026\/02\/Sky-Bri-Fleshlight.jpg?fit=800%2C800&ssl=1&resize=525%2C300 1.5x, https:\/\/i0.wp.com\/sayoh.com\/wp-content\/uploads\/2026\/02\/Sky-Bri-Fleshlight.jpg?fit=800%2C800&ssl=1&resize=700%2C400 2x"},"classes":[]},{"id":1662,"url":"https:\/\/sayoh.com\/dk\/vare\/lana-rhoades-fleshlight-piger-skaebne-vagina\/","url_meta":{"origin":1719,"position":4},"title":"LANA RHOADES FLESHLIGHT GIRLS\u00ae - Destiny Vagina","author":"Admin","date":"februar 4, 2026","format":false,"excerpt":"Experience premium realism and refined pleasure with the FLESHLIGHT GIRLS\u00ae \u2013 Lana Rhoades Destiny Vagina, a high-quality male pleasure sleeve designed to deliver an authentic, immersive sensation. Inspired by Lana Rhoades and crafted with Fleshlight\u2019s signature attention to detail, the Destiny texture offers a balanced experience that blends stimulation, comfort,\u2026","rel":"","context":"Similar post","block_context":{"text":"Similar post","link":""},"img":{"alt_text":"Fleshlight Lana Rhoades","src":"https:\/\/i0.wp.com\/sayoh.com\/wp-content\/uploads\/2026\/02\/Fleshlight-Lana-Rhoades.jpg?fit=800%2C800&ssl=1&resize=350%2C200","width":350,"height":200,"srcset":"https:\/\/i0.wp.com\/sayoh.com\/wp-content\/uploads\/2026\/02\/Fleshlight-Lana-Rhoades.jpg?fit=800%2C800&ssl=1&resize=350%2C200 1x, https:\/\/i0.wp.com\/sayoh.com\/wp-content\/uploads\/2026\/02\/Fleshlight-Lana-Rhoades.jpg?fit=800%2C800&ssl=1&resize=525%2C300 1.5x, https:\/\/i0.wp.com\/sayoh.com\/wp-content\/uploads\/2026\/02\/Fleshlight-Lana-Rhoades.jpg?fit=800%2C800&ssl=1&resize=700%2C400 2x"},"classes":[]},{"id":1666,"url":"https:\/\/sayoh.com\/dk\/vare\/madison-ivy-fleshlight-piger-ud-over-vagina\/","url_meta":{"origin":1719,"position":5},"title":"Madison Ivy - FLESHLIGHT GIRLS\u00ae Beyond Vagina","author":"Admin","date":"februar 4, 2026","format":false,"excerpt":"Experience refined realism and expertly balanced sensation with the FLESHLIGHT GIRLS\u00ae \u2013 Madison Ivy Beyond Vagina, a premium male pleasure sleeve designed to deliver comfort, authenticity, and immersive performance. Inspired by Madison Ivy and crafted with Fleshlight\u2019s renowned attention to detail, the Beyond texture is ideal for users seeking a\u2026","rel":"","context":"Similar post","block_context":{"text":"Similar post","link":""},"img":{"alt_text":"Madison Ivy Fleshlight","src":"https:\/\/i0.wp.com\/sayoh.com\/wp-content\/uploads\/2026\/02\/Madison-Ivy-Fleshlight.jpg?fit=800%2C800&ssl=1&resize=350%2C200","width":350,"height":200,"srcset":"https:\/\/i0.wp.com\/sayoh.com\/wp-content\/uploads\/2026\/02\/Madison-Ivy-Fleshlight.jpg?fit=800%2C800&ssl=1&resize=350%2C200 1x, https:\/\/i0.wp.com\/sayoh.com\/wp-content\/uploads\/2026\/02\/Madison-Ivy-Fleshlight.jpg?fit=800%2C800&ssl=1&resize=525%2C300 1.5x, https:\/\/i0.wp.com\/sayoh.com\/wp-content\/uploads\/2026\/02\/Madison-Ivy-Fleshlight.jpg?fit=800%2C800&ssl=1&resize=700%2C400 2x"},"classes":[]}],"_links":{"self":[{"href":"https:\/\/sayoh.com\/dk\/wp-json\/wp\/v2\/product\/1719","targetHints":{"allow":["GET"]}}],"collection":[{"href":"https:\/\/sayoh.com\/dk\/wp-json\/wp\/v2\/product"}],"about":[{"href":"https:\/\/sayoh.com\/dk\/wp-json\/wp\/v2\/types\/product"}],"replies":[{"embeddable":true,"href":"https:\/\/sayoh.com\/dk\/wp-json\/wp\/v2\/comments?post=1719"}],"version-history":[{"count":0,"href":"https:\/\/sayoh.com\/dk\/wp-json\/wp\/v2\/product\/1719\/revisions"}],"wp:featuredmedia":[{"embeddable":true,"href":"https:\/\/sayoh.com\/dk\/wp-json\/wp\/v2\/media\/1720"}],"wp:attachment":[{"href":"https:\/\/sayoh.com\/dk\/wp-json\/wp\/v2\/media?parent=1719"}],"wp:term":[{"taxonomy":"product_brand","embeddable":true,"href":"https:\/\/sayoh.com\/dk\/wp-json\/wp\/v2\/product_brand?post=1719"},{"taxonomy":"product_cat","embeddable":true,"href":"https:\/\/sayoh.com\/dk\/wp-json\/wp\/v2\/product_cat?post=1719"},{"taxonomy":"product_tag","embeddable":true,"href":"https:\/\/sayoh.com\/dk\/wp-json\/wp\/v2\/product_tag?post=1719"}],"curies":[{"name":"wp","href":"https:\/\/api.w.org\/{rel}","templated":true}]}}