{"id":1771,"date":"2026-02-04T23:40:01","date_gmt":"2026-02-04T22:40:01","guid":{"rendered":"https:\/\/sayoh.com\/?post_type=product&#038;p=1771"},"modified":"2026-02-13T00:34:06","modified_gmt":"2026-02-12T23:34:06","slug":"emily-willis-fleshlight","status":"publish","type":"product","link":"https:\/\/sayoh.com\/dk\/vare\/emily-willis-fleshlight\/","title":{"rendered":"FLESHLIGHT GIRLS\u00ae - EMILY WILLIS SPR\u00d8JTER VAGINA"},"content":{"rendered":"<p data-start=\"354\" data-end=\"774\">Er du klar til at opleve et nyt niveau af intensitet og realisme? Den <strong data-start=\"424\" data-end=\"474\">FLESHLIGHT GIRLS\u00ae - Emily Willis Squirt Vagina<\/strong> inviterer dig til at tr\u00e6de ind i en fantasi inspireret af en af de mest sp\u00e6ndende stjerner i branchen. Denne Fleshlight er designet ved hj\u00e6lp af autentiske forme og f\u00f8rsteklasses materialer og leverer en fordybende oplevelse, der f\u00f8les utrolig t\u00e6t p\u00e5 den \u00e6gte vare, inspireret af <strong data-start=\"732\" data-end=\"773\"><span class=\"hover:entity-accent entity-underline inline cursor-pointer align-baseline\"><span class=\"whitespace-normal\">Emily Willis<\/span><\/span><\/strong>.<\/p>\n<p data-start=\"776\" data-end=\"1145\">Fra det \u00f8jeblik, du holder den, vil du bem\u00e6rke dens <strong data-start=\"823\" data-end=\"865\">enest\u00e5ende bl\u00f8dhed og naturtro fornemmelse<\/strong>. Sleevet er fremstillet af kropssikkert materiale af h\u00f8j kvalitet, der n\u00f8je efterligner \u00e6gte hud og giver en naturlig fornemmelse, der tilpasser sig komfortabelt til din krop. Den fleksible, men st\u00f8ttende struktur skaber en realistisk oplevelse, der f\u00f8les glat, engagerende og dybt tilfredsstillende.<\/p>\n<p data-start=\"1147\" data-end=\"1416\">En af de mest fremtr\u00e6dende egenskaber ved denne model er dens <strong data-start=\"1197\" data-end=\"1230\">eksklusivt og diskret design<\/strong>. N\u00e5r den er lukket, ser den helt uskyldig ud, hvilket g\u00f8r den nem at opbevare privat. Ingen vil nogensinde f\u00e5 mistanke om, at der gemmer sig et f\u00f8rsteklasses nydelsesmiddel, der er designet til intens personlig nydelse.<\/p>\n<p data-start=\"1418\" data-end=\"1804\">Den interne <strong data-start=\"1431\" data-end=\"1449\">Spr\u00f8jtestruktur<\/strong> er omhyggeligt konstrueret til at give en dynamisk og stimulerende rejse. Indgangen er designet til at f\u00f8les indbydende og realistisk, mens den indre struktur giver progressive fornemmelser, der opbygges naturligt, n\u00e5r du g\u00e5r dybere. Subtile indre detaljer \u00f8ger f\u00f8lsomheden og engagementet og skaber en oplevelse, der f\u00f8les sp\u00e6ndende uden at v\u00e6re overv\u00e6ldende.<\/p>\n<p data-start=\"1806\" data-end=\"2115\">N\u00e5r du n\u00e5r den sidste del af sleevet, \u00f8ger specialdesignede kamre stimuleringen, hvor f\u00f8lsomheden er st\u00f8rst, hvilket giver en kraftfuld og mindev\u00e6rdig afslutning. Squirt-teksturen handler om energi, intensitet og sp\u00e6nding - perfekt til dem, der nyder en mere udtryksfuld og eventyrlig fornemmelse.<\/p>\n<p data-start=\"2117\" data-end=\"2347\">Fleshlight\u00ae-produkter er <strong data-start=\"2142\" data-end=\"2155\">100% sikker<\/strong>, nem at bruge og nem at reng\u00f8re. Ved regelm\u00e6ssig brug rapporterer mange brugere om \u00f8get kontrol og bevidsthed, hvilket g\u00f8r dette produkt ikke kun behageligt, men ogs\u00e5 til en del af en selvsikker personlig rutine.<\/p>\n<h3 data-start=\"2349\" data-end=\"2361\">Inkluderer<\/h3>\n<ul data-start=\"2362\" data-end=\"2603\">\n<li data-start=\"2362\" data-end=\"2392\">\n<p data-start=\"2364\" data-end=\"2392\">Emily Willis spr\u00f8jte\u00e6rme<\/p>\n<\/li>\n<li data-start=\"2393\" data-end=\"2442\">\n<p data-start=\"2395\" data-end=\"2442\">Vagina med eksklusiv indvendig Squirt-struktur<\/p>\n<\/li>\n<li data-start=\"2443\" data-end=\"2498\">\n<p data-start=\"2445\" data-end=\"2498\">Materiale: silikone af medicinsk kvalitet, fast, men fleksibel<\/p>\n<\/li>\n<li data-start=\"2499\" data-end=\"2529\">\n<p data-start=\"2501\" data-end=\"2529\">Realistisk hudfarve-finish<\/p>\n<\/li>\n<li data-start=\"2530\" data-end=\"2563\">\n<p data-start=\"2532\" data-end=\"2563\">Behagelig pasform til alle st\u00f8rrelser<\/p>\n<\/li>\n<li data-start=\"2564\" data-end=\"2603\">\n<p data-start=\"2566\" data-end=\"2603\">Beskyttelsesh\u00e6tte til hygiejnisk opbevaring<\/p>\n<\/li>\n<\/ul>\n<p data-start=\"2605\" data-end=\"2871\">Fleshlight\u00ae er en <strong data-start=\"2622\" data-end=\"2664\">verdens f\u00f8rende inden for produkter til mandlig nydelse<\/strong>, Fleshlight\u00ae er kendt for pr\u00e6cisionsst\u00f8bning, f\u00f8rsteklasses materialer og uovertruffen realisme. Fleshlight\u00ae er designet til m\u00e6nd, der kr\u00e6ver kvalitet, diskretion og uforglemmelige fornemmelser, og forts\u00e6tter med at s\u00e6tte standarden p\u00e5 verdensplan.<\/p>","protected":false},"excerpt":{"rendered":"<p data-start=\"354\" data-end=\"774\">Er du klar til at opleve et nyt niveau af intensitet og realisme? Den <strong data-start=\"424\" data-end=\"474\">FLESHLIGHT GIRLS\u00ae - Emily Willis Squirt Vagina<\/strong> inviterer dig til at tr\u00e6de ind i en fantasi inspireret af en af de mest sp\u00e6ndende stjerner i branchen. Denne Fleshlight er designet ved hj\u00e6lp af autentiske forme og f\u00f8rsteklasses materialer og leverer en fordybende oplevelse, der f\u00f8les utrolig t\u00e6t p\u00e5 den \u00e6gte vare, inspireret af <strong data-start=\"732\" data-end=\"773\"><span class=\"hover:entity-accent entity-underline inline cursor-pointer align-baseline\"><span class=\"whitespace-normal\">Emily Willis<\/span><\/span><\/strong>.<\/p>","protected":false},"featured_media":1772,"comment_status":"open","ping_status":"closed","template":"","meta":{"_crdt_document":"","_monsterinsights_skip_tracking":false,"_monsterinsights_sitenote_active":false,"_monsterinsights_sitenote_note":"","_monsterinsights_sitenote_category":0,"jetpack_publicize_message":"","jetpack_publicize_feature_enabled":true,"jetpack_social_post_already_shared":true,"jetpack_social_options":{"image_generator_settings":{"template":"highway","default_image_id":0,"font":"","enabled":false},"version":2},"_wpas_customize_per_network":false},"product_brand":[1465,1466],"product_cat":[1464,1463,1471,1577],"product_tag":[1468,1467],"class_list":{"0":"post-1771","1":"product","2":"type-product","3":"status-publish","4":"has-post-thumbnail","6":"product_brand-fleshlight","7":"product_brand-fleshlight-girls","8":"product_cat-masturbator","9":"product_cat-men","10":"product_cat-vagina","11":"product_cat-vaginas-porn-stars","12":"product_tag-fleshlight","13":"product_tag-masturbator","15":"first","16":"instock","17":"taxable","18":"shipping-taxable","19":"purchasable","20":"product-type-simple"},"yoast_head":"<!-- This site is optimized with the Yoast SEO Premium plugin v27.1 (Yoast SEO v27.6) - https:\/\/yoast.com\/product\/yoast-seo-premium-wordpress\/ -->\n<title>FLESHLIGHT GIRLS\u00ae \u2013 EMILY WILLIS SQUIRT VAGINA - SayOh<\/title>\n<meta name=\"description\" content=\"Shop the Fleshlight Girls\u00ae Emily Willis Squirt Vagina \u2013 a premium, body-safe pleasure sleeve with exclusive Squirt texture and discreet design.\" \/>\n<meta name=\"robots\" content=\"index, follow, max-snippet:-1, max-image-preview:large, max-video-preview:-1\" \/>\n<link rel=\"canonical\" href=\"https:\/\/sayoh.com\/dk\/vare\/emily-willis-fleshlight\/\" \/>\n<meta property=\"og:locale\" content=\"da_DK\" \/>\n<meta property=\"og:type\" content=\"article\" \/>\n<meta property=\"og:title\" content=\"FLESHLIGHT GIRLS\u00ae \u2013 EMILY WILLIS SQUIRT VAGINA\" \/>\n<meta property=\"og:description\" content=\"Shop the Fleshlight Girls\u00ae Emily Willis Squirt Vagina \u2013 a premium, body-safe pleasure sleeve with exclusive Squirt texture and discreet design.\" \/>\n<meta property=\"og:url\" content=\"https:\/\/sayoh.com\/dk\/vare\/emily-willis-fleshlight\/\" \/>\n<meta property=\"og:site_name\" content=\"SayOh\" \/>\n<meta property=\"article:modified_time\" content=\"2026-02-12T23:34:06+00:00\" \/>\n<meta property=\"og:image\" content=\"https:\/\/sayoh.com\/wp-content\/uploads\/2026\/02\/Emily-Willis-Fleshlight.jpeg\" \/>\n\t<meta property=\"og:image:width\" content=\"900\" \/>\n\t<meta property=\"og:image:height\" content=\"900\" \/>\n\t<meta property=\"og:image:type\" content=\"image\/jpeg\" \/>\n<meta name=\"twitter:card\" content=\"summary_large_image\" \/>\n<meta name=\"twitter:label1\" content=\"Estimeret l\u00e6setid\" \/>\n\t<meta name=\"twitter:data1\" content=\"2 minutter\" \/>\n<script type=\"application\/ld+json\" class=\"yoast-schema-graph\">{\"@context\":\"https:\\\/\\\/schema.org\",\"@graph\":[{\"@type\":\"WebPage\",\"@id\":\"https:\\\/\\\/sayoh.com\\\/product\\\/emily-willis-fleshlight\\\/\",\"url\":\"https:\\\/\\\/sayoh.com\\\/product\\\/emily-willis-fleshlight\\\/\",\"name\":\"FLESHLIGHT GIRLS\u00ae \u2013 EMILY WILLIS SQUIRT VAGINA - SayOh\",\"isPartOf\":{\"@id\":\"https:\\\/\\\/sayoh.com\\\/#website\"},\"primaryImageOfPage\":{\"@id\":\"https:\\\/\\\/sayoh.com\\\/product\\\/emily-willis-fleshlight\\\/#primaryimage\"},\"image\":{\"@id\":\"https:\\\/\\\/sayoh.com\\\/product\\\/emily-willis-fleshlight\\\/#primaryimage\"},\"thumbnailUrl\":\"https:\\\/\\\/i0.wp.com\\\/sayoh.com\\\/wp-content\\\/uploads\\\/2026\\\/02\\\/Emily-Willis-Fleshlight.jpeg?fit=900%2C900&ssl=1\",\"datePublished\":\"2026-02-04T22:40:01+00:00\",\"dateModified\":\"2026-02-12T23:34:06+00:00\",\"description\":\"Shop the Fleshlight Girls\u00ae Emily Willis Squirt Vagina \u2013 a premium, body-safe pleasure sleeve with exclusive Squirt texture and discreet design.\",\"breadcrumb\":{\"@id\":\"https:\\\/\\\/sayoh.com\\\/product\\\/emily-willis-fleshlight\\\/#breadcrumb\"},\"inLanguage\":\"da-DK\",\"potentialAction\":[{\"@type\":\"ReadAction\",\"target\":[\"https:\\\/\\\/sayoh.com\\\/product\\\/emily-willis-fleshlight\\\/\"]}]},{\"@type\":\"ImageObject\",\"inLanguage\":\"da-DK\",\"@id\":\"https:\\\/\\\/sayoh.com\\\/product\\\/emily-willis-fleshlight\\\/#primaryimage\",\"url\":\"https:\\\/\\\/i0.wp.com\\\/sayoh.com\\\/wp-content\\\/uploads\\\/2026\\\/02\\\/Emily-Willis-Fleshlight.jpeg?fit=900%2C900&ssl=1\",\"contentUrl\":\"https:\\\/\\\/i0.wp.com\\\/sayoh.com\\\/wp-content\\\/uploads\\\/2026\\\/02\\\/Emily-Willis-Fleshlight.jpeg?fit=900%2C900&ssl=1\",\"width\":900,\"height\":900,\"caption\":\"Emily Willis Fleshlight\"},{\"@type\":\"BreadcrumbList\",\"@id\":\"https:\\\/\\\/sayoh.com\\\/product\\\/emily-willis-fleshlight\\\/#breadcrumb\",\"itemListElement\":[{\"@type\":\"ListItem\",\"position\":1,\"name\":\"Home\",\"item\":\"https:\\\/\\\/sayoh.com\\\/\"},{\"@type\":\"ListItem\",\"position\":2,\"name\":\"Shop\",\"item\":\"https:\\\/\\\/sayoh.com\\\/shop\\\/\"},{\"@type\":\"ListItem\",\"position\":3,\"name\":\"FLESHLIGHT GIRLS\u00ae \u2013 EMILY WILLIS SQUIRT VAGINA\"}]},{\"@type\":\"WebSite\",\"@id\":\"https:\\\/\\\/sayoh.com\\\/#website\",\"url\":\"https:\\\/\\\/sayoh.com\\\/\",\"name\":\"Say Oh\",\"description\":\"Playful, fun and safe sex\",\"publisher\":{\"@id\":\"https:\\\/\\\/sayoh.com\\\/#organization\"},\"potentialAction\":[{\"@type\":\"SearchAction\",\"target\":{\"@type\":\"EntryPoint\",\"urlTemplate\":\"https:\\\/\\\/sayoh.com\\\/?s={search_term_string}\"},\"query-input\":{\"@type\":\"PropertyValueSpecification\",\"valueRequired\":true,\"valueName\":\"search_term_string\"}}],\"inLanguage\":\"da-DK\"},{\"@type\":\"Organization\",\"@id\":\"https:\\\/\\\/sayoh.com\\\/#organization\",\"name\":\"Say Oh\",\"url\":\"https:\\\/\\\/sayoh.com\\\/\",\"logo\":{\"@type\":\"ImageObject\",\"inLanguage\":\"da-DK\",\"@id\":\"https:\\\/\\\/sayoh.com\\\/#\\\/schema\\\/logo\\\/image\\\/\",\"url\":\"https:\\\/\\\/i0.wp.com\\\/sayoh.com\\\/wp-content\\\/uploads\\\/2023\\\/11\\\/cropped-image_123650291.jpg?fit=512%2C512&ssl=1\",\"contentUrl\":\"https:\\\/\\\/i0.wp.com\\\/sayoh.com\\\/wp-content\\\/uploads\\\/2023\\\/11\\\/cropped-image_123650291.jpg?fit=512%2C512&ssl=1\",\"width\":512,\"height\":512,\"caption\":\"Say Oh\"},\"image\":{\"@id\":\"https:\\\/\\\/sayoh.com\\\/#\\\/schema\\\/logo\\\/image\\\/\"}}]}<\/script>\n<!-- \/ Yoast SEO Premium plugin. -->","yoast_head_json":{"title":"FLESHLIGHT GIRLS\u00ae - EMILY WILLIS SQUIRT VAGINA - SayOh","description":"K\u00f8b Fleshlight Girls\u00ae Emily Willis Squirt Vagina - et f\u00f8rsteklasses, kropssikkert nydelseshylster med eksklusiv Squirt-struktur og diskret design.","robots":{"index":"index","follow":"follow","max-snippet":"max-snippet:-1","max-image-preview":"max-image-preview:large","max-video-preview":"max-video-preview:-1"},"canonical":"https:\/\/sayoh.com\/dk\/vare\/emily-willis-fleshlight\/","og_locale":"da_DK","og_type":"article","og_title":"FLESHLIGHT GIRLS\u00ae \u2013 EMILY WILLIS SQUIRT VAGINA","og_description":"Shop the Fleshlight Girls\u00ae Emily Willis Squirt Vagina \u2013 a premium, body-safe pleasure sleeve with exclusive Squirt texture and discreet design.","og_url":"https:\/\/sayoh.com\/dk\/vare\/emily-willis-fleshlight\/","og_site_name":"SayOh","article_modified_time":"2026-02-12T23:34:06+00:00","og_image":[{"width":900,"height":900,"url":"https:\/\/sayoh.com\/wp-content\/uploads\/2026\/02\/Emily-Willis-Fleshlight.jpeg","type":"image\/jpeg"}],"twitter_card":"summary_large_image","twitter_misc":{"Estimeret l\u00e6setid":"2 minutter"},"schema":{"@context":"https:\/\/schema.org","@graph":[{"@type":"WebPage","@id":"https:\/\/sayoh.com\/product\/emily-willis-fleshlight\/","url":"https:\/\/sayoh.com\/product\/emily-willis-fleshlight\/","name":"FLESHLIGHT GIRLS\u00ae - EMILY WILLIS SQUIRT VAGINA - SayOh","isPartOf":{"@id":"https:\/\/sayoh.com\/#website"},"primaryImageOfPage":{"@id":"https:\/\/sayoh.com\/product\/emily-willis-fleshlight\/#primaryimage"},"image":{"@id":"https:\/\/sayoh.com\/product\/emily-willis-fleshlight\/#primaryimage"},"thumbnailUrl":"https:\/\/i0.wp.com\/sayoh.com\/wp-content\/uploads\/2026\/02\/Emily-Willis-Fleshlight.jpeg?fit=900%2C900&ssl=1","datePublished":"2026-02-04T22:40:01+00:00","dateModified":"2026-02-12T23:34:06+00:00","description":"K\u00f8b Fleshlight Girls\u00ae Emily Willis Squirt Vagina - et f\u00f8rsteklasses, kropssikkert nydelseshylster med eksklusiv Squirt-struktur og diskret design.","breadcrumb":{"@id":"https:\/\/sayoh.com\/product\/emily-willis-fleshlight\/#breadcrumb"},"inLanguage":"da-DK","potentialAction":[{"@type":"ReadAction","target":["https:\/\/sayoh.com\/product\/emily-willis-fleshlight\/"]}]},{"@type":"ImageObject","inLanguage":"da-DK","@id":"https:\/\/sayoh.com\/product\/emily-willis-fleshlight\/#primaryimage","url":"https:\/\/i0.wp.com\/sayoh.com\/wp-content\/uploads\/2026\/02\/Emily-Willis-Fleshlight.jpeg?fit=900%2C900&ssl=1","contentUrl":"https:\/\/i0.wp.com\/sayoh.com\/wp-content\/uploads\/2026\/02\/Emily-Willis-Fleshlight.jpeg?fit=900%2C900&ssl=1","width":900,"height":900,"caption":"Emily Willis Fleshlight"},{"@type":"BreadcrumbList","@id":"https:\/\/sayoh.com\/product\/emily-willis-fleshlight\/#breadcrumb","itemListElement":[{"@type":"ListItem","position":1,"name":"Home","item":"https:\/\/sayoh.com\/"},{"@type":"ListItem","position":2,"name":"Shop","item":"https:\/\/sayoh.com\/shop\/"},{"@type":"ListItem","position":3,"name":"FLESHLIGHT GIRLS\u00ae \u2013 EMILY WILLIS SQUIRT VAGINA"}]},{"@type":"WebSite","@id":"https:\/\/sayoh.com\/#website","url":"https:\/\/sayoh.com\/","name":"Sig \u00e5h","description":"Legende, sjov og sikker sex","publisher":{"@id":"https:\/\/sayoh.com\/#organization"},"potentialAction":[{"@type":"SearchAction","target":{"@type":"EntryPoint","urlTemplate":"https:\/\/sayoh.com\/?s={search_term_string}"},"query-input":{"@type":"PropertyValueSpecification","valueRequired":true,"valueName":"search_term_string"}}],"inLanguage":"da-DK"},{"@type":"Organization","@id":"https:\/\/sayoh.com\/#organization","name":"Sig \u00e5h","url":"https:\/\/sayoh.com\/","logo":{"@type":"ImageObject","inLanguage":"da-DK","@id":"https:\/\/sayoh.com\/#\/schema\/logo\/image\/","url":"https:\/\/i0.wp.com\/sayoh.com\/wp-content\/uploads\/2023\/11\/cropped-image_123650291.jpg?fit=512%2C512&ssl=1","contentUrl":"https:\/\/i0.wp.com\/sayoh.com\/wp-content\/uploads\/2023\/11\/cropped-image_123650291.jpg?fit=512%2C512&ssl=1","width":512,"height":512,"caption":"Say Oh"},"image":{"@id":"https:\/\/sayoh.com\/#\/schema\/logo\/image\/"}}]}},"jetpack_publicize_connections":[],"jetpack_likes_enabled":true,"jetpack_sharing_enabled":true,"jetpack-related-posts":[{"id":1794,"url":"https:\/\/sayoh.com\/dk\/vare\/fleshlight-piger-adriana-chechik-vagina\/","url_meta":{"origin":1771,"position":0},"title":"FLESHLIGHT GIRLS\u00ae - ADRIANA CHECHIK VAGINA","author":"Admin","date":"februar 4, 2026","format":false,"excerpt":"Are you ready to explore an experience designed for intensity, realism, and unforgettable sensation? The FLESHLIGHT GIRLS\u00ae \u2013 Adriana Chechik Vagina invites you to step into a fantasy inspired by one of the most daring and energetic stars in the world. Crafted using authentic molds and Fleshlight\u2019s premium materials, this\u2026","rel":"","context":"Similar post","block_context":{"text":"Similar post","link":""},"img":{"alt_text":"ADRIANA CHECHIK Fleshlight","src":"https:\/\/i0.wp.com\/sayoh.com\/wp-content\/uploads\/2026\/02\/ADRIANA-CHECHIK-Fleshlight.jpeg?fit=800%2C800&ssl=1&resize=350%2C200","width":350,"height":200,"srcset":"https:\/\/i0.wp.com\/sayoh.com\/wp-content\/uploads\/2026\/02\/ADRIANA-CHECHIK-Fleshlight.jpeg?fit=800%2C800&ssl=1&resize=350%2C200 1x, https:\/\/i0.wp.com\/sayoh.com\/wp-content\/uploads\/2026\/02\/ADRIANA-CHECHIK-Fleshlight.jpeg?fit=800%2C800&ssl=1&resize=525%2C300 1.5x, https:\/\/i0.wp.com\/sayoh.com\/wp-content\/uploads\/2026\/02\/ADRIANA-CHECHIK-Fleshlight.jpeg?fit=800%2C800&ssl=1&resize=700%2C400 2x"},"classes":[]},{"id":1797,"url":"https:\/\/sayoh.com\/dk\/vare\/dillon-harper-fleshlight\/","url_meta":{"origin":1771,"position":1},"title":"FLESHLIGHT GIRLS\u00ae - DILLION HARPER CRUSH VAGINA","author":"Admin","date":"februar 5, 2026","format":false,"excerpt":"Are you ready to give in to a fantasy that feels irresistibly real? The FLESHLIGHT GIRLS\u00ae \u2013 Dillion Harper Crush Vagina invites you to experience premium realism inspired by one of the most alluring stars in the world. Designed using authentic molds and crafted with Fleshlight\u2019s renowned precision, this pleasure\u2026","rel":"","context":"Similar post","block_context":{"text":"Similar post","link":""},"img":{"alt_text":"Dillon Harper Fleshlight","src":"https:\/\/i0.wp.com\/sayoh.com\/wp-content\/uploads\/2026\/02\/Dillon-Harper-Fleshlight.jpg?fit=900%2C900&ssl=1&resize=350%2C200","width":350,"height":200,"srcset":"https:\/\/i0.wp.com\/sayoh.com\/wp-content\/uploads\/2026\/02\/Dillon-Harper-Fleshlight.jpg?fit=900%2C900&ssl=1&resize=350%2C200 1x, https:\/\/i0.wp.com\/sayoh.com\/wp-content\/uploads\/2026\/02\/Dillon-Harper-Fleshlight.jpg?fit=900%2C900&ssl=1&resize=525%2C300 1.5x, https:\/\/i0.wp.com\/sayoh.com\/wp-content\/uploads\/2026\/02\/Dillon-Harper-Fleshlight.jpg?fit=900%2C900&ssl=1&resize=700%2C400 2x"},"classes":[]},{"id":1812,"url":"https:\/\/sayoh.com\/dk\/vare\/fleshlight-blake-blossom-bombshell-vagina\/","url_meta":{"origin":1771,"position":2},"title":"FLESHLIGHT\u00ae - BLAKE BLOSSOM BOMBSHELL VAGINA","author":"Admin","date":"februar 5, 2026","format":false,"excerpt":"Get ready to experience pure allure and explosive realism with the FLESHLIGHT\u00ae \u2013 Blake Blossom Bombshell Vagina. Designed to ignite fantasy and deliver unforgettable sensation, this premium pleasure sleeve is inspired by the irresistible charm of Blake Blossom. Crafted using authentic molds and Fleshlight\u2019s renowned precision, it offers a lifelike\u2026","rel":"","context":"Similar post","block_context":{"text":"Similar post","link":""},"img":{"alt_text":"Blake Blossom Fleshlight","src":"https:\/\/i0.wp.com\/sayoh.com\/wp-content\/uploads\/2026\/02\/Blake-Blossom-Fleshlight.jpg?fit=800%2C800&ssl=1&resize=350%2C200","width":350,"height":200,"srcset":"https:\/\/i0.wp.com\/sayoh.com\/wp-content\/uploads\/2026\/02\/Blake-Blossom-Fleshlight.jpg?fit=800%2C800&ssl=1&resize=350%2C200 1x, https:\/\/i0.wp.com\/sayoh.com\/wp-content\/uploads\/2026\/02\/Blake-Blossom-Fleshlight.jpg?fit=800%2C800&ssl=1&resize=525%2C300 1.5x, https:\/\/i0.wp.com\/sayoh.com\/wp-content\/uploads\/2026\/02\/Blake-Blossom-Fleshlight.jpg?fit=800%2C800&ssl=1&resize=700%2C400 2x"},"classes":[]},{"id":1767,"url":"https:\/\/sayoh.com\/dk\/vare\/fleshlight-piger-alexis-texas-outlaw-vagina\/","url_meta":{"origin":1771,"position":3},"title":"FLESHLIGHT GIRLS\u00ae - ALEXIS TEXAS OUTLAW VAGINA","author":"Admin","date":"februar 4, 2026","format":false,"excerpt":"Do you want to feel closer than ever to the world\u2019s most iconic stars? With the FLESHLIGHT GIRLS\u00ae \u2013 Alexis Texas Outlaw Vagina, fantasy and realism come together to create an unforgettable experience. Designed using authentic molds and premium materials, this Fleshlight invites you to explore every curve, contour, and\u2026","rel":"","context":"Similar post","block_context":{"text":"Similar post","link":""},"img":{"alt_text":"Alexis Texas Fleshlight","src":"https:\/\/i0.wp.com\/sayoh.com\/wp-content\/uploads\/2026\/02\/Alexis-Texas-Fleshlight.jpg?fit=790%2C789&ssl=1&resize=350%2C200","width":350,"height":200,"srcset":"https:\/\/i0.wp.com\/sayoh.com\/wp-content\/uploads\/2026\/02\/Alexis-Texas-Fleshlight.jpg?fit=790%2C789&ssl=1&resize=350%2C200 1x, https:\/\/i0.wp.com\/sayoh.com\/wp-content\/uploads\/2026\/02\/Alexis-Texas-Fleshlight.jpg?fit=790%2C789&ssl=1&resize=525%2C300 1.5x, https:\/\/i0.wp.com\/sayoh.com\/wp-content\/uploads\/2026\/02\/Alexis-Texas-Fleshlight.jpg?fit=790%2C789&ssl=1&resize=700%2C400 2x"},"classes":[]},{"id":1662,"url":"https:\/\/sayoh.com\/dk\/vare\/lana-rhoades-fleshlight-piger-skaebne-vagina\/","url_meta":{"origin":1771,"position":4},"title":"LANA RHOADES FLESHLIGHT GIRLS\u00ae - Destiny Vagina","author":"Admin","date":"februar 4, 2026","format":false,"excerpt":"Experience premium realism and refined pleasure with the FLESHLIGHT GIRLS\u00ae \u2013 Lana Rhoades Destiny Vagina, a high-quality male pleasure sleeve designed to deliver an authentic, immersive sensation. Inspired by Lana Rhoades and crafted with Fleshlight\u2019s signature attention to detail, the Destiny texture offers a balanced experience that blends stimulation, comfort,\u2026","rel":"","context":"Similar post","block_context":{"text":"Similar post","link":""},"img":{"alt_text":"Fleshlight Lana Rhoades","src":"https:\/\/i0.wp.com\/sayoh.com\/wp-content\/uploads\/2026\/02\/Fleshlight-Lana-Rhoades.jpg?fit=800%2C800&ssl=1&resize=350%2C200","width":350,"height":200,"srcset":"https:\/\/i0.wp.com\/sayoh.com\/wp-content\/uploads\/2026\/02\/Fleshlight-Lana-Rhoades.jpg?fit=800%2C800&ssl=1&resize=350%2C200 1x, https:\/\/i0.wp.com\/sayoh.com\/wp-content\/uploads\/2026\/02\/Fleshlight-Lana-Rhoades.jpg?fit=800%2C800&ssl=1&resize=525%2C300 1.5x, https:\/\/i0.wp.com\/sayoh.com\/wp-content\/uploads\/2026\/02\/Fleshlight-Lana-Rhoades.jpg?fit=800%2C800&ssl=1&resize=700%2C400 2x"},"classes":[]},{"id":1747,"url":"https:\/\/sayoh.com\/dk\/vare\/fleshlight-piger-engel-unge-sodme-vagina\/","url_meta":{"origin":1771,"position":5},"title":"FLESHLIGHT GIRLS\u00ae - ANGEL YOUNGS Sweetness Vagina","author":"Admin","date":"februar 4, 2026","format":false,"excerpt":"Oplev glat, overb\u00e6rende realisme med FLESHLIGHT GIRLS\u00ae - Angel Youngs Sweetness Vagina, et premium mandligt forn\u00f8jelseshylster designet til at levere bl\u00f8d, naturlig fornemmelse med en raffineret, virkelighedstro f\u00f8lelse. Inspireret af Angel Youngs og udformet med Fleshlights branchef\u00f8rende ekspertise fokuserer Sweetness-teksturen p\u00e5 komfort, flydende bev\u00e6gelse og fordybende realisme.","rel":"","context":"Similar post","block_context":{"text":"Similar post","link":""},"img":{"alt_text":"Angel Youngs Fleshlight","src":"https:\/\/i0.wp.com\/sayoh.com\/wp-content\/uploads\/2026\/02\/Angel-Youngs.jpg?fit=900%2C900&ssl=1&resize=350%2C200","width":350,"height":200,"srcset":"https:\/\/i0.wp.com\/sayoh.com\/wp-content\/uploads\/2026\/02\/Angel-Youngs.jpg?fit=900%2C900&ssl=1&resize=350%2C200 1x, https:\/\/i0.wp.com\/sayoh.com\/wp-content\/uploads\/2026\/02\/Angel-Youngs.jpg?fit=900%2C900&ssl=1&resize=525%2C300 1.5x, https:\/\/i0.wp.com\/sayoh.com\/wp-content\/uploads\/2026\/02\/Angel-Youngs.jpg?fit=900%2C900&ssl=1&resize=700%2C400 2x"},"classes":[]}],"_links":{"self":[{"href":"https:\/\/sayoh.com\/dk\/wp-json\/wp\/v2\/product\/1771","targetHints":{"allow":["GET"]}}],"collection":[{"href":"https:\/\/sayoh.com\/dk\/wp-json\/wp\/v2\/product"}],"about":[{"href":"https:\/\/sayoh.com\/dk\/wp-json\/wp\/v2\/types\/product"}],"replies":[{"embeddable":true,"href":"https:\/\/sayoh.com\/dk\/wp-json\/wp\/v2\/comments?post=1771"}],"version-history":[{"count":0,"href":"https:\/\/sayoh.com\/dk\/wp-json\/wp\/v2\/product\/1771\/revisions"}],"wp:featuredmedia":[{"embeddable":true,"href":"https:\/\/sayoh.com\/dk\/wp-json\/wp\/v2\/media\/1772"}],"wp:attachment":[{"href":"https:\/\/sayoh.com\/dk\/wp-json\/wp\/v2\/media?parent=1771"}],"wp:term":[{"taxonomy":"product_brand","embeddable":true,"href":"https:\/\/sayoh.com\/dk\/wp-json\/wp\/v2\/product_brand?post=1771"},{"taxonomy":"product_cat","embeddable":true,"href":"https:\/\/sayoh.com\/dk\/wp-json\/wp\/v2\/product_cat?post=1771"},{"taxonomy":"product_tag","embeddable":true,"href":"https:\/\/sayoh.com\/dk\/wp-json\/wp\/v2\/product_tag?post=1771"}],"curies":[{"name":"wp","href":"https:\/\/api.w.org\/{rel}","templated":true}]}}