{"id":1794,"date":"2026-02-04T23:46:53","date_gmt":"2026-02-04T22:46:53","guid":{"rendered":"https:\/\/sayoh.com\/?post_type=product&#038;p=1794"},"modified":"2026-02-13T00:33:40","modified_gmt":"2026-02-12T23:33:40","slug":"fleshlight-piger-adriana-chechik-vagina","status":"publish","type":"product","link":"https:\/\/sayoh.com\/dk\/vare\/fleshlight-piger-adriana-chechik-vagina\/","title":{"rendered":"FLESHLIGHT GIRLS\u00ae - ADRIANA CHECHIK VAGINA"},"content":{"rendered":"<p data-start=\"286\" data-end=\"726\">Er du klar til at udforske en oplevelse, der er designet til intensitet, realisme og en uforglemmelig f\u00f8lelse? Den <strong data-start=\"391\" data-end=\"437\">FLESHLIGHT GIRLS\u00ae - Adriana Chechik Vagina<\/strong> inviterer dig til at tr\u00e6de ind i en fantasi inspireret af en af de mest dristige og energiske stjerner i verden. Dette pleasure sleeve er fremstillet af autentiske forme og Fleshlights f\u00f8rsteklasses materialer og giver en kraftfuld, men naturlig oplevelse inspireret af <strong data-start=\"684\" data-end=\"725\"><span class=\"hover:entity-accent entity-underline inline cursor-pointer align-baseline\"><span class=\"whitespace-normal\">Adriana Chechik<\/span><\/span><\/strong>.<\/p>\n<p data-start=\"728\" data-end=\"1092\">Fra det \u00f8jeblik du r\u00f8rer ved den, vil du m\u00e6rke dens <strong data-start=\"774\" data-end=\"819\">enest\u00e5ende bl\u00f8dhed og naturtro kvalitet<\/strong>. Sleevet er fremstillet af kropssikkert materiale af h\u00f8j kvalitet og efterligner \u00e6gte hud, hvilket giver en glat og realistisk fornemmelse, der tilpasser sig din krop. Den fleksible, men st\u00f8ttende struktur sikrer en sikker pasform, samtidig med at den giver en fordybende og tilfredsstillende fornemmelse.<\/p>\n<p data-start=\"1094\" data-end=\"1356\">Det udvendige design er <strong data-start=\"1117\" data-end=\"1150\">Diskret og smart udformet<\/strong>. N\u00e5r den er lukket, ser den helt neutral ud og giver mulighed for privat opbevaring og fuldst\u00e6ndig diskretion. Ingen vil nogensinde forestille sig, at den skjuler et f\u00f8rsteklasses nydelsesmiddel, der er bygget til intens personlig nydelse.<\/p>\n<p data-start=\"1358\" data-end=\"1746\">Indvendigt er den interne struktur konstrueret til at levere <strong data-start=\"1414\" data-end=\"1449\">engagerende, realistisk stimulering<\/strong> fra start til slut. Indgangen f\u00f8les naturlig og indbydende, mens det indvendige design skaber en ensartet fornemmelse, der gradvist bygges op, efterh\u00e5nden som du kommer dybere ned. Omhyggeligt udformede indvendige detaljer forbedrer reaktionsevnen og f\u00f8lsomheden og giver en dynamisk oplevelse, der forbliver glat og kontrolleret.<\/p>\n<p data-start=\"1748\" data-end=\"2044\">Mod slutningen af sleevet \u00f8ger specialdesignede kamre stimuleringen, hvor f\u00f8lsomheden er st\u00f8rst, hvilket giver en dybt tilfredsstillende og mindev\u00e6rdig finish. Denne model er designet til dem, der nyder selvsikre, udtryksfulde fornemmelser kombineret med Fleshlights karakteristiske realisme og komfort.<\/p>\n<p data-start=\"2046\" data-end=\"2289\">Fleshlight\u00ae-produkter er <strong data-start=\"2071\" data-end=\"2089\">100% kropssikker<\/strong>, nem at bruge og nem at reng\u00f8re. Ved regelm\u00e6ssig brug rapporterer mange brugere om forbedret opm\u00e6rksomhed og kontrol, hvilket g\u00f8r dette til ikke bare et forn\u00f8jelsesprodukt, men en del af en selvsikker og forn\u00f8jelig personlig rutine.<\/p>\n<h3 data-start=\"2291\" data-end=\"2303\">Inkluderer<\/h3>\n<ul data-start=\"2304\" data-end=\"2545\">\n<li data-start=\"2304\" data-end=\"2330\">\n<p data-start=\"2306\" data-end=\"2330\">Adriana Chechik-\u00e6rme<\/p>\n<\/li>\n<li data-start=\"2331\" data-end=\"2384\">\n<p data-start=\"2333\" data-end=\"2384\">Vagina med eksklusiv Fleshlight-tekstur p\u00e5 indersiden<\/p>\n<\/li>\n<li data-start=\"2385\" data-end=\"2440\">\n<p data-start=\"2387\" data-end=\"2440\">Materiale: silikone af medicinsk kvalitet, fast, men fleksibel<\/p>\n<\/li>\n<li data-start=\"2441\" data-end=\"2471\">\n<p data-start=\"2443\" data-end=\"2471\">Realistisk hudfarve-finish<\/p>\n<\/li>\n<li data-start=\"2472\" data-end=\"2505\">\n<p data-start=\"2474\" data-end=\"2505\">Behagelig pasform til alle st\u00f8rrelser<\/p>\n<\/li>\n<li data-start=\"2506\" data-end=\"2545\">\n<p data-start=\"2508\" data-end=\"2545\">Beskyttelsesh\u00e6tte til hygiejnisk opbevaring<\/p>\n<\/li>\n<\/ul>\n<p data-start=\"2547\" data-end=\"2819\">Fleshlight\u00ae er en <strong data-start=\"2564\" data-end=\"2606\">verdens f\u00f8rende inden for produkter til mandlig nydelse<\/strong>, Fleshlight\u00ae er kendt verden over for pr\u00e6cisionsst\u00f8bning, f\u00f8rsteklasses materialer og uovertruffen realisme. Fleshlight\u00ae er designet til m\u00e6nd, der kr\u00e6ver kvalitet, diskretion og uforglemmelige fornemmelser, og forts\u00e6tter med at s\u00e6tte standarden p\u00e5 verdensplan.<\/p>","protected":false},"excerpt":{"rendered":"<p data-start=\"286\" data-end=\"726\">Er du klar til at udforske en oplevelse, der er designet til intensitet, realisme og en uforglemmelig f\u00f8lelse? Den <strong data-start=\"391\" data-end=\"437\">FLESHLIGHT GIRLS\u00ae - Adriana Chechik Vagina<\/strong> inviterer dig til at tr\u00e6de ind i en fantasi inspireret af en af de mest dristige og energiske stjerner i verden. Dette pleasure sleeve er fremstillet af autentiske forme og Fleshlights f\u00f8rsteklasses materialer og giver en kraftfuld, men naturlig oplevelse inspireret af <strong data-start=\"684\" data-end=\"725\"><span class=\"hover:entity-accent entity-underline inline cursor-pointer align-baseline\"><span class=\"whitespace-normal\">Adriana Chechik<\/span><\/span><\/strong>.<\/p>","protected":false},"featured_media":1796,"comment_status":"open","ping_status":"closed","template":"","meta":{"_crdt_document":"","_monsterinsights_skip_tracking":false,"_monsterinsights_sitenote_active":false,"_monsterinsights_sitenote_note":"","_monsterinsights_sitenote_category":0,"jetpack_publicize_message":"","jetpack_publicize_feature_enabled":true,"jetpack_social_post_already_shared":true,"jetpack_social_options":{"image_generator_settings":{"template":"highway","default_image_id":0,"font":"","enabled":false},"version":2},"_wpas_customize_per_network":false},"product_brand":[1465,1466],"product_cat":[1464,1463,1471,1577],"product_tag":[1468,1467],"class_list":{"0":"post-1794","1":"product","2":"type-product","3":"status-publish","4":"has-post-thumbnail","6":"product_brand-fleshlight","7":"product_brand-fleshlight-girls","8":"product_cat-masturbator","9":"product_cat-men","10":"product_cat-vagina","11":"product_cat-vaginas-porn-stars","12":"product_tag-fleshlight","13":"product_tag-masturbator","15":"first","16":"instock","17":"taxable","18":"shipping-taxable","19":"purchasable","20":"product-type-simple"},"yoast_head":"<!-- This site is optimized with the Yoast SEO Premium plugin v27.1 (Yoast SEO v27.4) - https:\/\/yoast.com\/product\/yoast-seo-premium-wordpress\/ -->\n<title>FLESHLIGHT GIRLS\u00ae \u2013 ADRIANA CHECHIK VAGINA - SayOh<\/title>\n<meta name=\"description\" content=\"Shop the Fleshlight Girls\u00ae Adriana Chechik Vagina \u2013 a premium, body-safe pleasure sleeve with realistic texture and discreet design.\" \/>\n<meta name=\"robots\" content=\"index, follow, max-snippet:-1, max-image-preview:large, max-video-preview:-1\" \/>\n<link rel=\"canonical\" href=\"https:\/\/sayoh.com\/dk\/vare\/fleshlight-piger-adriana-chechik-vagina\/\" \/>\n<meta property=\"og:locale\" content=\"da_DK\" \/>\n<meta property=\"og:type\" content=\"article\" \/>\n<meta property=\"og:title\" content=\"FLESHLIGHT GIRLS\u00ae \u2013 ADRIANA CHECHIK VAGINA\" \/>\n<meta property=\"og:description\" content=\"Shop the Fleshlight Girls\u00ae Adriana Chechik Vagina \u2013 a premium, body-safe pleasure sleeve with realistic texture and discreet design.\" \/>\n<meta property=\"og:url\" content=\"https:\/\/sayoh.com\/dk\/vare\/fleshlight-piger-adriana-chechik-vagina\/\" \/>\n<meta property=\"og:site_name\" content=\"SayOh\" \/>\n<meta property=\"article:modified_time\" content=\"2026-02-12T23:33:40+00:00\" \/>\n<meta property=\"og:image\" content=\"https:\/\/sayoh.com\/wp-content\/uploads\/2026\/02\/ADRIANA-CHECHIK-Fleshlight.jpeg\" \/>\n\t<meta property=\"og:image:width\" content=\"800\" \/>\n\t<meta property=\"og:image:height\" content=\"800\" \/>\n\t<meta property=\"og:image:type\" content=\"image\/jpeg\" \/>\n<meta name=\"twitter:card\" content=\"summary_large_image\" \/>\n<meta name=\"twitter:label1\" content=\"Estimeret l\u00e6setid\" \/>\n\t<meta name=\"twitter:data1\" content=\"2 minutter\" \/>\n<script type=\"application\/ld+json\" class=\"yoast-schema-graph\">{\"@context\":\"https:\\\/\\\/schema.org\",\"@graph\":[{\"@type\":\"WebPage\",\"@id\":\"https:\\\/\\\/sayoh.com\\\/product\\\/fleshlight-girls-adriana-chechik-vagina\\\/\",\"url\":\"https:\\\/\\\/sayoh.com\\\/product\\\/fleshlight-girls-adriana-chechik-vagina\\\/\",\"name\":\"FLESHLIGHT GIRLS\u00ae \u2013 ADRIANA CHECHIK VAGINA - SayOh\",\"isPartOf\":{\"@id\":\"https:\\\/\\\/sayoh.com\\\/#website\"},\"primaryImageOfPage\":{\"@id\":\"https:\\\/\\\/sayoh.com\\\/product\\\/fleshlight-girls-adriana-chechik-vagina\\\/#primaryimage\"},\"image\":{\"@id\":\"https:\\\/\\\/sayoh.com\\\/product\\\/fleshlight-girls-adriana-chechik-vagina\\\/#primaryimage\"},\"thumbnailUrl\":\"https:\\\/\\\/i0.wp.com\\\/sayoh.com\\\/wp-content\\\/uploads\\\/2026\\\/02\\\/ADRIANA-CHECHIK-Fleshlight.jpeg?fit=800%2C800&ssl=1\",\"datePublished\":\"2026-02-04T22:46:53+00:00\",\"dateModified\":\"2026-02-12T23:33:40+00:00\",\"description\":\"Shop the Fleshlight Girls\u00ae Adriana Chechik Vagina \u2013 a premium, body-safe pleasure sleeve with realistic texture and discreet design.\",\"breadcrumb\":{\"@id\":\"https:\\\/\\\/sayoh.com\\\/product\\\/fleshlight-girls-adriana-chechik-vagina\\\/#breadcrumb\"},\"inLanguage\":\"da-DK\",\"potentialAction\":[{\"@type\":\"ReadAction\",\"target\":[\"https:\\\/\\\/sayoh.com\\\/product\\\/fleshlight-girls-adriana-chechik-vagina\\\/\"]}]},{\"@type\":\"ImageObject\",\"inLanguage\":\"da-DK\",\"@id\":\"https:\\\/\\\/sayoh.com\\\/product\\\/fleshlight-girls-adriana-chechik-vagina\\\/#primaryimage\",\"url\":\"https:\\\/\\\/i0.wp.com\\\/sayoh.com\\\/wp-content\\\/uploads\\\/2026\\\/02\\\/ADRIANA-CHECHIK-Fleshlight.jpeg?fit=800%2C800&ssl=1\",\"contentUrl\":\"https:\\\/\\\/i0.wp.com\\\/sayoh.com\\\/wp-content\\\/uploads\\\/2026\\\/02\\\/ADRIANA-CHECHIK-Fleshlight.jpeg?fit=800%2C800&ssl=1\",\"width\":800,\"height\":800,\"caption\":\"ADRIANA CHECHIK Fleshlight\"},{\"@type\":\"BreadcrumbList\",\"@id\":\"https:\\\/\\\/sayoh.com\\\/product\\\/fleshlight-girls-adriana-chechik-vagina\\\/#breadcrumb\",\"itemListElement\":[{\"@type\":\"ListItem\",\"position\":1,\"name\":\"Home\",\"item\":\"https:\\\/\\\/sayoh.com\\\/\"},{\"@type\":\"ListItem\",\"position\":2,\"name\":\"Shop\",\"item\":\"https:\\\/\\\/sayoh.com\\\/shop\\\/\"},{\"@type\":\"ListItem\",\"position\":3,\"name\":\"FLESHLIGHT GIRLS\u00ae \u2013 ADRIANA CHECHIK VAGINA\"}]},{\"@type\":\"WebSite\",\"@id\":\"https:\\\/\\\/sayoh.com\\\/#website\",\"url\":\"https:\\\/\\\/sayoh.com\\\/\",\"name\":\"Say Oh\",\"description\":\"Playful, fun and safe sex\",\"publisher\":{\"@id\":\"https:\\\/\\\/sayoh.com\\\/#organization\"},\"potentialAction\":[{\"@type\":\"SearchAction\",\"target\":{\"@type\":\"EntryPoint\",\"urlTemplate\":\"https:\\\/\\\/sayoh.com\\\/?s={search_term_string}\"},\"query-input\":{\"@type\":\"PropertyValueSpecification\",\"valueRequired\":true,\"valueName\":\"search_term_string\"}}],\"inLanguage\":\"da-DK\"},{\"@type\":\"Organization\",\"@id\":\"https:\\\/\\\/sayoh.com\\\/#organization\",\"name\":\"Say Oh\",\"url\":\"https:\\\/\\\/sayoh.com\\\/\",\"logo\":{\"@type\":\"ImageObject\",\"inLanguage\":\"da-DK\",\"@id\":\"https:\\\/\\\/sayoh.com\\\/#\\\/schema\\\/logo\\\/image\\\/\",\"url\":\"https:\\\/\\\/i0.wp.com\\\/sayoh.com\\\/wp-content\\\/uploads\\\/2023\\\/11\\\/cropped-image_123650291.jpg?fit=512%2C512&ssl=1\",\"contentUrl\":\"https:\\\/\\\/i0.wp.com\\\/sayoh.com\\\/wp-content\\\/uploads\\\/2023\\\/11\\\/cropped-image_123650291.jpg?fit=512%2C512&ssl=1\",\"width\":512,\"height\":512,\"caption\":\"Say Oh\"},\"image\":{\"@id\":\"https:\\\/\\\/sayoh.com\\\/#\\\/schema\\\/logo\\\/image\\\/\"}}]}<\/script>\n<!-- \/ Yoast SEO Premium plugin. -->","yoast_head_json":{"title":"FLESHLIGHT GIRLS\u00ae - ADRIANA CHECHIK VAGINA - SayOh","description":"K\u00f8b Fleshlight Girls\u00ae Adriana Chechik Vagina - et f\u00f8rsteklasses, kropssikkert nydelseshylster med realistisk tekstur og diskret design.","robots":{"index":"index","follow":"follow","max-snippet":"max-snippet:-1","max-image-preview":"max-image-preview:large","max-video-preview":"max-video-preview:-1"},"canonical":"https:\/\/sayoh.com\/dk\/vare\/fleshlight-piger-adriana-chechik-vagina\/","og_locale":"da_DK","og_type":"article","og_title":"FLESHLIGHT GIRLS\u00ae \u2013 ADRIANA CHECHIK VAGINA","og_description":"Shop the Fleshlight Girls\u00ae Adriana Chechik Vagina \u2013 a premium, body-safe pleasure sleeve with realistic texture and discreet design.","og_url":"https:\/\/sayoh.com\/dk\/vare\/fleshlight-piger-adriana-chechik-vagina\/","og_site_name":"SayOh","article_modified_time":"2026-02-12T23:33:40+00:00","og_image":[{"width":800,"height":800,"url":"https:\/\/sayoh.com\/wp-content\/uploads\/2026\/02\/ADRIANA-CHECHIK-Fleshlight.jpeg","type":"image\/jpeg"}],"twitter_card":"summary_large_image","twitter_misc":{"Estimeret l\u00e6setid":"2 minutter"},"schema":{"@context":"https:\/\/schema.org","@graph":[{"@type":"WebPage","@id":"https:\/\/sayoh.com\/product\/fleshlight-girls-adriana-chechik-vagina\/","url":"https:\/\/sayoh.com\/product\/fleshlight-girls-adriana-chechik-vagina\/","name":"FLESHLIGHT GIRLS\u00ae - ADRIANA CHECHIK VAGINA - SayOh","isPartOf":{"@id":"https:\/\/sayoh.com\/#website"},"primaryImageOfPage":{"@id":"https:\/\/sayoh.com\/product\/fleshlight-girls-adriana-chechik-vagina\/#primaryimage"},"image":{"@id":"https:\/\/sayoh.com\/product\/fleshlight-girls-adriana-chechik-vagina\/#primaryimage"},"thumbnailUrl":"https:\/\/i0.wp.com\/sayoh.com\/wp-content\/uploads\/2026\/02\/ADRIANA-CHECHIK-Fleshlight.jpeg?fit=800%2C800&ssl=1","datePublished":"2026-02-04T22:46:53+00:00","dateModified":"2026-02-12T23:33:40+00:00","description":"K\u00f8b Fleshlight Girls\u00ae Adriana Chechik Vagina - et f\u00f8rsteklasses, kropssikkert nydelseshylster med realistisk tekstur og diskret design.","breadcrumb":{"@id":"https:\/\/sayoh.com\/product\/fleshlight-girls-adriana-chechik-vagina\/#breadcrumb"},"inLanguage":"da-DK","potentialAction":[{"@type":"ReadAction","target":["https:\/\/sayoh.com\/product\/fleshlight-girls-adriana-chechik-vagina\/"]}]},{"@type":"ImageObject","inLanguage":"da-DK","@id":"https:\/\/sayoh.com\/product\/fleshlight-girls-adriana-chechik-vagina\/#primaryimage","url":"https:\/\/i0.wp.com\/sayoh.com\/wp-content\/uploads\/2026\/02\/ADRIANA-CHECHIK-Fleshlight.jpeg?fit=800%2C800&ssl=1","contentUrl":"https:\/\/i0.wp.com\/sayoh.com\/wp-content\/uploads\/2026\/02\/ADRIANA-CHECHIK-Fleshlight.jpeg?fit=800%2C800&ssl=1","width":800,"height":800,"caption":"ADRIANA CHECHIK Fleshlight"},{"@type":"BreadcrumbList","@id":"https:\/\/sayoh.com\/product\/fleshlight-girls-adriana-chechik-vagina\/#breadcrumb","itemListElement":[{"@type":"ListItem","position":1,"name":"Home","item":"https:\/\/sayoh.com\/"},{"@type":"ListItem","position":2,"name":"Shop","item":"https:\/\/sayoh.com\/shop\/"},{"@type":"ListItem","position":3,"name":"FLESHLIGHT GIRLS\u00ae \u2013 ADRIANA CHECHIK VAGINA"}]},{"@type":"WebSite","@id":"https:\/\/sayoh.com\/#website","url":"https:\/\/sayoh.com\/","name":"Sig \u00e5h","description":"Legende, sjov og sikker sex","publisher":{"@id":"https:\/\/sayoh.com\/#organization"},"potentialAction":[{"@type":"SearchAction","target":{"@type":"EntryPoint","urlTemplate":"https:\/\/sayoh.com\/?s={search_term_string}"},"query-input":{"@type":"PropertyValueSpecification","valueRequired":true,"valueName":"search_term_string"}}],"inLanguage":"da-DK"},{"@type":"Organization","@id":"https:\/\/sayoh.com\/#organization","name":"Sig \u00e5h","url":"https:\/\/sayoh.com\/","logo":{"@type":"ImageObject","inLanguage":"da-DK","@id":"https:\/\/sayoh.com\/#\/schema\/logo\/image\/","url":"https:\/\/i0.wp.com\/sayoh.com\/wp-content\/uploads\/2023\/11\/cropped-image_123650291.jpg?fit=512%2C512&ssl=1","contentUrl":"https:\/\/i0.wp.com\/sayoh.com\/wp-content\/uploads\/2023\/11\/cropped-image_123650291.jpg?fit=512%2C512&ssl=1","width":512,"height":512,"caption":"Say Oh"},"image":{"@id":"https:\/\/sayoh.com\/#\/schema\/logo\/image\/"}}]}},"jetpack_publicize_connections":[],"jetpack_likes_enabled":true,"jetpack_sharing_enabled":true,"jetpack-related-posts":[{"id":29665,"url":"https:\/\/sayoh.com\/dk\/vare\/fleshlight-girls-adriana-chechik-anal\/","url_meta":{"origin":1794,"position":0},"title":"FLESHLIGHT GIRLS - ADRIANA CHECHIK ANAL","author":"Admin","date":"februar 12, 2026","format":false,"excerpt":"The FLESHLIGHT GIRLS - ADRIANA CHECHIK ANAL is an officially licensed release from Fleshlight, developed in collaboration with Adriana Chechik. This edition is crafted as a detailed anal replica, designed to combine authenticity, structure, and premium material quality.","rel":"","context":"Similar post","block_context":{"text":"Similar post","link":""},"img":{"alt_text":"ADRIANA CHECHIK ANAL FLESHLIGHT","src":"https:\/\/i0.wp.com\/sayoh.com\/wp-content\/uploads\/2026\/02\/ADRIANA-CHECHIK-ANAL-FLESHLIGHT.jpeg?fit=800%2C800&ssl=1&resize=350%2C200","width":350,"height":200,"srcset":"https:\/\/i0.wp.com\/sayoh.com\/wp-content\/uploads\/2026\/02\/ADRIANA-CHECHIK-ANAL-FLESHLIGHT.jpeg?fit=800%2C800&ssl=1&resize=350%2C200 1x, https:\/\/i0.wp.com\/sayoh.com\/wp-content\/uploads\/2026\/02\/ADRIANA-CHECHIK-ANAL-FLESHLIGHT.jpeg?fit=800%2C800&ssl=1&resize=525%2C300 1.5x, https:\/\/i0.wp.com\/sayoh.com\/wp-content\/uploads\/2026\/02\/ADRIANA-CHECHIK-ANAL-FLESHLIGHT.jpeg?fit=800%2C800&ssl=1&resize=700%2C400 2x"},"classes":[]},{"id":1812,"url":"https:\/\/sayoh.com\/dk\/vare\/fleshlight-blake-blossom-bombshell-vagina\/","url_meta":{"origin":1794,"position":1},"title":"FLESHLIGHT\u00ae - BLAKE BLOSSOM BOMBSHELL VAGINA","author":"Admin","date":"februar 5, 2026","format":false,"excerpt":"Get ready to experience pure allure and explosive realism with the FLESHLIGHT\u00ae \u2013 Blake Blossom Bombshell Vagina. Designed to ignite fantasy and deliver unforgettable sensation, this premium pleasure sleeve is inspired by the irresistible charm of Blake Blossom. Crafted using authentic molds and Fleshlight\u2019s renowned precision, it offers a lifelike\u2026","rel":"","context":"Similar post","block_context":{"text":"Similar post","link":""},"img":{"alt_text":"Blake Blossom Fleshlight","src":"https:\/\/i0.wp.com\/sayoh.com\/wp-content\/uploads\/2026\/02\/Blake-Blossom-Fleshlight.jpg?fit=800%2C800&ssl=1&resize=350%2C200","width":350,"height":200,"srcset":"https:\/\/i0.wp.com\/sayoh.com\/wp-content\/uploads\/2026\/02\/Blake-Blossom-Fleshlight.jpg?fit=800%2C800&ssl=1&resize=350%2C200 1x, https:\/\/i0.wp.com\/sayoh.com\/wp-content\/uploads\/2026\/02\/Blake-Blossom-Fleshlight.jpg?fit=800%2C800&ssl=1&resize=525%2C300 1.5x, https:\/\/i0.wp.com\/sayoh.com\/wp-content\/uploads\/2026\/02\/Blake-Blossom-Fleshlight.jpg?fit=800%2C800&ssl=1&resize=700%2C400 2x"},"classes":[]},{"id":1767,"url":"https:\/\/sayoh.com\/dk\/vare\/fleshlight-piger-alexis-texas-outlaw-vagina\/","url_meta":{"origin":1794,"position":2},"title":"FLESHLIGHT GIRLS\u00ae - ALEXIS TEXAS OUTLAW VAGINA","author":"Admin","date":"februar 4, 2026","format":false,"excerpt":"Do you want to feel closer than ever to the world\u2019s most iconic stars? With the FLESHLIGHT GIRLS\u00ae \u2013 Alexis Texas Outlaw Vagina, fantasy and realism come together to create an unforgettable experience. Designed using authentic molds and premium materials, this Fleshlight invites you to explore every curve, contour, and\u2026","rel":"","context":"Similar post","block_context":{"text":"Similar post","link":""},"img":{"alt_text":"Alexis Texas Fleshlight","src":"https:\/\/i0.wp.com\/sayoh.com\/wp-content\/uploads\/2026\/02\/Alexis-Texas-Fleshlight.jpg?fit=790%2C789&ssl=1&resize=350%2C200","width":350,"height":200,"srcset":"https:\/\/i0.wp.com\/sayoh.com\/wp-content\/uploads\/2026\/02\/Alexis-Texas-Fleshlight.jpg?fit=790%2C789&ssl=1&resize=350%2C200 1x, https:\/\/i0.wp.com\/sayoh.com\/wp-content\/uploads\/2026\/02\/Alexis-Texas-Fleshlight.jpg?fit=790%2C789&ssl=1&resize=525%2C300 1.5x, https:\/\/i0.wp.com\/sayoh.com\/wp-content\/uploads\/2026\/02\/Alexis-Texas-Fleshlight.jpg?fit=790%2C789&ssl=1&resize=700%2C400 2x"},"classes":[]},{"id":1771,"url":"https:\/\/sayoh.com\/dk\/vare\/emily-willis-fleshlight\/","url_meta":{"origin":1794,"position":3},"title":"FLESHLIGHT GIRLS\u00ae - EMILY WILLIS SPR\u00d8JTER VAGINA","author":"Admin","date":"februar 4, 2026","format":false,"excerpt":"Are you ready to experience a new level of intensity and realism? The FLESHLIGHT GIRLS\u00ae \u2013 Emily Willis Squirt Vagina invites you to step into a fantasy inspired by one of the most exciting stars of the industry. Designed using authentic molds and premium materials, this Fleshlight delivers an immersive\u2026","rel":"","context":"Similar post","block_context":{"text":"Similar post","link":""},"img":{"alt_text":"Emily Willis Fleshlight","src":"https:\/\/i0.wp.com\/sayoh.com\/wp-content\/uploads\/2026\/02\/Emily-Willis-Fleshlight.jpeg?fit=900%2C900&ssl=1&resize=350%2C200","width":350,"height":200,"srcset":"https:\/\/i0.wp.com\/sayoh.com\/wp-content\/uploads\/2026\/02\/Emily-Willis-Fleshlight.jpeg?fit=900%2C900&ssl=1&resize=350%2C200 1x, https:\/\/i0.wp.com\/sayoh.com\/wp-content\/uploads\/2026\/02\/Emily-Willis-Fleshlight.jpeg?fit=900%2C900&ssl=1&resize=525%2C300 1.5x, https:\/\/i0.wp.com\/sayoh.com\/wp-content\/uploads\/2026\/02\/Emily-Willis-Fleshlight.jpeg?fit=900%2C900&ssl=1&resize=700%2C400 2x"},"classes":[]},{"id":1786,"url":"https:\/\/sayoh.com\/dk\/vare\/fleshlight-piger-elsa-jean-velsmagende-vagina\/","url_meta":{"origin":1794,"position":4},"title":"FLESHLIGHT GIRLS\u00ae - ELSA JEAN VELSMAGENDE VAGINA","author":"Admin","date":"februar 4, 2026","format":false,"excerpt":"Are you ready to indulge in a fantasy that feels irresistibly real? The FLESHLIGHT GIRLS\u00ae \u2013 Elsa Jean Tasty Vagina invites you to explore an intimate experience inspired by one of the most captivating stars in the world. Designed using authentic molds and crafted with Fleshlight\u2019s signature precision, this premium\u2026","rel":"","context":"Similar post","block_context":{"text":"Similar post","link":""},"img":{"alt_text":"Elsa Jean Fleshlight","src":"https:\/\/i0.wp.com\/sayoh.com\/wp-content\/uploads\/2026\/02\/Elsa-Jean-Fleshlight.jpeg?fit=650%2C650&ssl=1&resize=350%2C200","width":350,"height":200,"srcset":"https:\/\/i0.wp.com\/sayoh.com\/wp-content\/uploads\/2026\/02\/Elsa-Jean-Fleshlight.jpeg?fit=650%2C650&ssl=1&resize=350%2C200 1x, https:\/\/i0.wp.com\/sayoh.com\/wp-content\/uploads\/2026\/02\/Elsa-Jean-Fleshlight.jpeg?fit=650%2C650&ssl=1&resize=525%2C300 1.5x"},"classes":[]},{"id":1797,"url":"https:\/\/sayoh.com\/dk\/vare\/dillon-harper-fleshlight\/","url_meta":{"origin":1794,"position":5},"title":"FLESHLIGHT GIRLS\u00ae - DILLION HARPER CRUSH VAGINA","author":"Admin","date":"februar 5, 2026","format":false,"excerpt":"Are you ready to give in to a fantasy that feels irresistibly real? The FLESHLIGHT GIRLS\u00ae \u2013 Dillion Harper Crush Vagina invites you to experience premium realism inspired by one of the most alluring stars in the world. Designed using authentic molds and crafted with Fleshlight\u2019s renowned precision, this pleasure\u2026","rel":"","context":"Similar post","block_context":{"text":"Similar post","link":""},"img":{"alt_text":"Dillon Harper Fleshlight","src":"https:\/\/i0.wp.com\/sayoh.com\/wp-content\/uploads\/2026\/02\/Dillon-Harper-Fleshlight.jpg?fit=900%2C900&ssl=1&resize=350%2C200","width":350,"height":200,"srcset":"https:\/\/i0.wp.com\/sayoh.com\/wp-content\/uploads\/2026\/02\/Dillon-Harper-Fleshlight.jpg?fit=900%2C900&ssl=1&resize=350%2C200 1x, https:\/\/i0.wp.com\/sayoh.com\/wp-content\/uploads\/2026\/02\/Dillon-Harper-Fleshlight.jpg?fit=900%2C900&ssl=1&resize=525%2C300 1.5x, https:\/\/i0.wp.com\/sayoh.com\/wp-content\/uploads\/2026\/02\/Dillon-Harper-Fleshlight.jpg?fit=900%2C900&ssl=1&resize=700%2C400 2x"},"classes":[]}],"_links":{"self":[{"href":"https:\/\/sayoh.com\/dk\/wp-json\/wp\/v2\/product\/1794","targetHints":{"allow":["GET"]}}],"collection":[{"href":"https:\/\/sayoh.com\/dk\/wp-json\/wp\/v2\/product"}],"about":[{"href":"https:\/\/sayoh.com\/dk\/wp-json\/wp\/v2\/types\/product"}],"replies":[{"embeddable":true,"href":"https:\/\/sayoh.com\/dk\/wp-json\/wp\/v2\/comments?post=1794"}],"version-history":[{"count":0,"href":"https:\/\/sayoh.com\/dk\/wp-json\/wp\/v2\/product\/1794\/revisions"}],"wp:featuredmedia":[{"embeddable":true,"href":"https:\/\/sayoh.com\/dk\/wp-json\/wp\/v2\/media\/1796"}],"wp:attachment":[{"href":"https:\/\/sayoh.com\/dk\/wp-json\/wp\/v2\/media?parent=1794"}],"wp:term":[{"taxonomy":"product_brand","embeddable":true,"href":"https:\/\/sayoh.com\/dk\/wp-json\/wp\/v2\/product_brand?post=1794"},{"taxonomy":"product_cat","embeddable":true,"href":"https:\/\/sayoh.com\/dk\/wp-json\/wp\/v2\/product_cat?post=1794"},{"taxonomy":"product_tag","embeddable":true,"href":"https:\/\/sayoh.com\/dk\/wp-json\/wp\/v2\/product_tag?post=1794"}],"curies":[{"name":"wp","href":"https:\/\/api.w.org\/{rel}","templated":true}]}}