{"id":1832,"date":"2026-02-05T00:56:02","date_gmt":"2026-02-04T23:56:02","guid":{"rendered":"https:\/\/sayoh.com\/?post_type=product&#038;p=1832"},"modified":"2026-02-13T00:32:53","modified_gmt":"2026-02-12T23:32:53","slug":"fleshlight-piger-savannah-bond-vagina","status":"publish","type":"product","link":"https:\/\/sayoh.com\/dk\/vare\/fleshlight-piger-savannah-bond-vagina\/","title":{"rendered":"FLESHLIGHT GIRLS\u00ae - SAVANNAH BOND VAGINA"},"content":{"rendered":"<h3 data-start=\"483\" data-end=\"532\">Tr\u00e6d ind i en selvsikker, uimodst\u00e5elig fantasi<\/h3>\n<p data-start=\"533\" data-end=\"951\">Vil du opleve intimitet inspireret af ren selvtillid og udstr\u00e5ling? S\u00e5 er <strong data-start=\"617\" data-end=\"661\">FLESHLIGHT GIRLS\u00ae - Savannah Bond Vagina<\/strong> er skabt til dig. Inspireret af den kraftfulde tilstedev\u00e6relse af <strong data-start=\"716\" data-end=\"757\"><span class=\"hover:entity-accent entity-underline inline cursor-pointer align-baseline\"><span class=\"whitespace-normal\">Savannah Bond<\/span><\/span><\/strong>, Dette f\u00f8rsteklasses nydelseshylster er designet til at f\u00f8les naturligt, glat og dybt opslugende. Lige fra begyndelsen inviterer det dig til at slappe af, fokusere og nyde en fantasi, der f\u00f8les utrolig virkelig.<\/p>\n<h3 data-start=\"953\" data-end=\"991\">Bl\u00f8d ber\u00f8ring med en realistisk fornemmelse<\/h3>\n<p data-start=\"992\" data-end=\"1363\">F\u00f8rst og fremmest vil du l\u00e6gge m\u00e6rke til <strong data-start=\"1024\" data-end=\"1048\">enest\u00e5ende bl\u00f8dhed<\/strong>. Sleevet er lavet af et kropssikkert materiale af h\u00f8j kvalitet, der minder meget om \u00e6gte hud. Desuden tilpasser den fleksible struktur sig let til din krop og skaber en behagelig og virkelighedstro fornemmelse. P\u00e5 grund af den afbalancerede st\u00f8rrelse og den glatte overflade f\u00f8les oplevelsen naturlig og kontrolleret fra start til slut.<\/p>\n<h3 data-start=\"1365\" data-end=\"1407\">Diskret design til hverdagens privatliv<\/h3>\n<p data-start=\"1408\" data-end=\"1653\">Ud over komfort tilbyder denne model <strong data-start=\"1450\" data-end=\"1473\">fuldst\u00e6ndig diskretion<\/strong>. N\u00e5r den er lukket, ser den enkel og neutral ud. Derfor kan den opbevares sikkert uden at tiltr\u00e6kke sig opm\u00e6rksomhed. Resultatet er, at du kan nyde et totalt privatliv, n\u00e5r du v\u00e6lger at bruge den.<\/p>\n<h3 data-start=\"1655\" data-end=\"1700\">Designet til en j\u00e6vn, engagerende fornemmelse<\/h3>\n<p data-start=\"1701\" data-end=\"2056\">Indvendigt giver det indvendige design en <strong data-start=\"1740\" data-end=\"1782\">Stabilt og realistisk flow af f\u00f8lelser<\/strong>. Indgangen f\u00f8les naturlig og indbydende, mens den indre struktur giver ensartet stimulering hele vejen igennem. Desuden forbedrer subtile indre detaljer f\u00f8lsomheden uden at f\u00f8les for intens. P\u00e5 grund af dette forbliver oplevelsen behagelig, fordybende og velafbalanceret.<\/p>\n<h3 data-start=\"2058\" data-end=\"2100\">En tilfredsstillende afslutning uden overbelastning<\/h3>\n<p data-start=\"2101\" data-end=\"2388\">Mod enden af sleevet \u00f8ger omhyggeligt formede indre kamre f\u00f8lelsen, hvor f\u00f8lsomheden er st\u00f8rst. Derfor f\u00f8les oplevelsen komplet og dybt tilfredsstillende. Samtidig er det overordnede design sk\u00e5nsomt, hvilket g\u00f8r den velegnet til regelm\u00e6ssig brug og lange sessioner.<\/p>\n<h3 data-start=\"2390\" data-end=\"2425\">Let at bruge og let at reng\u00f8re<\/h3>\n<p data-start=\"2426\" data-end=\"2660\">Endelig er Fleshlight\u00ae-produkter <strong data-start=\"2460\" data-end=\"2478\">100% kropssikker<\/strong>, Den er enkel at bruge og let at reng\u00f8re. Ved regelm\u00e6ssig brug rapporterer mange brugere om forbedret opm\u00e6rksomhed og kontrol. Derfor er dette produkt ikke kun behageligt, men ogs\u00e5 praktisk og p\u00e5lideligt.<\/p>\n<h3 data-start=\"2662\" data-end=\"2674\">Inkluderer<\/h3>\n<ul data-start=\"2675\" data-end=\"2904\">\n<li data-start=\"2675\" data-end=\"2699\">\n<p data-start=\"2677\" data-end=\"2699\">Savannah Bond-\u00e6rme<\/p>\n<\/li>\n<li data-start=\"2700\" data-end=\"2753\">\n<p data-start=\"2702\" data-end=\"2753\">Vagina med eksklusiv Fleshlight-tekstur p\u00e5 indersiden<\/p>\n<\/li>\n<li data-start=\"2754\" data-end=\"2799\">\n<p data-start=\"2756\" data-end=\"2799\">Silikone af medicinsk kvalitet: fast, men fleksibel<\/p>\n<\/li>\n<li data-start=\"2800\" data-end=\"2830\">\n<p data-start=\"2802\" data-end=\"2830\">Realistisk hudfarve-finish<\/p>\n<\/li>\n<li data-start=\"2831\" data-end=\"2864\">\n<p data-start=\"2833\" data-end=\"2864\">Behagelig pasform til alle st\u00f8rrelser<\/p>\n<\/li>\n<li data-start=\"2865\" data-end=\"2904\">\n<p data-start=\"2867\" data-end=\"2904\">Beskyttelsesh\u00e6tte til hygiejnisk opbevaring<\/p>\n<\/li>\n<\/ul>\n<p data-start=\"2906\" data-end=\"3090\">Fleshlight\u00ae er en <strong data-start=\"2923\" data-end=\"2965\">verdens f\u00f8rende inden for produkter til mandlig nydelse<\/strong>, De er kendt for realisme, kvalitet og diskret design. P\u00e5 grund af dette engagement er det fortsat et betroet valg for m\u00e6nd over hele verden.<\/p>","protected":false},"excerpt":{"rendered":"<p data-start=\"533\" data-end=\"951\">Vil du opleve intimitet inspireret af ren selvtillid og udstr\u00e5ling? S\u00e5 er <strong data-start=\"617\" data-end=\"661\">FLESHLIGHT GIRLS\u00ae - Savannah Bond Vagina<\/strong> er skabt til dig. Inspireret af den kraftfulde tilstedev\u00e6relse af <strong data-start=\"716\" data-end=\"757\"><span class=\"hover:entity-accent entity-underline inline cursor-pointer align-baseline\"><span class=\"whitespace-normal\">Savannah Bond<\/span><\/span><\/strong>, Dette f\u00f8rsteklasses nydelseshylster er designet til at f\u00f8les naturligt, glat og dybt opslugende. Lige fra begyndelsen inviterer det dig til at slappe af, fokusere og nyde en fantasi, der f\u00f8les utrolig virkelig.<\/p>","protected":false},"featured_media":1834,"comment_status":"open","ping_status":"closed","template":"","meta":{"_crdt_document":"","_monsterinsights_skip_tracking":false,"_monsterinsights_sitenote_active":false,"_monsterinsights_sitenote_note":"","_monsterinsights_sitenote_category":0,"jetpack_publicize_message":"","jetpack_publicize_feature_enabled":true,"jetpack_social_post_already_shared":true,"jetpack_social_options":{"image_generator_settings":{"template":"highway","default_image_id":0,"font":"","enabled":false},"version":2},"_wpas_customize_per_network":false},"product_brand":[1465,1466],"product_cat":[1464,1463,1471,1577],"product_tag":[1468,1467],"class_list":{"0":"post-1832","1":"product","2":"type-product","3":"status-publish","4":"has-post-thumbnail","6":"product_brand-fleshlight","7":"product_brand-fleshlight-girls","8":"product_cat-masturbator","9":"product_cat-men","10":"product_cat-vagina","11":"product_cat-vaginas-porn-stars","12":"product_tag-fleshlight","13":"product_tag-masturbator","15":"first","16":"instock","17":"taxable","18":"shipping-taxable","19":"purchasable","20":"product-type-simple"},"yoast_head":"<!-- This site is optimized with the Yoast SEO Premium plugin v27.1 (Yoast SEO v27.4) - https:\/\/yoast.com\/product\/yoast-seo-premium-wordpress\/ -->\n<title>FLESHLIGHT GIRLS\u00ae \u2013 SAVANNAH BOND VAGINA - SayOh<\/title>\n<meta name=\"description\" content=\"Shop the Fleshlight Girls\u00ae Savannah Bond Vagina \u2013 a premium, body-safe pleasure sleeve with realistic texture and discreet design.\" \/>\n<meta name=\"robots\" content=\"index, follow, max-snippet:-1, max-image-preview:large, max-video-preview:-1\" \/>\n<link rel=\"canonical\" href=\"https:\/\/sayoh.com\/dk\/vare\/fleshlight-piger-savannah-bond-vagina\/\" \/>\n<meta property=\"og:locale\" content=\"da_DK\" \/>\n<meta property=\"og:type\" content=\"article\" \/>\n<meta property=\"og:title\" content=\"FLESHLIGHT GIRLS\u00ae \u2013 SAVANNAH BOND VAGINA\" \/>\n<meta property=\"og:description\" content=\"Shop the Fleshlight Girls\u00ae Savannah Bond Vagina \u2013 a premium, body-safe pleasure sleeve with realistic texture and discreet design.\" \/>\n<meta property=\"og:url\" content=\"https:\/\/sayoh.com\/dk\/vare\/fleshlight-piger-savannah-bond-vagina\/\" \/>\n<meta property=\"og:site_name\" content=\"SayOh\" \/>\n<meta property=\"article:modified_time\" content=\"2026-02-12T23:32:53+00:00\" \/>\n<meta property=\"og:image\" content=\"https:\/\/sayoh.com\/wp-content\/uploads\/2026\/02\/Savannah-Bond-Fleshlight.jpeg\" \/>\n\t<meta property=\"og:image:width\" content=\"800\" \/>\n\t<meta property=\"og:image:height\" content=\"800\" \/>\n\t<meta property=\"og:image:type\" content=\"image\/jpeg\" \/>\n<meta name=\"twitter:card\" content=\"summary_large_image\" \/>\n<meta name=\"twitter:label1\" content=\"Estimeret l\u00e6setid\" \/>\n\t<meta name=\"twitter:data1\" content=\"2 minutter\" \/>\n<script type=\"application\/ld+json\" class=\"yoast-schema-graph\">{\"@context\":\"https:\\\/\\\/schema.org\",\"@graph\":[{\"@type\":\"WebPage\",\"@id\":\"https:\\\/\\\/sayoh.com\\\/product\\\/fleshlight-girls-savannah-bond-vagina\\\/\",\"url\":\"https:\\\/\\\/sayoh.com\\\/product\\\/fleshlight-girls-savannah-bond-vagina\\\/\",\"name\":\"FLESHLIGHT GIRLS\u00ae \u2013 SAVANNAH BOND VAGINA - SayOh\",\"isPartOf\":{\"@id\":\"https:\\\/\\\/sayoh.com\\\/#website\"},\"primaryImageOfPage\":{\"@id\":\"https:\\\/\\\/sayoh.com\\\/product\\\/fleshlight-girls-savannah-bond-vagina\\\/#primaryimage\"},\"image\":{\"@id\":\"https:\\\/\\\/sayoh.com\\\/product\\\/fleshlight-girls-savannah-bond-vagina\\\/#primaryimage\"},\"thumbnailUrl\":\"https:\\\/\\\/i0.wp.com\\\/sayoh.com\\\/wp-content\\\/uploads\\\/2026\\\/02\\\/Savannah-Bond-Fleshlight.jpeg?fit=800%2C800&ssl=1\",\"datePublished\":\"2026-02-04T23:56:02+00:00\",\"dateModified\":\"2026-02-12T23:32:53+00:00\",\"description\":\"Shop the Fleshlight Girls\u00ae Savannah Bond Vagina \u2013 a premium, body-safe pleasure sleeve with realistic texture and discreet design.\",\"breadcrumb\":{\"@id\":\"https:\\\/\\\/sayoh.com\\\/product\\\/fleshlight-girls-savannah-bond-vagina\\\/#breadcrumb\"},\"inLanguage\":\"da-DK\",\"potentialAction\":[{\"@type\":\"ReadAction\",\"target\":[\"https:\\\/\\\/sayoh.com\\\/product\\\/fleshlight-girls-savannah-bond-vagina\\\/\"]}]},{\"@type\":\"ImageObject\",\"inLanguage\":\"da-DK\",\"@id\":\"https:\\\/\\\/sayoh.com\\\/product\\\/fleshlight-girls-savannah-bond-vagina\\\/#primaryimage\",\"url\":\"https:\\\/\\\/i0.wp.com\\\/sayoh.com\\\/wp-content\\\/uploads\\\/2026\\\/02\\\/Savannah-Bond-Fleshlight.jpeg?fit=800%2C800&ssl=1\",\"contentUrl\":\"https:\\\/\\\/i0.wp.com\\\/sayoh.com\\\/wp-content\\\/uploads\\\/2026\\\/02\\\/Savannah-Bond-Fleshlight.jpeg?fit=800%2C800&ssl=1\",\"width\":800,\"height\":800,\"caption\":\"Savannah Bond Fleshlight\"},{\"@type\":\"BreadcrumbList\",\"@id\":\"https:\\\/\\\/sayoh.com\\\/product\\\/fleshlight-girls-savannah-bond-vagina\\\/#breadcrumb\",\"itemListElement\":[{\"@type\":\"ListItem\",\"position\":1,\"name\":\"Home\",\"item\":\"https:\\\/\\\/sayoh.com\\\/\"},{\"@type\":\"ListItem\",\"position\":2,\"name\":\"Shop\",\"item\":\"https:\\\/\\\/sayoh.com\\\/shop\\\/\"},{\"@type\":\"ListItem\",\"position\":3,\"name\":\"FLESHLIGHT GIRLS\u00ae \u2013 SAVANNAH BOND VAGINA\"}]},{\"@type\":\"WebSite\",\"@id\":\"https:\\\/\\\/sayoh.com\\\/#website\",\"url\":\"https:\\\/\\\/sayoh.com\\\/\",\"name\":\"Say Oh\",\"description\":\"Playful, fun and safe sex\",\"publisher\":{\"@id\":\"https:\\\/\\\/sayoh.com\\\/#organization\"},\"potentialAction\":[{\"@type\":\"SearchAction\",\"target\":{\"@type\":\"EntryPoint\",\"urlTemplate\":\"https:\\\/\\\/sayoh.com\\\/?s={search_term_string}\"},\"query-input\":{\"@type\":\"PropertyValueSpecification\",\"valueRequired\":true,\"valueName\":\"search_term_string\"}}],\"inLanguage\":\"da-DK\"},{\"@type\":\"Organization\",\"@id\":\"https:\\\/\\\/sayoh.com\\\/#organization\",\"name\":\"Say Oh\",\"url\":\"https:\\\/\\\/sayoh.com\\\/\",\"logo\":{\"@type\":\"ImageObject\",\"inLanguage\":\"da-DK\",\"@id\":\"https:\\\/\\\/sayoh.com\\\/#\\\/schema\\\/logo\\\/image\\\/\",\"url\":\"https:\\\/\\\/i0.wp.com\\\/sayoh.com\\\/wp-content\\\/uploads\\\/2023\\\/11\\\/cropped-image_123650291.jpg?fit=512%2C512&ssl=1\",\"contentUrl\":\"https:\\\/\\\/i0.wp.com\\\/sayoh.com\\\/wp-content\\\/uploads\\\/2023\\\/11\\\/cropped-image_123650291.jpg?fit=512%2C512&ssl=1\",\"width\":512,\"height\":512,\"caption\":\"Say Oh\"},\"image\":{\"@id\":\"https:\\\/\\\/sayoh.com\\\/#\\\/schema\\\/logo\\\/image\\\/\"}}]}<\/script>\n<!-- \/ Yoast SEO Premium plugin. -->","yoast_head_json":{"title":"FLESHLIGHT GIRLS\u00ae - SAVANNAH BOND VAGINA - SayOh","description":"K\u00f8b Fleshlight Girls\u00ae Savannah Bond Vagina - et f\u00f8rsteklasses, kropssikkert nydelseshylster med realistisk tekstur og diskret design.","robots":{"index":"index","follow":"follow","max-snippet":"max-snippet:-1","max-image-preview":"max-image-preview:large","max-video-preview":"max-video-preview:-1"},"canonical":"https:\/\/sayoh.com\/dk\/vare\/fleshlight-piger-savannah-bond-vagina\/","og_locale":"da_DK","og_type":"article","og_title":"FLESHLIGHT GIRLS\u00ae \u2013 SAVANNAH BOND VAGINA","og_description":"Shop the Fleshlight Girls\u00ae Savannah Bond Vagina \u2013 a premium, body-safe pleasure sleeve with realistic texture and discreet design.","og_url":"https:\/\/sayoh.com\/dk\/vare\/fleshlight-piger-savannah-bond-vagina\/","og_site_name":"SayOh","article_modified_time":"2026-02-12T23:32:53+00:00","og_image":[{"width":800,"height":800,"url":"https:\/\/sayoh.com\/wp-content\/uploads\/2026\/02\/Savannah-Bond-Fleshlight.jpeg","type":"image\/jpeg"}],"twitter_card":"summary_large_image","twitter_misc":{"Estimeret l\u00e6setid":"2 minutter"},"schema":{"@context":"https:\/\/schema.org","@graph":[{"@type":"WebPage","@id":"https:\/\/sayoh.com\/product\/fleshlight-girls-savannah-bond-vagina\/","url":"https:\/\/sayoh.com\/product\/fleshlight-girls-savannah-bond-vagina\/","name":"FLESHLIGHT GIRLS\u00ae - SAVANNAH BOND VAGINA - SayOh","isPartOf":{"@id":"https:\/\/sayoh.com\/#website"},"primaryImageOfPage":{"@id":"https:\/\/sayoh.com\/product\/fleshlight-girls-savannah-bond-vagina\/#primaryimage"},"image":{"@id":"https:\/\/sayoh.com\/product\/fleshlight-girls-savannah-bond-vagina\/#primaryimage"},"thumbnailUrl":"https:\/\/i0.wp.com\/sayoh.com\/wp-content\/uploads\/2026\/02\/Savannah-Bond-Fleshlight.jpeg?fit=800%2C800&ssl=1","datePublished":"2026-02-04T23:56:02+00:00","dateModified":"2026-02-12T23:32:53+00:00","description":"K\u00f8b Fleshlight Girls\u00ae Savannah Bond Vagina - et f\u00f8rsteklasses, kropssikkert nydelseshylster med realistisk tekstur og diskret design.","breadcrumb":{"@id":"https:\/\/sayoh.com\/product\/fleshlight-girls-savannah-bond-vagina\/#breadcrumb"},"inLanguage":"da-DK","potentialAction":[{"@type":"ReadAction","target":["https:\/\/sayoh.com\/product\/fleshlight-girls-savannah-bond-vagina\/"]}]},{"@type":"ImageObject","inLanguage":"da-DK","@id":"https:\/\/sayoh.com\/product\/fleshlight-girls-savannah-bond-vagina\/#primaryimage","url":"https:\/\/i0.wp.com\/sayoh.com\/wp-content\/uploads\/2026\/02\/Savannah-Bond-Fleshlight.jpeg?fit=800%2C800&ssl=1","contentUrl":"https:\/\/i0.wp.com\/sayoh.com\/wp-content\/uploads\/2026\/02\/Savannah-Bond-Fleshlight.jpeg?fit=800%2C800&ssl=1","width":800,"height":800,"caption":"Savannah Bond Fleshlight"},{"@type":"BreadcrumbList","@id":"https:\/\/sayoh.com\/product\/fleshlight-girls-savannah-bond-vagina\/#breadcrumb","itemListElement":[{"@type":"ListItem","position":1,"name":"Home","item":"https:\/\/sayoh.com\/"},{"@type":"ListItem","position":2,"name":"Shop","item":"https:\/\/sayoh.com\/shop\/"},{"@type":"ListItem","position":3,"name":"FLESHLIGHT GIRLS\u00ae \u2013 SAVANNAH BOND VAGINA"}]},{"@type":"WebSite","@id":"https:\/\/sayoh.com\/#website","url":"https:\/\/sayoh.com\/","name":"Sig \u00e5h","description":"Legende, sjov og sikker sex","publisher":{"@id":"https:\/\/sayoh.com\/#organization"},"potentialAction":[{"@type":"SearchAction","target":{"@type":"EntryPoint","urlTemplate":"https:\/\/sayoh.com\/?s={search_term_string}"},"query-input":{"@type":"PropertyValueSpecification","valueRequired":true,"valueName":"search_term_string"}}],"inLanguage":"da-DK"},{"@type":"Organization","@id":"https:\/\/sayoh.com\/#organization","name":"Sig \u00e5h","url":"https:\/\/sayoh.com\/","logo":{"@type":"ImageObject","inLanguage":"da-DK","@id":"https:\/\/sayoh.com\/#\/schema\/logo\/image\/","url":"https:\/\/i0.wp.com\/sayoh.com\/wp-content\/uploads\/2023\/11\/cropped-image_123650291.jpg?fit=512%2C512&ssl=1","contentUrl":"https:\/\/i0.wp.com\/sayoh.com\/wp-content\/uploads\/2023\/11\/cropped-image_123650291.jpg?fit=512%2C512&ssl=1","width":512,"height":512,"caption":"Say Oh"},"image":{"@id":"https:\/\/sayoh.com\/#\/schema\/logo\/image\/"}}]}},"jetpack_publicize_connections":[],"jetpack_likes_enabled":true,"jetpack_sharing_enabled":true,"jetpack-related-posts":[{"id":1812,"url":"https:\/\/sayoh.com\/dk\/vare\/fleshlight-blake-blossom-bombshell-vagina\/","url_meta":{"origin":1832,"position":0},"title":"FLESHLIGHT\u00ae - BLAKE BLOSSOM BOMBSHELL VAGINA","author":"Admin","date":"februar 5, 2026","format":false,"excerpt":"Get ready to experience pure allure and explosive realism with the FLESHLIGHT\u00ae \u2013 Blake Blossom Bombshell Vagina. Designed to ignite fantasy and deliver unforgettable sensation, this premium pleasure sleeve is inspired by the irresistible charm of Blake Blossom. Crafted using authentic molds and Fleshlight\u2019s renowned precision, it offers a lifelike\u2026","rel":"","context":"Similar post","block_context":{"text":"Similar post","link":""},"img":{"alt_text":"Blake Blossom Fleshlight","src":"https:\/\/i0.wp.com\/sayoh.com\/wp-content\/uploads\/2026\/02\/Blake-Blossom-Fleshlight.jpg?fit=800%2C800&ssl=1&resize=350%2C200","width":350,"height":200,"srcset":"https:\/\/i0.wp.com\/sayoh.com\/wp-content\/uploads\/2026\/02\/Blake-Blossom-Fleshlight.jpg?fit=800%2C800&ssl=1&resize=350%2C200 1x, https:\/\/i0.wp.com\/sayoh.com\/wp-content\/uploads\/2026\/02\/Blake-Blossom-Fleshlight.jpg?fit=800%2C800&ssl=1&resize=525%2C300 1.5x, https:\/\/i0.wp.com\/sayoh.com\/wp-content\/uploads\/2026\/02\/Blake-Blossom-Fleshlight.jpg?fit=800%2C800&ssl=1&resize=700%2C400 2x"},"classes":[]},{"id":1777,"url":"https:\/\/sayoh.com\/dk\/vare\/fleshlight-piger-brandi-love-vagina\/","url_meta":{"origin":1832,"position":1},"title":"FLESHLIGHT GIRLS\u00ae - BRANDI LOVE VAGINA","author":"Admin","date":"februar 4, 2026","format":false,"excerpt":"Do you want to experience timeless allure combined with premium realism? The FLESHLIGHT GIRLS\u00ae \u2013 Brandi Love Vagina invites you to indulge in a fantasy inspired by one of the most iconic and recognisable stars in the world. Designed using authentic molds and Fleshlight\u2019s signature craftsmanship, this pleasure sleeve delivers\u2026","rel":"","context":"Similar post","block_context":{"text":"Similar post","link":""},"img":{"alt_text":"Brandi Love Fleshlight","src":"https:\/\/i0.wp.com\/sayoh.com\/wp-content\/uploads\/2026\/02\/Brandi-Love-Fleshlight.jpeg?fit=800%2C800&ssl=1&resize=350%2C200","width":350,"height":200,"srcset":"https:\/\/i0.wp.com\/sayoh.com\/wp-content\/uploads\/2026\/02\/Brandi-Love-Fleshlight.jpeg?fit=800%2C800&ssl=1&resize=350%2C200 1x, https:\/\/i0.wp.com\/sayoh.com\/wp-content\/uploads\/2026\/02\/Brandi-Love-Fleshlight.jpeg?fit=800%2C800&ssl=1&resize=525%2C300 1.5x, https:\/\/i0.wp.com\/sayoh.com\/wp-content\/uploads\/2026\/02\/Brandi-Love-Fleshlight.jpeg?fit=800%2C800&ssl=1&resize=700%2C400 2x"},"classes":[]},{"id":1842,"url":"https:\/\/sayoh.com\/dk\/vare\/fleshlight-girls-kendra-sunderland-vagina\/","url_meta":{"origin":1832,"position":2},"title":"FLESHLIGHT GIRLS\u00ae - KENDRA SUNDERLAND VAGINA","author":"Admin","date":"februar 5, 2026","format":false,"excerpt":"Do you want an intimate experience inspired by confidence and charm? Then the FLESHLIGHT GIRLS\u00ae \u2013 Kendra Sunderland Vagina is the perfect choice. Inspired by the allure of Kendra Sunderland, this premium pleasure sleeve is designed to feel smooth, realistic, and deeply enjoyable. From the very beginning, it invites you\u2026","rel":"","context":"Similar post","block_context":{"text":"Similar post","link":""},"img":{"alt_text":"Kendra Sunderland Fleshlight","src":"https:\/\/i0.wp.com\/sayoh.com\/wp-content\/uploads\/2026\/02\/Kendra-Sunderland-Fleshlight.jpg?fit=800%2C800&ssl=1&resize=350%2C200","width":350,"height":200,"srcset":"https:\/\/i0.wp.com\/sayoh.com\/wp-content\/uploads\/2026\/02\/Kendra-Sunderland-Fleshlight.jpg?fit=800%2C800&ssl=1&resize=350%2C200 1x, https:\/\/i0.wp.com\/sayoh.com\/wp-content\/uploads\/2026\/02\/Kendra-Sunderland-Fleshlight.jpg?fit=800%2C800&ssl=1&resize=525%2C300 1.5x, https:\/\/i0.wp.com\/sayoh.com\/wp-content\/uploads\/2026\/02\/Kendra-Sunderland-Fleshlight.jpg?fit=800%2C800&ssl=1&resize=700%2C400 2x"},"classes":[]},{"id":1797,"url":"https:\/\/sayoh.com\/dk\/vare\/dillon-harper-fleshlight\/","url_meta":{"origin":1832,"position":3},"title":"FLESHLIGHT GIRLS\u00ae - DILLION HARPER CRUSH VAGINA","author":"Admin","date":"februar 5, 2026","format":false,"excerpt":"Are you ready to give in to a fantasy that feels irresistibly real? The FLESHLIGHT GIRLS\u00ae \u2013 Dillion Harper Crush Vagina invites you to experience premium realism inspired by one of the most alluring stars in the world. Designed using authentic molds and crafted with Fleshlight\u2019s renowned precision, this pleasure\u2026","rel":"","context":"Similar post","block_context":{"text":"Similar post","link":""},"img":{"alt_text":"Dillon Harper Fleshlight","src":"https:\/\/i0.wp.com\/sayoh.com\/wp-content\/uploads\/2026\/02\/Dillon-Harper-Fleshlight.jpg?fit=900%2C900&ssl=1&resize=350%2C200","width":350,"height":200,"srcset":"https:\/\/i0.wp.com\/sayoh.com\/wp-content\/uploads\/2026\/02\/Dillon-Harper-Fleshlight.jpg?fit=900%2C900&ssl=1&resize=350%2C200 1x, https:\/\/i0.wp.com\/sayoh.com\/wp-content\/uploads\/2026\/02\/Dillon-Harper-Fleshlight.jpg?fit=900%2C900&ssl=1&resize=525%2C300 1.5x, https:\/\/i0.wp.com\/sayoh.com\/wp-content\/uploads\/2026\/02\/Dillon-Harper-Fleshlight.jpg?fit=900%2C900&ssl=1&resize=700%2C400 2x"},"classes":[]},{"id":1804,"url":"https:\/\/sayoh.com\/dk\/vare\/fleshlight-piger-janice-griffith-eden-vagina\/","url_meta":{"origin":1832,"position":4},"title":"FLESHLIGHT GIRLS\u00ae - JANICE GRIFFITH EDEN VAGINA","author":"Admin","date":"februar 5, 2026","format":false,"excerpt":"Step into a fantasy that feels pure, intimate, and irresistibly real with the FLESHLIGHT GIRLS\u00ae \u2013 Janice Griffith Eden Vagina. Inspired by one of the most captivating stars in the world, this premium pleasure sleeve is crafted to deliver a deeply immersive experience that combines softness, realism, and refined sensation,\u2026","rel":"","context":"Similar post","block_context":{"text":"Similar post","link":""},"img":{"alt_text":"Janice Griffith Fleshlight","src":"https:\/\/i0.wp.com\/sayoh.com\/wp-content\/uploads\/2026\/02\/Janice-Griffith-Fleshlight.jpeg?fit=800%2C800&ssl=1&resize=350%2C200","width":350,"height":200,"srcset":"https:\/\/i0.wp.com\/sayoh.com\/wp-content\/uploads\/2026\/02\/Janice-Griffith-Fleshlight.jpeg?fit=800%2C800&ssl=1&resize=350%2C200 1x, https:\/\/i0.wp.com\/sayoh.com\/wp-content\/uploads\/2026\/02\/Janice-Griffith-Fleshlight.jpeg?fit=800%2C800&ssl=1&resize=525%2C300 1.5x, https:\/\/i0.wp.com\/sayoh.com\/wp-content\/uploads\/2026\/02\/Janice-Griffith-Fleshlight.jpeg?fit=800%2C800&ssl=1&resize=700%2C400 2x"},"classes":[]},{"id":1794,"url":"https:\/\/sayoh.com\/dk\/vare\/fleshlight-piger-adriana-chechik-vagina\/","url_meta":{"origin":1832,"position":5},"title":"FLESHLIGHT GIRLS\u00ae - ADRIANA CHECHIK VAGINA","author":"Admin","date":"februar 4, 2026","format":false,"excerpt":"Are you ready to explore an experience designed for intensity, realism, and unforgettable sensation? The FLESHLIGHT GIRLS\u00ae \u2013 Adriana Chechik Vagina invites you to step into a fantasy inspired by one of the most daring and energetic stars in the world. Crafted using authentic molds and Fleshlight\u2019s premium materials, this\u2026","rel":"","context":"Similar post","block_context":{"text":"Similar post","link":""},"img":{"alt_text":"ADRIANA CHECHIK Fleshlight","src":"https:\/\/i0.wp.com\/sayoh.com\/wp-content\/uploads\/2026\/02\/ADRIANA-CHECHIK-Fleshlight.jpeg?fit=800%2C800&ssl=1&resize=350%2C200","width":350,"height":200,"srcset":"https:\/\/i0.wp.com\/sayoh.com\/wp-content\/uploads\/2026\/02\/ADRIANA-CHECHIK-Fleshlight.jpeg?fit=800%2C800&ssl=1&resize=350%2C200 1x, https:\/\/i0.wp.com\/sayoh.com\/wp-content\/uploads\/2026\/02\/ADRIANA-CHECHIK-Fleshlight.jpeg?fit=800%2C800&ssl=1&resize=525%2C300 1.5x, https:\/\/i0.wp.com\/sayoh.com\/wp-content\/uploads\/2026\/02\/ADRIANA-CHECHIK-Fleshlight.jpeg?fit=800%2C800&ssl=1&resize=700%2C400 2x"},"classes":[]}],"_links":{"self":[{"href":"https:\/\/sayoh.com\/dk\/wp-json\/wp\/v2\/product\/1832","targetHints":{"allow":["GET"]}}],"collection":[{"href":"https:\/\/sayoh.com\/dk\/wp-json\/wp\/v2\/product"}],"about":[{"href":"https:\/\/sayoh.com\/dk\/wp-json\/wp\/v2\/types\/product"}],"replies":[{"embeddable":true,"href":"https:\/\/sayoh.com\/dk\/wp-json\/wp\/v2\/comments?post=1832"}],"version-history":[{"count":0,"href":"https:\/\/sayoh.com\/dk\/wp-json\/wp\/v2\/product\/1832\/revisions"}],"wp:featuredmedia":[{"embeddable":true,"href":"https:\/\/sayoh.com\/dk\/wp-json\/wp\/v2\/media\/1834"}],"wp:attachment":[{"href":"https:\/\/sayoh.com\/dk\/wp-json\/wp\/v2\/media?parent=1832"}],"wp:term":[{"taxonomy":"product_brand","embeddable":true,"href":"https:\/\/sayoh.com\/dk\/wp-json\/wp\/v2\/product_brand?post=1832"},{"taxonomy":"product_cat","embeddable":true,"href":"https:\/\/sayoh.com\/dk\/wp-json\/wp\/v2\/product_cat?post=1832"},{"taxonomy":"product_tag","embeddable":true,"href":"https:\/\/sayoh.com\/dk\/wp-json\/wp\/v2\/product_tag?post=1832"}],"curies":[{"name":"wp","href":"https:\/\/api.w.org\/{rel}","templated":true}]}}