{"id":29726,"date":"2026-02-14T11:21:47","date_gmt":"2026-02-14T10:21:47","guid":{"rendered":"https:\/\/sayoh.com\/?post_type=product&#038;p=29726"},"modified":"2026-02-14T11:21:49","modified_gmt":"2026-02-14T10:21:49","slug":"bathmate-hydroxtreme-7-penispumpe-x30","status":"publish","type":"product","link":"https:\/\/sayoh.com\/dk\/vare\/bathmate-hydroxtreme-7-penispumpe-x30\/","title":{"rendered":"BATHMATE - HYDROXTREME 7 PENISPUMPE X30"},"content":{"rendered":"<h2 data-start=\"196\" data-end=\"238\">Bathmate Hydroxtreme 7 vandbaseret pumpe<\/h2>\n<p data-start=\"240\" data-end=\"485\">BATHMATE - HYDROXTREME 7 PENIS PUMP X30 er en f\u00f8rsteklasses hydropumpe udviklet af <span class=\"hover:entity-accent entity-underline inline cursor-pointer align-baseline\"><span class=\"whitespace-normal\">Bathmate<\/span><\/span>. Denne model er designet til brug i badekarret eller brusebadet og bruger vandtryk i stedet for luft til at skabe kontrolleret, j\u00e6vn kompression.<\/p>\n<p data-start=\"487\" data-end=\"751\">Bathmate hydroxtreme 7 er en del af den opgraderede X30-serie og har raffineret teknik, forbedret komfortpolstring og forbedret strukturel holdbarhed. Den gennemsigtige cylinder giver et klart udsyn, mens den opgraderede base giver en mere sikker forsegling under brug.<\/p>\n<h2 data-start=\"753\" data-end=\"785\">Avanceret vandpumpeteknologi<\/h2>\n<p data-start=\"787\" data-end=\"984\">I mods\u00e6tning til traditionelle luftpumper bruger denne model vand til at fordele trykket j\u00e6vnt omkring skaftet. Fordi vand giver en ensartet kompression, f\u00f8les f\u00f8lelsen afbalanceret og kontrolleret.<\/p>\n<p data-start=\"986\" data-end=\"1192\">Bathmate hydroxtreme 7 er konstrueret med en komfortpude, der hviler mod kroppen for at underst\u00f8tte stabilitet og reducere ubehag. Det \u00f8vre ventilsystem g\u00f8r det muligt at regulere trykket under hver session.<\/p>\n<p data-start=\"1194\" data-end=\"1323\">Cylinderen er konstrueret af h\u00f8jkvalitets, ikke-por\u00f8se materialer og bevarer sin strukturelle integritet, samtidig med at den er holdbar over tid.<\/p>\n<h2 data-start=\"1325\" data-end=\"1343\">Hvordan bruges det?<\/h2>\n<ol data-start=\"1345\" data-end=\"2435\">\n<li data-start=\"1345\" data-end=\"1378\">\n<p data-start=\"1348\" data-end=\"1378\">Fyld badekarret med vand.<\/p>\n<\/li>\n<li data-start=\"1379\" data-end=\"1554\">\n<p data-start=\"1382\" data-end=\"1554\">N\u00e5r du sidder i badet, skal du placere pumpen helt under vandet, indtil den er helt fyldt. F\u00f8r penis ind i cylinderen, s\u00e5 den hviler behageligt mod b\u00e6kkenbunden.<\/p>\n<\/li>\n<li data-start=\"1555\" data-end=\"1768\">\n<p data-start=\"1558\" data-end=\"1768\">Skub forsigtigt enheden ind mod kroppen gentagne gange. Dette aktiverer den hydrauliske sammentr\u00e6kningsmekanisme i basen og skaber en vakuumeffekt. N\u00e5r vandet kommer ud gennem den \u00f8verste ventil, \u00f8ges trykket gradvist.<\/p>\n<\/li>\n<li data-start=\"1769\" data-end=\"1904\">\n<p data-start=\"1772\" data-end=\"1904\">N\u00e5r der ikke kan presses mere vand ud, skal du hvile i cirka fem minutter. Dette indikerer, at det optimale vakuumniveau er n\u00e5et.<\/p>\n<\/li>\n<li data-start=\"1905\" data-end=\"2052\">\n<p data-start=\"1908\" data-end=\"2052\">Genoptag pumpningen hvert fjerde til femte minut, og hvil derefter igen. Hver kompressionscyklus n\u00e5r et punkt, hvor der ikke kan tr\u00e6kkes mere vand ud.<\/p>\n<\/li>\n<li data-start=\"2053\" data-end=\"2136\">\n<p data-start=\"2056\" data-end=\"2136\">Forts\u00e6t denne cyklus med pumpning og hvile efter behov inden for din sessionstid.<\/p>\n<\/li>\n<li data-start=\"2137\" data-end=\"2353\">\n<p data-start=\"2140\" data-end=\"2353\">Hvis trykket f\u00f8les for st\u00e6rkt, skal du l\u00f8sne topventilen en smule, mens du stadig er under vandet, for at forhindre luft i at tr\u00e6nge ind. Efter 15 til 20 minutter skal du reducere trykket helt ved hj\u00e6lp af udl\u00f8serventilen, f\u00f8r du fjerner enheden.<\/p>\n<\/li>\n<li data-start=\"2354\" data-end=\"2435\">\n<p data-start=\"2357\" data-end=\"2435\">Anbefalet brug er 15 til 20 minutter pr. session, op til tre gange om ugen. Vi anbefaler dog at konsultere en l\u00e6ge f\u00f8r brug.<\/p>\n<\/li>\n<\/ol>\n<h2 data-start=\"2437\" data-end=\"2472\">Designet til struktureret tr\u00e6ning<\/h2>\n<p data-start=\"2474\" data-end=\"2710\">Dette vandbaserede system tilbyder et brusevenligt design, der eliminerer behovet for manuelle vakuump\u00e6rer. Bathmate hydroxtreme 7 kombinerer holdbarhed, kontrolleret trykregulering og ergonomisk komfort i et str\u00f8mlinet format.<\/p>\n<hr data-start=\"2712\" data-end=\"2715\" \/>\n<h2 data-start=\"2717\" data-end=\"2732\">Vigtige funktioner<\/h2>\n<ul data-start=\"2734\" data-end=\"2992\">\n<li data-start=\"2734\" data-end=\"2772\">\n<p data-start=\"2736\" data-end=\"2772\">Officielt Bathmate hydropumpedesign<\/p>\n<\/li>\n<li data-start=\"2773\" data-end=\"2804\">\n<p data-start=\"2775\" data-end=\"2804\">Vandbaseret tryksystem<\/p>\n<\/li>\n<li data-start=\"2805\" data-end=\"2828\">\n<p data-start=\"2807\" data-end=\"2828\">X30 opgraderet serie<\/p>\n<\/li>\n<li data-start=\"2829\" data-end=\"2856\">\n<p data-start=\"2831\" data-end=\"2856\">Klar, holdbar cylinder<\/p>\n<\/li>\n<li data-start=\"2857\" data-end=\"2890\">\n<p data-start=\"2859\" data-end=\"2890\">Komfortpude for bedre forsegling<\/p>\n<\/li>\n<li data-start=\"2891\" data-end=\"2918\">\n<p data-start=\"2893\" data-end=\"2918\">Ikke-por\u00f8s konstruktion<\/p>\n<\/li>\n<li data-start=\"2919\" data-end=\"2956\">\n<p data-start=\"2921\" data-end=\"2956\">Justerbar trykudl\u00f8sningsventil<\/p>\n<\/li>\n<li data-start=\"2957\" data-end=\"2992\">\n<p data-start=\"2959\" data-end=\"2992\">Designet til brug i badekar eller bruser<\/p>\n<\/li>\n<\/ul>","protected":false},"excerpt":{"rendered":"<p data-start=\"306\" data-end=\"586\">BATHMATE - HYDROXTREME 7 PENIS PUMP X30 er en f\u00f8rsteklasses vandbaseret pumpe udviklet af <span class=\"hover:entity-accent entity-underline inline cursor-pointer align-baseline\"><span class=\"whitespace-normal\">Bathmate<\/span><\/span>. Denne model er designet til brug i brusebad eller badekar og bruger hydropumpeteknologi til at skabe et kontrolleret vandtryk for en sikker og afbalanceret oplevelse.<\/p>","protected":false},"featured_media":29727,"comment_status":"open","ping_status":"closed","template":"","meta":{"_crdt_document":"","_monsterinsights_skip_tracking":false,"_monsterinsights_sitenote_active":false,"_monsterinsights_sitenote_note":"","_monsterinsights_sitenote_category":0,"jetpack_publicize_message":"","jetpack_publicize_feature_enabled":true,"jetpack_social_post_already_shared":true,"jetpack_social_options":{"image_generator_settings":{"template":"highway","default_image_id":0,"font":"","enabled":false},"version":2},"_wpas_customize_per_network":false},"product_brand":[1584],"product_cat":[1583],"product_tag":[1557,1585,1485],"class_list":{"0":"post-29726","1":"product","2":"type-product","3":"status-publish","4":"has-post-thumbnail","6":"product_brand-bathmate","7":"product_cat-penis-enlarger","8":"product_tag-couples","9":"product_tag-penis","10":"product_tag-premium","12":"first","13":"instock","14":"taxable","15":"shipping-taxable","16":"purchasable","17":"product-type-simple"},"yoast_head":"<!-- This site is optimized with the Yoast SEO Premium plugin v27.1 (Yoast SEO v27.4) - https:\/\/yoast.com\/product\/yoast-seo-premium-wordpress\/ -->\n<title>BATHMATE - HYDROXTREME 7 PENIS PUMP X30 - SayOh<\/title>\n<meta name=\"description\" content=\"Shop the Bathmate Hydroxtreme 7 X30 water-based pump with upgraded comfort pad and hydropump technology. Designed for shower use and controlled pressure.\" \/>\n<meta name=\"robots\" content=\"index, follow, max-snippet:-1, max-image-preview:large, max-video-preview:-1\" \/>\n<link rel=\"canonical\" href=\"https:\/\/sayoh.com\/dk\/vare\/bathmate-hydroxtreme-7-penispumpe-x30\/\" \/>\n<meta property=\"og:locale\" content=\"da_DK\" \/>\n<meta property=\"og:type\" content=\"article\" \/>\n<meta property=\"og:title\" content=\"BATHMATE - HYDROXTREME 7 PENIS PUMP X30\" \/>\n<meta property=\"og:description\" content=\"Shop the Bathmate Hydroxtreme 7 X30 water-based pump with upgraded comfort pad and hydropump technology. Designed for shower use and controlled pressure.\" \/>\n<meta property=\"og:url\" content=\"https:\/\/sayoh.com\/dk\/vare\/bathmate-hydroxtreme-7-penispumpe-x30\/\" \/>\n<meta property=\"og:site_name\" content=\"SayOh\" \/>\n<meta property=\"article:modified_time\" content=\"2026-02-14T10:21:49+00:00\" \/>\n<meta property=\"og:image\" content=\"https:\/\/sayoh.com\/wp-content\/uploads\/2026\/02\/Bathmate-hydroextreme.jpg\" \/>\n\t<meta property=\"og:image:width\" content=\"800\" \/>\n\t<meta property=\"og:image:height\" content=\"800\" \/>\n\t<meta property=\"og:image:type\" content=\"image\/jpeg\" \/>\n<meta name=\"twitter:card\" content=\"summary_large_image\" \/>\n<meta name=\"twitter:label1\" content=\"Estimeret l\u00e6setid\" \/>\n\t<meta name=\"twitter:data1\" content=\"2 minutter\" \/>\n<script type=\"application\/ld+json\" class=\"yoast-schema-graph\">{\"@context\":\"https:\\\/\\\/schema.org\",\"@graph\":[{\"@type\":\"WebPage\",\"@id\":\"https:\\\/\\\/sayoh.com\\\/product\\\/bathmate-hydroxtreme-7-penis-pump-x30\\\/\",\"url\":\"https:\\\/\\\/sayoh.com\\\/product\\\/bathmate-hydroxtreme-7-penis-pump-x30\\\/\",\"name\":\"BATHMATE - HYDROXTREME 7 PENIS PUMP X30 - SayOh\",\"isPartOf\":{\"@id\":\"https:\\\/\\\/sayoh.com\\\/#website\"},\"primaryImageOfPage\":{\"@id\":\"https:\\\/\\\/sayoh.com\\\/product\\\/bathmate-hydroxtreme-7-penis-pump-x30\\\/#primaryimage\"},\"image\":{\"@id\":\"https:\\\/\\\/sayoh.com\\\/product\\\/bathmate-hydroxtreme-7-penis-pump-x30\\\/#primaryimage\"},\"thumbnailUrl\":\"https:\\\/\\\/i0.wp.com\\\/sayoh.com\\\/wp-content\\\/uploads\\\/2026\\\/02\\\/Bathmate-hydroextreme.jpg?fit=800%2C800&ssl=1\",\"datePublished\":\"2026-02-14T10:21:47+00:00\",\"dateModified\":\"2026-02-14T10:21:49+00:00\",\"description\":\"Shop the Bathmate Hydroxtreme 7 X30 water-based pump with upgraded comfort pad and hydropump technology. Designed for shower use and controlled pressure.\",\"breadcrumb\":{\"@id\":\"https:\\\/\\\/sayoh.com\\\/product\\\/bathmate-hydroxtreme-7-penis-pump-x30\\\/#breadcrumb\"},\"inLanguage\":\"da-DK\",\"potentialAction\":[{\"@type\":\"ReadAction\",\"target\":[\"https:\\\/\\\/sayoh.com\\\/product\\\/bathmate-hydroxtreme-7-penis-pump-x30\\\/\"]}]},{\"@type\":\"ImageObject\",\"inLanguage\":\"da-DK\",\"@id\":\"https:\\\/\\\/sayoh.com\\\/product\\\/bathmate-hydroxtreme-7-penis-pump-x30\\\/#primaryimage\",\"url\":\"https:\\\/\\\/i0.wp.com\\\/sayoh.com\\\/wp-content\\\/uploads\\\/2026\\\/02\\\/Bathmate-hydroextreme.jpg?fit=800%2C800&ssl=1\",\"contentUrl\":\"https:\\\/\\\/i0.wp.com\\\/sayoh.com\\\/wp-content\\\/uploads\\\/2026\\\/02\\\/Bathmate-hydroextreme.jpg?fit=800%2C800&ssl=1\",\"width\":800,\"height\":800,\"caption\":\"Bathmate hydroextreme\"},{\"@type\":\"BreadcrumbList\",\"@id\":\"https:\\\/\\\/sayoh.com\\\/product\\\/bathmate-hydroxtreme-7-penis-pump-x30\\\/#breadcrumb\",\"itemListElement\":[{\"@type\":\"ListItem\",\"position\":1,\"name\":\"Home\",\"item\":\"https:\\\/\\\/sayoh.com\\\/\"},{\"@type\":\"ListItem\",\"position\":2,\"name\":\"Shop\",\"item\":\"https:\\\/\\\/sayoh.com\\\/shop\\\/\"},{\"@type\":\"ListItem\",\"position\":3,\"name\":\"BATHMATE &#8211; HYDROXTREME 7 PENIS PUMP X30\"}]},{\"@type\":\"WebSite\",\"@id\":\"https:\\\/\\\/sayoh.com\\\/#website\",\"url\":\"https:\\\/\\\/sayoh.com\\\/\",\"name\":\"Say Oh\",\"description\":\"Playful, fun and safe sex\",\"publisher\":{\"@id\":\"https:\\\/\\\/sayoh.com\\\/#organization\"},\"potentialAction\":[{\"@type\":\"SearchAction\",\"target\":{\"@type\":\"EntryPoint\",\"urlTemplate\":\"https:\\\/\\\/sayoh.com\\\/?s={search_term_string}\"},\"query-input\":{\"@type\":\"PropertyValueSpecification\",\"valueRequired\":true,\"valueName\":\"search_term_string\"}}],\"inLanguage\":\"da-DK\"},{\"@type\":\"Organization\",\"@id\":\"https:\\\/\\\/sayoh.com\\\/#organization\",\"name\":\"Say Oh\",\"url\":\"https:\\\/\\\/sayoh.com\\\/\",\"logo\":{\"@type\":\"ImageObject\",\"inLanguage\":\"da-DK\",\"@id\":\"https:\\\/\\\/sayoh.com\\\/#\\\/schema\\\/logo\\\/image\\\/\",\"url\":\"https:\\\/\\\/i0.wp.com\\\/sayoh.com\\\/wp-content\\\/uploads\\\/2023\\\/11\\\/cropped-image_123650291.jpg?fit=512%2C512&ssl=1\",\"contentUrl\":\"https:\\\/\\\/i0.wp.com\\\/sayoh.com\\\/wp-content\\\/uploads\\\/2023\\\/11\\\/cropped-image_123650291.jpg?fit=512%2C512&ssl=1\",\"width\":512,\"height\":512,\"caption\":\"Say Oh\"},\"image\":{\"@id\":\"https:\\\/\\\/sayoh.com\\\/#\\\/schema\\\/logo\\\/image\\\/\"}}]}<\/script>\n<!-- \/ Yoast SEO Premium plugin. -->","yoast_head_json":{"title":"BATHMATE - HYDROXTREME 7 PENIS PUMP X30 - SayOh","description":"K\u00f8b Bathmate Hydroxtreme 7 X30 vandbaseret pumpe med opgraderet komfortpude og hydropumpeteknologi. Designet til brug i brusebad og kontrolleret tryk.","robots":{"index":"index","follow":"follow","max-snippet":"max-snippet:-1","max-image-preview":"max-image-preview:large","max-video-preview":"max-video-preview:-1"},"canonical":"https:\/\/sayoh.com\/dk\/vare\/bathmate-hydroxtreme-7-penispumpe-x30\/","og_locale":"da_DK","og_type":"article","og_title":"BATHMATE - HYDROXTREME 7 PENIS PUMP X30","og_description":"Shop the Bathmate Hydroxtreme 7 X30 water-based pump with upgraded comfort pad and hydropump technology. Designed for shower use and controlled pressure.","og_url":"https:\/\/sayoh.com\/dk\/vare\/bathmate-hydroxtreme-7-penispumpe-x30\/","og_site_name":"SayOh","article_modified_time":"2026-02-14T10:21:49+00:00","og_image":[{"width":800,"height":800,"url":"https:\/\/sayoh.com\/wp-content\/uploads\/2026\/02\/Bathmate-hydroextreme.jpg","type":"image\/jpeg"}],"twitter_card":"summary_large_image","twitter_misc":{"Estimeret l\u00e6setid":"2 minutter"},"schema":{"@context":"https:\/\/schema.org","@graph":[{"@type":"WebPage","@id":"https:\/\/sayoh.com\/product\/bathmate-hydroxtreme-7-penis-pump-x30\/","url":"https:\/\/sayoh.com\/product\/bathmate-hydroxtreme-7-penis-pump-x30\/","name":"BATHMATE - HYDROXTREME 7 PENIS PUMP X30 - SayOh","isPartOf":{"@id":"https:\/\/sayoh.com\/#website"},"primaryImageOfPage":{"@id":"https:\/\/sayoh.com\/product\/bathmate-hydroxtreme-7-penis-pump-x30\/#primaryimage"},"image":{"@id":"https:\/\/sayoh.com\/product\/bathmate-hydroxtreme-7-penis-pump-x30\/#primaryimage"},"thumbnailUrl":"https:\/\/i0.wp.com\/sayoh.com\/wp-content\/uploads\/2026\/02\/Bathmate-hydroextreme.jpg?fit=800%2C800&ssl=1","datePublished":"2026-02-14T10:21:47+00:00","dateModified":"2026-02-14T10:21:49+00:00","description":"K\u00f8b Bathmate Hydroxtreme 7 X30 vandbaseret pumpe med opgraderet komfortpude og hydropumpeteknologi. Designet til brug i brusebad og kontrolleret tryk.","breadcrumb":{"@id":"https:\/\/sayoh.com\/product\/bathmate-hydroxtreme-7-penis-pump-x30\/#breadcrumb"},"inLanguage":"da-DK","potentialAction":[{"@type":"ReadAction","target":["https:\/\/sayoh.com\/product\/bathmate-hydroxtreme-7-penis-pump-x30\/"]}]},{"@type":"ImageObject","inLanguage":"da-DK","@id":"https:\/\/sayoh.com\/product\/bathmate-hydroxtreme-7-penis-pump-x30\/#primaryimage","url":"https:\/\/i0.wp.com\/sayoh.com\/wp-content\/uploads\/2026\/02\/Bathmate-hydroextreme.jpg?fit=800%2C800&ssl=1","contentUrl":"https:\/\/i0.wp.com\/sayoh.com\/wp-content\/uploads\/2026\/02\/Bathmate-hydroextreme.jpg?fit=800%2C800&ssl=1","width":800,"height":800,"caption":"Bathmate hydroextreme"},{"@type":"BreadcrumbList","@id":"https:\/\/sayoh.com\/product\/bathmate-hydroxtreme-7-penis-pump-x30\/#breadcrumb","itemListElement":[{"@type":"ListItem","position":1,"name":"Home","item":"https:\/\/sayoh.com\/"},{"@type":"ListItem","position":2,"name":"Shop","item":"https:\/\/sayoh.com\/shop\/"},{"@type":"ListItem","position":3,"name":"BATHMATE &#8211; HYDROXTREME 7 PENIS PUMP X30"}]},{"@type":"WebSite","@id":"https:\/\/sayoh.com\/#website","url":"https:\/\/sayoh.com\/","name":"Sig \u00e5h","description":"Legende, sjov og sikker sex","publisher":{"@id":"https:\/\/sayoh.com\/#organization"},"potentialAction":[{"@type":"SearchAction","target":{"@type":"EntryPoint","urlTemplate":"https:\/\/sayoh.com\/?s={search_term_string}"},"query-input":{"@type":"PropertyValueSpecification","valueRequired":true,"valueName":"search_term_string"}}],"inLanguage":"da-DK"},{"@type":"Organization","@id":"https:\/\/sayoh.com\/#organization","name":"Sig \u00e5h","url":"https:\/\/sayoh.com\/","logo":{"@type":"ImageObject","inLanguage":"da-DK","@id":"https:\/\/sayoh.com\/#\/schema\/logo\/image\/","url":"https:\/\/i0.wp.com\/sayoh.com\/wp-content\/uploads\/2023\/11\/cropped-image_123650291.jpg?fit=512%2C512&ssl=1","contentUrl":"https:\/\/i0.wp.com\/sayoh.com\/wp-content\/uploads\/2023\/11\/cropped-image_123650291.jpg?fit=512%2C512&ssl=1","width":512,"height":512,"caption":"Say Oh"},"image":{"@id":"https:\/\/sayoh.com\/#\/schema\/logo\/image\/"}}]}},"jetpack_publicize_connections":[],"jetpack_likes_enabled":true,"jetpack_sharing_enabled":true,"jetpack-related-posts":[{"id":30123,"url":"https:\/\/sayoh.com\/dk\/vare\/bathmate-shower-strap-support-harness\/","url_meta":{"origin":29726,"position":0},"title":"BATHMATE - BRUSEBADSSELE MED ST\u00d8TTE","author":"Admin","date":"marts 2, 2026","format":false,"excerpt":"The Bathmate Shower Strap Support Harness lets you go hands-free during hydropump sessions. Adjustable, water-resistant, and compatible with every Bathmate model \u2014 it turns your enhancement routine into something you barely notice.","rel":"","context":"Similar post","block_context":{"text":"Similar post","link":""},"img":{"alt_text":"BATHMATE \u2013 SHOWER STRAP SUPPORT HARNESS","src":"https:\/\/i0.wp.com\/sayoh.com\/wp-content\/uploads\/2026\/03\/img_34149_6bd661e430628e1d2f4584a140811e2d_1.jpg?fit=590%2C590&ssl=1&resize=350%2C200","width":350,"height":200,"srcset":"https:\/\/i0.wp.com\/sayoh.com\/wp-content\/uploads\/2026\/03\/img_34149_6bd661e430628e1d2f4584a140811e2d_1.jpg?fit=590%2C590&ssl=1&resize=350%2C200 1x, https:\/\/i0.wp.com\/sayoh.com\/wp-content\/uploads\/2026\/03\/img_34149_6bd661e430628e1d2f4584a140811e2d_1.jpg?fit=590%2C590&ssl=1&resize=525%2C300 1.5x"},"classes":[]},{"id":30118,"url":"https:\/\/sayoh.com\/dk\/vare\/bathmate-hydro-7-hercules-transparent\/","url_meta":{"origin":29726,"position":1},"title":"BATHMATE - HYDRO 7 HERCULES TRANSPARENT","author":"Admin","date":"marts 2, 2026","format":false,"excerpt":"The Bathmate Hydro 7 Hercules Transparent is the world's best-selling hydraulic penis pump, using warm water to deliver safe, even pressure for visible results from the very first session. Effortless to use in the bath or shower \u2014 just 15 minutes, three times a week.","rel":"","context":"Similar post","block_context":{"text":"Similar post","link":""},"img":{"alt_text":"BATHMATE \u2013 HYDRO 7 HERCULES TRANSPARENT","src":"https:\/\/i0.wp.com\/sayoh.com\/wp-content\/uploads\/2026\/03\/img_164590_920e49a866f4a4688f582e508c91819a_1.jpg?fit=800%2C800&ssl=1&resize=350%2C200","width":350,"height":200,"srcset":"https:\/\/i0.wp.com\/sayoh.com\/wp-content\/uploads\/2026\/03\/img_164590_920e49a866f4a4688f582e508c91819a_1.jpg?fit=800%2C800&ssl=1&resize=350%2C200 1x, https:\/\/i0.wp.com\/sayoh.com\/wp-content\/uploads\/2026\/03\/img_164590_920e49a866f4a4688f582e508c91819a_1.jpg?fit=800%2C800&ssl=1&resize=525%2C300 1.5x, https:\/\/i0.wp.com\/sayoh.com\/wp-content\/uploads\/2026\/03\/img_164590_920e49a866f4a4688f582e508c91819a_1.jpg?fit=800%2C800&ssl=1&resize=700%2C400 2x"},"classes":[]},{"id":34306,"url":"https:\/\/sayoh.com\/dk\/vare\/bathmate-training-kit-3-anal-plugs\/","url_meta":{"origin":29726,"position":2},"title":"BATHMATE &#8211; TRAINING KIT 3 ANAL PLUGS","author":"Admin","date":"marts 6, 2026","format":false,"excerpt":"The BATHMATE - TRAINING KIT 3 ANAL PLUGS by BATHMATE delivers exactly what you need \u2014 intense, reliable pleasure in a beautifully designed package. This premium anal toy is perfect for anyone who refuses to settle for less.","rel":"","context":"Similar post","block_context":{"text":"Similar post","link":""},"img":{"alt_text":"","src":"https:\/\/i0.wp.com\/sayoh.com\/wp-content\/uploads\/2026\/03\/img_218395_5f6888eb184642dc2ac41305bdacf68a_1.jpg?fit=900%2C900&ssl=1&resize=350%2C200","width":350,"height":200,"srcset":"https:\/\/i0.wp.com\/sayoh.com\/wp-content\/uploads\/2026\/03\/img_218395_5f6888eb184642dc2ac41305bdacf68a_1.jpg?fit=900%2C900&ssl=1&resize=350%2C200 1x, https:\/\/i0.wp.com\/sayoh.com\/wp-content\/uploads\/2026\/03\/img_218395_5f6888eb184642dc2ac41305bdacf68a_1.jpg?fit=900%2C900&ssl=1&resize=525%2C300 1.5x, https:\/\/i0.wp.com\/sayoh.com\/wp-content\/uploads\/2026\/03\/img_218395_5f6888eb184642dc2ac41305bdacf68a_1.jpg?fit=900%2C900&ssl=1&resize=700%2C400 2x"},"classes":[]},{"id":29786,"url":"https:\/\/sayoh.com\/dk\/vare\/intense-pump-pump-01\/","url_meta":{"origin":29726,"position":3},"title":"INTENS - PUMPE PUMPE 01","author":"Admin","date":"februar 15, 2026","format":false,"excerpt":"The INTENSE - PUMP BLACK PUMP 01 is a compact vacuum system designed for controlled pressure training and enhanced erection firmness. Developed by Intense, this model combines a durable cylinder with manual suction control for measured, adjustable intensity.","rel":"","context":"Similar post","block_context":{"text":"Similar post","link":""},"img":{"alt_text":"Intense Pump","src":"https:\/\/i0.wp.com\/sayoh.com\/wp-content\/uploads\/2026\/02\/Intense-Pump.png?fit=800%2C800&ssl=1&resize=350%2C200","width":350,"height":200,"srcset":"https:\/\/i0.wp.com\/sayoh.com\/wp-content\/uploads\/2026\/02\/Intense-Pump.png?fit=800%2C800&ssl=1&resize=350%2C200 1x, https:\/\/i0.wp.com\/sayoh.com\/wp-content\/uploads\/2026\/02\/Intense-Pump.png?fit=800%2C800&ssl=1&resize=525%2C300 1.5x, https:\/\/i0.wp.com\/sayoh.com\/wp-content\/uploads\/2026\/02\/Intense-Pump.png?fit=800%2C800&ssl=1&resize=700%2C400 2x"},"classes":[]},{"id":29757,"url":"https:\/\/sayoh.com\/dk\/vare\/pumpeafhaengig\/","url_meta":{"origin":29726,"position":4},"title":"PUMP ADDICTED - PENISPUMPE RX7 TRANSPARENT","author":"Admin","date":"februar 15, 2026","format":false,"excerpt":"PUMP ADDICTED - RX7 TRANSPARENT er en str\u00f8mlinet vakuumpumpe udviklet af Pump Addicted til m\u00e6nd, der \u00f8nsker forbedret erektionsfasthed, forbedret visuel fylde og kontrolleret tryktr\u00e6ning. Denne model er designet med en klar cylinder og en ergonomisk base og giver b\u00e5de ydeevne og synlighed under brug.","rel":"","context":"Similar post","block_context":{"text":"Similar post","link":""},"img":{"alt_text":"pump addicted rx7","src":"https:\/\/i0.wp.com\/sayoh.com\/wp-content\/uploads\/2026\/02\/pump-addicted-rx7.png?fit=900%2C900&ssl=1&resize=350%2C200","width":350,"height":200,"srcset":"https:\/\/i0.wp.com\/sayoh.com\/wp-content\/uploads\/2026\/02\/pump-addicted-rx7.png?fit=900%2C900&ssl=1&resize=350%2C200 1x, https:\/\/i0.wp.com\/sayoh.com\/wp-content\/uploads\/2026\/02\/pump-addicted-rx7.png?fit=900%2C900&ssl=1&resize=525%2C300 1.5x, https:\/\/i0.wp.com\/sayoh.com\/wp-content\/uploads\/2026\/02\/pump-addicted-rx7.png?fit=900%2C900&ssl=1&resize=700%2C400 2x"},"classes":[]},{"id":29734,"url":"https:\/\/sayoh.com\/dk\/vare\/pdx-elite-blowjob-power-pump\/","url_meta":{"origin":29726,"position":5},"title":"PDX ELITE - BLOWJOB POWER PUMP","author":"Admin","date":"februar 14, 2026","format":false,"excerpt":"The PDX ELITE - BLOWJOB POWER PUMP by PDX Elite is designed to deliver controlled suction in a compact, easy-to-use format. Combining manual pressure control with a textured interior sleeve, this model focuses on adjustable intensity and structured sensation.","rel":"","context":"Similar post","block_context":{"text":"Similar post","link":""},"img":{"alt_text":"BLOWJOB POWER PUMP","src":"https:\/\/i0.wp.com\/sayoh.com\/wp-content\/uploads\/2026\/02\/BLOWJOB-POWER-PUMP.jpg?fit=800%2C800&ssl=1&resize=350%2C200","width":350,"height":200,"srcset":"https:\/\/i0.wp.com\/sayoh.com\/wp-content\/uploads\/2026\/02\/BLOWJOB-POWER-PUMP.jpg?fit=800%2C800&ssl=1&resize=350%2C200 1x, https:\/\/i0.wp.com\/sayoh.com\/wp-content\/uploads\/2026\/02\/BLOWJOB-POWER-PUMP.jpg?fit=800%2C800&ssl=1&resize=525%2C300 1.5x, https:\/\/i0.wp.com\/sayoh.com\/wp-content\/uploads\/2026\/02\/BLOWJOB-POWER-PUMP.jpg?fit=800%2C800&ssl=1&resize=700%2C400 2x"},"classes":[]}],"_links":{"self":[{"href":"https:\/\/sayoh.com\/dk\/wp-json\/wp\/v2\/product\/29726","targetHints":{"allow":["GET"]}}],"collection":[{"href":"https:\/\/sayoh.com\/dk\/wp-json\/wp\/v2\/product"}],"about":[{"href":"https:\/\/sayoh.com\/dk\/wp-json\/wp\/v2\/types\/product"}],"replies":[{"embeddable":true,"href":"https:\/\/sayoh.com\/dk\/wp-json\/wp\/v2\/comments?post=29726"}],"version-history":[{"count":0,"href":"https:\/\/sayoh.com\/dk\/wp-json\/wp\/v2\/product\/29726\/revisions"}],"wp:featuredmedia":[{"embeddable":true,"href":"https:\/\/sayoh.com\/dk\/wp-json\/wp\/v2\/media\/29727"}],"wp:attachment":[{"href":"https:\/\/sayoh.com\/dk\/wp-json\/wp\/v2\/media?parent=29726"}],"wp:term":[{"taxonomy":"product_brand","embeddable":true,"href":"https:\/\/sayoh.com\/dk\/wp-json\/wp\/v2\/product_brand?post=29726"},{"taxonomy":"product_cat","embeddable":true,"href":"https:\/\/sayoh.com\/dk\/wp-json\/wp\/v2\/product_cat?post=29726"},{"taxonomy":"product_tag","embeddable":true,"href":"https:\/\/sayoh.com\/dk\/wp-json\/wp\/v2\/product_tag?post=29726"}],"curies":[{"name":"wp","href":"https:\/\/api.w.org\/{rel}","templated":true}]}}