{"id":30570,"date":"2026-03-03T09:32:01","date_gmt":"2026-03-03T08:32:01","guid":{"rendered":"https:\/\/sayoh.com\/?post_type=product&#038;p=30570"},"modified":"2026-03-03T18:08:07","modified_gmt":"2026-03-03T17:08:07","slug":"baile-angel-soft-touch-mandlig-masturbator-sleeve-vagina","status":"publish","type":"product","link":"https:\/\/sayoh.com\/dk\/vare\/baile-angel-soft-touch-mandlig-masturbator-sleeve-vagina\/","title":{"rendered":"BAILE - ENGEL SOFT TOUCH MANDLIG MASTURBATOR SLEEVE VAGINA"},"content":{"rendered":"<h2>Hvorfor n\u00f8jes med det almindelige<\/h2>\n<p>I det \u00f8jeblik du holder <strong>BAILE - ENGEL SOFT TOUCH MANDLIG MASTURBATOR SLEEVE VAGINA<\/strong> i dine h\u00e6nder, vil du m\u00e6rke forskellen. Dette er ikke endnu en generisk masturbator - det er et omhyggeligt konstrueret nydelsesprodukt fra BAILE FOR HIM, der prioriterer din tilfredshed over alt andet.<\/p>\n<p>Uanset om du g\u00e5r p\u00e5 opdagelse p\u00e5 egen h\u00e5nd eller deler en intim aften med en partner, s\u00e5 er <strong>BAILE - ENGEL SOFT TOUCH MANDLIG MASTURBATOR SLEEVE VAGINA<\/strong> tilpasser sig dit hum\u00f8r og dine \u00f8nsker. Dens design inviterer dig til at tage dig tid, finde ud af, hvad der f\u00f8les bedst, og fortabe dig i \u00f8jeblikket. Det er den slags produkter, der fortjener en fast plads i din natbordsskuffe.<\/p>\n<h2>Designet omkring din forn\u00f8jelse<\/h2>\n<p>Udformningen af <strong>BAILE - ENGEL SOFT TOUCH MANDLIG MASTURBATOR SLEEVE VAGINA<\/strong> har den perfekte balance mellem form og funktion. Den ser fantastisk ud, f\u00f8les fantastisk og fungerer pr\u00e6cis som lovet. BAILE FOR HIM har ry for at levere kvalitet, og dette produkt er ingen undtagelse.<\/p>\n<p>Uanset om du er f\u00f8rstegangsk\u00f8ber eller supplerer en etableret samling, vil du s\u00e6tte pris p\u00e5 den omtanke, der er lagt i alle aspekter af denne masturbator. Det er den slags produkt, du anbefaler til venner - diskret, selvf\u00f8lgelig.<\/p>\n<h2>Bygget til det virkelige liv<\/h2>\n<p>Ud over forn\u00f8jelsen er <strong>BAILE - ENGEL SOFT TOUCH MANDLIG MASTURBATOR SLEEVE VAGINA<\/strong> scorer h\u00f8jt p\u00e5 praktisk anvendelighed. Den er nem at reng\u00f8re, nem at opbevare og bygget til at holde til mange sessioner. Materialerne er allergivenlige og kropssikre, s\u00e5 der er ikke andet at bekymre sig om end at nyde det.<\/p>\n<p>Hos Sayoh mener vi, at alle fortjener adgang til intimprodukter af h\u00f8j kvalitet uden at blive d\u00f8mt. Din ordre sendes i helt almindelig emballage, og vores hurtige danske levering betyder, at du allerede kan nyde dine nye <strong>BAILE - ENGEL SOFT TOUCH MANDLIG MASTURBATOR SLEEVE VAGINA<\/strong> hurtigere end du tror.<\/p>\n<h2>Vigtige funktioner<\/h2>\n<ul>\n<li>Fremstillet af body-safe, der giver den en fremragende tou, der f\u00f8les silkeagtig mod din hud<\/li>\n<li>Diskret indpakning og hurtig levering i hele Danmark<\/li>\n<li>F\u00f8rsteklasses kvalitet fra BAILE FOR HIM<\/li>\n<li>Let at reng\u00f8re og vedligeholde for varig gl\u00e6de<\/li>\n<li>Ergonomisk designet til at passe naturligt til din krop<\/li>\n<li>Perfekt til solo-eventyr eller f\u00e6lles intime \u00f8jeblikke<\/li>\n<\/ul>","protected":false},"excerpt":{"rendered":"<p>Womanizer <strong>BAILE - ENGEL SOFT TOUCH MANDLIG MASTURBATOR SLEEVE VAGINA<\/strong> by BAILE FOR HIM leverer pr\u00e6cis det, du har brug for - intens, p\u00e5lidelig nydelse i en smukt designet indpakning. Denne f\u00f8rsteklasses masturbator er perfekt til alle, der n\u00e6gter at n\u00f8jes med mindre.<\/p>","protected":false},"featured_media":30561,"comment_status":"open","ping_status":"closed","template":"","meta":{"_crdt_document":"","_monsterinsights_skip_tracking":false,"_monsterinsights_sitenote_active":false,"_monsterinsights_sitenote_note":"","_monsterinsights_sitenote_category":0,"jetpack_publicize_message":"","jetpack_publicize_feature_enabled":true,"jetpack_social_post_already_shared":true,"jetpack_social_options":{"image_generator_settings":{"template":"highway","default_image_id":0,"font":"","enabled":false},"version":2},"_wpas_customize_per_network":false},"product_brand":[1596],"product_cat":[1598,1580,1464,1463,1471],"product_tag":[1557,1467,1569],"class_list":{"0":"post-30570","1":"product","2":"type-product","3":"status-publish","4":"has-post-thumbnail","6":"product_brand-baile","7":"product_cat-couples","8":"product_cat-lgbt","9":"product_cat-masturbator","10":"product_cat-men","11":"product_cat-vagina","12":"product_tag-couples","13":"product_tag-masturbator","14":"product_tag-penetration","16":"first","17":"instock","18":"taxable","19":"shipping-taxable","20":"purchasable","21":"product-type-simple"},"yoast_head":"<!-- This site is optimized with the Yoast SEO Premium plugin v27.1 (Yoast SEO v27.4) - https:\/\/yoast.com\/product\/yoast-seo-premium-wordpress\/ -->\n<title>BAILE - ANGEL SOFT TOUCH MALE MASTURBATOR SLEEVE VAGINA - SayOh<\/title>\n<meta name=\"description\" content=\"Buy the baile angel soft touch from BAILE FOR HIM. A premium addition to your collection, crafted for maximum satisfaction. Discreet delivery in DK.\" \/>\n<meta name=\"robots\" content=\"index, follow, max-snippet:-1, max-image-preview:large, max-video-preview:-1\" \/>\n<link rel=\"canonical\" href=\"https:\/\/sayoh.com\/dk\/vare\/baile-angel-soft-touch-mandlig-masturbator-sleeve-vagina\/\" \/>\n<meta property=\"og:locale\" content=\"da_DK\" \/>\n<meta property=\"og:type\" content=\"article\" \/>\n<meta property=\"og:title\" content=\"BAILE - ANGEL SOFT TOUCH MALE MASTURBATOR SLEEVE VAGINA\" \/>\n<meta property=\"og:description\" content=\"Buy the baile angel soft touch from BAILE FOR HIM. A premium addition to your collection, crafted for maximum satisfaction. Discreet delivery in DK.\" \/>\n<meta property=\"og:url\" content=\"https:\/\/sayoh.com\/dk\/vare\/baile-angel-soft-touch-mandlig-masturbator-sleeve-vagina\/\" \/>\n<meta property=\"og:site_name\" content=\"SayOh\" \/>\n<meta property=\"article:modified_time\" content=\"2026-03-03T17:08:07+00:00\" \/>\n<meta property=\"og:image\" content=\"https:\/\/i0.wp.com\/sayoh.com\/wp-content\/uploads\/2026\/03\/img_31487_6ea79e5129e181dac8ab8b266bb9aad9_1.jpg?fit=730%2C730&ssl=1\" \/>\n\t<meta property=\"og:image:width\" content=\"730\" \/>\n\t<meta property=\"og:image:height\" content=\"730\" \/>\n\t<meta property=\"og:image:type\" content=\"image\/jpeg\" \/>\n<meta name=\"twitter:card\" content=\"summary_large_image\" \/>\n<meta name=\"twitter:label1\" content=\"Estimeret l\u00e6setid\" \/>\n\t<meta name=\"twitter:data1\" content=\"2 minutter\" \/>\n<script type=\"application\/ld+json\" class=\"yoast-schema-graph\">{\"@context\":\"https:\\\/\\\/schema.org\",\"@graph\":[{\"@type\":\"WebPage\",\"@id\":\"https:\\\/\\\/sayoh.com\\\/product\\\/baile-angel-soft-touch-male-masturbator-sleeve-vagina\\\/\",\"url\":\"https:\\\/\\\/sayoh.com\\\/product\\\/baile-angel-soft-touch-male-masturbator-sleeve-vagina\\\/\",\"name\":\"BAILE - ANGEL SOFT TOUCH MALE MASTURBATOR SLEEVE VAGINA - SayOh\",\"isPartOf\":{\"@id\":\"https:\\\/\\\/sayoh.com\\\/#website\"},\"primaryImageOfPage\":{\"@id\":\"https:\\\/\\\/sayoh.com\\\/product\\\/baile-angel-soft-touch-male-masturbator-sleeve-vagina\\\/#primaryimage\"},\"image\":{\"@id\":\"https:\\\/\\\/sayoh.com\\\/product\\\/baile-angel-soft-touch-male-masturbator-sleeve-vagina\\\/#primaryimage\"},\"thumbnailUrl\":\"https:\\\/\\\/i0.wp.com\\\/sayoh.com\\\/wp-content\\\/uploads\\\/2026\\\/03\\\/img_31487_6ea79e5129e181dac8ab8b266bb9aad9_1.jpg?fit=730%2C730&ssl=1\",\"datePublished\":\"2026-03-03T08:32:01+00:00\",\"dateModified\":\"2026-03-03T17:08:07+00:00\",\"description\":\"Buy the baile angel soft touch from BAILE FOR HIM. A premium addition to your collection, crafted for maximum satisfaction. Discreet delivery in DK.\",\"breadcrumb\":{\"@id\":\"https:\\\/\\\/sayoh.com\\\/product\\\/baile-angel-soft-touch-male-masturbator-sleeve-vagina\\\/#breadcrumb\"},\"inLanguage\":\"da-DK\",\"potentialAction\":[{\"@type\":\"ReadAction\",\"target\":[\"https:\\\/\\\/sayoh.com\\\/product\\\/baile-angel-soft-touch-male-masturbator-sleeve-vagina\\\/\"]}]},{\"@type\":\"ImageObject\",\"inLanguage\":\"da-DK\",\"@id\":\"https:\\\/\\\/sayoh.com\\\/product\\\/baile-angel-soft-touch-male-masturbator-sleeve-vagina\\\/#primaryimage\",\"url\":\"https:\\\/\\\/i0.wp.com\\\/sayoh.com\\\/wp-content\\\/uploads\\\/2026\\\/03\\\/img_31487_6ea79e5129e181dac8ab8b266bb9aad9_1.jpg?fit=730%2C730&ssl=1\",\"contentUrl\":\"https:\\\/\\\/i0.wp.com\\\/sayoh.com\\\/wp-content\\\/uploads\\\/2026\\\/03\\\/img_31487_6ea79e5129e181dac8ab8b266bb9aad9_1.jpg?fit=730%2C730&ssl=1\",\"width\":730,\"height\":730},{\"@type\":\"BreadcrumbList\",\"@id\":\"https:\\\/\\\/sayoh.com\\\/product\\\/baile-angel-soft-touch-male-masturbator-sleeve-vagina\\\/#breadcrumb\",\"itemListElement\":[{\"@type\":\"ListItem\",\"position\":1,\"name\":\"Home\",\"item\":\"https:\\\/\\\/sayoh.com\\\/\"},{\"@type\":\"ListItem\",\"position\":2,\"name\":\"Shop\",\"item\":\"https:\\\/\\\/sayoh.com\\\/shop\\\/\"},{\"@type\":\"ListItem\",\"position\":3,\"name\":\"BAILE &#8211; ANGEL SOFT TOUCH MALE MASTURBATOR SLEEVE VAGINA\"}]},{\"@type\":\"WebSite\",\"@id\":\"https:\\\/\\\/sayoh.com\\\/#website\",\"url\":\"https:\\\/\\\/sayoh.com\\\/\",\"name\":\"Say Oh\",\"description\":\"Playful, fun and safe sex\",\"publisher\":{\"@id\":\"https:\\\/\\\/sayoh.com\\\/#organization\"},\"potentialAction\":[{\"@type\":\"SearchAction\",\"target\":{\"@type\":\"EntryPoint\",\"urlTemplate\":\"https:\\\/\\\/sayoh.com\\\/?s={search_term_string}\"},\"query-input\":{\"@type\":\"PropertyValueSpecification\",\"valueRequired\":true,\"valueName\":\"search_term_string\"}}],\"inLanguage\":\"da-DK\"},{\"@type\":\"Organization\",\"@id\":\"https:\\\/\\\/sayoh.com\\\/#organization\",\"name\":\"Say Oh\",\"url\":\"https:\\\/\\\/sayoh.com\\\/\",\"logo\":{\"@type\":\"ImageObject\",\"inLanguage\":\"da-DK\",\"@id\":\"https:\\\/\\\/sayoh.com\\\/#\\\/schema\\\/logo\\\/image\\\/\",\"url\":\"https:\\\/\\\/i0.wp.com\\\/sayoh.com\\\/wp-content\\\/uploads\\\/2023\\\/11\\\/cropped-image_123650291.jpg?fit=512%2C512&ssl=1\",\"contentUrl\":\"https:\\\/\\\/i0.wp.com\\\/sayoh.com\\\/wp-content\\\/uploads\\\/2023\\\/11\\\/cropped-image_123650291.jpg?fit=512%2C512&ssl=1\",\"width\":512,\"height\":512,\"caption\":\"Say Oh\"},\"image\":{\"@id\":\"https:\\\/\\\/sayoh.com\\\/#\\\/schema\\\/logo\\\/image\\\/\"}}]}<\/script>\n<!-- \/ Yoast SEO Premium plugin. -->","yoast_head_json":{"title":"BAILE - ANGEL SOFT TOUCH MANDLIG MASTURBATOR SLEEVE VAGINA - SayOh","description":"K\u00f8b baile angel soft touch fra BAILE FOR HIM. En f\u00f8rsteklasses tilf\u00f8jelse til din samling, udformet til maksimal tilfredshed. Diskret levering i DK.","robots":{"index":"index","follow":"follow","max-snippet":"max-snippet:-1","max-image-preview":"max-image-preview:large","max-video-preview":"max-video-preview:-1"},"canonical":"https:\/\/sayoh.com\/dk\/vare\/baile-angel-soft-touch-mandlig-masturbator-sleeve-vagina\/","og_locale":"da_DK","og_type":"article","og_title":"BAILE - ANGEL SOFT TOUCH MALE MASTURBATOR SLEEVE VAGINA","og_description":"Buy the baile angel soft touch from BAILE FOR HIM. A premium addition to your collection, crafted for maximum satisfaction. Discreet delivery in DK.","og_url":"https:\/\/sayoh.com\/dk\/vare\/baile-angel-soft-touch-mandlig-masturbator-sleeve-vagina\/","og_site_name":"SayOh","article_modified_time":"2026-03-03T17:08:07+00:00","og_image":[{"width":730,"height":730,"url":"https:\/\/i0.wp.com\/sayoh.com\/wp-content\/uploads\/2026\/03\/img_31487_6ea79e5129e181dac8ab8b266bb9aad9_1.jpg?fit=730%2C730&ssl=1","type":"image\/jpeg"}],"twitter_card":"summary_large_image","twitter_misc":{"Estimeret l\u00e6setid":"2 minutter"},"schema":{"@context":"https:\/\/schema.org","@graph":[{"@type":"WebPage","@id":"https:\/\/sayoh.com\/product\/baile-angel-soft-touch-male-masturbator-sleeve-vagina\/","url":"https:\/\/sayoh.com\/product\/baile-angel-soft-touch-male-masturbator-sleeve-vagina\/","name":"BAILE - ANGEL SOFT TOUCH MANDLIG MASTURBATOR SLEEVE VAGINA - SayOh","isPartOf":{"@id":"https:\/\/sayoh.com\/#website"},"primaryImageOfPage":{"@id":"https:\/\/sayoh.com\/product\/baile-angel-soft-touch-male-masturbator-sleeve-vagina\/#primaryimage"},"image":{"@id":"https:\/\/sayoh.com\/product\/baile-angel-soft-touch-male-masturbator-sleeve-vagina\/#primaryimage"},"thumbnailUrl":"https:\/\/i0.wp.com\/sayoh.com\/wp-content\/uploads\/2026\/03\/img_31487_6ea79e5129e181dac8ab8b266bb9aad9_1.jpg?fit=730%2C730&ssl=1","datePublished":"2026-03-03T08:32:01+00:00","dateModified":"2026-03-03T17:08:07+00:00","description":"K\u00f8b baile angel soft touch fra BAILE FOR HIM. En f\u00f8rsteklasses tilf\u00f8jelse til din samling, udformet til maksimal tilfredshed. Diskret levering i DK.","breadcrumb":{"@id":"https:\/\/sayoh.com\/product\/baile-angel-soft-touch-male-masturbator-sleeve-vagina\/#breadcrumb"},"inLanguage":"da-DK","potentialAction":[{"@type":"ReadAction","target":["https:\/\/sayoh.com\/product\/baile-angel-soft-touch-male-masturbator-sleeve-vagina\/"]}]},{"@type":"ImageObject","inLanguage":"da-DK","@id":"https:\/\/sayoh.com\/product\/baile-angel-soft-touch-male-masturbator-sleeve-vagina\/#primaryimage","url":"https:\/\/i0.wp.com\/sayoh.com\/wp-content\/uploads\/2026\/03\/img_31487_6ea79e5129e181dac8ab8b266bb9aad9_1.jpg?fit=730%2C730&ssl=1","contentUrl":"https:\/\/i0.wp.com\/sayoh.com\/wp-content\/uploads\/2026\/03\/img_31487_6ea79e5129e181dac8ab8b266bb9aad9_1.jpg?fit=730%2C730&ssl=1","width":730,"height":730},{"@type":"BreadcrumbList","@id":"https:\/\/sayoh.com\/product\/baile-angel-soft-touch-male-masturbator-sleeve-vagina\/#breadcrumb","itemListElement":[{"@type":"ListItem","position":1,"name":"Home","item":"https:\/\/sayoh.com\/"},{"@type":"ListItem","position":2,"name":"Shop","item":"https:\/\/sayoh.com\/shop\/"},{"@type":"ListItem","position":3,"name":"BAILE &#8211; ANGEL SOFT TOUCH MALE MASTURBATOR SLEEVE VAGINA"}]},{"@type":"WebSite","@id":"https:\/\/sayoh.com\/#website","url":"https:\/\/sayoh.com\/","name":"Sig \u00e5h","description":"Legende, sjov og sikker sex","publisher":{"@id":"https:\/\/sayoh.com\/#organization"},"potentialAction":[{"@type":"SearchAction","target":{"@type":"EntryPoint","urlTemplate":"https:\/\/sayoh.com\/?s={search_term_string}"},"query-input":{"@type":"PropertyValueSpecification","valueRequired":true,"valueName":"search_term_string"}}],"inLanguage":"da-DK"},{"@type":"Organization","@id":"https:\/\/sayoh.com\/#organization","name":"Sig \u00e5h","url":"https:\/\/sayoh.com\/","logo":{"@type":"ImageObject","inLanguage":"da-DK","@id":"https:\/\/sayoh.com\/#\/schema\/logo\/image\/","url":"https:\/\/i0.wp.com\/sayoh.com\/wp-content\/uploads\/2023\/11\/cropped-image_123650291.jpg?fit=512%2C512&ssl=1","contentUrl":"https:\/\/i0.wp.com\/sayoh.com\/wp-content\/uploads\/2023\/11\/cropped-image_123650291.jpg?fit=512%2C512&ssl=1","width":512,"height":512,"caption":"Say Oh"},"image":{"@id":"https:\/\/sayoh.com\/#\/schema\/logo\/image\/"}}]}},"jetpack_publicize_connections":[],"jetpack_likes_enabled":true,"jetpack_sharing_enabled":true,"jetpack-related-posts":[{"id":30145,"url":"https:\/\/sayoh.com\/dk\/vare\/baile-passion-lady-3d-vagina-masturbator\/","url_meta":{"origin":30570,"position":0},"title":"BAILE - PASSION LADY 3D VAGINA MASTURBATOR","author":"Admin","date":"marts 2, 2026","format":false,"excerpt":"Baile Passion Lady 3D Vagina Masturbator har to separate teksturerede tunneler og en indbygget vibrationsmotor med flere hastigheder. V\u00e6lg din f\u00f8lelse, skru op for intensiteten, og nyd en livagtig oplevelse, der bliver ved med at overraske dig.","rel":"","context":"Similar post","block_context":{"text":"Similar post","link":""},"img":{"alt_text":"BAILE \u2013 PASSION LADY 3D VAGINA MASTURBATOR","src":"https:\/\/i0.wp.com\/sayoh.com\/wp-content\/uploads\/2026\/03\/img_55894_7ee5e3c69ca4e92fae23ad3b875d1f7f_1.jpg?fit=800%2C800&ssl=1&resize=350%2C200","width":350,"height":200,"srcset":"https:\/\/i0.wp.com\/sayoh.com\/wp-content\/uploads\/2026\/03\/img_55894_7ee5e3c69ca4e92fae23ad3b875d1f7f_1.jpg?fit=800%2C800&ssl=1&resize=350%2C200 1x, https:\/\/i0.wp.com\/sayoh.com\/wp-content\/uploads\/2026\/03\/img_55894_7ee5e3c69ca4e92fae23ad3b875d1f7f_1.jpg?fit=800%2C800&ssl=1&resize=525%2C300 1.5x, https:\/\/i0.wp.com\/sayoh.com\/wp-content\/uploads\/2026\/03\/img_55894_7ee5e3c69ca4e92fae23ad3b875d1f7f_1.jpg?fit=800%2C800&ssl=1&resize=700%2C400 2x"},"classes":[]},{"id":30138,"url":"https:\/\/sayoh.com\/dk\/vare\/pretty-love-male-masturbator-vagina-design\/","url_meta":{"origin":30570,"position":1},"title":"PRETTY LOVE - MANDLIG MASTURBATOR VAGINA DESIGN","author":"Admin","date":"marts 2, 2026","format":false,"excerpt":"The Pretty Love Male Masturbator Vagina Design delivers surprisingly realistic sensations at an unbeatable price. A lifelike vagina opening leads to a multi-textured canal that grips and stimulates \u2014 compact, discreet, and ready whenever you are.","rel":"","context":"Similar post","block_context":{"text":"Similar post","link":""},"img":{"alt_text":"PRETTY LOVE \u2013 MALE MASTURBATOR VAGINA DESIGN","src":"https:\/\/i0.wp.com\/sayoh.com\/wp-content\/uploads\/2026\/03\/img_49677_9a5d2c3573afcd4663574489af72f937_1.jpg?fit=800%2C800&ssl=1&resize=350%2C200","width":350,"height":200,"srcset":"https:\/\/i0.wp.com\/sayoh.com\/wp-content\/uploads\/2026\/03\/img_49677_9a5d2c3573afcd4663574489af72f937_1.jpg?fit=800%2C800&ssl=1&resize=350%2C200 1x, https:\/\/i0.wp.com\/sayoh.com\/wp-content\/uploads\/2026\/03\/img_49677_9a5d2c3573afcd4663574489af72f937_1.jpg?fit=800%2C800&ssl=1&resize=525%2C300 1.5x, https:\/\/i0.wp.com\/sayoh.com\/wp-content\/uploads\/2026\/03\/img_49677_9a5d2c3573afcd4663574489af72f937_1.jpg?fit=800%2C800&ssl=1&resize=700%2C400 2x"},"classes":[]},{"id":1747,"url":"https:\/\/sayoh.com\/dk\/vare\/fleshlight-piger-engel-unge-sodme-vagina\/","url_meta":{"origin":30570,"position":2},"title":"FLESHLIGHT GIRLS\u00ae - ANGEL YOUNGS Sweetness Vagina","author":"Admin","date":"februar 4, 2026","format":false,"excerpt":"Oplev glat, overb\u00e6rende realisme med FLESHLIGHT GIRLS\u00ae - Angel Youngs Sweetness Vagina, et premium mandligt forn\u00f8jelseshylster designet til at levere bl\u00f8d, naturlig fornemmelse med en raffineret, virkelighedstro f\u00f8lelse. Inspireret af Angel Youngs og udformet med Fleshlights branchef\u00f8rende ekspertise fokuserer Sweetness-teksturen p\u00e5 komfort, flydende bev\u00e6gelse og fordybende realisme.","rel":"","context":"Similar post","block_context":{"text":"Similar post","link":""},"img":{"alt_text":"Angel Youngs Fleshlight","src":"https:\/\/i0.wp.com\/sayoh.com\/wp-content\/uploads\/2026\/02\/Angel-Youngs.jpg?fit=900%2C900&ssl=1&resize=350%2C200","width":350,"height":200,"srcset":"https:\/\/i0.wp.com\/sayoh.com\/wp-content\/uploads\/2026\/02\/Angel-Youngs.jpg?fit=900%2C900&ssl=1&resize=350%2C200 1x, https:\/\/i0.wp.com\/sayoh.com\/wp-content\/uploads\/2026\/02\/Angel-Youngs.jpg?fit=900%2C900&ssl=1&resize=525%2C300 1.5x, https:\/\/i0.wp.com\/sayoh.com\/wp-content\/uploads\/2026\/02\/Angel-Youngs.jpg?fit=900%2C900&ssl=1&resize=700%2C400 2x"},"classes":[]},{"id":29955,"url":"https:\/\/sayoh.com\/dk\/vare\/baile-passion-lady-ii-flower-vagina-og-anus\/","url_meta":{"origin":30570,"position":3},"title":"BAILE - PASSION LADY II FLOWER VAGINA OG ANUS","author":"Admin","date":"februar 17, 2026","format":false,"excerpt":"BAILE - PASSION LADY II FLOWER VAGINA AND ANUS er en masturbator med dobbelt indgang, der er designet til at levere varieret indre tekstur i et kompakt og diskret format. Denne model er udviklet af Baile og har to forskellige indgange for at tilbyde forskellige fornemmelser i \u00e9t sammenh\u00e6ngende design.","rel":"","context":"Similar post","block_context":{"text":"Similar post","link":""},"img":{"alt_text":"baile passion lady ii","src":"https:\/\/i0.wp.com\/sayoh.com\/wp-content\/uploads\/2026\/02\/baile-passion-lady-ii.jpg?fit=730%2C730&ssl=1&resize=350%2C200","width":350,"height":200,"srcset":"https:\/\/i0.wp.com\/sayoh.com\/wp-content\/uploads\/2026\/02\/baile-passion-lady-ii.jpg?fit=730%2C730&ssl=1&resize=350%2C200 1x, https:\/\/i0.wp.com\/sayoh.com\/wp-content\/uploads\/2026\/02\/baile-passion-lady-ii.jpg?fit=730%2C730&ssl=1&resize=525%2C300 1.5x, https:\/\/i0.wp.com\/sayoh.com\/wp-content\/uploads\/2026\/02\/baile-passion-lady-ii.jpg?fit=730%2C730&ssl=1&resize=700%2C400 2x"},"classes":[]},{"id":1662,"url":"https:\/\/sayoh.com\/dk\/vare\/lana-rhoades-fleshlight-piger-skaebne-vagina\/","url_meta":{"origin":30570,"position":4},"title":"LANA RHOADES FLESHLIGHT GIRLS\u00ae - Destiny Vagina","author":"Admin","date":"februar 4, 2026","format":false,"excerpt":"Experience premium realism and refined pleasure with the FLESHLIGHT GIRLS\u00ae \u2013 Lana Rhoades Destiny Vagina, a high-quality male pleasure sleeve designed to deliver an authentic, immersive sensation. Inspired by Lana Rhoades and crafted with Fleshlight\u2019s signature attention to detail, the Destiny texture offers a balanced experience that blends stimulation, comfort,\u2026","rel":"","context":"Similar post","block_context":{"text":"Similar post","link":""},"img":{"alt_text":"Fleshlight Lana Rhoades","src":"https:\/\/i0.wp.com\/sayoh.com\/wp-content\/uploads\/2026\/02\/Fleshlight-Lana-Rhoades.jpg?fit=800%2C800&ssl=1&resize=350%2C200","width":350,"height":200,"srcset":"https:\/\/i0.wp.com\/sayoh.com\/wp-content\/uploads\/2026\/02\/Fleshlight-Lana-Rhoades.jpg?fit=800%2C800&ssl=1&resize=350%2C200 1x, https:\/\/i0.wp.com\/sayoh.com\/wp-content\/uploads\/2026\/02\/Fleshlight-Lana-Rhoades.jpg?fit=800%2C800&ssl=1&resize=525%2C300 1.5x, https:\/\/i0.wp.com\/sayoh.com\/wp-content\/uploads\/2026\/02\/Fleshlight-Lana-Rhoades.jpg?fit=800%2C800&ssl=1&resize=700%2C400 2x"},"classes":[]},{"id":34733,"url":"https:\/\/sayoh.com\/dk\/vare\/extreme-toyz-roto-bator-usb-male-masturbator-vagina\/","url_meta":{"origin":30570,"position":5},"title":"EXTREME TOYZ &#8211; ROTO BATOR USB MALE MASTURBATOR VAGINA","author":"Admin","date":"marts 6, 2026","format":false,"excerpt":"Meet the EXTREME TOYZ - ROTO BATOR USB MALE MASTURBATOR VAGINA from EXTREME TOYZ \u2014 a vibrator that combines stunning design with unforgettable performance. Treat yourself to something that truly elevates the experience.","rel":"","context":"Similar post","block_context":{"text":"Similar post","link":""},"img":{"alt_text":"","src":"https:\/\/i0.wp.com\/sayoh.com\/wp-content\/uploads\/2026\/03\/img_35768_a31eab7fcbc820000ae973a112ddadcc_1.jpg?fit=813%2C813&ssl=1&resize=350%2C200","width":350,"height":200,"srcset":"https:\/\/i0.wp.com\/sayoh.com\/wp-content\/uploads\/2026\/03\/img_35768_a31eab7fcbc820000ae973a112ddadcc_1.jpg?fit=813%2C813&ssl=1&resize=350%2C200 1x, https:\/\/i0.wp.com\/sayoh.com\/wp-content\/uploads\/2026\/03\/img_35768_a31eab7fcbc820000ae973a112ddadcc_1.jpg?fit=813%2C813&ssl=1&resize=525%2C300 1.5x, https:\/\/i0.wp.com\/sayoh.com\/wp-content\/uploads\/2026\/03\/img_35768_a31eab7fcbc820000ae973a112ddadcc_1.jpg?fit=813%2C813&ssl=1&resize=700%2C400 2x"},"classes":[]}],"_links":{"self":[{"href":"https:\/\/sayoh.com\/dk\/wp-json\/wp\/v2\/product\/30570","targetHints":{"allow":["GET"]}}],"collection":[{"href":"https:\/\/sayoh.com\/dk\/wp-json\/wp\/v2\/product"}],"about":[{"href":"https:\/\/sayoh.com\/dk\/wp-json\/wp\/v2\/types\/product"}],"replies":[{"embeddable":true,"href":"https:\/\/sayoh.com\/dk\/wp-json\/wp\/v2\/comments?post=30570"}],"version-history":[{"count":0,"href":"https:\/\/sayoh.com\/dk\/wp-json\/wp\/v2\/product\/30570\/revisions"}],"wp:featuredmedia":[{"embeddable":true,"href":"https:\/\/sayoh.com\/dk\/wp-json\/wp\/v2\/media\/30561"}],"wp:attachment":[{"href":"https:\/\/sayoh.com\/dk\/wp-json\/wp\/v2\/media?parent=30570"}],"wp:term":[{"taxonomy":"product_brand","embeddable":true,"href":"https:\/\/sayoh.com\/dk\/wp-json\/wp\/v2\/product_brand?post=30570"},{"taxonomy":"product_cat","embeddable":true,"href":"https:\/\/sayoh.com\/dk\/wp-json\/wp\/v2\/product_cat?post=30570"},{"taxonomy":"product_tag","embeddable":true,"href":"https:\/\/sayoh.com\/dk\/wp-json\/wp\/v2\/product_tag?post=30570"}],"curies":[{"name":"wp","href":"https:\/\/api.w.org\/{rel}","templated":true}]}}