{"id":31294,"date":"2026-03-03T17:38:49","date_gmt":"2026-03-03T16:38:49","guid":{"rendered":"https:\/\/sayoh.com\/?post_type=product&#038;p=31294"},"modified":"2026-04-18T10:06:53","modified_gmt":"2026-04-18T08:06:53","slug":"calexotics-starter-lovers-kit","status":"publish","type":"product","link":"https:\/\/sayoh.com\/dk\/vare\/calexotics-starter-lovers-kit\/","title":{"rendered":"CALEXOTICS &#8211; STARTER LOVERS KIT"},"content":{"rendered":"<h2>Gennemt\u00e6nkt designet til maksimal nydelse<\/h2>\n<p>I det \u00f8jeblik du holder <strong>CALEXOTICS &#8211; STARTER LOVERS KIT<\/strong> in your hands, you will feel the difference. This is not another generic pleasure product \u2014 it is a carefully engineered pleasure product from CALEXOTICS that prioritises your satisfaction above all else.<\/p>\n<p>Det, der virkelig f\u00e5r dette nydelsesprodukt til at skille sig ud, er den m\u00e5de, det f\u00f8les p\u00e5 under brug. Hver kontur, hver tekstur, hver detalje er blevet overvejet for at maksimere din oplevelse. Den <strong>CALEXOTICS &#8211; STARTER LOVERS KIT<\/strong> lever ikke bare op til forventningerne - den omdefinerer dem.<\/p>\n<h2>Kvalitet, du kan m\u00e6rke<\/h2>\n<p>Fra det \u00f8jeblik, du pakker den ud, er det tydeligt, at der er k\u00e6let for detaljerne. Den glatte finish, de ergonomiske kurver, den tilfredsstillende v\u00e6gt - alt ved <strong>CALEXOTICS &#8211; STARTER LOVERS KIT<\/strong> siger premium. Dette er et produkt, der respekterer din krop og din nydelse.<\/p>\n<p>Uanset om du er f\u00f8rstegangsk\u00f8ber eller supplerer en etableret samling, vil du s\u00e6tte pris p\u00e5 den omtanke, der er lagt i alle aspekter af dette nydelsesprodukt. Det er den slags produkt, du anbefaler til dine venner - diskret, selvf\u00f8lgelig.<\/p>\n<h2>Mere end bare et smukt design<\/h2>\n<p>Holdbarhed og hygiejne betyder lige s\u00e5 meget som nydelse, og CALEXOTICS leverer begge dele. Den <strong>CALEXOTICS &#8211; STARTER LOVERS KIT<\/strong> er bygget af f\u00f8rsteklasses materialer, der er nemme at reng\u00f8re, og som bevarer deres kvalitet over tid. Det er en smart investering i din fortsatte gl\u00e6de.<\/p>\n<p>Hos Sayoh mener vi, at alle fortjener adgang til intimprodukter af h\u00f8j kvalitet uden at blive d\u00f8mt. Din ordre sendes i helt almindelig emballage, og vores hurtige danske levering betyder, at du allerede kan nyde dine nye <strong>CALEXOTICS &#8211; STARTER LOVERS KIT<\/strong> hurtigere end du tror.<\/p>\n<h2>Vigtige funktioner<\/h2>\n<ul>\n<li>Fremstillet af kropssikre materialer for at give dig ro i sindet<\/li>\n<li>Diskret indpakning og hurtig levering i hele Danmark<\/li>\n<li>F\u00f8rsteklasses kvalitet fra CALEXOTICS<\/li>\n<li>Let at reng\u00f8re og vedligeholde for varig gl\u00e6de<\/li>\n<li>Ergonomisk designet til at passe naturligt til din krop<\/li>\n<li>Perfekt til solo-eventyr eller f\u00e6lles intime \u00f8jeblikke<\/li>\n<\/ul>","protected":false},"excerpt":{"rendered":"<p>G\u00e5 p\u00e5 opdagelse i <strong>CALEXOTICS &#8211; STARTER LOVERS KIT<\/strong> af CALEXOTICS. Dette omhyggeligt udformede nydelsesprodukt er designet til at ramme den helt rigtige tone, uanset om du udforsker alene eller med en partner. F\u00f8rsteklasses kvalitet, diskret levering.<\/p>","protected":false},"featured_media":31288,"comment_status":"open","ping_status":"closed","template":"","meta":{"_crdt_document":"","_monsterinsights_skip_tracking":false,"_monsterinsights_sitenote_active":false,"_monsterinsights_sitenote_note":"","_monsterinsights_sitenote_category":0,"jetpack_publicize_message":"","jetpack_publicize_feature_enabled":true,"jetpack_social_post_already_shared":true,"jetpack_social_options":{"image_generator_settings":{"template":"highway","default_image_id":0,"font":"","enabled":false},"version":2},"_wpas_customize_per_network":false},"product_brand":[1563],"product_cat":[1598,1603,1600],"product_tag":[1587,1557,1599],"class_list":{"0":"post-31294","1":"product","2":"type-product","3":"status-publish","4":"has-post-thumbnail","6":"product_brand-calexotics","7":"product_cat-couples","8":"product_cat-couples-toys","9":"product_cat-sex-games","10":"product_tag-bundles","11":"product_tag-couples","12":"product_tag-gift-set","14":"first","15":"instock","16":"taxable","17":"shipping-taxable","18":"purchasable","19":"product-type-simple"},"yoast_head":"<!-- This site is optimized with the Yoast SEO Premium plugin v27.1 (Yoast SEO v27.4) - https:\/\/yoast.com\/product\/yoast-seo-premium-wordpress\/ -->\n<title>CALEXOTICS - STARTER LOVERS KIT - SayOh<\/title>\n<meta name=\"description\" content=\"Shop the calexotics starter lovers kit \u2014 designed for unforgettable pleasure. Premium quality by CALEXOTICS. Discreet delivery across Denmark.\" \/>\n<meta name=\"robots\" content=\"index, follow, max-snippet:-1, max-image-preview:large, max-video-preview:-1\" \/>\n<link rel=\"canonical\" href=\"https:\/\/sayoh.com\/dk\/vare\/calexotics-starter-lovers-kit\/\" \/>\n<meta property=\"og:locale\" content=\"da_DK\" \/>\n<meta property=\"og:type\" content=\"article\" \/>\n<meta property=\"og:title\" content=\"CALEXOTICS - STARTER LOVERS KIT\" \/>\n<meta property=\"og:description\" content=\"Shop the calexotics starter lovers kit \u2014 designed for unforgettable pleasure. Premium quality by CALEXOTICS. Discreet delivery across Denmark.\" \/>\n<meta property=\"og:url\" content=\"https:\/\/sayoh.com\/dk\/vare\/calexotics-starter-lovers-kit\/\" \/>\n<meta property=\"og:site_name\" content=\"SayOh\" \/>\n<meta property=\"article:modified_time\" content=\"2026-04-18T08:06:53+00:00\" \/>\n<meta property=\"og:image\" content=\"https:\/\/i0.wp.com\/sayoh.com\/wp-content\/uploads\/2026\/03\/img_88935_f0d6e8ef7c4388d43b83de54bf456659_1.jpg?fit=550%2C550&ssl=1\" \/>\n\t<meta property=\"og:image:width\" content=\"550\" \/>\n\t<meta property=\"og:image:height\" content=\"550\" \/>\n\t<meta property=\"og:image:type\" content=\"image\/jpeg\" \/>\n<meta name=\"twitter:card\" content=\"summary_large_image\" \/>\n<meta name=\"twitter:label1\" content=\"Estimeret l\u00e6setid\" \/>\n\t<meta name=\"twitter:data1\" content=\"2 minutter\" \/>\n<script type=\"application\/ld+json\" class=\"yoast-schema-graph\">{\"@context\":\"https:\\\/\\\/schema.org\",\"@graph\":[{\"@type\":\"WebPage\",\"@id\":\"https:\\\/\\\/sayoh.com\\\/product\\\/calexotics-starter-lovers-kit\\\/\",\"url\":\"https:\\\/\\\/sayoh.com\\\/product\\\/calexotics-starter-lovers-kit\\\/\",\"name\":\"CALEXOTICS - STARTER LOVERS KIT - SayOh\",\"isPartOf\":{\"@id\":\"https:\\\/\\\/sayoh.com\\\/#website\"},\"primaryImageOfPage\":{\"@id\":\"https:\\\/\\\/sayoh.com\\\/product\\\/calexotics-starter-lovers-kit\\\/#primaryimage\"},\"image\":{\"@id\":\"https:\\\/\\\/sayoh.com\\\/product\\\/calexotics-starter-lovers-kit\\\/#primaryimage\"},\"thumbnailUrl\":\"https:\\\/\\\/i0.wp.com\\\/sayoh.com\\\/wp-content\\\/uploads\\\/2026\\\/03\\\/img_88935_f0d6e8ef7c4388d43b83de54bf456659_1.jpg?fit=550%2C550&ssl=1\",\"datePublished\":\"2026-03-03T16:38:49+00:00\",\"dateModified\":\"2026-04-18T08:06:53+00:00\",\"description\":\"Shop the calexotics starter lovers kit \u2014 designed for unforgettable pleasure. Premium quality by CALEXOTICS. Discreet delivery across Denmark.\",\"breadcrumb\":{\"@id\":\"https:\\\/\\\/sayoh.com\\\/product\\\/calexotics-starter-lovers-kit\\\/#breadcrumb\"},\"inLanguage\":\"da-DK\",\"potentialAction\":[{\"@type\":\"ReadAction\",\"target\":[\"https:\\\/\\\/sayoh.com\\\/product\\\/calexotics-starter-lovers-kit\\\/\"]}]},{\"@type\":\"ImageObject\",\"inLanguage\":\"da-DK\",\"@id\":\"https:\\\/\\\/sayoh.com\\\/product\\\/calexotics-starter-lovers-kit\\\/#primaryimage\",\"url\":\"https:\\\/\\\/i0.wp.com\\\/sayoh.com\\\/wp-content\\\/uploads\\\/2026\\\/03\\\/img_88935_f0d6e8ef7c4388d43b83de54bf456659_1.jpg?fit=550%2C550&ssl=1\",\"contentUrl\":\"https:\\\/\\\/i0.wp.com\\\/sayoh.com\\\/wp-content\\\/uploads\\\/2026\\\/03\\\/img_88935_f0d6e8ef7c4388d43b83de54bf456659_1.jpg?fit=550%2C550&ssl=1\",\"width\":550,\"height\":550},{\"@type\":\"BreadcrumbList\",\"@id\":\"https:\\\/\\\/sayoh.com\\\/product\\\/calexotics-starter-lovers-kit\\\/#breadcrumb\",\"itemListElement\":[{\"@type\":\"ListItem\",\"position\":1,\"name\":\"Home\",\"item\":\"https:\\\/\\\/sayoh.com\\\/\"},{\"@type\":\"ListItem\",\"position\":2,\"name\":\"Shop\",\"item\":\"https:\\\/\\\/sayoh.com\\\/shop\\\/\"},{\"@type\":\"ListItem\",\"position\":3,\"name\":\"CALEXOTICS &#8211; STARTER LOVERS KIT\"}]},{\"@type\":\"WebSite\",\"@id\":\"https:\\\/\\\/sayoh.com\\\/#website\",\"url\":\"https:\\\/\\\/sayoh.com\\\/\",\"name\":\"Say Oh\",\"description\":\"Playful, fun and safe sex\",\"publisher\":{\"@id\":\"https:\\\/\\\/sayoh.com\\\/#organization\"},\"potentialAction\":[{\"@type\":\"SearchAction\",\"target\":{\"@type\":\"EntryPoint\",\"urlTemplate\":\"https:\\\/\\\/sayoh.com\\\/?s={search_term_string}\"},\"query-input\":{\"@type\":\"PropertyValueSpecification\",\"valueRequired\":true,\"valueName\":\"search_term_string\"}}],\"inLanguage\":\"da-DK\"},{\"@type\":\"Organization\",\"@id\":\"https:\\\/\\\/sayoh.com\\\/#organization\",\"name\":\"Say Oh\",\"url\":\"https:\\\/\\\/sayoh.com\\\/\",\"logo\":{\"@type\":\"ImageObject\",\"inLanguage\":\"da-DK\",\"@id\":\"https:\\\/\\\/sayoh.com\\\/#\\\/schema\\\/logo\\\/image\\\/\",\"url\":\"https:\\\/\\\/i0.wp.com\\\/sayoh.com\\\/wp-content\\\/uploads\\\/2023\\\/11\\\/cropped-image_123650291.jpg?fit=512%2C512&ssl=1\",\"contentUrl\":\"https:\\\/\\\/i0.wp.com\\\/sayoh.com\\\/wp-content\\\/uploads\\\/2023\\\/11\\\/cropped-image_123650291.jpg?fit=512%2C512&ssl=1\",\"width\":512,\"height\":512,\"caption\":\"Say Oh\"},\"image\":{\"@id\":\"https:\\\/\\\/sayoh.com\\\/#\\\/schema\\\/logo\\\/image\\\/\"}}]}<\/script>\n<!-- \/ Yoast SEO Premium plugin. -->","yoast_head_json":{"title":"CALEXOTICS - STARTER LOVERS KIT - SayOh","description":"Shop the calexotics starter lovers kit \u2014 designed for unforgettable pleasure. Premium quality by CALEXOTICS. Discreet delivery across Denmark.","robots":{"index":"index","follow":"follow","max-snippet":"max-snippet:-1","max-image-preview":"max-image-preview:large","max-video-preview":"max-video-preview:-1"},"canonical":"https:\/\/sayoh.com\/dk\/vare\/calexotics-starter-lovers-kit\/","og_locale":"da_DK","og_type":"article","og_title":"CALEXOTICS - STARTER LOVERS KIT","og_description":"Shop the calexotics starter lovers kit \u2014 designed for unforgettable pleasure. Premium quality by CALEXOTICS. Discreet delivery across Denmark.","og_url":"https:\/\/sayoh.com\/dk\/vare\/calexotics-starter-lovers-kit\/","og_site_name":"SayOh","article_modified_time":"2026-04-18T08:06:53+00:00","og_image":[{"width":550,"height":550,"url":"https:\/\/i0.wp.com\/sayoh.com\/wp-content\/uploads\/2026\/03\/img_88935_f0d6e8ef7c4388d43b83de54bf456659_1.jpg?fit=550%2C550&ssl=1","type":"image\/jpeg"}],"twitter_card":"summary_large_image","twitter_misc":{"Estimeret l\u00e6setid":"2 minutter"},"schema":{"@context":"https:\/\/schema.org","@graph":[{"@type":"WebPage","@id":"https:\/\/sayoh.com\/product\/calexotics-starter-lovers-kit\/","url":"https:\/\/sayoh.com\/product\/calexotics-starter-lovers-kit\/","name":"CALEXOTICS - STARTER LOVERS KIT - SayOh","isPartOf":{"@id":"https:\/\/sayoh.com\/#website"},"primaryImageOfPage":{"@id":"https:\/\/sayoh.com\/product\/calexotics-starter-lovers-kit\/#primaryimage"},"image":{"@id":"https:\/\/sayoh.com\/product\/calexotics-starter-lovers-kit\/#primaryimage"},"thumbnailUrl":"https:\/\/i0.wp.com\/sayoh.com\/wp-content\/uploads\/2026\/03\/img_88935_f0d6e8ef7c4388d43b83de54bf456659_1.jpg?fit=550%2C550&ssl=1","datePublished":"2026-03-03T16:38:49+00:00","dateModified":"2026-04-18T08:06:53+00:00","description":"Shop the calexotics starter lovers kit \u2014 designed for unforgettable pleasure. Premium quality by CALEXOTICS. Discreet delivery across Denmark.","breadcrumb":{"@id":"https:\/\/sayoh.com\/product\/calexotics-starter-lovers-kit\/#breadcrumb"},"inLanguage":"da-DK","potentialAction":[{"@type":"ReadAction","target":["https:\/\/sayoh.com\/product\/calexotics-starter-lovers-kit\/"]}]},{"@type":"ImageObject","inLanguage":"da-DK","@id":"https:\/\/sayoh.com\/product\/calexotics-starter-lovers-kit\/#primaryimage","url":"https:\/\/i0.wp.com\/sayoh.com\/wp-content\/uploads\/2026\/03\/img_88935_f0d6e8ef7c4388d43b83de54bf456659_1.jpg?fit=550%2C550&ssl=1","contentUrl":"https:\/\/i0.wp.com\/sayoh.com\/wp-content\/uploads\/2026\/03\/img_88935_f0d6e8ef7c4388d43b83de54bf456659_1.jpg?fit=550%2C550&ssl=1","width":550,"height":550},{"@type":"BreadcrumbList","@id":"https:\/\/sayoh.com\/product\/calexotics-starter-lovers-kit\/#breadcrumb","itemListElement":[{"@type":"ListItem","position":1,"name":"Home","item":"https:\/\/sayoh.com\/"},{"@type":"ListItem","position":2,"name":"Shop","item":"https:\/\/sayoh.com\/shop\/"},{"@type":"ListItem","position":3,"name":"CALEXOTICS &#8211; STARTER LOVERS KIT"}]},{"@type":"WebSite","@id":"https:\/\/sayoh.com\/#website","url":"https:\/\/sayoh.com\/","name":"Sig \u00e5h","description":"Legende, sjov og sikker sex","publisher":{"@id":"https:\/\/sayoh.com\/#organization"},"potentialAction":[{"@type":"SearchAction","target":{"@type":"EntryPoint","urlTemplate":"https:\/\/sayoh.com\/?s={search_term_string}"},"query-input":{"@type":"PropertyValueSpecification","valueRequired":true,"valueName":"search_term_string"}}],"inLanguage":"da-DK"},{"@type":"Organization","@id":"https:\/\/sayoh.com\/#organization","name":"Sig \u00e5h","url":"https:\/\/sayoh.com\/","logo":{"@type":"ImageObject","inLanguage":"da-DK","@id":"https:\/\/sayoh.com\/#\/schema\/logo\/image\/","url":"https:\/\/i0.wp.com\/sayoh.com\/wp-content\/uploads\/2023\/11\/cropped-image_123650291.jpg?fit=512%2C512&ssl=1","contentUrl":"https:\/\/i0.wp.com\/sayoh.com\/wp-content\/uploads\/2023\/11\/cropped-image_123650291.jpg?fit=512%2C512&ssl=1","width":512,"height":512,"caption":"Say Oh"},"image":{"@id":"https:\/\/sayoh.com\/#\/schema\/logo\/image\/"}}]}},"jetpack_publicize_connections":[],"jetpack_likes_enabled":true,"jetpack_sharing_enabled":true,"jetpack-related-posts":[{"id":31295,"url":"https:\/\/sayoh.com\/dk\/vare\/calexotics-her-anal-kit\/","url_meta":{"origin":31294,"position":0},"title":"CALEXOTICS &#8211; HER ANAL KIT","author":"Admin","date":"marts 3, 2026","format":false,"excerpt":"The CALEXOTICS - HER ANAL KIT by CALEXOTICS delivers exactly what you need \u2014 intense, reliable pleasure in a beautifully designed package. This premium anal toy is perfect for anyone who refuses to settle for less.","rel":"","context":"Similar post","block_context":{"text":"Similar post","link":""},"img":{"alt_text":"","src":"https:\/\/i0.wp.com\/sayoh.com\/wp-content\/uploads\/2026\/03\/img_88913_55c8e996f0cb91433b32f5754f95dbb4_1.jpg?fit=550%2C550&ssl=1&resize=350%2C200","width":350,"height":200,"srcset":"https:\/\/i0.wp.com\/sayoh.com\/wp-content\/uploads\/2026\/03\/img_88913_55c8e996f0cb91433b32f5754f95dbb4_1.jpg?fit=550%2C550&ssl=1&resize=350%2C200 1x, https:\/\/i0.wp.com\/sayoh.com\/wp-content\/uploads\/2026\/03\/img_88913_55c8e996f0cb91433b32f5754f95dbb4_1.jpg?fit=550%2C550&ssl=1&resize=525%2C300 1.5x"},"classes":[]},{"id":31284,"url":"https:\/\/sayoh.com\/dk\/vare\/calexotics-his-prostate-training-kit\/","url_meta":{"origin":31294,"position":1},"title":"CALEXOTICS &#8211; HIS PROSTATE TRAINING KIT","author":"Admin","date":"marts 3, 2026","format":false,"excerpt":"The CALEXOTICS - HIS PROSTATE TRAINING KIT from CALEXOTICS is the anal toy you have been looking for. Designed for comfort, built for pleasure, and delivered discreetly to your door across Denmark.","rel":"","context":"Similar post","block_context":{"text":"Similar post","link":""},"img":{"alt_text":"","src":"https:\/\/i0.wp.com\/sayoh.com\/wp-content\/uploads\/2026\/03\/img_88900_430eca8fae79610205521709399253e2_1.jpg?fit=550%2C550&ssl=1&resize=350%2C200","width":350,"height":200,"srcset":"https:\/\/i0.wp.com\/sayoh.com\/wp-content\/uploads\/2026\/03\/img_88900_430eca8fae79610205521709399253e2_1.jpg?fit=550%2C550&ssl=1&resize=350%2C200 1x, https:\/\/i0.wp.com\/sayoh.com\/wp-content\/uploads\/2026\/03\/img_88900_430eca8fae79610205521709399253e2_1.jpg?fit=550%2C550&ssl=1&resize=525%2C300 1.5x"},"classes":[]},{"id":33641,"url":"https:\/\/sayoh.com\/dk\/vare\/calexotics-admiral-kit-3-anal-plug-blue\/","url_meta":{"origin":31294,"position":2},"title":"CALEXOTICS &#8211; ADMIRAL KIT 3 ANAL PLUG BLUE","author":"Admin","date":"marts 5, 2026","format":false,"excerpt":"Discover the CALEXOTICS - ADMIRAL KIT 3 ANAL PLUG BLUE by CALEXOTICS. This thoughtfully crafted anal toy is designed to hit every right note, whether you are exploring solo or with a partner. Premium quality, discreet delivery.","rel":"","context":"Similar post","block_context":{"text":"Similar post","link":""},"img":{"alt_text":"","src":"https:\/\/i0.wp.com\/sayoh.com\/wp-content\/uploads\/2026\/03\/img_165806_733f65e99cc22532adf2a190ef993d1a_1.jpg?fit=800%2C800&ssl=1&resize=350%2C200","width":350,"height":200,"srcset":"https:\/\/i0.wp.com\/sayoh.com\/wp-content\/uploads\/2026\/03\/img_165806_733f65e99cc22532adf2a190ef993d1a_1.jpg?fit=800%2C800&ssl=1&resize=350%2C200 1x, https:\/\/i0.wp.com\/sayoh.com\/wp-content\/uploads\/2026\/03\/img_165806_733f65e99cc22532adf2a190ef993d1a_1.jpg?fit=800%2C800&ssl=1&resize=525%2C300 1.5x, https:\/\/i0.wp.com\/sayoh.com\/wp-content\/uploads\/2026\/03\/img_165806_733f65e99cc22532adf2a190ef993d1a_1.jpg?fit=800%2C800&ssl=1&resize=700%2C400 2x"},"classes":[]},{"id":31309,"url":"https:\/\/sayoh.com\/dk\/vare\/calexotics-fifty-ways-to-tease-your-love\/","url_meta":{"origin":31294,"position":3},"title":"CALEXOTICS &#8211; FIFTY WAYS TO TEASE YOUR LOVE","author":"Admin","date":"marts 3, 2026","format":false,"excerpt":"The CALEXOTICS - FIFTY WAYS TO TEASE YOUR LOVE from CALEXOTICS is the pleasure product you have been looking for. Designed for comfort, built for pleasure, and delivered discreetly to your door across Denmark.","rel":"","context":"Similar post","block_context":{"text":"Similar post","link":""},"img":{"alt_text":"","src":"https:\/\/i0.wp.com\/sayoh.com\/wp-content\/uploads\/2026\/03\/img_88946_c153462d19a291b9752ab62a9e521171_1.jpg?fit=550%2C550&ssl=1&resize=350%2C200","width":350,"height":200,"srcset":"https:\/\/i0.wp.com\/sayoh.com\/wp-content\/uploads\/2026\/03\/img_88946_c153462d19a291b9752ab62a9e521171_1.jpg?fit=550%2C550&ssl=1&resize=350%2C200 1x, https:\/\/i0.wp.com\/sayoh.com\/wp-content\/uploads\/2026\/03\/img_88946_c153462d19a291b9752ab62a9e521171_1.jpg?fit=550%2C550&ssl=1&resize=525%2C300 1.5x"},"classes":[]},{"id":31087,"url":"https:\/\/sayoh.com\/dk\/vare\/calexotics-gia-darling-transsexual-love-doll\/","url_meta":{"origin":31294,"position":4},"title":"CALEXOTICS &#8211; GIA DARLING TRANSSEXUAL LOVE DOLL","author":"Admin","date":"marts 3, 2026","format":false,"excerpt":"The CALEXOTICS - GIA DARLING TRANSSEXUAL LOVE DOLL from CALEXOTICS is the pleasure product you have been looking for. Designed for comfort, built for pleasure, and delivered discreetly to your door across Denmark.","rel":"","context":"Similar post","block_context":{"text":"Similar post","link":""},"img":{"alt_text":"","src":"https:\/\/i0.wp.com\/sayoh.com\/wp-content\/uploads\/2026\/03\/img_87300_191a93f6e388625a2b2c0a5d99ce159d_1.jpg?fit=550%2C550&ssl=1&resize=350%2C200","width":350,"height":200,"srcset":"https:\/\/i0.wp.com\/sayoh.com\/wp-content\/uploads\/2026\/03\/img_87300_191a93f6e388625a2b2c0a5d99ce159d_1.jpg?fit=550%2C550&ssl=1&resize=350%2C200 1x, https:\/\/i0.wp.com\/sayoh.com\/wp-content\/uploads\/2026\/03\/img_87300_191a93f6e388625a2b2c0a5d99ce159d_1.jpg?fit=550%2C550&ssl=1&resize=525%2C300 1.5x"},"classes":[]},{"id":31105,"url":"https:\/\/sayoh.com\/dk\/vare\/calexotics-india-nubian-love-doll\/","url_meta":{"origin":31294,"position":5},"title":"CALEXOTICS &#8211; INDIA NUBIAN LOVE DOLL","author":"Admin","date":"marts 3, 2026","format":false,"excerpt":"The CALEXOTICS - INDIA NUBIAN LOVE DOLL by CALEXOTICS delivers exactly what you need \u2014 intense, reliable pleasure in a beautifully designed package. This premium pleasure product is perfect for anyone who refuses to settle for less.","rel":"","context":"Similar post","block_context":{"text":"Similar post","link":""},"img":{"alt_text":"","src":"https:\/\/i0.wp.com\/sayoh.com\/wp-content\/uploads\/2026\/03\/img_88948_3af0fa2b54cf7f80b6fb1e4f70059878_1.jpg?fit=550%2C550&ssl=1&resize=350%2C200","width":350,"height":200,"srcset":"https:\/\/i0.wp.com\/sayoh.com\/wp-content\/uploads\/2026\/03\/img_88948_3af0fa2b54cf7f80b6fb1e4f70059878_1.jpg?fit=550%2C550&ssl=1&resize=350%2C200 1x, https:\/\/i0.wp.com\/sayoh.com\/wp-content\/uploads\/2026\/03\/img_88948_3af0fa2b54cf7f80b6fb1e4f70059878_1.jpg?fit=550%2C550&ssl=1&resize=525%2C300 1.5x"},"classes":[]}],"_links":{"self":[{"href":"https:\/\/sayoh.com\/dk\/wp-json\/wp\/v2\/product\/31294","targetHints":{"allow":["GET"]}}],"collection":[{"href":"https:\/\/sayoh.com\/dk\/wp-json\/wp\/v2\/product"}],"about":[{"href":"https:\/\/sayoh.com\/dk\/wp-json\/wp\/v2\/types\/product"}],"replies":[{"embeddable":true,"href":"https:\/\/sayoh.com\/dk\/wp-json\/wp\/v2\/comments?post=31294"}],"version-history":[{"count":0,"href":"https:\/\/sayoh.com\/dk\/wp-json\/wp\/v2\/product\/31294\/revisions"}],"wp:featuredmedia":[{"embeddable":true,"href":"https:\/\/sayoh.com\/dk\/wp-json\/wp\/v2\/media\/31288"}],"wp:attachment":[{"href":"https:\/\/sayoh.com\/dk\/wp-json\/wp\/v2\/media?parent=31294"}],"wp:term":[{"taxonomy":"product_brand","embeddable":true,"href":"https:\/\/sayoh.com\/dk\/wp-json\/wp\/v2\/product_brand?post=31294"},{"taxonomy":"product_cat","embeddable":true,"href":"https:\/\/sayoh.com\/dk\/wp-json\/wp\/v2\/product_cat?post=31294"},{"taxonomy":"product_tag","embeddable":true,"href":"https:\/\/sayoh.com\/dk\/wp-json\/wp\/v2\/product_tag?post=31294"}],"curies":[{"name":"wp","href":"https:\/\/api.w.org\/{rel}","templated":true}]}}