{"id":31336,"date":"2026-03-03T17:38:57","date_gmt":"2026-03-03T16:38:57","guid":{"rendered":"https:\/\/sayoh.com\/?post_type=product&#038;p=31336"},"modified":"2026-04-08T10:09:53","modified_gmt":"2026-04-08T08:09:53","slug":"classix-ultimate-pleasure-couples-kit-azul","status":"publish","type":"product","link":"https:\/\/sayoh.com\/dk\/vare\/classix-ultimate-pleasure-couples-kit-azul\/","title":{"rendered":"CLASSIX &#8211; ULTIMATE PLEASURE COUPLES KIT AZUL"},"content":{"rendered":"<h2>Kvalitet, du kan m\u00e6rke<\/h2>\n<p>I det \u00f8jeblik du holder <strong>CLASSIX &#8211; ULTIMATE PLEASURE COUPLES KIT AZUL<\/strong> in your hands, you will feel the difference. This is not another generic pleasure product \u2014 it is a carefully engineered pleasure product from CLASSIX that prioritises your satisfaction above all else.<\/p>\n<p>Uanset om du g\u00e5r p\u00e5 opdagelse p\u00e5 egen h\u00e5nd eller deler en intim aften med en partner, s\u00e5 er <strong>CLASSIX &#8211; ULTIMATE PLEASURE COUPLES KIT AZUL<\/strong> tilpasser sig dit hum\u00f8r og dine \u00f8nsker. Dens design inviterer dig til at tage dig tid, finde ud af, hvad der f\u00f8les bedst, og fortabe dig i \u00f8jeblikket. Det er den slags produkter, der fortjener en fast plads i din natbordsskuffe.<\/p>\n<h2>Gennemt\u00e6nkt designet til maksimal nydelse<\/h2>\n<p>Fra det \u00f8jeblik, du pakker den ud, er det tydeligt, at der er k\u00e6let for detaljerne. Den glatte finish, de ergonomiske kurver, den tilfredsstillende v\u00e6gt - alt ved <strong>CLASSIX &#8211; ULTIMATE PLEASURE COUPLES KIT AZUL<\/strong> siger premium. Dette er et produkt, der respekterer din krop og din nydelse.<\/p>\n<p>Uanset om du er f\u00f8rstegangsk\u00f8ber eller supplerer en etableret samling, vil du s\u00e6tte pris p\u00e5 den omtanke, der er lagt i alle aspekter af dette nydelsesprodukt. Det er den slags produkt, du anbefaler til dine venner - diskret, selvf\u00f8lgelig.<\/p>\n<h2>Bygget til det virkelige liv<\/h2>\n<p>Durability and hygiene matter just as much as pleasure, and CLASSIX delivers on both. The <strong>CLASSIX &#8211; ULTIMATE PLEASURE COUPLES KIT AZUL<\/strong> er bygget af f\u00f8rsteklasses materialer, der er nemme at reng\u00f8re, og som bevarer deres kvalitet over tid. Det er en smart investering i din fortsatte gl\u00e6de.<\/p>\n<p>Hos Sayoh mener vi, at alle fortjener adgang til intimprodukter af h\u00f8j kvalitet uden at blive d\u00f8mt. Din ordre sendes i helt almindelig emballage, og vores hurtige danske levering betyder, at du allerede kan nyde dine nye <strong>CLASSIX &#8211; ULTIMATE PLEASURE COUPLES KIT AZUL<\/strong> hurtigere end du tror.<\/p>\n<h2>Vigtige funktioner<\/h2>\n<ul>\n<li>Fremstillet af kropssikre materialer for at give dig ro i sindet<\/li>\n<li>Helt vandt\u00e6t - tag din forn\u00f8jelse med i badet eller under bruseren<\/li>\n<li>Diskret indpakning og hurtig levering i hele Danmark<\/li>\n<li>Premium quality by CLASSIX<\/li>\n<li>Let at reng\u00f8re og vedligeholde for varig gl\u00e6de<\/li>\n<li>Ergonomisk designet til at passe naturligt til din krop<\/li>\n<\/ul>","protected":false},"excerpt":{"rendered":"<p>Womanizer <strong>CLASSIX &#8211; ULTIMATE PLEASURE COUPLES KIT AZUL<\/strong> from CLASSIX is the pleasure product you have been looking for. Designed for comfort, built for pleasure, and delivered discreetly to your door across Denmark.<\/p>","protected":false},"featured_media":31330,"comment_status":"open","ping_status":"closed","template":"","meta":{"_crdt_document":"","_monsterinsights_skip_tracking":false,"_monsterinsights_sitenote_active":false,"_monsterinsights_sitenote_note":"","_monsterinsights_sitenote_category":0,"jetpack_publicize_message":"","jetpack_publicize_feature_enabled":true,"jetpack_social_post_already_shared":true,"jetpack_social_options":{"image_generator_settings":{"template":"highway","default_image_id":0,"font":"","enabled":false},"version":2},"_wpas_customize_per_network":false},"product_brand":[],"product_cat":[1598,1603,1600],"product_tag":[1587,1557,1599],"class_list":{"0":"post-31336","1":"product","2":"type-product","3":"status-publish","4":"has-post-thumbnail","6":"product_cat-couples","7":"product_cat-couples-toys","8":"product_cat-sex-games","9":"product_tag-bundles","10":"product_tag-couples","11":"product_tag-gift-set","13":"first","14":"instock","15":"taxable","16":"shipping-taxable","17":"purchasable","18":"product-type-simple"},"yoast_head":"<!-- This site is optimized with the Yoast SEO Premium plugin v27.1 (Yoast SEO v27.4) - https:\/\/yoast.com\/product\/yoast-seo-premium-wordpress\/ -->\n<title>CLASSIX - ULTIMATE PLEASURE COUPLES KIT AZUL - SayOh<\/title>\n<meta name=\"description\" content=\"Shop the classix ultimate pleasure couples \u2014 designed for unforgettable pleasure. Premium quality by CLASSIX. Discreet delivery across Denmark.\" \/>\n<meta name=\"robots\" content=\"index, follow, max-snippet:-1, max-image-preview:large, max-video-preview:-1\" \/>\n<link rel=\"canonical\" href=\"https:\/\/sayoh.com\/dk\/vare\/classix-ultimate-pleasure-couples-kit-azul\/\" \/>\n<meta property=\"og:locale\" content=\"da_DK\" \/>\n<meta property=\"og:type\" content=\"article\" \/>\n<meta property=\"og:title\" content=\"CLASSIX - ULTIMATE PLEASURE COUPLES KIT AZUL\" \/>\n<meta property=\"og:description\" content=\"Shop the classix ultimate pleasure couples \u2014 designed for unforgettable pleasure. Premium quality by CLASSIX. Discreet delivery across Denmark.\" \/>\n<meta property=\"og:url\" content=\"https:\/\/sayoh.com\/dk\/vare\/classix-ultimate-pleasure-couples-kit-azul\/\" \/>\n<meta property=\"og:site_name\" content=\"SayOh\" \/>\n<meta property=\"article:modified_time\" content=\"2026-04-08T08:09:53+00:00\" \/>\n<meta property=\"og:image\" content=\"https:\/\/i0.wp.com\/sayoh.com\/wp-content\/uploads\/2026\/03\/img_212897_ddc481facbbde595dfe3f30aa079eff3_1.jpg?fit=900%2C900&ssl=1\" \/>\n\t<meta property=\"og:image:width\" content=\"900\" \/>\n\t<meta property=\"og:image:height\" content=\"900\" \/>\n\t<meta property=\"og:image:type\" content=\"image\/jpeg\" \/>\n<meta name=\"twitter:card\" content=\"summary_large_image\" \/>\n<meta name=\"twitter:label1\" content=\"Estimeret l\u00e6setid\" \/>\n\t<meta name=\"twitter:data1\" content=\"2 minutter\" \/>\n<script type=\"application\/ld+json\" class=\"yoast-schema-graph\">{\"@context\":\"https:\\\/\\\/schema.org\",\"@graph\":[{\"@type\":\"WebPage\",\"@id\":\"https:\\\/\\\/sayoh.com\\\/product\\\/classix-ultimate-pleasure-couples-kit-azul\\\/\",\"url\":\"https:\\\/\\\/sayoh.com\\\/product\\\/classix-ultimate-pleasure-couples-kit-azul\\\/\",\"name\":\"CLASSIX - ULTIMATE PLEASURE COUPLES KIT AZUL - SayOh\",\"isPartOf\":{\"@id\":\"https:\\\/\\\/sayoh.com\\\/#website\"},\"primaryImageOfPage\":{\"@id\":\"https:\\\/\\\/sayoh.com\\\/product\\\/classix-ultimate-pleasure-couples-kit-azul\\\/#primaryimage\"},\"image\":{\"@id\":\"https:\\\/\\\/sayoh.com\\\/product\\\/classix-ultimate-pleasure-couples-kit-azul\\\/#primaryimage\"},\"thumbnailUrl\":\"https:\\\/\\\/i0.wp.com\\\/sayoh.com\\\/wp-content\\\/uploads\\\/2026\\\/03\\\/img_212897_ddc481facbbde595dfe3f30aa079eff3_1.jpg?fit=900%2C900&ssl=1\",\"datePublished\":\"2026-03-03T16:38:57+00:00\",\"dateModified\":\"2026-04-08T08:09:53+00:00\",\"description\":\"Shop the classix ultimate pleasure couples \u2014 designed for unforgettable pleasure. Premium quality by CLASSIX. Discreet delivery across Denmark.\",\"breadcrumb\":{\"@id\":\"https:\\\/\\\/sayoh.com\\\/product\\\/classix-ultimate-pleasure-couples-kit-azul\\\/#breadcrumb\"},\"inLanguage\":\"da-DK\",\"potentialAction\":[{\"@type\":\"ReadAction\",\"target\":[\"https:\\\/\\\/sayoh.com\\\/product\\\/classix-ultimate-pleasure-couples-kit-azul\\\/\"]}]},{\"@type\":\"ImageObject\",\"inLanguage\":\"da-DK\",\"@id\":\"https:\\\/\\\/sayoh.com\\\/product\\\/classix-ultimate-pleasure-couples-kit-azul\\\/#primaryimage\",\"url\":\"https:\\\/\\\/i0.wp.com\\\/sayoh.com\\\/wp-content\\\/uploads\\\/2026\\\/03\\\/img_212897_ddc481facbbde595dfe3f30aa079eff3_1.jpg?fit=900%2C900&ssl=1\",\"contentUrl\":\"https:\\\/\\\/i0.wp.com\\\/sayoh.com\\\/wp-content\\\/uploads\\\/2026\\\/03\\\/img_212897_ddc481facbbde595dfe3f30aa079eff3_1.jpg?fit=900%2C900&ssl=1\",\"width\":900,\"height\":900},{\"@type\":\"BreadcrumbList\",\"@id\":\"https:\\\/\\\/sayoh.com\\\/product\\\/classix-ultimate-pleasure-couples-kit-azul\\\/#breadcrumb\",\"itemListElement\":[{\"@type\":\"ListItem\",\"position\":1,\"name\":\"Home\",\"item\":\"https:\\\/\\\/sayoh.com\\\/\"},{\"@type\":\"ListItem\",\"position\":2,\"name\":\"Shop\",\"item\":\"https:\\\/\\\/sayoh.com\\\/shop\\\/\"},{\"@type\":\"ListItem\",\"position\":3,\"name\":\"CLASSIX &#8211; ULTIMATE PLEASURE COUPLES KIT AZUL\"}]},{\"@type\":\"WebSite\",\"@id\":\"https:\\\/\\\/sayoh.com\\\/#website\",\"url\":\"https:\\\/\\\/sayoh.com\\\/\",\"name\":\"Say Oh\",\"description\":\"Playful, fun and safe sex\",\"publisher\":{\"@id\":\"https:\\\/\\\/sayoh.com\\\/#organization\"},\"potentialAction\":[{\"@type\":\"SearchAction\",\"target\":{\"@type\":\"EntryPoint\",\"urlTemplate\":\"https:\\\/\\\/sayoh.com\\\/?s={search_term_string}\"},\"query-input\":{\"@type\":\"PropertyValueSpecification\",\"valueRequired\":true,\"valueName\":\"search_term_string\"}}],\"inLanguage\":\"da-DK\"},{\"@type\":\"Organization\",\"@id\":\"https:\\\/\\\/sayoh.com\\\/#organization\",\"name\":\"Say Oh\",\"url\":\"https:\\\/\\\/sayoh.com\\\/\",\"logo\":{\"@type\":\"ImageObject\",\"inLanguage\":\"da-DK\",\"@id\":\"https:\\\/\\\/sayoh.com\\\/#\\\/schema\\\/logo\\\/image\\\/\",\"url\":\"https:\\\/\\\/i0.wp.com\\\/sayoh.com\\\/wp-content\\\/uploads\\\/2023\\\/11\\\/cropped-image_123650291.jpg?fit=512%2C512&ssl=1\",\"contentUrl\":\"https:\\\/\\\/i0.wp.com\\\/sayoh.com\\\/wp-content\\\/uploads\\\/2023\\\/11\\\/cropped-image_123650291.jpg?fit=512%2C512&ssl=1\",\"width\":512,\"height\":512,\"caption\":\"Say Oh\"},\"image\":{\"@id\":\"https:\\\/\\\/sayoh.com\\\/#\\\/schema\\\/logo\\\/image\\\/\"}}]}<\/script>\n<!-- \/ Yoast SEO Premium plugin. -->","yoast_head_json":{"title":"CLASSIX - ULTIMATE PLEASURE COUPLES KIT AZUL - SayOh","description":"Shop the classix ultimate pleasure couples \u2014 designed for unforgettable pleasure. Premium quality by CLASSIX. Discreet delivery across Denmark.","robots":{"index":"index","follow":"follow","max-snippet":"max-snippet:-1","max-image-preview":"max-image-preview:large","max-video-preview":"max-video-preview:-1"},"canonical":"https:\/\/sayoh.com\/dk\/vare\/classix-ultimate-pleasure-couples-kit-azul\/","og_locale":"da_DK","og_type":"article","og_title":"CLASSIX - ULTIMATE PLEASURE COUPLES KIT AZUL","og_description":"Shop the classix ultimate pleasure couples \u2014 designed for unforgettable pleasure. Premium quality by CLASSIX. Discreet delivery across Denmark.","og_url":"https:\/\/sayoh.com\/dk\/vare\/classix-ultimate-pleasure-couples-kit-azul\/","og_site_name":"SayOh","article_modified_time":"2026-04-08T08:09:53+00:00","og_image":[{"width":900,"height":900,"url":"https:\/\/i0.wp.com\/sayoh.com\/wp-content\/uploads\/2026\/03\/img_212897_ddc481facbbde595dfe3f30aa079eff3_1.jpg?fit=900%2C900&ssl=1","type":"image\/jpeg"}],"twitter_card":"summary_large_image","twitter_misc":{"Estimeret l\u00e6setid":"2 minutter"},"schema":{"@context":"https:\/\/schema.org","@graph":[{"@type":"WebPage","@id":"https:\/\/sayoh.com\/product\/classix-ultimate-pleasure-couples-kit-azul\/","url":"https:\/\/sayoh.com\/product\/classix-ultimate-pleasure-couples-kit-azul\/","name":"CLASSIX - ULTIMATE PLEASURE COUPLES KIT AZUL - SayOh","isPartOf":{"@id":"https:\/\/sayoh.com\/#website"},"primaryImageOfPage":{"@id":"https:\/\/sayoh.com\/product\/classix-ultimate-pleasure-couples-kit-azul\/#primaryimage"},"image":{"@id":"https:\/\/sayoh.com\/product\/classix-ultimate-pleasure-couples-kit-azul\/#primaryimage"},"thumbnailUrl":"https:\/\/i0.wp.com\/sayoh.com\/wp-content\/uploads\/2026\/03\/img_212897_ddc481facbbde595dfe3f30aa079eff3_1.jpg?fit=900%2C900&ssl=1","datePublished":"2026-03-03T16:38:57+00:00","dateModified":"2026-04-08T08:09:53+00:00","description":"Shop the classix ultimate pleasure couples \u2014 designed for unforgettable pleasure. Premium quality by CLASSIX. Discreet delivery across Denmark.","breadcrumb":{"@id":"https:\/\/sayoh.com\/product\/classix-ultimate-pleasure-couples-kit-azul\/#breadcrumb"},"inLanguage":"da-DK","potentialAction":[{"@type":"ReadAction","target":["https:\/\/sayoh.com\/product\/classix-ultimate-pleasure-couples-kit-azul\/"]}]},{"@type":"ImageObject","inLanguage":"da-DK","@id":"https:\/\/sayoh.com\/product\/classix-ultimate-pleasure-couples-kit-azul\/#primaryimage","url":"https:\/\/i0.wp.com\/sayoh.com\/wp-content\/uploads\/2026\/03\/img_212897_ddc481facbbde595dfe3f30aa079eff3_1.jpg?fit=900%2C900&ssl=1","contentUrl":"https:\/\/i0.wp.com\/sayoh.com\/wp-content\/uploads\/2026\/03\/img_212897_ddc481facbbde595dfe3f30aa079eff3_1.jpg?fit=900%2C900&ssl=1","width":900,"height":900},{"@type":"BreadcrumbList","@id":"https:\/\/sayoh.com\/product\/classix-ultimate-pleasure-couples-kit-azul\/#breadcrumb","itemListElement":[{"@type":"ListItem","position":1,"name":"Home","item":"https:\/\/sayoh.com\/"},{"@type":"ListItem","position":2,"name":"Shop","item":"https:\/\/sayoh.com\/shop\/"},{"@type":"ListItem","position":3,"name":"CLASSIX &#8211; ULTIMATE PLEASURE COUPLES KIT AZUL"}]},{"@type":"WebSite","@id":"https:\/\/sayoh.com\/#website","url":"https:\/\/sayoh.com\/","name":"Sig \u00e5h","description":"Legende, sjov og sikker sex","publisher":{"@id":"https:\/\/sayoh.com\/#organization"},"potentialAction":[{"@type":"SearchAction","target":{"@type":"EntryPoint","urlTemplate":"https:\/\/sayoh.com\/?s={search_term_string}"},"query-input":{"@type":"PropertyValueSpecification","valueRequired":true,"valueName":"search_term_string"}}],"inLanguage":"da-DK"},{"@type":"Organization","@id":"https:\/\/sayoh.com\/#organization","name":"Sig \u00e5h","url":"https:\/\/sayoh.com\/","logo":{"@type":"ImageObject","inLanguage":"da-DK","@id":"https:\/\/sayoh.com\/#\/schema\/logo\/image\/","url":"https:\/\/i0.wp.com\/sayoh.com\/wp-content\/uploads\/2023\/11\/cropped-image_123650291.jpg?fit=512%2C512&ssl=1","contentUrl":"https:\/\/i0.wp.com\/sayoh.com\/wp-content\/uploads\/2023\/11\/cropped-image_123650291.jpg?fit=512%2C512&ssl=1","width":512,"height":512,"caption":"Say Oh"},"image":{"@id":"https:\/\/sayoh.com\/#\/schema\/logo\/image\/"}}]}},"jetpack_publicize_connections":[],"jetpack_likes_enabled":true,"jetpack_sharing_enabled":true,"jetpack-related-posts":[{"id":31250,"url":"https:\/\/sayoh.com\/dk\/vare\/toyjoy-amazing-pleasure-sex-toy-kit\/","url_meta":{"origin":31336,"position":0},"title":"TOYJOY &#8211; AMAZING PLEASURE SEX TOY KIT","author":"Admin","date":"marts 3, 2026","format":false,"excerpt":"Discover the TOYJOY - AMAZING PLEASURE SEX TOY KIT by TOYJOY. This thoughtfully crafted pleasure product is designed to hit every right note, whether you are exploring solo or with a partner. Premium quality, discreet delivery.","rel":"","context":"Similar post","block_context":{"text":"Similar post","link":""},"img":{"alt_text":"","src":"https:\/\/i0.wp.com\/sayoh.com\/wp-content\/uploads\/2026\/03\/img_82612_096f186b21ec778648b3f706358b3b21_1.jpg?fit=550%2C550&ssl=1&resize=350%2C200","width":350,"height":200,"srcset":"https:\/\/i0.wp.com\/sayoh.com\/wp-content\/uploads\/2026\/03\/img_82612_096f186b21ec778648b3f706358b3b21_1.jpg?fit=550%2C550&ssl=1&resize=350%2C200 1x, https:\/\/i0.wp.com\/sayoh.com\/wp-content\/uploads\/2026\/03\/img_82612_096f186b21ec778648b3f706358b3b21_1.jpg?fit=550%2C550&ssl=1&resize=525%2C300 1.5x"},"classes":[]},{"id":31263,"url":"https:\/\/sayoh.com\/dk\/vare\/secret-room-pleasure-kit-bronze-level-1\/","url_meta":{"origin":31336,"position":1},"title":"SECRET ROOM &#8211; PLEASURE KIT BRONZE LEVEL 1","author":"Admin","date":"marts 3, 2026","format":false,"excerpt":"The SECRET ROOM - PLEASURE KIT BRONZE LEVEL 1 from SECRET ROOM is the pleasure product you have been looking for. Designed for comfort, built for pleasure, and delivered discreetly to your door across Denmark.","rel":"","context":"Similar post","block_context":{"text":"Similar post","link":""},"img":{"alt_text":"","src":"https:\/\/i0.wp.com\/sayoh.com\/wp-content\/uploads\/2026\/03\/img_180238_36e81286419f3ff1c36d54913622f943_1.png?fit=800%2C800&ssl=1&resize=350%2C200","width":350,"height":200,"srcset":"https:\/\/i0.wp.com\/sayoh.com\/wp-content\/uploads\/2026\/03\/img_180238_36e81286419f3ff1c36d54913622f943_1.png?fit=800%2C800&ssl=1&resize=350%2C200 1x, https:\/\/i0.wp.com\/sayoh.com\/wp-content\/uploads\/2026\/03\/img_180238_36e81286419f3ff1c36d54913622f943_1.png?fit=800%2C800&ssl=1&resize=525%2C300 1.5x, https:\/\/i0.wp.com\/sayoh.com\/wp-content\/uploads\/2026\/03\/img_180238_36e81286419f3ff1c36d54913622f943_1.png?fit=800%2C800&ssl=1&resize=700%2C400 2x"},"classes":[]},{"id":31294,"url":"https:\/\/sayoh.com\/dk\/vare\/calexotics-starter-lovers-kit\/","url_meta":{"origin":31336,"position":2},"title":"CALEXOTICS &#8211; STARTER LOVERS KIT","author":"Admin","date":"marts 3, 2026","format":false,"excerpt":"Discover the CALEXOTICS - STARTER LOVERS KIT by CALEXOTICS. This thoughtfully crafted pleasure product is designed to hit every right note, whether you are exploring solo or with a partner. Premium quality, discreet delivery.","rel":"","context":"Similar post","block_context":{"text":"Similar post","link":""},"img":{"alt_text":"","src":"https:\/\/i0.wp.com\/sayoh.com\/wp-content\/uploads\/2026\/03\/img_88935_f0d6e8ef7c4388d43b83de54bf456659_1.jpg?fit=550%2C550&ssl=1&resize=350%2C200","width":350,"height":200,"srcset":"https:\/\/i0.wp.com\/sayoh.com\/wp-content\/uploads\/2026\/03\/img_88935_f0d6e8ef7c4388d43b83de54bf456659_1.jpg?fit=550%2C550&ssl=1&resize=350%2C200 1x, https:\/\/i0.wp.com\/sayoh.com\/wp-content\/uploads\/2026\/03\/img_88935_f0d6e8ef7c4388d43b83de54bf456659_1.jpg?fit=550%2C550&ssl=1&resize=525%2C300 1.5x"},"classes":[]},{"id":31235,"url":"https:\/\/sayoh.com\/dk\/vare\/baile-lovers-secret-collection-fantasy-kit\/","url_meta":{"origin":31336,"position":3},"title":"BAILE &#8211; LOVERS SECRET COLLECTION FANTASY KIT","author":"Admin","date":"marts 3, 2026","format":false,"excerpt":"The BAILE - LOVERS SECRET COLLECTION FANTASY KIT from BAILE STIMULATING is the pleasure product you have been looking for. Designed for comfort, built for pleasure, and delivered discreetly to your door across Denmark.","rel":"","context":"Similar post","block_context":{"text":"Similar post","link":""},"img":{"alt_text":"","src":"https:\/\/i0.wp.com\/sayoh.com\/wp-content\/uploads\/2026\/03\/img_69682_8cbe553a9b9016605ba30da84e35a542_1.jpg?fit=800%2C800&ssl=1&resize=350%2C200","width":350,"height":200,"srcset":"https:\/\/i0.wp.com\/sayoh.com\/wp-content\/uploads\/2026\/03\/img_69682_8cbe553a9b9016605ba30da84e35a542_1.jpg?fit=800%2C800&ssl=1&resize=350%2C200 1x, https:\/\/i0.wp.com\/sayoh.com\/wp-content\/uploads\/2026\/03\/img_69682_8cbe553a9b9016605ba30da84e35a542_1.jpg?fit=800%2C800&ssl=1&resize=525%2C300 1.5x, https:\/\/i0.wp.com\/sayoh.com\/wp-content\/uploads\/2026\/03\/img_69682_8cbe553a9b9016605ba30da84e35a542_1.jpg?fit=800%2C800&ssl=1&resize=700%2C400 2x"},"classes":[]},{"id":36997,"url":"https:\/\/sayoh.com\/dk\/vare\/pretty-love-product-kit-for-couples\/","url_meta":{"origin":31336,"position":4},"title":"PRETTY LOVE &#8211; PRODUCT KIT FOR COUPLES","author":"Admin","date":"marts 19, 2026","format":false,"excerpt":"Discover the PRETTY LOVE - PRODUCT KIT FOR COUPLES by PRETTY LOVE. This thoughtfully crafted pleasure product is designed to hit every right note, whether you are exploring solo or with a partner. Premium quality, discreet delivery.","rel":"","context":"Similar post","block_context":{"text":"Similar post","link":""},"img":{"alt_text":"","src":"https:\/\/i0.wp.com\/sayoh.com\/wp-content\/uploads\/2026\/03\/img_158217_eb2228b25963aef5f74a79ce44647ed2_1.jpg?fit=800%2C800&ssl=1&resize=350%2C200","width":350,"height":200,"srcset":"https:\/\/i0.wp.com\/sayoh.com\/wp-content\/uploads\/2026\/03\/img_158217_eb2228b25963aef5f74a79ce44647ed2_1.jpg?fit=800%2C800&ssl=1&resize=350%2C200 1x, https:\/\/i0.wp.com\/sayoh.com\/wp-content\/uploads\/2026\/03\/img_158217_eb2228b25963aef5f74a79ce44647ed2_1.jpg?fit=800%2C800&ssl=1&resize=525%2C300 1.5x, https:\/\/i0.wp.com\/sayoh.com\/wp-content\/uploads\/2026\/03\/img_158217_eb2228b25963aef5f74a79ce44647ed2_1.jpg?fit=800%2C800&ssl=1&resize=700%2C400 2x"},"classes":[]},{"id":31275,"url":"https:\/\/sayoh.com\/dk\/vare\/toyjoy-just-for-you-love-toy-starter-kit\/","url_meta":{"origin":31336,"position":5},"title":"TOYJOY &#8211; JUST FOR YOU LOVE TOY STARTER KIT","author":"Admin","date":"marts 3, 2026","format":false,"excerpt":"The TOYJOY - JUST FOR YOU LOVE TOY STARTER KIT from TOYJOY is the pleasure product you have been looking for. Designed for comfort, built for pleasure, and delivered discreetly to your door across Denmark.","rel":"","context":"Similar post","block_context":{"text":"Similar post","link":""},"img":{"alt_text":"","src":"https:\/\/i0.wp.com\/sayoh.com\/wp-content\/uploads\/2026\/03\/img_82626_63d717dd8e07de07062fe742d7e52c25_1.jpg?fit=550%2C550&ssl=1&resize=350%2C200","width":350,"height":200,"srcset":"https:\/\/i0.wp.com\/sayoh.com\/wp-content\/uploads\/2026\/03\/img_82626_63d717dd8e07de07062fe742d7e52c25_1.jpg?fit=550%2C550&ssl=1&resize=350%2C200 1x, https:\/\/i0.wp.com\/sayoh.com\/wp-content\/uploads\/2026\/03\/img_82626_63d717dd8e07de07062fe742d7e52c25_1.jpg?fit=550%2C550&ssl=1&resize=525%2C300 1.5x"},"classes":[]}],"_links":{"self":[{"href":"https:\/\/sayoh.com\/dk\/wp-json\/wp\/v2\/product\/31336","targetHints":{"allow":["GET"]}}],"collection":[{"href":"https:\/\/sayoh.com\/dk\/wp-json\/wp\/v2\/product"}],"about":[{"href":"https:\/\/sayoh.com\/dk\/wp-json\/wp\/v2\/types\/product"}],"replies":[{"embeddable":true,"href":"https:\/\/sayoh.com\/dk\/wp-json\/wp\/v2\/comments?post=31336"}],"version-history":[{"count":0,"href":"https:\/\/sayoh.com\/dk\/wp-json\/wp\/v2\/product\/31336\/revisions"}],"wp:featuredmedia":[{"embeddable":true,"href":"https:\/\/sayoh.com\/dk\/wp-json\/wp\/v2\/media\/31330"}],"wp:attachment":[{"href":"https:\/\/sayoh.com\/dk\/wp-json\/wp\/v2\/media?parent=31336"}],"wp:term":[{"taxonomy":"product_brand","embeddable":true,"href":"https:\/\/sayoh.com\/dk\/wp-json\/wp\/v2\/product_brand?post=31336"},{"taxonomy":"product_cat","embeddable":true,"href":"https:\/\/sayoh.com\/dk\/wp-json\/wp\/v2\/product_cat?post=31336"},{"taxonomy":"product_tag","embeddable":true,"href":"https:\/\/sayoh.com\/dk\/wp-json\/wp\/v2\/product_tag?post=31336"}],"curies":[{"name":"wp","href":"https:\/\/api.w.org\/{rel}","templated":true}]}}