{"id":32400,"date":"2026-03-03T17:41:58","date_gmt":"2026-03-03T16:41:58","guid":{"rendered":"https:\/\/sayoh.com\/?post_type=product&#038;p=32400"},"modified":"2026-04-18T10:06:45","modified_gmt":"2026-04-18T08:06:45","slug":"baile-alex-realistic-skin-dildo-27-cm","status":"publish","type":"product","link":"https:\/\/sayoh.com\/dk\/vare\/baile-alex-realistic-skin-dildo-27-cm\/","title":{"rendered":"BAILE &#8211; ALEX REALISTIC SKIN DILDO 27 CM"},"content":{"rendered":"<h2>Hver kurve har et form\u00e5l<\/h2>\n<p>I det \u00f8jeblik du holder <strong>BAILE &#8211; ALEX REALISTIC SKIN DILDO 27 CM<\/strong> in your hands, you will feel the difference. This is not another generic dildo \u2014 it is a carefully engineered pleasure product from BAILE DILDOS that prioritises your satisfaction above all else.<\/p>\n<p>Uanset om du g\u00e5r p\u00e5 opdagelse p\u00e5 egen h\u00e5nd eller deler en intim aften med en partner, s\u00e5 er <strong>BAILE &#8211; ALEX REALISTIC SKIN DILDO 27 CM<\/strong> tilpasser sig dit hum\u00f8r og dine \u00f8nsker. Dens design inviterer dig til at tage dig tid, finde ud af, hvad der f\u00f8les bedst, og fortabe dig i \u00f8jeblikket. Det er den slags produkter, der fortjener en fast plads i din natbordsskuffe.<\/p>\n<h2>En form designet til at begejstre<\/h2>\n<p>Fra det \u00f8jeblik, du pakker den ud, er det tydeligt, at der er k\u00e6let for detaljerne. Den glatte finish, de ergonomiske kurver, den tilfredsstillende v\u00e6gt - alt ved <strong>BAILE &#8211; ALEX REALISTIC SKIN DILDO 27 CM<\/strong> siger premium. Dette er et produkt, der respekterer din krop og din nydelse.<\/p>\n<p>The versatility on offer here is remarkable. Solo or partnered, gentle or intense, this dildo lets you set the pace and explore at your comfort level. And with BAILE DILDOS&#8217;s commitment to body-safe materials, you can relax and focus entirely on the experience.<\/p>\n<h2>Mere end bare et smukt design<\/h2>\n<p>Ud over forn\u00f8jelsen er <strong>BAILE &#8211; ALEX REALISTIC SKIN DILDO 27 CM<\/strong> scorer h\u00f8jt p\u00e5 praktisk anvendelighed. Den er nem at reng\u00f8re, nem at opbevare og bygget til at holde til mange sessioner. Materialerne er allergivenlige og kropssikre, s\u00e5 der er ikke andet at bekymre sig om end at nyde det.<\/p>\n<p>Hos Sayoh mener vi, at alle fortjener adgang til intimprodukter af h\u00f8j kvalitet uden at blive d\u00f8mt. Din ordre sendes i helt almindelig emballage, og vores hurtige danske levering betyder, at du allerede kan nyde dine nye <strong>BAILE &#8211; ALEX REALISTIC SKIN DILDO 27 CM<\/strong> hurtigere end du tror.<\/p>\n<h2>Vigtige funktioner<\/h2>\n<ul>\n<li>Fremstillet af kropssikre materialer for at give dig ro i sindet<\/li>\n<li>Diskret indpakning og hurtig levering i hele Danmark<\/li>\n<li>Premium quality by BAILE DILDOS<\/li>\n<li>Let at reng\u00f8re og vedligeholde for varig gl\u00e6de<\/li>\n<li>Ergonomisk designet til at passe naturligt til din krop<\/li>\n<li>Perfekt til solo-eventyr eller f\u00e6lles intime \u00f8jeblikke<\/li>\n<\/ul>","protected":false},"excerpt":{"rendered":"<p>Womanizer <strong>BAILE &#8211; ALEX REALISTIC SKIN DILDO 27 CM<\/strong> by BAILE DILDOS delivers exactly what you need \u2014 intense, reliable pleasure in a beautifully designed package. This premium dildo is perfect for anyone who refuses to settle for less.<\/p>","protected":false},"featured_media":32328,"comment_status":"open","ping_status":"closed","template":"","meta":{"_crdt_document":"","_monsterinsights_skip_tracking":false,"_monsterinsights_sitenote_active":false,"_monsterinsights_sitenote_note":"","_monsterinsights_sitenote_category":0,"jetpack_publicize_message":"","jetpack_publicize_feature_enabled":true,"jetpack_social_post_already_shared":true,"jetpack_social_options":{"image_generator_settings":{"template":"highway","default_image_id":0,"font":"","enabled":false},"version":2},"_wpas_customize_per_network":false},"product_brand":[1596],"product_cat":[1552,1598,1562,1571,1580,1454],"product_tag":[1556,1557,1582,1581,1569,1458],"class_list":{"0":"post-32400","1":"product","2":"type-product","3":"status-publish","4":"has-post-thumbnail","6":"product_brand-baile","7":"product_cat-anal","8":"product_cat-couples","9":"product_cat-anal-dildo","10":"product_cat-g-spot-dildo","11":"product_cat-lgbt","12":"product_cat-women","13":"product_tag-anal","14":"product_tag-couples","15":"product_tag-gay","16":"product_tag-lgbt","17":"product_tag-penetration","18":"product_tag-vibrator","20":"first","21":"instock","22":"taxable","23":"shipping-taxable","24":"purchasable","25":"product-type-simple"},"yoast_head":"<!-- This site is optimized with the Yoast SEO Premium plugin v27.1 (Yoast SEO v27.4) - https:\/\/yoast.com\/product\/yoast-seo-premium-wordpress\/ -->\n<title>BAILE - ALEX REALISTIC SKIN DILDO 27 CM - SayOh<\/title>\n<meta name=\"description\" content=\"Shop the baile alex realistic skin \u2014 designed for unforgettable pleasure. Premium quality by BAILE DILDOS. Discreet delivery across Denmark.\" \/>\n<meta name=\"robots\" content=\"index, follow, max-snippet:-1, max-image-preview:large, max-video-preview:-1\" \/>\n<link rel=\"canonical\" href=\"https:\/\/sayoh.com\/dk\/vare\/baile-alex-realistic-skin-dildo-27-cm\/\" \/>\n<meta property=\"og:locale\" content=\"da_DK\" \/>\n<meta property=\"og:type\" content=\"article\" \/>\n<meta property=\"og:title\" content=\"BAILE - ALEX REALISTIC SKIN DILDO 27 CM\" \/>\n<meta property=\"og:description\" content=\"Shop the baile alex realistic skin \u2014 designed for unforgettable pleasure. Premium quality by BAILE DILDOS. Discreet delivery across Denmark.\" \/>\n<meta property=\"og:url\" content=\"https:\/\/sayoh.com\/dk\/vare\/baile-alex-realistic-skin-dildo-27-cm\/\" \/>\n<meta property=\"og:site_name\" content=\"SayOh\" \/>\n<meta property=\"article:modified_time\" content=\"2026-04-18T08:06:45+00:00\" \/>\n<meta property=\"og:image\" content=\"https:\/\/i0.wp.com\/sayoh.com\/wp-content\/uploads\/2026\/03\/img_111972_e896e711a2710961792c651c07c77858_1-1.jpg?fit=800%2C800&ssl=1\" \/>\n\t<meta property=\"og:image:width\" content=\"800\" \/>\n\t<meta property=\"og:image:height\" content=\"800\" \/>\n\t<meta property=\"og:image:type\" content=\"image\/jpeg\" \/>\n<meta name=\"twitter:card\" content=\"summary_large_image\" \/>\n<meta name=\"twitter:label1\" content=\"Estimeret l\u00e6setid\" \/>\n\t<meta name=\"twitter:data1\" content=\"2 minutter\" \/>\n<script type=\"application\/ld+json\" class=\"yoast-schema-graph\">{\"@context\":\"https:\\\/\\\/schema.org\",\"@graph\":[{\"@type\":\"WebPage\",\"@id\":\"https:\\\/\\\/sayoh.com\\\/product\\\/baile-alex-realistic-skin-dildo-27-cm\\\/\",\"url\":\"https:\\\/\\\/sayoh.com\\\/product\\\/baile-alex-realistic-skin-dildo-27-cm\\\/\",\"name\":\"BAILE - ALEX REALISTIC SKIN DILDO 27 CM - SayOh\",\"isPartOf\":{\"@id\":\"https:\\\/\\\/sayoh.com\\\/#website\"},\"primaryImageOfPage\":{\"@id\":\"https:\\\/\\\/sayoh.com\\\/product\\\/baile-alex-realistic-skin-dildo-27-cm\\\/#primaryimage\"},\"image\":{\"@id\":\"https:\\\/\\\/sayoh.com\\\/product\\\/baile-alex-realistic-skin-dildo-27-cm\\\/#primaryimage\"},\"thumbnailUrl\":\"https:\\\/\\\/i0.wp.com\\\/sayoh.com\\\/wp-content\\\/uploads\\\/2026\\\/03\\\/img_111972_e896e711a2710961792c651c07c77858_1-1.jpg?fit=800%2C800&ssl=1\",\"datePublished\":\"2026-03-03T16:41:58+00:00\",\"dateModified\":\"2026-04-18T08:06:45+00:00\",\"description\":\"Shop the baile alex realistic skin \u2014 designed for unforgettable pleasure. Premium quality by BAILE DILDOS. Discreet delivery across Denmark.\",\"breadcrumb\":{\"@id\":\"https:\\\/\\\/sayoh.com\\\/product\\\/baile-alex-realistic-skin-dildo-27-cm\\\/#breadcrumb\"},\"inLanguage\":\"da-DK\",\"potentialAction\":[{\"@type\":\"ReadAction\",\"target\":[\"https:\\\/\\\/sayoh.com\\\/product\\\/baile-alex-realistic-skin-dildo-27-cm\\\/\"]}]},{\"@type\":\"ImageObject\",\"inLanguage\":\"da-DK\",\"@id\":\"https:\\\/\\\/sayoh.com\\\/product\\\/baile-alex-realistic-skin-dildo-27-cm\\\/#primaryimage\",\"url\":\"https:\\\/\\\/i0.wp.com\\\/sayoh.com\\\/wp-content\\\/uploads\\\/2026\\\/03\\\/img_111972_e896e711a2710961792c651c07c77858_1-1.jpg?fit=800%2C800&ssl=1\",\"contentUrl\":\"https:\\\/\\\/i0.wp.com\\\/sayoh.com\\\/wp-content\\\/uploads\\\/2026\\\/03\\\/img_111972_e896e711a2710961792c651c07c77858_1-1.jpg?fit=800%2C800&ssl=1\",\"width\":800,\"height\":800},{\"@type\":\"BreadcrumbList\",\"@id\":\"https:\\\/\\\/sayoh.com\\\/product\\\/baile-alex-realistic-skin-dildo-27-cm\\\/#breadcrumb\",\"itemListElement\":[{\"@type\":\"ListItem\",\"position\":1,\"name\":\"Home\",\"item\":\"https:\\\/\\\/sayoh.com\\\/\"},{\"@type\":\"ListItem\",\"position\":2,\"name\":\"Shop\",\"item\":\"https:\\\/\\\/sayoh.com\\\/shop\\\/\"},{\"@type\":\"ListItem\",\"position\":3,\"name\":\"BAILE &#8211; ALEX REALISTIC SKIN DILDO 27 CM\"}]},{\"@type\":\"WebSite\",\"@id\":\"https:\\\/\\\/sayoh.com\\\/#website\",\"url\":\"https:\\\/\\\/sayoh.com\\\/\",\"name\":\"Say Oh\",\"description\":\"Playful, fun and safe sex\",\"publisher\":{\"@id\":\"https:\\\/\\\/sayoh.com\\\/#organization\"},\"potentialAction\":[{\"@type\":\"SearchAction\",\"target\":{\"@type\":\"EntryPoint\",\"urlTemplate\":\"https:\\\/\\\/sayoh.com\\\/?s={search_term_string}\"},\"query-input\":{\"@type\":\"PropertyValueSpecification\",\"valueRequired\":true,\"valueName\":\"search_term_string\"}}],\"inLanguage\":\"da-DK\"},{\"@type\":\"Organization\",\"@id\":\"https:\\\/\\\/sayoh.com\\\/#organization\",\"name\":\"Say Oh\",\"url\":\"https:\\\/\\\/sayoh.com\\\/\",\"logo\":{\"@type\":\"ImageObject\",\"inLanguage\":\"da-DK\",\"@id\":\"https:\\\/\\\/sayoh.com\\\/#\\\/schema\\\/logo\\\/image\\\/\",\"url\":\"https:\\\/\\\/i0.wp.com\\\/sayoh.com\\\/wp-content\\\/uploads\\\/2023\\\/11\\\/cropped-image_123650291.jpg?fit=512%2C512&ssl=1\",\"contentUrl\":\"https:\\\/\\\/i0.wp.com\\\/sayoh.com\\\/wp-content\\\/uploads\\\/2023\\\/11\\\/cropped-image_123650291.jpg?fit=512%2C512&ssl=1\",\"width\":512,\"height\":512,\"caption\":\"Say Oh\"},\"image\":{\"@id\":\"https:\\\/\\\/sayoh.com\\\/#\\\/schema\\\/logo\\\/image\\\/\"}}]}<\/script>\n<!-- \/ Yoast SEO Premium plugin. -->","yoast_head_json":{"title":"BAILE - ALEX REALISTIC SKIN DILDO 27 CM - SayOh","description":"Shop the baile alex realistic skin \u2014 designed for unforgettable pleasure. Premium quality by BAILE DILDOS. Discreet delivery across Denmark.","robots":{"index":"index","follow":"follow","max-snippet":"max-snippet:-1","max-image-preview":"max-image-preview:large","max-video-preview":"max-video-preview:-1"},"canonical":"https:\/\/sayoh.com\/dk\/vare\/baile-alex-realistic-skin-dildo-27-cm\/","og_locale":"da_DK","og_type":"article","og_title":"BAILE - ALEX REALISTIC SKIN DILDO 27 CM","og_description":"Shop the baile alex realistic skin \u2014 designed for unforgettable pleasure. Premium quality by BAILE DILDOS. Discreet delivery across Denmark.","og_url":"https:\/\/sayoh.com\/dk\/vare\/baile-alex-realistic-skin-dildo-27-cm\/","og_site_name":"SayOh","article_modified_time":"2026-04-18T08:06:45+00:00","og_image":[{"width":800,"height":800,"url":"https:\/\/i0.wp.com\/sayoh.com\/wp-content\/uploads\/2026\/03\/img_111972_e896e711a2710961792c651c07c77858_1-1.jpg?fit=800%2C800&ssl=1","type":"image\/jpeg"}],"twitter_card":"summary_large_image","twitter_misc":{"Estimeret l\u00e6setid":"2 minutter"},"schema":{"@context":"https:\/\/schema.org","@graph":[{"@type":"WebPage","@id":"https:\/\/sayoh.com\/product\/baile-alex-realistic-skin-dildo-27-cm\/","url":"https:\/\/sayoh.com\/product\/baile-alex-realistic-skin-dildo-27-cm\/","name":"BAILE - ALEX REALISTIC SKIN DILDO 27 CM - SayOh","isPartOf":{"@id":"https:\/\/sayoh.com\/#website"},"primaryImageOfPage":{"@id":"https:\/\/sayoh.com\/product\/baile-alex-realistic-skin-dildo-27-cm\/#primaryimage"},"image":{"@id":"https:\/\/sayoh.com\/product\/baile-alex-realistic-skin-dildo-27-cm\/#primaryimage"},"thumbnailUrl":"https:\/\/i0.wp.com\/sayoh.com\/wp-content\/uploads\/2026\/03\/img_111972_e896e711a2710961792c651c07c77858_1-1.jpg?fit=800%2C800&ssl=1","datePublished":"2026-03-03T16:41:58+00:00","dateModified":"2026-04-18T08:06:45+00:00","description":"Shop the baile alex realistic skin \u2014 designed for unforgettable pleasure. Premium quality by BAILE DILDOS. Discreet delivery across Denmark.","breadcrumb":{"@id":"https:\/\/sayoh.com\/product\/baile-alex-realistic-skin-dildo-27-cm\/#breadcrumb"},"inLanguage":"da-DK","potentialAction":[{"@type":"ReadAction","target":["https:\/\/sayoh.com\/product\/baile-alex-realistic-skin-dildo-27-cm\/"]}]},{"@type":"ImageObject","inLanguage":"da-DK","@id":"https:\/\/sayoh.com\/product\/baile-alex-realistic-skin-dildo-27-cm\/#primaryimage","url":"https:\/\/i0.wp.com\/sayoh.com\/wp-content\/uploads\/2026\/03\/img_111972_e896e711a2710961792c651c07c77858_1-1.jpg?fit=800%2C800&ssl=1","contentUrl":"https:\/\/i0.wp.com\/sayoh.com\/wp-content\/uploads\/2026\/03\/img_111972_e896e711a2710961792c651c07c77858_1-1.jpg?fit=800%2C800&ssl=1","width":800,"height":800},{"@type":"BreadcrumbList","@id":"https:\/\/sayoh.com\/product\/baile-alex-realistic-skin-dildo-27-cm\/#breadcrumb","itemListElement":[{"@type":"ListItem","position":1,"name":"Home","item":"https:\/\/sayoh.com\/"},{"@type":"ListItem","position":2,"name":"Shop","item":"https:\/\/sayoh.com\/shop\/"},{"@type":"ListItem","position":3,"name":"BAILE &#8211; ALEX REALISTIC SKIN DILDO 27 CM"}]},{"@type":"WebSite","@id":"https:\/\/sayoh.com\/#website","url":"https:\/\/sayoh.com\/","name":"Sig \u00e5h","description":"Legende, sjov og sikker sex","publisher":{"@id":"https:\/\/sayoh.com\/#organization"},"potentialAction":[{"@type":"SearchAction","target":{"@type":"EntryPoint","urlTemplate":"https:\/\/sayoh.com\/?s={search_term_string}"},"query-input":{"@type":"PropertyValueSpecification","valueRequired":true,"valueName":"search_term_string"}}],"inLanguage":"da-DK"},{"@type":"Organization","@id":"https:\/\/sayoh.com\/#organization","name":"Sig \u00e5h","url":"https:\/\/sayoh.com\/","logo":{"@type":"ImageObject","inLanguage":"da-DK","@id":"https:\/\/sayoh.com\/#\/schema\/logo\/image\/","url":"https:\/\/i0.wp.com\/sayoh.com\/wp-content\/uploads\/2023\/11\/cropped-image_123650291.jpg?fit=512%2C512&ssl=1","contentUrl":"https:\/\/i0.wp.com\/sayoh.com\/wp-content\/uploads\/2023\/11\/cropped-image_123650291.jpg?fit=512%2C512&ssl=1","width":512,"height":512,"caption":"Say Oh"},"image":{"@id":"https:\/\/sayoh.com\/#\/schema\/logo\/image\/"}}]}},"jetpack_publicize_connections":[],"jetpack_likes_enabled":true,"jetpack_sharing_enabled":true,"jetpack-related-posts":[{"id":31850,"url":"https:\/\/sayoh.com\/dk\/vare\/baile-realistic-skin-touch-silicone-dildo-23-cm\/","url_meta":{"origin":32400,"position":0},"title":"BAILE &#8211; REALISTIC SKIN TOUCH SILICONE DILDO 23 CM","author":"Admin","date":"marts 3, 2026","format":false,"excerpt":"Discover the BAILE - REALISTIC SKIN TOUCH SILICONE DILDO 23 CM by BAILE DILDOS. This thoughtfully crafted dildo is designed to hit every right note, whether you are exploring solo or with a partner. Premium quality, discreet delivery.","rel":"","context":"Similar post","block_context":{"text":"Similar post","link":""},"img":{"alt_text":"","src":"https:\/\/i0.wp.com\/sayoh.com\/wp-content\/uploads\/2026\/03\/img_9773_8a8e95630c256ea2bbcf754d98b4621f_1.jpg?fit=450%2C450&ssl=1&resize=350%2C200","width":350,"height":200},"classes":[]},{"id":31861,"url":"https:\/\/sayoh.com\/dk\/vare\/baile-realistic-skin-touch-silicone-dildo-19-cm-random-box-color\/","url_meta":{"origin":32400,"position":1},"title":"BAILE &#8211; REALISTIC SKIN TOUCH SILICONE DILDO 19 CM RANDOM BOX COLOR","author":"Admin","date":"marts 3, 2026","format":false,"excerpt":"Meet the BAILE - REALISTIC SKIN TOUCH SILICONE DILDO 19 CM RANDOM BOX COLOR from BAILE DILDOS \u2014 a dildo that combines stunning design with unforgettable performance. Treat yourself to something that truly elevates the experience.","rel":"","context":"Similar post","block_context":{"text":"Similar post","link":""},"img":{"alt_text":"","src":"https:\/\/i0.wp.com\/sayoh.com\/wp-content\/uploads\/2026\/03\/img_30218_b9fd4f15d0978e11ead943bd42ff90ce_1.jpg?fit=627%2C627&ssl=1&resize=350%2C200","width":350,"height":200,"srcset":"https:\/\/i0.wp.com\/sayoh.com\/wp-content\/uploads\/2026\/03\/img_30218_b9fd4f15d0978e11ead943bd42ff90ce_1.jpg?fit=627%2C627&ssl=1&resize=350%2C200 1x, https:\/\/i0.wp.com\/sayoh.com\/wp-content\/uploads\/2026\/03\/img_30218_b9fd4f15d0978e11ead943bd42ff90ce_1.jpg?fit=627%2C627&ssl=1&resize=525%2C300 1.5x"},"classes":[]},{"id":31989,"url":"https:\/\/sayoh.com\/dk\/vare\/baile-the-big-penis-natural-realistic-dildo-23-5-cm\/","url_meta":{"origin":32400,"position":2},"title":"BAILE &#8211; THE BIG PENIS NATURAL REALISTIC DILDO 23.5 CM","author":"Admin","date":"marts 3, 2026","format":false,"excerpt":"The BAILE - THE BIG PENIS NATURAL REALISTIC DILDO 23.5 CM from BAILE DILDOS is the dildo you have been looking for. Designed for comfort, built for pleasure, and delivered discreetly to your door across Denmark.","rel":"","context":"Similar post","block_context":{"text":"Similar post","link":""},"img":{"alt_text":"","src":"https:\/\/i0.wp.com\/sayoh.com\/wp-content\/uploads\/2026\/03\/img_68675_a11b6d1a2f61b753f3fed4981b57d951_1.jpg?fit=800%2C800&ssl=1&resize=350%2C200","width":350,"height":200,"srcset":"https:\/\/i0.wp.com\/sayoh.com\/wp-content\/uploads\/2026\/03\/img_68675_a11b6d1a2f61b753f3fed4981b57d951_1.jpg?fit=800%2C800&ssl=1&resize=350%2C200 1x, https:\/\/i0.wp.com\/sayoh.com\/wp-content\/uploads\/2026\/03\/img_68675_a11b6d1a2f61b753f3fed4981b57d951_1.jpg?fit=800%2C800&ssl=1&resize=525%2C300 1.5x, https:\/\/i0.wp.com\/sayoh.com\/wp-content\/uploads\/2026\/03\/img_68675_a11b6d1a2f61b753f3fed4981b57d951_1.jpg?fit=800%2C800&ssl=1&resize=700%2C400 2x"},"classes":[]},{"id":30514,"url":"https:\/\/sayoh.com\/dk\/vare\/baile-buraq-realistic-dildo-24-cm-flesh\/","url_meta":{"origin":32400,"position":3},"title":"BAILE &#8211; BURAQ REALISTIC DILDO 24 CM FLESH","author":"Admin","date":"marts 3, 2026","format":false,"excerpt":"Meet the BAILE - BURAQ REALISTIC DILDO 24 CM FLESH from BAILE \u2014 a dildo that combines stunning design with unforgettable performance. Treat yourself to something that truly elevates the experience.","rel":"","context":"Similar post","block_context":{"text":"Similar post","link":""},"img":{"alt_text":"","src":"https:\/\/i0.wp.com\/sayoh.com\/wp-content\/uploads\/2026\/03\/img_198416_2f6098ca2596fdd77134cba6edc61d5e_1.jpg?fit=800%2C800&ssl=1&resize=350%2C200","width":350,"height":200,"srcset":"https:\/\/i0.wp.com\/sayoh.com\/wp-content\/uploads\/2026\/03\/img_198416_2f6098ca2596fdd77134cba6edc61d5e_1.jpg?fit=800%2C800&ssl=1&resize=350%2C200 1x, https:\/\/i0.wp.com\/sayoh.com\/wp-content\/uploads\/2026\/03\/img_198416_2f6098ca2596fdd77134cba6edc61d5e_1.jpg?fit=800%2C800&ssl=1&resize=525%2C300 1.5x, https:\/\/i0.wp.com\/sayoh.com\/wp-content\/uploads\/2026\/03\/img_198416_2f6098ca2596fdd77134cba6edc61d5e_1.jpg?fit=800%2C800&ssl=1&resize=700%2C400 2x"},"classes":[]},{"id":31993,"url":"https:\/\/sayoh.com\/dk\/vare\/baile-the-big-penis-natural-realistic-dildo-26-cm\/","url_meta":{"origin":32400,"position":4},"title":"BAILE &#8211; THE BIG PENIS NATURAL REALISTIC DILDO 26 CM","author":"Admin","date":"marts 3, 2026","format":false,"excerpt":"Discover the BAILE - THE BIG PENIS NATURAL REALISTIC DILDO 26 CM by BAILE DILDOS. This thoughtfully crafted dildo is designed to hit every right note, whether you are exploring solo or with a partner. Premium quality, discreet delivery.","rel":"","context":"Similar post","block_context":{"text":"Similar post","link":""},"img":{"alt_text":"","src":"https:\/\/i0.wp.com\/sayoh.com\/wp-content\/uploads\/2026\/03\/img_68694_40ed36c3bc011fe32848833288bf94d6_1.jpg?fit=800%2C800&ssl=1&resize=350%2C200","width":350,"height":200,"srcset":"https:\/\/i0.wp.com\/sayoh.com\/wp-content\/uploads\/2026\/03\/img_68694_40ed36c3bc011fe32848833288bf94d6_1.jpg?fit=800%2C800&ssl=1&resize=350%2C200 1x, https:\/\/i0.wp.com\/sayoh.com\/wp-content\/uploads\/2026\/03\/img_68694_40ed36c3bc011fe32848833288bf94d6_1.jpg?fit=800%2C800&ssl=1&resize=525%2C300 1.5x, https:\/\/i0.wp.com\/sayoh.com\/wp-content\/uploads\/2026\/03\/img_68694_40ed36c3bc011fe32848833288bf94d6_1.jpg?fit=800%2C800&ssl=1&resize=700%2C400 2x"},"classes":[]},{"id":31940,"url":"https:\/\/sayoh.com\/dk\/vare\/baile-vive-realistic-dildo-19-8-cm-natural-color\/","url_meta":{"origin":32400,"position":5},"title":"BAILE &#8211; VIVE REALISTIC DILDO 19.8 CM NATURAL COLOR","author":"Admin","date":"marts 3, 2026","format":false,"excerpt":"The BAILE - VIVE REALISTIC DILDO 19.8 CM NATURAL COLOR by BAILE DILDOS delivers exactly what you need \u2014 intense, reliable pleasure in a beautifully designed package. This premium dildo is perfect for anyone who refuses to settle for less.","rel":"","context":"Similar post","block_context":{"text":"Similar post","link":""},"img":{"alt_text":"","src":"https:\/\/i0.wp.com\/sayoh.com\/wp-content\/uploads\/2026\/03\/img_50285_92a033f188fd741112907d37181f872a_1.jpg?fit=800%2C800&ssl=1&resize=350%2C200","width":350,"height":200,"srcset":"https:\/\/i0.wp.com\/sayoh.com\/wp-content\/uploads\/2026\/03\/img_50285_92a033f188fd741112907d37181f872a_1.jpg?fit=800%2C800&ssl=1&resize=350%2C200 1x, https:\/\/i0.wp.com\/sayoh.com\/wp-content\/uploads\/2026\/03\/img_50285_92a033f188fd741112907d37181f872a_1.jpg?fit=800%2C800&ssl=1&resize=525%2C300 1.5x, https:\/\/i0.wp.com\/sayoh.com\/wp-content\/uploads\/2026\/03\/img_50285_92a033f188fd741112907d37181f872a_1.jpg?fit=800%2C800&ssl=1&resize=700%2C400 2x"},"classes":[]}],"_links":{"self":[{"href":"https:\/\/sayoh.com\/dk\/wp-json\/wp\/v2\/product\/32400","targetHints":{"allow":["GET"]}}],"collection":[{"href":"https:\/\/sayoh.com\/dk\/wp-json\/wp\/v2\/product"}],"about":[{"href":"https:\/\/sayoh.com\/dk\/wp-json\/wp\/v2\/types\/product"}],"replies":[{"embeddable":true,"href":"https:\/\/sayoh.com\/dk\/wp-json\/wp\/v2\/comments?post=32400"}],"version-history":[{"count":0,"href":"https:\/\/sayoh.com\/dk\/wp-json\/wp\/v2\/product\/32400\/revisions"}],"wp:featuredmedia":[{"embeddable":true,"href":"https:\/\/sayoh.com\/dk\/wp-json\/wp\/v2\/media\/32328"}],"wp:attachment":[{"href":"https:\/\/sayoh.com\/dk\/wp-json\/wp\/v2\/media?parent=32400"}],"wp:term":[{"taxonomy":"product_brand","embeddable":true,"href":"https:\/\/sayoh.com\/dk\/wp-json\/wp\/v2\/product_brand?post=32400"},{"taxonomy":"product_cat","embeddable":true,"href":"https:\/\/sayoh.com\/dk\/wp-json\/wp\/v2\/product_cat?post=32400"},{"taxonomy":"product_tag","embeddable":true,"href":"https:\/\/sayoh.com\/dk\/wp-json\/wp\/v2\/product_tag?post=32400"}],"curies":[{"name":"wp","href":"https:\/\/api.w.org\/{rel}","templated":true}]}}