{"id":32968,"date":"2026-03-05T09:03:14","date_gmt":"2026-03-05T08:03:14","guid":{"rendered":"https:\/\/sayoh.com\/product\/pretty-love-sliding-skin-series-realistic-dildo-with-sliding-skin-suction-cup-remote-control-flesh-21-8-cm\/"},"modified":"2026-04-30T10:07:02","modified_gmt":"2026-04-30T08:07:02","slug":"pretty-love-sliding-skin-series-realistic-dildo-with-sliding-skin-suction-cup-remote-control-flesh-21-8-cm","status":"publish","type":"product","link":"https:\/\/sayoh.com\/dk\/vare\/pretty-love-sliding-skin-series-realistic-dildo-with-sliding-skin-suction-cup-remote-control-flesh-21-8-cm\/","title":{"rendered":"PRETTY LOVE &#8211; SLIDING SKIN SERIES REALISTIC DILDO WITH SLIDING SKIN SUCTION CUP REMOTE CONTROL FLESH 21.8 CM"},"content":{"rendered":"<h2>Hver kurve har et form\u00e5l<\/h2>\n<p>I det \u00f8jeblik du holder <strong>PRETTY LOVE &#8211; SLIDING SKIN SERIES REALISTIC DILDO WITH SLIDING SKIN SUCTION CUP REMOTE CONTROL FLESH 21.8 CM<\/strong> in your hands, you will feel the difference. This is not another generic dildo \u2014 it is a carefully engineered pleasure product from PRETTY LOVE HIGH GRADE that prioritises your satisfaction above all else.<\/p>\n<p>Det, der virkelig f\u00e5r denne dildo til at skille sig ud, er den m\u00e5de, den f\u00f8les p\u00e5 under brug. Hver kontur, hver tekstur, hver detalje er blevet overvejet for at maksimere din oplevelse. Den <strong>PRETTY LOVE &#8211; SLIDING SKIN SERIES REALISTIC DILDO WITH SLIDING SKIN SUCTION CUP REMOTE CONTROL FLESH 21.8 CM<\/strong> lever ikke bare op til forventningerne - den omdefinerer dem.<\/p>\n<h2>Ren nydelse, ingen kompromisser<\/h2>\n<p>Udformningen af <strong>PRETTY LOVE &#8211; SLIDING SKIN SERIES REALISTIC DILDO WITH SLIDING SKIN SUCTION CUP REMOTE CONTROL FLESH 21.8 CM<\/strong> har den perfekte balance mellem form og funktion. Den ser fantastisk ud, f\u00f8les fantastisk og fungerer pr\u00e6cis som lovet. PRETTY LOVE HIGH GRADE har ry for at levere kvalitet, og dette produkt er ingen undtagelse.<\/p>\n<p>Den alsidighed, der tilbydes her, er bem\u00e6rkelsesv\u00e6rdig. Solo eller i par, blid eller intens, denne dildo lader dig s\u00e6tte tempoet og udforske p\u00e5 dit eget komfortniveau. Og med PRETTY LOVE HIGH GRADE's engagement i kropssikre materialer kan du slappe af og fokusere helt p\u00e5 oplevelsen.<\/p>\n<h2>Bygget til det virkelige liv<\/h2>\n<p>Holdbarhed og hygiejne betyder lige s\u00e5 meget som nydelse, og PRETTY LOVE HIGH GRADE leverer begge dele. Den <strong>PRETTY LOVE &#8211; SLIDING SKIN SERIES REALISTIC DILDO WITH SLIDING SKIN SUCTION CUP REMOTE CONTROL FLESH 21.8 CM<\/strong> er bygget af f\u00f8rsteklasses materialer, der er nemme at reng\u00f8re, og som bevarer deres kvalitet over tid. Det er en smart investering i din fortsatte gl\u00e6de.<\/p>\n<p>Hos Sayoh mener vi, at alle fortjener adgang til intimprodukter af h\u00f8j kvalitet uden at blive d\u00f8mt. Din ordre sendes i helt almindelig emballage, og vores hurtige danske levering betyder, at du allerede kan nyde dine nye <strong>PRETTY LOVE &#8211; SLIDING SKIN SERIES REALISTIC DILDO WITH SLIDING SKIN SUCTION CUP REMOTE CONTROL FLESH 21.8 CM<\/strong> hurtigere end du tror.<\/p>\n<h2>Vigtige funktioner<\/h2>\n<ul>\n<li>Fremstillet af kropssikre materialer for at give dig ro i sindet<\/li>\n<li>Helt vandt\u00e6t - tag din forn\u00f8jelse med i badet eller under bruseren<\/li>\n<li>Diskret indpakning og hurtig levering i hele Danmark<\/li>\n<li>F\u00f8rsteklasses kvalitet fra PRETTY LOVE HIGH GRADE<\/li>\n<li>Let at reng\u00f8re og vedligeholde for varig gl\u00e6de<\/li>\n<li>Ergonomisk designet til at passe naturligt til din krop<\/li>\n<\/ul>","protected":false},"excerpt":{"rendered":"<p>Womanizer <strong>PRETTY LOVE &#8211; SLIDING SKIN SERIES REALISTIC DILDO WITH SLIDING SKIN SUCTION CUP REMOTE CONTROL FLESH 21.8 CM<\/strong> by PRETTY LOVE HIGH GRADE delivers exactly what you need \u2014 intense, reliable pleasure in a beautifully designed package. This premium dildo is perfect for anyone who refuses to settle for less.<\/p>","protected":false},"featured_media":32955,"comment_status":"open","ping_status":"closed","template":"","meta":{"_crdt_document":"","_monsterinsights_skip_tracking":false,"_monsterinsights_sitenote_active":false,"_monsterinsights_sitenote_note":"","_monsterinsights_sitenote_category":0,"jetpack_publicize_message":"","jetpack_publicize_feature_enabled":true,"jetpack_social_post_already_shared":true,"jetpack_social_options":{"image_generator_settings":{"template":"highway","default_image_id":0,"font":"","enabled":false},"version":2},"_wpas_customize_per_network":false},"product_brand":[1595],"product_cat":[1552,1598,1562,1571,1580,1454],"product_tag":[1556,1481,1557,1582,1581,1569,1480,1458],"class_list":{"0":"post-32968","1":"product","2":"type-product","3":"status-publish","4":"has-post-thumbnail","6":"product_brand-pretty-love","7":"product_cat-anal","8":"product_cat-couples","9":"product_cat-anal-dildo","10":"product_cat-g-spot-dildo","11":"product_cat-lgbt","12":"product_cat-women","13":"product_tag-anal","14":"product_tag-app-controlled","15":"product_tag-couples","16":"product_tag-gay","17":"product_tag-lgbt","18":"product_tag-penetration","19":"product_tag-remote-controlled","20":"product_tag-vibrator","22":"first","23":"instock","24":"taxable","25":"shipping-taxable","26":"purchasable","27":"product-type-simple"},"yoast_head":"<!-- This site is optimized with the Yoast SEO Premium plugin v27.1 (Yoast SEO v27.6) - https:\/\/yoast.com\/product\/yoast-seo-premium-wordpress\/ -->\n<title>PRETTY LOVE - SLIDING SKIN SERIES REALISTIC DILDO WITH SLIDING SKIN SUCTION CUP REMOTE CONTROL FLESH 21.8 CM - SayOh<\/title>\n<meta name=\"description\" content=\"Shop the pretty sliding skin series \u2014 designed for unforgettable pleasure. Premium quality by PRETTY LOVE HIGH GRADE. Discreet delivery across Denmark.\" \/>\n<meta name=\"robots\" content=\"index, follow, max-snippet:-1, max-image-preview:large, max-video-preview:-1\" \/>\n<link rel=\"canonical\" href=\"https:\/\/sayoh.com\/dk\/vare\/pretty-love-sliding-skin-series-realistic-dildo-with-sliding-skin-suction-cup-remote-control-flesh-21-8-cm\/\" \/>\n<meta property=\"og:locale\" content=\"da_DK\" \/>\n<meta property=\"og:type\" content=\"article\" \/>\n<meta property=\"og:title\" content=\"PRETTY LOVE - SLIDING SKIN SERIES REALISTIC DILDO WITH SLIDING SKIN SUCTION CUP REMOTE CONTROL FLESH 21.8 CM\" \/>\n<meta property=\"og:description\" content=\"Shop the pretty sliding skin series \u2014 designed for unforgettable pleasure. Premium quality by PRETTY LOVE HIGH GRADE. Discreet delivery across Denmark.\" \/>\n<meta property=\"og:url\" content=\"https:\/\/sayoh.com\/dk\/vare\/pretty-love-sliding-skin-series-realistic-dildo-with-sliding-skin-suction-cup-remote-control-flesh-21-8-cm\/\" \/>\n<meta property=\"og:site_name\" content=\"SayOh\" \/>\n<meta property=\"article:modified_time\" content=\"2026-04-30T08:07:02+00:00\" \/>\n<meta property=\"og:image\" content=\"https:\/\/i0.wp.com\/sayoh.com\/wp-content\/uploads\/2026\/03\/img_165207_10010e05804773f4fb3e0ffb2fcc75b3_1.jpg?fit=800%2C800&ssl=1\" \/>\n\t<meta property=\"og:image:width\" content=\"800\" \/>\n\t<meta property=\"og:image:height\" content=\"800\" \/>\n\t<meta property=\"og:image:type\" content=\"image\/jpeg\" \/>\n<meta name=\"twitter:card\" content=\"summary_large_image\" \/>\n<meta name=\"twitter:label1\" content=\"Estimeret l\u00e6setid\" \/>\n\t<meta name=\"twitter:data1\" content=\"2 minutter\" \/>\n<script type=\"application\/ld+json\" class=\"yoast-schema-graph\">{\"@context\":\"https:\\\/\\\/schema.org\",\"@graph\":[{\"@type\":\"WebPage\",\"@id\":\"https:\\\/\\\/sayoh.com\\\/product\\\/pretty-love-sliding-skin-series-realistic-dildo-with-sliding-skin-suction-cup-remote-control-flesh-21-8-cm\\\/\",\"url\":\"https:\\\/\\\/sayoh.com\\\/product\\\/pretty-love-sliding-skin-series-realistic-dildo-with-sliding-skin-suction-cup-remote-control-flesh-21-8-cm\\\/\",\"name\":\"PRETTY LOVE - SLIDING SKIN SERIES REALISTIC DILDO WITH SLIDING SKIN SUCTION CUP REMOTE CONTROL FLESH 21.8 CM - SayOh\",\"isPartOf\":{\"@id\":\"https:\\\/\\\/sayoh.com\\\/#website\"},\"primaryImageOfPage\":{\"@id\":\"https:\\\/\\\/sayoh.com\\\/product\\\/pretty-love-sliding-skin-series-realistic-dildo-with-sliding-skin-suction-cup-remote-control-flesh-21-8-cm\\\/#primaryimage\"},\"image\":{\"@id\":\"https:\\\/\\\/sayoh.com\\\/product\\\/pretty-love-sliding-skin-series-realistic-dildo-with-sliding-skin-suction-cup-remote-control-flesh-21-8-cm\\\/#primaryimage\"},\"thumbnailUrl\":\"https:\\\/\\\/i0.wp.com\\\/sayoh.com\\\/wp-content\\\/uploads\\\/2026\\\/03\\\/img_165207_10010e05804773f4fb3e0ffb2fcc75b3_1.jpg?fit=800%2C800&ssl=1\",\"datePublished\":\"2026-03-05T08:03:14+00:00\",\"dateModified\":\"2026-04-30T08:07:02+00:00\",\"description\":\"Shop the pretty sliding skin series \u2014 designed for unforgettable pleasure. Premium quality by PRETTY LOVE HIGH GRADE. Discreet delivery across Denmark.\",\"breadcrumb\":{\"@id\":\"https:\\\/\\\/sayoh.com\\\/product\\\/pretty-love-sliding-skin-series-realistic-dildo-with-sliding-skin-suction-cup-remote-control-flesh-21-8-cm\\\/#breadcrumb\"},\"inLanguage\":\"da-DK\",\"potentialAction\":[{\"@type\":\"ReadAction\",\"target\":[\"https:\\\/\\\/sayoh.com\\\/product\\\/pretty-love-sliding-skin-series-realistic-dildo-with-sliding-skin-suction-cup-remote-control-flesh-21-8-cm\\\/\"]}]},{\"@type\":\"ImageObject\",\"inLanguage\":\"da-DK\",\"@id\":\"https:\\\/\\\/sayoh.com\\\/product\\\/pretty-love-sliding-skin-series-realistic-dildo-with-sliding-skin-suction-cup-remote-control-flesh-21-8-cm\\\/#primaryimage\",\"url\":\"https:\\\/\\\/i0.wp.com\\\/sayoh.com\\\/wp-content\\\/uploads\\\/2026\\\/03\\\/img_165207_10010e05804773f4fb3e0ffb2fcc75b3_1.jpg?fit=800%2C800&ssl=1\",\"contentUrl\":\"https:\\\/\\\/i0.wp.com\\\/sayoh.com\\\/wp-content\\\/uploads\\\/2026\\\/03\\\/img_165207_10010e05804773f4fb3e0ffb2fcc75b3_1.jpg?fit=800%2C800&ssl=1\",\"width\":800,\"height\":800},{\"@type\":\"BreadcrumbList\",\"@id\":\"https:\\\/\\\/sayoh.com\\\/product\\\/pretty-love-sliding-skin-series-realistic-dildo-with-sliding-skin-suction-cup-remote-control-flesh-21-8-cm\\\/#breadcrumb\",\"itemListElement\":[{\"@type\":\"ListItem\",\"position\":1,\"name\":\"Home\",\"item\":\"https:\\\/\\\/sayoh.com\\\/\"},{\"@type\":\"ListItem\",\"position\":2,\"name\":\"Shop\",\"item\":\"https:\\\/\\\/sayoh.com\\\/shop\\\/\"},{\"@type\":\"ListItem\",\"position\":3,\"name\":\"PRETTY LOVE &#8211; SLIDING SKIN SERIES REALISTIC DILDO WITH SLIDING SKIN SUCTION CUP REMOTE CONTROL FLESH 21.8 CM\"}]},{\"@type\":\"WebSite\",\"@id\":\"https:\\\/\\\/sayoh.com\\\/#website\",\"url\":\"https:\\\/\\\/sayoh.com\\\/\",\"name\":\"Say Oh\",\"description\":\"Playful, fun and safe sex\",\"publisher\":{\"@id\":\"https:\\\/\\\/sayoh.com\\\/#organization\"},\"potentialAction\":[{\"@type\":\"SearchAction\",\"target\":{\"@type\":\"EntryPoint\",\"urlTemplate\":\"https:\\\/\\\/sayoh.com\\\/?s={search_term_string}\"},\"query-input\":{\"@type\":\"PropertyValueSpecification\",\"valueRequired\":true,\"valueName\":\"search_term_string\"}}],\"inLanguage\":\"da-DK\"},{\"@type\":\"Organization\",\"@id\":\"https:\\\/\\\/sayoh.com\\\/#organization\",\"name\":\"Say Oh\",\"url\":\"https:\\\/\\\/sayoh.com\\\/\",\"logo\":{\"@type\":\"ImageObject\",\"inLanguage\":\"da-DK\",\"@id\":\"https:\\\/\\\/sayoh.com\\\/#\\\/schema\\\/logo\\\/image\\\/\",\"url\":\"https:\\\/\\\/i0.wp.com\\\/sayoh.com\\\/wp-content\\\/uploads\\\/2023\\\/11\\\/cropped-image_123650291.jpg?fit=512%2C512&ssl=1\",\"contentUrl\":\"https:\\\/\\\/i0.wp.com\\\/sayoh.com\\\/wp-content\\\/uploads\\\/2023\\\/11\\\/cropped-image_123650291.jpg?fit=512%2C512&ssl=1\",\"width\":512,\"height\":512,\"caption\":\"Say Oh\"},\"image\":{\"@id\":\"https:\\\/\\\/sayoh.com\\\/#\\\/schema\\\/logo\\\/image\\\/\"}}]}<\/script>\n<!-- \/ Yoast SEO Premium plugin. -->","yoast_head_json":{"title":"PRETTY LOVE - SLIDING SKIN SERIES REALISTIC DILDO WITH SLIDING SKIN SUCTION CUP REMOTE CONTROL FLESH 21.8 CM - SayOh","description":"Shop the pretty sliding skin series \u2014 designed for unforgettable pleasure. Premium quality by PRETTY LOVE HIGH GRADE. Discreet delivery across Denmark.","robots":{"index":"index","follow":"follow","max-snippet":"max-snippet:-1","max-image-preview":"max-image-preview:large","max-video-preview":"max-video-preview:-1"},"canonical":"https:\/\/sayoh.com\/dk\/vare\/pretty-love-sliding-skin-series-realistic-dildo-with-sliding-skin-suction-cup-remote-control-flesh-21-8-cm\/","og_locale":"da_DK","og_type":"article","og_title":"PRETTY LOVE - SLIDING SKIN SERIES REALISTIC DILDO WITH SLIDING SKIN SUCTION CUP REMOTE CONTROL FLESH 21.8 CM","og_description":"Shop the pretty sliding skin series \u2014 designed for unforgettable pleasure. Premium quality by PRETTY LOVE HIGH GRADE. Discreet delivery across Denmark.","og_url":"https:\/\/sayoh.com\/dk\/vare\/pretty-love-sliding-skin-series-realistic-dildo-with-sliding-skin-suction-cup-remote-control-flesh-21-8-cm\/","og_site_name":"SayOh","article_modified_time":"2026-04-30T08:07:02+00:00","og_image":[{"width":800,"height":800,"url":"https:\/\/i0.wp.com\/sayoh.com\/wp-content\/uploads\/2026\/03\/img_165207_10010e05804773f4fb3e0ffb2fcc75b3_1.jpg?fit=800%2C800&ssl=1","type":"image\/jpeg"}],"twitter_card":"summary_large_image","twitter_misc":{"Estimeret l\u00e6setid":"2 minutter"},"schema":{"@context":"https:\/\/schema.org","@graph":[{"@type":"WebPage","@id":"https:\/\/sayoh.com\/product\/pretty-love-sliding-skin-series-realistic-dildo-with-sliding-skin-suction-cup-remote-control-flesh-21-8-cm\/","url":"https:\/\/sayoh.com\/product\/pretty-love-sliding-skin-series-realistic-dildo-with-sliding-skin-suction-cup-remote-control-flesh-21-8-cm\/","name":"PRETTY LOVE - SLIDING SKIN SERIES REALISTIC DILDO WITH SLIDING SKIN SUCTION CUP REMOTE CONTROL FLESH 21.8 CM - SayOh","isPartOf":{"@id":"https:\/\/sayoh.com\/#website"},"primaryImageOfPage":{"@id":"https:\/\/sayoh.com\/product\/pretty-love-sliding-skin-series-realistic-dildo-with-sliding-skin-suction-cup-remote-control-flesh-21-8-cm\/#primaryimage"},"image":{"@id":"https:\/\/sayoh.com\/product\/pretty-love-sliding-skin-series-realistic-dildo-with-sliding-skin-suction-cup-remote-control-flesh-21-8-cm\/#primaryimage"},"thumbnailUrl":"https:\/\/i0.wp.com\/sayoh.com\/wp-content\/uploads\/2026\/03\/img_165207_10010e05804773f4fb3e0ffb2fcc75b3_1.jpg?fit=800%2C800&ssl=1","datePublished":"2026-03-05T08:03:14+00:00","dateModified":"2026-04-30T08:07:02+00:00","description":"Shop the pretty sliding skin series \u2014 designed for unforgettable pleasure. Premium quality by PRETTY LOVE HIGH GRADE. Discreet delivery across Denmark.","breadcrumb":{"@id":"https:\/\/sayoh.com\/product\/pretty-love-sliding-skin-series-realistic-dildo-with-sliding-skin-suction-cup-remote-control-flesh-21-8-cm\/#breadcrumb"},"inLanguage":"da-DK","potentialAction":[{"@type":"ReadAction","target":["https:\/\/sayoh.com\/product\/pretty-love-sliding-skin-series-realistic-dildo-with-sliding-skin-suction-cup-remote-control-flesh-21-8-cm\/"]}]},{"@type":"ImageObject","inLanguage":"da-DK","@id":"https:\/\/sayoh.com\/product\/pretty-love-sliding-skin-series-realistic-dildo-with-sliding-skin-suction-cup-remote-control-flesh-21-8-cm\/#primaryimage","url":"https:\/\/i0.wp.com\/sayoh.com\/wp-content\/uploads\/2026\/03\/img_165207_10010e05804773f4fb3e0ffb2fcc75b3_1.jpg?fit=800%2C800&ssl=1","contentUrl":"https:\/\/i0.wp.com\/sayoh.com\/wp-content\/uploads\/2026\/03\/img_165207_10010e05804773f4fb3e0ffb2fcc75b3_1.jpg?fit=800%2C800&ssl=1","width":800,"height":800},{"@type":"BreadcrumbList","@id":"https:\/\/sayoh.com\/product\/pretty-love-sliding-skin-series-realistic-dildo-with-sliding-skin-suction-cup-remote-control-flesh-21-8-cm\/#breadcrumb","itemListElement":[{"@type":"ListItem","position":1,"name":"Home","item":"https:\/\/sayoh.com\/"},{"@type":"ListItem","position":2,"name":"Shop","item":"https:\/\/sayoh.com\/shop\/"},{"@type":"ListItem","position":3,"name":"PRETTY LOVE &#8211; SLIDING SKIN SERIES REALISTIC DILDO WITH SLIDING SKIN SUCTION CUP REMOTE CONTROL FLESH 21.8 CM"}]},{"@type":"WebSite","@id":"https:\/\/sayoh.com\/#website","url":"https:\/\/sayoh.com\/","name":"Sig \u00e5h","description":"Legende, sjov og sikker sex","publisher":{"@id":"https:\/\/sayoh.com\/#organization"},"potentialAction":[{"@type":"SearchAction","target":{"@type":"EntryPoint","urlTemplate":"https:\/\/sayoh.com\/?s={search_term_string}"},"query-input":{"@type":"PropertyValueSpecification","valueRequired":true,"valueName":"search_term_string"}}],"inLanguage":"da-DK"},{"@type":"Organization","@id":"https:\/\/sayoh.com\/#organization","name":"Sig \u00e5h","url":"https:\/\/sayoh.com\/","logo":{"@type":"ImageObject","inLanguage":"da-DK","@id":"https:\/\/sayoh.com\/#\/schema\/logo\/image\/","url":"https:\/\/i0.wp.com\/sayoh.com\/wp-content\/uploads\/2023\/11\/cropped-image_123650291.jpg?fit=512%2C512&ssl=1","contentUrl":"https:\/\/i0.wp.com\/sayoh.com\/wp-content\/uploads\/2023\/11\/cropped-image_123650291.jpg?fit=512%2C512&ssl=1","width":512,"height":512,"caption":"Say Oh"},"image":{"@id":"https:\/\/sayoh.com\/#\/schema\/logo\/image\/"}}]}},"jetpack_publicize_connections":[],"jetpack_likes_enabled":true,"jetpack_sharing_enabled":true,"jetpack-related-posts":[{"id":33021,"url":"https:\/\/sayoh.com\/dk\/vare\/pretty-love-sliding-skin-series-realistic-dildo-with-sliding-skin-suction-cup-21-8-cm\/","url_meta":{"origin":32968,"position":0},"title":"PRETTY LOVE &#8211; SLIDING SKIN SERIES REALISTIC DILDO WITH SLIDING SKIN SUCTION CUP 21.8 CM","author":"Admin","date":"marts 5, 2026","format":false,"excerpt":"The PRETTY LOVE - SLIDING SKIN SERIES REALISTIC DILDO WITH SLIDING SKIN SUCTION CUP 21.8 CM by PRETTY LOVE HIGH GRADE delivers exactly what you need \u2014 intense, reliable pleasure in a beautifully designed package. This premium dildo is perfect for anyone who refuses to settle for less.","rel":"","context":"Similar post","block_context":{"text":"Similar post","link":""},"img":{"alt_text":"","src":"https:\/\/i0.wp.com\/sayoh.com\/wp-content\/uploads\/2026\/03\/img_173486_7b397c266d63c5d4b3ad7d7e729732b6_1.jpg?fit=800%2C800&ssl=1&resize=350%2C200","width":350,"height":200,"srcset":"https:\/\/i0.wp.com\/sayoh.com\/wp-content\/uploads\/2026\/03\/img_173486_7b397c266d63c5d4b3ad7d7e729732b6_1.jpg?fit=800%2C800&ssl=1&resize=350%2C200 1x, https:\/\/i0.wp.com\/sayoh.com\/wp-content\/uploads\/2026\/03\/img_173486_7b397c266d63c5d4b3ad7d7e729732b6_1.jpg?fit=800%2C800&ssl=1&resize=525%2C300 1.5x, https:\/\/i0.wp.com\/sayoh.com\/wp-content\/uploads\/2026\/03\/img_173486_7b397c266d63c5d4b3ad7d7e729732b6_1.jpg?fit=800%2C800&ssl=1&resize=700%2C400 2x"},"classes":[]},{"id":33030,"url":"https:\/\/sayoh.com\/dk\/vare\/pretty-love-sliding-skin-series-realistic-dildo-with-sliding-brown-skin-suction-cup-21-8-cm\/","url_meta":{"origin":32968,"position":1},"title":"PRETTY LOVE &#8211; SLIDING SKIN SERIES REALISTIC DILDO WITH SLIDING BROWN SKIN SUCTION CUP 21.8 CM","author":"Admin","date":"marts 5, 2026","format":false,"excerpt":"The PRETTY LOVE - SLIDING SKIN SERIES REALISTIC DILDO WITH SLIDING BROWN SKIN SUCTION CUP 21.8 CM by PRETTY LOVE HIGH GRADE delivers exactly what you need \u2014 intense, reliable pleasure in a beautifully designed package. This premium dildo is perfect for anyone who refuses to settle for less.","rel":"","context":"Similar post","block_context":{"text":"Similar post","link":""},"img":{"alt_text":"","src":"https:\/\/i0.wp.com\/sayoh.com\/wp-content\/uploads\/2026\/03\/img_173500_fef332b63e5551fd725dfe4079976491_1.jpg?fit=800%2C800&ssl=1&resize=350%2C200","width":350,"height":200,"srcset":"https:\/\/i0.wp.com\/sayoh.com\/wp-content\/uploads\/2026\/03\/img_173500_fef332b63e5551fd725dfe4079976491_1.jpg?fit=800%2C800&ssl=1&resize=350%2C200 1x, https:\/\/i0.wp.com\/sayoh.com\/wp-content\/uploads\/2026\/03\/img_173500_fef332b63e5551fd725dfe4079976491_1.jpg?fit=800%2C800&ssl=1&resize=525%2C300 1.5x, https:\/\/i0.wp.com\/sayoh.com\/wp-content\/uploads\/2026\/03\/img_173500_fef332b63e5551fd725dfe4079976491_1.jpg?fit=800%2C800&ssl=1&resize=700%2C400 2x"},"classes":[]},{"id":32966,"url":"https:\/\/sayoh.com\/dk\/vare\/pretty-love-sliding-skin-series-realistic-dildo-with-sliding-skin-suction-cup-remote-control-flesh-24-cm\/","url_meta":{"origin":32968,"position":2},"title":"PRETTY LOVE &#8211; SLIDING SKIN SERIES REALISTIC DILDO WITH SLIDING SKIN SUCTION CUP REMOTE CONTROL FLESH 24 CM","author":"Admin","date":"marts 5, 2026","format":false,"excerpt":"The PRETTY LOVE - SLIDING SKIN SERIES REALISTIC DILDO WITH SLIDING SKIN SUCTION CUP REMOTE CONTROL FLESH 24 CM from PRETTY LOVE HIGH GRADE is the dildo you have been looking for. Designed for comfort, built for pleasure, and delivered discreetly to your door across Denmark.","rel":"","context":"Similar post","block_context":{"text":"Similar post","link":""},"img":{"alt_text":"","src":"https:\/\/i0.wp.com\/sayoh.com\/wp-content\/uploads\/2026\/03\/img_165205_d84e19d871f10b4f4e1aa62489c88258_1.jpg?fit=800%2C800&ssl=1&resize=350%2C200","width":350,"height":200,"srcset":"https:\/\/i0.wp.com\/sayoh.com\/wp-content\/uploads\/2026\/03\/img_165205_d84e19d871f10b4f4e1aa62489c88258_1.jpg?fit=800%2C800&ssl=1&resize=350%2C200 1x, https:\/\/i0.wp.com\/sayoh.com\/wp-content\/uploads\/2026\/03\/img_165205_d84e19d871f10b4f4e1aa62489c88258_1.jpg?fit=800%2C800&ssl=1&resize=525%2C300 1.5x, https:\/\/i0.wp.com\/sayoh.com\/wp-content\/uploads\/2026\/03\/img_165205_d84e19d871f10b4f4e1aa62489c88258_1.jpg?fit=800%2C800&ssl=1&resize=700%2C400 2x"},"classes":[]},{"id":32991,"url":"https:\/\/sayoh.com\/dk\/vare\/pretty-love-sliding-skin-series-realistic-dildo-with-sliding-skin-suction-cup-flesh-26-cm\/","url_meta":{"origin":32968,"position":3},"title":"PRETTY LOVE &#8211; SLIDING SKIN SERIES REALISTIC DILDO WITH SLIDING SKIN SUCTION CUP FLESH 26 CM","author":"Admin","date":"marts 5, 2026","format":false,"excerpt":"The PRETTY LOVE - SLIDING SKIN SERIES REALISTIC DILDO WITH SLIDING SKIN SUCTION CUP FLESH 26 CM by PRETTY LOVE HIGH GRADE delivers exactly what you need \u2014 intense, reliable pleasure in a beautifully designed package. This premium dildo is perfect for anyone who refuses to settle for less.","rel":"","context":"Similar post","block_context":{"text":"Similar post","link":""},"img":{"alt_text":"","src":"https:\/\/i0.wp.com\/sayoh.com\/wp-content\/uploads\/2026\/03\/img_173309_18eff6cfdfcfaac705c6fd38c40cc51a_1.jpg?fit=800%2C800&ssl=1&resize=350%2C200","width":350,"height":200,"srcset":"https:\/\/i0.wp.com\/sayoh.com\/wp-content\/uploads\/2026\/03\/img_173309_18eff6cfdfcfaac705c6fd38c40cc51a_1.jpg?fit=800%2C800&ssl=1&resize=350%2C200 1x, https:\/\/i0.wp.com\/sayoh.com\/wp-content\/uploads\/2026\/03\/img_173309_18eff6cfdfcfaac705c6fd38c40cc51a_1.jpg?fit=800%2C800&ssl=1&resize=525%2C300 1.5x, https:\/\/i0.wp.com\/sayoh.com\/wp-content\/uploads\/2026\/03\/img_173309_18eff6cfdfcfaac705c6fd38c40cc51a_1.jpg?fit=800%2C800&ssl=1&resize=700%2C400 2x"},"classes":[]},{"id":32927,"url":"https:\/\/sayoh.com\/dk\/vare\/pretty-love-sliding-skin-series-realistic-dildo-with-sliding-skin-suction-cup-flesh-20-5-cm\/","url_meta":{"origin":32968,"position":4},"title":"PRETTY LOVE &#8211; SLIDING SKIN SERIES REALISTIC DILDO WITH SLIDING SKIN SUCTION CUP FLESH 20.5 CM","author":"Admin","date":"marts 5, 2026","format":false,"excerpt":"The PRETTY LOVE - SLIDING SKIN SERIES REALISTIC DILDO WITH SLIDING SKIN SUCTION CUP FLESH 20.5 CM from PRETTY LOVE HIGH GRADE is the dildo you have been looking for. Designed for comfort, built for pleasure, and delivered discreetly to your door across Denmark.","rel":"","context":"Similar post","block_context":{"text":"Similar post","link":""},"img":{"alt_text":"","src":"https:\/\/i0.wp.com\/sayoh.com\/wp-content\/uploads\/2026\/03\/img_165186_f071fceefe8771e546b87f96d3d463ea_1.jpg?fit=800%2C800&ssl=1&resize=350%2C200","width":350,"height":200,"srcset":"https:\/\/i0.wp.com\/sayoh.com\/wp-content\/uploads\/2026\/03\/img_165186_f071fceefe8771e546b87f96d3d463ea_1.jpg?fit=800%2C800&ssl=1&resize=350%2C200 1x, https:\/\/i0.wp.com\/sayoh.com\/wp-content\/uploads\/2026\/03\/img_165186_f071fceefe8771e546b87f96d3d463ea_1.jpg?fit=800%2C800&ssl=1&resize=525%2C300 1.5x, https:\/\/i0.wp.com\/sayoh.com\/wp-content\/uploads\/2026\/03\/img_165186_f071fceefe8771e546b87f96d3d463ea_1.jpg?fit=800%2C800&ssl=1&resize=700%2C400 2x"},"classes":[]},{"id":32959,"url":"https:\/\/sayoh.com\/dk\/vare\/pretty-love-sliding-skin-series-realistic-dildo-with-sliding-skin-suction-cup-flesh-23-4-cm\/","url_meta":{"origin":32968,"position":5},"title":"PRETTY LOVE &#8211; SLIDING SKIN SERIES REALISTIC DILDO WITH SLIDING SKIN SUCTION CUP FLESH 23.4 CM","author":"Admin","date":"marts 5, 2026","format":false,"excerpt":"Meet the PRETTY LOVE - SLIDING SKIN SERIES REALISTIC DILDO WITH SLIDING SKIN SUCTION CUP FLESH 23.4 CM from PRETTY LOVE HIGH GRADE \u2014 a dildo that combines stunning design with unforgettable performance. Treat yourself to something that truly elevates the experience.","rel":"","context":"Similar post","block_context":{"text":"Similar post","link":""},"img":{"alt_text":"","src":"https:\/\/i0.wp.com\/sayoh.com\/wp-content\/uploads\/2026\/03\/img_165195_209f53be0c623f6c455ce7df096beefa_1.jpg?fit=800%2C800&ssl=1&resize=350%2C200","width":350,"height":200,"srcset":"https:\/\/i0.wp.com\/sayoh.com\/wp-content\/uploads\/2026\/03\/img_165195_209f53be0c623f6c455ce7df096beefa_1.jpg?fit=800%2C800&ssl=1&resize=350%2C200 1x, https:\/\/i0.wp.com\/sayoh.com\/wp-content\/uploads\/2026\/03\/img_165195_209f53be0c623f6c455ce7df096beefa_1.jpg?fit=800%2C800&ssl=1&resize=525%2C300 1.5x, https:\/\/i0.wp.com\/sayoh.com\/wp-content\/uploads\/2026\/03\/img_165195_209f53be0c623f6c455ce7df096beefa_1.jpg?fit=800%2C800&ssl=1&resize=700%2C400 2x"},"classes":[]}],"_links":{"self":[{"href":"https:\/\/sayoh.com\/dk\/wp-json\/wp\/v2\/product\/32968","targetHints":{"allow":["GET"]}}],"collection":[{"href":"https:\/\/sayoh.com\/dk\/wp-json\/wp\/v2\/product"}],"about":[{"href":"https:\/\/sayoh.com\/dk\/wp-json\/wp\/v2\/types\/product"}],"replies":[{"embeddable":true,"href":"https:\/\/sayoh.com\/dk\/wp-json\/wp\/v2\/comments?post=32968"}],"version-history":[{"count":0,"href":"https:\/\/sayoh.com\/dk\/wp-json\/wp\/v2\/product\/32968\/revisions"}],"wp:featuredmedia":[{"embeddable":true,"href":"https:\/\/sayoh.com\/dk\/wp-json\/wp\/v2\/media\/32955"}],"wp:attachment":[{"href":"https:\/\/sayoh.com\/dk\/wp-json\/wp\/v2\/media?parent=32968"}],"wp:term":[{"taxonomy":"product_brand","embeddable":true,"href":"https:\/\/sayoh.com\/dk\/wp-json\/wp\/v2\/product_brand?post=32968"},{"taxonomy":"product_cat","embeddable":true,"href":"https:\/\/sayoh.com\/dk\/wp-json\/wp\/v2\/product_cat?post=32968"},{"taxonomy":"product_tag","embeddable":true,"href":"https:\/\/sayoh.com\/dk\/wp-json\/wp\/v2\/product_tag?post=32968"}],"curies":[{"name":"wp","href":"https:\/\/api.w.org\/{rel}","templated":true}]}}