{"id":33559,"date":"2026-03-05T09:07:04","date_gmt":"2026-03-05T08:07:04","guid":{"rendered":"https:\/\/sayoh.com\/product\/pretty-love-hulbert-double-realistic-dildo-with-vibration-mulato\/"},"modified":"2026-04-01T10:06:23","modified_gmt":"2026-04-01T08:06:23","slug":"pretty-love-hulbert-double-realistic-dildo-with-vibration-mulato","status":"publish","type":"product","link":"https:\/\/sayoh.com\/dk\/vare\/pretty-love-hulbert-double-realistic-dildo-with-vibration-mulato\/","title":{"rendered":"PRETTY LOVE &#8211; HULBERT DOUBLE REALISTIC DILDO WITH VIBRATION MULATO"},"content":{"rendered":"<h2>En form designet til at begejstre<\/h2>\n<p>Der er noget dybt tilfredsstillende ved at finde en dildo, der bare g\u00f8r det rigtigt. Den <strong>PRETTY LOVE &#8211; HULBERT DOUBLE REALISTIC DILDO WITH VIBRATION MULATO<\/strong> by PRETTY LOVE is one of those rare finds \u2014 thoughtfully crafted, beautifully designed, and built to deliver exactly the kind of pleasure you have been searching for.<\/p>\n<p>Uanset om du g\u00e5r p\u00e5 opdagelse p\u00e5 egen h\u00e5nd eller deler en intim aften med en partner, s\u00e5 er <strong>PRETTY LOVE &#8211; HULBERT DOUBLE REALISTIC DILDO WITH VIBRATION MULATO<\/strong> tilpasser sig dit hum\u00f8r og dine \u00f8nsker. Dens design inviterer dig til at tage dig tid, finde ud af, hvad der f\u00f8les bedst, og fortabe dig i \u00f8jeblikket. Det er den slags produkter, der fortjener en fast plads i din natbordsskuffe.<\/p>\n<h2>Hver kurve har et form\u00e5l<\/h2>\n<p>Udformningen af <strong>PRETTY LOVE &#8211; HULBERT DOUBLE REALISTIC DILDO WITH VIBRATION MULATO<\/strong> strikes the perfect balance between form and function. It looks stunning, feels incredible, and performs exactly as promised. PRETTY LOVE has a reputation for delivering quality, and this product is no exception.<\/p>\n<p>Uanset om du er f\u00f8rstegangsk\u00f8ber eller supplerer en etableret samling, vil du s\u00e6tte pris p\u00e5 den omtanke, der er lagt i alle aspekter af denne dildo. Det er den slags produkt, du anbefaler til venner - diskret, selvf\u00f8lgelig.<\/p>\n<h2>Praktiske fordele, der betyder noget<\/h2>\n<p>Ud over forn\u00f8jelsen er <strong>PRETTY LOVE &#8211; HULBERT DOUBLE REALISTIC DILDO WITH VIBRATION MULATO<\/strong> scorer h\u00f8jt p\u00e5 praktisk anvendelighed. Den er nem at reng\u00f8re, nem at opbevare og bygget til at holde til mange sessioner. Materialerne er allergivenlige og kropssikre, s\u00e5 der er ikke andet at bekymre sig om end at nyde det.<\/p>\n<p>Hos Sayoh mener vi, at alle fortjener adgang til intimprodukter af h\u00f8j kvalitet uden at blive d\u00f8mt. Din ordre sendes i helt almindelig emballage, og vores hurtige danske levering betyder, at du allerede kan nyde dine nye <strong>PRETTY LOVE &#8211; HULBERT DOUBLE REALISTIC DILDO WITH VIBRATION MULATO<\/strong> hurtigere end du tror.<\/p>\n<h2>Vigtige funktioner<\/h2>\n<ul>\n<li>Fremstillet af kropssikre materialer for at give dig ro i sindet<\/li>\n<li>USB-opladelig - altid klar, n\u00e5r du er, uden brug af batterier<\/li>\n<li>7 vibration modes to explore every shade of pleasure<\/li>\n<li>Diskret indpakning og hurtig levering i hele Danmark<\/li>\n<li>Premium quality by PRETTY LOVE<\/li>\n<li>Let at reng\u00f8re og vedligeholde for varig gl\u00e6de<\/li>\n<\/ul>","protected":false},"excerpt":{"rendered":"<p>M\u00f8d den <strong>PRETTY LOVE &#8211; HULBERT DOUBLE REALISTIC DILDO WITH VIBRATION MULATO<\/strong> from PRETTY LOVE \u2014 a dildo that combines stunning design with unforgettable performance. Treat yourself to something that truly elevates the experience.<\/p>","protected":false},"featured_media":33530,"comment_status":"open","ping_status":"closed","template":"","meta":{"_crdt_document":"","_monsterinsights_skip_tracking":false,"_monsterinsights_sitenote_active":false,"_monsterinsights_sitenote_note":"","_monsterinsights_sitenote_category":0,"jetpack_post_was_ever_published":false,"jetpack_publicize_message":"","jetpack_publicize_feature_enabled":true,"jetpack_social_post_already_shared":true,"jetpack_social_options":{"image_generator_settings":{"template":"highway","default_image_id":0,"font":"","enabled":false},"version":2},"_wpas_customize_per_network":false},"product_brand":[1595],"product_cat":[1552,1598,1562,1580,1454],"product_tag":[1556,1557,1582,1581,1569],"class_list":{"0":"post-33559","1":"product","2":"type-product","3":"status-publish","4":"has-post-thumbnail","6":"product_brand-pretty-love","7":"product_cat-anal","8":"product_cat-couples","9":"product_cat-anal-dildo","10":"product_cat-lgbt","11":"product_cat-women","12":"product_tag-anal","13":"product_tag-couples","14":"product_tag-gay","15":"product_tag-lgbt","16":"product_tag-penetration","18":"first","19":"instock","20":"taxable","21":"shipping-taxable","22":"purchasable","23":"product-type-simple"},"yoast_head":"<!-- This site is optimized with the Yoast SEO Premium plugin v27.1 (Yoast SEO v27.3) - https:\/\/yoast.com\/product\/yoast-seo-premium-wordpress\/ -->\n<title>PRETTY LOVE - HULBERT DOUBLE REALISTIC DILDO WITH VIBRATION MULATO - SayOh<\/title>\n<meta name=\"description\" content=\"Shop the pretty hulbert double realistic \u2014 designed for unforgettable pleasure. Premium quality by PRETTY LOVE. Discreet delivery across Denmark.\" \/>\n<meta name=\"robots\" content=\"index, follow, max-snippet:-1, max-image-preview:large, max-video-preview:-1\" \/>\n<link rel=\"canonical\" href=\"https:\/\/sayoh.com\/dk\/vare\/pretty-love-hulbert-double-realistic-dildo-with-vibration-mulato\/\" \/>\n<meta property=\"og:locale\" content=\"da_DK\" \/>\n<meta property=\"og:type\" content=\"article\" \/>\n<meta property=\"og:title\" content=\"PRETTY LOVE - HULBERT DOUBLE REALISTIC DILDO WITH VIBRATION MULATO\" \/>\n<meta property=\"og:description\" content=\"Shop the pretty hulbert double realistic \u2014 designed for unforgettable pleasure. Premium quality by PRETTY LOVE. Discreet delivery across Denmark.\" \/>\n<meta property=\"og:url\" content=\"https:\/\/sayoh.com\/dk\/vare\/pretty-love-hulbert-double-realistic-dildo-with-vibration-mulato\/\" \/>\n<meta property=\"og:site_name\" content=\"SayOh\" \/>\n<meta property=\"article:modified_time\" content=\"2026-04-01T08:06:23+00:00\" \/>\n<meta property=\"og:image\" content=\"https:\/\/i0.wp.com\/sayoh.com\/wp-content\/uploads\/2026\/03\/img_201749_2ba005eb75b3d76bb8c8c4f7efe3591f_1.jpg?fit=900%2C900&ssl=1\" \/>\n\t<meta property=\"og:image:width\" content=\"900\" \/>\n\t<meta property=\"og:image:height\" content=\"900\" \/>\n\t<meta property=\"og:image:type\" content=\"image\/jpeg\" \/>\n<meta name=\"twitter:card\" content=\"summary_large_image\" \/>\n<meta name=\"twitter:label1\" content=\"Estimeret l\u00e6setid\" \/>\n\t<meta name=\"twitter:data1\" content=\"2 minutter\" \/>\n<script type=\"application\/ld+json\" class=\"yoast-schema-graph\">{\"@context\":\"https:\\\/\\\/schema.org\",\"@graph\":[{\"@type\":\"WebPage\",\"@id\":\"https:\\\/\\\/sayoh.com\\\/product\\\/pretty-love-hulbert-double-realistic-dildo-with-vibration-mulato\\\/\",\"url\":\"https:\\\/\\\/sayoh.com\\\/product\\\/pretty-love-hulbert-double-realistic-dildo-with-vibration-mulato\\\/\",\"name\":\"PRETTY LOVE - HULBERT DOUBLE REALISTIC DILDO WITH VIBRATION MULATO - SayOh\",\"isPartOf\":{\"@id\":\"https:\\\/\\\/sayoh.com\\\/#website\"},\"primaryImageOfPage\":{\"@id\":\"https:\\\/\\\/sayoh.com\\\/product\\\/pretty-love-hulbert-double-realistic-dildo-with-vibration-mulato\\\/#primaryimage\"},\"image\":{\"@id\":\"https:\\\/\\\/sayoh.com\\\/product\\\/pretty-love-hulbert-double-realistic-dildo-with-vibration-mulato\\\/#primaryimage\"},\"thumbnailUrl\":\"https:\\\/\\\/i0.wp.com\\\/sayoh.com\\\/wp-content\\\/uploads\\\/2026\\\/03\\\/img_201749_2ba005eb75b3d76bb8c8c4f7efe3591f_1.jpg?fit=900%2C900&ssl=1\",\"datePublished\":\"2026-03-05T08:07:04+00:00\",\"dateModified\":\"2026-04-01T08:06:23+00:00\",\"description\":\"Shop the pretty hulbert double realistic \u2014 designed for unforgettable pleasure. Premium quality by PRETTY LOVE. Discreet delivery across Denmark.\",\"breadcrumb\":{\"@id\":\"https:\\\/\\\/sayoh.com\\\/product\\\/pretty-love-hulbert-double-realistic-dildo-with-vibration-mulato\\\/#breadcrumb\"},\"inLanguage\":\"da-DK\",\"potentialAction\":[{\"@type\":\"ReadAction\",\"target\":[\"https:\\\/\\\/sayoh.com\\\/product\\\/pretty-love-hulbert-double-realistic-dildo-with-vibration-mulato\\\/\"]}]},{\"@type\":\"ImageObject\",\"inLanguage\":\"da-DK\",\"@id\":\"https:\\\/\\\/sayoh.com\\\/product\\\/pretty-love-hulbert-double-realistic-dildo-with-vibration-mulato\\\/#primaryimage\",\"url\":\"https:\\\/\\\/i0.wp.com\\\/sayoh.com\\\/wp-content\\\/uploads\\\/2026\\\/03\\\/img_201749_2ba005eb75b3d76bb8c8c4f7efe3591f_1.jpg?fit=900%2C900&ssl=1\",\"contentUrl\":\"https:\\\/\\\/i0.wp.com\\\/sayoh.com\\\/wp-content\\\/uploads\\\/2026\\\/03\\\/img_201749_2ba005eb75b3d76bb8c8c4f7efe3591f_1.jpg?fit=900%2C900&ssl=1\",\"width\":900,\"height\":900},{\"@type\":\"BreadcrumbList\",\"@id\":\"https:\\\/\\\/sayoh.com\\\/product\\\/pretty-love-hulbert-double-realistic-dildo-with-vibration-mulato\\\/#breadcrumb\",\"itemListElement\":[{\"@type\":\"ListItem\",\"position\":1,\"name\":\"Home\",\"item\":\"https:\\\/\\\/sayoh.com\\\/\"},{\"@type\":\"ListItem\",\"position\":2,\"name\":\"Shop\",\"item\":\"https:\\\/\\\/sayoh.com\\\/shop\\\/\"},{\"@type\":\"ListItem\",\"position\":3,\"name\":\"PRETTY LOVE &#8211; HULBERT DOUBLE REALISTIC DILDO WITH VIBRATION MULATO\"}]},{\"@type\":\"WebSite\",\"@id\":\"https:\\\/\\\/sayoh.com\\\/#website\",\"url\":\"https:\\\/\\\/sayoh.com\\\/\",\"name\":\"Say Oh\",\"description\":\"Playful, fun and safe sex\",\"publisher\":{\"@id\":\"https:\\\/\\\/sayoh.com\\\/#organization\"},\"potentialAction\":[{\"@type\":\"SearchAction\",\"target\":{\"@type\":\"EntryPoint\",\"urlTemplate\":\"https:\\\/\\\/sayoh.com\\\/?s={search_term_string}\"},\"query-input\":{\"@type\":\"PropertyValueSpecification\",\"valueRequired\":true,\"valueName\":\"search_term_string\"}}],\"inLanguage\":\"da-DK\"},{\"@type\":\"Organization\",\"@id\":\"https:\\\/\\\/sayoh.com\\\/#organization\",\"name\":\"Say Oh\",\"url\":\"https:\\\/\\\/sayoh.com\\\/\",\"logo\":{\"@type\":\"ImageObject\",\"inLanguage\":\"da-DK\",\"@id\":\"https:\\\/\\\/sayoh.com\\\/#\\\/schema\\\/logo\\\/image\\\/\",\"url\":\"https:\\\/\\\/i0.wp.com\\\/sayoh.com\\\/wp-content\\\/uploads\\\/2023\\\/11\\\/cropped-image_123650291.jpg?fit=512%2C512&ssl=1\",\"contentUrl\":\"https:\\\/\\\/i0.wp.com\\\/sayoh.com\\\/wp-content\\\/uploads\\\/2023\\\/11\\\/cropped-image_123650291.jpg?fit=512%2C512&ssl=1\",\"width\":512,\"height\":512,\"caption\":\"Say Oh\"},\"image\":{\"@id\":\"https:\\\/\\\/sayoh.com\\\/#\\\/schema\\\/logo\\\/image\\\/\"}}]}<\/script>\n<!-- \/ Yoast SEO Premium plugin. -->","yoast_head_json":{"title":"PRETTY LOVE - HULBERT DOUBLE REALISTIC DILDO WITH VIBRATION MULATO - SayOh","description":"Shop the pretty hulbert double realistic \u2014 designed for unforgettable pleasure. Premium quality by PRETTY LOVE. Discreet delivery across Denmark.","robots":{"index":"index","follow":"follow","max-snippet":"max-snippet:-1","max-image-preview":"max-image-preview:large","max-video-preview":"max-video-preview:-1"},"canonical":"https:\/\/sayoh.com\/dk\/vare\/pretty-love-hulbert-double-realistic-dildo-with-vibration-mulato\/","og_locale":"da_DK","og_type":"article","og_title":"PRETTY LOVE - HULBERT DOUBLE REALISTIC DILDO WITH VIBRATION MULATO","og_description":"Shop the pretty hulbert double realistic \u2014 designed for unforgettable pleasure. Premium quality by PRETTY LOVE. Discreet delivery across Denmark.","og_url":"https:\/\/sayoh.com\/dk\/vare\/pretty-love-hulbert-double-realistic-dildo-with-vibration-mulato\/","og_site_name":"SayOh","article_modified_time":"2026-04-01T08:06:23+00:00","og_image":[{"width":900,"height":900,"url":"https:\/\/i0.wp.com\/sayoh.com\/wp-content\/uploads\/2026\/03\/img_201749_2ba005eb75b3d76bb8c8c4f7efe3591f_1.jpg?fit=900%2C900&ssl=1","type":"image\/jpeg"}],"twitter_card":"summary_large_image","twitter_misc":{"Estimeret l\u00e6setid":"2 minutter"},"schema":{"@context":"https:\/\/schema.org","@graph":[{"@type":"WebPage","@id":"https:\/\/sayoh.com\/product\/pretty-love-hulbert-double-realistic-dildo-with-vibration-mulato\/","url":"https:\/\/sayoh.com\/product\/pretty-love-hulbert-double-realistic-dildo-with-vibration-mulato\/","name":"PRETTY LOVE - HULBERT DOUBLE REALISTIC DILDO WITH VIBRATION MULATO - SayOh","isPartOf":{"@id":"https:\/\/sayoh.com\/#website"},"primaryImageOfPage":{"@id":"https:\/\/sayoh.com\/product\/pretty-love-hulbert-double-realistic-dildo-with-vibration-mulato\/#primaryimage"},"image":{"@id":"https:\/\/sayoh.com\/product\/pretty-love-hulbert-double-realistic-dildo-with-vibration-mulato\/#primaryimage"},"thumbnailUrl":"https:\/\/i0.wp.com\/sayoh.com\/wp-content\/uploads\/2026\/03\/img_201749_2ba005eb75b3d76bb8c8c4f7efe3591f_1.jpg?fit=900%2C900&ssl=1","datePublished":"2026-03-05T08:07:04+00:00","dateModified":"2026-04-01T08:06:23+00:00","description":"Shop the pretty hulbert double realistic \u2014 designed for unforgettable pleasure. Premium quality by PRETTY LOVE. Discreet delivery across Denmark.","breadcrumb":{"@id":"https:\/\/sayoh.com\/product\/pretty-love-hulbert-double-realistic-dildo-with-vibration-mulato\/#breadcrumb"},"inLanguage":"da-DK","potentialAction":[{"@type":"ReadAction","target":["https:\/\/sayoh.com\/product\/pretty-love-hulbert-double-realistic-dildo-with-vibration-mulato\/"]}]},{"@type":"ImageObject","inLanguage":"da-DK","@id":"https:\/\/sayoh.com\/product\/pretty-love-hulbert-double-realistic-dildo-with-vibration-mulato\/#primaryimage","url":"https:\/\/i0.wp.com\/sayoh.com\/wp-content\/uploads\/2026\/03\/img_201749_2ba005eb75b3d76bb8c8c4f7efe3591f_1.jpg?fit=900%2C900&ssl=1","contentUrl":"https:\/\/i0.wp.com\/sayoh.com\/wp-content\/uploads\/2026\/03\/img_201749_2ba005eb75b3d76bb8c8c4f7efe3591f_1.jpg?fit=900%2C900&ssl=1","width":900,"height":900},{"@type":"BreadcrumbList","@id":"https:\/\/sayoh.com\/product\/pretty-love-hulbert-double-realistic-dildo-with-vibration-mulato\/#breadcrumb","itemListElement":[{"@type":"ListItem","position":1,"name":"Home","item":"https:\/\/sayoh.com\/"},{"@type":"ListItem","position":2,"name":"Shop","item":"https:\/\/sayoh.com\/shop\/"},{"@type":"ListItem","position":3,"name":"PRETTY LOVE &#8211; HULBERT DOUBLE REALISTIC DILDO WITH VIBRATION MULATO"}]},{"@type":"WebSite","@id":"https:\/\/sayoh.com\/#website","url":"https:\/\/sayoh.com\/","name":"Sig \u00e5h","description":"Legende, sjov og sikker sex","publisher":{"@id":"https:\/\/sayoh.com\/#organization"},"potentialAction":[{"@type":"SearchAction","target":{"@type":"EntryPoint","urlTemplate":"https:\/\/sayoh.com\/?s={search_term_string}"},"query-input":{"@type":"PropertyValueSpecification","valueRequired":true,"valueName":"search_term_string"}}],"inLanguage":"da-DK"},{"@type":"Organization","@id":"https:\/\/sayoh.com\/#organization","name":"Sig \u00e5h","url":"https:\/\/sayoh.com\/","logo":{"@type":"ImageObject","inLanguage":"da-DK","@id":"https:\/\/sayoh.com\/#\/schema\/logo\/image\/","url":"https:\/\/i0.wp.com\/sayoh.com\/wp-content\/uploads\/2023\/11\/cropped-image_123650291.jpg?fit=512%2C512&ssl=1","contentUrl":"https:\/\/i0.wp.com\/sayoh.com\/wp-content\/uploads\/2023\/11\/cropped-image_123650291.jpg?fit=512%2C512&ssl=1","width":512,"height":512,"caption":"Say Oh"},"image":{"@id":"https:\/\/sayoh.com\/#\/schema\/logo\/image\/"}}]}},"jetpack_publicize_connections":[],"jetpack_likes_enabled":true,"jetpack_sharing_enabled":true,"jetpack-related-posts":[{"id":33550,"url":"https:\/\/sayoh.com\/dk\/vare\/pretty-love-goran-double-dildo-realistic-natural-mulato\/","url_meta":{"origin":33559,"position":0},"title":"PRETTY LOVE &#8211; GORAN DOUBLE DILDO REALISTIC NATURAL MULATO","author":"Admin","date":"marts 5, 2026","format":false,"excerpt":"The PRETTY LOVE - GORAN DOUBLE DILDO REALISTIC NATURAL MULATO from PRETTY LOVE is the dildo you have been looking for. Designed for comfort, built for pleasure, and delivered discreetly to your door across Denmark.","rel":"","context":"Similar post","block_context":{"text":"Similar post","link":""},"img":{"alt_text":"","src":"https:\/\/i0.wp.com\/sayoh.com\/wp-content\/uploads\/2026\/03\/img_201340_6308ea1bc14f6e11f6ffa4cf44489bca_1.jpg?fit=900%2C900&ssl=1&resize=350%2C200","width":350,"height":200,"srcset":"https:\/\/i0.wp.com\/sayoh.com\/wp-content\/uploads\/2026\/03\/img_201340_6308ea1bc14f6e11f6ffa4cf44489bca_1.jpg?fit=900%2C900&ssl=1&resize=350%2C200 1x, https:\/\/i0.wp.com\/sayoh.com\/wp-content\/uploads\/2026\/03\/img_201340_6308ea1bc14f6e11f6ffa4cf44489bca_1.jpg?fit=900%2C900&ssl=1&resize=525%2C300 1.5x, https:\/\/i0.wp.com\/sayoh.com\/wp-content\/uploads\/2026\/03\/img_201340_6308ea1bc14f6e11f6ffa4cf44489bca_1.jpg?fit=900%2C900&ssl=1&resize=700%2C400 2x"},"classes":[]},{"id":33191,"url":"https:\/\/sayoh.com\/dk\/vare\/pretty-love-warnell-ultra-realistic-and-elastic-dildo-9-5-cm-mulato\/","url_meta":{"origin":33559,"position":1},"title":"PRETTY LOVE &#8211; WARNELL ULTRA REALISTIC AND ELASTIC DILDO 9.5 CM MULATO","author":"Admin","date":"marts 5, 2026","format":false,"excerpt":"Meet the PRETTY LOVE - WARNELL ULTRA REALISTIC AND ELASTIC DILDO 9.5 CM MULATO from PRETTY LOVE \u2014 a dildo that combines stunning design with unforgettable performance. Treat yourself to something that truly elevates the experience.","rel":"","context":"Similar post","block_context":{"text":"Similar post","link":""},"img":{"alt_text":"","src":"https:\/\/i0.wp.com\/sayoh.com\/wp-content\/uploads\/2026\/03\/img_203033_c2c3e50e1e301019567dbe177f987c59_1.jpg?fit=900%2C900&ssl=1&resize=350%2C200","width":350,"height":200,"srcset":"https:\/\/i0.wp.com\/sayoh.com\/wp-content\/uploads\/2026\/03\/img_203033_c2c3e50e1e301019567dbe177f987c59_1.jpg?fit=900%2C900&ssl=1&resize=350%2C200 1x, https:\/\/i0.wp.com\/sayoh.com\/wp-content\/uploads\/2026\/03\/img_203033_c2c3e50e1e301019567dbe177f987c59_1.jpg?fit=900%2C900&ssl=1&resize=525%2C300 1.5x, https:\/\/i0.wp.com\/sayoh.com\/wp-content\/uploads\/2026\/03\/img_203033_c2c3e50e1e301019567dbe177f987c59_1.jpg?fit=900%2C900&ssl=1&resize=700%2C400 2x"},"classes":[]},{"id":34324,"url":"https:\/\/sayoh.com\/dk\/vare\/baile-realistic-penis-double-penetration\/","url_meta":{"origin":33559,"position":2},"title":"BAILE &#8211; REALISTIC PENIS DOUBLE PENETRATION","author":"Admin","date":"marts 6, 2026","format":false,"excerpt":"Meet the BAILE - REALISTIC PENIS DOUBLE PENETRATION from BAILE VIBRATORS \u2014 a dildo that combines stunning design with unforgettable performance. Treat yourself to something that truly elevates the experience.","rel":"","context":"Similar post","block_context":{"text":"Similar post","link":""},"img":{"alt_text":"","src":"https:\/\/i0.wp.com\/sayoh.com\/wp-content\/uploads\/2026\/03\/img_9864_6f260e23da76d69ece9dfb4815c67518_1.jpg?fit=900%2C900&ssl=1&resize=350%2C200","width":350,"height":200,"srcset":"https:\/\/i0.wp.com\/sayoh.com\/wp-content\/uploads\/2026\/03\/img_9864_6f260e23da76d69ece9dfb4815c67518_1.jpg?fit=900%2C900&ssl=1&resize=350%2C200 1x, https:\/\/i0.wp.com\/sayoh.com\/wp-content\/uploads\/2026\/03\/img_9864_6f260e23da76d69ece9dfb4815c67518_1.jpg?fit=900%2C900&ssl=1&resize=525%2C300 1.5x, https:\/\/i0.wp.com\/sayoh.com\/wp-content\/uploads\/2026\/03\/img_9864_6f260e23da76d69ece9dfb4815c67518_1.jpg?fit=900%2C900&ssl=1&resize=700%2C400 2x"},"classes":[]},{"id":33497,"url":"https:\/\/sayoh.com\/dk\/vare\/pink-room-arthus-realistic-double-dildo-flesh-17cm-15-5cm\/","url_meta":{"origin":33559,"position":3},"title":"PINK ROOM &#8211; ARTHUS REALISTIC DOUBLE DILDO FLESH 17CM\/15.5CM","author":"Admin","date":"marts 5, 2026","format":false,"excerpt":"The PINK ROOM - ARTHUS REALISTIC DOUBLE DILDO FLESH 17CM\/15.5CM from PINK ROOM is the dildo you have been looking for. Designed for comfort, built for pleasure, and delivered discreetly to your door across Denmark.","rel":"","context":"Similar post","block_context":{"text":"Similar post","link":""},"img":{"alt_text":"","src":"https:\/\/i0.wp.com\/sayoh.com\/wp-content\/uploads\/2026\/03\/img_85750_43649359f5110bb2f000dab74fe69f67_1.jpg?fit=900%2C900&ssl=1&resize=350%2C200","width":350,"height":200,"srcset":"https:\/\/i0.wp.com\/sayoh.com\/wp-content\/uploads\/2026\/03\/img_85750_43649359f5110bb2f000dab74fe69f67_1.jpg?fit=900%2C900&ssl=1&resize=350%2C200 1x, https:\/\/i0.wp.com\/sayoh.com\/wp-content\/uploads\/2026\/03\/img_85750_43649359f5110bb2f000dab74fe69f67_1.jpg?fit=900%2C900&ssl=1&resize=525%2C300 1.5x, https:\/\/i0.wp.com\/sayoh.com\/wp-content\/uploads\/2026\/03\/img_85750_43649359f5110bb2f000dab74fe69f67_1.jpg?fit=900%2C900&ssl=1&resize=700%2C400 2x"},"classes":[]},{"id":33149,"url":"https:\/\/sayoh.com\/dk\/vare\/pretty-love-quentin-realistic-dildo-18-cm-brown\/","url_meta":{"origin":33559,"position":4},"title":"PRETTY LOVE &#8211; QUENTIN REALISTIC DILDO 18 CM BROWN","author":"Admin","date":"marts 5, 2026","format":false,"excerpt":"Discover the PRETTY LOVE - QUENTIN REALISTIC DILDO 18 CM BROWN by PRETTY LOVE. This thoughtfully crafted dildo is designed to hit every right note, whether you are exploring solo or with a partner. Premium quality, discreet delivery.","rel":"","context":"Similar post","block_context":{"text":"Similar post","link":""},"img":{"alt_text":"","src":"https:\/\/i0.wp.com\/sayoh.com\/wp-content\/uploads\/2026\/03\/img_191935_6f69296abe339500fcab0da9cb05ef05_1.jpg?fit=800%2C800&ssl=1&resize=350%2C200","width":350,"height":200,"srcset":"https:\/\/i0.wp.com\/sayoh.com\/wp-content\/uploads\/2026\/03\/img_191935_6f69296abe339500fcab0da9cb05ef05_1.jpg?fit=800%2C800&ssl=1&resize=350%2C200 1x, https:\/\/i0.wp.com\/sayoh.com\/wp-content\/uploads\/2026\/03\/img_191935_6f69296abe339500fcab0da9cb05ef05_1.jpg?fit=800%2C800&ssl=1&resize=525%2C300 1.5x, https:\/\/i0.wp.com\/sayoh.com\/wp-content\/uploads\/2026\/03\/img_191935_6f69296abe339500fcab0da9cb05ef05_1.jpg?fit=800%2C800&ssl=1&resize=700%2C400 2x"},"classes":[]},{"id":33120,"url":"https:\/\/sayoh.com\/dk\/vare\/pretty-love-sharife-realistic-dildo-25-cm-brown\/","url_meta":{"origin":33559,"position":5},"title":"PRETTY LOVE &#8211; SHARIFE REALISTIC DILDO 25 CM BROWN","author":"Admin","date":"marts 5, 2026","format":false,"excerpt":"Meet the PRETTY LOVE - SHARIFE REALISTIC DILDO 25 CM BROWN from PRETTY LOVE \u2014 a dildo that combines stunning design with unforgettable performance. Treat yourself to something that truly elevates the experience.","rel":"","context":"Similar post","block_context":{"text":"Similar post","link":""},"img":{"alt_text":"","src":"https:\/\/i0.wp.com\/sayoh.com\/wp-content\/uploads\/2026\/03\/img_191876_9268bb9523aa8a2e11b37062cc5a1a03_1.jpg?fit=800%2C800&ssl=1&resize=350%2C200","width":350,"height":200,"srcset":"https:\/\/i0.wp.com\/sayoh.com\/wp-content\/uploads\/2026\/03\/img_191876_9268bb9523aa8a2e11b37062cc5a1a03_1.jpg?fit=800%2C800&ssl=1&resize=350%2C200 1x, https:\/\/i0.wp.com\/sayoh.com\/wp-content\/uploads\/2026\/03\/img_191876_9268bb9523aa8a2e11b37062cc5a1a03_1.jpg?fit=800%2C800&ssl=1&resize=525%2C300 1.5x, https:\/\/i0.wp.com\/sayoh.com\/wp-content\/uploads\/2026\/03\/img_191876_9268bb9523aa8a2e11b37062cc5a1a03_1.jpg?fit=800%2C800&ssl=1&resize=700%2C400 2x"},"classes":[]}],"_links":{"self":[{"href":"https:\/\/sayoh.com\/dk\/wp-json\/wp\/v2\/product\/33559","targetHints":{"allow":["GET"]}}],"collection":[{"href":"https:\/\/sayoh.com\/dk\/wp-json\/wp\/v2\/product"}],"about":[{"href":"https:\/\/sayoh.com\/dk\/wp-json\/wp\/v2\/types\/product"}],"replies":[{"embeddable":true,"href":"https:\/\/sayoh.com\/dk\/wp-json\/wp\/v2\/comments?post=33559"}],"version-history":[{"count":0,"href":"https:\/\/sayoh.com\/dk\/wp-json\/wp\/v2\/product\/33559\/revisions"}],"wp:featuredmedia":[{"embeddable":true,"href":"https:\/\/sayoh.com\/dk\/wp-json\/wp\/v2\/media\/33530"}],"wp:attachment":[{"href":"https:\/\/sayoh.com\/dk\/wp-json\/wp\/v2\/media?parent=33559"}],"wp:term":[{"taxonomy":"product_brand","embeddable":true,"href":"https:\/\/sayoh.com\/dk\/wp-json\/wp\/v2\/product_brand?post=33559"},{"taxonomy":"product_cat","embeddable":true,"href":"https:\/\/sayoh.com\/dk\/wp-json\/wp\/v2\/product_cat?post=33559"},{"taxonomy":"product_tag","embeddable":true,"href":"https:\/\/sayoh.com\/dk\/wp-json\/wp\/v2\/product_tag?post=33559"}],"curies":[{"name":"wp","href":"https:\/\/api.w.org\/{rel}","templated":true}]}}