{"id":34589,"date":"2026-03-06T09:08:45","date_gmt":"2026-03-06T08:08:45","guid":{"rendered":"https:\/\/sayoh.com\/product\/pretty-love-elemental-youth-violet-vibrator-dildo\/"},"modified":"2026-04-30T10:06:44","modified_gmt":"2026-04-30T08:06:44","slug":"pretty-love-elemental-youth-violet-vibrator-dildo","status":"publish","type":"product","link":"https:\/\/sayoh.com\/dk\/vare\/pretty-love-elemental-youth-violet-vibrator-dildo\/","title":{"rendered":"PRETTY LOVE &#8211; ELEMENTAL YOUTH VIOLET VIBRATOR DILDO"},"content":{"rendered":"<h2>Hver kurve har et form\u00e5l<\/h2>\n<p>I det \u00f8jeblik du holder <strong>PRETTY LOVE &#8211; ELEMENTAL YOUTH VIOLET VIBRATOR DILDO<\/strong> in your hands, you will feel the difference. This is not another generic dildo \u2014 it is a carefully engineered pleasure product from PRETTY LOVE YOUTH that prioritises your satisfaction above all else.<\/p>\n<p>Det, der virkelig f\u00e5r denne dildo til at skille sig ud, er den m\u00e5de, den f\u00f8les p\u00e5 under brug. Hver kontur, hver tekstur, hver detalje er blevet overvejet for at maksimere din oplevelse. Den <strong>PRETTY LOVE &#8211; ELEMENTAL YOUTH VIOLET VIBRATOR DILDO<\/strong> lever ikke bare op til forventningerne - den omdefinerer dem.<\/p>\n<h2>En form designet til at begejstre<\/h2>\n<p>Udformningen af <strong>PRETTY LOVE &#8211; ELEMENTAL YOUTH VIOLET VIBRATOR DILDO<\/strong> strikes the perfect balance between form and function. It looks stunning, feels incredible, and performs exactly as promised. PRETTY LOVE YOUTH has a reputation for delivering quality, and this product is no exception.<\/p>\n<p>Uanset om du er f\u00f8rstegangsk\u00f8ber eller supplerer en etableret samling, vil du s\u00e6tte pris p\u00e5 den omtanke, der er lagt i alle aspekter af denne dildo. Det er den slags produkt, du anbefaler til venner - diskret, selvf\u00f8lgelig.<\/p>\n<h2>Mere end bare et smukt design<\/h2>\n<p>Ud over forn\u00f8jelsen er <strong>PRETTY LOVE &#8211; ELEMENTAL YOUTH VIOLET VIBRATOR DILDO<\/strong> scorer h\u00f8jt p\u00e5 praktisk anvendelighed. Den er nem at reng\u00f8re, nem at opbevare og bygget til at holde til mange sessioner. Materialerne er allergivenlige og kropssikre, s\u00e5 der er ikke andet at bekymre sig om end at nyde det.<\/p>\n<p>Hos Sayoh mener vi, at alle fortjener adgang til intimprodukter af h\u00f8j kvalitet uden at blive d\u00f8mt. Din ordre sendes i helt almindelig emballage, og vores hurtige danske levering betyder, at du allerede kan nyde dine nye <strong>PRETTY LOVE &#8211; ELEMENTAL YOUTH VIOLET VIBRATOR DILDO<\/strong> hurtigere end du tror.<\/p>\n<h2>Vigtige funktioner<\/h2>\n<ul>\n<li>Fremstillet af kropssikre materialer for at give dig ro i sindet<\/li>\n<li>USB-opladelig - altid klar, n\u00e5r du er, uden brug af batterier<\/li>\n<li>30 vibration modes to explore every shade of pleasure<\/li>\n<li>Diskret indpakning og hurtig levering i hele Danmark<\/li>\n<li>Premium quality by PRETTY LOVE YOUTH<\/li>\n<li>Let at reng\u00f8re og vedligeholde for varig gl\u00e6de<\/li>\n<\/ul>","protected":false},"excerpt":{"rendered":"<p>Womanizer <strong>PRETTY LOVE &#8211; ELEMENTAL YOUTH VIOLET VIBRATOR DILDO<\/strong> from PRETTY LOVE YOUTH is the dildo you have been looking for. Designed for comfort, built for pleasure, and delivered discreetly to your door across Denmark.<\/p>","protected":false},"featured_media":34559,"comment_status":"open","ping_status":"closed","template":"","meta":{"_crdt_document":"","_monsterinsights_skip_tracking":false,"_monsterinsights_sitenote_active":false,"_monsterinsights_sitenote_note":"","_monsterinsights_sitenote_category":0,"jetpack_publicize_message":"","jetpack_publicize_feature_enabled":true,"jetpack_social_post_already_shared":true,"jetpack_social_options":{"image_generator_settings":{"template":"highway","default_image_id":0,"font":"","enabled":false},"version":2},"_wpas_customize_per_network":false},"product_brand":[1595],"product_cat":[1552,1598,1562,1571,1580,1455,1454],"product_tag":[1556,1557,1582,1581,1569,1458],"class_list":{"0":"post-34589","1":"product","2":"type-product","3":"status-publish","4":"has-post-thumbnail","6":"product_brand-pretty-love","7":"product_cat-anal","8":"product_cat-couples","9":"product_cat-anal-dildo","10":"product_cat-g-spot-dildo","11":"product_cat-lgbt","12":"product_cat-vibrator","13":"product_cat-women","14":"product_tag-anal","15":"product_tag-couples","16":"product_tag-gay","17":"product_tag-lgbt","18":"product_tag-penetration","19":"product_tag-vibrator","21":"first","22":"instock","23":"taxable","24":"shipping-taxable","25":"purchasable","26":"product-type-simple"},"yoast_head":"<!-- This site is optimized with the Yoast SEO Premium plugin v27.1 (Yoast SEO v27.6) - https:\/\/yoast.com\/product\/yoast-seo-premium-wordpress\/ -->\n<title>PRETTY LOVE - ELEMENTAL YOUTH VIOLET VIBRATOR DILDO - SayOh<\/title>\n<meta name=\"description\" content=\"Shop the pretty elemental violet vibrator \u2014 designed for unforgettable pleasure. Premium quality by PRETTY LOVE YOUTH. Discreet delivery across Denmark.\" \/>\n<meta name=\"robots\" content=\"index, follow, max-snippet:-1, max-image-preview:large, max-video-preview:-1\" \/>\n<link rel=\"canonical\" href=\"https:\/\/sayoh.com\/dk\/vare\/pretty-love-elemental-youth-violet-vibrator-dildo\/\" \/>\n<meta property=\"og:locale\" content=\"da_DK\" \/>\n<meta property=\"og:type\" content=\"article\" \/>\n<meta property=\"og:title\" content=\"PRETTY LOVE - ELEMENTAL YOUTH VIOLET VIBRATOR DILDO\" \/>\n<meta property=\"og:description\" content=\"Shop the pretty elemental violet vibrator \u2014 designed for unforgettable pleasure. Premium quality by PRETTY LOVE YOUTH. Discreet delivery across Denmark.\" \/>\n<meta property=\"og:url\" content=\"https:\/\/sayoh.com\/dk\/vare\/pretty-love-elemental-youth-violet-vibrator-dildo\/\" \/>\n<meta property=\"og:site_name\" content=\"SayOh\" \/>\n<meta property=\"article:modified_time\" content=\"2026-04-30T08:06:44+00:00\" \/>\n<meta property=\"og:image\" content=\"https:\/\/i0.wp.com\/sayoh.com\/wp-content\/uploads\/2026\/03\/img_158237_2edc6aa63bb72b4a01ddf2c057010253_1.jpg?fit=800%2C800&ssl=1\" \/>\n\t<meta property=\"og:image:width\" content=\"800\" \/>\n\t<meta property=\"og:image:height\" content=\"800\" \/>\n\t<meta property=\"og:image:type\" content=\"image\/jpeg\" \/>\n<meta name=\"twitter:card\" content=\"summary_large_image\" \/>\n<meta name=\"twitter:label1\" content=\"Estimeret l\u00e6setid\" \/>\n\t<meta name=\"twitter:data1\" content=\"2 minutter\" \/>\n<script type=\"application\/ld+json\" class=\"yoast-schema-graph\">{\"@context\":\"https:\\\/\\\/schema.org\",\"@graph\":[{\"@type\":\"WebPage\",\"@id\":\"https:\\\/\\\/sayoh.com\\\/product\\\/pretty-love-elemental-youth-violet-vibrator-dildo\\\/\",\"url\":\"https:\\\/\\\/sayoh.com\\\/product\\\/pretty-love-elemental-youth-violet-vibrator-dildo\\\/\",\"name\":\"PRETTY LOVE - ELEMENTAL YOUTH VIOLET VIBRATOR DILDO - SayOh\",\"isPartOf\":{\"@id\":\"https:\\\/\\\/sayoh.com\\\/#website\"},\"primaryImageOfPage\":{\"@id\":\"https:\\\/\\\/sayoh.com\\\/product\\\/pretty-love-elemental-youth-violet-vibrator-dildo\\\/#primaryimage\"},\"image\":{\"@id\":\"https:\\\/\\\/sayoh.com\\\/product\\\/pretty-love-elemental-youth-violet-vibrator-dildo\\\/#primaryimage\"},\"thumbnailUrl\":\"https:\\\/\\\/i0.wp.com\\\/sayoh.com\\\/wp-content\\\/uploads\\\/2026\\\/03\\\/img_158237_2edc6aa63bb72b4a01ddf2c057010253_1.jpg?fit=800%2C800&ssl=1\",\"datePublished\":\"2026-03-06T08:08:45+00:00\",\"dateModified\":\"2026-04-30T08:06:44+00:00\",\"description\":\"Shop the pretty elemental violet vibrator \u2014 designed for unforgettable pleasure. Premium quality by PRETTY LOVE YOUTH. Discreet delivery across Denmark.\",\"breadcrumb\":{\"@id\":\"https:\\\/\\\/sayoh.com\\\/product\\\/pretty-love-elemental-youth-violet-vibrator-dildo\\\/#breadcrumb\"},\"inLanguage\":\"da-DK\",\"potentialAction\":[{\"@type\":\"ReadAction\",\"target\":[\"https:\\\/\\\/sayoh.com\\\/product\\\/pretty-love-elemental-youth-violet-vibrator-dildo\\\/\"]}]},{\"@type\":\"ImageObject\",\"inLanguage\":\"da-DK\",\"@id\":\"https:\\\/\\\/sayoh.com\\\/product\\\/pretty-love-elemental-youth-violet-vibrator-dildo\\\/#primaryimage\",\"url\":\"https:\\\/\\\/i0.wp.com\\\/sayoh.com\\\/wp-content\\\/uploads\\\/2026\\\/03\\\/img_158237_2edc6aa63bb72b4a01ddf2c057010253_1.jpg?fit=800%2C800&ssl=1\",\"contentUrl\":\"https:\\\/\\\/i0.wp.com\\\/sayoh.com\\\/wp-content\\\/uploads\\\/2026\\\/03\\\/img_158237_2edc6aa63bb72b4a01ddf2c057010253_1.jpg?fit=800%2C800&ssl=1\",\"width\":800,\"height\":800},{\"@type\":\"BreadcrumbList\",\"@id\":\"https:\\\/\\\/sayoh.com\\\/product\\\/pretty-love-elemental-youth-violet-vibrator-dildo\\\/#breadcrumb\",\"itemListElement\":[{\"@type\":\"ListItem\",\"position\":1,\"name\":\"Home\",\"item\":\"https:\\\/\\\/sayoh.com\\\/\"},{\"@type\":\"ListItem\",\"position\":2,\"name\":\"Shop\",\"item\":\"https:\\\/\\\/sayoh.com\\\/shop\\\/\"},{\"@type\":\"ListItem\",\"position\":3,\"name\":\"PRETTY LOVE &#8211; ELEMENTAL YOUTH VIOLET VIBRATOR DILDO\"}]},{\"@type\":\"WebSite\",\"@id\":\"https:\\\/\\\/sayoh.com\\\/#website\",\"url\":\"https:\\\/\\\/sayoh.com\\\/\",\"name\":\"Say Oh\",\"description\":\"Playful, fun and safe sex\",\"publisher\":{\"@id\":\"https:\\\/\\\/sayoh.com\\\/#organization\"},\"potentialAction\":[{\"@type\":\"SearchAction\",\"target\":{\"@type\":\"EntryPoint\",\"urlTemplate\":\"https:\\\/\\\/sayoh.com\\\/?s={search_term_string}\"},\"query-input\":{\"@type\":\"PropertyValueSpecification\",\"valueRequired\":true,\"valueName\":\"search_term_string\"}}],\"inLanguage\":\"da-DK\"},{\"@type\":\"Organization\",\"@id\":\"https:\\\/\\\/sayoh.com\\\/#organization\",\"name\":\"Say Oh\",\"url\":\"https:\\\/\\\/sayoh.com\\\/\",\"logo\":{\"@type\":\"ImageObject\",\"inLanguage\":\"da-DK\",\"@id\":\"https:\\\/\\\/sayoh.com\\\/#\\\/schema\\\/logo\\\/image\\\/\",\"url\":\"https:\\\/\\\/i0.wp.com\\\/sayoh.com\\\/wp-content\\\/uploads\\\/2023\\\/11\\\/cropped-image_123650291.jpg?fit=512%2C512&ssl=1\",\"contentUrl\":\"https:\\\/\\\/i0.wp.com\\\/sayoh.com\\\/wp-content\\\/uploads\\\/2023\\\/11\\\/cropped-image_123650291.jpg?fit=512%2C512&ssl=1\",\"width\":512,\"height\":512,\"caption\":\"Say Oh\"},\"image\":{\"@id\":\"https:\\\/\\\/sayoh.com\\\/#\\\/schema\\\/logo\\\/image\\\/\"}}]}<\/script>\n<!-- \/ Yoast SEO Premium plugin. -->","yoast_head_json":{"title":"PRETTY LOVE - ELEMENTAL YOUTH VIOLET VIBRATOR DILDO - SayOh","description":"Shop the pretty elemental violet vibrator \u2014 designed for unforgettable pleasure. Premium quality by PRETTY LOVE YOUTH. Discreet delivery across Denmark.","robots":{"index":"index","follow":"follow","max-snippet":"max-snippet:-1","max-image-preview":"max-image-preview:large","max-video-preview":"max-video-preview:-1"},"canonical":"https:\/\/sayoh.com\/dk\/vare\/pretty-love-elemental-youth-violet-vibrator-dildo\/","og_locale":"da_DK","og_type":"article","og_title":"PRETTY LOVE - ELEMENTAL YOUTH VIOLET VIBRATOR DILDO","og_description":"Shop the pretty elemental violet vibrator \u2014 designed for unforgettable pleasure. Premium quality by PRETTY LOVE YOUTH. Discreet delivery across Denmark.","og_url":"https:\/\/sayoh.com\/dk\/vare\/pretty-love-elemental-youth-violet-vibrator-dildo\/","og_site_name":"SayOh","article_modified_time":"2026-04-30T08:06:44+00:00","og_image":[{"width":800,"height":800,"url":"https:\/\/i0.wp.com\/sayoh.com\/wp-content\/uploads\/2026\/03\/img_158237_2edc6aa63bb72b4a01ddf2c057010253_1.jpg?fit=800%2C800&ssl=1","type":"image\/jpeg"}],"twitter_card":"summary_large_image","twitter_misc":{"Estimeret l\u00e6setid":"2 minutter"},"schema":{"@context":"https:\/\/schema.org","@graph":[{"@type":"WebPage","@id":"https:\/\/sayoh.com\/product\/pretty-love-elemental-youth-violet-vibrator-dildo\/","url":"https:\/\/sayoh.com\/product\/pretty-love-elemental-youth-violet-vibrator-dildo\/","name":"PRETTY LOVE - ELEMENTAL YOUTH VIOLET VIBRATOR DILDO - SayOh","isPartOf":{"@id":"https:\/\/sayoh.com\/#website"},"primaryImageOfPage":{"@id":"https:\/\/sayoh.com\/product\/pretty-love-elemental-youth-violet-vibrator-dildo\/#primaryimage"},"image":{"@id":"https:\/\/sayoh.com\/product\/pretty-love-elemental-youth-violet-vibrator-dildo\/#primaryimage"},"thumbnailUrl":"https:\/\/i0.wp.com\/sayoh.com\/wp-content\/uploads\/2026\/03\/img_158237_2edc6aa63bb72b4a01ddf2c057010253_1.jpg?fit=800%2C800&ssl=1","datePublished":"2026-03-06T08:08:45+00:00","dateModified":"2026-04-30T08:06:44+00:00","description":"Shop the pretty elemental violet vibrator \u2014 designed for unforgettable pleasure. Premium quality by PRETTY LOVE YOUTH. Discreet delivery across Denmark.","breadcrumb":{"@id":"https:\/\/sayoh.com\/product\/pretty-love-elemental-youth-violet-vibrator-dildo\/#breadcrumb"},"inLanguage":"da-DK","potentialAction":[{"@type":"ReadAction","target":["https:\/\/sayoh.com\/product\/pretty-love-elemental-youth-violet-vibrator-dildo\/"]}]},{"@type":"ImageObject","inLanguage":"da-DK","@id":"https:\/\/sayoh.com\/product\/pretty-love-elemental-youth-violet-vibrator-dildo\/#primaryimage","url":"https:\/\/i0.wp.com\/sayoh.com\/wp-content\/uploads\/2026\/03\/img_158237_2edc6aa63bb72b4a01ddf2c057010253_1.jpg?fit=800%2C800&ssl=1","contentUrl":"https:\/\/i0.wp.com\/sayoh.com\/wp-content\/uploads\/2026\/03\/img_158237_2edc6aa63bb72b4a01ddf2c057010253_1.jpg?fit=800%2C800&ssl=1","width":800,"height":800},{"@type":"BreadcrumbList","@id":"https:\/\/sayoh.com\/product\/pretty-love-elemental-youth-violet-vibrator-dildo\/#breadcrumb","itemListElement":[{"@type":"ListItem","position":1,"name":"Home","item":"https:\/\/sayoh.com\/"},{"@type":"ListItem","position":2,"name":"Shop","item":"https:\/\/sayoh.com\/shop\/"},{"@type":"ListItem","position":3,"name":"PRETTY LOVE &#8211; ELEMENTAL YOUTH VIOLET VIBRATOR DILDO"}]},{"@type":"WebSite","@id":"https:\/\/sayoh.com\/#website","url":"https:\/\/sayoh.com\/","name":"Sig \u00e5h","description":"Legende, sjov og sikker sex","publisher":{"@id":"https:\/\/sayoh.com\/#organization"},"potentialAction":[{"@type":"SearchAction","target":{"@type":"EntryPoint","urlTemplate":"https:\/\/sayoh.com\/?s={search_term_string}"},"query-input":{"@type":"PropertyValueSpecification","valueRequired":true,"valueName":"search_term_string"}}],"inLanguage":"da-DK"},{"@type":"Organization","@id":"https:\/\/sayoh.com\/#organization","name":"Sig \u00e5h","url":"https:\/\/sayoh.com\/","logo":{"@type":"ImageObject","inLanguage":"da-DK","@id":"https:\/\/sayoh.com\/#\/schema\/logo\/image\/","url":"https:\/\/i0.wp.com\/sayoh.com\/wp-content\/uploads\/2023\/11\/cropped-image_123650291.jpg?fit=512%2C512&ssl=1","contentUrl":"https:\/\/i0.wp.com\/sayoh.com\/wp-content\/uploads\/2023\/11\/cropped-image_123650291.jpg?fit=512%2C512&ssl=1","width":512,"height":512,"caption":"Say Oh"},"image":{"@id":"https:\/\/sayoh.com\/#\/schema\/logo\/image\/"}}]}},"jetpack_publicize_connections":[],"jetpack_likes_enabled":true,"jetpack_sharing_enabled":true,"jetpack-related-posts":[{"id":34598,"url":"https:\/\/sayoh.com\/dk\/vare\/pretty-love-murray-youth-vibrating-dildo-rechargeable-violet\/","url_meta":{"origin":34589,"position":0},"title":"PRETTY LOVE &#8211; MURRAY YOUTH VIBRATING DILDO &amp; RECHARGEABLE VIOLET","author":"Admin","date":"marts 6, 2026","format":false,"excerpt":"Meet the PRETTY LOVE - MURRAY YOUTH VIBRATING DILDO & RECHARGEABLE VIOLET from PRETTY LOVE LED \u2014 a dildo that combines stunning design with unforgettable performance. Treat yourself to something that truly elevates the experience.","rel":"","context":"Similar post","block_context":{"text":"Similar post","link":""},"img":{"alt_text":"","src":"https:\/\/i0.wp.com\/sayoh.com\/wp-content\/uploads\/2026\/03\/img_158260_979d9f783254b4f49c6448b5d34a8dd3_1.jpg?fit=800%2C800&ssl=1&resize=350%2C200","width":350,"height":200,"srcset":"https:\/\/i0.wp.com\/sayoh.com\/wp-content\/uploads\/2026\/03\/img_158260_979d9f783254b4f49c6448b5d34a8dd3_1.jpg?fit=800%2C800&ssl=1&resize=350%2C200 1x, https:\/\/i0.wp.com\/sayoh.com\/wp-content\/uploads\/2026\/03\/img_158260_979d9f783254b4f49c6448b5d34a8dd3_1.jpg?fit=800%2C800&ssl=1&resize=525%2C300 1.5x, https:\/\/i0.wp.com\/sayoh.com\/wp-content\/uploads\/2026\/03\/img_158260_979d9f783254b4f49c6448b5d34a8dd3_1.jpg?fit=800%2C800&ssl=1&resize=700%2C400 2x"},"classes":[]},{"id":37189,"url":"https:\/\/sayoh.com\/dk\/vare\/fun-factory-abby-g-g-spot-vibrator-light-violet\/","url_meta":{"origin":34589,"position":1},"title":"FUN FACTORY &#8211; ABBY G G-SPOT VIBRATOR LIGHT VIOLET","author":"Admin","date":"marts 27, 2026","format":false,"excerpt":"The FUN FACTORY - ABBY G G-SPOT VIBRATOR LIGHT VIOLET from FUN FACTORY is the vibrator you have been looking for. Designed for comfort, built for pleasure, and delivered discreetly to your door across Denmark.","rel":"","context":"Similar post","block_context":{"text":"Similar post","link":""},"img":{"alt_text":"","src":"https:\/\/i0.wp.com\/sayoh.com\/wp-content\/uploads\/2026\/03\/img_214476_15bc6673038bca74ae4de25ab50e2d91_1.jpg?fit=900%2C900&ssl=1&resize=350%2C200","width":350,"height":200,"srcset":"https:\/\/i0.wp.com\/sayoh.com\/wp-content\/uploads\/2026\/03\/img_214476_15bc6673038bca74ae4de25ab50e2d91_1.jpg?fit=900%2C900&ssl=1&resize=350%2C200 1x, https:\/\/i0.wp.com\/sayoh.com\/wp-content\/uploads\/2026\/03\/img_214476_15bc6673038bca74ae4de25ab50e2d91_1.jpg?fit=900%2C900&ssl=1&resize=525%2C300 1.5x, https:\/\/i0.wp.com\/sayoh.com\/wp-content\/uploads\/2026\/03\/img_214476_15bc6673038bca74ae4de25ab50e2d91_1.jpg?fit=900%2C900&ssl=1&resize=700%2C400 2x"},"classes":[]},{"id":31116,"url":"https:\/\/sayoh.com\/dk\/vare\/silexd-dreamy-dildo-fantasy-liquid-silicone-thermoreactive-violet-18-5-cm\/","url_meta":{"origin":34589,"position":2},"title":"SILEXD &#8211; DREAMY DILDO FANTASY LIQUID SILICONE THERMOREACTIVE VIOLET 18.5 CM","author":"Admin","date":"marts 3, 2026","format":false,"excerpt":"Meet the SILEXD - DREAMY DILDO FANTASY LIQUID SILICONE THERMOREACTIVE VIOLET 18.5 CM from SILEXD \u2014 a dildo that combines stunning design with unforgettable performance. Treat yourself to something that truly elevates the experience.","rel":"","context":"Similar post","block_context":{"text":"Similar post","link":""},"img":{"alt_text":"","src":"https:\/\/i0.wp.com\/sayoh.com\/wp-content\/uploads\/2026\/03\/img_214677_c564af49c9f24cc40dbee128e42ec8f8_1.jpg?fit=900%2C900&ssl=1&resize=350%2C200","width":350,"height":200,"srcset":"https:\/\/i0.wp.com\/sayoh.com\/wp-content\/uploads\/2026\/03\/img_214677_c564af49c9f24cc40dbee128e42ec8f8_1.jpg?fit=900%2C900&ssl=1&resize=350%2C200 1x, https:\/\/i0.wp.com\/sayoh.com\/wp-content\/uploads\/2026\/03\/img_214677_c564af49c9f24cc40dbee128e42ec8f8_1.jpg?fit=900%2C900&ssl=1&resize=525%2C300 1.5x, https:\/\/i0.wp.com\/sayoh.com\/wp-content\/uploads\/2026\/03\/img_214677_c564af49c9f24cc40dbee128e42ec8f8_1.jpg?fit=900%2C900&ssl=1&resize=700%2C400 2x"},"classes":[]},{"id":33559,"url":"https:\/\/sayoh.com\/dk\/vare\/pretty-love-hulbert-double-realistic-dildo-with-vibration-mulato\/","url_meta":{"origin":34589,"position":3},"title":"PRETTY LOVE &#8211; HULBERT DOUBLE REALISTIC DILDO WITH VIBRATION MULATO","author":"Admin","date":"marts 5, 2026","format":false,"excerpt":"Meet the PRETTY LOVE - HULBERT DOUBLE REALISTIC DILDO WITH VIBRATION MULATO from PRETTY LOVE \u2014 a dildo that combines stunning design with unforgettable performance. Treat yourself to something that truly elevates the experience.","rel":"","context":"Similar post","block_context":{"text":"Similar post","link":""},"img":{"alt_text":"","src":"https:\/\/i0.wp.com\/sayoh.com\/wp-content\/uploads\/2026\/03\/img_201749_2ba005eb75b3d76bb8c8c4f7efe3591f_1.jpg?fit=900%2C900&ssl=1&resize=350%2C200","width":350,"height":200,"srcset":"https:\/\/i0.wp.com\/sayoh.com\/wp-content\/uploads\/2026\/03\/img_201749_2ba005eb75b3d76bb8c8c4f7efe3591f_1.jpg?fit=900%2C900&ssl=1&resize=350%2C200 1x, https:\/\/i0.wp.com\/sayoh.com\/wp-content\/uploads\/2026\/03\/img_201749_2ba005eb75b3d76bb8c8c4f7efe3591f_1.jpg?fit=900%2C900&ssl=1&resize=525%2C300 1.5x, https:\/\/i0.wp.com\/sayoh.com\/wp-content\/uploads\/2026\/03\/img_201749_2ba005eb75b3d76bb8c8c4f7efe3591f_1.jpg?fit=900%2C900&ssl=1&resize=700%2C400 2x"},"classes":[]},{"id":37430,"url":"https:\/\/sayoh.com\/dk\/vare\/fun-factory-patchy-paul-g-spot-vibrator-dark-violet\/","url_meta":{"origin":34589,"position":4},"title":"FUN FACTORY &#8211; PATCHY PAUL G-SPOT VIBRATOR DARK VIOLET","author":"Admin","date":"marts 27, 2026","format":false,"excerpt":"Meet the FUN FACTORY - PATCHY PAUL G-SPOT VIBRATOR DARK VIOLET from FUN FACTORY \u2014 a vibrator that combines stunning design with unforgettable performance. Treat yourself to something that truly elevates the experience.","rel":"","context":"Similar post","block_context":{"text":"Similar post","link":""},"img":{"alt_text":"","src":"https:\/\/i0.wp.com\/sayoh.com\/wp-content\/uploads\/2026\/03\/img_214959_c5b3c4ca484f948f7b30e6976f44d883_1.jpg?fit=900%2C900&ssl=1&resize=350%2C200","width":350,"height":200,"srcset":"https:\/\/i0.wp.com\/sayoh.com\/wp-content\/uploads\/2026\/03\/img_214959_c5b3c4ca484f948f7b30e6976f44d883_1.jpg?fit=900%2C900&ssl=1&resize=350%2C200 1x, https:\/\/i0.wp.com\/sayoh.com\/wp-content\/uploads\/2026\/03\/img_214959_c5b3c4ca484f948f7b30e6976f44d883_1.jpg?fit=900%2C900&ssl=1&resize=525%2C300 1.5x, https:\/\/i0.wp.com\/sayoh.com\/wp-content\/uploads\/2026\/03\/img_214959_c5b3c4ca484f948f7b30e6976f44d883_1.jpg?fit=900%2C900&ssl=1&resize=700%2C400 2x"},"classes":[]},{"id":33557,"url":"https:\/\/sayoh.com\/dk\/vare\/pretty-love-zanini-strapless-strap-on-10-vibrations-purple\/","url_meta":{"origin":34589,"position":5},"title":"PRETTY LOVE &#8211; ZANINI STRAPLESS STRAP-ON 10 VIBRATIONS PURPLE","author":"Admin","date":"marts 5, 2026","format":false,"excerpt":"The PRETTY LOVE - ZANINI STRAPLESS STRAP-ON 10 VIBRATIONS PURPLE from PRETTY LOVE PARTY UP is the dildo you have been looking for. Designed for comfort, built for pleasure, and delivered discreetly to your door across Denmark.","rel":"","context":"Similar post","block_context":{"text":"Similar post","link":""},"img":{"alt_text":"","src":"https:\/\/i0.wp.com\/sayoh.com\/wp-content\/uploads\/2026\/03\/img_192038_367b924d151f53678d054a696574b8fc_1.jpg?fit=800%2C800&ssl=1&resize=350%2C200","width":350,"height":200,"srcset":"https:\/\/i0.wp.com\/sayoh.com\/wp-content\/uploads\/2026\/03\/img_192038_367b924d151f53678d054a696574b8fc_1.jpg?fit=800%2C800&ssl=1&resize=350%2C200 1x, https:\/\/i0.wp.com\/sayoh.com\/wp-content\/uploads\/2026\/03\/img_192038_367b924d151f53678d054a696574b8fc_1.jpg?fit=800%2C800&ssl=1&resize=525%2C300 1.5x, https:\/\/i0.wp.com\/sayoh.com\/wp-content\/uploads\/2026\/03\/img_192038_367b924d151f53678d054a696574b8fc_1.jpg?fit=800%2C800&ssl=1&resize=700%2C400 2x"},"classes":[]}],"_links":{"self":[{"href":"https:\/\/sayoh.com\/dk\/wp-json\/wp\/v2\/product\/34589","targetHints":{"allow":["GET"]}}],"collection":[{"href":"https:\/\/sayoh.com\/dk\/wp-json\/wp\/v2\/product"}],"about":[{"href":"https:\/\/sayoh.com\/dk\/wp-json\/wp\/v2\/types\/product"}],"replies":[{"embeddable":true,"href":"https:\/\/sayoh.com\/dk\/wp-json\/wp\/v2\/comments?post=34589"}],"version-history":[{"count":0,"href":"https:\/\/sayoh.com\/dk\/wp-json\/wp\/v2\/product\/34589\/revisions"}],"wp:featuredmedia":[{"embeddable":true,"href":"https:\/\/sayoh.com\/dk\/wp-json\/wp\/v2\/media\/34559"}],"wp:attachment":[{"href":"https:\/\/sayoh.com\/dk\/wp-json\/wp\/v2\/media?parent=34589"}],"wp:term":[{"taxonomy":"product_brand","embeddable":true,"href":"https:\/\/sayoh.com\/dk\/wp-json\/wp\/v2\/product_brand?post=34589"},{"taxonomy":"product_cat","embeddable":true,"href":"https:\/\/sayoh.com\/dk\/wp-json\/wp\/v2\/product_cat?post=34589"},{"taxonomy":"product_tag","embeddable":true,"href":"https:\/\/sayoh.com\/dk\/wp-json\/wp\/v2\/product_tag?post=34589"}],"curies":[{"name":"wp","href":"https:\/\/api.w.org\/{rel}","templated":true}]}}