{"id":34882,"date":"2026-03-06T09:11:00","date_gmt":"2026-03-06T08:11:00","guid":{"rendered":"https:\/\/sayoh.com\/product\/eros-power-line-power-bodylube-125-ml\/"},"modified":"2026-03-26T09:06:38","modified_gmt":"2026-03-26T08:06:38","slug":"eros-power-line-power-bodylube-125-ml","status":"publish","type":"product","link":"https:\/\/sayoh.com\/dk\/vare\/eros-power-line-power-bodylube-125-ml\/","title":{"rendered":"EROS POWER LINE &#8211; POWER BODYLUBE 125 ML"},"content":{"rendered":"<h2>Gennemt\u00e6nkt designet til maksimal nydelse<\/h2>\n<p>Der er noget dybt tilfredsstillende ved at finde et forn\u00f8jelsesprodukt, som bare g\u00f8r det rigtige. Den <strong>EROS POWER LINE &#8211; POWER BODYLUBE 125 ML<\/strong> by EROS POWER LINE is one of those rare finds \u2014 thoughtfully crafted, beautifully designed, and built to deliver exactly the kind of pleasure you have been searching for.<\/p>\n<p>Det, der virkelig f\u00e5r dette nydelsesprodukt til at skille sig ud, er den m\u00e5de, det f\u00f8les p\u00e5 under brug. Hver kontur, hver tekstur, hver detalje er blevet overvejet for at maksimere din oplevelse. Den <strong>EROS POWER LINE &#8211; POWER BODYLUBE 125 ML<\/strong> lever ikke bare op til forventningerne - den omdefinerer dem.<\/p>\n<h2>Opdag noget s\u00e6rligt<\/h2>\n<p>Fra det \u00f8jeblik, du pakker den ud, er det tydeligt, at der er k\u00e6let for detaljerne. Den glatte finish, de ergonomiske kurver, den tilfredsstillende v\u00e6gt - alt ved <strong>EROS POWER LINE &#8211; POWER BODYLUBE 125 ML<\/strong> siger premium. Dette er et produkt, der respekterer din krop og din nydelse.<\/p>\n<p>The versatility on offer here is remarkable. Solo or partnered, gentle or intense, this pleasure product lets you set the pace and explore at your comfort level. And with EROS POWER LINE&#8217;s commitment to body-safe materials, you can relax and focus entirely on the experience.<\/p>\n<h2>Bygget til det virkelige liv<\/h2>\n<p>Durability and hygiene matter just as much as pleasure, and EROS POWER LINE delivers on both. The <strong>EROS POWER LINE &#8211; POWER BODYLUBE 125 ML<\/strong> er bygget af f\u00f8rsteklasses materialer, der er nemme at reng\u00f8re, og som bevarer deres kvalitet over tid. Det er en smart investering i din fortsatte gl\u00e6de.<\/p>\n<p>Hos Sayoh mener vi, at alle fortjener adgang til intimprodukter af h\u00f8j kvalitet uden at blive d\u00f8mt. Din ordre sendes i helt almindelig emballage, og vores hurtige danske levering betyder, at du allerede kan nyde dine nye <strong>EROS POWER LINE &#8211; POWER BODYLUBE 125 ML<\/strong> hurtigere end du tror.<\/p>\n<h2>Vigtige funktioner<\/h2>\n<ul>\n<li>Fremstillet af kropssikre materialer for at give dig ro i sindet<\/li>\n<li>Diskret indpakning og hurtig levering i hele Danmark<\/li>\n<li>Premium quality by EROS POWER LINE<\/li>\n<li>Let at reng\u00f8re og vedligeholde for varig gl\u00e6de<\/li>\n<li>Ergonomisk designet til at passe naturligt til din krop<\/li>\n<li>Perfekt til solo-eventyr eller f\u00e6lles intime \u00f8jeblikke<\/li>\n<\/ul>","protected":false},"excerpt":{"rendered":"<p>Womanizer <strong>EROS POWER LINE &#8211; POWER BODYLUBE 125 ML<\/strong> from EROS POWER LINE is the pleasure product you have been looking for. Designed for comfort, built for pleasure, and delivered discreetly to your door across Denmark.<\/p>","protected":false},"featured_media":34880,"comment_status":"open","ping_status":"closed","template":"","meta":{"_crdt_document":"","_monsterinsights_skip_tracking":false,"_monsterinsights_sitenote_active":false,"_monsterinsights_sitenote_note":"","_monsterinsights_sitenote_category":0,"jetpack_post_was_ever_published":false,"jetpack_publicize_message":"","jetpack_publicize_feature_enabled":true,"jetpack_social_post_already_shared":true,"jetpack_social_options":{"image_generator_settings":{"template":"highway","default_image_id":0,"font":"","enabled":false},"version":2},"_wpas_customize_per_network":false},"product_brand":[],"product_cat":[1472,1473],"product_tag":[1557],"class_list":{"0":"post-34882","1":"product","2":"type-product","3":"status-publish","4":"has-post-thumbnail","6":"product_cat-accessories","7":"product_cat-lubricant","8":"product_tag-couples","10":"first","11":"instock","12":"taxable","13":"shipping-taxable","14":"purchasable","15":"product-type-simple"},"yoast_head":"<!-- This site is optimized with the Yoast SEO Premium plugin v27.1 (Yoast SEO v27.3) - https:\/\/yoast.com\/product\/yoast-seo-premium-wordpress\/ -->\n<title>EROS POWER LINE - POWER BODYLUBE 125 ML - SayOh<\/title>\n<meta name=\"description\" content=\"Discover the eros bodylube ml by EROS POWER LINE. Elevate your intimate moments with this thoughtfully designed pleasure product. Free discreet shipping.\" \/>\n<meta name=\"robots\" content=\"index, follow, max-snippet:-1, max-image-preview:large, max-video-preview:-1\" \/>\n<link rel=\"canonical\" href=\"https:\/\/sayoh.com\/dk\/vare\/eros-power-line-power-bodylube-125-ml\/\" \/>\n<meta property=\"og:locale\" content=\"da_DK\" \/>\n<meta property=\"og:type\" content=\"article\" \/>\n<meta property=\"og:title\" content=\"EROS POWER LINE - POWER BODYLUBE 125 ML\" \/>\n<meta property=\"og:description\" content=\"Discover the eros bodylube ml by EROS POWER LINE. Elevate your intimate moments with this thoughtfully designed pleasure product. Free discreet shipping.\" \/>\n<meta property=\"og:url\" content=\"https:\/\/sayoh.com\/dk\/vare\/eros-power-line-power-bodylube-125-ml\/\" \/>\n<meta property=\"og:site_name\" content=\"SayOh\" \/>\n<meta property=\"article:modified_time\" content=\"2026-03-26T08:06:38+00:00\" \/>\n<meta property=\"og:image\" content=\"https:\/\/i0.wp.com\/sayoh.com\/wp-content\/uploads\/2026\/03\/img_28923_271b6ddb278199f467ccf0b371cf239c_1.png?fit=550%2C550&ssl=1\" \/>\n\t<meta property=\"og:image:width\" content=\"550\" \/>\n\t<meta property=\"og:image:height\" content=\"550\" \/>\n\t<meta property=\"og:image:type\" content=\"image\/png\" \/>\n<meta name=\"twitter:card\" content=\"summary_large_image\" \/>\n<meta name=\"twitter:label1\" content=\"Estimeret l\u00e6setid\" \/>\n\t<meta name=\"twitter:data1\" content=\"2 minutter\" \/>\n<script type=\"application\/ld+json\" class=\"yoast-schema-graph\">{\"@context\":\"https:\\\/\\\/schema.org\",\"@graph\":[{\"@type\":\"WebPage\",\"@id\":\"https:\\\/\\\/sayoh.com\\\/product\\\/eros-power-line-power-bodylube-125-ml\\\/\",\"url\":\"https:\\\/\\\/sayoh.com\\\/product\\\/eros-power-line-power-bodylube-125-ml\\\/\",\"name\":\"EROS POWER LINE - POWER BODYLUBE 125 ML - SayOh\",\"isPartOf\":{\"@id\":\"https:\\\/\\\/sayoh.com\\\/#website\"},\"primaryImageOfPage\":{\"@id\":\"https:\\\/\\\/sayoh.com\\\/product\\\/eros-power-line-power-bodylube-125-ml\\\/#primaryimage\"},\"image\":{\"@id\":\"https:\\\/\\\/sayoh.com\\\/product\\\/eros-power-line-power-bodylube-125-ml\\\/#primaryimage\"},\"thumbnailUrl\":\"https:\\\/\\\/i0.wp.com\\\/sayoh.com\\\/wp-content\\\/uploads\\\/2026\\\/03\\\/img_28923_271b6ddb278199f467ccf0b371cf239c_1.png?fit=550%2C550&ssl=1\",\"datePublished\":\"2026-03-06T08:11:00+00:00\",\"dateModified\":\"2026-03-26T08:06:38+00:00\",\"description\":\"Discover the eros bodylube ml by EROS POWER LINE. Elevate your intimate moments with this thoughtfully designed pleasure product. Free discreet shipping.\",\"breadcrumb\":{\"@id\":\"https:\\\/\\\/sayoh.com\\\/product\\\/eros-power-line-power-bodylube-125-ml\\\/#breadcrumb\"},\"inLanguage\":\"da-DK\",\"potentialAction\":[{\"@type\":\"ReadAction\",\"target\":[\"https:\\\/\\\/sayoh.com\\\/product\\\/eros-power-line-power-bodylube-125-ml\\\/\"]}]},{\"@type\":\"ImageObject\",\"inLanguage\":\"da-DK\",\"@id\":\"https:\\\/\\\/sayoh.com\\\/product\\\/eros-power-line-power-bodylube-125-ml\\\/#primaryimage\",\"url\":\"https:\\\/\\\/i0.wp.com\\\/sayoh.com\\\/wp-content\\\/uploads\\\/2026\\\/03\\\/img_28923_271b6ddb278199f467ccf0b371cf239c_1.png?fit=550%2C550&ssl=1\",\"contentUrl\":\"https:\\\/\\\/i0.wp.com\\\/sayoh.com\\\/wp-content\\\/uploads\\\/2026\\\/03\\\/img_28923_271b6ddb278199f467ccf0b371cf239c_1.png?fit=550%2C550&ssl=1\",\"width\":550,\"height\":550},{\"@type\":\"BreadcrumbList\",\"@id\":\"https:\\\/\\\/sayoh.com\\\/product\\\/eros-power-line-power-bodylube-125-ml\\\/#breadcrumb\",\"itemListElement\":[{\"@type\":\"ListItem\",\"position\":1,\"name\":\"Home\",\"item\":\"https:\\\/\\\/sayoh.com\\\/\"},{\"@type\":\"ListItem\",\"position\":2,\"name\":\"Shop\",\"item\":\"https:\\\/\\\/sayoh.com\\\/shop\\\/\"},{\"@type\":\"ListItem\",\"position\":3,\"name\":\"EROS POWER LINE &#8211; POWER BODYLUBE 125 ML\"}]},{\"@type\":\"WebSite\",\"@id\":\"https:\\\/\\\/sayoh.com\\\/#website\",\"url\":\"https:\\\/\\\/sayoh.com\\\/\",\"name\":\"Say Oh\",\"description\":\"Playful, fun and safe sex\",\"publisher\":{\"@id\":\"https:\\\/\\\/sayoh.com\\\/#organization\"},\"potentialAction\":[{\"@type\":\"SearchAction\",\"target\":{\"@type\":\"EntryPoint\",\"urlTemplate\":\"https:\\\/\\\/sayoh.com\\\/?s={search_term_string}\"},\"query-input\":{\"@type\":\"PropertyValueSpecification\",\"valueRequired\":true,\"valueName\":\"search_term_string\"}}],\"inLanguage\":\"da-DK\"},{\"@type\":\"Organization\",\"@id\":\"https:\\\/\\\/sayoh.com\\\/#organization\",\"name\":\"Say Oh\",\"url\":\"https:\\\/\\\/sayoh.com\\\/\",\"logo\":{\"@type\":\"ImageObject\",\"inLanguage\":\"da-DK\",\"@id\":\"https:\\\/\\\/sayoh.com\\\/#\\\/schema\\\/logo\\\/image\\\/\",\"url\":\"https:\\\/\\\/i0.wp.com\\\/sayoh.com\\\/wp-content\\\/uploads\\\/2023\\\/11\\\/cropped-image_123650291.jpg?fit=512%2C512&ssl=1\",\"contentUrl\":\"https:\\\/\\\/i0.wp.com\\\/sayoh.com\\\/wp-content\\\/uploads\\\/2023\\\/11\\\/cropped-image_123650291.jpg?fit=512%2C512&ssl=1\",\"width\":512,\"height\":512,\"caption\":\"Say Oh\"},\"image\":{\"@id\":\"https:\\\/\\\/sayoh.com\\\/#\\\/schema\\\/logo\\\/image\\\/\"}}]}<\/script>\n<!-- \/ Yoast SEO Premium plugin. -->","yoast_head_json":{"title":"EROS POWER LINE - POWER BODYLUBE 125 ML - SayOh","description":"Discover the eros bodylube ml by EROS POWER LINE. Elevate your intimate moments with this thoughtfully designed pleasure product. Free discreet shipping.","robots":{"index":"index","follow":"follow","max-snippet":"max-snippet:-1","max-image-preview":"max-image-preview:large","max-video-preview":"max-video-preview:-1"},"canonical":"https:\/\/sayoh.com\/dk\/vare\/eros-power-line-power-bodylube-125-ml\/","og_locale":"da_DK","og_type":"article","og_title":"EROS POWER LINE - POWER BODYLUBE 125 ML","og_description":"Discover the eros bodylube ml by EROS POWER LINE. Elevate your intimate moments with this thoughtfully designed pleasure product. Free discreet shipping.","og_url":"https:\/\/sayoh.com\/dk\/vare\/eros-power-line-power-bodylube-125-ml\/","og_site_name":"SayOh","article_modified_time":"2026-03-26T08:06:38+00:00","og_image":[{"width":550,"height":550,"url":"https:\/\/i0.wp.com\/sayoh.com\/wp-content\/uploads\/2026\/03\/img_28923_271b6ddb278199f467ccf0b371cf239c_1.png?fit=550%2C550&ssl=1","type":"image\/png"}],"twitter_card":"summary_large_image","twitter_misc":{"Estimeret l\u00e6setid":"2 minutter"},"schema":{"@context":"https:\/\/schema.org","@graph":[{"@type":"WebPage","@id":"https:\/\/sayoh.com\/product\/eros-power-line-power-bodylube-125-ml\/","url":"https:\/\/sayoh.com\/product\/eros-power-line-power-bodylube-125-ml\/","name":"EROS POWER LINE - POWER BODYLUBE 125 ML - SayOh","isPartOf":{"@id":"https:\/\/sayoh.com\/#website"},"primaryImageOfPage":{"@id":"https:\/\/sayoh.com\/product\/eros-power-line-power-bodylube-125-ml\/#primaryimage"},"image":{"@id":"https:\/\/sayoh.com\/product\/eros-power-line-power-bodylube-125-ml\/#primaryimage"},"thumbnailUrl":"https:\/\/i0.wp.com\/sayoh.com\/wp-content\/uploads\/2026\/03\/img_28923_271b6ddb278199f467ccf0b371cf239c_1.png?fit=550%2C550&ssl=1","datePublished":"2026-03-06T08:11:00+00:00","dateModified":"2026-03-26T08:06:38+00:00","description":"Discover the eros bodylube ml by EROS POWER LINE. Elevate your intimate moments with this thoughtfully designed pleasure product. Free discreet shipping.","breadcrumb":{"@id":"https:\/\/sayoh.com\/product\/eros-power-line-power-bodylube-125-ml\/#breadcrumb"},"inLanguage":"da-DK","potentialAction":[{"@type":"ReadAction","target":["https:\/\/sayoh.com\/product\/eros-power-line-power-bodylube-125-ml\/"]}]},{"@type":"ImageObject","inLanguage":"da-DK","@id":"https:\/\/sayoh.com\/product\/eros-power-line-power-bodylube-125-ml\/#primaryimage","url":"https:\/\/i0.wp.com\/sayoh.com\/wp-content\/uploads\/2026\/03\/img_28923_271b6ddb278199f467ccf0b371cf239c_1.png?fit=550%2C550&ssl=1","contentUrl":"https:\/\/i0.wp.com\/sayoh.com\/wp-content\/uploads\/2026\/03\/img_28923_271b6ddb278199f467ccf0b371cf239c_1.png?fit=550%2C550&ssl=1","width":550,"height":550},{"@type":"BreadcrumbList","@id":"https:\/\/sayoh.com\/product\/eros-power-line-power-bodylube-125-ml\/#breadcrumb","itemListElement":[{"@type":"ListItem","position":1,"name":"Home","item":"https:\/\/sayoh.com\/"},{"@type":"ListItem","position":2,"name":"Shop","item":"https:\/\/sayoh.com\/shop\/"},{"@type":"ListItem","position":3,"name":"EROS POWER LINE &#8211; POWER BODYLUBE 125 ML"}]},{"@type":"WebSite","@id":"https:\/\/sayoh.com\/#website","url":"https:\/\/sayoh.com\/","name":"Sig \u00e5h","description":"Legende, sjov og sikker sex","publisher":{"@id":"https:\/\/sayoh.com\/#organization"},"potentialAction":[{"@type":"SearchAction","target":{"@type":"EntryPoint","urlTemplate":"https:\/\/sayoh.com\/?s={search_term_string}"},"query-input":{"@type":"PropertyValueSpecification","valueRequired":true,"valueName":"search_term_string"}}],"inLanguage":"da-DK"},{"@type":"Organization","@id":"https:\/\/sayoh.com\/#organization","name":"Sig \u00e5h","url":"https:\/\/sayoh.com\/","logo":{"@type":"ImageObject","inLanguage":"da-DK","@id":"https:\/\/sayoh.com\/#\/schema\/logo\/image\/","url":"https:\/\/i0.wp.com\/sayoh.com\/wp-content\/uploads\/2023\/11\/cropped-image_123650291.jpg?fit=512%2C512&ssl=1","contentUrl":"https:\/\/i0.wp.com\/sayoh.com\/wp-content\/uploads\/2023\/11\/cropped-image_123650291.jpg?fit=512%2C512&ssl=1","width":512,"height":512,"caption":"Say Oh"},"image":{"@id":"https:\/\/sayoh.com\/#\/schema\/logo\/image\/"}}]}},"jetpack_publicize_connections":[],"jetpack_likes_enabled":true,"jetpack_sharing_enabled":true,"jetpack-related-posts":[{"id":34885,"url":"https:\/\/sayoh.com\/dk\/vare\/eros-power-line-power-bodylube-50-ml\/","url_meta":{"origin":34882,"position":0},"title":"EROS POWER LINE &#8211; POWER BODYLUBE 50 ML","author":"Admin","date":"marts 6, 2026","format":false,"excerpt":"Discover the EROS POWER LINE - POWER BODYLUBE 50 ML by EROS POWER LINE. This thoughtfully crafted pleasure product is designed to hit every right note, whether you are exploring solo or with a partner. Premium quality, discreet delivery.","rel":"","context":"Similar post","block_context":{"text":"Similar post","link":""},"img":{"alt_text":"","src":"https:\/\/i0.wp.com\/sayoh.com\/wp-content\/uploads\/2026\/03\/img_28951_7a14ce32dc7b03569ad09f324c1c71c0_1.png?fit=522%2C522&ssl=1&resize=350%2C200","width":350,"height":200},"classes":[]},{"id":34966,"url":"https:\/\/sayoh.com\/dk\/vare\/cobeco-bodylube-water-based-lubricant-latex-safe-500-ml\/","url_meta":{"origin":34882,"position":1},"title":"COBECO &#8211; BODYLUBE WATER BASED LUBRICANT LATEX SAFE 500 ML","author":"Admin","date":"marts 7, 2026","format":false,"excerpt":"Discover the COBECO - BODYLUBE WATER BASED LUBRICANT LATEX SAFE 500 ML by COBECO - CBL. This thoughtfully crafted pleasure product is designed to hit every right note, whether you are exploring solo or with a partner. Premium quality, discreet delivery.","rel":"","context":"Similar post","block_context":{"text":"Similar post","link":""},"img":{"alt_text":"","src":"https:\/\/i0.wp.com\/sayoh.com\/wp-content\/uploads\/2026\/03\/img_110521_f471c3a1e1a9ddd9c76fb01a71767e34_1.jpg?fit=800%2C800&ssl=1&resize=350%2C200","width":350,"height":200,"srcset":"https:\/\/i0.wp.com\/sayoh.com\/wp-content\/uploads\/2026\/03\/img_110521_f471c3a1e1a9ddd9c76fb01a71767e34_1.jpg?fit=800%2C800&ssl=1&resize=350%2C200 1x, https:\/\/i0.wp.com\/sayoh.com\/wp-content\/uploads\/2026\/03\/img_110521_f471c3a1e1a9ddd9c76fb01a71767e34_1.jpg?fit=800%2C800&ssl=1&resize=525%2C300 1.5x, https:\/\/i0.wp.com\/sayoh.com\/wp-content\/uploads\/2026\/03\/img_110521_f471c3a1e1a9ddd9c76fb01a71767e34_1.jpg?fit=800%2C800&ssl=1&resize=700%2C400 2x"},"classes":[]},{"id":36266,"url":"https:\/\/sayoh.com\/dk\/vare\/excite-bodylub-massage-stimulating-guaran-200-ml\/","url_meta":{"origin":34882,"position":2},"title":"EXCITE &#8211; BODYLUB MASSAGE STIMULATING GUARAN 200 ML","author":"Admin","date":"marts 16, 2026","format":false,"excerpt":"The EXCITE - BODYLUB MASSAGE STIMULATING GUARAN 200 ML by EXCITE delivers exactly what you need \u2014 intense, reliable pleasure in a beautifully designed package. This premium pleasure product is perfect for anyone who refuses to settle for less.","rel":"","context":"Similar post","block_context":{"text":"Similar post","link":""},"img":{"alt_text":"","src":"https:\/\/i0.wp.com\/sayoh.com\/wp-content\/uploads\/2026\/03\/img_143689_3cafb3a3bcbab70cbf24bd86f627198e_1.jpg?fit=800%2C800&ssl=1&resize=350%2C200","width":350,"height":200,"srcset":"https:\/\/i0.wp.com\/sayoh.com\/wp-content\/uploads\/2026\/03\/img_143689_3cafb3a3bcbab70cbf24bd86f627198e_1.jpg?fit=800%2C800&ssl=1&resize=350%2C200 1x, https:\/\/i0.wp.com\/sayoh.com\/wp-content\/uploads\/2026\/03\/img_143689_3cafb3a3bcbab70cbf24bd86f627198e_1.jpg?fit=800%2C800&ssl=1&resize=525%2C300 1.5x, https:\/\/i0.wp.com\/sayoh.com\/wp-content\/uploads\/2026\/03\/img_143689_3cafb3a3bcbab70cbf24bd86f627198e_1.jpg?fit=800%2C800&ssl=1&resize=700%2C400 2x"},"classes":[]},{"id":34852,"url":"https:\/\/sayoh.com\/dk\/vare\/cobeco-bodylube-body-lube-latex-safe-250-ml\/","url_meta":{"origin":34882,"position":3},"title":"COBECO &#8211; BODYLUBE BODY LUBE LATEX SAFE 250 ML","author":"Admin","date":"marts 6, 2026","format":false,"excerpt":"Meet the COBECO - BODYLUBE BODY LUBE LATEX SAFE 250 ML from COBECO - CBL \u2014 a pleasure product that combines stunning design with unforgettable performance. Treat yourself to something that truly elevates the experience.","rel":"","context":"Similar post","block_context":{"text":"Similar post","link":""},"img":{"alt_text":"","src":"https:\/\/i0.wp.com\/sayoh.com\/wp-content\/uploads\/2026\/03\/img_47911_18277105d5842b8dbd53c395953c8cad_1.jpg?fit=800%2C800&ssl=1&resize=350%2C200","width":350,"height":200,"srcset":"https:\/\/i0.wp.com\/sayoh.com\/wp-content\/uploads\/2026\/03\/img_47911_18277105d5842b8dbd53c395953c8cad_1.jpg?fit=800%2C800&ssl=1&resize=350%2C200 1x, https:\/\/i0.wp.com\/sayoh.com\/wp-content\/uploads\/2026\/03\/img_47911_18277105d5842b8dbd53c395953c8cad_1.jpg?fit=800%2C800&ssl=1&resize=525%2C300 1.5x, https:\/\/i0.wp.com\/sayoh.com\/wp-content\/uploads\/2026\/03\/img_47911_18277105d5842b8dbd53c395953c8cad_1.jpg?fit=800%2C800&ssl=1&resize=700%2C400 2x"},"classes":[]},{"id":35732,"url":"https:\/\/sayoh.com\/dk\/vare\/cobeco-bodylube-anal-lube-latex-safe-250ml\/","url_meta":{"origin":34882,"position":4},"title":"COBECO &#8211; BODYLUBE ANAL LUBE LATEX SAFE 250ML","author":"Admin","date":"marts 13, 2026","format":false,"excerpt":"Discover the COBECO - BODYLUBE ANAL LUBE LATEX SAFE 250ML by COBECO - CBL. This thoughtfully crafted anal toy is designed to hit every right note, whether you are exploring solo or with a partner. Premium quality, discreet delivery.","rel":"","context":"Similar post","block_context":{"text":"Similar post","link":""},"img":{"alt_text":"","src":"https:\/\/i0.wp.com\/sayoh.com\/wp-content\/uploads\/2026\/03\/img_71370_694bf5b3e0e0a8b1d14292a4888159a8_1.jpg?fit=600%2C600&ssl=1&resize=350%2C200","width":350,"height":200,"srcset":"https:\/\/i0.wp.com\/sayoh.com\/wp-content\/uploads\/2026\/03\/img_71370_694bf5b3e0e0a8b1d14292a4888159a8_1.jpg?fit=600%2C600&ssl=1&resize=350%2C200 1x, https:\/\/i0.wp.com\/sayoh.com\/wp-content\/uploads\/2026\/03\/img_71370_694bf5b3e0e0a8b1d14292a4888159a8_1.jpg?fit=600%2C600&ssl=1&resize=525%2C300 1.5x"},"classes":[]},{"id":34883,"url":"https:\/\/sayoh.com\/dk\/vare\/eros-power-line-power-toylube-125-ml\/","url_meta":{"origin":34882,"position":5},"title":"EROS POWER LINE &#8211; POWER TOYLUBE 125 ML","author":"Admin","date":"marts 6, 2026","format":false,"excerpt":"Meet the EROS POWER LINE - POWER TOYLUBE 125 ML from EROS POWER LINE \u2014 a pleasure product that combines stunning design with unforgettable performance. Treat yourself to something that truly elevates the experience.","rel":"","context":"Similar post","block_context":{"text":"Similar post","link":""},"img":{"alt_text":"","src":"https:\/\/i0.wp.com\/sayoh.com\/wp-content\/uploads\/2026\/03\/img_28925_4d8ce7a6842db4a2c8fea341894f05d8_1.png?fit=550%2C550&ssl=1&resize=350%2C200","width":350,"height":200,"srcset":"https:\/\/i0.wp.com\/sayoh.com\/wp-content\/uploads\/2026\/03\/img_28925_4d8ce7a6842db4a2c8fea341894f05d8_1.png?fit=550%2C550&ssl=1&resize=350%2C200 1x, https:\/\/i0.wp.com\/sayoh.com\/wp-content\/uploads\/2026\/03\/img_28925_4d8ce7a6842db4a2c8fea341894f05d8_1.png?fit=550%2C550&ssl=1&resize=525%2C300 1.5x"},"classes":[]}],"_links":{"self":[{"href":"https:\/\/sayoh.com\/dk\/wp-json\/wp\/v2\/product\/34882","targetHints":{"allow":["GET"]}}],"collection":[{"href":"https:\/\/sayoh.com\/dk\/wp-json\/wp\/v2\/product"}],"about":[{"href":"https:\/\/sayoh.com\/dk\/wp-json\/wp\/v2\/types\/product"}],"replies":[{"embeddable":true,"href":"https:\/\/sayoh.com\/dk\/wp-json\/wp\/v2\/comments?post=34882"}],"version-history":[{"count":0,"href":"https:\/\/sayoh.com\/dk\/wp-json\/wp\/v2\/product\/34882\/revisions"}],"wp:featuredmedia":[{"embeddable":true,"href":"https:\/\/sayoh.com\/dk\/wp-json\/wp\/v2\/media\/34880"}],"wp:attachment":[{"href":"https:\/\/sayoh.com\/dk\/wp-json\/wp\/v2\/media?parent=34882"}],"wp:term":[{"taxonomy":"product_brand","embeddable":true,"href":"https:\/\/sayoh.com\/dk\/wp-json\/wp\/v2\/product_brand?post=34882"},{"taxonomy":"product_cat","embeddable":true,"href":"https:\/\/sayoh.com\/dk\/wp-json\/wp\/v2\/product_cat?post=34882"},{"taxonomy":"product_tag","embeddable":true,"href":"https:\/\/sayoh.com\/dk\/wp-json\/wp\/v2\/product_tag?post=34882"}],"curies":[{"name":"wp","href":"https:\/\/api.w.org\/{rel}","templated":true}]}}