{"id":34939,"date":"2026-03-07T09:01:38","date_gmt":"2026-03-07T08:01:38","guid":{"rendered":"https:\/\/sayoh.com\/product\/eros-fetish-line-water-based-lubricant-dildo-bottle-175-ml\/"},"modified":"2026-03-27T09:05:03","modified_gmt":"2026-03-27T08:05:03","slug":"eros-fetish-line-water-based-lubricant-dildo-bottle-175-ml","status":"publish","type":"product","link":"https:\/\/sayoh.com\/dk\/vare\/eros-fetish-line-water-based-lubricant-dildo-bottle-175-ml\/","title":{"rendered":"EROS FETISH LINE &#8211; WATER BASED LUBRICANT DILDO BOTTLE 175 ML"},"content":{"rendered":"<h2>En form designet til at begejstre<\/h2>\n<p>Der er noget dybt tilfredsstillende ved at finde en dildo, der bare g\u00f8r det rigtigt. Den <strong>EROS FETISH LINE &#8211; WATER BASED LUBRICANT DILDO BOTTLE 175 ML<\/strong> by EROS FETISH LINE is one of those rare finds \u2014 thoughtfully crafted, beautifully designed, and built to deliver exactly the kind of pleasure you have been searching for.<\/p>\n<p>Uanset om du g\u00e5r p\u00e5 opdagelse p\u00e5 egen h\u00e5nd eller deler en intim aften med en partner, s\u00e5 er <strong>EROS FETISH LINE &#8211; WATER BASED LUBRICANT DILDO BOTTLE 175 ML<\/strong> tilpasser sig dit hum\u00f8r og dine \u00f8nsker. Dens design inviterer dig til at tage dig tid, finde ud af, hvad der f\u00f8les bedst, og fortabe dig i \u00f8jeblikket. Det er den slags produkter, der fortjener en fast plads i din natbordsskuffe.<\/p>\n<h2>Ren nydelse, ingen kompromisser<\/h2>\n<p>Fra det \u00f8jeblik, du pakker den ud, er det tydeligt, at der er k\u00e6let for detaljerne. Den glatte finish, de ergonomiske kurver, den tilfredsstillende v\u00e6gt - alt ved <strong>EROS FETISH LINE &#8211; WATER BASED LUBRICANT DILDO BOTTLE 175 ML<\/strong> siger premium. Dette er et produkt, der respekterer din krop og din nydelse.<\/p>\n<p>The versatility on offer here is remarkable. Solo or partnered, gentle or intense, this dildo lets you set the pace and explore at your comfort level. And with EROS FETISH LINE&#8217;s commitment to body-safe materials, you can relax and focus entirely on the experience.<\/p>\n<h2>Praktiske fordele, der betyder noget<\/h2>\n<p>Ud over forn\u00f8jelsen er <strong>EROS FETISH LINE &#8211; WATER BASED LUBRICANT DILDO BOTTLE 175 ML<\/strong> scorer h\u00f8jt p\u00e5 praktisk anvendelighed. Den er nem at reng\u00f8re, nem at opbevare og bygget til at holde til mange sessioner. Materialerne er allergivenlige og kropssikre, s\u00e5 der er ikke andet at bekymre sig om end at nyde det.<\/p>\n<p>Hos Sayoh mener vi, at alle fortjener adgang til intimprodukter af h\u00f8j kvalitet uden at blive d\u00f8mt. Din ordre sendes i helt almindelig emballage, og vores hurtige danske levering betyder, at du allerede kan nyde dine nye <strong>EROS FETISH LINE &#8211; WATER BASED LUBRICANT DILDO BOTTLE 175 ML<\/strong> hurtigere end du tror.<\/p>\n<h2>Vigtige funktioner<\/h2>\n<ul>\n<li>Fremstillet af kropssikre materialer for at give dig ro i sindet<\/li>\n<li>Diskret indpakning og hurtig levering i hele Danmark<\/li>\n<li>Premium quality by EROS FETISH LINE<\/li>\n<li>Let at reng\u00f8re og vedligeholde for varig gl\u00e6de<\/li>\n<li>Ergonomisk designet til at passe naturligt til din krop<\/li>\n<li>Perfekt til solo-eventyr eller f\u00e6lles intime \u00f8jeblikke<\/li>\n<\/ul>","protected":false},"excerpt":{"rendered":"<p>M\u00f8d den <strong>EROS FETISH LINE &#8211; WATER BASED LUBRICANT DILDO BOTTLE 175 ML<\/strong> from EROS FETISH LINE \u2014 a dildo that combines stunning design with unforgettable performance. Treat yourself to something that truly elevates the experience.<\/p>","protected":false},"featured_media":34938,"comment_status":"open","ping_status":"closed","template":"","meta":{"_crdt_document":"","_monsterinsights_skip_tracking":false,"_monsterinsights_sitenote_active":false,"_monsterinsights_sitenote_note":"","_monsterinsights_sitenote_category":0,"jetpack_post_was_ever_published":false,"jetpack_publicize_message":"","jetpack_publicize_feature_enabled":true,"jetpack_social_post_already_shared":true,"jetpack_social_options":{"image_generator_settings":{"template":"highway","default_image_id":0,"font":"","enabled":false},"version":2},"_wpas_customize_per_network":false},"product_brand":[],"product_cat":[1472,1552,1605,1606,1598,1603,1562,1580,1473,1454],"product_tag":[1556,1557,1582,1581,1569],"class_list":{"0":"post-34939","1":"product","2":"type-product","3":"status-publish","4":"has-post-thumbnail","6":"product_cat-accessories","7":"product_cat-anal","8":"product_cat-bdsm","9":"product_cat-bondage","10":"product_cat-couples","11":"product_cat-couples-toys","12":"product_cat-anal-dildo","13":"product_cat-lgbt","14":"product_cat-lubricant","15":"product_cat-women","16":"product_tag-anal","17":"product_tag-couples","18":"product_tag-gay","19":"product_tag-lgbt","20":"product_tag-penetration","22":"first","23":"instock","24":"taxable","25":"shipping-taxable","26":"purchasable","27":"product-type-simple"},"yoast_head":"<!-- This site is optimized with the Yoast SEO Premium plugin v27.1 (Yoast SEO v27.3) - https:\/\/yoast.com\/product\/yoast-seo-premium-wordpress\/ -->\n<title>EROS FETISH LINE - WATER BASED LUBRICANT DILDO BOTTLE 175 ML - SayOh<\/title>\n<meta name=\"description\" content=\"Shop the eros water based lubricant \u2014 designed for unforgettable pleasure. Premium quality by EROS FETISH LINE. Discreet delivery across Denmark.\" \/>\n<meta name=\"robots\" content=\"index, follow, max-snippet:-1, max-image-preview:large, max-video-preview:-1\" \/>\n<link rel=\"canonical\" href=\"https:\/\/sayoh.com\/dk\/vare\/eros-fetish-line-water-based-lubricant-dildo-bottle-175-ml\/\" \/>\n<meta property=\"og:locale\" content=\"da_DK\" \/>\n<meta property=\"og:type\" content=\"article\" \/>\n<meta property=\"og:title\" content=\"EROS FETISH LINE - WATER BASED LUBRICANT DILDO BOTTLE 175 ML\" \/>\n<meta property=\"og:description\" content=\"Shop the eros water based lubricant \u2014 designed for unforgettable pleasure. Premium quality by EROS FETISH LINE. Discreet delivery across Denmark.\" \/>\n<meta property=\"og:url\" content=\"https:\/\/sayoh.com\/dk\/vare\/eros-fetish-line-water-based-lubricant-dildo-bottle-175-ml\/\" \/>\n<meta property=\"og:site_name\" content=\"SayOh\" \/>\n<meta property=\"article:modified_time\" content=\"2026-03-27T08:05:03+00:00\" \/>\n<meta property=\"og:image\" content=\"https:\/\/i0.wp.com\/sayoh.com\/wp-content\/uploads\/2026\/03\/img_75260_ba97beaedf8a561e1a76705f23ed5d28_1.jpg?fit=550%2C550&ssl=1\" \/>\n\t<meta property=\"og:image:width\" content=\"550\" \/>\n\t<meta property=\"og:image:height\" content=\"550\" \/>\n\t<meta property=\"og:image:type\" content=\"image\/jpeg\" \/>\n<meta name=\"twitter:card\" content=\"summary_large_image\" \/>\n<meta name=\"twitter:label1\" content=\"Estimeret l\u00e6setid\" \/>\n\t<meta name=\"twitter:data1\" content=\"2 minutter\" \/>\n<script type=\"application\/ld+json\" class=\"yoast-schema-graph\">{\"@context\":\"https:\\\/\\\/schema.org\",\"@graph\":[{\"@type\":\"WebPage\",\"@id\":\"https:\\\/\\\/sayoh.com\\\/product\\\/eros-fetish-line-water-based-lubricant-dildo-bottle-175-ml\\\/\",\"url\":\"https:\\\/\\\/sayoh.com\\\/product\\\/eros-fetish-line-water-based-lubricant-dildo-bottle-175-ml\\\/\",\"name\":\"EROS FETISH LINE - WATER BASED LUBRICANT DILDO BOTTLE 175 ML - SayOh\",\"isPartOf\":{\"@id\":\"https:\\\/\\\/sayoh.com\\\/#website\"},\"primaryImageOfPage\":{\"@id\":\"https:\\\/\\\/sayoh.com\\\/product\\\/eros-fetish-line-water-based-lubricant-dildo-bottle-175-ml\\\/#primaryimage\"},\"image\":{\"@id\":\"https:\\\/\\\/sayoh.com\\\/product\\\/eros-fetish-line-water-based-lubricant-dildo-bottle-175-ml\\\/#primaryimage\"},\"thumbnailUrl\":\"https:\\\/\\\/i0.wp.com\\\/sayoh.com\\\/wp-content\\\/uploads\\\/2026\\\/03\\\/img_75260_ba97beaedf8a561e1a76705f23ed5d28_1.jpg?fit=550%2C550&ssl=1\",\"datePublished\":\"2026-03-07T08:01:38+00:00\",\"dateModified\":\"2026-03-27T08:05:03+00:00\",\"description\":\"Shop the eros water based lubricant \u2014 designed for unforgettable pleasure. Premium quality by EROS FETISH LINE. Discreet delivery across Denmark.\",\"breadcrumb\":{\"@id\":\"https:\\\/\\\/sayoh.com\\\/product\\\/eros-fetish-line-water-based-lubricant-dildo-bottle-175-ml\\\/#breadcrumb\"},\"inLanguage\":\"da-DK\",\"potentialAction\":[{\"@type\":\"ReadAction\",\"target\":[\"https:\\\/\\\/sayoh.com\\\/product\\\/eros-fetish-line-water-based-lubricant-dildo-bottle-175-ml\\\/\"]}]},{\"@type\":\"ImageObject\",\"inLanguage\":\"da-DK\",\"@id\":\"https:\\\/\\\/sayoh.com\\\/product\\\/eros-fetish-line-water-based-lubricant-dildo-bottle-175-ml\\\/#primaryimage\",\"url\":\"https:\\\/\\\/i0.wp.com\\\/sayoh.com\\\/wp-content\\\/uploads\\\/2026\\\/03\\\/img_75260_ba97beaedf8a561e1a76705f23ed5d28_1.jpg?fit=550%2C550&ssl=1\",\"contentUrl\":\"https:\\\/\\\/i0.wp.com\\\/sayoh.com\\\/wp-content\\\/uploads\\\/2026\\\/03\\\/img_75260_ba97beaedf8a561e1a76705f23ed5d28_1.jpg?fit=550%2C550&ssl=1\",\"width\":550,\"height\":550},{\"@type\":\"BreadcrumbList\",\"@id\":\"https:\\\/\\\/sayoh.com\\\/product\\\/eros-fetish-line-water-based-lubricant-dildo-bottle-175-ml\\\/#breadcrumb\",\"itemListElement\":[{\"@type\":\"ListItem\",\"position\":1,\"name\":\"Home\",\"item\":\"https:\\\/\\\/sayoh.com\\\/\"},{\"@type\":\"ListItem\",\"position\":2,\"name\":\"Shop\",\"item\":\"https:\\\/\\\/sayoh.com\\\/shop\\\/\"},{\"@type\":\"ListItem\",\"position\":3,\"name\":\"EROS FETISH LINE &#8211; WATER BASED LUBRICANT DILDO BOTTLE 175 ML\"}]},{\"@type\":\"WebSite\",\"@id\":\"https:\\\/\\\/sayoh.com\\\/#website\",\"url\":\"https:\\\/\\\/sayoh.com\\\/\",\"name\":\"Say Oh\",\"description\":\"Playful, fun and safe sex\",\"publisher\":{\"@id\":\"https:\\\/\\\/sayoh.com\\\/#organization\"},\"potentialAction\":[{\"@type\":\"SearchAction\",\"target\":{\"@type\":\"EntryPoint\",\"urlTemplate\":\"https:\\\/\\\/sayoh.com\\\/?s={search_term_string}\"},\"query-input\":{\"@type\":\"PropertyValueSpecification\",\"valueRequired\":true,\"valueName\":\"search_term_string\"}}],\"inLanguage\":\"da-DK\"},{\"@type\":\"Organization\",\"@id\":\"https:\\\/\\\/sayoh.com\\\/#organization\",\"name\":\"Say Oh\",\"url\":\"https:\\\/\\\/sayoh.com\\\/\",\"logo\":{\"@type\":\"ImageObject\",\"inLanguage\":\"da-DK\",\"@id\":\"https:\\\/\\\/sayoh.com\\\/#\\\/schema\\\/logo\\\/image\\\/\",\"url\":\"https:\\\/\\\/i0.wp.com\\\/sayoh.com\\\/wp-content\\\/uploads\\\/2023\\\/11\\\/cropped-image_123650291.jpg?fit=512%2C512&ssl=1\",\"contentUrl\":\"https:\\\/\\\/i0.wp.com\\\/sayoh.com\\\/wp-content\\\/uploads\\\/2023\\\/11\\\/cropped-image_123650291.jpg?fit=512%2C512&ssl=1\",\"width\":512,\"height\":512,\"caption\":\"Say Oh\"},\"image\":{\"@id\":\"https:\\\/\\\/sayoh.com\\\/#\\\/schema\\\/logo\\\/image\\\/\"}}]}<\/script>\n<!-- \/ Yoast SEO Premium plugin. -->","yoast_head_json":{"title":"EROS FETISH LINE - WATER BASED LUBRICANT DILDO BOTTLE 175 ML - SayOh","description":"Shop the eros water based lubricant \u2014 designed for unforgettable pleasure. Premium quality by EROS FETISH LINE. Discreet delivery across Denmark.","robots":{"index":"index","follow":"follow","max-snippet":"max-snippet:-1","max-image-preview":"max-image-preview:large","max-video-preview":"max-video-preview:-1"},"canonical":"https:\/\/sayoh.com\/dk\/vare\/eros-fetish-line-water-based-lubricant-dildo-bottle-175-ml\/","og_locale":"da_DK","og_type":"article","og_title":"EROS FETISH LINE - WATER BASED LUBRICANT DILDO BOTTLE 175 ML","og_description":"Shop the eros water based lubricant \u2014 designed for unforgettable pleasure. Premium quality by EROS FETISH LINE. Discreet delivery across Denmark.","og_url":"https:\/\/sayoh.com\/dk\/vare\/eros-fetish-line-water-based-lubricant-dildo-bottle-175-ml\/","og_site_name":"SayOh","article_modified_time":"2026-03-27T08:05:03+00:00","og_image":[{"width":550,"height":550,"url":"https:\/\/i0.wp.com\/sayoh.com\/wp-content\/uploads\/2026\/03\/img_75260_ba97beaedf8a561e1a76705f23ed5d28_1.jpg?fit=550%2C550&ssl=1","type":"image\/jpeg"}],"twitter_card":"summary_large_image","twitter_misc":{"Estimeret l\u00e6setid":"2 minutter"},"schema":{"@context":"https:\/\/schema.org","@graph":[{"@type":"WebPage","@id":"https:\/\/sayoh.com\/product\/eros-fetish-line-water-based-lubricant-dildo-bottle-175-ml\/","url":"https:\/\/sayoh.com\/product\/eros-fetish-line-water-based-lubricant-dildo-bottle-175-ml\/","name":"EROS FETISH LINE - WATER BASED LUBRICANT DILDO BOTTLE 175 ML - SayOh","isPartOf":{"@id":"https:\/\/sayoh.com\/#website"},"primaryImageOfPage":{"@id":"https:\/\/sayoh.com\/product\/eros-fetish-line-water-based-lubricant-dildo-bottle-175-ml\/#primaryimage"},"image":{"@id":"https:\/\/sayoh.com\/product\/eros-fetish-line-water-based-lubricant-dildo-bottle-175-ml\/#primaryimage"},"thumbnailUrl":"https:\/\/i0.wp.com\/sayoh.com\/wp-content\/uploads\/2026\/03\/img_75260_ba97beaedf8a561e1a76705f23ed5d28_1.jpg?fit=550%2C550&ssl=1","datePublished":"2026-03-07T08:01:38+00:00","dateModified":"2026-03-27T08:05:03+00:00","description":"Shop the eros water based lubricant \u2014 designed for unforgettable pleasure. Premium quality by EROS FETISH LINE. Discreet delivery across Denmark.","breadcrumb":{"@id":"https:\/\/sayoh.com\/product\/eros-fetish-line-water-based-lubricant-dildo-bottle-175-ml\/#breadcrumb"},"inLanguage":"da-DK","potentialAction":[{"@type":"ReadAction","target":["https:\/\/sayoh.com\/product\/eros-fetish-line-water-based-lubricant-dildo-bottle-175-ml\/"]}]},{"@type":"ImageObject","inLanguage":"da-DK","@id":"https:\/\/sayoh.com\/product\/eros-fetish-line-water-based-lubricant-dildo-bottle-175-ml\/#primaryimage","url":"https:\/\/i0.wp.com\/sayoh.com\/wp-content\/uploads\/2026\/03\/img_75260_ba97beaedf8a561e1a76705f23ed5d28_1.jpg?fit=550%2C550&ssl=1","contentUrl":"https:\/\/i0.wp.com\/sayoh.com\/wp-content\/uploads\/2026\/03\/img_75260_ba97beaedf8a561e1a76705f23ed5d28_1.jpg?fit=550%2C550&ssl=1","width":550,"height":550},{"@type":"BreadcrumbList","@id":"https:\/\/sayoh.com\/product\/eros-fetish-line-water-based-lubricant-dildo-bottle-175-ml\/#breadcrumb","itemListElement":[{"@type":"ListItem","position":1,"name":"Home","item":"https:\/\/sayoh.com\/"},{"@type":"ListItem","position":2,"name":"Shop","item":"https:\/\/sayoh.com\/shop\/"},{"@type":"ListItem","position":3,"name":"EROS FETISH LINE &#8211; WATER BASED LUBRICANT DILDO BOTTLE 175 ML"}]},{"@type":"WebSite","@id":"https:\/\/sayoh.com\/#website","url":"https:\/\/sayoh.com\/","name":"Sig \u00e5h","description":"Legende, sjov og sikker sex","publisher":{"@id":"https:\/\/sayoh.com\/#organization"},"potentialAction":[{"@type":"SearchAction","target":{"@type":"EntryPoint","urlTemplate":"https:\/\/sayoh.com\/?s={search_term_string}"},"query-input":{"@type":"PropertyValueSpecification","valueRequired":true,"valueName":"search_term_string"}}],"inLanguage":"da-DK"},{"@type":"Organization","@id":"https:\/\/sayoh.com\/#organization","name":"Sig \u00e5h","url":"https:\/\/sayoh.com\/","logo":{"@type":"ImageObject","inLanguage":"da-DK","@id":"https:\/\/sayoh.com\/#\/schema\/logo\/image\/","url":"https:\/\/i0.wp.com\/sayoh.com\/wp-content\/uploads\/2023\/11\/cropped-image_123650291.jpg?fit=512%2C512&ssl=1","contentUrl":"https:\/\/i0.wp.com\/sayoh.com\/wp-content\/uploads\/2023\/11\/cropped-image_123650291.jpg?fit=512%2C512&ssl=1","width":512,"height":512,"caption":"Say Oh"},"image":{"@id":"https:\/\/sayoh.com\/#\/schema\/logo\/image\/"}}]}},"jetpack_publicize_connections":[],"jetpack_likes_enabled":true,"jetpack_sharing_enabled":true,"jetpack-related-posts":[],"_links":{"self":[{"href":"https:\/\/sayoh.com\/dk\/wp-json\/wp\/v2\/product\/34939","targetHints":{"allow":["GET"]}}],"collection":[{"href":"https:\/\/sayoh.com\/dk\/wp-json\/wp\/v2\/product"}],"about":[{"href":"https:\/\/sayoh.com\/dk\/wp-json\/wp\/v2\/types\/product"}],"replies":[{"embeddable":true,"href":"https:\/\/sayoh.com\/dk\/wp-json\/wp\/v2\/comments?post=34939"}],"version-history":[{"count":0,"href":"https:\/\/sayoh.com\/dk\/wp-json\/wp\/v2\/product\/34939\/revisions"}],"wp:featuredmedia":[{"embeddable":true,"href":"https:\/\/sayoh.com\/dk\/wp-json\/wp\/v2\/media\/34938"}],"wp:attachment":[{"href":"https:\/\/sayoh.com\/dk\/wp-json\/wp\/v2\/media?parent=34939"}],"wp:term":[{"taxonomy":"product_brand","embeddable":true,"href":"https:\/\/sayoh.com\/dk\/wp-json\/wp\/v2\/product_brand?post=34939"},{"taxonomy":"product_cat","embeddable":true,"href":"https:\/\/sayoh.com\/dk\/wp-json\/wp\/v2\/product_cat?post=34939"},{"taxonomy":"product_tag","embeddable":true,"href":"https:\/\/sayoh.com\/dk\/wp-json\/wp\/v2\/product_tag?post=34939"}],"curies":[{"name":"wp","href":"https:\/\/api.w.org\/{rel}","templated":true}]}}