{"id":37044,"date":"2026-03-19T09:08:29","date_gmt":"2026-03-19T08:08:29","guid":{"rendered":"https:\/\/sayoh.com\/product\/pretty-love-lisle-realistic-dildo-with-suction-cup-20-6-cm-o-4-2-cm\/"},"modified":"2026-04-08T10:07:55","modified_gmt":"2026-04-08T08:07:55","slug":"pretty-love-lisle-realistic-dildo-with-suction-cup-20-6-cm-o-4-2-cm","status":"publish","type":"product","link":"https:\/\/sayoh.com\/dk\/vare\/pretty-love-lisle-realistic-dildo-with-suction-cup-20-6-cm-o-4-2-cm\/","title":{"rendered":"PRETTY LOVE &#8211; LISLE REALISTIC DILDO WITH SUCTION CUP 20.6 CM -\u00d8- 4.2 CM"},"content":{"rendered":"<h2>En form designet til at begejstre<\/h2>\n<p>Der er noget dybt tilfredsstillende ved at finde en dildo, der bare g\u00f8r det rigtigt. Den <strong>PRETTY LOVE &#8211; LISLE REALISTIC DILDO WITH SUCTION CUP 20.6 CM -\u00d8- 4.2 CM<\/strong> by PRETTY LOVE HIGH GRADE er et af de sj\u00e6ldne fund - omhyggeligt udformet, smukt designet og bygget til at levere pr\u00e6cis den form for nydelse, du har ledt efter.<\/p>\n<p>Uanset om du g\u00e5r p\u00e5 opdagelse p\u00e5 egen h\u00e5nd eller deler en intim aften med en partner, s\u00e5 er <strong>PRETTY LOVE &#8211; LISLE REALISTIC DILDO WITH SUCTION CUP 20.6 CM -\u00d8- 4.2 CM<\/strong> tilpasser sig dit hum\u00f8r og dine \u00f8nsker. Dens design inviterer dig til at tage dig tid, finde ud af, hvad der f\u00f8les bedst, og fortabe dig i \u00f8jeblikket. Det er den slags produkter, der fortjener en fast plads i din natbordsskuffe.<\/p>\n<h2>Ren nydelse, ingen kompromisser<\/h2>\n<p>Udformningen af <strong>PRETTY LOVE &#8211; LISLE REALISTIC DILDO WITH SUCTION CUP 20.6 CM -\u00d8- 4.2 CM<\/strong> har den perfekte balance mellem form og funktion. Den ser fantastisk ud, f\u00f8les fantastisk og fungerer pr\u00e6cis som lovet. PRETTY LOVE HIGH GRADE har ry for at levere kvalitet, og dette produkt er ingen undtagelse.<\/p>\n<p>Uanset om du er f\u00f8rstegangsk\u00f8ber eller supplerer en etableret samling, vil du s\u00e6tte pris p\u00e5 den omtanke, der er lagt i alle aspekter af denne dildo. Det er den slags produkt, du anbefaler til venner - diskret, selvf\u00f8lgelig.<\/p>\n<h2>Bygget til det virkelige liv<\/h2>\n<p>Ud over forn\u00f8jelsen er <strong>PRETTY LOVE &#8211; LISLE REALISTIC DILDO WITH SUCTION CUP 20.6 CM -\u00d8- 4.2 CM<\/strong> scorer h\u00f8jt p\u00e5 praktisk anvendelighed. Den er nem at reng\u00f8re, nem at opbevare og bygget til at holde til mange sessioner. Materialerne er allergivenlige og kropssikre, s\u00e5 der er ikke andet at bekymre sig om end at nyde det.<\/p>\n<p>Hos Sayoh mener vi, at alle fortjener adgang til intimprodukter af h\u00f8j kvalitet uden at blive d\u00f8mt. Din ordre sendes i helt almindelig emballage, og vores hurtige danske levering betyder, at du allerede kan nyde dine nye <strong>PRETTY LOVE &#8211; LISLE REALISTIC DILDO WITH SUCTION CUP 20.6 CM -\u00d8- 4.2 CM<\/strong> hurtigere end du tror.<\/p>\n<h2>Vigtige funktioner<\/h2>\n<ul>\n<li>Fremstillet af kropssikre materialer for at give dig ro i sindet<\/li>\n<li>Diskret indpakning og hurtig levering i hele Danmark<\/li>\n<li>F\u00f8rsteklasses kvalitet fra PRETTY LOVE HIGH GRADE<\/li>\n<li>Let at reng\u00f8re og vedligeholde for varig gl\u00e6de<\/li>\n<li>Ergonomisk designet til at passe naturligt til din krop<\/li>\n<li>Perfekt til solo-eventyr eller f\u00e6lles intime \u00f8jeblikke<\/li>\n<\/ul>","protected":false},"excerpt":{"rendered":"<p>Womanizer <strong>PRETTY LOVE &#8211; LISLE REALISTIC DILDO WITH SUCTION CUP 20.6 CM -\u00d8- 4.2 CM<\/strong> by PRETTY LOVE HIGH GRADE delivers exactly what you need \u2014 intense, reliable pleasure in a beautifully designed package. This premium dildo is perfect for anyone who refuses to settle for less.<\/p>","protected":false},"featured_media":37016,"comment_status":"open","ping_status":"closed","template":"","meta":{"_crdt_document":"","_monsterinsights_skip_tracking":false,"_monsterinsights_sitenote_active":false,"_monsterinsights_sitenote_note":"","_monsterinsights_sitenote_category":0,"jetpack_publicize_message":"","jetpack_publicize_feature_enabled":true,"jetpack_social_post_already_shared":true,"jetpack_social_options":{"image_generator_settings":{"template":"highway","default_image_id":0,"font":"","enabled":false},"version":2},"_wpas_customize_per_network":false},"product_brand":[1595],"product_cat":[1552,1598,1562,1571,1580,1454],"product_tag":[1556,1557,1582,1581,1569,1458],"class_list":{"0":"post-37044","1":"product","2":"type-product","3":"status-publish","4":"has-post-thumbnail","6":"product_brand-pretty-love","7":"product_cat-anal","8":"product_cat-couples","9":"product_cat-anal-dildo","10":"product_cat-g-spot-dildo","11":"product_cat-lgbt","12":"product_cat-women","13":"product_tag-anal","14":"product_tag-couples","15":"product_tag-gay","16":"product_tag-lgbt","17":"product_tag-penetration","18":"product_tag-vibrator","20":"first","21":"outofstock","22":"taxable","23":"shipping-taxable","24":"purchasable","25":"product-type-simple"},"yoast_head":"<!-- This site is optimized with the Yoast SEO Premium plugin v27.1 (Yoast SEO v27.6) - https:\/\/yoast.com\/product\/yoast-seo-premium-wordpress\/ -->\n<title>PRETTY LOVE - LISLE REALISTIC DILDO WITH SUCTION CUP 20.6 CM -\u00d8- 4.2 CM - SayOh<\/title>\n<meta name=\"description\" content=\"Shop the pretty lisle realistic dildo \u2014 designed for unforgettable pleasure. Premium quality by PRETTY LOVE HIGH GRADE. Discreet delivery across Denmark.\" \/>\n<meta name=\"robots\" content=\"index, follow, max-snippet:-1, max-image-preview:large, max-video-preview:-1\" \/>\n<link rel=\"canonical\" href=\"https:\/\/sayoh.com\/dk\/vare\/pretty-love-lisle-realistic-dildo-with-suction-cup-20-6-cm-o-4-2-cm\/\" \/>\n<meta property=\"og:locale\" content=\"da_DK\" \/>\n<meta property=\"og:type\" content=\"article\" \/>\n<meta property=\"og:title\" content=\"PRETTY LOVE - LISLE REALISTIC DILDO WITH SUCTION CUP 20.6 CM -\u00d8- 4.2 CM\" \/>\n<meta property=\"og:description\" content=\"Shop the pretty lisle realistic dildo \u2014 designed for unforgettable pleasure. Premium quality by PRETTY LOVE HIGH GRADE. Discreet delivery across Denmark.\" \/>\n<meta property=\"og:url\" content=\"https:\/\/sayoh.com\/dk\/vare\/pretty-love-lisle-realistic-dildo-with-suction-cup-20-6-cm-o-4-2-cm\/\" \/>\n<meta property=\"og:site_name\" content=\"SayOh\" \/>\n<meta property=\"article:modified_time\" content=\"2026-04-08T08:07:55+00:00\" \/>\n<meta property=\"og:image\" content=\"https:\/\/i0.wp.com\/sayoh.com\/wp-content\/uploads\/2026\/03\/img_220096_6ad6e17eea790096dec51c167bfb84da_1.jpg?fit=900%2C900&ssl=1\" \/>\n\t<meta property=\"og:image:width\" content=\"900\" \/>\n\t<meta property=\"og:image:height\" content=\"900\" \/>\n\t<meta property=\"og:image:type\" content=\"image\/jpeg\" \/>\n<meta name=\"twitter:card\" content=\"summary_large_image\" \/>\n<meta name=\"twitter:label1\" content=\"Estimeret l\u00e6setid\" \/>\n\t<meta name=\"twitter:data1\" content=\"2 minutter\" \/>\n<script type=\"application\/ld+json\" class=\"yoast-schema-graph\">{\"@context\":\"https:\\\/\\\/schema.org\",\"@graph\":[{\"@type\":\"WebPage\",\"@id\":\"https:\\\/\\\/sayoh.com\\\/product\\\/pretty-love-lisle-realistic-dildo-with-suction-cup-20-6-cm-o-4-2-cm\\\/\",\"url\":\"https:\\\/\\\/sayoh.com\\\/product\\\/pretty-love-lisle-realistic-dildo-with-suction-cup-20-6-cm-o-4-2-cm\\\/\",\"name\":\"PRETTY LOVE - LISLE REALISTIC DILDO WITH SUCTION CUP 20.6 CM -\u00d8- 4.2 CM - SayOh\",\"isPartOf\":{\"@id\":\"https:\\\/\\\/sayoh.com\\\/#website\"},\"primaryImageOfPage\":{\"@id\":\"https:\\\/\\\/sayoh.com\\\/product\\\/pretty-love-lisle-realistic-dildo-with-suction-cup-20-6-cm-o-4-2-cm\\\/#primaryimage\"},\"image\":{\"@id\":\"https:\\\/\\\/sayoh.com\\\/product\\\/pretty-love-lisle-realistic-dildo-with-suction-cup-20-6-cm-o-4-2-cm\\\/#primaryimage\"},\"thumbnailUrl\":\"https:\\\/\\\/i0.wp.com\\\/sayoh.com\\\/wp-content\\\/uploads\\\/2026\\\/03\\\/img_220096_6ad6e17eea790096dec51c167bfb84da_1.jpg?fit=900%2C900&ssl=1\",\"datePublished\":\"2026-03-19T08:08:29+00:00\",\"dateModified\":\"2026-04-08T08:07:55+00:00\",\"description\":\"Shop the pretty lisle realistic dildo \u2014 designed for unforgettable pleasure. Premium quality by PRETTY LOVE HIGH GRADE. Discreet delivery across Denmark.\",\"breadcrumb\":{\"@id\":\"https:\\\/\\\/sayoh.com\\\/product\\\/pretty-love-lisle-realistic-dildo-with-suction-cup-20-6-cm-o-4-2-cm\\\/#breadcrumb\"},\"inLanguage\":\"da-DK\",\"potentialAction\":[{\"@type\":\"ReadAction\",\"target\":[\"https:\\\/\\\/sayoh.com\\\/product\\\/pretty-love-lisle-realistic-dildo-with-suction-cup-20-6-cm-o-4-2-cm\\\/\"]}]},{\"@type\":\"ImageObject\",\"inLanguage\":\"da-DK\",\"@id\":\"https:\\\/\\\/sayoh.com\\\/product\\\/pretty-love-lisle-realistic-dildo-with-suction-cup-20-6-cm-o-4-2-cm\\\/#primaryimage\",\"url\":\"https:\\\/\\\/i0.wp.com\\\/sayoh.com\\\/wp-content\\\/uploads\\\/2026\\\/03\\\/img_220096_6ad6e17eea790096dec51c167bfb84da_1.jpg?fit=900%2C900&ssl=1\",\"contentUrl\":\"https:\\\/\\\/i0.wp.com\\\/sayoh.com\\\/wp-content\\\/uploads\\\/2026\\\/03\\\/img_220096_6ad6e17eea790096dec51c167bfb84da_1.jpg?fit=900%2C900&ssl=1\",\"width\":900,\"height\":900},{\"@type\":\"BreadcrumbList\",\"@id\":\"https:\\\/\\\/sayoh.com\\\/product\\\/pretty-love-lisle-realistic-dildo-with-suction-cup-20-6-cm-o-4-2-cm\\\/#breadcrumb\",\"itemListElement\":[{\"@type\":\"ListItem\",\"position\":1,\"name\":\"Home\",\"item\":\"https:\\\/\\\/sayoh.com\\\/\"},{\"@type\":\"ListItem\",\"position\":2,\"name\":\"Shop\",\"item\":\"https:\\\/\\\/sayoh.com\\\/shop\\\/\"},{\"@type\":\"ListItem\",\"position\":3,\"name\":\"PRETTY LOVE &#8211; LISLE REALISTIC DILDO WITH SUCTION CUP 20.6 CM -\u00d8- 4.2 CM\"}]},{\"@type\":\"WebSite\",\"@id\":\"https:\\\/\\\/sayoh.com\\\/#website\",\"url\":\"https:\\\/\\\/sayoh.com\\\/\",\"name\":\"Say Oh\",\"description\":\"Playful, fun and safe sex\",\"publisher\":{\"@id\":\"https:\\\/\\\/sayoh.com\\\/#organization\"},\"potentialAction\":[{\"@type\":\"SearchAction\",\"target\":{\"@type\":\"EntryPoint\",\"urlTemplate\":\"https:\\\/\\\/sayoh.com\\\/?s={search_term_string}\"},\"query-input\":{\"@type\":\"PropertyValueSpecification\",\"valueRequired\":true,\"valueName\":\"search_term_string\"}}],\"inLanguage\":\"da-DK\"},{\"@type\":\"Organization\",\"@id\":\"https:\\\/\\\/sayoh.com\\\/#organization\",\"name\":\"Say Oh\",\"url\":\"https:\\\/\\\/sayoh.com\\\/\",\"logo\":{\"@type\":\"ImageObject\",\"inLanguage\":\"da-DK\",\"@id\":\"https:\\\/\\\/sayoh.com\\\/#\\\/schema\\\/logo\\\/image\\\/\",\"url\":\"https:\\\/\\\/i0.wp.com\\\/sayoh.com\\\/wp-content\\\/uploads\\\/2023\\\/11\\\/cropped-image_123650291.jpg?fit=512%2C512&ssl=1\",\"contentUrl\":\"https:\\\/\\\/i0.wp.com\\\/sayoh.com\\\/wp-content\\\/uploads\\\/2023\\\/11\\\/cropped-image_123650291.jpg?fit=512%2C512&ssl=1\",\"width\":512,\"height\":512,\"caption\":\"Say Oh\"},\"image\":{\"@id\":\"https:\\\/\\\/sayoh.com\\\/#\\\/schema\\\/logo\\\/image\\\/\"}}]}<\/script>\n<!-- \/ Yoast SEO Premium plugin. -->","yoast_head_json":{"title":"PRETTY LOVE - LISLE REALISTIC DILDO WITH SUCTION CUP 20.6 CM -\u00d8- 4.2 CM - SayOh","description":"Shop the pretty lisle realistic dildo \u2014 designed for unforgettable pleasure. Premium quality by PRETTY LOVE HIGH GRADE. Discreet delivery across Denmark.","robots":{"index":"index","follow":"follow","max-snippet":"max-snippet:-1","max-image-preview":"max-image-preview:large","max-video-preview":"max-video-preview:-1"},"canonical":"https:\/\/sayoh.com\/dk\/vare\/pretty-love-lisle-realistic-dildo-with-suction-cup-20-6-cm-o-4-2-cm\/","og_locale":"da_DK","og_type":"article","og_title":"PRETTY LOVE - LISLE REALISTIC DILDO WITH SUCTION CUP 20.6 CM -\u00d8- 4.2 CM","og_description":"Shop the pretty lisle realistic dildo \u2014 designed for unforgettable pleasure. Premium quality by PRETTY LOVE HIGH GRADE. Discreet delivery across Denmark.","og_url":"https:\/\/sayoh.com\/dk\/vare\/pretty-love-lisle-realistic-dildo-with-suction-cup-20-6-cm-o-4-2-cm\/","og_site_name":"SayOh","article_modified_time":"2026-04-08T08:07:55+00:00","og_image":[{"width":900,"height":900,"url":"https:\/\/i0.wp.com\/sayoh.com\/wp-content\/uploads\/2026\/03\/img_220096_6ad6e17eea790096dec51c167bfb84da_1.jpg?fit=900%2C900&ssl=1","type":"image\/jpeg"}],"twitter_card":"summary_large_image","twitter_misc":{"Estimeret l\u00e6setid":"2 minutter"},"schema":{"@context":"https:\/\/schema.org","@graph":[{"@type":"WebPage","@id":"https:\/\/sayoh.com\/product\/pretty-love-lisle-realistic-dildo-with-suction-cup-20-6-cm-o-4-2-cm\/","url":"https:\/\/sayoh.com\/product\/pretty-love-lisle-realistic-dildo-with-suction-cup-20-6-cm-o-4-2-cm\/","name":"PRETTY LOVE - LISLE REALISTIC DILDO WITH SUCTION CUP 20.6 CM -\u00d8- 4.2 CM - SayOh","isPartOf":{"@id":"https:\/\/sayoh.com\/#website"},"primaryImageOfPage":{"@id":"https:\/\/sayoh.com\/product\/pretty-love-lisle-realistic-dildo-with-suction-cup-20-6-cm-o-4-2-cm\/#primaryimage"},"image":{"@id":"https:\/\/sayoh.com\/product\/pretty-love-lisle-realistic-dildo-with-suction-cup-20-6-cm-o-4-2-cm\/#primaryimage"},"thumbnailUrl":"https:\/\/i0.wp.com\/sayoh.com\/wp-content\/uploads\/2026\/03\/img_220096_6ad6e17eea790096dec51c167bfb84da_1.jpg?fit=900%2C900&ssl=1","datePublished":"2026-03-19T08:08:29+00:00","dateModified":"2026-04-08T08:07:55+00:00","description":"Shop the pretty lisle realistic dildo \u2014 designed for unforgettable pleasure. Premium quality by PRETTY LOVE HIGH GRADE. Discreet delivery across Denmark.","breadcrumb":{"@id":"https:\/\/sayoh.com\/product\/pretty-love-lisle-realistic-dildo-with-suction-cup-20-6-cm-o-4-2-cm\/#breadcrumb"},"inLanguage":"da-DK","potentialAction":[{"@type":"ReadAction","target":["https:\/\/sayoh.com\/product\/pretty-love-lisle-realistic-dildo-with-suction-cup-20-6-cm-o-4-2-cm\/"]}]},{"@type":"ImageObject","inLanguage":"da-DK","@id":"https:\/\/sayoh.com\/product\/pretty-love-lisle-realistic-dildo-with-suction-cup-20-6-cm-o-4-2-cm\/#primaryimage","url":"https:\/\/i0.wp.com\/sayoh.com\/wp-content\/uploads\/2026\/03\/img_220096_6ad6e17eea790096dec51c167bfb84da_1.jpg?fit=900%2C900&ssl=1","contentUrl":"https:\/\/i0.wp.com\/sayoh.com\/wp-content\/uploads\/2026\/03\/img_220096_6ad6e17eea790096dec51c167bfb84da_1.jpg?fit=900%2C900&ssl=1","width":900,"height":900},{"@type":"BreadcrumbList","@id":"https:\/\/sayoh.com\/product\/pretty-love-lisle-realistic-dildo-with-suction-cup-20-6-cm-o-4-2-cm\/#breadcrumb","itemListElement":[{"@type":"ListItem","position":1,"name":"Home","item":"https:\/\/sayoh.com\/"},{"@type":"ListItem","position":2,"name":"Shop","item":"https:\/\/sayoh.com\/shop\/"},{"@type":"ListItem","position":3,"name":"PRETTY LOVE &#8211; LISLE REALISTIC DILDO WITH SUCTION CUP 20.6 CM -\u00d8- 4.2 CM"}]},{"@type":"WebSite","@id":"https:\/\/sayoh.com\/#website","url":"https:\/\/sayoh.com\/","name":"Sig \u00e5h","description":"Legende, sjov og sikker sex","publisher":{"@id":"https:\/\/sayoh.com\/#organization"},"potentialAction":[{"@type":"SearchAction","target":{"@type":"EntryPoint","urlTemplate":"https:\/\/sayoh.com\/?s={search_term_string}"},"query-input":{"@type":"PropertyValueSpecification","valueRequired":true,"valueName":"search_term_string"}}],"inLanguage":"da-DK"},{"@type":"Organization","@id":"https:\/\/sayoh.com\/#organization","name":"Sig \u00e5h","url":"https:\/\/sayoh.com\/","logo":{"@type":"ImageObject","inLanguage":"da-DK","@id":"https:\/\/sayoh.com\/#\/schema\/logo\/image\/","url":"https:\/\/i0.wp.com\/sayoh.com\/wp-content\/uploads\/2023\/11\/cropped-image_123650291.jpg?fit=512%2C512&ssl=1","contentUrl":"https:\/\/i0.wp.com\/sayoh.com\/wp-content\/uploads\/2023\/11\/cropped-image_123650291.jpg?fit=512%2C512&ssl=1","width":512,"height":512,"caption":"Say Oh"},"image":{"@id":"https:\/\/sayoh.com\/#\/schema\/logo\/image\/"}}]}},"jetpack_publicize_connections":[],"jetpack_likes_enabled":true,"jetpack_sharing_enabled":true,"jetpack-related-posts":[{"id":33029,"url":"https:\/\/sayoh.com\/dk\/vare\/pretty-love-sliding-skin-series-realistic-dildo-with-sliding-skin-suction-cup-20-6-cm\/","url_meta":{"origin":37044,"position":0},"title":"PRETTY LOVE &#8211; SLIDING SKIN SERIES REALISTIC DILDO WITH SLIDING SKIN SUCTION CUP 20.6 CM","author":"Admin","date":"marts 5, 2026","format":false,"excerpt":"The PRETTY LOVE - SLIDING SKIN SERIES REALISTIC DILDO WITH SLIDING SKIN SUCTION CUP 20.6 CM by PRETTY LOVE HIGH GRADE delivers exactly what you need \u2014 intense, reliable pleasure in a beautifully designed package. This premium dildo is perfect for anyone who refuses to settle for less.","rel":"","context":"Similar post","block_context":{"text":"Similar post","link":""},"img":{"alt_text":"","src":"https:\/\/i0.wp.com\/sayoh.com\/wp-content\/uploads\/2026\/03\/img_173525_117f7efd9226f2bcc58518ed28d165f2_1.jpg?fit=800%2C800&ssl=1&resize=350%2C200","width":350,"height":200,"srcset":"https:\/\/i0.wp.com\/sayoh.com\/wp-content\/uploads\/2026\/03\/img_173525_117f7efd9226f2bcc58518ed28d165f2_1.jpg?fit=800%2C800&ssl=1&resize=350%2C200 1x, https:\/\/i0.wp.com\/sayoh.com\/wp-content\/uploads\/2026\/03\/img_173525_117f7efd9226f2bcc58518ed28d165f2_1.jpg?fit=800%2C800&ssl=1&resize=525%2C300 1.5x, https:\/\/i0.wp.com\/sayoh.com\/wp-content\/uploads\/2026\/03\/img_173525_117f7efd9226f2bcc58518ed28d165f2_1.jpg?fit=800%2C800&ssl=1&resize=700%2C400 2x"},"classes":[]},{"id":33028,"url":"https:\/\/sayoh.com\/dk\/vare\/pretty-love-sliding-skin-series-realistic-dildo-with-sliding-brown-skin-suction-cup-20-6-cm\/","url_meta":{"origin":37044,"position":1},"title":"PRETTY LOVE &#8211; SLIDING SKIN SERIES REALISTIC DILDO WITH SLIDING BROWN SKIN SUCTION CUP 20.6 CM","author":"Admin","date":"marts 5, 2026","format":false,"excerpt":"Discover the PRETTY LOVE - SLIDING SKIN SERIES REALISTIC DILDO WITH SLIDING BROWN SKIN SUCTION CUP 20.6 CM by PRETTY LOVE HIGH GRADE. This thoughtfully crafted dildo is designed to hit every right note, whether you are exploring solo or with a partner. Premium quality, discreet delivery.","rel":"","context":"Similar post","block_context":{"text":"Similar post","link":""},"img":{"alt_text":"","src":"https:\/\/i0.wp.com\/sayoh.com\/wp-content\/uploads\/2026\/03\/img_173530_7bf1da6dab334e30dc7fad37a0a72908_1.jpg?fit=800%2C800&ssl=1&resize=350%2C200","width":350,"height":200,"srcset":"https:\/\/i0.wp.com\/sayoh.com\/wp-content\/uploads\/2026\/03\/img_173530_7bf1da6dab334e30dc7fad37a0a72908_1.jpg?fit=800%2C800&ssl=1&resize=350%2C200 1x, https:\/\/i0.wp.com\/sayoh.com\/wp-content\/uploads\/2026\/03\/img_173530_7bf1da6dab334e30dc7fad37a0a72908_1.jpg?fit=800%2C800&ssl=1&resize=525%2C300 1.5x, https:\/\/i0.wp.com\/sayoh.com\/wp-content\/uploads\/2026\/03\/img_173530_7bf1da6dab334e30dc7fad37a0a72908_1.jpg?fit=800%2C800&ssl=1&resize=700%2C400 2x"},"classes":[]},{"id":37051,"url":"https:\/\/sayoh.com\/dk\/vare\/pretty-love-curtis-realistic-dildo-with-suction-cup-17-3-cm-o-4-2-cm\/","url_meta":{"origin":37044,"position":2},"title":"PRETTY LOVE &#8211; CURTIS REALISTIC DILDO WITH SUCTION CUP 17.3 CM -\u00d8- 4.2 CM","author":"Admin","date":"marts 19, 2026","format":false,"excerpt":"The PRETTY LOVE - CURTIS REALISTIC DILDO WITH SUCTION CUP 17.3 CM -\u00d8- 4.2 CM from PRETTY LOVE HIGH GRADE is the dildo you have been looking for. Designed for comfort, built for pleasure, and delivered discreetly to your door across Denmark.","rel":"","context":"Similar post","block_context":{"text":"Similar post","link":""},"img":{"alt_text":"","src":"https:\/\/i0.wp.com\/sayoh.com\/wp-content\/uploads\/2026\/03\/img_220105_656b1dae1ca16d80a3cb08c6f24bdfa3_1.jpg?fit=900%2C900&ssl=1&resize=350%2C200","width":350,"height":200,"srcset":"https:\/\/i0.wp.com\/sayoh.com\/wp-content\/uploads\/2026\/03\/img_220105_656b1dae1ca16d80a3cb08c6f24bdfa3_1.jpg?fit=900%2C900&ssl=1&resize=350%2C200 1x, https:\/\/i0.wp.com\/sayoh.com\/wp-content\/uploads\/2026\/03\/img_220105_656b1dae1ca16d80a3cb08c6f24bdfa3_1.jpg?fit=900%2C900&ssl=1&resize=525%2C300 1.5x, https:\/\/i0.wp.com\/sayoh.com\/wp-content\/uploads\/2026\/03\/img_220105_656b1dae1ca16d80a3cb08c6f24bdfa3_1.jpg?fit=900%2C900&ssl=1&resize=700%2C400 2x"},"classes":[]},{"id":37056,"url":"https:\/\/sayoh.com\/dk\/vare\/pretty-love-najm-realistic-dildo-with-suction-cup-23-2-cm-o-5-5-cm\/","url_meta":{"origin":37044,"position":3},"title":"PRETTY LOVE &#8211; NAJM REALISTIC DILDO WITH SUCTION CUP 23.2 CM -\u00d8- 5.5 CM","author":"Admin","date":"marts 19, 2026","format":false,"excerpt":"The PRETTY LOVE - NAJM REALISTIC DILDO WITH SUCTION CUP 23.2 CM -\u00d8- 5.5 CM by PRETTY LOVE HIGH GRADE delivers exactly what you need \u2014 intense, reliable pleasure in a beautifully designed package. This premium dildo is perfect for anyone who refuses to settle for less.","rel":"","context":"Similar post","block_context":{"text":"Similar post","link":""},"img":{"alt_text":"","src":"https:\/\/i0.wp.com\/sayoh.com\/wp-content\/uploads\/2026\/03\/img_220120_5d53d877479aa4e78d5c3a46f56b6440_1.jpg?fit=900%2C900&ssl=1&resize=350%2C200","width":350,"height":200,"srcset":"https:\/\/i0.wp.com\/sayoh.com\/wp-content\/uploads\/2026\/03\/img_220120_5d53d877479aa4e78d5c3a46f56b6440_1.jpg?fit=900%2C900&ssl=1&resize=350%2C200 1x, https:\/\/i0.wp.com\/sayoh.com\/wp-content\/uploads\/2026\/03\/img_220120_5d53d877479aa4e78d5c3a46f56b6440_1.jpg?fit=900%2C900&ssl=1&resize=525%2C300 1.5x, https:\/\/i0.wp.com\/sayoh.com\/wp-content\/uploads\/2026\/03\/img_220120_5d53d877479aa4e78d5c3a46f56b6440_1.jpg?fit=900%2C900&ssl=1&resize=700%2C400 2x"},"classes":[]},{"id":37085,"url":"https:\/\/sayoh.com\/dk\/vare\/pretty-love-mendel-realistic-dildo-with-suction-cup-25-5-cm-o-5-6-cm\/","url_meta":{"origin":37044,"position":4},"title":"PRETTY LOVE &#8211; MENDEL REALISTIC DILDO WITH SUCTION CUP 25.5 CM -\u00d8- 5.6 CM","author":"Admin","date":"marts 19, 2026","format":false,"excerpt":"The PRETTY LOVE - MENDEL REALISTIC DILDO WITH SUCTION CUP 25.5 CM -\u00d8- 5.6 CM by PRETTY LOVE HIGH GRADE delivers exactly what you need \u2014 intense, reliable pleasure in a beautifully designed package. This premium dildo is perfect for anyone who refuses to settle for less.","rel":"","context":"Similar post","block_context":{"text":"Similar post","link":""},"img":{"alt_text":"","src":"https:\/\/i0.wp.com\/sayoh.com\/wp-content\/uploads\/2026\/03\/img_220138_57c8d7ad64ca916fc99b278b846597d7_1.jpg?fit=900%2C900&ssl=1&resize=350%2C200","width":350,"height":200,"srcset":"https:\/\/i0.wp.com\/sayoh.com\/wp-content\/uploads\/2026\/03\/img_220138_57c8d7ad64ca916fc99b278b846597d7_1.jpg?fit=900%2C900&ssl=1&resize=350%2C200 1x, https:\/\/i0.wp.com\/sayoh.com\/wp-content\/uploads\/2026\/03\/img_220138_57c8d7ad64ca916fc99b278b846597d7_1.jpg?fit=900%2C900&ssl=1&resize=525%2C300 1.5x, https:\/\/i0.wp.com\/sayoh.com\/wp-content\/uploads\/2026\/03\/img_220138_57c8d7ad64ca916fc99b278b846597d7_1.jpg?fit=900%2C900&ssl=1&resize=700%2C400 2x"},"classes":[]},{"id":37054,"url":"https:\/\/sayoh.com\/dk\/vare\/pretty-love-duvall-realistic-dildo-with-suction-cup-19-3-cm-o-4-5-cm\/","url_meta":{"origin":37044,"position":5},"title":"PRETTY LOVE &#8211; DUVALL REALISTIC DILDO WITH SUCTION CUP 19.3 CM -\u00d8- 4.5 CM","author":"Admin","date":"marts 19, 2026","format":false,"excerpt":"The PRETTY LOVE - DUVALL REALISTIC DILDO WITH SUCTION CUP 19.3 CM -\u00d8- 4.5 CM by PRETTY LOVE HIGH GRADE delivers exactly what you need \u2014 intense, reliable pleasure in a beautifully designed package. This premium dildo is perfect for anyone who refuses to settle for less.","rel":"","context":"Similar post","block_context":{"text":"Similar post","link":""},"img":{"alt_text":"","src":"https:\/\/i0.wp.com\/sayoh.com\/wp-content\/uploads\/2026\/03\/img_220113_2f7a7aef9f53b16cb59dbf772abedca8_1.jpg?fit=900%2C900&ssl=1&resize=350%2C200","width":350,"height":200,"srcset":"https:\/\/i0.wp.com\/sayoh.com\/wp-content\/uploads\/2026\/03\/img_220113_2f7a7aef9f53b16cb59dbf772abedca8_1.jpg?fit=900%2C900&ssl=1&resize=350%2C200 1x, https:\/\/i0.wp.com\/sayoh.com\/wp-content\/uploads\/2026\/03\/img_220113_2f7a7aef9f53b16cb59dbf772abedca8_1.jpg?fit=900%2C900&ssl=1&resize=525%2C300 1.5x, https:\/\/i0.wp.com\/sayoh.com\/wp-content\/uploads\/2026\/03\/img_220113_2f7a7aef9f53b16cb59dbf772abedca8_1.jpg?fit=900%2C900&ssl=1&resize=700%2C400 2x"},"classes":[]}],"_links":{"self":[{"href":"https:\/\/sayoh.com\/dk\/wp-json\/wp\/v2\/product\/37044","targetHints":{"allow":["GET"]}}],"collection":[{"href":"https:\/\/sayoh.com\/dk\/wp-json\/wp\/v2\/product"}],"about":[{"href":"https:\/\/sayoh.com\/dk\/wp-json\/wp\/v2\/types\/product"}],"replies":[{"embeddable":true,"href":"https:\/\/sayoh.com\/dk\/wp-json\/wp\/v2\/comments?post=37044"}],"version-history":[{"count":0,"href":"https:\/\/sayoh.com\/dk\/wp-json\/wp\/v2\/product\/37044\/revisions"}],"wp:featuredmedia":[{"embeddable":true,"href":"https:\/\/sayoh.com\/dk\/wp-json\/wp\/v2\/media\/37016"}],"wp:attachment":[{"href":"https:\/\/sayoh.com\/dk\/wp-json\/wp\/v2\/media?parent=37044"}],"wp:term":[{"taxonomy":"product_brand","embeddable":true,"href":"https:\/\/sayoh.com\/dk\/wp-json\/wp\/v2\/product_brand?post=37044"},{"taxonomy":"product_cat","embeddable":true,"href":"https:\/\/sayoh.com\/dk\/wp-json\/wp\/v2\/product_cat?post=37044"},{"taxonomy":"product_tag","embeddable":true,"href":"https:\/\/sayoh.com\/dk\/wp-json\/wp\/v2\/product_tag?post=37044"}],"curies":[{"name":"wp","href":"https:\/\/api.w.org\/{rel}","templated":true}]}}