{"id":1600,"date":"2026-02-02T19:19:41","date_gmt":"2026-02-02T18:19:41","guid":{"rendered":"https:\/\/sayoh.com\/cart\/"},"modified":"2026-02-02T19:19:41","modified_gmt":"2026-02-02T18:19:41","slug":"vagn","status":"publish","type":"page","link":"https:\/\/sayoh.com\/sv\/vagn\/","title":{"rendered":"Vagn"},"content":{"rendered":"<div data-block-name=\"woocommerce\/cart\" class=\"wp-block-woocommerce-cart alignwide is-loading\">\n<div data-block-name=\"woocommerce\/filled-cart-block\" class=\"wp-block-woocommerce-filled-cart-block\">\n<div data-block-name=\"woocommerce\/cart-items-block\" class=\"wp-block-woocommerce-cart-items-block\">\n<div data-block-name=\"woocommerce\/cart-line-items-block\" class=\"wp-block-woocommerce-cart-line-items-block\"><\/div>\n\n\n<\/div>\n\n\n\n\n<div data-block-name=\"woocommerce\/cart-totals-block\" class=\"wp-block-woocommerce-cart-totals-block\">\n<div data-block-name=\"woocommerce\/cart-order-summary-block\" class=\"wp-block-woocommerce-cart-order-summary-block\">\n<div data-block-name=\"woocommerce\/cart-order-summary-heading-block\" class=\"wp-block-woocommerce-cart-order-summary-heading-block\"><\/div><div data-block-name=\"woocommerce\/cart-order-summary-coupon-form-block\" class=\"wp-block-woocommerce-cart-order-summary-coupon-form-block\"><\/div><div data-block-name=\"woocommerce\/cart-order-summary-totals-block\" class=\"wp-block-woocommerce-cart-order-summary-totals-block\">\n<div data-block-name=\"woocommerce\/cart-order-summary-subtotal-block\" class=\"wp-block-woocommerce-cart-order-summary-subtotal-block\"><\/div>\n<div data-block-name=\"woocommerce\/cart-order-summary-discount-block\" class=\"wp-block-woocommerce-cart-order-summary-discount-block\"><\/div>\n<div data-block-name=\"woocommerce\/cart-order-summary-fee-block\" class=\"wp-block-woocommerce-cart-order-summary-fee-block\"><\/div>\n<div data-block-name=\"woocommerce\/cart-order-summary-shipping-block\" class=\"wp-block-woocommerce-cart-order-summary-shipping-block\"><\/div>\n<div data-block-name=\"woocommerce\/cart-order-summary-taxes-block\" class=\"wp-block-woocommerce-cart-order-summary-taxes-block\"><\/div><\/div>\n<\/div>\n\n\n\n<div data-block-name=\"woocommerce\/cart-express-payment-block\" class=\"wp-block-woocommerce-cart-express-payment-block\"><\/div>\n\n\n\n<div data-block-name=\"woocommerce\/proceed-to-checkout-block\" class=\"wp-block-woocommerce-proceed-to-checkout-block\"><\/div>\n<div id=\"ppcp-recaptcha-v2-container\" style=\"margin:20px 0;\"><\/div>\n\n\n<div data-block-name=\"woocommerce\/cart-accepted-payment-methods-block\" class=\"wp-block-woocommerce-cart-accepted-payment-methods-block\"><\/div>\n<\/div>\n<\/div>\n\n\n\n<div data-block-name=\"woocommerce\/empty-cart-block\" class=\"wp-block-woocommerce-empty-cart-block\">\n<h2 class=\"wp-block-heading has-text-align-center with-empty-cart-icon wc-block-cart__empty-cart__title\">Din varukorg \u00e4r f\u00f6r n\u00e4rvarande tom!<\/h2>\n\n\n\n<hr class=\"wp-block-separator has-alpha-channel-opacity is-style-dots\"\/>\n\n\n\n<h2 class=\"wp-block-heading has-text-align-center\">Ny i butik<\/h2>\n\n\n<div data-block-name=\"woocommerce\/product-new\" data-columns=\"4\" data-rows=\"1\" class=\"wc-block-grid wp-block-product-new wp-block-woocommerce-product-new wc-block-product-new has-4-columns\"><ul class=\"wc-block-grid__products\"><li class=\"wc-block-grid__product\">\n\t\t\t\t<a href=\"https:\/\/sayoh.com\/sv\/produkt\/kiki-travel-bubblegum-lubricant-50-ml\/\" class=\"wc-block-grid__product-link\">\n\t\t\t\t\t\n\t\t\t\t\t<div class=\"wc-block-grid__product-image\"><img loading=\"lazy\" decoding=\"async\" width=\"430\" height=\"430\" src=\"https:\/\/i0.wp.com\/sayoh.com\/wp-content\/uploads\/2026\/04\/img_162361_114ceaa9987dd5090be5591d7d4c0e21_1.png?fit=430%2C430&amp;ssl=1\" class=\"attachment-woocommerce_thumbnail size-woocommerce_thumbnail\" alt=\"KIK\u00cd TRAVEL - BUBBLEGUM LUBRICANT 50 ML\" srcset=\"https:\/\/i0.wp.com\/sayoh.com\/wp-content\/uploads\/2026\/04\/img_162361_114ceaa9987dd5090be5591d7d4c0e21_1.png?w=800&amp;ssl=1 800w, https:\/\/i0.wp.com\/sayoh.com\/wp-content\/uploads\/2026\/04\/img_162361_114ceaa9987dd5090be5591d7d4c0e21_1.png?resize=300%2C300&amp;ssl=1 300w, https:\/\/i0.wp.com\/sayoh.com\/wp-content\/uploads\/2026\/04\/img_162361_114ceaa9987dd5090be5591d7d4c0e21_1.png?resize=150%2C150&amp;ssl=1 150w, https:\/\/i0.wp.com\/sayoh.com\/wp-content\/uploads\/2026\/04\/img_162361_114ceaa9987dd5090be5591d7d4c0e21_1.png?resize=768%2C768&amp;ssl=1 768w, https:\/\/i0.wp.com\/sayoh.com\/wp-content\/uploads\/2026\/04\/img_162361_114ceaa9987dd5090be5591d7d4c0e21_1.png?resize=12%2C12&amp;ssl=1 12w, https:\/\/i0.wp.com\/sayoh.com\/wp-content\/uploads\/2026\/04\/img_162361_114ceaa9987dd5090be5591d7d4c0e21_1.png?resize=600%2C600&amp;ssl=1 600w, https:\/\/i0.wp.com\/sayoh.com\/wp-content\/uploads\/2026\/04\/img_162361_114ceaa9987dd5090be5591d7d4c0e21_1.png?resize=400%2C400&amp;ssl=1 400w, https:\/\/i0.wp.com\/sayoh.com\/wp-content\/uploads\/2026\/04\/img_162361_114ceaa9987dd5090be5591d7d4c0e21_1.png?resize=200%2C200&amp;ssl=1 200w, https:\/\/i0.wp.com\/sayoh.com\/wp-content\/uploads\/2026\/04\/img_162361_114ceaa9987dd5090be5591d7d4c0e21_1.png?resize=430%2C430&amp;ssl=1 430w, https:\/\/i0.wp.com\/sayoh.com\/wp-content\/uploads\/2026\/04\/img_162361_114ceaa9987dd5090be5591d7d4c0e21_1.png?resize=700%2C700&amp;ssl=1 700w\" sizes=\"auto, (max-width: 430px) 100vw, 430px\" data-attachment-id=\"38341\" data-permalink=\"https:\/\/sayoh.com\/sv\/img_162361_114ceaa9987dd5090be5591d7d4c0e21_1-png\/\" data-orig-file=\"https:\/\/i0.wp.com\/sayoh.com\/wp-content\/uploads\/2026\/04\/img_162361_114ceaa9987dd5090be5591d7d4c0e21_1.png?fit=800%2C800&amp;ssl=1\" data-orig-size=\"800,800\" data-comments-opened=\"1\" data-image-meta=\"{&quot;aperture&quot;:&quot;0&quot;,&quot;credit&quot;:&quot;&quot;,&quot;camera&quot;:&quot;&quot;,&quot;caption&quot;:&quot;&quot;,&quot;created_timestamp&quot;:&quot;0&quot;,&quot;copyright&quot;:&quot;&quot;,&quot;focal_length&quot;:&quot;0&quot;,&quot;iso&quot;:&quot;0&quot;,&quot;shutter_speed&quot;:&quot;0&quot;,&quot;title&quot;:&quot;&quot;,&quot;orientation&quot;:&quot;0&quot;}\" data-image-title=\"img_162361_114ceaa9987dd5090be5591d7d4c0e21_1.png\" data-image-description=\"\" data-image-caption=\"\" data-large-file=\"https:\/\/i0.wp.com\/sayoh.com\/wp-content\/uploads\/2026\/04\/img_162361_114ceaa9987dd5090be5591d7d4c0e21_1.png?fit=800%2C800&amp;ssl=1\" \/><\/div>\n\t\t\t\t\t<div class=\"wc-block-grid__product-title\">KIK\u00cd TRAVEL &#8211; BUBBLEGUM LUBRICANT 50 ML<\/div>\n\t\t\t\t<\/a>\n\t\t\t\t<div class=\"wc-block-grid__product-price price\"><span class=\"wcpbc-price wcpbc-price-38350\" data-product-id=\"38350\"><span class=\"woocommerce-Price-amount amount\">39,99&nbsp;<span class=\"woocommerce-Price-currencySymbol\">kr.<\/span><\/span><\/span><\/div>\n\t\t\t\t\n\t\t\t\t<div class=\"wp-block-button wc-block-grid__product-add-to-cart\"><a href=\"\/sv\/wp-json\/wp\/v2\/pages\/1600?add-to-cart=38350\" aria-label=\"L\u00e4gg till i varukorgen: \u201dKIK\u00cd TRAVEL - BUBBLEGUM LUBRICANT 50 ML\u201d\" data-quantity=\"1\" data-product_id=\"38350\" data-product_sku=\"D-215108\" data-price=\"39.99\" rel=\"nofollow\" class=\"wp-block-button__link  add_to_cart_button ajax_add_to_cart\" data-no-translation=\"\" data-trp-gettext=\"\" data-no-translation-aria-label=\"\">L\u00e4gg till i varukorg<\/a><\/div>\n\t\t\t<\/li><li class=\"wc-block-grid__product\">\n\t\t\t\t<a href=\"https:\/\/sayoh.com\/sv\/produkt\/fetish-submissive-double-penetrix-strap-on-black-up\/\" class=\"wc-block-grid__product-link\">\n\t\t\t\t\t\n\t\t\t\t\t<div class=\"wc-block-grid__product-image\"><img loading=\"lazy\" decoding=\"async\" width=\"430\" height=\"430\" src=\"https:\/\/i0.wp.com\/sayoh.com\/wp-content\/uploads\/2026\/04\/img_79263_31d5f434448b05b4c3840752f039df17_1.png?fit=430%2C430&amp;ssl=1\" class=\"attachment-woocommerce_thumbnail size-woocommerce_thumbnail\" alt=\"FETISH SUBMISSIVE DOUBLE PENETRIX STRAP-ON BLACK UP\" srcset=\"https:\/\/i0.wp.com\/sayoh.com\/wp-content\/uploads\/2026\/04\/img_79263_31d5f434448b05b4c3840752f039df17_1.png?w=900&amp;ssl=1 900w, https:\/\/i0.wp.com\/sayoh.com\/wp-content\/uploads\/2026\/04\/img_79263_31d5f434448b05b4c3840752f039df17_1.png?resize=300%2C300&amp;ssl=1 300w, https:\/\/i0.wp.com\/sayoh.com\/wp-content\/uploads\/2026\/04\/img_79263_31d5f434448b05b4c3840752f039df17_1.png?resize=800%2C800&amp;ssl=1 800w, https:\/\/i0.wp.com\/sayoh.com\/wp-content\/uploads\/2026\/04\/img_79263_31d5f434448b05b4c3840752f039df17_1.png?resize=150%2C150&amp;ssl=1 150w, https:\/\/i0.wp.com\/sayoh.com\/wp-content\/uploads\/2026\/04\/img_79263_31d5f434448b05b4c3840752f039df17_1.png?resize=768%2C768&amp;ssl=1 768w, https:\/\/i0.wp.com\/sayoh.com\/wp-content\/uploads\/2026\/04\/img_79263_31d5f434448b05b4c3840752f039df17_1.png?resize=12%2C12&amp;ssl=1 12w, https:\/\/i0.wp.com\/sayoh.com\/wp-content\/uploads\/2026\/04\/img_79263_31d5f434448b05b4c3840752f039df17_1.png?resize=600%2C600&amp;ssl=1 600w, https:\/\/i0.wp.com\/sayoh.com\/wp-content\/uploads\/2026\/04\/img_79263_31d5f434448b05b4c3840752f039df17_1.png?resize=400%2C400&amp;ssl=1 400w, https:\/\/i0.wp.com\/sayoh.com\/wp-content\/uploads\/2026\/04\/img_79263_31d5f434448b05b4c3840752f039df17_1.png?resize=200%2C200&amp;ssl=1 200w, https:\/\/i0.wp.com\/sayoh.com\/wp-content\/uploads\/2026\/04\/img_79263_31d5f434448b05b4c3840752f039df17_1.png?resize=430%2C430&amp;ssl=1 430w, https:\/\/i0.wp.com\/sayoh.com\/wp-content\/uploads\/2026\/04\/img_79263_31d5f434448b05b4c3840752f039df17_1.png?resize=700%2C700&amp;ssl=1 700w\" sizes=\"auto, (max-width: 430px) 100vw, 430px\" data-attachment-id=\"38335\" data-permalink=\"https:\/\/sayoh.com\/sv\/img_79263_31d5f434448b05b4c3840752f039df17_1-png\/\" data-orig-file=\"https:\/\/i0.wp.com\/sayoh.com\/wp-content\/uploads\/2026\/04\/img_79263_31d5f434448b05b4c3840752f039df17_1.png?fit=900%2C900&amp;ssl=1\" data-orig-size=\"900,900\" data-comments-opened=\"1\" data-image-meta=\"{&quot;aperture&quot;:&quot;0&quot;,&quot;credit&quot;:&quot;&quot;,&quot;camera&quot;:&quot;&quot;,&quot;caption&quot;:&quot;&quot;,&quot;created_timestamp&quot;:&quot;0&quot;,&quot;copyright&quot;:&quot;&quot;,&quot;focal_length&quot;:&quot;0&quot;,&quot;iso&quot;:&quot;0&quot;,&quot;shutter_speed&quot;:&quot;0&quot;,&quot;title&quot;:&quot;&quot;,&quot;orientation&quot;:&quot;0&quot;}\" data-image-title=\"img_79263_31d5f434448b05b4c3840752f039df17_1.png\" data-image-description=\"\" data-image-caption=\"\" data-large-file=\"https:\/\/i0.wp.com\/sayoh.com\/wp-content\/uploads\/2026\/04\/img_79263_31d5f434448b05b4c3840752f039df17_1.png?fit=800%2C800&amp;ssl=1\" \/><\/div>\n\t\t\t\t\t<div class=\"wc-block-grid__product-title\">FETISH SUBMISSIVE DOUBLE PENETRIX STRAP-ON BLACK UP<\/div>\n\t\t\t\t<\/a>\n\t\t\t\t<div class=\"wc-block-grid__product-price price\"><span class=\"wcpbc-price wcpbc-price-38340\" data-product-id=\"38340\"><span class=\"woocommerce-Price-amount amount\">175,99&nbsp;<span class=\"woocommerce-Price-currencySymbol\">kr.<\/span><\/span><\/span><\/div>\n\t\t\t\t\n\t\t\t\t<div class=\"wp-block-button wc-block-grid__product-add-to-cart\"><a href=\"https:\/\/sayoh.com\/sv\/produkt\/fetish-submissive-double-penetrix-strap-on-black-up\/\" aria-label=\"L\u00e4s mer om \u201dFETISH SUBMISSIVE DOUBLE PENETRIX STRAP-ON BLACK UP\u201d\" data-quantity=\"1\" data-product_id=\"38340\" data-product_sku=\"D-221274\" data-price=\"175.99\" rel=\"nofollow\" class=\"wp-block-button__link  add_to_cart_button\" data-no-translation=\"\" data-trp-gettext=\"\" data-no-translation-aria-label=\"\">L\u00e4s mer<\/a><\/div>\n\t\t\t<\/li><li class=\"wc-block-grid__product\">\n\t\t\t\t<a href=\"https:\/\/sayoh.com\/sv\/produkt\/intense-sandra-tapping-and-vibration-clamp-stimulator-remote-control\/\" class=\"wc-block-grid__product-link\">\n\t\t\t\t\t\n\t\t\t\t\t<div class=\"wc-block-grid__product-image\"><img loading=\"lazy\" decoding=\"async\" width=\"430\" height=\"430\" src=\"https:\/\/i0.wp.com\/sayoh.com\/wp-content\/uploads\/2026\/04\/img_218825_dfacf573451f35fe39e8833416edacb5_1.png?fit=430%2C430&amp;ssl=1\" class=\"attachment-woocommerce_thumbnail size-woocommerce_thumbnail\" alt=\"INTENSE - SANDRA TAPPING AND VIBRATION CLAMP STIMULATOR REMOTE CONTROL\" srcset=\"https:\/\/i0.wp.com\/sayoh.com\/wp-content\/uploads\/2026\/04\/img_218825_dfacf573451f35fe39e8833416edacb5_1.png?w=900&amp;ssl=1 900w, https:\/\/i0.wp.com\/sayoh.com\/wp-content\/uploads\/2026\/04\/img_218825_dfacf573451f35fe39e8833416edacb5_1.png?resize=300%2C300&amp;ssl=1 300w, https:\/\/i0.wp.com\/sayoh.com\/wp-content\/uploads\/2026\/04\/img_218825_dfacf573451f35fe39e8833416edacb5_1.png?resize=800%2C800&amp;ssl=1 800w, https:\/\/i0.wp.com\/sayoh.com\/wp-content\/uploads\/2026\/04\/img_218825_dfacf573451f35fe39e8833416edacb5_1.png?resize=150%2C150&amp;ssl=1 150w, https:\/\/i0.wp.com\/sayoh.com\/wp-content\/uploads\/2026\/04\/img_218825_dfacf573451f35fe39e8833416edacb5_1.png?resize=768%2C768&amp;ssl=1 768w, https:\/\/i0.wp.com\/sayoh.com\/wp-content\/uploads\/2026\/04\/img_218825_dfacf573451f35fe39e8833416edacb5_1.png?resize=12%2C12&amp;ssl=1 12w, https:\/\/i0.wp.com\/sayoh.com\/wp-content\/uploads\/2026\/04\/img_218825_dfacf573451f35fe39e8833416edacb5_1.png?resize=600%2C600&amp;ssl=1 600w, https:\/\/i0.wp.com\/sayoh.com\/wp-content\/uploads\/2026\/04\/img_218825_dfacf573451f35fe39e8833416edacb5_1.png?resize=400%2C400&amp;ssl=1 400w, https:\/\/i0.wp.com\/sayoh.com\/wp-content\/uploads\/2026\/04\/img_218825_dfacf573451f35fe39e8833416edacb5_1.png?resize=200%2C200&amp;ssl=1 200w, https:\/\/i0.wp.com\/sayoh.com\/wp-content\/uploads\/2026\/04\/img_218825_dfacf573451f35fe39e8833416edacb5_1.png?resize=430%2C430&amp;ssl=1 430w, https:\/\/i0.wp.com\/sayoh.com\/wp-content\/uploads\/2026\/04\/img_218825_dfacf573451f35fe39e8833416edacb5_1.png?resize=700%2C700&amp;ssl=1 700w\" sizes=\"auto, (max-width: 430px) 100vw, 430px\" data-attachment-id=\"38271\" data-permalink=\"https:\/\/sayoh.com\/sv\/img_218825_dfacf573451f35fe39e8833416edacb5_1-png\/\" data-orig-file=\"https:\/\/i0.wp.com\/sayoh.com\/wp-content\/uploads\/2026\/04\/img_218825_dfacf573451f35fe39e8833416edacb5_1.png?fit=900%2C900&amp;ssl=1\" data-orig-size=\"900,900\" data-comments-opened=\"1\" data-image-meta=\"{&quot;aperture&quot;:&quot;0&quot;,&quot;credit&quot;:&quot;&quot;,&quot;camera&quot;:&quot;&quot;,&quot;caption&quot;:&quot;&quot;,&quot;created_timestamp&quot;:&quot;0&quot;,&quot;copyright&quot;:&quot;&quot;,&quot;focal_length&quot;:&quot;0&quot;,&quot;iso&quot;:&quot;0&quot;,&quot;shutter_speed&quot;:&quot;0&quot;,&quot;title&quot;:&quot;&quot;,&quot;orientation&quot;:&quot;0&quot;}\" data-image-title=\"img_218825_dfacf573451f35fe39e8833416edacb5_1.png\" data-image-description=\"\" data-image-caption=\"\" data-large-file=\"https:\/\/i0.wp.com\/sayoh.com\/wp-content\/uploads\/2026\/04\/img_218825_dfacf573451f35fe39e8833416edacb5_1.png?fit=800%2C800&amp;ssl=1\" \/><\/div>\n\t\t\t\t\t<div class=\"wc-block-grid__product-title\">INTENSE &#8211; SANDRA TAPPING AND VIBRATION CLAMP STIMULATOR REMOTE CONTROL<\/div>\n\t\t\t\t<\/a>\n\t\t\t\t<div class=\"wc-block-grid__product-price price\"><span class=\"wcpbc-price wcpbc-price-38291\" data-product-id=\"38291\"><span class=\"woocommerce-Price-amount amount\">327,99&nbsp;<span class=\"woocommerce-Price-currencySymbol\">kr.<\/span><\/span><\/span><\/div>\n\t\t\t\t\n\t\t\t\t<div class=\"wp-block-button wc-block-grid__product-add-to-cart\"><a href=\"\/sv\/wp-json\/wp\/v2\/pages\/1600?add-to-cart=38291\" aria-label=\"L\u00e4gg till i varukorgen: \u201dINTENSE - SANDRA TAPPING AND VIBRATION CLAMP STIMULATOR REMOTE CONTROL\u201d\" data-quantity=\"1\" data-product_id=\"38291\" data-product_sku=\"D-244819\" data-price=\"327.99\" rel=\"nofollow\" class=\"wp-block-button__link  add_to_cart_button ajax_add_to_cart\" data-no-translation=\"\" data-trp-gettext=\"\" data-no-translation-aria-label=\"\">L\u00e4gg till i varukorg<\/a><\/div>\n\t\t\t<\/li><li class=\"wc-block-grid__product\">\n\t\t\t\t<a href=\"https:\/\/sayoh.com\/sv\/produkt\/intense-julia-double-vibrator-clamp-stimulator-remote-control\/\" class=\"wc-block-grid__product-link\">\n\t\t\t\t\t\n\t\t\t\t\t<div class=\"wc-block-grid__product-image\"><img loading=\"lazy\" decoding=\"async\" width=\"430\" height=\"430\" src=\"https:\/\/i0.wp.com\/sayoh.com\/wp-content\/uploads\/2026\/04\/img_218812_788884add052f30fa04765e7b10f1ba5_1.png?fit=430%2C430&amp;ssl=1\" class=\"attachment-woocommerce_thumbnail size-woocommerce_thumbnail\" alt=\"INTENSE - JULIA DOUBLE VIBRATOR CLAMP STIMULATOR REMOTE CONTROL\" srcset=\"https:\/\/i0.wp.com\/sayoh.com\/wp-content\/uploads\/2026\/04\/img_218812_788884add052f30fa04765e7b10f1ba5_1.png?w=900&amp;ssl=1 900w, https:\/\/i0.wp.com\/sayoh.com\/wp-content\/uploads\/2026\/04\/img_218812_788884add052f30fa04765e7b10f1ba5_1.png?resize=300%2C300&amp;ssl=1 300w, https:\/\/i0.wp.com\/sayoh.com\/wp-content\/uploads\/2026\/04\/img_218812_788884add052f30fa04765e7b10f1ba5_1.png?resize=800%2C800&amp;ssl=1 800w, https:\/\/i0.wp.com\/sayoh.com\/wp-content\/uploads\/2026\/04\/img_218812_788884add052f30fa04765e7b10f1ba5_1.png?resize=150%2C150&amp;ssl=1 150w, https:\/\/i0.wp.com\/sayoh.com\/wp-content\/uploads\/2026\/04\/img_218812_788884add052f30fa04765e7b10f1ba5_1.png?resize=768%2C768&amp;ssl=1 768w, https:\/\/i0.wp.com\/sayoh.com\/wp-content\/uploads\/2026\/04\/img_218812_788884add052f30fa04765e7b10f1ba5_1.png?resize=12%2C12&amp;ssl=1 12w, https:\/\/i0.wp.com\/sayoh.com\/wp-content\/uploads\/2026\/04\/img_218812_788884add052f30fa04765e7b10f1ba5_1.png?resize=600%2C600&amp;ssl=1 600w, https:\/\/i0.wp.com\/sayoh.com\/wp-content\/uploads\/2026\/04\/img_218812_788884add052f30fa04765e7b10f1ba5_1.png?resize=400%2C400&amp;ssl=1 400w, https:\/\/i0.wp.com\/sayoh.com\/wp-content\/uploads\/2026\/04\/img_218812_788884add052f30fa04765e7b10f1ba5_1.png?resize=200%2C200&amp;ssl=1 200w, https:\/\/i0.wp.com\/sayoh.com\/wp-content\/uploads\/2026\/04\/img_218812_788884add052f30fa04765e7b10f1ba5_1.png?resize=430%2C430&amp;ssl=1 430w, https:\/\/i0.wp.com\/sayoh.com\/wp-content\/uploads\/2026\/04\/img_218812_788884add052f30fa04765e7b10f1ba5_1.png?resize=700%2C700&amp;ssl=1 700w\" sizes=\"auto, (max-width: 430px) 100vw, 430px\" data-attachment-id=\"38268\" data-permalink=\"https:\/\/sayoh.com\/sv\/img_218812_788884add052f30fa04765e7b10f1ba5_1-png\/\" data-orig-file=\"https:\/\/i0.wp.com\/sayoh.com\/wp-content\/uploads\/2026\/04\/img_218812_788884add052f30fa04765e7b10f1ba5_1.png?fit=900%2C900&amp;ssl=1\" data-orig-size=\"900,900\" data-comments-opened=\"1\" data-image-meta=\"{&quot;aperture&quot;:&quot;0&quot;,&quot;credit&quot;:&quot;&quot;,&quot;camera&quot;:&quot;&quot;,&quot;caption&quot;:&quot;&quot;,&quot;created_timestamp&quot;:&quot;0&quot;,&quot;copyright&quot;:&quot;&quot;,&quot;focal_length&quot;:&quot;0&quot;,&quot;iso&quot;:&quot;0&quot;,&quot;shutter_speed&quot;:&quot;0&quot;,&quot;title&quot;:&quot;&quot;,&quot;orientation&quot;:&quot;0&quot;}\" data-image-title=\"img_218812_788884add052f30fa04765e7b10f1ba5_1.png\" data-image-description=\"\" data-image-caption=\"\" data-large-file=\"https:\/\/i0.wp.com\/sayoh.com\/wp-content\/uploads\/2026\/04\/img_218812_788884add052f30fa04765e7b10f1ba5_1.png?fit=800%2C800&amp;ssl=1\" \/><\/div>\n\t\t\t\t\t<div class=\"wc-block-grid__product-title\">INTENSE &#8211; JULIA DOUBLE VIBRATOR CLAMP STIMULATOR REMOTE CONTROL<\/div>\n\t\t\t\t<\/a>\n\t\t\t\t<div class=\"wc-block-grid__product-price price\"><span class=\"wcpbc-price wcpbc-price-38289\" data-product-id=\"38289\"><span class=\"woocommerce-Price-amount amount\">295,99&nbsp;<span class=\"woocommerce-Price-currencySymbol\">kr.<\/span><\/span><\/span><\/div>\n\t\t\t\t\n\t\t\t\t<div class=\"wp-block-button wc-block-grid__product-add-to-cart\"><a href=\"\/sv\/wp-json\/wp\/v2\/pages\/1600?add-to-cart=38289\" aria-label=\"L\u00e4gg till i varukorgen: \u201dINTENSE - JULIA DOUBLE VIBRATOR CLAMP STIMULATOR REMOTE CONTROL\u201d\" data-quantity=\"1\" data-product_id=\"38289\" data-product_sku=\"D-244818\" data-price=\"295.99\" rel=\"nofollow\" class=\"wp-block-button__link  add_to_cart_button ajax_add_to_cart\" data-no-translation=\"\" data-trp-gettext=\"\" data-no-translation-aria-label=\"\">L\u00e4gg till i varukorg<\/a><\/div>\n\t\t\t<\/li><\/ul><\/div><\/div>\n<\/div>","protected":false},"excerpt":{"rendered":"","protected":false},"author":1,"featured_media":0,"parent":0,"menu_order":0,"comment_status":"closed","ping_status":"closed","template":"","meta":{"_crdt_document":"","_monsterinsights_skip_tracking":false,"_monsterinsights_sitenote_active":false,"_monsterinsights_sitenote_note":"","_monsterinsights_sitenote_category":0,"footnotes":""},"class_list":["post-1600","page","type-page","status-publish","hentry"],"yoast_head":"<!-- This site is optimized with the Yoast SEO Premium plugin v27.1 (Yoast SEO v27.4) - https:\/\/yoast.com\/product\/yoast-seo-premium-wordpress\/ -->\n<title>Cart - SayOh<\/title>\n<meta name=\"robots\" content=\"index, follow, max-snippet:-1, max-image-preview:large, max-video-preview:-1\" \/>\n<link rel=\"canonical\" href=\"https:\/\/sayoh.com\/sv\/vagn\/\" \/>\n<meta property=\"og:locale\" content=\"sv_SE\" \/>\n<meta property=\"og:type\" content=\"article\" \/>\n<meta property=\"og:title\" content=\"Cart\" \/>\n<meta property=\"og:url\" content=\"https:\/\/sayoh.com\/sv\/vagn\/\" \/>\n<meta property=\"og:site_name\" content=\"SayOh\" \/>\n<meta name=\"twitter:card\" content=\"summary_large_image\" \/>\n<script type=\"application\/ld+json\" class=\"yoast-schema-graph\">{\"@context\":\"https:\\\/\\\/schema.org\",\"@graph\":[{\"@type\":\"WebPage\",\"@id\":\"https:\\\/\\\/sayoh.com\\\/cart\\\/\",\"url\":\"https:\\\/\\\/sayoh.com\\\/cart\\\/\",\"name\":\"Cart - SayOh\",\"isPartOf\":{\"@id\":\"https:\\\/\\\/sayoh.com\\\/#website\"},\"datePublished\":\"2026-02-02T18:19:41+00:00\",\"breadcrumb\":{\"@id\":\"https:\\\/\\\/sayoh.com\\\/cart\\\/#breadcrumb\"},\"inLanguage\":\"sv-SE\",\"potentialAction\":[{\"@type\":\"ReadAction\",\"target\":[\"https:\\\/\\\/sayoh.com\\\/cart\\\/\"]}]},{\"@type\":\"BreadcrumbList\",\"@id\":\"https:\\\/\\\/sayoh.com\\\/cart\\\/#breadcrumb\",\"itemListElement\":[{\"@type\":\"ListItem\",\"position\":1,\"name\":\"Home\",\"item\":\"https:\\\/\\\/sayoh.com\\\/\"},{\"@type\":\"ListItem\",\"position\":2,\"name\":\"Cart\"}]},{\"@type\":\"WebSite\",\"@id\":\"https:\\\/\\\/sayoh.com\\\/#website\",\"url\":\"https:\\\/\\\/sayoh.com\\\/\",\"name\":\"Say Oh\",\"description\":\"Playful, fun and safe sex\",\"publisher\":{\"@id\":\"https:\\\/\\\/sayoh.com\\\/#organization\"},\"potentialAction\":[{\"@type\":\"SearchAction\",\"target\":{\"@type\":\"EntryPoint\",\"urlTemplate\":\"https:\\\/\\\/sayoh.com\\\/?s={search_term_string}\"},\"query-input\":{\"@type\":\"PropertyValueSpecification\",\"valueRequired\":true,\"valueName\":\"search_term_string\"}}],\"inLanguage\":\"sv-SE\"},{\"@type\":\"Organization\",\"@id\":\"https:\\\/\\\/sayoh.com\\\/#organization\",\"name\":\"Say Oh\",\"url\":\"https:\\\/\\\/sayoh.com\\\/\",\"logo\":{\"@type\":\"ImageObject\",\"inLanguage\":\"sv-SE\",\"@id\":\"https:\\\/\\\/sayoh.com\\\/#\\\/schema\\\/logo\\\/image\\\/\",\"url\":\"https:\\\/\\\/i0.wp.com\\\/sayoh.com\\\/wp-content\\\/uploads\\\/2023\\\/11\\\/cropped-image_123650291.jpg?fit=512%2C512&ssl=1\",\"contentUrl\":\"https:\\\/\\\/i0.wp.com\\\/sayoh.com\\\/wp-content\\\/uploads\\\/2023\\\/11\\\/cropped-image_123650291.jpg?fit=512%2C512&ssl=1\",\"width\":512,\"height\":512,\"caption\":\"Say Oh\"},\"image\":{\"@id\":\"https:\\\/\\\/sayoh.com\\\/#\\\/schema\\\/logo\\\/image\\\/\"}}]}<\/script>\n<!-- \/ Yoast SEO Premium plugin. -->","yoast_head_json":{"title":"Vagn - SayOh","robots":{"index":"index","follow":"follow","max-snippet":"max-snippet:-1","max-image-preview":"max-image-preview:large","max-video-preview":"max-video-preview:-1"},"canonical":"https:\/\/sayoh.com\/sv\/vagn\/","og_locale":"sv_SE","og_type":"article","og_title":"Cart","og_url":"https:\/\/sayoh.com\/sv\/vagn\/","og_site_name":"SayOh","twitter_card":"summary_large_image","schema":{"@context":"https:\/\/schema.org","@graph":[{"@type":"WebPage","@id":"https:\/\/sayoh.com\/cart\/","url":"https:\/\/sayoh.com\/cart\/","name":"Vagn - SayOh","isPartOf":{"@id":"https:\/\/sayoh.com\/#website"},"datePublished":"2026-02-02T18:19:41+00:00","breadcrumb":{"@id":"https:\/\/sayoh.com\/cart\/#breadcrumb"},"inLanguage":"sv-SE","potentialAction":[{"@type":"ReadAction","target":["https:\/\/sayoh.com\/cart\/"]}]},{"@type":"BreadcrumbList","@id":"https:\/\/sayoh.com\/cart\/#breadcrumb","itemListElement":[{"@type":"ListItem","position":1,"name":"Home","item":"https:\/\/sayoh.com\/"},{"@type":"ListItem","position":2,"name":"Cart"}]},{"@type":"WebSite","@id":"https:\/\/sayoh.com\/#website","url":"https:\/\/sayoh.com\/","name":"S\u00e4g Oh","description":"Lekfullt, roligt och s\u00e4kert sex","publisher":{"@id":"https:\/\/sayoh.com\/#organization"},"potentialAction":[{"@type":"SearchAction","target":{"@type":"EntryPoint","urlTemplate":"https:\/\/sayoh.com\/?s={search_term_string}"},"query-input":{"@type":"PropertyValueSpecification","valueRequired":true,"valueName":"search_term_string"}}],"inLanguage":"sv-SE"},{"@type":"Organization","@id":"https:\/\/sayoh.com\/#organization","name":"S\u00e4g Oh","url":"https:\/\/sayoh.com\/","logo":{"@type":"ImageObject","inLanguage":"sv-SE","@id":"https:\/\/sayoh.com\/#\/schema\/logo\/image\/","url":"https:\/\/i0.wp.com\/sayoh.com\/wp-content\/uploads\/2023\/11\/cropped-image_123650291.jpg?fit=512%2C512&ssl=1","contentUrl":"https:\/\/i0.wp.com\/sayoh.com\/wp-content\/uploads\/2023\/11\/cropped-image_123650291.jpg?fit=512%2C512&ssl=1","width":512,"height":512,"caption":"Say Oh"},"image":{"@id":"https:\/\/sayoh.com\/#\/schema\/logo\/image\/"}}]}},"jetpack_likes_enabled":true,"jetpack_sharing_enabled":true,"jetpack_shortlink":"https:\/\/wp.me\/Pffair-pO","jetpack-related-posts":[{"id":3228,"url":"https:\/\/sayoh.com\/sv\/","url_meta":{"origin":1600,"position":0},"title":"SayOh Hem","author":"Admin","date":"september 9, 2021","format":false,"excerpt":"Select category Select category Accessories Lubricant Anal Anal beads Buttplug Dildo Stimulator BDSM Bondage Couples Couples toys Sex games LGBT Men Cock ring Dolls Masturbator Anal Anal Porn Stars Vagina Vaginas Porn Stars Penis enlarger Penis extender Pump Stroker Women G-Spot dildo Vibrator Bullet Clitoris Rabbit Wand Search Explore Intimate\u2026","rel":"","context":"Liknande inl\u00e4gg","block_context":{"text":"Liknande inl\u00e4gg","link":""},"img":{"alt_text":"","src":"https:\/\/i0.wp.com\/sayoh.com\/wp-content\/uploads\/2021\/09\/lingerie-inst-9.jpg?resize=350%2C200&ssl=1","width":350,"height":200,"srcset":"https:\/\/i0.wp.com\/sayoh.com\/wp-content\/uploads\/2021\/09\/lingerie-inst-9.jpg?resize=350%2C200&ssl=1 1x, https:\/\/i0.wp.com\/sayoh.com\/wp-content\/uploads\/2021\/09\/lingerie-inst-9.jpg?resize=525%2C300&ssl=1 1.5x"},"classes":[]}],"_links":{"self":[{"href":"https:\/\/sayoh.com\/sv\/wp-json\/wp\/v2\/pages\/1600","targetHints":{"allow":["GET"]}}],"collection":[{"href":"https:\/\/sayoh.com\/sv\/wp-json\/wp\/v2\/pages"}],"about":[{"href":"https:\/\/sayoh.com\/sv\/wp-json\/wp\/v2\/types\/page"}],"author":[{"embeddable":true,"href":"https:\/\/sayoh.com\/sv\/wp-json\/wp\/v2\/users\/1"}],"replies":[{"embeddable":true,"href":"https:\/\/sayoh.com\/sv\/wp-json\/wp\/v2\/comments?post=1600"}],"version-history":[{"count":0,"href":"https:\/\/sayoh.com\/sv\/wp-json\/wp\/v2\/pages\/1600\/revisions"}],"wp:attachment":[{"href":"https:\/\/sayoh.com\/sv\/wp-json\/wp\/v2\/media?parent=1600"}],"curies":[{"name":"wp","href":"https:\/\/api.w.org\/{rel}","templated":true}]}}