{"id":29350,"date":"2026-02-08T00:25:18","date_gmt":"2026-02-07T23:25:18","guid":{"rendered":"https:\/\/sayoh.com\/?post_type=product&#038;p=29350"},"modified":"2026-02-13T00:24:21","modified_gmt":"2026-02-12T23:24:21","slug":"satisfyer-dubbel-vandring","status":"publish","type":"product","link":"https:\/\/sayoh.com\/sv\/produkt\/satisfyer-dubbel-vandring\/","title":{"rendered":"SATISFYER - Dubbelvandring"},"content":{"rendered":"<h3 data-start=\"559\" data-end=\"612\">Dubbel stavvibrator utformad f\u00f6r m\u00e5ngsidig anv\u00e4ndning<\/h3>\n<p data-start=\"613\" data-end=\"939\">Den <strong data-start=\"617\" data-end=\"644\">SATISFYER Double Wander<\/strong> \u00e4r utformad f\u00f6r anv\u00e4ndare som uppskattar flexibilitet, balanserad kraft och modern design. Skapad av <strong data-start=\"736\" data-end=\"777\"><span class=\"hover:entity-accent entity-underline inline cursor-pointer align-baseline\"><span class=\"whitespace-normal\">Tillfredsst\u00e4llare<\/span><\/span><\/strong>, Denna dubbla stavvibrator erbjuder tv\u00e5 stimuleringspunkter i en kompakt och elegant enhet. Designen fokuserar p\u00e5 komfort, kontroll och en smidig anv\u00e4ndarupplevelse.<\/p>\n<h3 data-start=\"941\" data-end=\"989\">Dubbel stavvibrator med dubbel stimulering<\/h3>\n<p data-start=\"990\" data-end=\"1347\">Detta <strong data-start=\"995\" data-end=\"1019\">dubbel stavvibrator<\/strong> har tv\u00e5 rundade \u00e4ndar som m\u00f6jligg\u00f6r olika typer av stimulering beroende p\u00e5 preferens. Varje \u00e4nde har en n\u00e5got annorlunda form, vilket ger en varierad k\u00e4nsla utan att man beh\u00f6ver byta enhet. Den dubbel\u00e4ndade designen g\u00f6r Satisfyer Double Wander l\u00e4mplig f\u00f6r anv\u00e4ndare som gillar val och m\u00e5ngsidighet i en produkt.<\/p>\n<h3 data-start=\"1349\" data-end=\"1389\">Mjuk silikon och behaglig k\u00e4nsla<\/h3>\n<p data-start=\"1390\" data-end=\"1676\">Satisfyer Double Wander \u00e4r tillverkad av <strong data-start=\"1431\" data-end=\"1453\">kroppss\u00e4ker silikon<\/strong> med en sl\u00e4t, mjuk yta. Materialet k\u00e4nns behagligt mot huden och bibeh\u00e5ller sin flexibilitet samtidigt som det erbjuder tillr\u00e4cklig struktur f\u00f6r kontrollerad anv\u00e4ndning. Finishen \u00e5terspeglar Satisfyers moderna och minimalistiska designstil.<\/p>\n<h3 data-start=\"1678\" data-end=\"1716\">Enkla reglage och j\u00e4mn kraft<\/h3>\n<p data-start=\"1717\" data-end=\"1977\">Enheten erbjuder intuitiva kontroller som \u00e4r l\u00e4tta att anv\u00e4nda. Vibrationsniv\u00e5erna kan justeras smidigt, s\u00e5 att anv\u00e4ndarna kan hitta en bekv\u00e4m inst\u00e4llning. Motorn ger j\u00e4mn prestanda utan h\u00e5rda \u00f6verg\u00e5ngar, vilket ger en avslappnad och kontrollerad upplevelse.<\/p>\n<h3 data-start=\"1979\" data-end=\"2018\">Ergonomisk form f\u00f6r enkel hantering<\/h3>\n<p data-start=\"2019\" data-end=\"2246\">Den smala, b\u00f6jda formen g\u00f6r att den dubbla stavvibratorn ligger bekv\u00e4mt i handen. Den l\u00e4tta designen g\u00f6r positioneringen enkel och minskar anstr\u00e4ngningen under anv\u00e4ndning. Den balanserade strukturen st\u00f6der b\u00e5de korta och l\u00e4ngre sessioner.<\/p>\n<h3 data-start=\"2248\" data-end=\"2283\">Enkel reng\u00f6ring och underh\u00e5ll<\/h3>\n<p data-start=\"2284\" data-end=\"2500\">Silikonytan \u00e4r icke-por\u00f6s och l\u00e4tt att reng\u00f6ra. Tv\u00e4tta med varmt vatten och mild tv\u00e5l eller anv\u00e4nd ett s\u00e4rskilt reng\u00f6ringsmedel f\u00f6r leksaker. Enheten torkar snabbt och kr\u00e4ver minimalt underh\u00e5ll, vilket g\u00f6r den praktisk f\u00f6r regelbunden anv\u00e4ndning.<\/p>\n<h3 data-start=\"2502\" data-end=\"2551\">Utformad f\u00f6r anv\u00e4ndning av vuxna och diskret f\u00f6rvaring<\/h3>\n<p data-start=\"2552\" data-end=\"2743\">SATISFYER Double Wander \u00e4r endast avsedd f\u00f6r privat bruk av vuxna. Den kompakta storleken g\u00f6r att den kan f\u00f6rvaras diskret n\u00e4r den inte anv\u00e4nds. Den neutrala designen passar l\u00e4tt in i en modern wellness-kollektion.<\/p>\n<h3 data-start=\"2745\" data-end=\"2761\">Viktiga funktioner<\/h3>\n<ul data-start=\"2762\" data-end=\"2962\">\n<li data-start=\"2762\" data-end=\"2809\">\n<p data-start=\"2764\" data-end=\"2809\">Dubbel stavvibrator med design f\u00f6r tv\u00e5 \u00e4ndar<\/p>\n<\/li>\n<li data-start=\"2810\" data-end=\"2838\">\n<p data-start=\"2812\" data-end=\"2838\">Mjuk, kroppss\u00e4ker silikon<\/p>\n<\/li>\n<li data-start=\"2839\" data-end=\"2874\">\n<p data-start=\"2841\" data-end=\"2874\">J\u00e4mn och kontrollerad vibration<\/p>\n<\/li>\n<li data-start=\"2875\" data-end=\"2910\">\n<p data-start=\"2877\" data-end=\"2910\">Ergonomisk, l\u00e4tthanterlig form<\/p>\n<\/li>\n<li data-start=\"2911\" data-end=\"2943\">\n<p data-start=\"2913\" data-end=\"2943\">Enkel att reng\u00f6ra och underh\u00e5lla<\/p>\n<\/li>\n<li data-start=\"2944\" data-end=\"2962\">\n<p data-start=\"2946\" data-end=\"2962\">Endast f\u00f6r vuxna<\/p>\n<\/li>\n<\/ul>\n<p data-start=\"2964\" data-end=\"3147\">Satisfyer \u00e4r k\u00e4nt f\u00f6r att kombinera tillg\u00e4nglig design med p\u00e5litlig prestanda. Double Wander \u00e5terspeglar detta syns\u00e4tt genom att erbjuda m\u00e5ngsidighet, komfort och en ren, modern estetik.<\/p>","protected":false},"excerpt":{"rendered":"<p data-start=\"613\" data-end=\"939\">Den <strong data-start=\"617\" data-end=\"644\">SATISFYER Double Wander<\/strong> \u00e4r utformad f\u00f6r anv\u00e4ndare som uppskattar flexibilitet, balanserad kraft och modern design. Skapad av <strong data-start=\"736\" data-end=\"777\"><span class=\"hover:entity-accent entity-underline inline cursor-pointer align-baseline\"><span class=\"whitespace-normal\">Tillfredsst\u00e4llare<\/span><\/span><\/strong>, Denna dubbla stavvibrator erbjuder tv\u00e5 stimuleringspunkter i en kompakt och elegant enhet. Designen fokuserar p\u00e5 komfort, kontroll och en smidig anv\u00e4ndarupplevelse.<\/p>","protected":false},"featured_media":29351,"comment_status":"open","ping_status":"closed","template":"","meta":{"_crdt_document":"","_monsterinsights_skip_tracking":false,"_monsterinsights_sitenote_active":false,"_monsterinsights_sitenote_note":"","_monsterinsights_sitenote_category":0,"jetpack_publicize_message":"","jetpack_publicize_feature_enabled":true,"jetpack_social_post_already_shared":true,"jetpack_social_options":{"image_generator_settings":{"template":"highway","default_image_id":0,"font":"","enabled":false},"version":2},"_wpas_customize_per_network":false},"product_brand":[1475],"product_cat":[1488,1454],"product_tag":[1481,1557,1480,1476,1458,1491],"class_list":{"0":"post-29350","1":"product","2":"type-product","3":"status-publish","4":"has-post-thumbnail","6":"product_brand-satisfyer","7":"product_cat-wand","8":"product_cat-women","9":"product_tag-app-controlled","10":"product_tag-couples","11":"product_tag-remote-controlled","12":"product_tag-stimulater","13":"product_tag-vibrator","14":"product_tag-wand","16":"first","17":"instock","18":"taxable","19":"shipping-taxable","20":"purchasable","21":"product-type-simple"},"yoast_head":"<!-- This site is optimized with the Yoast SEO Premium plugin v27.1 (Yoast SEO v27.4) - https:\/\/yoast.com\/product\/yoast-seo-premium-wordpress\/ -->\n<title>SATISFYER \u2013 Double Wander - SayOh<\/title>\n<meta name=\"description\" content=\"Shop the Satisfyer Double Wander \u2013 a double wand vibrator made from body-safe silicone with smooth power and versatile design.\" \/>\n<meta name=\"robots\" content=\"index, follow, max-snippet:-1, max-image-preview:large, max-video-preview:-1\" \/>\n<link rel=\"canonical\" href=\"https:\/\/sayoh.com\/sv\/produkt\/satisfyer-dubbel-vandring\/\" \/>\n<meta property=\"og:locale\" content=\"sv_SE\" \/>\n<meta property=\"og:type\" content=\"article\" \/>\n<meta property=\"og:title\" content=\"SATISFYER \u2013 Double Wander\" \/>\n<meta property=\"og:description\" content=\"Shop the Satisfyer Double Wander \u2013 a double wand vibrator made from body-safe silicone with smooth power and versatile design.\" \/>\n<meta property=\"og:url\" content=\"https:\/\/sayoh.com\/sv\/produkt\/satisfyer-dubbel-vandring\/\" \/>\n<meta property=\"og:site_name\" content=\"SayOh\" \/>\n<meta property=\"article:modified_time\" content=\"2026-02-12T23:24:21+00:00\" \/>\n<meta property=\"og:image\" content=\"https:\/\/sayoh.com\/wp-content\/uploads\/2026\/02\/Wand-Satisfyer-white-1.jpg\" \/>\n\t<meta property=\"og:image:width\" content=\"800\" \/>\n\t<meta property=\"og:image:height\" content=\"800\" \/>\n\t<meta property=\"og:image:type\" content=\"image\/jpeg\" \/>\n<meta name=\"twitter:card\" content=\"summary_large_image\" \/>\n<meta name=\"twitter:label1\" content=\"Ber\u00e4knad l\u00e4stid\" \/>\n\t<meta name=\"twitter:data1\" content=\"2 minuter\" \/>\n<script type=\"application\/ld+json\" class=\"yoast-schema-graph\">{\"@context\":\"https:\\\/\\\/schema.org\",\"@graph\":[{\"@type\":\"WebPage\",\"@id\":\"https:\\\/\\\/sayoh.com\\\/product\\\/satisfyer-double-wander\\\/\",\"url\":\"https:\\\/\\\/sayoh.com\\\/product\\\/satisfyer-double-wander\\\/\",\"name\":\"SATISFYER \u2013 Double Wander - SayOh\",\"isPartOf\":{\"@id\":\"https:\\\/\\\/sayoh.com\\\/#website\"},\"primaryImageOfPage\":{\"@id\":\"https:\\\/\\\/sayoh.com\\\/product\\\/satisfyer-double-wander\\\/#primaryimage\"},\"image\":{\"@id\":\"https:\\\/\\\/sayoh.com\\\/product\\\/satisfyer-double-wander\\\/#primaryimage\"},\"thumbnailUrl\":\"https:\\\/\\\/i0.wp.com\\\/sayoh.com\\\/wp-content\\\/uploads\\\/2026\\\/02\\\/Wand-Satisfyer-white-1.jpg?fit=800%2C800&ssl=1\",\"datePublished\":\"2026-02-07T23:25:18+00:00\",\"dateModified\":\"2026-02-12T23:24:21+00:00\",\"description\":\"Shop the Satisfyer Double Wander \u2013 a double wand vibrator made from body-safe silicone with smooth power and versatile design.\",\"breadcrumb\":{\"@id\":\"https:\\\/\\\/sayoh.com\\\/product\\\/satisfyer-double-wander\\\/#breadcrumb\"},\"inLanguage\":\"sv-SE\",\"potentialAction\":[{\"@type\":\"ReadAction\",\"target\":[\"https:\\\/\\\/sayoh.com\\\/product\\\/satisfyer-double-wander\\\/\"]}]},{\"@type\":\"ImageObject\",\"inLanguage\":\"sv-SE\",\"@id\":\"https:\\\/\\\/sayoh.com\\\/product\\\/satisfyer-double-wander\\\/#primaryimage\",\"url\":\"https:\\\/\\\/i0.wp.com\\\/sayoh.com\\\/wp-content\\\/uploads\\\/2026\\\/02\\\/Wand-Satisfyer-white-1.jpg?fit=800%2C800&ssl=1\",\"contentUrl\":\"https:\\\/\\\/i0.wp.com\\\/sayoh.com\\\/wp-content\\\/uploads\\\/2026\\\/02\\\/Wand-Satisfyer-white-1.jpg?fit=800%2C800&ssl=1\",\"width\":800,\"height\":800},{\"@type\":\"BreadcrumbList\",\"@id\":\"https:\\\/\\\/sayoh.com\\\/product\\\/satisfyer-double-wander\\\/#breadcrumb\",\"itemListElement\":[{\"@type\":\"ListItem\",\"position\":1,\"name\":\"Home\",\"item\":\"https:\\\/\\\/sayoh.com\\\/\"},{\"@type\":\"ListItem\",\"position\":2,\"name\":\"Shop\",\"item\":\"https:\\\/\\\/sayoh.com\\\/shop\\\/\"},{\"@type\":\"ListItem\",\"position\":3,\"name\":\"SATISFYER \u2013 Double Wander\"}]},{\"@type\":\"WebSite\",\"@id\":\"https:\\\/\\\/sayoh.com\\\/#website\",\"url\":\"https:\\\/\\\/sayoh.com\\\/\",\"name\":\"Say Oh\",\"description\":\"Playful, fun and safe sex\",\"publisher\":{\"@id\":\"https:\\\/\\\/sayoh.com\\\/#organization\"},\"potentialAction\":[{\"@type\":\"SearchAction\",\"target\":{\"@type\":\"EntryPoint\",\"urlTemplate\":\"https:\\\/\\\/sayoh.com\\\/?s={search_term_string}\"},\"query-input\":{\"@type\":\"PropertyValueSpecification\",\"valueRequired\":true,\"valueName\":\"search_term_string\"}}],\"inLanguage\":\"sv-SE\"},{\"@type\":\"Organization\",\"@id\":\"https:\\\/\\\/sayoh.com\\\/#organization\",\"name\":\"Say Oh\",\"url\":\"https:\\\/\\\/sayoh.com\\\/\",\"logo\":{\"@type\":\"ImageObject\",\"inLanguage\":\"sv-SE\",\"@id\":\"https:\\\/\\\/sayoh.com\\\/#\\\/schema\\\/logo\\\/image\\\/\",\"url\":\"https:\\\/\\\/i0.wp.com\\\/sayoh.com\\\/wp-content\\\/uploads\\\/2023\\\/11\\\/cropped-image_123650291.jpg?fit=512%2C512&ssl=1\",\"contentUrl\":\"https:\\\/\\\/i0.wp.com\\\/sayoh.com\\\/wp-content\\\/uploads\\\/2023\\\/11\\\/cropped-image_123650291.jpg?fit=512%2C512&ssl=1\",\"width\":512,\"height\":512,\"caption\":\"Say Oh\"},\"image\":{\"@id\":\"https:\\\/\\\/sayoh.com\\\/#\\\/schema\\\/logo\\\/image\\\/\"}}]}<\/script>\n<!-- \/ Yoast SEO Premium plugin. -->","yoast_head_json":{"title":"SATISFYER - Double Wander - SayOh","description":"Handla Satisfyer Double Wander - en dubbel stavvibrator tillverkad av kroppss\u00e4ker silikon med smidig kraft och m\u00e5ngsidig design.","robots":{"index":"index","follow":"follow","max-snippet":"max-snippet:-1","max-image-preview":"max-image-preview:large","max-video-preview":"max-video-preview:-1"},"canonical":"https:\/\/sayoh.com\/sv\/produkt\/satisfyer-dubbel-vandring\/","og_locale":"sv_SE","og_type":"article","og_title":"SATISFYER \u2013 Double Wander","og_description":"Shop the Satisfyer Double Wander \u2013 a double wand vibrator made from body-safe silicone with smooth power and versatile design.","og_url":"https:\/\/sayoh.com\/sv\/produkt\/satisfyer-dubbel-vandring\/","og_site_name":"SayOh","article_modified_time":"2026-02-12T23:24:21+00:00","og_image":[{"width":800,"height":800,"url":"https:\/\/sayoh.com\/wp-content\/uploads\/2026\/02\/Wand-Satisfyer-white-1.jpg","type":"image\/jpeg"}],"twitter_card":"summary_large_image","twitter_misc":{"Ber\u00e4knad l\u00e4stid":"2 minuter"},"schema":{"@context":"https:\/\/schema.org","@graph":[{"@type":"WebPage","@id":"https:\/\/sayoh.com\/product\/satisfyer-double-wander\/","url":"https:\/\/sayoh.com\/product\/satisfyer-double-wander\/","name":"SATISFYER - Double Wander - SayOh","isPartOf":{"@id":"https:\/\/sayoh.com\/#website"},"primaryImageOfPage":{"@id":"https:\/\/sayoh.com\/product\/satisfyer-double-wander\/#primaryimage"},"image":{"@id":"https:\/\/sayoh.com\/product\/satisfyer-double-wander\/#primaryimage"},"thumbnailUrl":"https:\/\/i0.wp.com\/sayoh.com\/wp-content\/uploads\/2026\/02\/Wand-Satisfyer-white-1.jpg?fit=800%2C800&ssl=1","datePublished":"2026-02-07T23:25:18+00:00","dateModified":"2026-02-12T23:24:21+00:00","description":"Handla Satisfyer Double Wander - en dubbel stavvibrator tillverkad av kroppss\u00e4ker silikon med smidig kraft och m\u00e5ngsidig design.","breadcrumb":{"@id":"https:\/\/sayoh.com\/product\/satisfyer-double-wander\/#breadcrumb"},"inLanguage":"sv-SE","potentialAction":[{"@type":"ReadAction","target":["https:\/\/sayoh.com\/product\/satisfyer-double-wander\/"]}]},{"@type":"ImageObject","inLanguage":"sv-SE","@id":"https:\/\/sayoh.com\/product\/satisfyer-double-wander\/#primaryimage","url":"https:\/\/i0.wp.com\/sayoh.com\/wp-content\/uploads\/2026\/02\/Wand-Satisfyer-white-1.jpg?fit=800%2C800&ssl=1","contentUrl":"https:\/\/i0.wp.com\/sayoh.com\/wp-content\/uploads\/2026\/02\/Wand-Satisfyer-white-1.jpg?fit=800%2C800&ssl=1","width":800,"height":800},{"@type":"BreadcrumbList","@id":"https:\/\/sayoh.com\/product\/satisfyer-double-wander\/#breadcrumb","itemListElement":[{"@type":"ListItem","position":1,"name":"Home","item":"https:\/\/sayoh.com\/"},{"@type":"ListItem","position":2,"name":"Shop","item":"https:\/\/sayoh.com\/shop\/"},{"@type":"ListItem","position":3,"name":"SATISFYER \u2013 Double Wander"}]},{"@type":"WebSite","@id":"https:\/\/sayoh.com\/#website","url":"https:\/\/sayoh.com\/","name":"S\u00e4g Oh","description":"Lekfullt, roligt och s\u00e4kert sex","publisher":{"@id":"https:\/\/sayoh.com\/#organization"},"potentialAction":[{"@type":"SearchAction","target":{"@type":"EntryPoint","urlTemplate":"https:\/\/sayoh.com\/?s={search_term_string}"},"query-input":{"@type":"PropertyValueSpecification","valueRequired":true,"valueName":"search_term_string"}}],"inLanguage":"sv-SE"},{"@type":"Organization","@id":"https:\/\/sayoh.com\/#organization","name":"S\u00e4g Oh","url":"https:\/\/sayoh.com\/","logo":{"@type":"ImageObject","inLanguage":"sv-SE","@id":"https:\/\/sayoh.com\/#\/schema\/logo\/image\/","url":"https:\/\/i0.wp.com\/sayoh.com\/wp-content\/uploads\/2023\/11\/cropped-image_123650291.jpg?fit=512%2C512&ssl=1","contentUrl":"https:\/\/i0.wp.com\/sayoh.com\/wp-content\/uploads\/2023\/11\/cropped-image_123650291.jpg?fit=512%2C512&ssl=1","width":512,"height":512,"caption":"Say Oh"},"image":{"@id":"https:\/\/sayoh.com\/#\/schema\/logo\/image\/"}}]}},"jetpack_publicize_connections":[],"jetpack_likes_enabled":true,"jetpack_sharing_enabled":true,"jetpack-related-posts":[{"id":30090,"url":"https:\/\/sayoh.com\/sv\/produkt\/satisfyer-partner-box\/","url_meta":{"origin":29350,"position":0},"title":"SATISFYER &#8211; PARTNER BOX","author":"Admin","date":"mars 2, 2026","format":false,"excerpt":"The SATISFYER - PARTNER BOX is a curated couples\u2019 gift set designed to bring more variety, connection, and excitement to shared intimate moments. Created by Satisfyer, this premium set combines two best-selling app-controlled products in one gift-ready box, making it an especially strong choice for couples who want to explore\u2026","rel":"","context":"Liknande inl\u00e4gg","block_context":{"text":"Liknande inl\u00e4gg","link":""},"img":{"alt_text":"","src":"https:\/\/i0.wp.com\/sayoh.com\/wp-content\/uploads\/2026\/03\/Satisfyer-partner-box.png?fit=800%2C800&ssl=1&resize=350%2C200","width":350,"height":200,"srcset":"https:\/\/i0.wp.com\/sayoh.com\/wp-content\/uploads\/2026\/03\/Satisfyer-partner-box.png?fit=800%2C800&ssl=1&resize=350%2C200 1x, https:\/\/i0.wp.com\/sayoh.com\/wp-content\/uploads\/2026\/03\/Satisfyer-partner-box.png?fit=800%2C800&ssl=1&resize=525%2C300 1.5x, https:\/\/i0.wp.com\/sayoh.com\/wp-content\/uploads\/2026\/03\/Satisfyer-partner-box.png?fit=800%2C800&ssl=1&resize=700%2C400 2x"},"classes":[]},{"id":29860,"url":"https:\/\/sayoh.com\/sv\/produkt\/satisfyer-legendary-duo-ring-vibrator\/","url_meta":{"origin":29350,"position":1},"title":"SATISFYER - LEGENDARISK DUO RINGVIBRATOR","author":"Admin","date":"februari 15, 2026","format":false,"excerpt":"SATISFYER - LEGENDARY DUO RING VIBRATOR \u00e4r ett partillbeh\u00f6r med dubbla motorer som utvecklats av Satisfyer. Denna ring \u00e4r utformad f\u00f6r att f\u00f6rb\u00e4ttra erektionens fasthet samtidigt som den ger riktade vibrationer f\u00f6r b\u00e5da parter och blandar flexibilitet, kraft och smart teknik i en kompakt form.","rel":"","context":"Liknande inl\u00e4gg","block_context":{"text":"Liknande inl\u00e4gg","link":""},"img":{"alt_text":"SATISFYER - LEGENDARY DUO RING VIBRATOR BLACK","src":"https:\/\/i0.wp.com\/sayoh.com\/wp-content\/uploads\/2026\/02\/SATISFYER-LEGENDARY-DUO-RING-VIBRATOR-BLACK.jpg?fit=800%2C800&ssl=1&resize=350%2C200","width":350,"height":200,"srcset":"https:\/\/i0.wp.com\/sayoh.com\/wp-content\/uploads\/2026\/02\/SATISFYER-LEGENDARY-DUO-RING-VIBRATOR-BLACK.jpg?fit=800%2C800&ssl=1&resize=350%2C200 1x, https:\/\/i0.wp.com\/sayoh.com\/wp-content\/uploads\/2026\/02\/SATISFYER-LEGENDARY-DUO-RING-VIBRATOR-BLACK.jpg?fit=800%2C800&ssl=1&resize=525%2C300 1.5x, https:\/\/i0.wp.com\/sayoh.com\/wp-content\/uploads\/2026\/02\/SATISFYER-LEGENDARY-DUO-RING-VIBRATOR-BLACK.jpg?fit=800%2C800&ssl=1&resize=700%2C400 2x"},"classes":[]},{"id":1908,"url":"https:\/\/sayoh.com\/sv\/produkt\/satisfyer-love-triangle\/","url_meta":{"origin":29350,"position":2},"title":"Satisfyer Love Triangle Air Pulse Stimulator &amp; Vibrator","author":"Admin","date":"februari 6, 2026","format":false,"excerpt":"Do you want a modern pleasure device that combines gentle stimulation with vibration? Then the Satisfyer Love Triangle Air Pulse Stimulator & Vibrator is an excellent choice. Designed by Satisfyer, this innovative device blends air pulse technology with vibration, offering a smooth, controlled, and deeply enjoyable experience.","rel":"","context":"Liknande inl\u00e4gg","block_context":{"text":"Liknande inl\u00e4gg","link":""},"img":{"alt_text":"Satisfyer Love Triangle","src":"https:\/\/i0.wp.com\/sayoh.com\/wp-content\/uploads\/2026\/02\/Satisfyer-Love-Triangle.png?fit=900%2C900&ssl=1&resize=350%2C200","width":350,"height":200,"srcset":"https:\/\/i0.wp.com\/sayoh.com\/wp-content\/uploads\/2026\/02\/Satisfyer-Love-Triangle.png?fit=900%2C900&ssl=1&resize=350%2C200 1x, https:\/\/i0.wp.com\/sayoh.com\/wp-content\/uploads\/2026\/02\/Satisfyer-Love-Triangle.png?fit=900%2C900&ssl=1&resize=525%2C300 1.5x, https:\/\/i0.wp.com\/sayoh.com\/wp-content\/uploads\/2026\/02\/Satisfyer-Love-Triangle.png?fit=900%2C900&ssl=1&resize=700%2C400 2x"},"classes":[]},{"id":1894,"url":"https:\/\/sayoh.com\/sv\/produkt\/satisfyer-ribbed-petal-g-point-remote-control\/","url_meta":{"origin":29350,"position":3},"title":"SATISFYER\u00ae - R\u00c4FFLAT KRONBLAD G PUNKT FJ\u00c4RRKONTROLL","author":"Admin","date":"februari 5, 2026","format":false,"excerpt":"Do you want focused stimulation with modern control and elegant design? Then the Satisfyer Ribbed Petal G Point Remote Control is an excellent choice. Designed by Satisfyer, this refined pleasure device combines ribbed texture, a petal-inspired shape, and remote control technology for smooth, controlled enjoyment.","rel":"","context":"Liknande inl\u00e4gg","block_context":{"text":"Liknande inl\u00e4gg","link":""},"img":{"alt_text":"Satisfyer Ribbed Petal G Point Remote Control","src":"https:\/\/i0.wp.com\/sayoh.com\/wp-content\/uploads\/2026\/02\/Satisfyer-Ribbed-Petal-G-Point-Remote-Control.jpg?fit=800%2C800&ssl=1&resize=350%2C200","width":350,"height":200,"srcset":"https:\/\/i0.wp.com\/sayoh.com\/wp-content\/uploads\/2026\/02\/Satisfyer-Ribbed-Petal-G-Point-Remote-Control.jpg?fit=800%2C800&ssl=1&resize=350%2C200 1x, https:\/\/i0.wp.com\/sayoh.com\/wp-content\/uploads\/2026\/02\/Satisfyer-Ribbed-Petal-G-Point-Remote-Control.jpg?fit=800%2C800&ssl=1&resize=525%2C300 1.5x, https:\/\/i0.wp.com\/sayoh.com\/wp-content\/uploads\/2026\/02\/Satisfyer-Ribbed-Petal-G-Point-Remote-Control.jpg?fit=800%2C800&ssl=1&resize=700%2C400 2x"},"classes":[]},{"id":1862,"url":"https:\/\/sayoh.com\/sv\/produkt\/satisfyer-curve-trinity-1-air-pulse-vibration\/","url_meta":{"origin":29350,"position":4},"title":"SATISFYER\u00ae - CURVE TRINITY 1 AIR PULSE VIBRATION","author":"Admin","date":"februari 5, 2026","format":false,"excerpt":"Vill du utforska intensiv njutning med modern design och avancerad teknik? D\u00e5 \u00e4r SATISFYER\u00ae Curve Trinity 1 Air Pulse Vibration ett utm\u00e4rkt val. Designad av Satisfyer, kombinerar denna eleganta n\u00f6jesenhet luftpulsteknik med vibrationer f\u00f6r att ge en djupt tillfredsst\u00e4llande och kontrollerad upplevelse.","rel":"","context":"Liknande inl\u00e4gg","block_context":{"text":"Liknande inl\u00e4gg","link":""},"img":{"alt_text":"Satisfyer Curve Trinity","src":"https:\/\/i0.wp.com\/sayoh.com\/wp-content\/uploads\/2026\/02\/Satisfyer.jpg?fit=800%2C800&ssl=1&resize=350%2C200","width":350,"height":200,"srcset":"https:\/\/i0.wp.com\/sayoh.com\/wp-content\/uploads\/2026\/02\/Satisfyer.jpg?fit=800%2C800&ssl=1&resize=350%2C200 1x, https:\/\/i0.wp.com\/sayoh.com\/wp-content\/uploads\/2026\/02\/Satisfyer.jpg?fit=800%2C800&ssl=1&resize=525%2C300 1.5x, https:\/\/i0.wp.com\/sayoh.com\/wp-content\/uploads\/2026\/02\/Satisfyer.jpg?fit=800%2C800&ssl=1&resize=700%2C400 2x"},"classes":[]},{"id":29480,"url":"https:\/\/sayoh.com\/sv\/produkt\/satisfyer-ultra-power-bullet-5-vibrator\/","url_meta":{"origin":29350,"position":5},"title":"SATISFYER - Ultra Power Bullet 5 Vibrator","author":"Admin","date":"februari 10, 2026","format":false,"excerpt":"The SATISFYER Ultra Power Bullet 5 is designed for users who want strong performance in a small and discreet format. Created by Satisfyer, this compact bullet vibrator focuses on power, simplicity, and ease of use. Its clean design and reliable performance make it a practical choice for everyday enjoyment.","rel":"","context":"Liknande inl\u00e4gg","block_context":{"text":"Liknande inl\u00e4gg","link":""},"img":{"alt_text":"Bullet Vibrator","src":"https:\/\/i0.wp.com\/sayoh.com\/wp-content\/uploads\/2026\/02\/Bullet-Vibrator.jpg?fit=800%2C800&ssl=1&resize=350%2C200","width":350,"height":200,"srcset":"https:\/\/i0.wp.com\/sayoh.com\/wp-content\/uploads\/2026\/02\/Bullet-Vibrator.jpg?fit=800%2C800&ssl=1&resize=350%2C200 1x, https:\/\/i0.wp.com\/sayoh.com\/wp-content\/uploads\/2026\/02\/Bullet-Vibrator.jpg?fit=800%2C800&ssl=1&resize=525%2C300 1.5x, https:\/\/i0.wp.com\/sayoh.com\/wp-content\/uploads\/2026\/02\/Bullet-Vibrator.jpg?fit=800%2C800&ssl=1&resize=700%2C400 2x"},"classes":[]}],"_links":{"self":[{"href":"https:\/\/sayoh.com\/sv\/wp-json\/wp\/v2\/product\/29350","targetHints":{"allow":["GET"]}}],"collection":[{"href":"https:\/\/sayoh.com\/sv\/wp-json\/wp\/v2\/product"}],"about":[{"href":"https:\/\/sayoh.com\/sv\/wp-json\/wp\/v2\/types\/product"}],"replies":[{"embeddable":true,"href":"https:\/\/sayoh.com\/sv\/wp-json\/wp\/v2\/comments?post=29350"}],"version-history":[{"count":0,"href":"https:\/\/sayoh.com\/sv\/wp-json\/wp\/v2\/product\/29350\/revisions"}],"wp:featuredmedia":[{"embeddable":true,"href":"https:\/\/sayoh.com\/sv\/wp-json\/wp\/v2\/media\/29351"}],"wp:attachment":[{"href":"https:\/\/sayoh.com\/sv\/wp-json\/wp\/v2\/media?parent=29350"}],"wp:term":[{"taxonomy":"product_brand","embeddable":true,"href":"https:\/\/sayoh.com\/sv\/wp-json\/wp\/v2\/product_brand?post=29350"},{"taxonomy":"product_cat","embeddable":true,"href":"https:\/\/sayoh.com\/sv\/wp-json\/wp\/v2\/product_cat?post=29350"},{"taxonomy":"product_tag","embeddable":true,"href":"https:\/\/sayoh.com\/sv\/wp-json\/wp\/v2\/product_tag?post=29350"}],"curies":[{"name":"wp","href":"https:\/\/api.w.org\/{rel}","templated":true}]}}