{"id":29980,"date":"2026-02-17T23:21:59","date_gmt":"2026-02-17T22:21:59","guid":{"rendered":"https:\/\/sayoh.com\/?post_type=product&#038;p=29980"},"modified":"2026-02-17T23:22:01","modified_gmt":"2026-02-17T22:22:01","slug":"baile-storre-man-tillbaka-med-vibration","status":"publish","type":"product","link":"https:\/\/sayoh.com\/sv\/produkt\/baile-storre-man-tillbaka-med-vibration\/","title":{"rendered":"BAILE - ST\u00d6RRE MAN TILLBAKA MED VIBRATIONER"},"content":{"rendered":"<h2 data-start=\"183\" data-end=\"225\">Baile Bigger Man Masturbator med dubbla ing\u00e5ngar<\/h2>\n<p data-start=\"227\" data-end=\"507\">BAILE - BIGGER MAN BACK WITH VIBRATION \u00e4r en masturbator med full struktur som \u00e4r utformad f\u00f6r att kombinera djup, realistisk formning och integrerad vibration. Utvecklad av <span class=\"hover:entity-accent entity-underline inline cursor-pointer align-baseline\"><span class=\"whitespace-normal\">Baile<\/span><\/span>, erbjuder denna modell dubbla inmatningsfunktioner i ett viktat och rej\u00e4lt format.<\/p>\n<p data-start=\"509\" data-end=\"745\">Baile bigger man har detaljerad yttre skulptering och tv\u00e5 distinkta inre kanaler, vilket g\u00f6r det m\u00f6jligt f\u00f6r anv\u00e4ndare att utforska olika k\u00e4nslor i en enda enhet. Dess solida bas f\u00f6rb\u00e4ttrar stabiliteten och st\u00f6der kontrollerade och uppslukande sessioner.<\/p>\n<h2 data-start=\"747\" data-end=\"790\">Dubbla ing\u00e5ngar och strukturerad inre textur<\/h2>\n<p data-start=\"792\" data-end=\"1017\">Denna modell har b\u00e5de vaginala och anala ing\u00e5ngar, som alla leder till unikt formade inre kammare. Kanalens detaljer har \u00e5sar och formning som \u00e4r avsedda att skapa skiktad kontakt fr\u00e5n ing\u00e5ng till bas.<\/p>\n<p data-start=\"1019\" data-end=\"1239\">Eftersom varje kanal skiljer sig \u00e5t i struktur och motst\u00e5nd erbjuder baile bigger man variation utan att kr\u00e4va flera produkter. Formatet i full storlek \u00f6kar djupet samtidigt som det ger en balanserad och l\u00e4tthanterlig design.<\/p>\n<h2 data-start=\"1241\" data-end=\"1284\">Integrerad vibration f\u00f6r \u00f6kad intensitet<\/h2>\n<p data-start=\"1286\" data-end=\"1479\">Denna enhet \u00e4r utrustad med en avtagbar vibrerande kula och har justerbara intensitetsniv\u00e5er. Vibrationerna f\u00f6rst\u00e4rker den inre stimuleringen samtidigt som de f\u00f6rdelas j\u00e4mnt \u00f6ver hela hylsan.<\/p>\n<p data-start=\"1481\" data-end=\"1639\">Baile bigger man g\u00f6r det m\u00f6jligt f\u00f6r anv\u00e4ndare att kombinera texturerad k\u00e4nsla med kontrollerad vibration, vilket ger en skiktad upplevelse som k\u00e4nns v\u00e4sentlig men \u00e4nd\u00e5 raffinerad.<\/p>\n<h2 data-start=\"1641\" data-end=\"1685\">Kroppss\u00e4ker silikon och t\u00e5lig konstruktion<\/h2>\n<p data-start=\"1687\" data-end=\"1899\">Ytan \u00e4r tillverkad av kroppss\u00e4ker silikon d\u00e4r s\u00e5 \u00e4r till\u00e4mpligt och \u00e4r sl\u00e4t, flexibel och icke-por\u00f6s f\u00f6r enklare underh\u00e5ll. Med r\u00e4tt reng\u00f6ring och sk\u00f6tsel bibeh\u00e5ller materialet sin h\u00e5llbarhet och strukturella integritet.<\/p>\n<p data-start=\"1901\" data-end=\"2020\">Den viktade konstruktionen s\u00e4kerst\u00e4ller stabilitet under anv\u00e4ndning, medan det kompakta fotavtrycket m\u00f6jligg\u00f6r diskret f\u00f6rvaring n\u00e4r det inte anv\u00e4nds.<\/p>\n<hr data-start=\"2022\" data-end=\"2025\" \/>\n<h2 data-start=\"2027\" data-end=\"2042\">Viktiga funktioner<\/h2>\n<ul data-start=\"2044\" data-end=\"2296\">\n<li data-start=\"2044\" data-end=\"2086\">\n<p data-start=\"2046\" data-end=\"2086\">Design med dubbla ing\u00e5ngar f\u00f6r varierad k\u00e4nsla<\/p>\n<\/li>\n<li data-start=\"2087\" data-end=\"2117\">\n<p data-start=\"2089\" data-end=\"2117\">Avtagbar vibrerande kula<\/p>\n<\/li>\n<li data-start=\"2118\" data-end=\"2152\">\n<p data-start=\"2120\" data-end=\"2152\">Flera vibrationsintensiteter<\/p>\n<\/li>\n<li data-start=\"2153\" data-end=\"2205\">\n<p data-start=\"2155\" data-end=\"2205\">Tillverkad av kroppss\u00e4ker silikon d\u00e4r s\u00e5 \u00e4r till\u00e4mpligt<\/p>\n<\/li>\n<li data-start=\"2206\" data-end=\"2238\">\n<p data-start=\"2208\" data-end=\"2238\">Porfri och l\u00e4tt att reng\u00f6ra<\/p>\n<\/li>\n<li data-start=\"2239\" data-end=\"2270\">\n<p data-start=\"2241\" data-end=\"2270\">Viktad bas f\u00f6r stabilitet<\/p>\n<\/li>\n<li data-start=\"2271\" data-end=\"2296\">\n<p data-start=\"2273\" data-end=\"2296\">Utformad f\u00f6r soloanv\u00e4ndning<\/p>\n<\/li>\n<\/ul>","protected":false},"excerpt":{"rendered":"<p data-start=\"227\" data-end=\"507\">BAILE - BIGGER MAN BACK WITH VIBRATION \u00e4r en masturbator med full struktur som \u00e4r utformad f\u00f6r att kombinera djup, realistisk formning och integrerad vibration. Utvecklad av <span class=\"hover:entity-accent entity-underline inline cursor-pointer align-baseline\"><span class=\"whitespace-normal\">Baile<\/span><\/span>, erbjuder denna modell dubbla inmatningsfunktioner i ett viktat och rej\u00e4lt format.<\/p>","protected":false},"featured_media":29982,"comment_status":"open","ping_status":"closed","template":"","meta":{"_crdt_document":"","_monsterinsights_skip_tracking":false,"_monsterinsights_sitenote_active":false,"_monsterinsights_sitenote_note":"","_monsterinsights_sitenote_category":0,"jetpack_publicize_message":"","jetpack_publicize_feature_enabled":true,"jetpack_social_post_already_shared":true,"jetpack_social_options":{"image_generator_settings":{"template":"highway","default_image_id":0,"font":"","enabled":false},"version":2},"_wpas_customize_per_network":false},"product_brand":[1596],"product_cat":[1551,1483,1580,1463],"product_tag":[1582,1581,1467,1585],"class_list":{"0":"post-29980","1":"product","2":"type-product","3":"status-publish","4":"has-post-thumbnail","6":"product_brand-baile","7":"product_cat-anal-masturbators","8":"product_cat-dolls","9":"product_cat-lgbt","10":"product_cat-men","11":"product_tag-gay","12":"product_tag-lgbt","13":"product_tag-masturbator","14":"product_tag-penis","16":"first","17":"instock","18":"taxable","19":"shipping-taxable","20":"purchasable","21":"product-type-simple"},"yoast_head":"<!-- This site is optimized with the Yoast SEO Premium plugin v27.1 (Yoast SEO v27.4) - https:\/\/yoast.com\/product\/yoast-seo-premium-wordpress\/ -->\n<title>BAILE - BIGGER MAN BACK WITH VIBRATION - SayOh<\/title>\n<meta name=\"robots\" content=\"index, follow, max-snippet:-1, max-image-preview:large, max-video-preview:-1\" \/>\n<link rel=\"canonical\" href=\"https:\/\/sayoh.com\/sv\/produkt\/baile-storre-man-tillbaka-med-vibration\/\" \/>\n<meta property=\"og:locale\" content=\"sv_SE\" \/>\n<meta property=\"og:type\" content=\"article\" \/>\n<meta property=\"og:title\" content=\"BAILE - BIGGER MAN BACK WITH VIBRATION\" \/>\n<meta property=\"og:description\" content=\"The BAILE - BIGGER MAN BACK WITH VIBRATION is a full-structure masturbator designed to combine depth, realistic shaping, and integrated vibration. Developed by Baile, this model offers dual-entry functionality within a weighted, substantial format.\" \/>\n<meta property=\"og:url\" content=\"https:\/\/sayoh.com\/sv\/produkt\/baile-storre-man-tillbaka-med-vibration\/\" \/>\n<meta property=\"og:site_name\" content=\"SayOh\" \/>\n<meta property=\"article:modified_time\" content=\"2026-02-17T22:22:01+00:00\" \/>\n<meta property=\"og:image\" content=\"https:\/\/sayoh.com\/wp-content\/uploads\/2026\/02\/baile-bigger-man.jpg\" \/>\n\t<meta property=\"og:image:width\" content=\"800\" \/>\n\t<meta property=\"og:image:height\" content=\"800\" \/>\n\t<meta property=\"og:image:type\" content=\"image\/jpeg\" \/>\n<meta name=\"twitter:card\" content=\"summary_large_image\" \/>\n<meta name=\"twitter:label1\" content=\"Ber\u00e4knad l\u00e4stid\" \/>\n\t<meta name=\"twitter:data1\" content=\"2 minuter\" \/>\n<script type=\"application\/ld+json\" class=\"yoast-schema-graph\">{\"@context\":\"https:\\\/\\\/schema.org\",\"@graph\":[{\"@type\":\"WebPage\",\"@id\":\"https:\\\/\\\/sayoh.com\\\/product\\\/baile-bigger-man-back-with-vibration\\\/\",\"url\":\"https:\\\/\\\/sayoh.com\\\/product\\\/baile-bigger-man-back-with-vibration\\\/\",\"name\":\"BAILE - BIGGER MAN BACK WITH VIBRATION - SayOh\",\"isPartOf\":{\"@id\":\"https:\\\/\\\/sayoh.com\\\/#website\"},\"primaryImageOfPage\":{\"@id\":\"https:\\\/\\\/sayoh.com\\\/product\\\/baile-bigger-man-back-with-vibration\\\/#primaryimage\"},\"image\":{\"@id\":\"https:\\\/\\\/sayoh.com\\\/product\\\/baile-bigger-man-back-with-vibration\\\/#primaryimage\"},\"thumbnailUrl\":\"https:\\\/\\\/i0.wp.com\\\/sayoh.com\\\/wp-content\\\/uploads\\\/2026\\\/02\\\/baile-bigger-man.jpg?fit=800%2C800&ssl=1\",\"datePublished\":\"2026-02-17T22:21:59+00:00\",\"dateModified\":\"2026-02-17T22:22:01+00:00\",\"breadcrumb\":{\"@id\":\"https:\\\/\\\/sayoh.com\\\/product\\\/baile-bigger-man-back-with-vibration\\\/#breadcrumb\"},\"inLanguage\":\"sv-SE\",\"potentialAction\":[{\"@type\":\"ReadAction\",\"target\":[\"https:\\\/\\\/sayoh.com\\\/product\\\/baile-bigger-man-back-with-vibration\\\/\"]}]},{\"@type\":\"ImageObject\",\"inLanguage\":\"sv-SE\",\"@id\":\"https:\\\/\\\/sayoh.com\\\/product\\\/baile-bigger-man-back-with-vibration\\\/#primaryimage\",\"url\":\"https:\\\/\\\/i0.wp.com\\\/sayoh.com\\\/wp-content\\\/uploads\\\/2026\\\/02\\\/baile-bigger-man.jpg?fit=800%2C800&ssl=1\",\"contentUrl\":\"https:\\\/\\\/i0.wp.com\\\/sayoh.com\\\/wp-content\\\/uploads\\\/2026\\\/02\\\/baile-bigger-man.jpg?fit=800%2C800&ssl=1\",\"width\":800,\"height\":800,\"caption\":\"baile bigger man\"},{\"@type\":\"BreadcrumbList\",\"@id\":\"https:\\\/\\\/sayoh.com\\\/product\\\/baile-bigger-man-back-with-vibration\\\/#breadcrumb\",\"itemListElement\":[{\"@type\":\"ListItem\",\"position\":1,\"name\":\"Home\",\"item\":\"https:\\\/\\\/sayoh.com\\\/\"},{\"@type\":\"ListItem\",\"position\":2,\"name\":\"Shop\",\"item\":\"https:\\\/\\\/sayoh.com\\\/shop\\\/\"},{\"@type\":\"ListItem\",\"position\":3,\"name\":\"BAILE &#8211; BIGGER MAN BACK WITH VIBRATION\"}]},{\"@type\":\"WebSite\",\"@id\":\"https:\\\/\\\/sayoh.com\\\/#website\",\"url\":\"https:\\\/\\\/sayoh.com\\\/\",\"name\":\"Say Oh\",\"description\":\"Playful, fun and safe sex\",\"publisher\":{\"@id\":\"https:\\\/\\\/sayoh.com\\\/#organization\"},\"potentialAction\":[{\"@type\":\"SearchAction\",\"target\":{\"@type\":\"EntryPoint\",\"urlTemplate\":\"https:\\\/\\\/sayoh.com\\\/?s={search_term_string}\"},\"query-input\":{\"@type\":\"PropertyValueSpecification\",\"valueRequired\":true,\"valueName\":\"search_term_string\"}}],\"inLanguage\":\"sv-SE\"},{\"@type\":\"Organization\",\"@id\":\"https:\\\/\\\/sayoh.com\\\/#organization\",\"name\":\"Say Oh\",\"url\":\"https:\\\/\\\/sayoh.com\\\/\",\"logo\":{\"@type\":\"ImageObject\",\"inLanguage\":\"sv-SE\",\"@id\":\"https:\\\/\\\/sayoh.com\\\/#\\\/schema\\\/logo\\\/image\\\/\",\"url\":\"https:\\\/\\\/i0.wp.com\\\/sayoh.com\\\/wp-content\\\/uploads\\\/2023\\\/11\\\/cropped-image_123650291.jpg?fit=512%2C512&ssl=1\",\"contentUrl\":\"https:\\\/\\\/i0.wp.com\\\/sayoh.com\\\/wp-content\\\/uploads\\\/2023\\\/11\\\/cropped-image_123650291.jpg?fit=512%2C512&ssl=1\",\"width\":512,\"height\":512,\"caption\":\"Say Oh\"},\"image\":{\"@id\":\"https:\\\/\\\/sayoh.com\\\/#\\\/schema\\\/logo\\\/image\\\/\"}}]}<\/script>\n<!-- \/ Yoast SEO Premium plugin. -->","yoast_head_json":{"title":"BAILE - ST\u00d6RRE MAN TILLBAKA MED VIBRATION - SayOh","robots":{"index":"index","follow":"follow","max-snippet":"max-snippet:-1","max-image-preview":"max-image-preview:large","max-video-preview":"max-video-preview:-1"},"canonical":"https:\/\/sayoh.com\/sv\/produkt\/baile-storre-man-tillbaka-med-vibration\/","og_locale":"sv_SE","og_type":"article","og_title":"BAILE - BIGGER MAN BACK WITH VIBRATION","og_description":"The BAILE - BIGGER MAN BACK WITH VIBRATION is a full-structure masturbator designed to combine depth, realistic shaping, and integrated vibration. Developed by Baile, this model offers dual-entry functionality within a weighted, substantial format.","og_url":"https:\/\/sayoh.com\/sv\/produkt\/baile-storre-man-tillbaka-med-vibration\/","og_site_name":"SayOh","article_modified_time":"2026-02-17T22:22:01+00:00","og_image":[{"width":800,"height":800,"url":"https:\/\/sayoh.com\/wp-content\/uploads\/2026\/02\/baile-bigger-man.jpg","type":"image\/jpeg"}],"twitter_card":"summary_large_image","twitter_misc":{"Ber\u00e4knad l\u00e4stid":"2 minuter"},"schema":{"@context":"https:\/\/schema.org","@graph":[{"@type":"WebPage","@id":"https:\/\/sayoh.com\/product\/baile-bigger-man-back-with-vibration\/","url":"https:\/\/sayoh.com\/product\/baile-bigger-man-back-with-vibration\/","name":"BAILE - ST\u00d6RRE MAN TILLBAKA MED VIBRATION - SayOh","isPartOf":{"@id":"https:\/\/sayoh.com\/#website"},"primaryImageOfPage":{"@id":"https:\/\/sayoh.com\/product\/baile-bigger-man-back-with-vibration\/#primaryimage"},"image":{"@id":"https:\/\/sayoh.com\/product\/baile-bigger-man-back-with-vibration\/#primaryimage"},"thumbnailUrl":"https:\/\/i0.wp.com\/sayoh.com\/wp-content\/uploads\/2026\/02\/baile-bigger-man.jpg?fit=800%2C800&ssl=1","datePublished":"2026-02-17T22:21:59+00:00","dateModified":"2026-02-17T22:22:01+00:00","breadcrumb":{"@id":"https:\/\/sayoh.com\/product\/baile-bigger-man-back-with-vibration\/#breadcrumb"},"inLanguage":"sv-SE","potentialAction":[{"@type":"ReadAction","target":["https:\/\/sayoh.com\/product\/baile-bigger-man-back-with-vibration\/"]}]},{"@type":"ImageObject","inLanguage":"sv-SE","@id":"https:\/\/sayoh.com\/product\/baile-bigger-man-back-with-vibration\/#primaryimage","url":"https:\/\/i0.wp.com\/sayoh.com\/wp-content\/uploads\/2026\/02\/baile-bigger-man.jpg?fit=800%2C800&ssl=1","contentUrl":"https:\/\/i0.wp.com\/sayoh.com\/wp-content\/uploads\/2026\/02\/baile-bigger-man.jpg?fit=800%2C800&ssl=1","width":800,"height":800,"caption":"baile bigger man"},{"@type":"BreadcrumbList","@id":"https:\/\/sayoh.com\/product\/baile-bigger-man-back-with-vibration\/#breadcrumb","itemListElement":[{"@type":"ListItem","position":1,"name":"Home","item":"https:\/\/sayoh.com\/"},{"@type":"ListItem","position":2,"name":"Shop","item":"https:\/\/sayoh.com\/shop\/"},{"@type":"ListItem","position":3,"name":"BAILE &#8211; BIGGER MAN BACK WITH VIBRATION"}]},{"@type":"WebSite","@id":"https:\/\/sayoh.com\/#website","url":"https:\/\/sayoh.com\/","name":"S\u00e4g Oh","description":"Lekfullt, roligt och s\u00e4kert sex","publisher":{"@id":"https:\/\/sayoh.com\/#organization"},"potentialAction":[{"@type":"SearchAction","target":{"@type":"EntryPoint","urlTemplate":"https:\/\/sayoh.com\/?s={search_term_string}"},"query-input":{"@type":"PropertyValueSpecification","valueRequired":true,"valueName":"search_term_string"}}],"inLanguage":"sv-SE"},{"@type":"Organization","@id":"https:\/\/sayoh.com\/#organization","name":"S\u00e4g Oh","url":"https:\/\/sayoh.com\/","logo":{"@type":"ImageObject","inLanguage":"sv-SE","@id":"https:\/\/sayoh.com\/#\/schema\/logo\/image\/","url":"https:\/\/i0.wp.com\/sayoh.com\/wp-content\/uploads\/2023\/11\/cropped-image_123650291.jpg?fit=512%2C512&ssl=1","contentUrl":"https:\/\/i0.wp.com\/sayoh.com\/wp-content\/uploads\/2023\/11\/cropped-image_123650291.jpg?fit=512%2C512&ssl=1","width":512,"height":512,"caption":"Say Oh"},"image":{"@id":"https:\/\/sayoh.com\/#\/schema\/logo\/image\/"}}]}},"jetpack_publicize_connections":[],"jetpack_likes_enabled":true,"jetpack_sharing_enabled":true,"jetpack-related-posts":[{"id":29991,"url":"https:\/\/sayoh.com\/sv\/produkt\/crazy-bull-realistisk-vagina-och-anus-med-vibrationsstallning\/","url_meta":{"origin":29980,"position":0},"title":"CRAZY BULL - REALISTISK VAGINA OCH ANUS MED VIBRATIONSST\u00c4LLNING","author":"Admin","date":"februari 17, 2026","format":false,"excerpt":"CRAZY BULL - REALISTISK VAGINA OCH ANUS MED VIBRATIONSPOSITION \u00e4r en masturbator med dubbla ing\u00e5ngar utvecklad av Crazy Bull, utformad f\u00f6r att kombinera realistisk formning med integrerad vibration. Dess skulpterade form och stabila positioneringsbas skapar en mer uppslukande och visuellt engagerande upplevelse.","rel":"","context":"Liknande inl\u00e4gg","block_context":{"text":"Liknande inl\u00e4gg","link":""},"img":{"alt_text":"crazy bull vibrating masturbator","src":"https:\/\/i0.wp.com\/sayoh.com\/wp-content\/uploads\/2026\/02\/crazy-bull-vibrating-masturbator-1.jpg?fit=800%2C800&ssl=1&resize=350%2C200","width":350,"height":200,"srcset":"https:\/\/i0.wp.com\/sayoh.com\/wp-content\/uploads\/2026\/02\/crazy-bull-vibrating-masturbator-1.jpg?fit=800%2C800&ssl=1&resize=350%2C200 1x, https:\/\/i0.wp.com\/sayoh.com\/wp-content\/uploads\/2026\/02\/crazy-bull-vibrating-masturbator-1.jpg?fit=800%2C800&ssl=1&resize=525%2C300 1.5x, https:\/\/i0.wp.com\/sayoh.com\/wp-content\/uploads\/2026\/02\/crazy-bull-vibrating-masturbator-1.jpg?fit=800%2C800&ssl=1&resize=700%2C400 2x"},"classes":[]},{"id":29967,"url":"https:\/\/sayoh.com\/sv\/produkt\/galen-bull-butt-med-realistisk-vagina-och-anus-och-vibrationer\/","url_meta":{"origin":29980,"position":1},"title":"CRAZY BULL - RUMPA MED REALISTISK VAGINA OCH ANUS OCH VIBRATION","author":"Admin","date":"februari 17, 2026","format":false,"excerpt":"CRAZY BULL - BUTT MED REALISTISK VAGINA OCH ANUS OCH VIBRATION \u00e4r en masturbator med dubbla ing\u00e5ngar som \u00e4r utformad f\u00f6r att leverera varierad textur och integrerad vibration i ett kompakt format. Modellen \u00e4r utvecklad av Crazy Bull och kombinerar realistiska yttre detaljer med en skiktad inre struktur f\u00f6r en mer omslutande upplevelse.","rel":"","context":"Liknande inl\u00e4gg","block_context":{"text":"Liknande inl\u00e4gg","link":""},"img":{"alt_text":"crazy bull vibrating masturbator","src":"https:\/\/i0.wp.com\/sayoh.com\/wp-content\/uploads\/2026\/02\/crazy-bull-vibrating-masturbator.jpg?fit=800%2C800&ssl=1&resize=350%2C200","width":350,"height":200,"srcset":"https:\/\/i0.wp.com\/sayoh.com\/wp-content\/uploads\/2026\/02\/crazy-bull-vibrating-masturbator.jpg?fit=800%2C800&ssl=1&resize=350%2C200 1x, https:\/\/i0.wp.com\/sayoh.com\/wp-content\/uploads\/2026\/02\/crazy-bull-vibrating-masturbator.jpg?fit=800%2C800&ssl=1&resize=525%2C300 1.5x, https:\/\/i0.wp.com\/sayoh.com\/wp-content\/uploads\/2026\/02\/crazy-bull-vibrating-masturbator.jpg?fit=800%2C800&ssl=1&resize=700%2C400 2x"},"classes":[]},{"id":29955,"url":"https:\/\/sayoh.com\/sv\/produkt\/baile-passion-lady-ii-blomma-vagina-och-anus\/","url_meta":{"origin":29980,"position":2},"title":"BAILE - PASSION LADY II BLOMMA VAGINA OCH ANUS","author":"Admin","date":"februari 17, 2026","format":false,"excerpt":"BAILE - PASSION LADY II FLOWER VAGINA AND ANUS \u00e4r en masturbator med dubbla ing\u00e5ngar som \u00e4r utformad f\u00f6r att leverera varierad inre textur i ett kompakt och diskret format. Modellen \u00e4r utvecklad av Baile och har tv\u00e5 distinkta ing\u00e5ngar f\u00f6r att erbjuda olika sensationer i en sammanh\u00e4ngande design.","rel":"","context":"Liknande inl\u00e4gg","block_context":{"text":"Liknande inl\u00e4gg","link":""},"img":{"alt_text":"baile passion lady ii","src":"https:\/\/i0.wp.com\/sayoh.com\/wp-content\/uploads\/2026\/02\/baile-passion-lady-ii.jpg?fit=730%2C730&ssl=1&resize=350%2C200","width":350,"height":200,"srcset":"https:\/\/i0.wp.com\/sayoh.com\/wp-content\/uploads\/2026\/02\/baile-passion-lady-ii.jpg?fit=730%2C730&ssl=1&resize=350%2C200 1x, https:\/\/i0.wp.com\/sayoh.com\/wp-content\/uploads\/2026\/02\/baile-passion-lady-ii.jpg?fit=730%2C730&ssl=1&resize=525%2C300 1.5x, https:\/\/i0.wp.com\/sayoh.com\/wp-content\/uploads\/2026\/02\/baile-passion-lady-ii.jpg?fit=730%2C730&ssl=1&resize=700%2C400 2x"},"classes":[]},{"id":30145,"url":"https:\/\/sayoh.com\/sv\/produkt\/baile-passion-lady-3d-vagina-masturbator\/","url_meta":{"origin":29980,"position":3},"title":"BAILE - PASSION LADY 3D VAGINA MASTURBATOR","author":"Admin","date":"mars 2, 2026","format":false,"excerpt":"The Baile Passion Lady 3D Vagina Masturbator features two separate textured tunnels and a built-in multi-speed vibrating motor. Choose your sensation, dial up the intensity, and enjoy a lifelike experience that keeps surprising you.","rel":"","context":"Liknande inl\u00e4gg","block_context":{"text":"Liknande inl\u00e4gg","link":""},"img":{"alt_text":"BAILE \u2013 PASSION LADY 3D VAGINA MASTURBATOR","src":"https:\/\/i0.wp.com\/sayoh.com\/wp-content\/uploads\/2026\/03\/img_55894_7ee5e3c69ca4e92fae23ad3b875d1f7f_1.jpg?fit=800%2C800&ssl=1&resize=350%2C200","width":350,"height":200,"srcset":"https:\/\/i0.wp.com\/sayoh.com\/wp-content\/uploads\/2026\/03\/img_55894_7ee5e3c69ca4e92fae23ad3b875d1f7f_1.jpg?fit=800%2C800&ssl=1&resize=350%2C200 1x, https:\/\/i0.wp.com\/sayoh.com\/wp-content\/uploads\/2026\/03\/img_55894_7ee5e3c69ca4e92fae23ad3b875d1f7f_1.jpg?fit=800%2C800&ssl=1&resize=525%2C300 1.5x, https:\/\/i0.wp.com\/sayoh.com\/wp-content\/uploads\/2026\/03\/img_55894_7ee5e3c69ca4e92fae23ad3b875d1f7f_1.jpg?fit=800%2C800&ssl=1&resize=700%2C400 2x"},"classes":[]},{"id":29641,"url":"https:\/\/sayoh.com\/sv\/produkt\/fleshjack-masturbator-with-testicles\/","url_meta":{"origin":29980,"position":4},"title":"FLESHJACK - ONANIST MED TESTIKLAR","author":"Admin","date":"februari 12, 2026","format":false,"excerpt":"The FLESHJACK - MASTURBATOR WITH TESTICLES is a bold release from Fleshjack, created to deliver realism, weight, and structured internal sensation. Designed with a sculpted anatomical entrance and detailed base, this piece offers a more grounded and visually authentic format.","rel":"","context":"Liknande inl\u00e4gg","block_context":{"text":"Liknande inl\u00e4gg","link":""},"img":{"alt_text":"FLESHJACK - MASTURBATOR WITH TESTICLES","src":"https:\/\/i0.wp.com\/sayoh.com\/wp-content\/uploads\/2026\/02\/FLESHJACK-MASTURBATOR-WITH-TESTICLES.jpg?fit=900%2C900&ssl=1&resize=350%2C200","width":350,"height":200,"srcset":"https:\/\/i0.wp.com\/sayoh.com\/wp-content\/uploads\/2026\/02\/FLESHJACK-MASTURBATOR-WITH-TESTICLES.jpg?fit=900%2C900&ssl=1&resize=350%2C200 1x, https:\/\/i0.wp.com\/sayoh.com\/wp-content\/uploads\/2026\/02\/FLESHJACK-MASTURBATOR-WITH-TESTICLES.jpg?fit=900%2C900&ssl=1&resize=525%2C300 1.5x, https:\/\/i0.wp.com\/sayoh.com\/wp-content\/uploads\/2026\/02\/FLESHJACK-MASTURBATOR-WITH-TESTICLES.jpg?fit=900%2C900&ssl=1&resize=700%2C400 2x"},"classes":[]},{"id":29654,"url":"https:\/\/sayoh.com\/sv\/produkt\/fleshjack-brent-corrigan-anal-masturbator\/","url_meta":{"origin":29980,"position":5},"title":"FLESHJACK - BRENT CORRIGAN ANAL MASTURBATOR","author":"Admin","date":"februari 12, 2026","format":false,"excerpt":"The FLESHJACK - BRENT CORRIGAN ANAL MASTURBATOR is an officially licensed release from Fleshjack, developed in collaboration with Brent Corrigan. This model is crafted as a detailed anal replica, offering authenticity, structured internal design, and premium construction.","rel":"","context":"Liknande inl\u00e4gg","block_context":{"text":"Liknande inl\u00e4gg","link":""},"img":{"alt_text":"brent corrigan fleshjack","src":"https:\/\/i0.wp.com\/sayoh.com\/wp-content\/uploads\/2026\/02\/brent-corrigan-fleshjack.jpeg?fit=800%2C800&ssl=1&resize=350%2C200","width":350,"height":200,"srcset":"https:\/\/i0.wp.com\/sayoh.com\/wp-content\/uploads\/2026\/02\/brent-corrigan-fleshjack.jpeg?fit=800%2C800&ssl=1&resize=350%2C200 1x, https:\/\/i0.wp.com\/sayoh.com\/wp-content\/uploads\/2026\/02\/brent-corrigan-fleshjack.jpeg?fit=800%2C800&ssl=1&resize=525%2C300 1.5x, https:\/\/i0.wp.com\/sayoh.com\/wp-content\/uploads\/2026\/02\/brent-corrigan-fleshjack.jpeg?fit=800%2C800&ssl=1&resize=700%2C400 2x"},"classes":[]}],"_links":{"self":[{"href":"https:\/\/sayoh.com\/sv\/wp-json\/wp\/v2\/product\/29980","targetHints":{"allow":["GET"]}}],"collection":[{"href":"https:\/\/sayoh.com\/sv\/wp-json\/wp\/v2\/product"}],"about":[{"href":"https:\/\/sayoh.com\/sv\/wp-json\/wp\/v2\/types\/product"}],"replies":[{"embeddable":true,"href":"https:\/\/sayoh.com\/sv\/wp-json\/wp\/v2\/comments?post=29980"}],"version-history":[{"count":0,"href":"https:\/\/sayoh.com\/sv\/wp-json\/wp\/v2\/product\/29980\/revisions"}],"wp:featuredmedia":[{"embeddable":true,"href":"https:\/\/sayoh.com\/sv\/wp-json\/wp\/v2\/media\/29982"}],"wp:attachment":[{"href":"https:\/\/sayoh.com\/sv\/wp-json\/wp\/v2\/media?parent=29980"}],"wp:term":[{"taxonomy":"product_brand","embeddable":true,"href":"https:\/\/sayoh.com\/sv\/wp-json\/wp\/v2\/product_brand?post=29980"},{"taxonomy":"product_cat","embeddable":true,"href":"https:\/\/sayoh.com\/sv\/wp-json\/wp\/v2\/product_cat?post=29980"},{"taxonomy":"product_tag","embeddable":true,"href":"https:\/\/sayoh.com\/sv\/wp-json\/wp\/v2\/product_tag?post=29980"}],"curies":[{"name":"wp","href":"https:\/\/api.w.org\/{rel}","templated":true}]}}