{"id":30247,"date":"2026-03-03T09:25:38","date_gmt":"2026-03-03T08:25:38","guid":{"rendered":"https:\/\/sayoh.com\/?post_type=product&#038;p=30247"},"modified":"2026-03-09T09:06:25","modified_gmt":"2026-03-09T08:06:25","slug":"addicted-toys-large-anal-dilator-13-cm-transparent","status":"publish","type":"product","link":"https:\/\/sayoh.com\/sv\/produkt\/addicted-toys-large-anal-dilator-13-cm-transparent\/","title":{"rendered":"ADDICTED TOYS &#8211; LARGE ANAL DILATOR 13 CM &#8211; TRANSPARENT"},"content":{"rendered":"<h2>Utforska nya dimensioner av njutning<\/h2>\n<p>Det finns n\u00e5got djupt tillfredsst\u00e4llande med att hitta en analleksak som helt enkelt g\u00f6r det r\u00e4tt. Den <strong>ADDICTED TOYS &#8211; LARGE ANAL DILATOR 13 CM &#8211; TRANSPARENT<\/strong> by ADDICTED TOYS \u00e4r ett av dessa s\u00e4llsynta fynd - genomt\u00e4nkt utformad, vackert designad och byggd f\u00f6r att leverera exakt den typ av njutning du har letat efter.<\/p>\n<p>Oavsett om du utforskar p\u00e5 egen hand eller delar en intim kv\u00e4ll med en partner, \u00e4r <strong>ADDICTED TOYS &#8211; LARGE ANAL DILATOR 13 CM &#8211; TRANSPARENT<\/strong> anpassar sig efter ditt hum\u00f6r och dina \u00f6nskningar. Dess design inbjuder dig att ta tid p\u00e5 dig, uppt\u00e4cka vad som k\u00e4nns b\u00e4st och f\u00f6rlora dig sj\u00e4lv i \u00f6gonblicket. Det h\u00e4r \u00e4r den typ av produkt som f\u00f6rtj\u00e4nar en permanent plats i din nattduksl\u00e5da.<\/p>\n<h2>The Perfect Introduction to Deeper Sensations<\/h2>\n<p>Utformningen av <strong>ADDICTED TOYS &#8211; LARGE ANAL DILATOR 13 CM &#8211; TRANSPARENT<\/strong> strikes the perfect balance between form and function. It looks stunning, feels incredible, and performs exactly as promised. ADDICTED TOYS has a reputation for delivering quality, and this product is no exception.<\/p>\n<p>Whether you are a first-time buyer or adding to an established collection, you will appreciate the thought that has gone into every aspect of this anal toy. It is the kind of product you recommend to friends \u2014 discreetly, of course.<\/p>\n<h2>Mer \u00e4n bara en vacker design<\/h2>\n<p>H\u00e5llbarhet och hygien \u00e4r lika viktigt som n\u00f6je, och ADDICTED TOYS levererar b\u00e5da delarna. De <strong>ADDICTED TOYS &#8211; LARGE ANAL DILATOR 13 CM &#8211; TRANSPARENT<\/strong> \u00e4r tillverkad av f\u00f6rstklassiga material som \u00e4r l\u00e4tta att reng\u00f6ra och som beh\u00e5ller sin kvalitet \u00f6ver tid. Det \u00e4r en smart investering i din fortsatta lycka.<\/p>\n<p>P\u00e5 Sayoh anser vi att alla f\u00f6rtj\u00e4nar tillg\u00e5ng till intimprodukter av h\u00f6g kvalitet utan att d\u00f6mas. Din best\u00e4llning levereras i en helt vanlig f\u00f6rpackning, och v\u00e5r snabba danska leverans inneb\u00e4r att du kan njuta av din nya <strong>ADDICTED TOYS &#8211; LARGE ANAL DILATOR 13 CM &#8211; TRANSPARENT<\/strong> tidigare \u00e4n du tror.<\/p>\n<h2>Viktiga funktioner<\/h2>\n<ul>\n<li>Total length of 13.5 cm for deep, satisfying reach<\/li>\n<li>6 cm diameter for a perfectly fulfilling feel<\/li>\n<li>Tillverkad av kroppss\u00e4ker TPE Waterproof som k\u00e4nns silkeslen mot din hud<\/li>\n<li>Helt vattent\u00e4t - ta med dig din njutning i badet eller duschen<\/li>\n<li>Diskret f\u00f6rpackning och snabb leverans \u00f6ver hela Danmark<\/li>\n<li>Premiumkvalitet av ADDICTED TOYS<\/li>\n<\/ul>","protected":false},"excerpt":{"rendered":"<p>Den <strong>ADDICTED TOYS &#8211; LARGE ANAL DILATOR 13 CM &#8211; TRANSPARENT<\/strong> from ADDICTED TOYS is the anal toy you have been looking for. Designed for comfort, built for pleasure, and delivered discreetly to your door across Denmark.<\/p>","protected":false},"featured_media":30242,"comment_status":"open","ping_status":"closed","template":"","meta":{"_crdt_document":"","_monsterinsights_skip_tracking":false,"_monsterinsights_sitenote_active":false,"_monsterinsights_sitenote_note":"","_monsterinsights_sitenote_category":0,"jetpack_publicize_message":"","jetpack_publicize_feature_enabled":true,"jetpack_social_post_already_shared":true,"jetpack_social_options":{"image_generator_settings":{"template":"highway","default_image_id":0,"font":"","enabled":false},"version":2},"_wpas_customize_per_network":false},"product_brand":[1559],"product_cat":[1552,1558,1598,1580,1463,1554,1454],"product_tag":[1556,1557,1582,1581,1569],"class_list":{"0":"post-30247","1":"product","2":"type-product","3":"status-publish","4":"has-post-thumbnail","6":"product_brand-addicted-toys","7":"product_cat-anal","8":"product_cat-buttplug","9":"product_cat-couples","10":"product_cat-lgbt","11":"product_cat-men","12":"product_cat-anal-stimulator","13":"product_cat-women","14":"product_tag-anal","15":"product_tag-couples","16":"product_tag-gay","17":"product_tag-lgbt","18":"product_tag-penetration","20":"first","21":"outofstock","22":"taxable","23":"shipping-taxable","24":"purchasable","25":"product-type-simple"},"yoast_head":"<!-- This site is optimized with the Yoast SEO Premium plugin v27.1 (Yoast SEO v27.4) - https:\/\/yoast.com\/product\/yoast-seo-premium-wordpress\/ -->\n<title>ADDICTED TOYS - LARGE ANAL DILATOR 13 CM - TRANSPARENT - SayOh<\/title>\n<meta name=\"description\" content=\"Shop the addicted large anal dilator \u2014 designed for unforgettable pleasure. Premium quality by ADDICTED TOYS. Discreet delivery across Denmark.\" \/>\n<meta name=\"robots\" content=\"index, follow, max-snippet:-1, max-image-preview:large, max-video-preview:-1\" \/>\n<link rel=\"canonical\" href=\"https:\/\/sayoh.com\/sv\/produkt\/addicted-toys-large-anal-dilator-13-cm-transparent\/\" \/>\n<meta property=\"og:locale\" content=\"sv_SE\" \/>\n<meta property=\"og:type\" content=\"article\" \/>\n<meta property=\"og:title\" content=\"ADDICTED TOYS - LARGE ANAL DILATOR 13 CM - TRANSPARENT\" \/>\n<meta property=\"og:description\" content=\"Shop the addicted large anal dilator \u2014 designed for unforgettable pleasure. Premium quality by ADDICTED TOYS. Discreet delivery across Denmark.\" \/>\n<meta property=\"og:url\" content=\"https:\/\/sayoh.com\/sv\/produkt\/addicted-toys-large-anal-dilator-13-cm-transparent\/\" \/>\n<meta property=\"og:site_name\" content=\"SayOh\" \/>\n<meta property=\"article:modified_time\" content=\"2026-03-09T08:06:25+00:00\" \/>\n<meta property=\"og:image\" content=\"https:\/\/i0.wp.com\/sayoh.com\/wp-content\/uploads\/2026\/03\/img_144850_6c2cb01990a26fde2cd26eb431776bcd_1.png?fit=800%2C800&ssl=1\" \/>\n\t<meta property=\"og:image:width\" content=\"800\" \/>\n\t<meta property=\"og:image:height\" content=\"800\" \/>\n\t<meta property=\"og:image:type\" content=\"image\/png\" \/>\n<meta name=\"twitter:card\" content=\"summary_large_image\" \/>\n<meta name=\"twitter:label1\" content=\"Ber\u00e4knad l\u00e4stid\" \/>\n\t<meta name=\"twitter:data1\" content=\"2 minuter\" \/>\n<script type=\"application\/ld+json\" class=\"yoast-schema-graph\">{\"@context\":\"https:\\\/\\\/schema.org\",\"@graph\":[{\"@type\":\"WebPage\",\"@id\":\"https:\\\/\\\/sayoh.com\\\/product\\\/addicted-toys-large-anal-dilator-13-cm-transparent\\\/\",\"url\":\"https:\\\/\\\/sayoh.com\\\/product\\\/addicted-toys-large-anal-dilator-13-cm-transparent\\\/\",\"name\":\"ADDICTED TOYS - LARGE ANAL DILATOR 13 CM - TRANSPARENT - SayOh\",\"isPartOf\":{\"@id\":\"https:\\\/\\\/sayoh.com\\\/#website\"},\"primaryImageOfPage\":{\"@id\":\"https:\\\/\\\/sayoh.com\\\/product\\\/addicted-toys-large-anal-dilator-13-cm-transparent\\\/#primaryimage\"},\"image\":{\"@id\":\"https:\\\/\\\/sayoh.com\\\/product\\\/addicted-toys-large-anal-dilator-13-cm-transparent\\\/#primaryimage\"},\"thumbnailUrl\":\"https:\\\/\\\/i0.wp.com\\\/sayoh.com\\\/wp-content\\\/uploads\\\/2026\\\/03\\\/img_144850_6c2cb01990a26fde2cd26eb431776bcd_1.png?fit=800%2C800&ssl=1\",\"datePublished\":\"2026-03-03T08:25:38+00:00\",\"dateModified\":\"2026-03-09T08:06:25+00:00\",\"description\":\"Shop the addicted large anal dilator \u2014 designed for unforgettable pleasure. Premium quality by ADDICTED TOYS. Discreet delivery across Denmark.\",\"breadcrumb\":{\"@id\":\"https:\\\/\\\/sayoh.com\\\/product\\\/addicted-toys-large-anal-dilator-13-cm-transparent\\\/#breadcrumb\"},\"inLanguage\":\"sv-SE\",\"potentialAction\":[{\"@type\":\"ReadAction\",\"target\":[\"https:\\\/\\\/sayoh.com\\\/product\\\/addicted-toys-large-anal-dilator-13-cm-transparent\\\/\"]}]},{\"@type\":\"ImageObject\",\"inLanguage\":\"sv-SE\",\"@id\":\"https:\\\/\\\/sayoh.com\\\/product\\\/addicted-toys-large-anal-dilator-13-cm-transparent\\\/#primaryimage\",\"url\":\"https:\\\/\\\/i0.wp.com\\\/sayoh.com\\\/wp-content\\\/uploads\\\/2026\\\/03\\\/img_144850_6c2cb01990a26fde2cd26eb431776bcd_1.png?fit=800%2C800&ssl=1\",\"contentUrl\":\"https:\\\/\\\/i0.wp.com\\\/sayoh.com\\\/wp-content\\\/uploads\\\/2026\\\/03\\\/img_144850_6c2cb01990a26fde2cd26eb431776bcd_1.png?fit=800%2C800&ssl=1\",\"width\":800,\"height\":800},{\"@type\":\"BreadcrumbList\",\"@id\":\"https:\\\/\\\/sayoh.com\\\/product\\\/addicted-toys-large-anal-dilator-13-cm-transparent\\\/#breadcrumb\",\"itemListElement\":[{\"@type\":\"ListItem\",\"position\":1,\"name\":\"Home\",\"item\":\"https:\\\/\\\/sayoh.com\\\/\"},{\"@type\":\"ListItem\",\"position\":2,\"name\":\"Shop\",\"item\":\"https:\\\/\\\/sayoh.com\\\/shop\\\/\"},{\"@type\":\"ListItem\",\"position\":3,\"name\":\"ADDICTED TOYS &#8211; LARGE ANAL DILATOR 13 CM &#8211; TRANSPARENT\"}]},{\"@type\":\"WebSite\",\"@id\":\"https:\\\/\\\/sayoh.com\\\/#website\",\"url\":\"https:\\\/\\\/sayoh.com\\\/\",\"name\":\"Say Oh\",\"description\":\"Playful, fun and safe sex\",\"publisher\":{\"@id\":\"https:\\\/\\\/sayoh.com\\\/#organization\"},\"potentialAction\":[{\"@type\":\"SearchAction\",\"target\":{\"@type\":\"EntryPoint\",\"urlTemplate\":\"https:\\\/\\\/sayoh.com\\\/?s={search_term_string}\"},\"query-input\":{\"@type\":\"PropertyValueSpecification\",\"valueRequired\":true,\"valueName\":\"search_term_string\"}}],\"inLanguage\":\"sv-SE\"},{\"@type\":\"Organization\",\"@id\":\"https:\\\/\\\/sayoh.com\\\/#organization\",\"name\":\"Say Oh\",\"url\":\"https:\\\/\\\/sayoh.com\\\/\",\"logo\":{\"@type\":\"ImageObject\",\"inLanguage\":\"sv-SE\",\"@id\":\"https:\\\/\\\/sayoh.com\\\/#\\\/schema\\\/logo\\\/image\\\/\",\"url\":\"https:\\\/\\\/i0.wp.com\\\/sayoh.com\\\/wp-content\\\/uploads\\\/2023\\\/11\\\/cropped-image_123650291.jpg?fit=512%2C512&ssl=1\",\"contentUrl\":\"https:\\\/\\\/i0.wp.com\\\/sayoh.com\\\/wp-content\\\/uploads\\\/2023\\\/11\\\/cropped-image_123650291.jpg?fit=512%2C512&ssl=1\",\"width\":512,\"height\":512,\"caption\":\"Say Oh\"},\"image\":{\"@id\":\"https:\\\/\\\/sayoh.com\\\/#\\\/schema\\\/logo\\\/image\\\/\"}}]}<\/script>\n<!-- \/ Yoast SEO Premium plugin. -->","yoast_head_json":{"title":"ADDICTED TOYS - LARGE ANAL DILATOR 13 CM - TRANSPARENT - SayOh","description":"Handla den stora analdilatorn fr\u00e5n Addicted - designad f\u00f6r of\u00f6rgl\u00f6mlig njutning. Premiumkvalitet fr\u00e5n ADDICTED TOYS. Diskret leverans \u00f6ver hela Danmark.","robots":{"index":"index","follow":"follow","max-snippet":"max-snippet:-1","max-image-preview":"max-image-preview:large","max-video-preview":"max-video-preview:-1"},"canonical":"https:\/\/sayoh.com\/sv\/produkt\/addicted-toys-large-anal-dilator-13-cm-transparent\/","og_locale":"sv_SE","og_type":"article","og_title":"ADDICTED TOYS - LARGE ANAL DILATOR 13 CM - TRANSPARENT","og_description":"Shop the addicted large anal dilator \u2014 designed for unforgettable pleasure. Premium quality by ADDICTED TOYS. Discreet delivery across Denmark.","og_url":"https:\/\/sayoh.com\/sv\/produkt\/addicted-toys-large-anal-dilator-13-cm-transparent\/","og_site_name":"SayOh","article_modified_time":"2026-03-09T08:06:25+00:00","og_image":[{"width":800,"height":800,"url":"https:\/\/i0.wp.com\/sayoh.com\/wp-content\/uploads\/2026\/03\/img_144850_6c2cb01990a26fde2cd26eb431776bcd_1.png?fit=800%2C800&ssl=1","type":"image\/png"}],"twitter_card":"summary_large_image","twitter_misc":{"Ber\u00e4knad l\u00e4stid":"2 minuter"},"schema":{"@context":"https:\/\/schema.org","@graph":[{"@type":"WebPage","@id":"https:\/\/sayoh.com\/product\/addicted-toys-large-anal-dilator-13-cm-transparent\/","url":"https:\/\/sayoh.com\/product\/addicted-toys-large-anal-dilator-13-cm-transparent\/","name":"ADDICTED TOYS - LARGE ANAL DILATOR 13 CM - TRANSPARENT - SayOh","isPartOf":{"@id":"https:\/\/sayoh.com\/#website"},"primaryImageOfPage":{"@id":"https:\/\/sayoh.com\/product\/addicted-toys-large-anal-dilator-13-cm-transparent\/#primaryimage"},"image":{"@id":"https:\/\/sayoh.com\/product\/addicted-toys-large-anal-dilator-13-cm-transparent\/#primaryimage"},"thumbnailUrl":"https:\/\/i0.wp.com\/sayoh.com\/wp-content\/uploads\/2026\/03\/img_144850_6c2cb01990a26fde2cd26eb431776bcd_1.png?fit=800%2C800&ssl=1","datePublished":"2026-03-03T08:25:38+00:00","dateModified":"2026-03-09T08:06:25+00:00","description":"Handla den stora analdilatorn fr\u00e5n Addicted - designad f\u00f6r of\u00f6rgl\u00f6mlig njutning. Premiumkvalitet fr\u00e5n ADDICTED TOYS. Diskret leverans \u00f6ver hela Danmark.","breadcrumb":{"@id":"https:\/\/sayoh.com\/product\/addicted-toys-large-anal-dilator-13-cm-transparent\/#breadcrumb"},"inLanguage":"sv-SE","potentialAction":[{"@type":"ReadAction","target":["https:\/\/sayoh.com\/product\/addicted-toys-large-anal-dilator-13-cm-transparent\/"]}]},{"@type":"ImageObject","inLanguage":"sv-SE","@id":"https:\/\/sayoh.com\/product\/addicted-toys-large-anal-dilator-13-cm-transparent\/#primaryimage","url":"https:\/\/i0.wp.com\/sayoh.com\/wp-content\/uploads\/2026\/03\/img_144850_6c2cb01990a26fde2cd26eb431776bcd_1.png?fit=800%2C800&ssl=1","contentUrl":"https:\/\/i0.wp.com\/sayoh.com\/wp-content\/uploads\/2026\/03\/img_144850_6c2cb01990a26fde2cd26eb431776bcd_1.png?fit=800%2C800&ssl=1","width":800,"height":800},{"@type":"BreadcrumbList","@id":"https:\/\/sayoh.com\/product\/addicted-toys-large-anal-dilator-13-cm-transparent\/#breadcrumb","itemListElement":[{"@type":"ListItem","position":1,"name":"Home","item":"https:\/\/sayoh.com\/"},{"@type":"ListItem","position":2,"name":"Shop","item":"https:\/\/sayoh.com\/shop\/"},{"@type":"ListItem","position":3,"name":"ADDICTED TOYS &#8211; LARGE ANAL DILATOR 13 CM &#8211; TRANSPARENT"}]},{"@type":"WebSite","@id":"https:\/\/sayoh.com\/#website","url":"https:\/\/sayoh.com\/","name":"S\u00e4g Oh","description":"Lekfullt, roligt och s\u00e4kert sex","publisher":{"@id":"https:\/\/sayoh.com\/#organization"},"potentialAction":[{"@type":"SearchAction","target":{"@type":"EntryPoint","urlTemplate":"https:\/\/sayoh.com\/?s={search_term_string}"},"query-input":{"@type":"PropertyValueSpecification","valueRequired":true,"valueName":"search_term_string"}}],"inLanguage":"sv-SE"},{"@type":"Organization","@id":"https:\/\/sayoh.com\/#organization","name":"S\u00e4g Oh","url":"https:\/\/sayoh.com\/","logo":{"@type":"ImageObject","inLanguage":"sv-SE","@id":"https:\/\/sayoh.com\/#\/schema\/logo\/image\/","url":"https:\/\/i0.wp.com\/sayoh.com\/wp-content\/uploads\/2023\/11\/cropped-image_123650291.jpg?fit=512%2C512&ssl=1","contentUrl":"https:\/\/i0.wp.com\/sayoh.com\/wp-content\/uploads\/2023\/11\/cropped-image_123650291.jpg?fit=512%2C512&ssl=1","width":512,"height":512,"caption":"Say Oh"},"image":{"@id":"https:\/\/sayoh.com\/#\/schema\/logo\/image\/"}}]}},"jetpack_publicize_connections":[],"jetpack_likes_enabled":true,"jetpack_sharing_enabled":true,"jetpack-related-posts":[{"id":30229,"url":"https:\/\/sayoh.com\/sv\/produkt\/addicted-toys-small-anal-dilator-7-cm-transparent\/","url_meta":{"origin":30247,"position":0},"title":"ADDICTED TOYS &#8211; SMALL ANAL DILATOR 7 CM &#8211; TRANSPARENT","author":"Admin","date":"mars 3, 2026","format":false,"excerpt":"Meet the ADDICTED TOYS - SMALL ANAL DILATOR 7 CM - TRANSPARENT from ADDICTED TOYS \u2014 an anal toy that combines stunning design with unforgettable performance. Treat yourself to something that truly elevates the experience.","rel":"","context":"Liknande inl\u00e4gg","block_context":{"text":"Liknande inl\u00e4gg","link":""},"img":{"alt_text":"","src":"https:\/\/i0.wp.com\/sayoh.com\/wp-content\/uploads\/2026\/03\/img_144854_2c9755556c3709bdbf02396e48efd5a7_1.png?fit=800%2C800&ssl=1&resize=350%2C200","width":350,"height":200,"srcset":"https:\/\/i0.wp.com\/sayoh.com\/wp-content\/uploads\/2026\/03\/img_144854_2c9755556c3709bdbf02396e48efd5a7_1.png?fit=800%2C800&ssl=1&resize=350%2C200 1x, https:\/\/i0.wp.com\/sayoh.com\/wp-content\/uploads\/2026\/03\/img_144854_2c9755556c3709bdbf02396e48efd5a7_1.png?fit=800%2C800&ssl=1&resize=525%2C300 1.5x, https:\/\/i0.wp.com\/sayoh.com\/wp-content\/uploads\/2026\/03\/img_144854_2c9755556c3709bdbf02396e48efd5a7_1.png?fit=800%2C800&ssl=1&resize=700%2C400 2x"},"classes":[]},{"id":30241,"url":"https:\/\/sayoh.com\/sv\/produkt\/addicted-toys-medium-anal-dilator-11-cm-transparent\/","url_meta":{"origin":30247,"position":1},"title":"ADDICTED TOYS &#8211; MEDIUM ANAL DILATOR 11 CM &#8211; TRANSPARENT","author":"Admin","date":"mars 3, 2026","format":false,"excerpt":"Discover the ADDICTED TOYS - MEDIUM ANAL DILATOR 11 CM - TRANSPARENT by ADDICTED TOYS. This thoughtfully crafted anal toy is designed to hit every right note, whether you are exploring solo or with a partner. Premium quality, discreet delivery.","rel":"","context":"Liknande inl\u00e4gg","block_context":{"text":"Liknande inl\u00e4gg","link":""},"img":{"alt_text":"","src":"https:\/\/i0.wp.com\/sayoh.com\/wp-content\/uploads\/2026\/03\/img_144852_8b49d06d15bec1a1f3c3a6e035c0d23b_1.png?fit=800%2C800&ssl=1&resize=350%2C200","width":350,"height":200,"srcset":"https:\/\/i0.wp.com\/sayoh.com\/wp-content\/uploads\/2026\/03\/img_144852_8b49d06d15bec1a1f3c3a6e035c0d23b_1.png?fit=800%2C800&ssl=1&resize=350%2C200 1x, https:\/\/i0.wp.com\/sayoh.com\/wp-content\/uploads\/2026\/03\/img_144852_8b49d06d15bec1a1f3c3a6e035c0d23b_1.png?fit=800%2C800&ssl=1&resize=525%2C300 1.5x, https:\/\/i0.wp.com\/sayoh.com\/wp-content\/uploads\/2026\/03\/img_144852_8b49d06d15bec1a1f3c3a6e035c0d23b_1.png?fit=800%2C800&ssl=1&resize=700%2C400 2x"},"classes":[]},{"id":30275,"url":"https:\/\/sayoh.com\/sv\/produkt\/beroendeframkallande-leksaker-stor-anal-dilator-15-cm-transparent\/","url_meta":{"origin":30247,"position":2},"title":"ADDICTED TOYS - STOR ANAL DILATOR 15 CM - TRANSPARENT","author":"Admin","date":"mars 3, 2026","format":false,"excerpt":"Uppt\u00e4ck ADDICTED TOYS - LARGE ANAL DILATOR 15 CM - TRANSPARENT fr\u00e5n ADDICTED TOYS. Denna genomt\u00e4nkt utformade analleksak \u00e4r utformad f\u00f6r att tr\u00e4ffa varje r\u00e4tt ton, oavsett om du utforskar solo eller med en partner. Premiumkvalitet, diskret leverans.","rel":"","context":"Liknande inl\u00e4gg","block_context":{"text":"Liknande inl\u00e4gg","link":""},"img":{"alt_text":"","src":"https:\/\/i0.wp.com\/sayoh.com\/wp-content\/uploads\/2026\/03\/img_144851_fde9cad111fa54d82b37d5d1be32de7a_1.png?fit=800%2C800&ssl=1&resize=350%2C200","width":350,"height":200,"srcset":"https:\/\/i0.wp.com\/sayoh.com\/wp-content\/uploads\/2026\/03\/img_144851_fde9cad111fa54d82b37d5d1be32de7a_1.png?fit=800%2C800&ssl=1&resize=350%2C200 1x, https:\/\/i0.wp.com\/sayoh.com\/wp-content\/uploads\/2026\/03\/img_144851_fde9cad111fa54d82b37d5d1be32de7a_1.png?fit=800%2C800&ssl=1&resize=525%2C300 1.5x, https:\/\/i0.wp.com\/sayoh.com\/wp-content\/uploads\/2026\/03\/img_144851_fde9cad111fa54d82b37d5d1be32de7a_1.png?fit=800%2C800&ssl=1&resize=700%2C400 2x"},"classes":[]},{"id":30235,"url":"https:\/\/sayoh.com\/sv\/produkt\/addicted-toys-medium-anal-dilator-9-5-cm-transparent\/","url_meta":{"origin":30247,"position":3},"title":"ADDICTED TOYS &#8211; MEDIUM ANAL DILATOR 9.5 CM &#8211; TRANSPARENT","author":"Admin","date":"mars 3, 2026","format":false,"excerpt":"The ADDICTED TOYS - MEDIUM ANAL DILATOR 9.5 CM - TRANSPARENT by ADDICTED TOYS delivers exactly what you need \u2014 intense, reliable pleasure in a beautifully designed package. This premium anal toy is perfect for anyone who refuses to settle for less.","rel":"","context":"Liknande inl\u00e4gg","block_context":{"text":"Liknande inl\u00e4gg","link":""},"img":{"alt_text":"","src":"https:\/\/i0.wp.com\/sayoh.com\/wp-content\/uploads\/2026\/03\/img_144853_eef17e5636e0b8b0ba918dabb0e303b3_1.png?fit=800%2C800&ssl=1&resize=350%2C200","width":350,"height":200,"srcset":"https:\/\/i0.wp.com\/sayoh.com\/wp-content\/uploads\/2026\/03\/img_144853_eef17e5636e0b8b0ba918dabb0e303b3_1.png?fit=800%2C800&ssl=1&resize=350%2C200 1x, https:\/\/i0.wp.com\/sayoh.com\/wp-content\/uploads\/2026\/03\/img_144853_eef17e5636e0b8b0ba918dabb0e303b3_1.png?fit=800%2C800&ssl=1&resize=525%2C300 1.5x, https:\/\/i0.wp.com\/sayoh.com\/wp-content\/uploads\/2026\/03\/img_144853_eef17e5636e0b8b0ba918dabb0e303b3_1.png?fit=800%2C800&ssl=1&resize=700%2C400 2x"},"classes":[]},{"id":33997,"url":"https:\/\/sayoh.com\/sv\/produkt\/addicted-toys-hollow-anal-plug-silicone-size-s-7-3-cm\/","url_meta":{"origin":30247,"position":4},"title":"ADDICTED TOYS &#8211; HOLLOW ANAL PLUG SILICONE SIZE S 7.3 CM","author":"Admin","date":"mars 6, 2026","format":false,"excerpt":"The ADDICTED TOYS - HOLLOW ANAL PLUG SILICONE SIZE S 7.3 CM by ADDICTED TOYS delivers exactly what you need \u2014 intense, reliable pleasure in a beautifully designed package. This premium anal toy is perfect for anyone who refuses to settle for less.","rel":"","context":"Liknande inl\u00e4gg","block_context":{"text":"Liknande inl\u00e4gg","link":""},"img":{"alt_text":"","src":"https:\/\/i0.wp.com\/sayoh.com\/wp-content\/uploads\/2026\/03\/img_208921_0c801563222f660b83eae410c6385d65_1.png?fit=900%2C900&ssl=1&resize=350%2C200","width":350,"height":200,"srcset":"https:\/\/i0.wp.com\/sayoh.com\/wp-content\/uploads\/2026\/03\/img_208921_0c801563222f660b83eae410c6385d65_1.png?fit=900%2C900&ssl=1&resize=350%2C200 1x, https:\/\/i0.wp.com\/sayoh.com\/wp-content\/uploads\/2026\/03\/img_208921_0c801563222f660b83eae410c6385d65_1.png?fit=900%2C900&ssl=1&resize=525%2C300 1.5x, https:\/\/i0.wp.com\/sayoh.com\/wp-content\/uploads\/2026\/03\/img_208921_0c801563222f660b83eae410c6385d65_1.png?fit=900%2C900&ssl=1&resize=700%2C400 2x"},"classes":[]},{"id":34029,"url":"https:\/\/sayoh.com\/sv\/produkt\/addicted-toys-anal-plug-with-jewel-silicone-size-l-12-6-cm\/","url_meta":{"origin":30247,"position":5},"title":"ADDICTED TOYS &#8211; ANAL PLUG WITH JEWEL SILICONE SIZE L 12.6 CM","author":"Admin","date":"mars 6, 2026","format":false,"excerpt":"The ADDICTED TOYS - ANAL PLUG WITH JEWEL SILICONE SIZE L 12.6 CM by ADDICTED TOYS delivers exactly what you need \u2014 intense, reliable pleasure in a beautifully designed package. This premium anal toy is perfect for anyone who refuses to settle for less.","rel":"","context":"Liknande inl\u00e4gg","block_context":{"text":"Liknande inl\u00e4gg","link":""},"img":{"alt_text":"","src":"https:\/\/i0.wp.com\/sayoh.com\/wp-content\/uploads\/2026\/03\/img_209089_0a7c2013cd0cd58d62f8585ce248e0ed_1.png?fit=900%2C900&ssl=1&resize=350%2C200","width":350,"height":200,"srcset":"https:\/\/i0.wp.com\/sayoh.com\/wp-content\/uploads\/2026\/03\/img_209089_0a7c2013cd0cd58d62f8585ce248e0ed_1.png?fit=900%2C900&ssl=1&resize=350%2C200 1x, https:\/\/i0.wp.com\/sayoh.com\/wp-content\/uploads\/2026\/03\/img_209089_0a7c2013cd0cd58d62f8585ce248e0ed_1.png?fit=900%2C900&ssl=1&resize=525%2C300 1.5x, https:\/\/i0.wp.com\/sayoh.com\/wp-content\/uploads\/2026\/03\/img_209089_0a7c2013cd0cd58d62f8585ce248e0ed_1.png?fit=900%2C900&ssl=1&resize=700%2C400 2x"},"classes":[]}],"_links":{"self":[{"href":"https:\/\/sayoh.com\/sv\/wp-json\/wp\/v2\/product\/30247","targetHints":{"allow":["GET"]}}],"collection":[{"href":"https:\/\/sayoh.com\/sv\/wp-json\/wp\/v2\/product"}],"about":[{"href":"https:\/\/sayoh.com\/sv\/wp-json\/wp\/v2\/types\/product"}],"replies":[{"embeddable":true,"href":"https:\/\/sayoh.com\/sv\/wp-json\/wp\/v2\/comments?post=30247"}],"version-history":[{"count":0,"href":"https:\/\/sayoh.com\/sv\/wp-json\/wp\/v2\/product\/30247\/revisions"}],"wp:featuredmedia":[{"embeddable":true,"href":"https:\/\/sayoh.com\/sv\/wp-json\/wp\/v2\/media\/30242"}],"wp:attachment":[{"href":"https:\/\/sayoh.com\/sv\/wp-json\/wp\/v2\/media?parent=30247"}],"wp:term":[{"taxonomy":"product_brand","embeddable":true,"href":"https:\/\/sayoh.com\/sv\/wp-json\/wp\/v2\/product_brand?post=30247"},{"taxonomy":"product_cat","embeddable":true,"href":"https:\/\/sayoh.com\/sv\/wp-json\/wp\/v2\/product_cat?post=30247"},{"taxonomy":"product_tag","embeddable":true,"href":"https:\/\/sayoh.com\/sv\/wp-json\/wp\/v2\/product_tag?post=30247"}],"curies":[{"name":"wp","href":"https:\/\/api.w.org\/{rel}","templated":true}]}}