{"id":32139,"date":"2026-03-03T17:41:11","date_gmt":"2026-03-03T16:41:11","guid":{"rendered":"https:\/\/sayoh.com\/?post_type=product&#038;p=32139"},"modified":"2026-04-08T10:09:51","modified_gmt":"2026-04-08T08:09:51","slug":"pink-room-nao-realistic-dildo-purple-16-cm","status":"publish","type":"product","link":"https:\/\/sayoh.com\/sv\/produkt\/pink-room-nao-realistic-dildo-purple-16-cm\/","title":{"rendered":"PINK ROOM &#8211; NAO REALISTIC DILDO PURPLE 16 CM"},"content":{"rendered":"<h2>Varje kurva har ett syfte<\/h2>\n<p>Det finns n\u00e5got djupt tillfredsst\u00e4llande med att hitta en dildo som helt enkelt g\u00f6r det r\u00e4tt. Den <strong>PINK ROOM &#8211; NAO REALISTIC DILDO PURPLE 16 CM<\/strong> by PINK ROOM \u00e4r ett av dessa s\u00e4llsynta fynd - genomt\u00e4nkt utformad, vackert designad och byggd f\u00f6r att leverera exakt den typ av njutning du har letat efter.<\/p>\n<p>Oavsett om du utforskar p\u00e5 egen hand eller delar en intim kv\u00e4ll med en partner, \u00e4r <strong>PINK ROOM &#8211; NAO REALISTIC DILDO PURPLE 16 CM<\/strong> anpassar sig efter ditt hum\u00f6r och dina \u00f6nskningar. Dess design inbjuder dig att ta tid p\u00e5 dig, uppt\u00e4cka vad som k\u00e4nns b\u00e4st och f\u00f6rlora dig sj\u00e4lv i \u00f6gonblicket. Det h\u00e4r \u00e4r den typ av produkt som f\u00f6rtj\u00e4nar en permanent plats i din nattduksl\u00e5da.<\/p>\n<h2>En form utformad f\u00f6r att skr\u00e4mma<\/h2>\n<p>Fr\u00e5n det \u00f6gonblick du packar upp den \u00e4r omsorgen om detaljerna uppenbar. Den sl\u00e4ta finishen, de ergonomiska kurvorna, den behagliga vikten - allt med <strong>PINK ROOM &#8211; NAO REALISTIC DILDO PURPLE 16 CM<\/strong> s\u00e4ger premium. Det h\u00e4r \u00e4r en produkt som respekterar din kropp och din njutning.<\/p>\n<p>Oavsett om du \u00e4r en f\u00f6rstag\u00e5ngsk\u00f6pare eller l\u00e4gger till en etablerad samling, kommer du att uppskatta den tanke som har g\u00e5tt in i varje aspekt av denna dildo. Det \u00e4r den typ av produkt som du rekommenderar till v\u00e4nner - diskret, naturligtvis.<\/p>\n<h2>Mer \u00e4n bara en vacker design<\/h2>\n<p>Ut\u00f6ver n\u00f6jet \u00e4r <strong>PINK ROOM &#8211; NAO REALISTIC DILDO PURPLE 16 CM<\/strong> f\u00e5r h\u00f6ga po\u00e4ng f\u00f6r sin praktiska funktion. Den \u00e4r l\u00e4tt att reng\u00f6ra, enkel att f\u00f6rvara och byggd f\u00f6r att h\u00e5lla under m\u00e5nga sessioner. Materialen \u00e4r allergiv\u00e4nliga och kroppss\u00e4kra, s\u00e5 du beh\u00f6ver inte oroa dig f\u00f6r n\u00e5got annat \u00e4n att njuta.<\/p>\n<p>P\u00e5 Sayoh anser vi att alla f\u00f6rtj\u00e4nar tillg\u00e5ng till intimprodukter av h\u00f6g kvalitet utan att d\u00f6mas. Din best\u00e4llning levereras i en helt vanlig f\u00f6rpackning, och v\u00e5r snabba danska leverans inneb\u00e4r att du kan njuta av din nya <strong>PINK ROOM &#8211; NAO REALISTIC DILDO PURPLE 16 CM<\/strong> tidigare \u00e4n du tror.<\/p>\n<h2>Viktiga funktioner<\/h2>\n<ul>\n<li>Total length of 16 cm for deep, satisfying reach<\/li>\n<li>4.5 cm diameter for a perfectly fulfilling feel<\/li>\n<li>Tillverkad av kroppss\u00e4kra material f\u00f6r din sinnesfrid<\/li>\n<li>Diskret f\u00f6rpackning och snabb leverans \u00f6ver hela Danmark<\/li>\n<li>Premiumkvalitet av PINK ROOM<\/li>\n<li>L\u00e4tt att reng\u00f6ra och underh\u00e5lla f\u00f6r l\u00e5ngvarig njutning<\/li>\n<\/ul>","protected":false},"excerpt":{"rendered":"<p>Uppt\u00e4ck de <strong>PINK ROOM &#8211; NAO REALISTIC DILDO PURPLE 16 CM<\/strong> av PINK ROOM. Denna omsorgsfullt utformade dildo \u00e4r utformad f\u00f6r att tr\u00e4ffa varje r\u00e4tt ton, oavsett om du utforskar solo eller med en partner. Premiumkvalitet, diskret leverans.<\/p>","protected":false},"featured_media":32131,"comment_status":"open","ping_status":"closed","template":"","meta":{"_crdt_document":"","_monsterinsights_skip_tracking":false,"_monsterinsights_sitenote_active":false,"_monsterinsights_sitenote_note":"","_monsterinsights_sitenote_category":0,"jetpack_publicize_message":"","jetpack_publicize_feature_enabled":true,"jetpack_social_post_already_shared":true,"jetpack_social_options":{"image_generator_settings":{"template":"highway","default_image_id":0,"font":"","enabled":false},"version":2},"_wpas_customize_per_network":false},"product_brand":[],"product_cat":[1552,1598,1562,1571,1580,1454],"product_tag":[1556,1557,1582,1581,1569,1458],"class_list":{"0":"post-32139","1":"product","2":"type-product","3":"status-publish","4":"has-post-thumbnail","6":"product_cat-anal","7":"product_cat-couples","8":"product_cat-anal-dildo","9":"product_cat-g-spot-dildo","10":"product_cat-lgbt","11":"product_cat-women","12":"product_tag-anal","13":"product_tag-couples","14":"product_tag-gay","15":"product_tag-lgbt","16":"product_tag-penetration","17":"product_tag-vibrator","19":"first","20":"instock","21":"taxable","22":"shipping-taxable","23":"purchasable","24":"product-type-simple"},"yoast_head":"<!-- This site is optimized with the Yoast SEO Premium plugin v27.1 (Yoast SEO v27.4) - https:\/\/yoast.com\/product\/yoast-seo-premium-wordpress\/ -->\n<title>PINK ROOM - NAO REALISTIC DILDO PURPLE 16 CM - SayOh<\/title>\n<meta name=\"description\" content=\"Discover the pink nao realistic dildo by PINK ROOM. Elevate your intimate moments with this thoughtfully designed pleasure product. Free discreet shipping.\" \/>\n<meta name=\"robots\" content=\"index, follow, max-snippet:-1, max-image-preview:large, max-video-preview:-1\" \/>\n<link rel=\"canonical\" href=\"https:\/\/sayoh.com\/sv\/produkt\/pink-room-nao-realistic-dildo-purple-16-cm\/\" \/>\n<meta property=\"og:locale\" content=\"sv_SE\" \/>\n<meta property=\"og:type\" content=\"article\" \/>\n<meta property=\"og:title\" content=\"PINK ROOM - NAO REALISTIC DILDO PURPLE 16 CM\" \/>\n<meta property=\"og:description\" content=\"Discover the pink nao realistic dildo by PINK ROOM. Elevate your intimate moments with this thoughtfully designed pleasure product. Free discreet shipping.\" \/>\n<meta property=\"og:url\" content=\"https:\/\/sayoh.com\/sv\/produkt\/pink-room-nao-realistic-dildo-purple-16-cm\/\" \/>\n<meta property=\"og:site_name\" content=\"SayOh\" \/>\n<meta property=\"article:modified_time\" content=\"2026-04-08T08:09:51+00:00\" \/>\n<meta property=\"og:image\" content=\"https:\/\/i0.wp.com\/sayoh.com\/wp-content\/uploads\/2026\/03\/img_85717_234a8683688f5bd8233f50e29eb07684_1.jpg?fit=900%2C900&ssl=1\" \/>\n\t<meta property=\"og:image:width\" content=\"900\" \/>\n\t<meta property=\"og:image:height\" content=\"900\" \/>\n\t<meta property=\"og:image:type\" content=\"image\/jpeg\" \/>\n<meta name=\"twitter:card\" content=\"summary_large_image\" \/>\n<meta name=\"twitter:label1\" content=\"Ber\u00e4knad l\u00e4stid\" \/>\n\t<meta name=\"twitter:data1\" content=\"2 minuter\" \/>\n<script type=\"application\/ld+json\" class=\"yoast-schema-graph\">{\"@context\":\"https:\\\/\\\/schema.org\",\"@graph\":[{\"@type\":\"WebPage\",\"@id\":\"https:\\\/\\\/sayoh.com\\\/product\\\/pink-room-nao-realistic-dildo-purple-16-cm\\\/\",\"url\":\"https:\\\/\\\/sayoh.com\\\/product\\\/pink-room-nao-realistic-dildo-purple-16-cm\\\/\",\"name\":\"PINK ROOM - NAO REALISTIC DILDO PURPLE 16 CM - SayOh\",\"isPartOf\":{\"@id\":\"https:\\\/\\\/sayoh.com\\\/#website\"},\"primaryImageOfPage\":{\"@id\":\"https:\\\/\\\/sayoh.com\\\/product\\\/pink-room-nao-realistic-dildo-purple-16-cm\\\/#primaryimage\"},\"image\":{\"@id\":\"https:\\\/\\\/sayoh.com\\\/product\\\/pink-room-nao-realistic-dildo-purple-16-cm\\\/#primaryimage\"},\"thumbnailUrl\":\"https:\\\/\\\/i0.wp.com\\\/sayoh.com\\\/wp-content\\\/uploads\\\/2026\\\/03\\\/img_85717_234a8683688f5bd8233f50e29eb07684_1.jpg?fit=900%2C900&ssl=1\",\"datePublished\":\"2026-03-03T16:41:11+00:00\",\"dateModified\":\"2026-04-08T08:09:51+00:00\",\"description\":\"Discover the pink nao realistic dildo by PINK ROOM. Elevate your intimate moments with this thoughtfully designed pleasure product. Free discreet shipping.\",\"breadcrumb\":{\"@id\":\"https:\\\/\\\/sayoh.com\\\/product\\\/pink-room-nao-realistic-dildo-purple-16-cm\\\/#breadcrumb\"},\"inLanguage\":\"sv-SE\",\"potentialAction\":[{\"@type\":\"ReadAction\",\"target\":[\"https:\\\/\\\/sayoh.com\\\/product\\\/pink-room-nao-realistic-dildo-purple-16-cm\\\/\"]}]},{\"@type\":\"ImageObject\",\"inLanguage\":\"sv-SE\",\"@id\":\"https:\\\/\\\/sayoh.com\\\/product\\\/pink-room-nao-realistic-dildo-purple-16-cm\\\/#primaryimage\",\"url\":\"https:\\\/\\\/i0.wp.com\\\/sayoh.com\\\/wp-content\\\/uploads\\\/2026\\\/03\\\/img_85717_234a8683688f5bd8233f50e29eb07684_1.jpg?fit=900%2C900&ssl=1\",\"contentUrl\":\"https:\\\/\\\/i0.wp.com\\\/sayoh.com\\\/wp-content\\\/uploads\\\/2026\\\/03\\\/img_85717_234a8683688f5bd8233f50e29eb07684_1.jpg?fit=900%2C900&ssl=1\",\"width\":900,\"height\":900},{\"@type\":\"BreadcrumbList\",\"@id\":\"https:\\\/\\\/sayoh.com\\\/product\\\/pink-room-nao-realistic-dildo-purple-16-cm\\\/#breadcrumb\",\"itemListElement\":[{\"@type\":\"ListItem\",\"position\":1,\"name\":\"Home\",\"item\":\"https:\\\/\\\/sayoh.com\\\/\"},{\"@type\":\"ListItem\",\"position\":2,\"name\":\"Shop\",\"item\":\"https:\\\/\\\/sayoh.com\\\/shop\\\/\"},{\"@type\":\"ListItem\",\"position\":3,\"name\":\"PINK ROOM &#8211; NAO REALISTIC DILDO PURPLE 16 CM\"}]},{\"@type\":\"WebSite\",\"@id\":\"https:\\\/\\\/sayoh.com\\\/#website\",\"url\":\"https:\\\/\\\/sayoh.com\\\/\",\"name\":\"Say Oh\",\"description\":\"Playful, fun and safe sex\",\"publisher\":{\"@id\":\"https:\\\/\\\/sayoh.com\\\/#organization\"},\"potentialAction\":[{\"@type\":\"SearchAction\",\"target\":{\"@type\":\"EntryPoint\",\"urlTemplate\":\"https:\\\/\\\/sayoh.com\\\/?s={search_term_string}\"},\"query-input\":{\"@type\":\"PropertyValueSpecification\",\"valueRequired\":true,\"valueName\":\"search_term_string\"}}],\"inLanguage\":\"sv-SE\"},{\"@type\":\"Organization\",\"@id\":\"https:\\\/\\\/sayoh.com\\\/#organization\",\"name\":\"Say Oh\",\"url\":\"https:\\\/\\\/sayoh.com\\\/\",\"logo\":{\"@type\":\"ImageObject\",\"inLanguage\":\"sv-SE\",\"@id\":\"https:\\\/\\\/sayoh.com\\\/#\\\/schema\\\/logo\\\/image\\\/\",\"url\":\"https:\\\/\\\/i0.wp.com\\\/sayoh.com\\\/wp-content\\\/uploads\\\/2023\\\/11\\\/cropped-image_123650291.jpg?fit=512%2C512&ssl=1\",\"contentUrl\":\"https:\\\/\\\/i0.wp.com\\\/sayoh.com\\\/wp-content\\\/uploads\\\/2023\\\/11\\\/cropped-image_123650291.jpg?fit=512%2C512&ssl=1\",\"width\":512,\"height\":512,\"caption\":\"Say Oh\"},\"image\":{\"@id\":\"https:\\\/\\\/sayoh.com\\\/#\\\/schema\\\/logo\\\/image\\\/\"}}]}<\/script>\n<!-- \/ Yoast SEO Premium plugin. -->","yoast_head_json":{"title":"PINK ROOM - NAO REALISTIC DILDO PURPLE 16 CM - SayOh","description":"Discover the pink nao realistic dildo by PINK ROOM. Elevate your intimate moments with this thoughtfully designed pleasure product. Free discreet shipping.","robots":{"index":"index","follow":"follow","max-snippet":"max-snippet:-1","max-image-preview":"max-image-preview:large","max-video-preview":"max-video-preview:-1"},"canonical":"https:\/\/sayoh.com\/sv\/produkt\/pink-room-nao-realistic-dildo-purple-16-cm\/","og_locale":"sv_SE","og_type":"article","og_title":"PINK ROOM - NAO REALISTIC DILDO PURPLE 16 CM","og_description":"Discover the pink nao realistic dildo by PINK ROOM. Elevate your intimate moments with this thoughtfully designed pleasure product. Free discreet shipping.","og_url":"https:\/\/sayoh.com\/sv\/produkt\/pink-room-nao-realistic-dildo-purple-16-cm\/","og_site_name":"SayOh","article_modified_time":"2026-04-08T08:09:51+00:00","og_image":[{"width":900,"height":900,"url":"https:\/\/i0.wp.com\/sayoh.com\/wp-content\/uploads\/2026\/03\/img_85717_234a8683688f5bd8233f50e29eb07684_1.jpg?fit=900%2C900&ssl=1","type":"image\/jpeg"}],"twitter_card":"summary_large_image","twitter_misc":{"Ber\u00e4knad l\u00e4stid":"2 minuter"},"schema":{"@context":"https:\/\/schema.org","@graph":[{"@type":"WebPage","@id":"https:\/\/sayoh.com\/product\/pink-room-nao-realistic-dildo-purple-16-cm\/","url":"https:\/\/sayoh.com\/product\/pink-room-nao-realistic-dildo-purple-16-cm\/","name":"PINK ROOM - NAO REALISTIC DILDO PURPLE 16 CM - SayOh","isPartOf":{"@id":"https:\/\/sayoh.com\/#website"},"primaryImageOfPage":{"@id":"https:\/\/sayoh.com\/product\/pink-room-nao-realistic-dildo-purple-16-cm\/#primaryimage"},"image":{"@id":"https:\/\/sayoh.com\/product\/pink-room-nao-realistic-dildo-purple-16-cm\/#primaryimage"},"thumbnailUrl":"https:\/\/i0.wp.com\/sayoh.com\/wp-content\/uploads\/2026\/03\/img_85717_234a8683688f5bd8233f50e29eb07684_1.jpg?fit=900%2C900&ssl=1","datePublished":"2026-03-03T16:41:11+00:00","dateModified":"2026-04-08T08:09:51+00:00","description":"Discover the pink nao realistic dildo by PINK ROOM. Elevate your intimate moments with this thoughtfully designed pleasure product. Free discreet shipping.","breadcrumb":{"@id":"https:\/\/sayoh.com\/product\/pink-room-nao-realistic-dildo-purple-16-cm\/#breadcrumb"},"inLanguage":"sv-SE","potentialAction":[{"@type":"ReadAction","target":["https:\/\/sayoh.com\/product\/pink-room-nao-realistic-dildo-purple-16-cm\/"]}]},{"@type":"ImageObject","inLanguage":"sv-SE","@id":"https:\/\/sayoh.com\/product\/pink-room-nao-realistic-dildo-purple-16-cm\/#primaryimage","url":"https:\/\/i0.wp.com\/sayoh.com\/wp-content\/uploads\/2026\/03\/img_85717_234a8683688f5bd8233f50e29eb07684_1.jpg?fit=900%2C900&ssl=1","contentUrl":"https:\/\/i0.wp.com\/sayoh.com\/wp-content\/uploads\/2026\/03\/img_85717_234a8683688f5bd8233f50e29eb07684_1.jpg?fit=900%2C900&ssl=1","width":900,"height":900},{"@type":"BreadcrumbList","@id":"https:\/\/sayoh.com\/product\/pink-room-nao-realistic-dildo-purple-16-cm\/#breadcrumb","itemListElement":[{"@type":"ListItem","position":1,"name":"Home","item":"https:\/\/sayoh.com\/"},{"@type":"ListItem","position":2,"name":"Shop","item":"https:\/\/sayoh.com\/shop\/"},{"@type":"ListItem","position":3,"name":"PINK ROOM &#8211; NAO REALISTIC DILDO PURPLE 16 CM"}]},{"@type":"WebSite","@id":"https:\/\/sayoh.com\/#website","url":"https:\/\/sayoh.com\/","name":"S\u00e4g Oh","description":"Lekfullt, roligt och s\u00e4kert sex","publisher":{"@id":"https:\/\/sayoh.com\/#organization"},"potentialAction":[{"@type":"SearchAction","target":{"@type":"EntryPoint","urlTemplate":"https:\/\/sayoh.com\/?s={search_term_string}"},"query-input":{"@type":"PropertyValueSpecification","valueRequired":true,"valueName":"search_term_string"}}],"inLanguage":"sv-SE"},{"@type":"Organization","@id":"https:\/\/sayoh.com\/#organization","name":"S\u00e4g Oh","url":"https:\/\/sayoh.com\/","logo":{"@type":"ImageObject","inLanguage":"sv-SE","@id":"https:\/\/sayoh.com\/#\/schema\/logo\/image\/","url":"https:\/\/i0.wp.com\/sayoh.com\/wp-content\/uploads\/2023\/11\/cropped-image_123650291.jpg?fit=512%2C512&ssl=1","contentUrl":"https:\/\/i0.wp.com\/sayoh.com\/wp-content\/uploads\/2023\/11\/cropped-image_123650291.jpg?fit=512%2C512&ssl=1","width":512,"height":512,"caption":"Say Oh"},"image":{"@id":"https:\/\/sayoh.com\/#\/schema\/logo\/image\/"}}]}},"jetpack_publicize_connections":[],"jetpack_likes_enabled":true,"jetpack_sharing_enabled":true,"jetpack-related-posts":[{"id":32135,"url":"https:\/\/sayoh.com\/sv\/produkt\/pink-room-nao-realistic-dildo-flesh-16-cm\/","url_meta":{"origin":32139,"position":0},"title":"PINK ROOM &#8211; NAO REALISTIC DILDO FLESH 16 CM","author":"Admin","date":"mars 3, 2026","format":false,"excerpt":"The PINK ROOM - NAO REALISTIC DILDO FLESH 16 CM from PINK ROOM is the dildo you have been looking for. Designed for comfort, built for pleasure, and delivered discreetly to your door across Denmark.","rel":"","context":"Liknande inl\u00e4gg","block_context":{"text":"Liknande inl\u00e4gg","link":""},"img":{"alt_text":"","src":"https:\/\/i0.wp.com\/sayoh.com\/wp-content\/uploads\/2026\/03\/img_85711_d1fc0dc104efd11a230a2ddd7b754099_1.jpg?fit=900%2C900&ssl=1&resize=350%2C200","width":350,"height":200,"srcset":"https:\/\/i0.wp.com\/sayoh.com\/wp-content\/uploads\/2026\/03\/img_85711_d1fc0dc104efd11a230a2ddd7b754099_1.jpg?fit=900%2C900&ssl=1&resize=350%2C200 1x, https:\/\/i0.wp.com\/sayoh.com\/wp-content\/uploads\/2026\/03\/img_85711_d1fc0dc104efd11a230a2ddd7b754099_1.jpg?fit=900%2C900&ssl=1&resize=525%2C300 1.5x, https:\/\/i0.wp.com\/sayoh.com\/wp-content\/uploads\/2026\/03\/img_85711_d1fc0dc104efd11a230a2ddd7b754099_1.jpg?fit=900%2C900&ssl=1&resize=700%2C400 2x"},"classes":[]},{"id":32123,"url":"https:\/\/sayoh.com\/sv\/produkt\/pink-room-amadeo-realistic-dildo-purple-15-5-cm\/","url_meta":{"origin":32139,"position":1},"title":"PINK ROOM &#8211; AMADEO REALISTIC DILDO PURPLE 15.5 CM","author":"Admin","date":"mars 3, 2026","format":false,"excerpt":"Discover the PINK ROOM - AMADEO REALISTIC DILDO PURPLE 15.5 CM by PINK ROOM. This thoughtfully crafted dildo is designed to hit every right note, whether you are exploring solo or with a partner. Premium quality, discreet delivery.","rel":"","context":"Liknande inl\u00e4gg","block_context":{"text":"Liknande inl\u00e4gg","link":""},"img":{"alt_text":"","src":"https:\/\/i0.wp.com\/sayoh.com\/wp-content\/uploads\/2026\/03\/img_85706_ad108e094c1568b94ce92aebff79cf1a_1.jpg?fit=900%2C900&ssl=1&resize=350%2C200","width":350,"height":200,"srcset":"https:\/\/i0.wp.com\/sayoh.com\/wp-content\/uploads\/2026\/03\/img_85706_ad108e094c1568b94ce92aebff79cf1a_1.jpg?fit=900%2C900&ssl=1&resize=350%2C200 1x, https:\/\/i0.wp.com\/sayoh.com\/wp-content\/uploads\/2026\/03\/img_85706_ad108e094c1568b94ce92aebff79cf1a_1.jpg?fit=900%2C900&ssl=1&resize=525%2C300 1.5x, https:\/\/i0.wp.com\/sayoh.com\/wp-content\/uploads\/2026\/03\/img_85706_ad108e094c1568b94ce92aebff79cf1a_1.jpg?fit=900%2C900&ssl=1&resize=700%2C400 2x"},"classes":[]},{"id":32172,"url":"https:\/\/sayoh.com\/sv\/produkt\/pink-room-nestor-realistic-dildo-purple-16-5-cm\/","url_meta":{"origin":32139,"position":2},"title":"PINK ROOM &#8211; NESTOR REALISTIC DILDO PURPLE 16.5 CM","author":"Admin","date":"mars 3, 2026","format":false,"excerpt":"The PINK ROOM - NESTOR REALISTIC DILDO PURPLE 16.5 CM from PINK ROOM is the dildo you have been looking for. Designed for comfort, built for pleasure, and delivered discreetly to your door across Denmark.","rel":"","context":"Liknande inl\u00e4gg","block_context":{"text":"Liknande inl\u00e4gg","link":""},"img":{"alt_text":"","src":"https:\/\/i0.wp.com\/sayoh.com\/wp-content\/uploads\/2026\/03\/img_85730_a378ccf39c5a27a24ec3b0b31012e9ae_1.jpg?fit=900%2C900&ssl=1&resize=350%2C200","width":350,"height":200,"srcset":"https:\/\/i0.wp.com\/sayoh.com\/wp-content\/uploads\/2026\/03\/img_85730_a378ccf39c5a27a24ec3b0b31012e9ae_1.jpg?fit=900%2C900&ssl=1&resize=350%2C200 1x, https:\/\/i0.wp.com\/sayoh.com\/wp-content\/uploads\/2026\/03\/img_85730_a378ccf39c5a27a24ec3b0b31012e9ae_1.jpg?fit=900%2C900&ssl=1&resize=525%2C300 1.5x, https:\/\/i0.wp.com\/sayoh.com\/wp-content\/uploads\/2026\/03\/img_85730_a378ccf39c5a27a24ec3b0b31012e9ae_1.jpg?fit=900%2C900&ssl=1&resize=700%2C400 2x"},"classes":[]},{"id":32224,"url":"https:\/\/sayoh.com\/sv\/produkt\/pink-room-dael-realistic-dildo-purple-18-5-cm\/","url_meta":{"origin":32139,"position":3},"title":"PINK ROOM &#8211; DAEL REALISTIC DILDO PURPLE 18.5 CM","author":"Admin","date":"mars 3, 2026","format":false,"excerpt":"The PINK ROOM - DAEL REALISTIC DILDO PURPLE 18.5 CM from PINK ROOM is the dildo you have been looking for. Designed for comfort, built for pleasure, and delivered discreetly to your door across Denmark.","rel":"","context":"Liknande inl\u00e4gg","block_context":{"text":"Liknande inl\u00e4gg","link":""},"img":{"alt_text":"","src":"https:\/\/i0.wp.com\/sayoh.com\/wp-content\/uploads\/2026\/03\/img_85755_b1c4cc64d1449b73e76804e482103ffa_1.jpg?fit=900%2C900&ssl=1&resize=350%2C200","width":350,"height":200,"srcset":"https:\/\/i0.wp.com\/sayoh.com\/wp-content\/uploads\/2026\/03\/img_85755_b1c4cc64d1449b73e76804e482103ffa_1.jpg?fit=900%2C900&ssl=1&resize=350%2C200 1x, https:\/\/i0.wp.com\/sayoh.com\/wp-content\/uploads\/2026\/03\/img_85755_b1c4cc64d1449b73e76804e482103ffa_1.jpg?fit=900%2C900&ssl=1&resize=525%2C300 1.5x, https:\/\/i0.wp.com\/sayoh.com\/wp-content\/uploads\/2026\/03\/img_85755_b1c4cc64d1449b73e76804e482103ffa_1.jpg?fit=900%2C900&ssl=1&resize=700%2C400 2x"},"classes":[]},{"id":32150,"url":"https:\/\/sayoh.com\/sv\/produkt\/pink-room-dayan-realistic-dildo-purple-17-cm\/","url_meta":{"origin":32139,"position":4},"title":"PINK ROOM &#8211; DAYAN REALISTIC DILDO PURPLE 17 CM","author":"Admin","date":"mars 3, 2026","format":false,"excerpt":"The PINK ROOM - DAYAN REALISTIC DILDO PURPLE 17 CM from PINK ROOM is the dildo you have been looking for. Designed for comfort, built for pleasure, and delivered discreetly to your door across Denmark.","rel":"","context":"Liknande inl\u00e4gg","block_context":{"text":"Liknande inl\u00e4gg","link":""},"img":{"alt_text":"","src":"https:\/\/i0.wp.com\/sayoh.com\/wp-content\/uploads\/2026\/03\/img_85722_87bd819f4787820eff5a807c86a5ad16_1.jpg?fit=900%2C900&ssl=1&resize=350%2C200","width":350,"height":200,"srcset":"https:\/\/i0.wp.com\/sayoh.com\/wp-content\/uploads\/2026\/03\/img_85722_87bd819f4787820eff5a807c86a5ad16_1.jpg?fit=900%2C900&ssl=1&resize=350%2C200 1x, https:\/\/i0.wp.com\/sayoh.com\/wp-content\/uploads\/2026\/03\/img_85722_87bd819f4787820eff5a807c86a5ad16_1.jpg?fit=900%2C900&ssl=1&resize=525%2C300 1.5x, https:\/\/i0.wp.com\/sayoh.com\/wp-content\/uploads\/2026\/03\/img_85722_87bd819f4787820eff5a807c86a5ad16_1.jpg?fit=900%2C900&ssl=1&resize=700%2C400 2x"},"classes":[]},{"id":32161,"url":"https:\/\/sayoh.com\/sv\/produkt\/pink-room-eban-realistic-dildo-purple-19-cm\/","url_meta":{"origin":32139,"position":5},"title":"PINK ROOM &#8211; EBAN REALISTIC DILDO PURPLE 19 CM","author":"Admin","date":"mars 3, 2026","format":false,"excerpt":"Meet the PINK ROOM - EBAN REALISTIC DILDO PURPLE 19 CM from PINK ROOM \u2014 a dildo that combines stunning design with unforgettable performance. Treat yourself to something that truly elevates the experience.","rel":"","context":"Liknande inl\u00e4gg","block_context":{"text":"Liknande inl\u00e4gg","link":""},"img":{"alt_text":"","src":"https:\/\/i0.wp.com\/sayoh.com\/wp-content\/uploads\/2026\/03\/img_85726_4333f2c8c44afa4d0019c20f009f8f6c_1.jpg?fit=900%2C900&ssl=1&resize=350%2C200","width":350,"height":200,"srcset":"https:\/\/i0.wp.com\/sayoh.com\/wp-content\/uploads\/2026\/03\/img_85726_4333f2c8c44afa4d0019c20f009f8f6c_1.jpg?fit=900%2C900&ssl=1&resize=350%2C200 1x, https:\/\/i0.wp.com\/sayoh.com\/wp-content\/uploads\/2026\/03\/img_85726_4333f2c8c44afa4d0019c20f009f8f6c_1.jpg?fit=900%2C900&ssl=1&resize=525%2C300 1.5x, https:\/\/i0.wp.com\/sayoh.com\/wp-content\/uploads\/2026\/03\/img_85726_4333f2c8c44afa4d0019c20f009f8f6c_1.jpg?fit=900%2C900&ssl=1&resize=700%2C400 2x"},"classes":[]}],"_links":{"self":[{"href":"https:\/\/sayoh.com\/sv\/wp-json\/wp\/v2\/product\/32139","targetHints":{"allow":["GET"]}}],"collection":[{"href":"https:\/\/sayoh.com\/sv\/wp-json\/wp\/v2\/product"}],"about":[{"href":"https:\/\/sayoh.com\/sv\/wp-json\/wp\/v2\/types\/product"}],"replies":[{"embeddable":true,"href":"https:\/\/sayoh.com\/sv\/wp-json\/wp\/v2\/comments?post=32139"}],"version-history":[{"count":0,"href":"https:\/\/sayoh.com\/sv\/wp-json\/wp\/v2\/product\/32139\/revisions"}],"wp:featuredmedia":[{"embeddable":true,"href":"https:\/\/sayoh.com\/sv\/wp-json\/wp\/v2\/media\/32131"}],"wp:attachment":[{"href":"https:\/\/sayoh.com\/sv\/wp-json\/wp\/v2\/media?parent=32139"}],"wp:term":[{"taxonomy":"product_brand","embeddable":true,"href":"https:\/\/sayoh.com\/sv\/wp-json\/wp\/v2\/product_brand?post=32139"},{"taxonomy":"product_cat","embeddable":true,"href":"https:\/\/sayoh.com\/sv\/wp-json\/wp\/v2\/product_cat?post=32139"},{"taxonomy":"product_tag","embeddable":true,"href":"https:\/\/sayoh.com\/sv\/wp-json\/wp\/v2\/product_tag?post=32139"}],"curies":[{"name":"wp","href":"https:\/\/api.w.org\/{rel}","templated":true}]}}