{"id":32966,"date":"2026-03-05T09:03:13","date_gmt":"2026-03-05T08:03:13","guid":{"rendered":"https:\/\/sayoh.com\/product\/pretty-love-sliding-skin-series-realistic-dildo-with-sliding-skin-suction-cup-remote-control-flesh-24-cm\/"},"modified":"2026-04-30T10:07:02","modified_gmt":"2026-04-30T08:07:02","slug":"pretty-love-sliding-skin-series-realistic-dildo-with-sliding-skin-suction-cup-remote-control-flesh-24-cm","status":"publish","type":"product","link":"https:\/\/sayoh.com\/sv\/produkt\/pretty-love-sliding-skin-series-realistic-dildo-with-sliding-skin-suction-cup-remote-control-flesh-24-cm\/","title":{"rendered":"PRETTY LOVE &#8211; SLIDING SKIN SERIES REALISTIC DILDO WITH SLIDING SKIN SUCTION CUP REMOTE CONTROL FLESH 24 CM"},"content":{"rendered":"<h2>En form utformad f\u00f6r att skr\u00e4mma<\/h2>\n<p>Det finns n\u00e5got djupt tillfredsst\u00e4llande med att hitta en dildo som helt enkelt g\u00f6r det r\u00e4tt. Den <strong>PRETTY LOVE &#8211; SLIDING SKIN SERIES REALISTIC DILDO WITH SLIDING SKIN SUCTION CUP REMOTE CONTROL FLESH 24 CM<\/strong> by PRETTY LOVE HIGH GRADE \u00e4r ett av de s\u00e4llsynta fynden - genomt\u00e4nkt utformad, vackert designad och byggd f\u00f6r att leverera exakt den typ av njutning du har letat efter.<\/p>\n<p>Det som g\u00f6r att den h\u00e4r dildon verkligen sticker ut \u00e4r hur den k\u00e4nns n\u00e4r den anv\u00e4nds. Varje kontur, varje textur, varje detalj har beaktats f\u00f6r att maximera din upplevelse. Den <strong>PRETTY LOVE &#8211; SLIDING SKIN SERIES REALISTIC DILDO WITH SLIDING SKIN SUCTION CUP REMOTE CONTROL FLESH 24 CM<\/strong> inte bara uppfyller f\u00f6rv\u00e4ntningarna - den omdefinierar dem.<\/p>\n<h2>Ren njutning, inga kompromisser<\/h2>\n<p>Utformningen av <strong>PRETTY LOVE &#8211; SLIDING SKIN SERIES REALISTIC DILDO WITH SLIDING SKIN SUCTION CUP REMOTE CONTROL FLESH 24 CM<\/strong> \u00e4r den perfekta balansen mellan form och funktion. Den ser fantastisk ut, k\u00e4nns otroligt bra och fungerar precis som utlovat. PRETTY LOVE HIGH GRADE har ett rykte om sig att leverera kvalitet, och den h\u00e4r produkten \u00e4r inget undantag.<\/p>\n<p>Den m\u00e5ngsidighet som erbjuds h\u00e4r \u00e4r anm\u00e4rkningsv\u00e4rd. Solo eller partner, mild eller intensiv, den h\u00e4r dildon l\u00e5ter dig best\u00e4mma takten och utforska p\u00e5 din komfortniv\u00e5. Och med PRETTY LOVE HIGH GRADEs engagemang f\u00f6r kroppss\u00e4kra material kan du koppla av och fokusera helt p\u00e5 upplevelsen.<\/p>\n<h2>Praktiska f\u00f6rdelar som spelar roll<\/h2>\n<p>Ut\u00f6ver n\u00f6jet \u00e4r <strong>PRETTY LOVE &#8211; SLIDING SKIN SERIES REALISTIC DILDO WITH SLIDING SKIN SUCTION CUP REMOTE CONTROL FLESH 24 CM<\/strong> f\u00e5r h\u00f6ga po\u00e4ng f\u00f6r sin praktiska funktion. Den \u00e4r l\u00e4tt att reng\u00f6ra, enkel att f\u00f6rvara och byggd f\u00f6r att h\u00e5lla under m\u00e5nga sessioner. Materialen \u00e4r allergiv\u00e4nliga och kroppss\u00e4kra, s\u00e5 du beh\u00f6ver inte oroa dig f\u00f6r n\u00e5got annat \u00e4n att njuta.<\/p>\n<p>P\u00e5 Sayoh anser vi att alla f\u00f6rtj\u00e4nar tillg\u00e5ng till intimprodukter av h\u00f6g kvalitet utan att d\u00f6mas. Din best\u00e4llning levereras i en helt vanlig f\u00f6rpackning, och v\u00e5r snabba danska leverans inneb\u00e4r att du kan njuta av din nya <strong>PRETTY LOVE &#8211; SLIDING SKIN SERIES REALISTIC DILDO WITH SLIDING SKIN SUCTION CUP REMOTE CONTROL FLESH 24 CM<\/strong> tidigare \u00e4n du tror.<\/p>\n<h2>Viktiga funktioner<\/h2>\n<ul>\n<li>Tillverkad av kroppss\u00e4kra material f\u00f6r din sinnesfrid<\/li>\n<li>Helt vattent\u00e4t - ta med dig din njutning i badet eller duschen<\/li>\n<li>Diskret f\u00f6rpackning och snabb leverans \u00f6ver hela Danmark<\/li>\n<li>Premiumkvalitet av PRETTY LOVE HIGH GRADE<\/li>\n<li>L\u00e4tt att reng\u00f6ra och underh\u00e5lla f\u00f6r l\u00e5ngvarig njutning<\/li>\n<li>Ergonomiskt utformad f\u00f6r att passa din kropp p\u00e5 ett naturligt s\u00e4tt<\/li>\n<\/ul>","protected":false},"excerpt":{"rendered":"<p>Den <strong>PRETTY LOVE &#8211; SLIDING SKIN SERIES REALISTIC DILDO WITH SLIDING SKIN SUCTION CUP REMOTE CONTROL FLESH 24 CM<\/strong> fr\u00e5n PRETTY LOVE HIGH GRADE \u00e4r den dildo du har letat efter. Designad f\u00f6r komfort, byggd f\u00f6r njutning och levereras diskret till din d\u00f6rr i hela Danmark.<\/p>","protected":false},"featured_media":32952,"comment_status":"open","ping_status":"closed","template":"","meta":{"_crdt_document":"","_monsterinsights_skip_tracking":false,"_monsterinsights_sitenote_active":false,"_monsterinsights_sitenote_note":"","_monsterinsights_sitenote_category":0,"jetpack_publicize_message":"","jetpack_publicize_feature_enabled":true,"jetpack_social_post_already_shared":true,"jetpack_social_options":{"image_generator_settings":{"template":"highway","default_image_id":0,"font":"","enabled":false},"version":2},"_wpas_customize_per_network":false},"product_brand":[1595],"product_cat":[1552,1598,1562,1571,1580,1454],"product_tag":[1556,1481,1557,1582,1581,1569,1480,1458],"class_list":{"0":"post-32966","1":"product","2":"type-product","3":"status-publish","4":"has-post-thumbnail","6":"product_brand-pretty-love","7":"product_cat-anal","8":"product_cat-couples","9":"product_cat-anal-dildo","10":"product_cat-g-spot-dildo","11":"product_cat-lgbt","12":"product_cat-women","13":"product_tag-anal","14":"product_tag-app-controlled","15":"product_tag-couples","16":"product_tag-gay","17":"product_tag-lgbt","18":"product_tag-penetration","19":"product_tag-remote-controlled","20":"product_tag-vibrator","22":"first","23":"instock","24":"taxable","25":"shipping-taxable","26":"purchasable","27":"product-type-simple"},"yoast_head":"<!-- This site is optimized with the Yoast SEO Premium plugin v27.1 (Yoast SEO v27.6) - https:\/\/yoast.com\/product\/yoast-seo-premium-wordpress\/ -->\n<title>PRETTY LOVE - SLIDING SKIN SERIES REALISTIC DILDO WITH SLIDING SKIN SUCTION CUP REMOTE CONTROL FLESH 24 CM - SayOh<\/title>\n<meta name=\"description\" content=\"Shop the pretty sliding skin series \u2014 designed for unforgettable pleasure. Premium quality by PRETTY LOVE HIGH GRADE. Discreet delivery across Denmark.\" \/>\n<meta name=\"robots\" content=\"index, follow, max-snippet:-1, max-image-preview:large, max-video-preview:-1\" \/>\n<link rel=\"canonical\" href=\"https:\/\/sayoh.com\/sv\/produkt\/pretty-love-sliding-skin-series-realistic-dildo-with-sliding-skin-suction-cup-remote-control-flesh-24-cm\/\" \/>\n<meta property=\"og:locale\" content=\"sv_SE\" \/>\n<meta property=\"og:type\" content=\"article\" \/>\n<meta property=\"og:title\" content=\"PRETTY LOVE - SLIDING SKIN SERIES REALISTIC DILDO WITH SLIDING SKIN SUCTION CUP REMOTE CONTROL FLESH 24 CM\" \/>\n<meta property=\"og:description\" content=\"Shop the pretty sliding skin series \u2014 designed for unforgettable pleasure. Premium quality by PRETTY LOVE HIGH GRADE. Discreet delivery across Denmark.\" \/>\n<meta property=\"og:url\" content=\"https:\/\/sayoh.com\/sv\/produkt\/pretty-love-sliding-skin-series-realistic-dildo-with-sliding-skin-suction-cup-remote-control-flesh-24-cm\/\" \/>\n<meta property=\"og:site_name\" content=\"SayOh\" \/>\n<meta property=\"article:modified_time\" content=\"2026-04-30T08:07:02+00:00\" \/>\n<meta property=\"og:image\" content=\"https:\/\/i0.wp.com\/sayoh.com\/wp-content\/uploads\/2026\/03\/img_165205_d84e19d871f10b4f4e1aa62489c88258_1.jpg?fit=800%2C800&ssl=1\" \/>\n\t<meta property=\"og:image:width\" content=\"800\" \/>\n\t<meta property=\"og:image:height\" content=\"800\" \/>\n\t<meta property=\"og:image:type\" content=\"image\/jpeg\" \/>\n<meta name=\"twitter:card\" content=\"summary_large_image\" \/>\n<meta name=\"twitter:label1\" content=\"Ber\u00e4knad l\u00e4stid\" \/>\n\t<meta name=\"twitter:data1\" content=\"2 minuter\" \/>\n<script type=\"application\/ld+json\" class=\"yoast-schema-graph\">{\"@context\":\"https:\\\/\\\/schema.org\",\"@graph\":[{\"@type\":\"WebPage\",\"@id\":\"https:\\\/\\\/sayoh.com\\\/product\\\/pretty-love-sliding-skin-series-realistic-dildo-with-sliding-skin-suction-cup-remote-control-flesh-24-cm\\\/\",\"url\":\"https:\\\/\\\/sayoh.com\\\/product\\\/pretty-love-sliding-skin-series-realistic-dildo-with-sliding-skin-suction-cup-remote-control-flesh-24-cm\\\/\",\"name\":\"PRETTY LOVE - SLIDING SKIN SERIES REALISTIC DILDO WITH SLIDING SKIN SUCTION CUP REMOTE CONTROL FLESH 24 CM - SayOh\",\"isPartOf\":{\"@id\":\"https:\\\/\\\/sayoh.com\\\/#website\"},\"primaryImageOfPage\":{\"@id\":\"https:\\\/\\\/sayoh.com\\\/product\\\/pretty-love-sliding-skin-series-realistic-dildo-with-sliding-skin-suction-cup-remote-control-flesh-24-cm\\\/#primaryimage\"},\"image\":{\"@id\":\"https:\\\/\\\/sayoh.com\\\/product\\\/pretty-love-sliding-skin-series-realistic-dildo-with-sliding-skin-suction-cup-remote-control-flesh-24-cm\\\/#primaryimage\"},\"thumbnailUrl\":\"https:\\\/\\\/i0.wp.com\\\/sayoh.com\\\/wp-content\\\/uploads\\\/2026\\\/03\\\/img_165205_d84e19d871f10b4f4e1aa62489c88258_1.jpg?fit=800%2C800&ssl=1\",\"datePublished\":\"2026-03-05T08:03:13+00:00\",\"dateModified\":\"2026-04-30T08:07:02+00:00\",\"description\":\"Shop the pretty sliding skin series \u2014 designed for unforgettable pleasure. Premium quality by PRETTY LOVE HIGH GRADE. Discreet delivery across Denmark.\",\"breadcrumb\":{\"@id\":\"https:\\\/\\\/sayoh.com\\\/product\\\/pretty-love-sliding-skin-series-realistic-dildo-with-sliding-skin-suction-cup-remote-control-flesh-24-cm\\\/#breadcrumb\"},\"inLanguage\":\"sv-SE\",\"potentialAction\":[{\"@type\":\"ReadAction\",\"target\":[\"https:\\\/\\\/sayoh.com\\\/product\\\/pretty-love-sliding-skin-series-realistic-dildo-with-sliding-skin-suction-cup-remote-control-flesh-24-cm\\\/\"]}]},{\"@type\":\"ImageObject\",\"inLanguage\":\"sv-SE\",\"@id\":\"https:\\\/\\\/sayoh.com\\\/product\\\/pretty-love-sliding-skin-series-realistic-dildo-with-sliding-skin-suction-cup-remote-control-flesh-24-cm\\\/#primaryimage\",\"url\":\"https:\\\/\\\/i0.wp.com\\\/sayoh.com\\\/wp-content\\\/uploads\\\/2026\\\/03\\\/img_165205_d84e19d871f10b4f4e1aa62489c88258_1.jpg?fit=800%2C800&ssl=1\",\"contentUrl\":\"https:\\\/\\\/i0.wp.com\\\/sayoh.com\\\/wp-content\\\/uploads\\\/2026\\\/03\\\/img_165205_d84e19d871f10b4f4e1aa62489c88258_1.jpg?fit=800%2C800&ssl=1\",\"width\":800,\"height\":800},{\"@type\":\"BreadcrumbList\",\"@id\":\"https:\\\/\\\/sayoh.com\\\/product\\\/pretty-love-sliding-skin-series-realistic-dildo-with-sliding-skin-suction-cup-remote-control-flesh-24-cm\\\/#breadcrumb\",\"itemListElement\":[{\"@type\":\"ListItem\",\"position\":1,\"name\":\"Home\",\"item\":\"https:\\\/\\\/sayoh.com\\\/\"},{\"@type\":\"ListItem\",\"position\":2,\"name\":\"Shop\",\"item\":\"https:\\\/\\\/sayoh.com\\\/shop\\\/\"},{\"@type\":\"ListItem\",\"position\":3,\"name\":\"PRETTY LOVE &#8211; SLIDING SKIN SERIES REALISTIC DILDO WITH SLIDING SKIN SUCTION CUP REMOTE CONTROL FLESH 24 CM\"}]},{\"@type\":\"WebSite\",\"@id\":\"https:\\\/\\\/sayoh.com\\\/#website\",\"url\":\"https:\\\/\\\/sayoh.com\\\/\",\"name\":\"Say Oh\",\"description\":\"Playful, fun and safe sex\",\"publisher\":{\"@id\":\"https:\\\/\\\/sayoh.com\\\/#organization\"},\"potentialAction\":[{\"@type\":\"SearchAction\",\"target\":{\"@type\":\"EntryPoint\",\"urlTemplate\":\"https:\\\/\\\/sayoh.com\\\/?s={search_term_string}\"},\"query-input\":{\"@type\":\"PropertyValueSpecification\",\"valueRequired\":true,\"valueName\":\"search_term_string\"}}],\"inLanguage\":\"sv-SE\"},{\"@type\":\"Organization\",\"@id\":\"https:\\\/\\\/sayoh.com\\\/#organization\",\"name\":\"Say Oh\",\"url\":\"https:\\\/\\\/sayoh.com\\\/\",\"logo\":{\"@type\":\"ImageObject\",\"inLanguage\":\"sv-SE\",\"@id\":\"https:\\\/\\\/sayoh.com\\\/#\\\/schema\\\/logo\\\/image\\\/\",\"url\":\"https:\\\/\\\/i0.wp.com\\\/sayoh.com\\\/wp-content\\\/uploads\\\/2023\\\/11\\\/cropped-image_123650291.jpg?fit=512%2C512&ssl=1\",\"contentUrl\":\"https:\\\/\\\/i0.wp.com\\\/sayoh.com\\\/wp-content\\\/uploads\\\/2023\\\/11\\\/cropped-image_123650291.jpg?fit=512%2C512&ssl=1\",\"width\":512,\"height\":512,\"caption\":\"Say Oh\"},\"image\":{\"@id\":\"https:\\\/\\\/sayoh.com\\\/#\\\/schema\\\/logo\\\/image\\\/\"}}]}<\/script>\n<!-- \/ Yoast SEO Premium plugin. -->","yoast_head_json":{"title":"PRETTY LOVE - SLIDING SKIN SERIES REALISTIC DILDO WITH SLIDING SKIN SUCTION CUP REMOTE CONTROL FLESH 24 CM - SayOh","description":"Shop the pretty sliding skin series \u2014 designed for unforgettable pleasure. Premium quality by PRETTY LOVE HIGH GRADE. Discreet delivery across Denmark.","robots":{"index":"index","follow":"follow","max-snippet":"max-snippet:-1","max-image-preview":"max-image-preview:large","max-video-preview":"max-video-preview:-1"},"canonical":"https:\/\/sayoh.com\/sv\/produkt\/pretty-love-sliding-skin-series-realistic-dildo-with-sliding-skin-suction-cup-remote-control-flesh-24-cm\/","og_locale":"sv_SE","og_type":"article","og_title":"PRETTY LOVE - SLIDING SKIN SERIES REALISTIC DILDO WITH SLIDING SKIN SUCTION CUP REMOTE CONTROL FLESH 24 CM","og_description":"Shop the pretty sliding skin series \u2014 designed for unforgettable pleasure. Premium quality by PRETTY LOVE HIGH GRADE. Discreet delivery across Denmark.","og_url":"https:\/\/sayoh.com\/sv\/produkt\/pretty-love-sliding-skin-series-realistic-dildo-with-sliding-skin-suction-cup-remote-control-flesh-24-cm\/","og_site_name":"SayOh","article_modified_time":"2026-04-30T08:07:02+00:00","og_image":[{"width":800,"height":800,"url":"https:\/\/i0.wp.com\/sayoh.com\/wp-content\/uploads\/2026\/03\/img_165205_d84e19d871f10b4f4e1aa62489c88258_1.jpg?fit=800%2C800&ssl=1","type":"image\/jpeg"}],"twitter_card":"summary_large_image","twitter_misc":{"Ber\u00e4knad l\u00e4stid":"2 minuter"},"schema":{"@context":"https:\/\/schema.org","@graph":[{"@type":"WebPage","@id":"https:\/\/sayoh.com\/product\/pretty-love-sliding-skin-series-realistic-dildo-with-sliding-skin-suction-cup-remote-control-flesh-24-cm\/","url":"https:\/\/sayoh.com\/product\/pretty-love-sliding-skin-series-realistic-dildo-with-sliding-skin-suction-cup-remote-control-flesh-24-cm\/","name":"PRETTY LOVE - SLIDING SKIN SERIES REALISTIC DILDO WITH SLIDING SKIN SUCTION CUP REMOTE CONTROL FLESH 24 CM - SayOh","isPartOf":{"@id":"https:\/\/sayoh.com\/#website"},"primaryImageOfPage":{"@id":"https:\/\/sayoh.com\/product\/pretty-love-sliding-skin-series-realistic-dildo-with-sliding-skin-suction-cup-remote-control-flesh-24-cm\/#primaryimage"},"image":{"@id":"https:\/\/sayoh.com\/product\/pretty-love-sliding-skin-series-realistic-dildo-with-sliding-skin-suction-cup-remote-control-flesh-24-cm\/#primaryimage"},"thumbnailUrl":"https:\/\/i0.wp.com\/sayoh.com\/wp-content\/uploads\/2026\/03\/img_165205_d84e19d871f10b4f4e1aa62489c88258_1.jpg?fit=800%2C800&ssl=1","datePublished":"2026-03-05T08:03:13+00:00","dateModified":"2026-04-30T08:07:02+00:00","description":"Shop the pretty sliding skin series \u2014 designed for unforgettable pleasure. Premium quality by PRETTY LOVE HIGH GRADE. Discreet delivery across Denmark.","breadcrumb":{"@id":"https:\/\/sayoh.com\/product\/pretty-love-sliding-skin-series-realistic-dildo-with-sliding-skin-suction-cup-remote-control-flesh-24-cm\/#breadcrumb"},"inLanguage":"sv-SE","potentialAction":[{"@type":"ReadAction","target":["https:\/\/sayoh.com\/product\/pretty-love-sliding-skin-series-realistic-dildo-with-sliding-skin-suction-cup-remote-control-flesh-24-cm\/"]}]},{"@type":"ImageObject","inLanguage":"sv-SE","@id":"https:\/\/sayoh.com\/product\/pretty-love-sliding-skin-series-realistic-dildo-with-sliding-skin-suction-cup-remote-control-flesh-24-cm\/#primaryimage","url":"https:\/\/i0.wp.com\/sayoh.com\/wp-content\/uploads\/2026\/03\/img_165205_d84e19d871f10b4f4e1aa62489c88258_1.jpg?fit=800%2C800&ssl=1","contentUrl":"https:\/\/i0.wp.com\/sayoh.com\/wp-content\/uploads\/2026\/03\/img_165205_d84e19d871f10b4f4e1aa62489c88258_1.jpg?fit=800%2C800&ssl=1","width":800,"height":800},{"@type":"BreadcrumbList","@id":"https:\/\/sayoh.com\/product\/pretty-love-sliding-skin-series-realistic-dildo-with-sliding-skin-suction-cup-remote-control-flesh-24-cm\/#breadcrumb","itemListElement":[{"@type":"ListItem","position":1,"name":"Home","item":"https:\/\/sayoh.com\/"},{"@type":"ListItem","position":2,"name":"Shop","item":"https:\/\/sayoh.com\/shop\/"},{"@type":"ListItem","position":3,"name":"PRETTY LOVE &#8211; SLIDING SKIN SERIES REALISTIC DILDO WITH SLIDING SKIN SUCTION CUP REMOTE CONTROL FLESH 24 CM"}]},{"@type":"WebSite","@id":"https:\/\/sayoh.com\/#website","url":"https:\/\/sayoh.com\/","name":"S\u00e4g Oh","description":"Lekfullt, roligt och s\u00e4kert sex","publisher":{"@id":"https:\/\/sayoh.com\/#organization"},"potentialAction":[{"@type":"SearchAction","target":{"@type":"EntryPoint","urlTemplate":"https:\/\/sayoh.com\/?s={search_term_string}"},"query-input":{"@type":"PropertyValueSpecification","valueRequired":true,"valueName":"search_term_string"}}],"inLanguage":"sv-SE"},{"@type":"Organization","@id":"https:\/\/sayoh.com\/#organization","name":"S\u00e4g Oh","url":"https:\/\/sayoh.com\/","logo":{"@type":"ImageObject","inLanguage":"sv-SE","@id":"https:\/\/sayoh.com\/#\/schema\/logo\/image\/","url":"https:\/\/i0.wp.com\/sayoh.com\/wp-content\/uploads\/2023\/11\/cropped-image_123650291.jpg?fit=512%2C512&ssl=1","contentUrl":"https:\/\/i0.wp.com\/sayoh.com\/wp-content\/uploads\/2023\/11\/cropped-image_123650291.jpg?fit=512%2C512&ssl=1","width":512,"height":512,"caption":"Say Oh"},"image":{"@id":"https:\/\/sayoh.com\/#\/schema\/logo\/image\/"}}]}},"jetpack_publicize_connections":[],"jetpack_likes_enabled":true,"jetpack_sharing_enabled":true,"jetpack-related-posts":[{"id":32968,"url":"https:\/\/sayoh.com\/sv\/produkt\/pretty-love-sliding-skin-series-realistic-dildo-with-sliding-skin-suction-cup-remote-control-flesh-21-8-cm\/","url_meta":{"origin":32966,"position":0},"title":"PRETTY LOVE &#8211; SLIDING SKIN SERIES REALISTIC DILDO WITH SLIDING SKIN SUCTION CUP REMOTE CONTROL FLESH 21.8 CM","author":"Admin","date":"mars 5, 2026","format":false,"excerpt":"The PRETTY LOVE - SLIDING SKIN SERIES REALISTIC DILDO WITH SLIDING SKIN SUCTION CUP REMOTE CONTROL FLESH 21.8 CM by PRETTY LOVE HIGH GRADE delivers exactly what you need \u2014 intense, reliable pleasure in a beautifully designed package. This premium dildo is perfect for anyone who refuses to settle for\u2026","rel":"","context":"Liknande inl\u00e4gg","block_context":{"text":"Liknande inl\u00e4gg","link":""},"img":{"alt_text":"","src":"https:\/\/i0.wp.com\/sayoh.com\/wp-content\/uploads\/2026\/03\/img_165207_10010e05804773f4fb3e0ffb2fcc75b3_1.jpg?fit=800%2C800&ssl=1&resize=350%2C200","width":350,"height":200,"srcset":"https:\/\/i0.wp.com\/sayoh.com\/wp-content\/uploads\/2026\/03\/img_165207_10010e05804773f4fb3e0ffb2fcc75b3_1.jpg?fit=800%2C800&ssl=1&resize=350%2C200 1x, https:\/\/i0.wp.com\/sayoh.com\/wp-content\/uploads\/2026\/03\/img_165207_10010e05804773f4fb3e0ffb2fcc75b3_1.jpg?fit=800%2C800&ssl=1&resize=525%2C300 1.5x, https:\/\/i0.wp.com\/sayoh.com\/wp-content\/uploads\/2026\/03\/img_165207_10010e05804773f4fb3e0ffb2fcc75b3_1.jpg?fit=800%2C800&ssl=1&resize=700%2C400 2x"},"classes":[]},{"id":32991,"url":"https:\/\/sayoh.com\/sv\/produkt\/pretty-love-sliding-skin-series-realistic-dildo-with-sliding-skin-suction-cup-flesh-26-cm\/","url_meta":{"origin":32966,"position":1},"title":"PRETTY LOVE &#8211; SLIDING SKIN SERIES REALISTIC DILDO WITH SLIDING SKIN SUCTION CUP FLESH 26 CM","author":"Admin","date":"mars 5, 2026","format":false,"excerpt":"The PRETTY LOVE - SLIDING SKIN SERIES REALISTIC DILDO WITH SLIDING SKIN SUCTION CUP FLESH 26 CM by PRETTY LOVE HIGH GRADE delivers exactly what you need \u2014 intense, reliable pleasure in a beautifully designed package. This premium dildo is perfect for anyone who refuses to settle for less.","rel":"","context":"Liknande inl\u00e4gg","block_context":{"text":"Liknande inl\u00e4gg","link":""},"img":{"alt_text":"","src":"https:\/\/i0.wp.com\/sayoh.com\/wp-content\/uploads\/2026\/03\/img_173309_18eff6cfdfcfaac705c6fd38c40cc51a_1.jpg?fit=800%2C800&ssl=1&resize=350%2C200","width":350,"height":200,"srcset":"https:\/\/i0.wp.com\/sayoh.com\/wp-content\/uploads\/2026\/03\/img_173309_18eff6cfdfcfaac705c6fd38c40cc51a_1.jpg?fit=800%2C800&ssl=1&resize=350%2C200 1x, https:\/\/i0.wp.com\/sayoh.com\/wp-content\/uploads\/2026\/03\/img_173309_18eff6cfdfcfaac705c6fd38c40cc51a_1.jpg?fit=800%2C800&ssl=1&resize=525%2C300 1.5x, https:\/\/i0.wp.com\/sayoh.com\/wp-content\/uploads\/2026\/03\/img_173309_18eff6cfdfcfaac705c6fd38c40cc51a_1.jpg?fit=800%2C800&ssl=1&resize=700%2C400 2x"},"classes":[]},{"id":32927,"url":"https:\/\/sayoh.com\/sv\/produkt\/pretty-love-sliding-skin-series-realistic-dildo-with-sliding-skin-suction-cup-flesh-20-5-cm\/","url_meta":{"origin":32966,"position":2},"title":"PRETTY LOVE &#8211; SLIDING SKIN SERIES REALISTIC DILDO WITH SLIDING SKIN SUCTION CUP FLESH 20.5 CM","author":"Admin","date":"mars 5, 2026","format":false,"excerpt":"The PRETTY LOVE - SLIDING SKIN SERIES REALISTIC DILDO WITH SLIDING SKIN SUCTION CUP FLESH 20.5 CM from PRETTY LOVE HIGH GRADE is the dildo you have been looking for. Designed for comfort, built for pleasure, and delivered discreetly to your door across Denmark.","rel":"","context":"Liknande inl\u00e4gg","block_context":{"text":"Liknande inl\u00e4gg","link":""},"img":{"alt_text":"","src":"https:\/\/i0.wp.com\/sayoh.com\/wp-content\/uploads\/2026\/03\/img_165186_f071fceefe8771e546b87f96d3d463ea_1.jpg?fit=800%2C800&ssl=1&resize=350%2C200","width":350,"height":200,"srcset":"https:\/\/i0.wp.com\/sayoh.com\/wp-content\/uploads\/2026\/03\/img_165186_f071fceefe8771e546b87f96d3d463ea_1.jpg?fit=800%2C800&ssl=1&resize=350%2C200 1x, https:\/\/i0.wp.com\/sayoh.com\/wp-content\/uploads\/2026\/03\/img_165186_f071fceefe8771e546b87f96d3d463ea_1.jpg?fit=800%2C800&ssl=1&resize=525%2C300 1.5x, https:\/\/i0.wp.com\/sayoh.com\/wp-content\/uploads\/2026\/03\/img_165186_f071fceefe8771e546b87f96d3d463ea_1.jpg?fit=800%2C800&ssl=1&resize=700%2C400 2x"},"classes":[]},{"id":32959,"url":"https:\/\/sayoh.com\/sv\/produkt\/pretty-love-sliding-skin-series-realistic-dildo-with-sliding-skin-suction-cup-flesh-23-4-cm\/","url_meta":{"origin":32966,"position":3},"title":"PRETTY LOVE &#8211; SLIDING SKIN SERIES REALISTIC DILDO WITH SLIDING SKIN SUCTION CUP FLESH 23.4 CM","author":"Admin","date":"mars 5, 2026","format":false,"excerpt":"Meet the PRETTY LOVE - SLIDING SKIN SERIES REALISTIC DILDO WITH SLIDING SKIN SUCTION CUP FLESH 23.4 CM from PRETTY LOVE HIGH GRADE \u2014 a dildo that combines stunning design with unforgettable performance. Treat yourself to something that truly elevates the experience.","rel":"","context":"Liknande inl\u00e4gg","block_context":{"text":"Liknande inl\u00e4gg","link":""},"img":{"alt_text":"","src":"https:\/\/i0.wp.com\/sayoh.com\/wp-content\/uploads\/2026\/03\/img_165195_209f53be0c623f6c455ce7df096beefa_1.jpg?fit=800%2C800&ssl=1&resize=350%2C200","width":350,"height":200,"srcset":"https:\/\/i0.wp.com\/sayoh.com\/wp-content\/uploads\/2026\/03\/img_165195_209f53be0c623f6c455ce7df096beefa_1.jpg?fit=800%2C800&ssl=1&resize=350%2C200 1x, https:\/\/i0.wp.com\/sayoh.com\/wp-content\/uploads\/2026\/03\/img_165195_209f53be0c623f6c455ce7df096beefa_1.jpg?fit=800%2C800&ssl=1&resize=525%2C300 1.5x, https:\/\/i0.wp.com\/sayoh.com\/wp-content\/uploads\/2026\/03\/img_165195_209f53be0c623f6c455ce7df096beefa_1.jpg?fit=800%2C800&ssl=1&resize=700%2C400 2x"},"classes":[]},{"id":32995,"url":"https:\/\/sayoh.com\/sv\/produkt\/pretty-love-sliding-skin-series-realistic-dildo-with-sliding-skin-suction-cup-brown-26-cm\/","url_meta":{"origin":32966,"position":4},"title":"PRETTY LOVE &#8211; SLIDING SKIN SERIES REALISTIC DILDO WITH SLIDING SKIN SUCTION CUP BROWN 26 CM","author":"Admin","date":"mars 5, 2026","format":false,"excerpt":"The PRETTY LOVE - SLIDING SKIN SERIES REALISTIC DILDO WITH SLIDING SKIN SUCTION CUP BROWN 26 CM from PRETTY LOVE HIGH GRADE is the dildo you have been looking for. Designed for comfort, built for pleasure, and delivered discreetly to your door across Denmark.","rel":"","context":"Liknande inl\u00e4gg","block_context":{"text":"Liknande inl\u00e4gg","link":""},"img":{"alt_text":"","src":"https:\/\/i0.wp.com\/sayoh.com\/wp-content\/uploads\/2026\/03\/img_173316_97457039d3eb9c3297d8233817c1948a_1.jpg?fit=800%2C800&ssl=1&resize=350%2C200","width":350,"height":200,"srcset":"https:\/\/i0.wp.com\/sayoh.com\/wp-content\/uploads\/2026\/03\/img_173316_97457039d3eb9c3297d8233817c1948a_1.jpg?fit=800%2C800&ssl=1&resize=350%2C200 1x, https:\/\/i0.wp.com\/sayoh.com\/wp-content\/uploads\/2026\/03\/img_173316_97457039d3eb9c3297d8233817c1948a_1.jpg?fit=800%2C800&ssl=1&resize=525%2C300 1.5x, https:\/\/i0.wp.com\/sayoh.com\/wp-content\/uploads\/2026\/03\/img_173316_97457039d3eb9c3297d8233817c1948a_1.jpg?fit=800%2C800&ssl=1&resize=700%2C400 2x"},"classes":[]},{"id":32946,"url":"https:\/\/sayoh.com\/sv\/produkt\/pretty-love-sliding-skin-series-realistic-dildo-with-sliding-skin-suction-cup-brown-20-5-cm\/","url_meta":{"origin":32966,"position":5},"title":"PRETTY LOVE &#8211; SLIDING SKIN SERIES REALISTIC DILDO WITH SLIDING SKIN SUCTION CUP BROWN 20.5 CM","author":"Admin","date":"mars 5, 2026","format":false,"excerpt":"The PRETTY LOVE - SLIDING SKIN SERIES REALISTIC DILDO WITH SLIDING SKIN SUCTION CUP BROWN 20.5 CM from PRETTY LOVE HIGH GRADE is the dildo you have been looking for. Designed for comfort, built for pleasure, and delivered discreetly to your door across Denmark.","rel":"","context":"Liknande inl\u00e4gg","block_context":{"text":"Liknande inl\u00e4gg","link":""},"img":{"alt_text":"","src":"https:\/\/i0.wp.com\/sayoh.com\/wp-content\/uploads\/2026\/03\/img_165193_5f3dbf0cd8463b6847e62cddcb6b0d84_1.jpg?fit=800%2C800&ssl=1&resize=350%2C200","width":350,"height":200,"srcset":"https:\/\/i0.wp.com\/sayoh.com\/wp-content\/uploads\/2026\/03\/img_165193_5f3dbf0cd8463b6847e62cddcb6b0d84_1.jpg?fit=800%2C800&ssl=1&resize=350%2C200 1x, https:\/\/i0.wp.com\/sayoh.com\/wp-content\/uploads\/2026\/03\/img_165193_5f3dbf0cd8463b6847e62cddcb6b0d84_1.jpg?fit=800%2C800&ssl=1&resize=525%2C300 1.5x, https:\/\/i0.wp.com\/sayoh.com\/wp-content\/uploads\/2026\/03\/img_165193_5f3dbf0cd8463b6847e62cddcb6b0d84_1.jpg?fit=800%2C800&ssl=1&resize=700%2C400 2x"},"classes":[]}],"_links":{"self":[{"href":"https:\/\/sayoh.com\/sv\/wp-json\/wp\/v2\/product\/32966","targetHints":{"allow":["GET"]}}],"collection":[{"href":"https:\/\/sayoh.com\/sv\/wp-json\/wp\/v2\/product"}],"about":[{"href":"https:\/\/sayoh.com\/sv\/wp-json\/wp\/v2\/types\/product"}],"replies":[{"embeddable":true,"href":"https:\/\/sayoh.com\/sv\/wp-json\/wp\/v2\/comments?post=32966"}],"version-history":[{"count":0,"href":"https:\/\/sayoh.com\/sv\/wp-json\/wp\/v2\/product\/32966\/revisions"}],"wp:featuredmedia":[{"embeddable":true,"href":"https:\/\/sayoh.com\/sv\/wp-json\/wp\/v2\/media\/32952"}],"wp:attachment":[{"href":"https:\/\/sayoh.com\/sv\/wp-json\/wp\/v2\/media?parent=32966"}],"wp:term":[{"taxonomy":"product_brand","embeddable":true,"href":"https:\/\/sayoh.com\/sv\/wp-json\/wp\/v2\/product_brand?post=32966"},{"taxonomy":"product_cat","embeddable":true,"href":"https:\/\/sayoh.com\/sv\/wp-json\/wp\/v2\/product_cat?post=32966"},{"taxonomy":"product_tag","embeddable":true,"href":"https:\/\/sayoh.com\/sv\/wp-json\/wp\/v2\/product_tag?post=32966"}],"curies":[{"name":"wp","href":"https:\/\/api.w.org\/{rel}","templated":true}]}}