{"id":36289,"date":"2026-03-16T09:04:53","date_gmt":"2026-03-16T08:04:53","guid":{"rendered":"https:\/\/sayoh.com\/product\/eros-yummy-spray-corporal-wild-and-berry-flirt-50-ml\/"},"modified":"2026-03-16T09:04:53","modified_gmt":"2026-03-16T08:04:53","slug":"eros-yummy-spray-corporal-wild-and-berry-flirt-50-ml","status":"publish","type":"product","link":"https:\/\/sayoh.com\/sv\/produkt\/eros-yummy-spray-corporal-wild-and-berry-flirt-50-ml\/","title":{"rendered":"EROS &#8211; YUMMY SPRAY CORPORAL WILD AND BERRY FLIRT 50 ML"},"content":{"rendered":"<h2>Kvalitet du kan k\u00e4nna<\/h2>\n<p>I samma \u00f6gonblick som du h\u00e5ller <strong>EROS &#8211; YUMMY SPRAY CORPORAL WILD AND BERRY FLIRT 50 ML<\/strong> in your hands, you will feel the difference. This is not another generic pleasure product \u2014 it is a carefully engineered pleasure product from EROS CLASSIC LINE that prioritises your satisfaction above all else.<\/p>\n<p>Det som g\u00f6r att denna njutningsprodukt verkligen sticker ut \u00e4r hur den k\u00e4nns n\u00e4r den anv\u00e4nds. Varje kontur, varje textur, varje detalj har beaktats f\u00f6r att maximera din upplevelse. Den <strong>EROS &#8211; YUMMY SPRAY CORPORAL WILD AND BERRY FLIRT 50 ML<\/strong> inte bara uppfyller f\u00f6rv\u00e4ntningarna - den omdefinierar dem.<\/p>\n<h2>Uppt\u00e4ck n\u00e5got speciellt<\/h2>\n<p>Utformningen av <strong>EROS &#8211; YUMMY SPRAY CORPORAL WILD AND BERRY FLIRT 50 ML<\/strong> strikes the perfect balance between form and function. It looks stunning, feels incredible, and performs exactly as promised. EROS CLASSIC LINE has a reputation for delivering quality, and this product is no exception.<\/p>\n<p>Oavsett om du \u00e4r f\u00f6rstag\u00e5ngsk\u00f6pare eller kompletterar en etablerad samling kommer du att uppskatta den tanke som har g\u00e5tt in i varje aspekt av denna n\u00f6jesprodukt. Det \u00e4r den typ av produkt som du rekommenderar till v\u00e4nner - diskret, f\u00f6rst\u00e5s.<\/p>\n<h2>Byggd f\u00f6r verkliga livet<\/h2>\n<p>Ut\u00f6ver n\u00f6jet \u00e4r <strong>EROS &#8211; YUMMY SPRAY CORPORAL WILD AND BERRY FLIRT 50 ML<\/strong> f\u00e5r h\u00f6ga po\u00e4ng f\u00f6r sin praktiska funktion. Den \u00e4r l\u00e4tt att reng\u00f6ra, enkel att f\u00f6rvara och byggd f\u00f6r att h\u00e5lla under m\u00e5nga sessioner. Materialen \u00e4r allergiv\u00e4nliga och kroppss\u00e4kra, s\u00e5 du beh\u00f6ver inte oroa dig f\u00f6r n\u00e5got annat \u00e4n att njuta.<\/p>\n<p>P\u00e5 Sayoh anser vi att alla f\u00f6rtj\u00e4nar tillg\u00e5ng till intimprodukter av h\u00f6g kvalitet utan att d\u00f6mas. Din best\u00e4llning levereras i en helt vanlig f\u00f6rpackning, och v\u00e5r snabba danska leverans inneb\u00e4r att du kan njuta av din nya <strong>EROS &#8211; YUMMY SPRAY CORPORAL WILD AND BERRY FLIRT 50 ML<\/strong> tidigare \u00e4n du tror.<\/p>\n<h2>Viktiga funktioner<\/h2>\n<ul>\n<li>Tillverkad av kroppss\u00e4kra material f\u00f6r din sinnesfrid<\/li>\n<li>Diskret f\u00f6rpackning och snabb leverans \u00f6ver hela Danmark<\/li>\n<li>Premium quality by EROS CLASSIC LINE<\/li>\n<li>L\u00e4tt att reng\u00f6ra och underh\u00e5lla f\u00f6r l\u00e5ngvarig njutning<\/li>\n<li>Ergonomiskt utformad f\u00f6r att passa din kropp p\u00e5 ett naturligt s\u00e4tt<\/li>\n<li>Perfekt f\u00f6r solo\u00e4ventyr eller gemensamma intima stunder<\/li>\n<\/ul>","protected":false},"excerpt":{"rendered":"<p>Den <strong>EROS &#8211; YUMMY SPRAY CORPORAL WILD AND BERRY FLIRT 50 ML<\/strong> from EROS CLASSIC LINE is the pleasure product you have been looking for. Designed for comfort, built for pleasure, and delivered discreetly to your door across Denmark.<\/p>","protected":false},"featured_media":36287,"comment_status":"open","ping_status":"closed","template":"","meta":{"_crdt_document":"","_monsterinsights_skip_tracking":false,"_monsterinsights_sitenote_active":false,"_monsterinsights_sitenote_note":"","_monsterinsights_sitenote_category":0,"jetpack_post_was_ever_published":false,"jetpack_publicize_message":"","jetpack_publicize_feature_enabled":true,"jetpack_social_post_already_shared":true,"jetpack_social_options":{"image_generator_settings":{"template":"highway","default_image_id":0,"font":"","enabled":false},"version":2},"_wpas_customize_per_network":false},"product_brand":[],"product_cat":[1472],"product_tag":[],"class_list":{"0":"post-36289","1":"product","2":"type-product","3":"status-publish","4":"has-post-thumbnail","6":"product_cat-accessories","8":"first","9":"outofstock","10":"taxable","11":"shipping-taxable","12":"purchasable","13":"product-type-simple"},"yoast_head":"<!-- This site is optimized with the Yoast SEO Premium plugin v27.1 (Yoast SEO v27.3) - https:\/\/yoast.com\/product\/yoast-seo-premium-wordpress\/ -->\n<title>EROS - YUMMY SPRAY CORPORAL WILD AND BERRY FLIRT 50 ML - SayOh<\/title>\n<meta name=\"description\" content=\"Shop the eros yummy spray corporal \u2014 designed for unforgettable pleasure. Premium quality by EROS CLASSIC LINE. Discreet delivery across Denmark.\" \/>\n<meta name=\"robots\" content=\"index, follow, max-snippet:-1, max-image-preview:large, max-video-preview:-1\" \/>\n<link rel=\"canonical\" href=\"https:\/\/sayoh.com\/sv\/produkt\/eros-yummy-spray-corporal-wild-and-berry-flirt-50-ml\/\" \/>\n<meta property=\"og:locale\" content=\"sv_SE\" \/>\n<meta property=\"og:type\" content=\"article\" \/>\n<meta property=\"og:title\" content=\"EROS - YUMMY SPRAY CORPORAL WILD AND BERRY FLIRT 50 ML\" \/>\n<meta property=\"og:description\" content=\"Shop the eros yummy spray corporal \u2014 designed for unforgettable pleasure. Premium quality by EROS CLASSIC LINE. Discreet delivery across Denmark.\" \/>\n<meta property=\"og:url\" content=\"https:\/\/sayoh.com\/sv\/produkt\/eros-yummy-spray-corporal-wild-and-berry-flirt-50-ml\/\" \/>\n<meta property=\"og:site_name\" content=\"SayOh\" \/>\n<meta property=\"og:image\" content=\"https:\/\/i0.wp.com\/sayoh.com\/wp-content\/uploads\/2026\/03\/img_173862_12a76258d4b96828d6cad952c888c8b5_1.jpg?fit=800%2C800&ssl=1\" \/>\n\t<meta property=\"og:image:width\" content=\"800\" \/>\n\t<meta property=\"og:image:height\" content=\"800\" \/>\n\t<meta property=\"og:image:type\" content=\"image\/jpeg\" \/>\n<meta name=\"twitter:card\" content=\"summary_large_image\" \/>\n<meta name=\"twitter:label1\" content=\"Ber\u00e4knad l\u00e4stid\" \/>\n\t<meta name=\"twitter:data1\" content=\"2 minuter\" \/>\n<script type=\"application\/ld+json\" class=\"yoast-schema-graph\">{\"@context\":\"https:\\\/\\\/schema.org\",\"@graph\":[{\"@type\":\"WebPage\",\"@id\":\"https:\\\/\\\/sayoh.com\\\/product\\\/eros-yummy-spray-corporal-wild-and-berry-flirt-50-ml\\\/\",\"url\":\"https:\\\/\\\/sayoh.com\\\/product\\\/eros-yummy-spray-corporal-wild-and-berry-flirt-50-ml\\\/\",\"name\":\"EROS - YUMMY SPRAY CORPORAL WILD AND BERRY FLIRT 50 ML - SayOh\",\"isPartOf\":{\"@id\":\"https:\\\/\\\/sayoh.com\\\/#website\"},\"primaryImageOfPage\":{\"@id\":\"https:\\\/\\\/sayoh.com\\\/product\\\/eros-yummy-spray-corporal-wild-and-berry-flirt-50-ml\\\/#primaryimage\"},\"image\":{\"@id\":\"https:\\\/\\\/sayoh.com\\\/product\\\/eros-yummy-spray-corporal-wild-and-berry-flirt-50-ml\\\/#primaryimage\"},\"thumbnailUrl\":\"https:\\\/\\\/i0.wp.com\\\/sayoh.com\\\/wp-content\\\/uploads\\\/2026\\\/03\\\/img_173862_12a76258d4b96828d6cad952c888c8b5_1.jpg?fit=800%2C800&ssl=1\",\"datePublished\":\"2026-03-16T08:04:53+00:00\",\"description\":\"Shop the eros yummy spray corporal \u2014 designed for unforgettable pleasure. Premium quality by EROS CLASSIC LINE. Discreet delivery across Denmark.\",\"breadcrumb\":{\"@id\":\"https:\\\/\\\/sayoh.com\\\/product\\\/eros-yummy-spray-corporal-wild-and-berry-flirt-50-ml\\\/#breadcrumb\"},\"inLanguage\":\"sv-SE\",\"potentialAction\":[{\"@type\":\"ReadAction\",\"target\":[\"https:\\\/\\\/sayoh.com\\\/product\\\/eros-yummy-spray-corporal-wild-and-berry-flirt-50-ml\\\/\"]}]},{\"@type\":\"ImageObject\",\"inLanguage\":\"sv-SE\",\"@id\":\"https:\\\/\\\/sayoh.com\\\/product\\\/eros-yummy-spray-corporal-wild-and-berry-flirt-50-ml\\\/#primaryimage\",\"url\":\"https:\\\/\\\/i0.wp.com\\\/sayoh.com\\\/wp-content\\\/uploads\\\/2026\\\/03\\\/img_173862_12a76258d4b96828d6cad952c888c8b5_1.jpg?fit=800%2C800&ssl=1\",\"contentUrl\":\"https:\\\/\\\/i0.wp.com\\\/sayoh.com\\\/wp-content\\\/uploads\\\/2026\\\/03\\\/img_173862_12a76258d4b96828d6cad952c888c8b5_1.jpg?fit=800%2C800&ssl=1\",\"width\":800,\"height\":800},{\"@type\":\"BreadcrumbList\",\"@id\":\"https:\\\/\\\/sayoh.com\\\/product\\\/eros-yummy-spray-corporal-wild-and-berry-flirt-50-ml\\\/#breadcrumb\",\"itemListElement\":[{\"@type\":\"ListItem\",\"position\":1,\"name\":\"Home\",\"item\":\"https:\\\/\\\/sayoh.com\\\/\"},{\"@type\":\"ListItem\",\"position\":2,\"name\":\"Shop\",\"item\":\"https:\\\/\\\/sayoh.com\\\/shop\\\/\"},{\"@type\":\"ListItem\",\"position\":3,\"name\":\"EROS &#8211; YUMMY SPRAY CORPORAL WILD AND BERRY FLIRT 50 ML\"}]},{\"@type\":\"WebSite\",\"@id\":\"https:\\\/\\\/sayoh.com\\\/#website\",\"url\":\"https:\\\/\\\/sayoh.com\\\/\",\"name\":\"Say Oh\",\"description\":\"Playful, fun and safe sex\",\"publisher\":{\"@id\":\"https:\\\/\\\/sayoh.com\\\/#organization\"},\"potentialAction\":[{\"@type\":\"SearchAction\",\"target\":{\"@type\":\"EntryPoint\",\"urlTemplate\":\"https:\\\/\\\/sayoh.com\\\/?s={search_term_string}\"},\"query-input\":{\"@type\":\"PropertyValueSpecification\",\"valueRequired\":true,\"valueName\":\"search_term_string\"}}],\"inLanguage\":\"sv-SE\"},{\"@type\":\"Organization\",\"@id\":\"https:\\\/\\\/sayoh.com\\\/#organization\",\"name\":\"Say Oh\",\"url\":\"https:\\\/\\\/sayoh.com\\\/\",\"logo\":{\"@type\":\"ImageObject\",\"inLanguage\":\"sv-SE\",\"@id\":\"https:\\\/\\\/sayoh.com\\\/#\\\/schema\\\/logo\\\/image\\\/\",\"url\":\"https:\\\/\\\/i0.wp.com\\\/sayoh.com\\\/wp-content\\\/uploads\\\/2023\\\/11\\\/cropped-image_123650291.jpg?fit=512%2C512&ssl=1\",\"contentUrl\":\"https:\\\/\\\/i0.wp.com\\\/sayoh.com\\\/wp-content\\\/uploads\\\/2023\\\/11\\\/cropped-image_123650291.jpg?fit=512%2C512&ssl=1\",\"width\":512,\"height\":512,\"caption\":\"Say Oh\"},\"image\":{\"@id\":\"https:\\\/\\\/sayoh.com\\\/#\\\/schema\\\/logo\\\/image\\\/\"}}]}<\/script>\n<!-- \/ Yoast SEO Premium plugin. -->","yoast_head_json":{"title":"EROS - YUMMY SPRAY CORPORAL WILD AND BERRY FLIRT 50 ML - SayOh","description":"Shop the eros yummy spray corporal \u2014 designed for unforgettable pleasure. Premium quality by EROS CLASSIC LINE. Discreet delivery across Denmark.","robots":{"index":"index","follow":"follow","max-snippet":"max-snippet:-1","max-image-preview":"max-image-preview:large","max-video-preview":"max-video-preview:-1"},"canonical":"https:\/\/sayoh.com\/sv\/produkt\/eros-yummy-spray-corporal-wild-and-berry-flirt-50-ml\/","og_locale":"sv_SE","og_type":"article","og_title":"EROS - YUMMY SPRAY CORPORAL WILD AND BERRY FLIRT 50 ML","og_description":"Shop the eros yummy spray corporal \u2014 designed for unforgettable pleasure. Premium quality by EROS CLASSIC LINE. Discreet delivery across Denmark.","og_url":"https:\/\/sayoh.com\/sv\/produkt\/eros-yummy-spray-corporal-wild-and-berry-flirt-50-ml\/","og_site_name":"SayOh","og_image":[{"width":800,"height":800,"url":"https:\/\/i0.wp.com\/sayoh.com\/wp-content\/uploads\/2026\/03\/img_173862_12a76258d4b96828d6cad952c888c8b5_1.jpg?fit=800%2C800&ssl=1","type":"image\/jpeg"}],"twitter_card":"summary_large_image","twitter_misc":{"Ber\u00e4knad l\u00e4stid":"2 minuter"},"schema":{"@context":"https:\/\/schema.org","@graph":[{"@type":"WebPage","@id":"https:\/\/sayoh.com\/product\/eros-yummy-spray-corporal-wild-and-berry-flirt-50-ml\/","url":"https:\/\/sayoh.com\/product\/eros-yummy-spray-corporal-wild-and-berry-flirt-50-ml\/","name":"EROS - YUMMY SPRAY CORPORAL WILD AND BERRY FLIRT 50 ML - SayOh","isPartOf":{"@id":"https:\/\/sayoh.com\/#website"},"primaryImageOfPage":{"@id":"https:\/\/sayoh.com\/product\/eros-yummy-spray-corporal-wild-and-berry-flirt-50-ml\/#primaryimage"},"image":{"@id":"https:\/\/sayoh.com\/product\/eros-yummy-spray-corporal-wild-and-berry-flirt-50-ml\/#primaryimage"},"thumbnailUrl":"https:\/\/i0.wp.com\/sayoh.com\/wp-content\/uploads\/2026\/03\/img_173862_12a76258d4b96828d6cad952c888c8b5_1.jpg?fit=800%2C800&ssl=1","datePublished":"2026-03-16T08:04:53+00:00","description":"Shop the eros yummy spray corporal \u2014 designed for unforgettable pleasure. Premium quality by EROS CLASSIC LINE. Discreet delivery across Denmark.","breadcrumb":{"@id":"https:\/\/sayoh.com\/product\/eros-yummy-spray-corporal-wild-and-berry-flirt-50-ml\/#breadcrumb"},"inLanguage":"sv-SE","potentialAction":[{"@type":"ReadAction","target":["https:\/\/sayoh.com\/product\/eros-yummy-spray-corporal-wild-and-berry-flirt-50-ml\/"]}]},{"@type":"ImageObject","inLanguage":"sv-SE","@id":"https:\/\/sayoh.com\/product\/eros-yummy-spray-corporal-wild-and-berry-flirt-50-ml\/#primaryimage","url":"https:\/\/i0.wp.com\/sayoh.com\/wp-content\/uploads\/2026\/03\/img_173862_12a76258d4b96828d6cad952c888c8b5_1.jpg?fit=800%2C800&ssl=1","contentUrl":"https:\/\/i0.wp.com\/sayoh.com\/wp-content\/uploads\/2026\/03\/img_173862_12a76258d4b96828d6cad952c888c8b5_1.jpg?fit=800%2C800&ssl=1","width":800,"height":800},{"@type":"BreadcrumbList","@id":"https:\/\/sayoh.com\/product\/eros-yummy-spray-corporal-wild-and-berry-flirt-50-ml\/#breadcrumb","itemListElement":[{"@type":"ListItem","position":1,"name":"Home","item":"https:\/\/sayoh.com\/"},{"@type":"ListItem","position":2,"name":"Shop","item":"https:\/\/sayoh.com\/shop\/"},{"@type":"ListItem","position":3,"name":"EROS &#8211; YUMMY SPRAY CORPORAL WILD AND BERRY FLIRT 50 ML"}]},{"@type":"WebSite","@id":"https:\/\/sayoh.com\/#website","url":"https:\/\/sayoh.com\/","name":"S\u00e4g Oh","description":"Lekfullt, roligt och s\u00e4kert sex","publisher":{"@id":"https:\/\/sayoh.com\/#organization"},"potentialAction":[{"@type":"SearchAction","target":{"@type":"EntryPoint","urlTemplate":"https:\/\/sayoh.com\/?s={search_term_string}"},"query-input":{"@type":"PropertyValueSpecification","valueRequired":true,"valueName":"search_term_string"}}],"inLanguage":"sv-SE"},{"@type":"Organization","@id":"https:\/\/sayoh.com\/#organization","name":"S\u00e4g Oh","url":"https:\/\/sayoh.com\/","logo":{"@type":"ImageObject","inLanguage":"sv-SE","@id":"https:\/\/sayoh.com\/#\/schema\/logo\/image\/","url":"https:\/\/i0.wp.com\/sayoh.com\/wp-content\/uploads\/2023\/11\/cropped-image_123650291.jpg?fit=512%2C512&ssl=1","contentUrl":"https:\/\/i0.wp.com\/sayoh.com\/wp-content\/uploads\/2023\/11\/cropped-image_123650291.jpg?fit=512%2C512&ssl=1","width":512,"height":512,"caption":"Say Oh"},"image":{"@id":"https:\/\/sayoh.com\/#\/schema\/logo\/image\/"}}]}},"jetpack_publicize_connections":[],"jetpack_likes_enabled":true,"jetpack_sharing_enabled":true,"jetpack-related-posts":[{"id":36298,"url":"https:\/\/sayoh.com\/sv\/produkt\/eros-yummy-spray-corporal-icebreaker-50-ml\/","url_meta":{"origin":36289,"position":0},"title":"EROS &#8211; YUMMY SPRAY CORPORAL ICEBREAKER 50 ML","author":"Admin","date":"mars 16, 2026","format":false,"excerpt":"The EROS - YUMMY SPRAY CORPORAL ICEBREAKER 50 ML from EROS CLASSIC LINE is the pleasure product you have been looking for. Designed for comfort, built for pleasure, and delivered discreetly to your door across Denmark.","rel":"","context":"Liknande inl\u00e4gg","block_context":{"text":"Liknande inl\u00e4gg","link":""},"img":{"alt_text":"","src":"https:\/\/i0.wp.com\/sayoh.com\/wp-content\/uploads\/2026\/03\/img_173876_1906db911bdd0c10788944e0e9bc4f1f_1.jpg?fit=800%2C800&ssl=1&resize=350%2C200","width":350,"height":200,"srcset":"https:\/\/i0.wp.com\/sayoh.com\/wp-content\/uploads\/2026\/03\/img_173876_1906db911bdd0c10788944e0e9bc4f1f_1.jpg?fit=800%2C800&ssl=1&resize=350%2C200 1x, https:\/\/i0.wp.com\/sayoh.com\/wp-content\/uploads\/2026\/03\/img_173876_1906db911bdd0c10788944e0e9bc4f1f_1.jpg?fit=800%2C800&ssl=1&resize=525%2C300 1.5x, https:\/\/i0.wp.com\/sayoh.com\/wp-content\/uploads\/2026\/03\/img_173876_1906db911bdd0c10788944e0e9bc4f1f_1.jpg?fit=800%2C800&ssl=1&resize=700%2C400 2x"},"classes":[]},{"id":36297,"url":"https:\/\/sayoh.com\/sv\/produkt\/eros-yummy-spray-corporal-green-apple-fusion-50-ml\/","url_meta":{"origin":36289,"position":1},"title":"EROS &#8211; YUMMY SPRAY CORPORAL GREEN APPLE FUSION 50 ML","author":"Admin","date":"mars 16, 2026","format":false,"excerpt":"The EROS - YUMMY SPRAY CORPORAL GREEN APPLE FUSION 50 ML from EROS CLASSIC LINE is the pleasure product you have been looking for. Designed for comfort, built for pleasure, and delivered discreetly to your door across Denmark.","rel":"","context":"Liknande inl\u00e4gg","block_context":{"text":"Liknande inl\u00e4gg","link":""},"img":{"alt_text":"","src":"https:\/\/i0.wp.com\/sayoh.com\/wp-content\/uploads\/2026\/03\/img_173878_90bc2830e867e850844d2a8a9aff9546_1.jpg?fit=800%2C800&ssl=1&resize=350%2C200","width":350,"height":200,"srcset":"https:\/\/i0.wp.com\/sayoh.com\/wp-content\/uploads\/2026\/03\/img_173878_90bc2830e867e850844d2a8a9aff9546_1.jpg?fit=800%2C800&ssl=1&resize=350%2C200 1x, https:\/\/i0.wp.com\/sayoh.com\/wp-content\/uploads\/2026\/03\/img_173878_90bc2830e867e850844d2a8a9aff9546_1.jpg?fit=800%2C800&ssl=1&resize=525%2C300 1.5x, https:\/\/i0.wp.com\/sayoh.com\/wp-content\/uploads\/2026\/03\/img_173878_90bc2830e867e850844d2a8a9aff9546_1.jpg?fit=800%2C800&ssl=1&resize=700%2C400 2x"},"classes":[]},{"id":36286,"url":"https:\/\/sayoh.com\/sv\/produkt\/eros-yummy-spray-corporal-sweet-and-salty-50-ml\/","url_meta":{"origin":36289,"position":2},"title":"EROS &#8211; YUMMY SPRAY CORPORAL SWEET AND SALTY 50 ML","author":"Admin","date":"mars 16, 2026","format":false,"excerpt":"The EROS - YUMMY SPRAY CORPORAL SWEET AND SALTY 50 ML from EROS CLASSIC LINE is the pleasure product you have been looking for. Designed for comfort, built for pleasure, and delivered discreetly to your door across Denmark.","rel":"","context":"Liknande inl\u00e4gg","block_context":{"text":"Liknande inl\u00e4gg","link":""},"img":{"alt_text":"","src":"https:\/\/i0.wp.com\/sayoh.com\/wp-content\/uploads\/2026\/03\/img_173864_ac81aa6c5537b1bbcf1941db742933b5_1.jpg?fit=800%2C800&ssl=1&resize=350%2C200","width":350,"height":200,"srcset":"https:\/\/i0.wp.com\/sayoh.com\/wp-content\/uploads\/2026\/03\/img_173864_ac81aa6c5537b1bbcf1941db742933b5_1.jpg?fit=800%2C800&ssl=1&resize=350%2C200 1x, https:\/\/i0.wp.com\/sayoh.com\/wp-content\/uploads\/2026\/03\/img_173864_ac81aa6c5537b1bbcf1941db742933b5_1.jpg?fit=800%2C800&ssl=1&resize=525%2C300 1.5x, https:\/\/i0.wp.com\/sayoh.com\/wp-content\/uploads\/2026\/03\/img_173864_ac81aa6c5537b1bbcf1941db742933b5_1.jpg?fit=800%2C800&ssl=1&resize=700%2C400 2x"},"classes":[]},{"id":36290,"url":"https:\/\/sayoh.com\/sv\/produkt\/eros-yummy-spray-corporal-sip-and-spritz-50-ml\/","url_meta":{"origin":36289,"position":3},"title":"EROS &#8211; YUMMY SPRAY CORPORAL SIP AND SPRITZ 50 ML","author":"Admin","date":"mars 16, 2026","format":false,"excerpt":"Discover the EROS - YUMMY SPRAY CORPORAL SIP AND SPRITZ 50 ML by EROS CLASSIC LINE. This thoughtfully crafted pleasure product is designed to hit every right note, whether you are exploring solo or with a partner. Premium quality, discreet delivery.","rel":"","context":"Liknande inl\u00e4gg","block_context":{"text":"Liknande inl\u00e4gg","link":""},"img":{"alt_text":"","src":"https:\/\/i0.wp.com\/sayoh.com\/wp-content\/uploads\/2026\/03\/img_173866_875345f87db439a5f4aac02a40ad6cba_1.jpg?fit=800%2C800&ssl=1&resize=350%2C200","width":350,"height":200,"srcset":"https:\/\/i0.wp.com\/sayoh.com\/wp-content\/uploads\/2026\/03\/img_173866_875345f87db439a5f4aac02a40ad6cba_1.jpg?fit=800%2C800&ssl=1&resize=350%2C200 1x, https:\/\/i0.wp.com\/sayoh.com\/wp-content\/uploads\/2026\/03\/img_173866_875345f87db439a5f4aac02a40ad6cba_1.jpg?fit=800%2C800&ssl=1&resize=525%2C300 1.5x, https:\/\/i0.wp.com\/sayoh.com\/wp-content\/uploads\/2026\/03\/img_173866_875345f87db439a5f4aac02a40ad6cba_1.jpg?fit=800%2C800&ssl=1&resize=700%2C400 2x"},"classes":[]},{"id":36292,"url":"https:\/\/sayoh.com\/sv\/produkt\/eros-yummy-spray-corporal-cherry-mint-breeze-50-ml\/","url_meta":{"origin":36289,"position":4},"title":"EROS &#8211; YUMMY SPRAY CORPORAL CHERRY MINT BREEZE 50 ML","author":"Admin","date":"mars 16, 2026","format":false,"excerpt":"The EROS - YUMMY SPRAY CORPORAL CHERRY MINT BREEZE 50 ML by EROS CLASSIC LINE delivers exactly what you need \u2014 intense, reliable pleasure in a beautifully designed package. This premium pleasure product is perfect for anyone who refuses to settle for less.","rel":"","context":"Liknande inl\u00e4gg","block_context":{"text":"Liknande inl\u00e4gg","link":""},"img":{"alt_text":"","src":"https:\/\/i0.wp.com\/sayoh.com\/wp-content\/uploads\/2026\/03\/img_173869_872645d9af71569118b5bbd493869879_1.jpg?fit=800%2C800&ssl=1&resize=350%2C200","width":350,"height":200,"srcset":"https:\/\/i0.wp.com\/sayoh.com\/wp-content\/uploads\/2026\/03\/img_173869_872645d9af71569118b5bbd493869879_1.jpg?fit=800%2C800&ssl=1&resize=350%2C200 1x, https:\/\/i0.wp.com\/sayoh.com\/wp-content\/uploads\/2026\/03\/img_173869_872645d9af71569118b5bbd493869879_1.jpg?fit=800%2C800&ssl=1&resize=525%2C300 1.5x, https:\/\/i0.wp.com\/sayoh.com\/wp-content\/uploads\/2026\/03\/img_173869_872645d9af71569118b5bbd493869879_1.jpg?fit=800%2C800&ssl=1&resize=700%2C400 2x"},"classes":[]},{"id":36296,"url":"https:\/\/sayoh.com\/sv\/produkt\/eros-yummy-spray-corporal-strawberry-vainilla-swirl-50-ml\/","url_meta":{"origin":36289,"position":5},"title":"EROS &#8211; YUMMY SPRAY CORPORAL STRAWBERRY VAINILLA SWIRL 50 ML","author":"Admin","date":"mars 16, 2026","format":false,"excerpt":"Discover the EROS - YUMMY SPRAY CORPORAL STRAWBERRY VAINILLA SWIRL 50 ML by EROS CLASSIC LINE. This thoughtfully crafted pleasure product is designed to hit every right note, whether you are exploring solo or with a partner. Premium quality, discreet delivery.","rel":"","context":"Liknande inl\u00e4gg","block_context":{"text":"Liknande inl\u00e4gg","link":""},"img":{"alt_text":"","src":"https:\/\/i0.wp.com\/sayoh.com\/wp-content\/uploads\/2026\/03\/img_173872_9741e9acc50e4b1b020b26669f97ea49_1.jpg?fit=800%2C800&ssl=1&resize=350%2C200","width":350,"height":200,"srcset":"https:\/\/i0.wp.com\/sayoh.com\/wp-content\/uploads\/2026\/03\/img_173872_9741e9acc50e4b1b020b26669f97ea49_1.jpg?fit=800%2C800&ssl=1&resize=350%2C200 1x, https:\/\/i0.wp.com\/sayoh.com\/wp-content\/uploads\/2026\/03\/img_173872_9741e9acc50e4b1b020b26669f97ea49_1.jpg?fit=800%2C800&ssl=1&resize=525%2C300 1.5x, https:\/\/i0.wp.com\/sayoh.com\/wp-content\/uploads\/2026\/03\/img_173872_9741e9acc50e4b1b020b26669f97ea49_1.jpg?fit=800%2C800&ssl=1&resize=700%2C400 2x"},"classes":[]}],"_links":{"self":[{"href":"https:\/\/sayoh.com\/sv\/wp-json\/wp\/v2\/product\/36289","targetHints":{"allow":["GET"]}}],"collection":[{"href":"https:\/\/sayoh.com\/sv\/wp-json\/wp\/v2\/product"}],"about":[{"href":"https:\/\/sayoh.com\/sv\/wp-json\/wp\/v2\/types\/product"}],"replies":[{"embeddable":true,"href":"https:\/\/sayoh.com\/sv\/wp-json\/wp\/v2\/comments?post=36289"}],"version-history":[{"count":0,"href":"https:\/\/sayoh.com\/sv\/wp-json\/wp\/v2\/product\/36289\/revisions"}],"wp:featuredmedia":[{"embeddable":true,"href":"https:\/\/sayoh.com\/sv\/wp-json\/wp\/v2\/media\/36287"}],"wp:attachment":[{"href":"https:\/\/sayoh.com\/sv\/wp-json\/wp\/v2\/media?parent=36289"}],"wp:term":[{"taxonomy":"product_brand","embeddable":true,"href":"https:\/\/sayoh.com\/sv\/wp-json\/wp\/v2\/product_brand?post=36289"},{"taxonomy":"product_cat","embeddable":true,"href":"https:\/\/sayoh.com\/sv\/wp-json\/wp\/v2\/product_cat?post=36289"},{"taxonomy":"product_tag","embeddable":true,"href":"https:\/\/sayoh.com\/sv\/wp-json\/wp\/v2\/product_tag?post=36289"}],"curies":[{"name":"wp","href":"https:\/\/api.w.org\/{rel}","templated":true}]}}